{"id":4421,"date":"2020-04-23T13:10:23","date_gmt":"2020-04-23T13:10:23","guid":{"rendered":"https:\/\/multihoster.org\/vidto\/"},"modified":"2020-04-23T14:46:59","modified_gmt":"2020-04-23T14:46:59","slug":"vidto","status":"publish","type":"page","link":"https:\/\/multihoster.org\/de\/vidto\/","title":{"rendered":"Vidto Premium Konto: Der beste Standort f\u00fcr Streaming-Dienste"},"content":{"rendered":"<a class=\"maxbutton-2 maxbutton maxbutton-cta\" target=\"_blank\" rel=\"nofollow noopener\" href=\"\/go\/\"><span class='mb-text'>&gt;&gt; Gehen Sie zur Original Linkifier Website<\/span><\/a>\n\n\n<p><\/p>\n\n\n\n<h2>Was ist Vidto?<\/h2>\n\n\n\n<p>Vidto ist einer der besten Standorte f\u00fcr Streaming-Dienste. Menschen k\u00f6nnen ihre Website zum Streaming von Videos wie Dokumentarfilmen, Zeichentrickfilmen oder Anime, Filmen, Filmen, Shows und anderen Videogenres nutzen. Die Vidto-Site ist auf jedem Ger\u00e4t mit einer Internetverbindung zug\u00e4nglich. Die Benutzer k\u00f6nnen auf ihre Website \u00fcber die Webbrowser zugreifen, um das Streaming zu starten.<\/p>\n\n\n\n<h2>Vidto Premium Konto<\/h2>\n\n\n\n<p>Die Vorteile eines Vidto Premium Konto<\/p>\n\n\n\n<ul><li>Die Benutzer k\u00f6nnen ohne Wartezeit alle Videos von der Vidto-Website herunterladen.<\/li><li>Die Benutzer werden eine sehr hohe Geschwindigkeit beim Herunterladen von Videos und beim Streaming von Videos \u00fcber das Vidto Premium-Konto erleben.<\/li><li>Es gibt keine Werbung auf den Webseiten der Website von Vidto.<\/li><li>ie Benutzer werden eine sehr hohe Streaming-Geschwindigkeit f\u00fcr die Videos erleben.<\/li><li>Die Benutzer k\u00f6nnen verschiedene Download-Manager verwenden oder Software oder Download-Sites herunterladen, wenn sie Videos von der Vidto-Website herunterladen m\u00f6chten.<\/li><li>ie Benutzer k\u00f6nnen beliebige Videos mit hoher Aufl\u00f6sung oder hoher Qualit\u00e4t streamen.<\/li><li>Die Benutzer k\u00f6nnen Videos im Online- und Offline-Modus abspielen oder streamen.<\/li><li>Die Benutzer k\u00f6nnen Videos im Offline-Modus speichern.<\/li><\/ul>\n\n\n\n<h2>Vidto: Herunterladen von Videos<\/h2>\n\n\n\n<p>Einige Dinge, die Benutzer \u00fcber das Herunterladen von Videos auf Vidto wissen m\u00fcssen:<\/p>\n\n\n\n<p><strong>F1: Was m\u00fcssen BenutzerInnen tun, wenn sie keine Videos von der Vidto-Website herunterladen k\u00f6nnen?<\/strong><\/p>\n\n\n\n<p>A1: Wenn Benutzer keine Videos von der Website von Vidto herunterladen k\u00f6nnen, k\u00f6nnen sie jede Software oder jede Anwendung f\u00fcr Video- oder Bildschirmaufnahmen verwenden, um das Video mit Ton aufzunehmen, den die Benutzer auf ihrem Bildschirm ben\u00f6tigen. Dies wurde von ihnen auch als &#8222;Raw Recording&#8220;-Methode bezeichnet.<\/p>\n\n\n\n<p><strong>F2: K\u00f6nnen Benutzer die Videos, die sie von der Website von Vidto heruntergeladen haben, \u00f6ffnen und auf ihren Ger\u00e4ten abspielen?<\/strong><\/p>\n\n\n\n<p>A2: Ja, wenn die Benutzer die Videos mit einem Downloader auf ihren Ger\u00e4ten heruntergeladen haben, konvertiert dieser normalerweise automatisch die Videodatei in einen mp4-Videotyp, so dass sie die Videos, die sie von der Vidto-Website heruntergeladen haben, \u00f6ffnen und abspielen k\u00f6nnen. <\/p>\n\n\n\n<p><strong>F3: K\u00f6nnen Benutzer die Videos, die sie von der Vidto-Website heruntergeladen haben, mit anderen Personen teilen?<\/strong><\/p>\n\n\n\n<p>A3: Nachdem die Nutzer Videos von der Website von Vidto heruntergeladen haben, k\u00f6nnen sie diese Videos nur f\u00fcr den pers\u00f6nlichen Gebrauch verwenden, aber sie k\u00f6nnen sie nicht in sozialen Medien weitergeben oder an andere Personen senden, die das Freigabetool oder die App auf ihren Ger\u00e4ten verwenden. <\/p>\n\n\n\n<p><strong>F4: K\u00f6nnen Benutzer das Video in andere Videoformate konvertieren, nachdem sie es von der Vidto-Website heruntergeladen haben?<\/strong><\/p>\n\n\n\n<p>A4: Ja, die Benutzer k\u00f6nnen das Video in andere gew\u00fcnschte Videoformate konvertieren, die sie von der Seite von Vidto heruntergeladen haben.<\/p>\n\n\n\n<p><strong>F5: Ist das Herunterladen von Videos von der Website von Vidto legal oder nicht?<\/strong><\/p>\n\n\n\n<p>A5: Ja, es ist sicher und legal, Videos von der Website von Vidto herunterzuladen, aber es h\u00e4ngt von deren Bedingungen und Konditionen ab, da es Videos mit Urheberrechten gibt, so dass die Nutzer zun\u00e4chst die Erlaubnis des Eigent\u00fcmers des Videos einholen m\u00fcssen.<\/p>\n\n\n\n<h3>Was ist zu beachten, wenn Benutzer nach einem Video-Downloader suchen?<\/h3>\n\n\n\n<p>Wenn die Benutzer nach einem Video-Downloader suchen, sollten sie diese Dinge unten beachten.  <\/p>\n\n\n\n<ul><li>Die Benutzer m\u00fcssen pr\u00fcfen, ob die grafische Benutzeroberfl\u00e4che oder das GUI der Software oder der Website oder der Anwendung klar, einfach und benutzerfreundlich ist.<\/li><li>Enth\u00e4lt der Video-Downloader nur eine Funktion oder viele Funktionen?<\/li><li>Die Benutzer m\u00fcssen pr\u00fcfen, ob der Video-Downloader eine Funktion f\u00fcr die Konvertierung von heruntergeladenen Videos in verschiedene Videotypen oder -formate enth\u00e4lt.<\/li><\/ul>\n\n\n\n<h3>Herunterladen von Videos von Vidto mit Mobiltelefonen<\/h3>\n\n\n\n<p>Es gibt Benutzer, die Videos mit ihrem Mobiltelefon herunterladen m\u00f6chten. Mit Vidto k\u00f6nnen sie also ihr Mobiltelefon benutzen und einen Video-Downloader herunterladen, mit dem sie Videos direkt von Vidto herunterladen k\u00f6nnen. Sie k\u00f6nnen den Google Play Store oder App Store verwenden, um nach einem Video-Downloader zu suchen.<\/p>\n\n\n\n<h2>Vidto: Abonnement<\/h2>\n\n\n\n<p>Um die Videos herunterzuladen, k\u00f6nnen die Benutzer Vidto abonnieren. Nachdem die Benutzer ein Abonnement erhalten haben, d\u00fcrfen sie beliebige Videos speichern, damit sie diese im Offline-Modus abspielen k\u00f6nnen. Auf jeden Fall ist es eine gute Entscheidung, ein Abonnement abzuschlie\u00dfen.<\/p>\n\n\n<a class=\"maxbutton-2 maxbutton maxbutton-cta\" target=\"_blank\" rel=\"nofollow noopener\" href=\"\/go\/\"><span class='mb-text'>&gt;&gt; Gehen Sie zur Original Linkifier Website<\/span><\/a>\n\n\n<h2>Vidto: Zugriff auf die Website<\/h2>\n\n\n\n<h3>Was ist zu tun, wenn die Website von Vidto auf der Benutzerseite nicht erreichbar ist?<\/h3>\n\n\n\n<p>Wenn Benutzer versuchen, auf die Website von Vidto zuzugreifen, dies jedoch geschieht und scheinbar nicht m\u00f6glich ist, m\u00fcssen sie versuchen, die sechs (6) unten aufgef\u00fchrten M\u00f6glichkeiten zur Fehlerbehebung zu nutzen.<\/p>\n\n\n\n<p>1 Weg \u2192 Die Benutzer sollten versuchen, ihren Webbrowser durch gleichzeitiges Dr\u00fccken der Tasten STRG + F5 zu aktualisieren, oder sie k\u00f6nnen einfach die Taste F5 dr\u00fccken. Wenn das Problem immer noch nicht gel\u00f6st ist, dann gehen Sie bitte zum 2.<\/p>\n\n\n\n<p>2 Weg \u2192 Die Benutzer sollten ihre Internetverbindung \u00fcberpr\u00fcfen. Sie sollten ihr Modem oder ihren Router ausschalten und ihre Ger\u00e4te neu starten. Nach dem Neustart sollten sie ihr Ger\u00e4t (Modem oder Router) wieder einschalten. L\u00f6schen Sie die Cookies und Caches. Wenn das Problem immer noch nicht gel\u00f6st ist, dann gehen Sie bitte zum 3.<\/p>\n\n\n\n<p>3 Weg \u2192 Die Benutzer m\u00fcssen die Einstellungen der Firewall ihrer Ger\u00e4te \u00fcberpr\u00fcfen, da dies einer der Gr\u00fcnde daf\u00fcr sein kann, dass die Website von Vidto nicht richtig aufgerufen werden kann. Sie k\u00f6nnen die Antiviren- oder Firewalls vor\u00fcbergehend deaktivieren. Wenn also nach der Deaktivierung der Antiviren- oder Firewall-Software jetzt auf die Vidto-Site zugegriffen werden kann, bedeutet dies, dass die Software des Ger\u00e4ts des Benutzers das Problem verursacht. Wenn das Problem immer noch nicht gel\u00f6st ist, dann gehen Sie bitte zum 4.<\/p>\n\n\n\n<p>4 Weg \u2192 Die Benutzer m\u00fcssen die Proxy-Einstellungen ihres Netzwerks \u00fcberpr\u00fcfen, dann k\u00f6nnen sie den Proxy-Server auf automatisch einstellen oder sie k\u00f6nnen sich an ihren Netzwerkadministrator wenden, um sicherzugehen, dass der eingestellte Proxy-Server funktioniert. Wenn das Problem immer noch nicht gel\u00f6st ist, dann fahren Sie bitte mit dem 5.<\/p>\n\n\n\n<p>5 Weg \u2192 Die Benutzer sollten ihre Netzwerkeinstellungen \u00fcberpr\u00fcfen und versuchen, die Seite von Vidto in die vertrauensw\u00fcrdigen Seiten des Webbrowsers einzuf\u00fcgen. Wenn das Problem immer noch nicht gel\u00f6st ist, dann gehen Sie bitte zum 6.<\/p>\n\n\n\n<p>6 Weg \u2192 Wenn das Problem immer noch besteht, dann k\u00f6nnte das Domain Name System oder DNS die Ursache daf\u00fcr sein. Hierbei handelt es sich um einen Dienst, der den Dom\u00e4nennamen von Vidto in ein Internetprotokoll- oder IP-Adressenformat \u00fcbersetzt, das ein Computer verstehen kann. Die Benutzer k\u00f6nnen das DNS l\u00f6schen oder leeren, indem sie diesen Befehl &#8222;ipconfig \/flushdns&#8220; an der Eingabeaufforderung ihres Ger\u00e4tes eingeben, unabh\u00e4ngig davon, ob es sich um Windows, MAC OS oder Linux handelt. Wenn es immer noch nicht funktioniert, k\u00f6nnen sie sich an den Internet Service Provider oder ISP wenden, der f\u00fcr die Verwaltung des DNS verantwortlich ist.<\/p>\n\n\n\n<h3>Was tun, wenn es ein Problem mit der Website von Vidto gibt?<\/h3>\n\n\n\n<p>Wenn Benutzer versuchen, auf Vidto zuzugreifen, die Website aber aufgrund ihres Servers ein Problem hat, m\u00fcssen sie versuchen, die beiden (2) unten aufgef\u00fchrten M\u00f6glichkeiten zu nutzen.<\/p>\n\n\n\n<ol><li>Die Benutzer k\u00f6nnen versuchen, die Site zu aktualisieren oder den Dienst des DNS-Clients neu zu starten.<\/li><li>Die Benutzer k\u00f6nnen warten, bis die Website von Vidto wieder betriebsbereit ist.<\/li><li>Die Benutzer k\u00f6nnen ihre Fragen oder Bedenken in ihrem Social Media-Konto auf Facebook oder Twitter einreichen.<\/li><\/ol>\n\n\n\n<h2>Vidto: Streaming videos<\/h2>\n\n\n\n<p><strong>Also, was bedeutet Streaming?<\/strong><\/p>\n\n\n\n<p>Beim Streaming handelt es sich um die kontinuierliche \u00dcbertragung der Daten einer Datei oder mehrerer Dateien einschlie\u00dflich der Audios oder Sounds und Videos von einem Server zu einem bestimmten Client. Ein einfaches Beispiel daf\u00fcr ist, wenn Menschen mit ihren an das Internet angeschlossenen Ger\u00e4ten beliebige Fernsehsendungen anschauen oder Podcasts oder Musik h\u00f6ren. Diese Aktionen sind nicht so, wie wenn Benutzer eine oder mehrere Dateien herunterladen und sp\u00e4ter darauf zugreifen, da diese Aktionen in Echtzeit oder in Echtzeit durchgef\u00fchrt werden. Beim Streaming wird die Videodatei, die auf das Ger\u00e4t des Benutzers gestreamt wird, ferngesteuert gespeichert und \u00fcber das Netzwerk \u00fcbertragen.<\/p>\n\n\n\n<p>Beim Streaming k\u00f6nnen die Benutzer mit Hilfe des Webbrowsers oder eines Plug-ins bzw. einer Erweiterung oder einer App mit der Wiedergabe des Videos beginnen, bevor die gesamten Daten des Videos mit Hilfe des Internets \u00fcbertragen wurden.<\/p>\n\n\n\n<figure class=\"wp-block-table\"><table class=\"\"><tbody><tr><td class=\"has-text-align-center\" data-align=\"center\"><strong>Die Faktoren, die das Streaming beeinflussen k\u00f6nnen<\/strong><\/td><\/tr><\/tbody><\/table><\/figure>\n\n\n\n<figure class=\"wp-block-table\"><table class=\"\"><tbody><tr><td>Die Netzwerkseite<\/td><td>Die Benutzerseite<\/td><\/tr><tr><td>F\u00fcr die Latenzzeit des Netzwerks. \u2192. Es gibt verschiedene Faktoren, die sich auf die Latenz auswirken oder beeinflussen, darunter der Ort des Inhalts, an dem die Benutzer versuchen, auf die dort gespeicherten Dateien zuzugreifen.<\/td><td>F\u00fcr die Probleme in Wireless Fidelity oder WiFi. \u2192 Wenn die Benutzer das Modem oder den Router neu starten, oder wenn es \u00c4nderungen im Ethernet gibt, kann es helfen, die Leistung des Streaming zu verbessern oder zu erh\u00f6hen.<\/td><\/tr><tr><td>Bei Netzengp\u00e4ssen. \u2192 Es geht darum, wann es viele Daten gibt, die \u00fcber das Netzwerk gesendet werden. Dies kann zu einer Herabstufung oder Verringerung der Leistung des Streaming f\u00fchren.<\/td><td>F\u00fcr die Ger\u00e4te der Benutzer, die eine langsame Leistung haben. \u2192 Bei der Wiedergabe von Videos sollte ein Ger\u00e4t \u00fcber eine ausreichende oder gro\u00dfe Kapazit\u00e4t an Rechenleistung verf\u00fcgen, denn wenn die Benutzer ein Video streamen und andere Anwendungen im Hintergrund laufen, wirkt sich das auf die Streaming-Leistung aus. Der Stream wird auch langsam sein.<\/td><\/tr><tr><td><br><\/td><td>F\u00fcr den Betrag der Bandbreite. \u2192 Normalerweise ben\u00f6tigt ein Heimnetzwerk eine Bandbreite von etwa vier Megabyte pro Sekunde (4 Mbps), um ein Video in guter Qualit\u00e4t abzuspielen, aber f\u00fcr die hochaufl\u00f6senden Videos ben\u00f6tigt das Heimnetzwerk mehr als nur vier Megabyte pro Sekunde (4 Mbps).<\/td><\/tr><\/tbody><\/table><\/figure>\n\n\n<a class=\"maxbutton-2 maxbutton maxbutton-cta\" target=\"_blank\" rel=\"nofollow noopener\" href=\"\/go\/\"><span class='mb-text'>&gt;&gt; Gehen Sie zur Original Linkifier Website<\/span><\/a>","protected":false},"excerpt":{"rendered":"<p>Was ist Vidto? Vidto ist einer der besten Standorte f\u00fcr Streaming-Dienste. Menschen k\u00f6nnen ihre Website zum Streaming von Videos wie<\/p>\n","protected":false},"author":2,"featured_media":0,"parent":0,"menu_order":0,"comment_status":"closed","ping_status":"closed","template":"","meta":[],"yoast_head":"<!-- This site is optimized with the Yoast SEO plugin v18.3 - https:\/\/yoast.com\/wordpress\/plugins\/seo\/ -->\n<title>Vidto Premium Konto \u2013 Der beste Standort f\u00fcr Streaming-Dienste<\/title>\n<meta name=\"description\" content=\"Ist Vidto ein seri\u00f6ser Anbieter oder nicht, finden Sie die Antwort im aktuellen Test auf Multihoster.org \u279c Klicken Sie jetzt \u271a und lesen Sie unsere Erfahrungen!\" \/>\n<meta name=\"robots\" content=\"index, follow, max-snippet:-1, max-image-preview:large, max-video-preview:-1\" \/>\n<link rel=\"canonical\" href=\"https:\/\/multihoster.org\/de\/vidto\/\" \/>\n<meta property=\"og:locale\" content=\"de_DE\" \/>\n<meta property=\"og:type\" content=\"article\" \/>\n<meta property=\"og:title\" content=\"Vidto Premium Konto \u2013 Der beste Standort f\u00fcr Streaming-Dienste\" \/>\n<meta property=\"og:description\" content=\"Ist Vidto ein seri\u00f6ser Anbieter oder nicht, finden Sie die Antwort im aktuellen Test auf Multihoster.org \u279c Klicken Sie jetzt \u271a und lesen Sie unsere Erfahrungen!\" \/>\n<meta property=\"og:url\" content=\"https:\/\/multihoster.org\/de\/vidto\/\" \/>\n<meta property=\"og:site_name\" content=\"Multihoster.org\" \/>\n<meta property=\"article:modified_time\" content=\"2020-04-23T14:46:59+00:00\" \/>\n<meta name=\"twitter:card\" content=\"summary\" \/>\n<meta name=\"twitter:label1\" content=\"Gesch\u00e4tzte Lesezeit\" \/>\n\t<meta name=\"twitter:data1\" content=\"8\u00a0Minuten\" \/>\n<script type=\"application\/ld+json\" class=\"yoast-schema-graph\">{\"@context\":\"https:\/\/schema.org\",\"@graph\":[{\"@type\":\"WebSite\",\"@id\":\"https:\/\/multihoster.org\/#website\",\"url\":\"https:\/\/multihoster.org\/\",\"name\":\"Multihoster.org\",\"description\":\"Reviews of the major Filehosting services\",\"potentialAction\":[{\"@type\":\"SearchAction\",\"target\":{\"@type\":\"EntryPoint\",\"urlTemplate\":\"https:\/\/multihoster.org\/?s={search_term_string}\"},\"query-input\":\"required name=search_term_string\"}],\"inLanguage\":\"de\"},{\"@type\":\"WebPage\",\"@id\":\"https:\/\/multihoster.org\/de\/vidto\/#webpage\",\"url\":\"https:\/\/multihoster.org\/de\/vidto\/\",\"name\":\"Vidto Premium Konto \u2013 Der beste Standort f\u00fcr Streaming-Dienste\",\"isPartOf\":{\"@id\":\"https:\/\/multihoster.org\/#website\"},\"datePublished\":\"2020-04-23T13:10:23+00:00\",\"dateModified\":\"2020-04-23T14:46:59+00:00\",\"description\":\"Ist Vidto ein seri\u00f6ser Anbieter oder nicht, finden Sie die Antwort im aktuellen Test auf Multihoster.org \u279c Klicken Sie jetzt \u271a und lesen Sie unsere Erfahrungen!\",\"breadcrumb\":{\"@id\":\"https:\/\/multihoster.org\/de\/vidto\/#breadcrumb\"},\"inLanguage\":\"de\",\"potentialAction\":[{\"@type\":\"ReadAction\",\"target\":[\"https:\/\/multihoster.org\/de\/vidto\/\"]}]},{\"@type\":\"BreadcrumbList\",\"@id\":\"https:\/\/multihoster.org\/de\/vidto\/#breadcrumb\",\"itemListElement\":[{\"@type\":\"ListItem\",\"position\":1,\"name\":\"Startseite\",\"item\":\"https:\/\/multihoster.org\/de\/\"},{\"@type\":\"ListItem\",\"position\":2,\"name\":\"Vidto Premium Konto: Der beste Standort f\u00fcr Streaming-Dienste\"}]}]}<\/script>\n<!-- \/ Yoast SEO plugin. -->","yoast_head_json":{"title":"Vidto Premium Konto \u2013 Der beste Standort f\u00fcr Streaming-Dienste","description":"Ist Vidto ein seri\u00f6ser Anbieter oder nicht, finden Sie die Antwort im aktuellen Test auf Multihoster.org \u279c Klicken Sie jetzt \u271a und lesen Sie unsere Erfahrungen!","robots":{"index":"index","follow":"follow","max-snippet":"max-snippet:-1","max-image-preview":"max-image-preview:large","max-video-preview":"max-video-preview:-1"},"canonical":"https:\/\/multihoster.org\/de\/vidto\/","og_locale":"de_DE","og_type":"article","og_title":"Vidto Premium Konto \u2013 Der beste Standort f\u00fcr Streaming-Dienste","og_description":"Ist Vidto ein seri\u00f6ser Anbieter oder nicht, finden Sie die Antwort im aktuellen Test auf Multihoster.org \u279c Klicken Sie jetzt \u271a und lesen Sie unsere Erfahrungen!","og_url":"https:\/\/multihoster.org\/de\/vidto\/","og_site_name":"Multihoster.org","article_modified_time":"2020-04-23T14:46:59+00:00","twitter_card":"summary","twitter_misc":{"Gesch\u00e4tzte Lesezeit":"8\u00a0Minuten"},"schema":{"@context":"https:\/\/schema.org","@graph":[{"@type":"WebSite","@id":"https:\/\/multihoster.org\/#website","url":"https:\/\/multihoster.org\/","name":"Multihoster.org","description":"Reviews of the major Filehosting services","potentialAction":[{"@type":"SearchAction","target":{"@type":"EntryPoint","urlTemplate":"https:\/\/multihoster.org\/?s={search_term_string}"},"query-input":"required name=search_term_string"}],"inLanguage":"de"},{"@type":"WebPage","@id":"https:\/\/multihoster.org\/de\/vidto\/#webpage","url":"https:\/\/multihoster.org\/de\/vidto\/","name":"Vidto Premium Konto \u2013 Der beste Standort f\u00fcr Streaming-Dienste","isPartOf":{"@id":"https:\/\/multihoster.org\/#website"},"datePublished":"2020-04-23T13:10:23+00:00","dateModified":"2020-04-23T14:46:59+00:00","description":"Ist Vidto ein seri\u00f6ser Anbieter oder nicht, finden Sie die Antwort im aktuellen Test auf Multihoster.org \u279c Klicken Sie jetzt \u271a und lesen Sie unsere Erfahrungen!","breadcrumb":{"@id":"https:\/\/multihoster.org\/de\/vidto\/#breadcrumb"},"inLanguage":"de","potentialAction":[{"@type":"ReadAction","target":["https:\/\/multihoster.org\/de\/vidto\/"]}]},{"@type":"BreadcrumbList","@id":"https:\/\/multihoster.org\/de\/vidto\/#breadcrumb","itemListElement":[{"@type":"ListItem","position":1,"name":"Startseite","item":"https:\/\/multihoster.org\/de\/"},{"@type":"ListItem","position":2,"name":"Vidto Premium Konto: Der beste Standort f\u00fcr Streaming-Dienste"}]}]}},"_links":{"self":[{"href":"https:\/\/multihoster.org\/de\/wp-json\/wp\/v2\/pages\/4421"}],"collection":[{"href":"https:\/\/multihoster.org\/de\/wp-json\/wp\/v2\/pages"}],"about":[{"href":"https:\/\/multihoster.org\/de\/wp-json\/wp\/v2\/types\/page"}],"author":[{"embeddable":true,"href":"https:\/\/multihoster.org\/de\/wp-json\/wp\/v2\/users\/2"}],"replies":[{"embeddable":true,"href":"https:\/\/multihoster.org\/de\/wp-json\/wp\/v2\/comments?post=4421"}],"version-history":[{"count":4,"href":"https:\/\/multihoster.org\/de\/wp-json\/wp\/v2\/pages\/4421\/revisions"}],"predecessor-version":[{"id":4462,"href":"https:\/\/multihoster.org\/de\/wp-json\/wp\/v2\/pages\/4421\/revisions\/4462"}],"wp:attachment":[{"href":"https:\/\/multihoster.org\/de\/wp-json\/wp\/v2\/media?parent=4421"}],"curies":[{"name":"wp","href":"https:\/\/api.w.org\/{rel}","templated":true}]}}