{"id":4966,"date":"2020-07-01T14:33:40","date_gmt":"2020-07-01T14:33:40","guid":{"rendered":"https:\/\/multihoster.org\/?page_id=4966"},"modified":"2020-07-02T15:39:34","modified_gmt":"2020-07-02T15:39:34","slug":"bigrock","status":"publish","type":"page","link":"https:\/\/multihoster.org\/de\/bigrock\/","title":{"rendered":"BigRock Web-Hosting: Hat es ein felsenfestes Fundament?"},"content":{"rendered":"\n<p>BigRock ist ein f\u00fchrender Anbieter von Website-Hosting f\u00fcr Unternehmen, Fachleute und Privatpersonen auf der ganzen Welt. Es begann in dem Land Indien, expandierte dann und wurde Teil eines Unternehmens namens Endurance International Group (EIG), das uns Web-Tools zur Verf\u00fcgung stellt, die f\u00fcr die Komplexit\u00e4t auf dem Markt ben\u00f6tigt werden. Die Preise sind ideal f\u00fcr kleine Unternehmen, was uns zu einem der wenigen kosteng\u00fcnstigen Website-Hosts macht, die zur Verf\u00fcgung stehen. Diese Produktplattform investiert in technologische Forschung und Entwicklung und ist in dieser Branche seit \u00fcber 10 Jahren mit Kunden auf der ganzen Welt mit \u00fcber 6 Millionen Domains vertreten.<\/p>\n\n\n<a class=\"maxbutton-4 maxbutton maxbutton-cta\" target=\"_blank\" rel=\"nofollow noopener\" href=\"\/go\/\"><span class='mb-text'>Webhosting<\/span><\/a>\n\n\n<p><\/p>\n\n\n\n<h2><strong>BigRock und seine Merkmale<\/strong><\/h2>\n\n\n\n<ul><li>Effektive L\u00f6sungen f\u00fcr Web-Pr\u00e4senzen.<\/li><li>DIY Website Builder, mit dem Sie kostenlose Vorlagen f\u00fcr die Gestaltung Ihrer Website erhalten.<\/li><li>Zus\u00e4tzliche Aufnahme von Produkten: SSH-Zugang, 99,99%ige Bigrock-Betriebszeitgarantie, Python, leistungsstarkes Linux-Hosting, Evenodd, CS-Cart, Umschaltnavigation, gro\u00dfe Bandbreite und Speicherplatz, Suchmaschine f\u00fcr Domainnamen, Serverstandort, Benutzeroberfl\u00e4che, DNS-Verwaltung und mehr.<\/li><li>Registrierungstransfer-Addons verf\u00fcgbar.<\/li><li>Domainnamenanbieter und Experten.<\/li><li>Gro\u00dfartige Sicherheitstools: Big Rocks&#8216; Schutzverbindungen mit 1) SSL-Zertifikaten zur Aufbewahrung von Website-Informationen, pers\u00f6nlicher Identit\u00e4t wie Kreditkarteninformationen, 2) Sitelock zum Schutz der Seite vor Hackern, 3) RAID 10 zur Sicherung von Datenbanken. 4) Cloud-Sicherheit, die Ihre Website scannt, Malware und andere Probleme mit Schwachstellen behebt.<\/li><li>ICANN-akkreditiert.<\/li><li>Root-Zugriff.<\/li><li>Gef\u00e4hrdung durch Suchmaschinen.<\/li><li>30-Tage-Geld-zur\u00fcck-Garantie, um das System zuerst zu testen. (Hinweis: Nur einmalige R\u00fcckerstattung)<\/li><li>24\/7-Supportgruppen und ein engagiertes Support-Gastgeberteam, das sich mit Ihnen in Verbindung setzt, um per Telefonanruf, Support-Chat oder E-Mail Ma\u00dfnahmen zu ergreifen und Ihnen bei Ihren Problemen zu helfen. Sie k\u00f6nnen sich sogar mit Crystal Hesmer, der Gesch\u00e4ftsf\u00fchrerin, in Verbindung setzen.<\/li><\/ul>\n\n\n\n<h2>Domain-Dienstleistungen<\/h2>\n\n\n\n<ul><li>Domain-Suche<\/li><li>Domain-Registrierung<\/li><li>Domain-Transfer<\/li><\/ul>\n\n\n\n<p>Um die Nutzung des Webhosting-Plans zu regeln, m\u00fcssen Sie sich der Bedeutung der Domain-Registrierung bewusst sein. Wenn Sie bereits einen Domainnamen haben, k\u00f6nnen Sie diesen einfach auf uns \u00fcbertragen. Falls nicht, k\u00f6nnen Ihnen die Domainregistrierungsdienste des Unternehmens Listen mit der Verf\u00fcgbarkeit von ausgezeichneten Domainnamen geben, bei denen Sie einen Domainnamen registrieren k\u00f6nnen. Sie k\u00f6nnen nur einen Webhosting-E-Mail- oder Website-Builder-Plan pro Domainname erwerben. Wenn Sie zwei oder mehr davon f\u00fcr Ihren Browser ben\u00f6tigen, m\u00fcssen Sie einen weiteren Domainnamen von uns registrieren lassen. Die Preise h\u00e4ngen von den gew\u00fcnschten Domain-Endungen ab, z. B. .me zu $6,99, .us zu $8,1, .in zu $10,59 und .net zu $12,50, .biz zu $21,00, .press zu $72,37.<\/p>\n\n\n\n<p><strong>Andere in Bigrock verf\u00fcgbare Domainnamen-Erweiterungen:<\/strong><\/p>\n\n\n\n<p>.store .biz .website .net .place .solutions .host .session .way .life .news .claims .guide .reviews .expert .blog .directory .menu .events .london .review .city .sales .boats .fish .win .technology .management .nc .top .info .data .rest .enterprises .partners .media .club .asia .design church .limo .catering .finance .cafe .family .deals .tours .forsale .rehab .bargains .net.nz .dog .singles .buzz .plus .property .contractors .racing .vin .town .graphics .house .florist .democrat .furniture .software .works .vision .pub .computer .jobs .ventures .cricket .guru .blackfriday .fishing .creditcard .care .style .reisen .sarl .wiki .gallery .video .accountant .consulting .associates .center .zone .audio .guitars .dating .loans .vodka .lighting .studio .clothing .camp .football .viajes .download .farm .travel .toys .cab .surgery .pink .coffee .soccer .evenodd .cruises .equipment .gripe .construction .ooo .lease .men .cash .bar .restaurant .flights .education .hiphop .exchange .properties .gmbh .party .science .tattoo .network .fund .rodeo .rule .productions .watch .hockey .pics .cooking .bike .ninja .horse .clinic .supplies .voyage .careers .cleaning .schule .degree .diamonds .vacations .codes .estate .ink .industries .auction .fitness .delivery .engineering .plumbing .trade .rip .red .webcam .faith .healthcare .institute .boutique .coach .wine .vet .photo .capital .accountants .land .games .futbol .startups .ngo .gift .school .repair .dance .investments .memorial .coupons .report .actor .mortgage .golf .agency .pictures .cake .photography .holdings .tienda .theater .glass .loan .tennis .villas .parts .apartments .tokyo .salon .camera .tax .bid .condos .taxi .wtf .rentals .immobilien .diet .pizza .career .gifts .tips .engineer .jewelry .luxury .kitchen .university .bingo .recipes . academy .sale .convenience .ws .community .training .mba .shoes .builders .work .tv .link .photos .help .name<\/p>\n\n\n\n<h2>Arten von BigRock-Hostings<\/h2>\n\n\n\n<p>5 Arten von Webhosting-Angeboten sind die folgenden:<\/p>\n\n\n\n<h3>Gemeinsames Hosting<\/h3>\n\n\n\n<p>Dieser Plan arbeitet gemeinsam mit Content-Management-Systemen wie Drupal und Windows. Shared Hosting bietet Pl\u00e4ne, die Ihnen je nach Plan unbegrenzte Nutzung von Speicher, Mails, Bandbreite, cPanel-Control Panel oder Plesk-Control Panel und mehreren Websites erm\u00f6glichen.<\/p>\n\n\n\n<h3>Spezialisierte Unterbringung<\/h3>\n\n\n\n<p>Dieser Plan wird mit WordPress, CMS, Evenodd und E-Commerce geliefert.<\/p>\n\n\n\n<h3>Reseller Hosting<\/h3>\n\n\n\n<p>Dieses Reseller-Hosting erm\u00f6glicht es Ihnen, durch die Bereitstellung von Hosting-Diensten f\u00fcr andere einen Gewinn zu erzielen, w\u00e4hrend Sie die Server und Dienste von Bigrock nutzen. Es gibt vier Preisklassen mit einer Vielzahl von Optionen.<\/p>\n\n\n\n<h3>Cloud-Hosting<\/h3>\n\n\n\n<p>Hierbei handelt es sich um ein h\u00f6herwertigeres Hosting-Angebot, bei dem Sie Ihre eigenen dedizierten Ressourcen von einem Cloud-Server erhalten. Dies ist f\u00fcr eine kleine Plattform gedacht und verf\u00fcgt \u00fcber einen Internet-Beschleuniger.<\/p>\n\n\n\n<h3>VPS-Hosting<\/h3>\n\n\n\n<p>Dies ist mit einer bestimmten Menge an Plattenplatz und Bandbreite verbunden. Es umfasst Linux-Distributionen, automatisches Failover, Hochgeschwindigkeits-SSDs, DDoS-Schutz, halb verwaltete Dienste und mehr.<\/p>\n\n\n\n<h3>Web-Hosting-Dienste:<\/h3>\n\n\n\n<ul><li>Linux- und Windows-Hosting<\/li><li>WordPress- und CMS-Hosting<\/li><li>E-Commerce-Hosting, Reseller-Hosting mit Zencart<\/li><li>Joomla-Hosting<\/li><li>und mehr\u2026<\/li><\/ul>\n\n\n\n<p>(Dem Land angebotene Dienstleistungen: India Global USA und betreibt rund 6 Millionen Websites von Gesch\u00e4ftskunden)<\/p>\n\n\n\n<h3>E-Mail-Hosting-Plan:<\/h3>\n\n\n\n<p>Lassen Sie E-Mail-Hosting \u00fcber eine offizielle dom\u00e4nenbasierte E-Mail-Adresse verf\u00fcgen. Dieses Angebot richtet sich an Fachkr\u00e4fte in kleinen Unternehmen, insbesondere an Inhaber kleiner Unternehmen, damit sie unbegrenzte E-Mail-Adressen\/E-Mail-IDs f\u00fcr ihre zahlreichen Kunden haben.<\/p>\n\n\n\n<h2>Ein Konto registrieren<\/h2>\n\n\n\n<p>Wenn Sie sich f\u00fcr ein Konto anmelden, m\u00fcssen Sie zun\u00e4chst den Nutzungsbedingungen von Big Rock, den Datenschutzrichtlinien und auch den Urheberrechten zustimmen. Die unterst\u00fctzten Zahlungsoptionen unterliegen den Urheberrechten der ICANN-akkreditierten Registrierungsstelle. Die Zahlungsmodi sind \u00fcber indische Debitkarten und Net Banking. Big Rock hat ein Sonderangebot und gibt von Zeit zu Zeit einen Rabattcoupon.<\/p>\n\n\n<a class=\"maxbutton-4 maxbutton maxbutton-cta\" target=\"_blank\" rel=\"nofollow noopener\" href=\"\/go\/\"><span class='mb-text'>Webhosting<\/span><\/a>\n\n\n<p><\/p>\n\n\n\n<h2>Was ist die Grenze von &#8222;unbegrenzt&#8220;?<\/h2>\n\n\n\n<p>Obwohl es f\u00fcr Big Rock keine festgelegten Grenzen gibt, kann ein Benutzer unter bestimmten Bedingungen zu einem Upgrade aufgefordert werden, wenn die Anzahl der Server oder die Bandbreite missbraucht wird. Hier sind ein akzeptabler Gebrauch von Beschr\u00e4nkungen:<\/p>\n\n\n\n<ul><li>Ihre Website sollte nicht mehr als 25% der Server-Ressourcen in einer Dauer von mehr als 90 Sekunden in Anspruch nehmen. Falls Sie die Serverauslastung und Bandbreite \u00fcberschreiten, wird Ihnen ein Benachrichtigungssystem zugesandt. Big Rock kann Ihr Konto sperren, wenn die Ressourcennutzung andere Benutzer auf demselben Server beeintr\u00e4chtigt.<\/li><li>Website-Hosting ist nicht f\u00fcr die Speicherung oder gemeinsame Nutzung von Dateien gedacht.<\/li><\/ul>\n\n\n\n<h2>Kunden-Feedback<\/h2>\n\n\n\n<ul><li>Hallo, mit dem Big Rock war ich in der Lage, mit Satyajit Chitale BigRock ohne Probleme eine Business-Website zu erstellen, auch wenn ich keinerlei Erfahrung im Web-Building und keine Ahnung von Programmierung habe. Dar\u00fcber hinaus haben meine Gesch\u00e4ftspartner eindrucksvolle Erfahrungen mit der Infrastruktur und den Diensten des Big Rock gemacht. (Mohsin Khan)<\/li><li>Hallo! Mein Favorit aus dem DIY-Paket, das ich gekauft habe, ist der Vikrant Sharma BigRock DIY Sitebuilder. Ich habe nur einen geringen Wert von $8,1 bis $72,37 ausgegeben, im Vergleich dazu, als ich vorher Khalid Bashir Khan My als meinen Website-Designer eingestellt habe. (Ajay Chauhan)<\/li><li>Hallo, ich w\u00fcrde sagen, dies ist die beste Entscheidung, die ich f\u00fcr meine Arbeit getroffen habe. Dank Bigrock konnte ich mit vielen in Kanada und Kalifornien ans\u00e4ssigen Unternehmen in Kontakt treten und von ihnen Auftr\u00e4ge erhalten. Jetzt trete ich im Online-Marketing gegen die Konkurrenz an! (Rishabh Pugalia)<\/li><\/ul>\n\n\n\n<h2>J\u00e4hrliches Big-Rock-Turnier<\/h2>\n\n\n\n<p>Das aktionsreiche j\u00e4hrliche Big Rock-Turnier findet vom 5. bis 13. Juni 2020 in Morehead City, North Carolina, statt. Dabei handelt es sich um ein gro\u00dfes Sportfischerturnier, an dem die Teilnehmer von Fischkuttern teilnehmen, um Mittel f\u00fcr die Hilfe und Unterst\u00fctzung f\u00fcr die Bed\u00fcrfnisse einer Reihe von Menschen zu sammeln. Wenn Sie den Wettbewerb miterleben und viel Action erleben m\u00f6chten, melden Sie Ihre Boote zu diesem Bigrock-Turnier auf der offiziellen Website an und befolgen Sie dann die vorgegebenen Regeln und Bedingungen.<\/p>\n\n\n\n<p>Wenn Sie Markenhemdenprodukte, L\u00e4nderfotos oder Bigrock-Lieferungen bestellen m\u00f6chten, oder wenn Sie Fragen und Bedenken bez\u00fcglich des j\u00e4hrlichen Bigrock-Turniers haben, k\u00f6nnen Sie uns kontaktieren oder uns eine E-Mail schicken:<\/p>\n\n\n\n<ul><li>The Big Rock Blue Marlin Tournament 710 Evans Street, Morehead City, NC 28557 Ext. Big Rock-Einzelhandelsgesch\u00e4ft.<\/li><li>Big Rock-Einzelhandelsgesch\u00e4ft, Ext. 1 Crystal Hesmer, Gesch\u00e4ftsf\u00fchrer, 252-241-1515 (geb\u00fchrenfrei)<\/li><li>710 Evans Street, Morehead City, NC 28557 B\u00fcro (252) 247-3575 (geb\u00fchrenfrei) | bigrock.com<\/li><li>Alle Rechte vorbehaltenes Verkaufsteam: 1-888-924-4762 (geb\u00fchrenfrei)<\/li><li>E-Mail an bigrock.com<\/li><\/ul>\n\n\n\n<h2>Endurteil: Es ist ein Sieg!<\/h2>\n\n\n\n<p>BigRock steht wirklich zu seinem Namen, dass es ein solider Ansatz als Website-Host-Provider f\u00fcr viele Domains ist. Seine Produkte sind die Investition wert, da es seine Bedingungen und seine ausgezeichnete Leistung beim Hosting neuer Websites unter Beweis stellt. Tats\u00e4chlich wird Ihnen oben genug Grund gegeben, dies als Ihre Option zu w\u00e4hlen.<\/p>\n\n\n\n<h2>H\u00e4ufig gestellte Fragen<\/h2>\n\n\n\n<h3>Was sind Ihre meistverkauften Webhosting-Pl\u00e4ne?<\/h3>\n\n\n\n<p>Das Starter-Paket, das am besten f\u00fcr den pers\u00f6nlichen Gebrauch geeignet ist, hat monatlich 50.000 Besucher, das Advanced-Paket, das von Webentwicklern verwendet wird, hat 75.000 Besucher, w\u00e4hrend das Business-Paket, das am besten f\u00fcr Unternehmen geeignet ist, 1.00.000 Kunden hat.<\/p>\n\n\n\n<h3>Kann ich E-Mails in die G-Suite \u00fcbertragen?<\/h3>\n\n\n\n<p>Ja, die Anleitungen finden Sie auf ihrer Browser-Site unter Knowledge Base.<\/p>\n\n\n\n<h3>Muss ich beim Upgrade bezahlen?<\/h3>\n\n\n\n<p>Der Upgrade-Preis kostet nur einen Bruchteil der Differenz zum Planpreis und Sie k\u00f6nnen ihn einfach in Ihren Warenkorb legen.<\/p>\n\n\n<a class=\"maxbutton-4 maxbutton maxbutton-cta\" target=\"_blank\" rel=\"nofollow noopener\" href=\"\/go\/\"><span class='mb-text'>Webhosting<\/span><\/a>\n\n\n<p><\/p>\n","protected":false},"excerpt":{"rendered":"<p>BigRock ist ein f\u00fchrender Anbieter von Website-Hosting f\u00fcr Unternehmen, Fachleute und Privatpersonen auf der ganzen Welt. Es begann in dem<\/p>\n","protected":false},"author":2,"featured_media":0,"parent":0,"menu_order":0,"comment_status":"closed","ping_status":"closed","template":"","meta":[],"yoast_head":"<!-- This site is optimized with the Yoast SEO plugin v18.3 - https:\/\/yoast.com\/wordpress\/plugins\/seo\/ -->\n<title>BigRock Web-Hosting: Hat es ein felsenfestes Fundament?<\/title>\n<meta name=\"robots\" content=\"index, follow, max-snippet:-1, max-image-preview:large, max-video-preview:-1\" \/>\n<link rel=\"canonical\" href=\"https:\/\/multihoster.org\/de\/bigrock\/\" \/>\n<meta property=\"og:locale\" content=\"de_DE\" \/>\n<meta property=\"og:type\" content=\"article\" \/>\n<meta property=\"og:title\" content=\"BigRock Web-Hosting: Hat es ein felsenfestes Fundament?\" \/>\n<meta property=\"og:description\" content=\"BigRock ist ein f\u00fchrender Anbieter von Website-Hosting f\u00fcr Unternehmen, Fachleute und Privatpersonen auf der ganzen Welt. Es begann in dem\" \/>\n<meta property=\"og:url\" content=\"https:\/\/multihoster.org\/de\/bigrock\/\" \/>\n<meta property=\"og:site_name\" content=\"Multihoster.org\" \/>\n<meta property=\"article:modified_time\" content=\"2020-07-02T15:39:34+00:00\" \/>\n<meta name=\"twitter:card\" content=\"summary\" \/>\n<meta name=\"twitter:label1\" content=\"Gesch\u00e4tzte Lesezeit\" \/>\n\t<meta name=\"twitter:data1\" content=\"7\u00a0Minuten\" \/>\n<script type=\"application\/ld+json\" class=\"yoast-schema-graph\">{\"@context\":\"https:\/\/schema.org\",\"@graph\":[{\"@type\":\"WebSite\",\"@id\":\"https:\/\/multihoster.org\/#website\",\"url\":\"https:\/\/multihoster.org\/\",\"name\":\"Multihoster.org\",\"description\":\"Reviews of the major Filehosting services\",\"potentialAction\":[{\"@type\":\"SearchAction\",\"target\":{\"@type\":\"EntryPoint\",\"urlTemplate\":\"https:\/\/multihoster.org\/?s={search_term_string}\"},\"query-input\":\"required name=search_term_string\"}],\"inLanguage\":\"de\"},{\"@type\":\"WebPage\",\"@id\":\"https:\/\/multihoster.org\/de\/bigrock\/#webpage\",\"url\":\"https:\/\/multihoster.org\/de\/bigrock\/\",\"name\":\"BigRock Web-Hosting: Hat es ein felsenfestes Fundament?\",\"isPartOf\":{\"@id\":\"https:\/\/multihoster.org\/#website\"},\"datePublished\":\"2020-07-01T14:33:40+00:00\",\"dateModified\":\"2020-07-02T15:39:34+00:00\",\"breadcrumb\":{\"@id\":\"https:\/\/multihoster.org\/de\/bigrock\/#breadcrumb\"},\"inLanguage\":\"de\",\"potentialAction\":[{\"@type\":\"ReadAction\",\"target\":[\"https:\/\/multihoster.org\/de\/bigrock\/\"]}]},{\"@type\":\"BreadcrumbList\",\"@id\":\"https:\/\/multihoster.org\/de\/bigrock\/#breadcrumb\",\"itemListElement\":[{\"@type\":\"ListItem\",\"position\":1,\"name\":\"Startseite\",\"item\":\"https:\/\/multihoster.org\/de\/\"},{\"@type\":\"ListItem\",\"position\":2,\"name\":\"BigRock Web-Hosting: Hat es ein felsenfestes Fundament?\"}]}]}<\/script>\n<!-- \/ Yoast SEO plugin. -->","yoast_head_json":{"title":"BigRock Web-Hosting: Hat es ein felsenfestes Fundament?","robots":{"index":"index","follow":"follow","max-snippet":"max-snippet:-1","max-image-preview":"max-image-preview:large","max-video-preview":"max-video-preview:-1"},"canonical":"https:\/\/multihoster.org\/de\/bigrock\/","og_locale":"de_DE","og_type":"article","og_title":"BigRock Web-Hosting: Hat es ein felsenfestes Fundament?","og_description":"BigRock ist ein f\u00fchrender Anbieter von Website-Hosting f\u00fcr Unternehmen, Fachleute und Privatpersonen auf der ganzen Welt. Es begann in dem","og_url":"https:\/\/multihoster.org\/de\/bigrock\/","og_site_name":"Multihoster.org","article_modified_time":"2020-07-02T15:39:34+00:00","twitter_card":"summary","twitter_misc":{"Gesch\u00e4tzte Lesezeit":"7\u00a0Minuten"},"schema":{"@context":"https:\/\/schema.org","@graph":[{"@type":"WebSite","@id":"https:\/\/multihoster.org\/#website","url":"https:\/\/multihoster.org\/","name":"Multihoster.org","description":"Reviews of the major Filehosting services","potentialAction":[{"@type":"SearchAction","target":{"@type":"EntryPoint","urlTemplate":"https:\/\/multihoster.org\/?s={search_term_string}"},"query-input":"required name=search_term_string"}],"inLanguage":"de"},{"@type":"WebPage","@id":"https:\/\/multihoster.org\/de\/bigrock\/#webpage","url":"https:\/\/multihoster.org\/de\/bigrock\/","name":"BigRock Web-Hosting: Hat es ein felsenfestes Fundament?","isPartOf":{"@id":"https:\/\/multihoster.org\/#website"},"datePublished":"2020-07-01T14:33:40+00:00","dateModified":"2020-07-02T15:39:34+00:00","breadcrumb":{"@id":"https:\/\/multihoster.org\/de\/bigrock\/#breadcrumb"},"inLanguage":"de","potentialAction":[{"@type":"ReadAction","target":["https:\/\/multihoster.org\/de\/bigrock\/"]}]},{"@type":"BreadcrumbList","@id":"https:\/\/multihoster.org\/de\/bigrock\/#breadcrumb","itemListElement":[{"@type":"ListItem","position":1,"name":"Startseite","item":"https:\/\/multihoster.org\/de\/"},{"@type":"ListItem","position":2,"name":"BigRock Web-Hosting: Hat es ein felsenfestes Fundament?"}]}]}},"_links":{"self":[{"href":"https:\/\/multihoster.org\/de\/wp-json\/wp\/v2\/pages\/4966"}],"collection":[{"href":"https:\/\/multihoster.org\/de\/wp-json\/wp\/v2\/pages"}],"about":[{"href":"https:\/\/multihoster.org\/de\/wp-json\/wp\/v2\/types\/page"}],"author":[{"embeddable":true,"href":"https:\/\/multihoster.org\/de\/wp-json\/wp\/v2\/users\/2"}],"replies":[{"embeddable":true,"href":"https:\/\/multihoster.org\/de\/wp-json\/wp\/v2\/comments?post=4966"}],"version-history":[{"count":2,"href":"https:\/\/multihoster.org\/de\/wp-json\/wp\/v2\/pages\/4966\/revisions"}],"predecessor-version":[{"id":5205,"href":"https:\/\/multihoster.org\/de\/wp-json\/wp\/v2\/pages\/4966\/revisions\/5205"}],"wp:attachment":[{"href":"https:\/\/multihoster.org\/de\/wp-json\/wp\/v2\/media?parent=4966"}],"curies":[{"name":"wp","href":"https:\/\/api.w.org\/{rel}","templated":true}]}}