{"id":793,"date":"2018-08-09T15:36:11","date_gmt":"2018-08-09T15:36:11","guid":{"rendered":"https:\/\/multihoster.org\/?page_id=793"},"modified":"2018-09-11T04:45:55","modified_gmt":"2018-09-11T04:45:55","slug":"datafile","status":"publish","type":"page","link":"https:\/\/multihoster.org\/de\/datafile\/","title":{"rendered":"DataFile Premium Account &#8211; Der Filehoster im \u00dcberblick"},"content":{"rendered":"<p><img loading=\"lazy\" class=\"size-full wp-image-1047 alignleft\" src=\"https:\/\/multihoster.org\/wp-content\/uploads\/2018\/08\/datafile.png\" alt=\"datafile\" width=\"425\" height=\"124\" srcset=\"https:\/\/multihoster.org\/wp-content\/uploads\/2018\/08\/datafile.png 425w, https:\/\/multihoster.org\/wp-content\/uploads\/2018\/08\/datafile-300x88.png 300w\" sizes=\"(max-width: 425px) 100vw, 425px\" \/><\/p>\n<p class=\"normal\">\u00dcber die Webpr\u00e4senz DataFile haben Sie die M\u00f6glichkeiten Dateien hochzuladen und f\u00fcr andere Nutzer bereitzustellen oder k\u00f6nnen selbst von allerlei Quellen Dateien herunterladen.<\/p>\n<p class=\"normal\">Zum Hochladen von eigenen Dokumenten und weiteren Daten k\u00f6nnen Sie entweder den kostenfreien Uploader nutzen oder, wenn Sie gr\u00f6\u00dfere Dateien bereitstellen m\u00f6chten einen kostenpflichtigen Account bei datafile.com erstellen.<\/p>\n\n<p><a class=\"fasc-button fasc-size-xlarge fasc-type-glossy fasc-rounded-medium ico-fa fasc-ico-after fa-share\" style=\"background-color: #247edd; color: #ffffff;\" target=\"_blank\" rel=\"nofollow\" href=\"https:\/\/multihoster.org\/datafile\/goto\/\">Gehen Sie zu DataFile.com<\/a><\/p>\n<h2 style=\"text-align: left;\">Positive Eigenschaften des Anbieters<\/h2>\n<ul>\n<li>Einfach und Unkompliziert<\/li>\n<li>G\u00fcnstig und Gut<\/li>\n<li>Hohe Benutzerfreundlichkeit<\/li>\n<li>Vielf\u00e4ltige Zahlungsm\u00f6glichkeiten<\/li>\n<\/ul>\n<h2><span id=\"Das_gesamte_Angebot_von_Rapidgator_im_Ueberblick\"><span lang=\"de\">Das gesamte Angebot von DataFile im \u00dcberblick<\/span><\/span><\/h2>\n<p>Um bei DataFile aktiv werden zu k\u00f6nnen m\u00fcssen Sie sich als Erstes mit Ihrer E-Mail-Adresse und einem Passwort Registrieren und mit einem Hacken best\u00e4tigen, dass Sie kein Roboter sind. Ist dies erledigt, k\u00f6nnen Sie entweder den kostenlosen Service nutzen, welcher vorsieht, dass Sie Dateien bis maximal 10 Gigabyte und insgesamt 500 Gigabyte hochladen k\u00f6nnen oder einen DataFile Premium Account w\u00e4hlen.<\/p>\n<p><img loading=\"lazy\" class=\"alignnone size-full wp-image-795\" src=\"https:\/\/multihoster.org\/wp-content\/uploads\/2018\/08\/datafile.jpg\" alt=\"datafile\" width=\"1615\" height=\"824\" srcset=\"https:\/\/multihoster.org\/wp-content\/uploads\/2018\/08\/datafile.jpg 1615w, https:\/\/multihoster.org\/wp-content\/uploads\/2018\/08\/datafile-300x153.jpg 300w, https:\/\/multihoster.org\/wp-content\/uploads\/2018\/08\/datafile-768x392.jpg 768w, https:\/\/multihoster.org\/wp-content\/uploads\/2018\/08\/datafile-1024x522.jpg 1024w\" sizes=\"(max-width: 1615px) 100vw, 1615px\" \/><\/p>\n<p>&nbsp;<\/p>\n<p>Dieser gilt f\u00fcr 30 Tage und kostet 14,99 Dollar, was 50 Cent am Tag entspricht. Die Vorteile sind, dass Dateien bis zu 30 Gigabyte hochgeladen werden, diese unbegrenzt gespeichert werden k\u00f6nnen, sofern der Account weitergef\u00fchrt wird (bei L\u00f6schung stehen die Daten noch 30 Tage zur Verf\u00fcgung) und keine Wartezeiten beim Downloaden entstehen. Zur Zahlung von DataFile Premium stehen Ihnen vielf\u00e4ltige M\u00f6glichkeiten bereit, von der Kreditkartenzahlung, \u00fcber GooglePlay, bis hin zu Bitcoins ist fast alles m\u00f6glich. Auch stehen Ihnen viele Vertragsh\u00e4ndler zur Verf\u00fcgung, f\u00fcr den Fall, dass Ihre gew\u00fcnschte Beizahloption nicht direkt \u00fcber DataFile Premium m\u00f6glich ist.<\/p>\n<p><strong>\n<table id=\"tablepress-48\" class=\"tablepress tablepress-id-48\">\n<tbody class=\"row-hover\">\n<tr class=\"row-1 odd\">\n\t<td class=\"column-1\">Merkmale<\/td><td class=\"column-2\">Kostenfrei<\/td><td class=\"column-3\">30-Tage f\u00fcr 14,99 $<\/td>\n<\/tr>\n<tr class=\"row-2 even\">\n\t<td class=\"column-1\">Download-Geschwindigkeit<\/td><td class=\"column-2\">langsam<\/td><td class=\"column-3\">sehr schnell<\/td>\n<\/tr>\n<tr class=\"row-3 odd\">\n\t<td class=\"column-1\">Upload-Gr\u00f6\u00dfe<\/td><td class=\"column-2\">10 GB<\/td><td class=\"column-3\">30 GB<\/td>\n<\/tr>\n<tr class=\"row-4 even\">\n\t<td class=\"column-1\">Datenspeicherung<\/td><td class=\"column-2\">30 Tage<\/td><td class=\"column-3\">Unbegrenzt<\/td>\n<\/tr>\n<tr class=\"row-5 odd\">\n\t<td class=\"column-1\">Downloads pausieren<\/td><td class=\"column-2\">Nein<\/td><td class=\"column-3\">Ja<\/td>\n<\/tr>\n<tr class=\"row-6 even\">\n\t<td class=\"column-1\">Keine Werbung<\/td><td class=\"column-2\">Nein<\/td><td class=\"column-3\">Ja<\/td>\n<\/tr>\n<tr class=\"row-7 odd\">\n\t<td class=\"column-1\">Mehrere Downloads<\/td><td class=\"column-2\">Nein<\/td><td class=\"column-3\">Ja<\/td>\n<\/tr>\n<tr class=\"row-8 even\">\n\t<td class=\"column-1\">Verz\u00f6gerung bei Download<\/td><td class=\"column-2\">30 Sekunden<\/td><td class=\"column-3\">0 Sekunden<\/td>\n<\/tr>\n<\/tbody>\n<\/table>\n<!-- #tablepress-48 from cache --><\/strong><\/p>\n<p><a class=\"fasc-button fasc-size-xlarge fasc-type-glossy fasc-rounded-medium ico-fa fasc-ico-after fa-share\" style=\"background-color: #247edd; color: #ffffff;\" target=\"_blank\" rel=\"nofollow\" href=\"https:\/\/multihoster.org\/datafile\/goto\/\">Gehen Sie zu DataFile.com<\/a><\/p>\n<h2>Privatsph\u00e4re und Datenschutz<\/h2>\n<p>Es ist heutzutage in der Regel eine Selbstverst\u00e4ndlichkeit, dass Benutzer von Services im Internet stets auch darauf achten, dass Ihren Daten sicher und vertraulich behandelt werden. Wir haben uns den Service von dem DataFile Account genau angesehen und sind der Ansicht, dass Ihre Daten bei Datafile absolut sicher sind und vertraulich behandelt werden.<\/p>\n<p>DataFile garantiert Ihnen laut Ihren Bedingungen einen absolut vertrauensw\u00fcrdigen Umgang mit Ihren Daten. Die Daten werden anonymisiert, um das Angebot von DataFile zu verbessern und marketingstechnische R\u00fcckschl\u00fcsse zu ziehen. Jegliche Daten des Kaufes, Ihre finanziellen Informationen, sowie Ihr Name und s\u00e4mtliche privaten Daten werden nach geltendem Recht streng vertraulich behandelt und nach neusten Standards sicher verwahrt.<\/p>\n<p>Insgesamt sind Ihre Daten bei DataFile absolut sicher und werden nur unter Einhaltung der gleichen oder h\u00f6herer Standards und des geltenden Rechtes, wie bei DataFile, an direkte Partner des Unternehmens weitergegeben. Bei DataFile.com k\u00f6nnen Sie sich sicher sein, dass Ihre Informationen in vertrauensw\u00fcrdigen H\u00e4nden sind und niemals an Unbefugte weitergegeben werden.<\/p>\n<h2>Kundendienst<\/h2>\n<p>Zu DataFile k\u00f6nnen Sie \u00fcber 3 Wege direkten Kontakt aufnehmen. Dabei sind die beiden M\u00f6glichkeiten \u00fcber das Internet zu empfehlen. Zum einen finden Sie unter dem Men\u00fcpunkt ganz unten rechts den Reiter Kontakt, durch welchen Sie zu dem Kontaktformular weitergeleitet werden. Hier k\u00f6nnen Sie anhand von der richtigen Kategorie, Ihrer E-Mail-Adresse, eine Nachricht und eventuellen Anh\u00e4ngen bei Schwierigkeiten und Anmerkungen an DataFile senden. Des Weiteren steht Ihnen unter demselben Reiter eine E-Mail-Adresse zur Verf\u00fcgung, welche Sie ebenfalls nutzen k\u00f6nnen. Letztlich findet sich dort ebenfalls die postalische Adresse.<\/p>\n<h2>Benutzerfreundlichkeit<\/h2>\n<p>Der Upload auf DataFile funktioniert ganz simpel und einfach. Auf der Startseite oder oben Links unter dem Reiter &#8222;Dateien hochladen&#8220; finden Sie den Uploader. Dieser ist direkt mittig und nicht zu \u00fcbersehen platziert. Alle weiteren wichtigen Orte der Website erreichen Sie direkt oben, sodass Sie immer alles auf einen Blick haben. Die Website ist so aufgebaut, dass Sie nur selten scrollen m\u00fcssen und meist alles auf einen Blick sehen k\u00f6nnen.<\/p>\n<p><img loading=\"lazy\" class=\"alignnone size-full wp-image-796\" src=\"https:\/\/multihoster.org\/wp-content\/uploads\/2018\/08\/our-datafile-rating.jpg\" alt=\"rating\" width=\"1675\" height=\"830\" srcset=\"https:\/\/multihoster.org\/wp-content\/uploads\/2018\/08\/our-datafile-rating.jpg 1675w, https:\/\/multihoster.org\/wp-content\/uploads\/2018\/08\/our-datafile-rating-300x149.jpg 300w, https:\/\/multihoster.org\/wp-content\/uploads\/2018\/08\/our-datafile-rating-768x381.jpg 768w, https:\/\/multihoster.org\/wp-content\/uploads\/2018\/08\/our-datafile-rating-1024x507.jpg 1024w\" sizes=\"(max-width: 1675px) 100vw, 1675px\" \/><\/p>\n<p>Wie bei dem Uploader, befindet sich alles in der Mitte, sodass Sie stets eine gute \u00dcbersicht haben und nichts suchen m\u00fcssen. Ihre Dateien werden in einem sehr \u00fcbersichtlichen Dateimanager sortiert, welcher mit gro\u00dfen Symbolen arbeitet, sodass auch mit schw\u00e4cheren Augen hervorragend gearbeitet werden kann. Durch die verschiedenen M\u00f6glichkeiten der Sortierung findet man, auch bei vielen Dateien, steht schnell und zuverl\u00e4ssig, was man gesucht hat.<\/p>\n<p>Insgesamt ist DataFile sehr einfach und praktisch aufgebaut. Es gibt keine gro\u00dfen Strukturen oder Verschachtelungen, sondern alles ist in maximal 3 Ebenen unterteilt, sodass sich nahezu jeder sehr schnell zurechtfindet und produktiv mit DataFile arbeiten kann. Die Hauptaktionen, dass Hochladen und verwalten von Dateien, funktioniert \u00fcber nur 2 Reiter, welche oben Links, &#8222;Datei hochladen&#8220; und mittig &#8222;Dateien&#8220; zu finden sind. Dazwischen finden Sie die M\u00f6glichkeit sich einen DataFile Premium Account zu holen, unter der Kategorie &#8222;Holen Sie sich Premium&#8220;.<\/p>\n<h2>Unser Fazit zum Anbieter DataFile<\/h2>\n<p>Die Benutzerfreundlichkeit und die gesamte Seite von DataFile.com ist sehr vorbildlich und vor allem Dank der einfachen, aber sehr guten Funktionalit\u00e4t f\u00fcr jedermann nachvollziehbar und leicht verst\u00e4ndlich. Das Arbeiten mit dem DataFile Account ist einfach, unkompliziert und sehr angenehm.<\/p>\n<p><a class=\"fasc-button fasc-size-xlarge fasc-type-glossy fasc-rounded-medium ico-fa fasc-ico-after fa-share\" style=\"background-color: #247edd; color: #ffffff;\" target=\"_blank\" rel=\"nofollow\" href=\"https:\/\/multihoster.org\/datafile\/goto\/\">Gehen Sie zu DataFile.com<\/a><\/p>\n","protected":false},"excerpt":{"rendered":"<p>\u00dcber die Webpr\u00e4senz DataFile haben Sie die M\u00f6glichkeiten Dateien hochzuladen und f\u00fcr andere Nutzer bereitzustellen oder k\u00f6nnen selbst von allerlei<\/p>\n","protected":false},"author":2,"featured_media":0,"parent":0,"menu_order":0,"comment_status":"closed","ping_status":"closed","template":"","meta":[],"yoast_head":"<!-- This site is optimized with the Yoast SEO plugin v18.3 - https:\/\/yoast.com\/wordpress\/plugins\/seo\/ -->\n<title>lll\u25b7 DataFile Premium Account seri\u00f6s oder nicht? +++ Test auf Multihoster.org<\/title>\n<meta name=\"description\" content=\"Mit DataFile geht der Upload von Dateien ganz einfach und schnell. Wir zeigen Ihnen was DataFile kann und wie Sie den Anbeiter f\u00fcr sich nutzen k\u00f6nnen.\" \/>\n<meta name=\"robots\" content=\"index, follow, max-snippet:-1, max-image-preview:large, max-video-preview:-1\" \/>\n<link rel=\"canonical\" href=\"https:\/\/multihoster.org\/de\/datafile\/\" \/>\n<meta property=\"og:locale\" content=\"de_DE\" \/>\n<meta property=\"og:type\" content=\"article\" \/>\n<meta property=\"og:title\" content=\"lll\u25b7 DataFile Premium Account seri\u00f6s oder nicht? +++ Test auf Multihoster.org\" \/>\n<meta property=\"og:description\" content=\"Mit DataFile geht der Upload von Dateien ganz einfach und schnell. Wir zeigen Ihnen was DataFile kann und wie Sie den Anbeiter f\u00fcr sich nutzen k\u00f6nnen.\" \/>\n<meta property=\"og:url\" content=\"https:\/\/multihoster.org\/de\/datafile\/\" \/>\n<meta property=\"og:site_name\" content=\"Multihoster.org\" \/>\n<meta property=\"article:modified_time\" content=\"2018-09-11T04:45:55+00:00\" \/>\n<meta property=\"og:image\" content=\"https:\/\/multihoster.org\/wp-content\/uploads\/2018\/08\/datafile.png\" \/>\n<meta name=\"twitter:card\" content=\"summary\" \/>\n<meta name=\"twitter:label1\" content=\"Gesch\u00e4tzte Lesezeit\" \/>\n\t<meta name=\"twitter:data1\" content=\"4\u00a0Minuten\" \/>\n<script type=\"application\/ld+json\" class=\"yoast-schema-graph\">{\"@context\":\"https:\/\/schema.org\",\"@graph\":[{\"@type\":\"WebSite\",\"@id\":\"https:\/\/multihoster.org\/#website\",\"url\":\"https:\/\/multihoster.org\/\",\"name\":\"Multihoster.org\",\"description\":\"Reviews of the major Filehosting services\",\"potentialAction\":[{\"@type\":\"SearchAction\",\"target\":{\"@type\":\"EntryPoint\",\"urlTemplate\":\"https:\/\/multihoster.org\/?s={search_term_string}\"},\"query-input\":\"required name=search_term_string\"}],\"inLanguage\":\"de\"},{\"@type\":\"ImageObject\",\"@id\":\"https:\/\/multihoster.org\/de\/datafile\/#primaryimage\",\"inLanguage\":\"de\",\"url\":\"https:\/\/multihoster.org\/wp-content\/uploads\/2018\/08\/datafile.png\",\"contentUrl\":\"https:\/\/multihoster.org\/wp-content\/uploads\/2018\/08\/datafile.png\",\"width\":425,\"height\":124,\"caption\":\"datafile\"},{\"@type\":\"WebPage\",\"@id\":\"https:\/\/multihoster.org\/de\/datafile\/#webpage\",\"url\":\"https:\/\/multihoster.org\/de\/datafile\/\",\"name\":\"lll\u25b7 DataFile Premium Account seri\u00f6s oder nicht? +++ Test auf Multihoster.org\",\"isPartOf\":{\"@id\":\"https:\/\/multihoster.org\/#website\"},\"primaryImageOfPage\":{\"@id\":\"https:\/\/multihoster.org\/de\/datafile\/#primaryimage\"},\"datePublished\":\"2018-08-09T15:36:11+00:00\",\"dateModified\":\"2018-09-11T04:45:55+00:00\",\"description\":\"Mit DataFile geht der Upload von Dateien ganz einfach und schnell. Wir zeigen Ihnen was DataFile kann und wie Sie den Anbeiter f\u00fcr sich nutzen k\u00f6nnen.\",\"breadcrumb\":{\"@id\":\"https:\/\/multihoster.org\/de\/datafile\/#breadcrumb\"},\"inLanguage\":\"de\",\"potentialAction\":[{\"@type\":\"ReadAction\",\"target\":[\"https:\/\/multihoster.org\/de\/datafile\/\"]}]},{\"@type\":\"BreadcrumbList\",\"@id\":\"https:\/\/multihoster.org\/de\/datafile\/#breadcrumb\",\"itemListElement\":[{\"@type\":\"ListItem\",\"position\":1,\"name\":\"Startseite\",\"item\":\"https:\/\/multihoster.org\/de\/\"},{\"@type\":\"ListItem\",\"position\":2,\"name\":\"DataFile Premium Account &#8211; Der Filehoster im \u00dcberblick\"}]}]}<\/script>\n<!-- \/ Yoast SEO plugin. -->","yoast_head_json":{"title":"lll\u25b7 DataFile Premium Account seri\u00f6s oder nicht? +++ Test auf Multihoster.org","description":"Mit DataFile geht der Upload von Dateien ganz einfach und schnell. Wir zeigen Ihnen was DataFile kann und wie Sie den Anbeiter f\u00fcr sich nutzen k\u00f6nnen.","robots":{"index":"index","follow":"follow","max-snippet":"max-snippet:-1","max-image-preview":"max-image-preview:large","max-video-preview":"max-video-preview:-1"},"canonical":"https:\/\/multihoster.org\/de\/datafile\/","og_locale":"de_DE","og_type":"article","og_title":"lll\u25b7 DataFile Premium Account seri\u00f6s oder nicht? +++ Test auf Multihoster.org","og_description":"Mit DataFile geht der Upload von Dateien ganz einfach und schnell. Wir zeigen Ihnen was DataFile kann und wie Sie den Anbeiter f\u00fcr sich nutzen k\u00f6nnen.","og_url":"https:\/\/multihoster.org\/de\/datafile\/","og_site_name":"Multihoster.org","article_modified_time":"2018-09-11T04:45:55+00:00","og_image":[{"url":"https:\/\/multihoster.org\/wp-content\/uploads\/2018\/08\/datafile.png"}],"twitter_card":"summary","twitter_misc":{"Gesch\u00e4tzte Lesezeit":"4\u00a0Minuten"},"schema":{"@context":"https:\/\/schema.org","@graph":[{"@type":"WebSite","@id":"https:\/\/multihoster.org\/#website","url":"https:\/\/multihoster.org\/","name":"Multihoster.org","description":"Reviews of the major Filehosting services","potentialAction":[{"@type":"SearchAction","target":{"@type":"EntryPoint","urlTemplate":"https:\/\/multihoster.org\/?s={search_term_string}"},"query-input":"required name=search_term_string"}],"inLanguage":"de"},{"@type":"ImageObject","@id":"https:\/\/multihoster.org\/de\/datafile\/#primaryimage","inLanguage":"de","url":"https:\/\/multihoster.org\/wp-content\/uploads\/2018\/08\/datafile.png","contentUrl":"https:\/\/multihoster.org\/wp-content\/uploads\/2018\/08\/datafile.png","width":425,"height":124,"caption":"datafile"},{"@type":"WebPage","@id":"https:\/\/multihoster.org\/de\/datafile\/#webpage","url":"https:\/\/multihoster.org\/de\/datafile\/","name":"lll\u25b7 DataFile Premium Account seri\u00f6s oder nicht? +++ Test auf Multihoster.org","isPartOf":{"@id":"https:\/\/multihoster.org\/#website"},"primaryImageOfPage":{"@id":"https:\/\/multihoster.org\/de\/datafile\/#primaryimage"},"datePublished":"2018-08-09T15:36:11+00:00","dateModified":"2018-09-11T04:45:55+00:00","description":"Mit DataFile geht der Upload von Dateien ganz einfach und schnell. Wir zeigen Ihnen was DataFile kann und wie Sie den Anbeiter f\u00fcr sich nutzen k\u00f6nnen.","breadcrumb":{"@id":"https:\/\/multihoster.org\/de\/datafile\/#breadcrumb"},"inLanguage":"de","potentialAction":[{"@type":"ReadAction","target":["https:\/\/multihoster.org\/de\/datafile\/"]}]},{"@type":"BreadcrumbList","@id":"https:\/\/multihoster.org\/de\/datafile\/#breadcrumb","itemListElement":[{"@type":"ListItem","position":1,"name":"Startseite","item":"https:\/\/multihoster.org\/de\/"},{"@type":"ListItem","position":2,"name":"DataFile Premium Account &#8211; Der Filehoster im \u00dcberblick"}]}]}},"_links":{"self":[{"href":"https:\/\/multihoster.org\/de\/wp-json\/wp\/v2\/pages\/793"}],"collection":[{"href":"https:\/\/multihoster.org\/de\/wp-json\/wp\/v2\/pages"}],"about":[{"href":"https:\/\/multihoster.org\/de\/wp-json\/wp\/v2\/types\/page"}],"author":[{"embeddable":true,"href":"https:\/\/multihoster.org\/de\/wp-json\/wp\/v2\/users\/2"}],"replies":[{"embeddable":true,"href":"https:\/\/multihoster.org\/de\/wp-json\/wp\/v2\/comments?post=793"}],"version-history":[{"count":7,"href":"https:\/\/multihoster.org\/de\/wp-json\/wp\/v2\/pages\/793\/revisions"}],"predecessor-version":[{"id":1318,"href":"https:\/\/multihoster.org\/de\/wp-json\/wp\/v2\/pages\/793\/revisions\/1318"}],"wp:attachment":[{"href":"https:\/\/multihoster.org\/de\/wp-json\/wp\/v2\/media?parent=793"}],"curies":[{"name":"wp","href":"https:\/\/api.w.org\/{rel}","templated":true}]}}