{"id":834,"date":"2018-08-09T19:27:45","date_gmt":"2018-08-09T19:27:45","guid":{"rendered":"https:\/\/multihoster.org\/?page_id=834"},"modified":"2019-10-28T16:06:03","modified_gmt":"2019-10-28T16:06:03","slug":"turbobit","status":"publish","type":"page","link":"https:\/\/multihoster.org\/de\/turbobit\/","title":{"rendered":"Turbobit Premium Account &#8211; Der Filehoster im \u00dcberblick"},"content":{"rendered":"<p><img loading=\"lazy\" class=\"alignnone size-full wp-image-1076 alignleft\" src=\"https:\/\/multihoster.org\/wp-content\/uploads\/2018\/08\/turbobit.png\" alt=\"turbobit\" width=\"365\" height=\"105\" srcset=\"https:\/\/multihoster.org\/wp-content\/uploads\/2018\/08\/turbobit.png 365w, https:\/\/multihoster.org\/wp-content\/uploads\/2018\/08\/turbobit-300x86.png 300w\" sizes=\"(max-width: 365px) 100vw, 365px\" \/><\/p>\n<p>Beim Anbieter Turbobit k\u00f6nnen Sie nicht nur eine Vielzahl an Dateien herunterladen, sondern auch eigene Dateien hochladen und daf\u00fcr eine attraktive Verg\u00fctung erhalten. Ihnen stehen dabei die kostenlose Nutzung sowie die Verwendung des Turbo-Zugangs zur Auswahl.<\/p>\n<p>Wir teilen gerne unsere Erfahrung hinsichtlich des Anbieters Turbobit mit Ihnen und empfehlen, mit dem kostenlose Account einfach die ersten, eigenen Erfahrungen mit dem Anbieter zu machen.<\/p>\n<p>F\u00fcr weitere Informationen folgen Sie bitte dem Link: <a href=\"https:\/\/turbobitpremium.info\/\" target=\"_blank\" rel=\"noopener noreferrer\">Turbobit Premium<\/a><\/p>\n\n<p><a class=\"fasc-button fasc-size-xlarge fasc-type-glossy fasc-rounded-medium ico-fa fasc-ico-after fa-share\" style=\"background-color: #43585e; color: #ffffff;\" target=\"_blank\" rel=\"nofollow noopener noreferrer\" href=\"https:\/\/multihoster.org\/turbobit\/goto\/\">Gehen Sie zu Turbobit.net<\/a><\/p>\n<p>&nbsp;<\/p>\n<h2>Das gesamte Angebot von Turbobit im \u00dcberblick<\/h2>\n<p>Zum einen bietet Turbobit einen wertvollen Premium Account, welcher Ihnen die h\u00f6chste Downloadgeschwindigkeit erm\u00f6glicht. Dar\u00fcber hinaus gibt es keine Zwangspausen, keine Werbung und auch der Downloadmanager darf verwendet werden.<\/p>\n<p>Neben dem Premium Account, welcher als Turbo Zugang bezeichnet wird, k\u00f6nnen Besucher den Service des Anbieters auch kostenlos testen und ganz ohne einen Account die gew\u00fcnschten Dateien mit wenigen Klicks hochladen.<\/p>\n<p>Wer einen Turbobit Premium Account kaufen m\u00f6chte, kann daf\u00fcr eines von f\u00fcnf Abonnements ausw\u00e4hlen.<\/p>\n<h2>Bonusangebote<\/h2>\n<p>Turbobit bietet eine attraktive Verdienstm\u00f6glichkeit f\u00fcr alle, die beliebte Dateien bereitstellen. So sind bis zu 40 Dollar pro 1000 Downloads m\u00f6glich &#8211; auf diese Art und Weise l\u00e4sst sich nicht nur ein kleines Taschengeld verdienen, sondern ein ganzes Monatsgehalt. Dar\u00fcber hinaus k\u00f6nnen Sie durch das Bewerben des Anbieters wertvolle Provisionen erhalten.<\/p>\n<p><img loading=\"lazy\" class=\"alignnone size-full wp-image-836\" src=\"https:\/\/multihoster.org\/wp-content\/uploads\/2018\/08\/turbobit.jpg\" alt=\"turbobit\" width=\"1457\" height=\"864\" srcset=\"https:\/\/multihoster.org\/wp-content\/uploads\/2018\/08\/turbobit.jpg 1457w, https:\/\/multihoster.org\/wp-content\/uploads\/2018\/08\/turbobit-300x178.jpg 300w, https:\/\/multihoster.org\/wp-content\/uploads\/2018\/08\/turbobit-768x455.jpg 768w, https:\/\/multihoster.org\/wp-content\/uploads\/2018\/08\/turbobit-1024x607.jpg 1024w\" sizes=\"(max-width: 1457px) 100vw, 1457px\" \/><\/p>\n<p>&nbsp;<\/p>\n<h2>Kosten und Zahlungsm\u00f6glichkeiten<\/h2>\n<p>Wenn auch Sie einen Turbobit Premium Account kaufen m\u00f6chten, stehen Ihnen f\u00fcr die Zahlung bei Turbobit diverse Verfahren zur Verf\u00fcgung. Dazu geh\u00f6ren unter anderem die Bezahlung via MasterCard und VISA sowie Paypal, S\u20acPA und Skrill. Auch die anonyme Bezahlung via Paysafecard oder Bitcoin ist m\u00f6glich. Dar\u00fcber hinaus k\u00f6nnen Sie den Premium Account mit Giropay, WebMoney und vielen, weiteren Verfahren erwerben. Diese reichen von OPENBUCKS bis hin zu safety pay.<\/p>\n<p>Wer sich beim Bezahlungsprozess f\u00fcr die automatische Verl\u00e4ngerung des Abonnements entscheidet, erh\u00e4lt einen Rabatt von 25% auf alle weiteren Bestellungen des Premium-Accounts, wodurch der Preis bei den zuk\u00fcnftigen Abbuchungen erheblich sinkt.<\/p>\n<p><strong>\n<table id=\"tablepress-55\" class=\"tablepress tablepress-id-55\">\n<tbody class=\"row-hover\">\n<tr class=\"row-1 odd\">\n\t<td class=\"column-1\">Turbo 1 Woche<\/td><td class=\"column-2\">Turbo 1 Monat<\/td><td class=\"column-3\">Turbo 6 Monate<\/td><td class=\"column-4\">Turbo 1 Jahr<\/td><td class=\"column-5\">Turbo 2 Jahre<\/td>\n<\/tr>\n<tr class=\"row-2 even\">\n\t<td class=\"column-1\">5,95 $<\/td><td class=\"column-2\">9,95 $<\/td><td class=\"column-3\">34,95 $<\/td><td class=\"column-4\">59,95 $<\/td><td class=\"column-5\">89,95 $<\/td>\n<\/tr>\n<tr class=\"row-3 odd\">\n\t<td class=\"column-1\">0,85 $ pro Tag<\/td><td class=\"column-2\">0,33 $ pro Tag<\/td><td class=\"column-3\">0,19 $ pro Tag<\/td><td class=\"column-4\">0,16 $ pro Tag<\/td><td class=\"column-5\">0,12 $ pro Tag<\/td>\n<\/tr>\n<\/tbody>\n<\/table>\n<!-- #tablepress-55 from cache --><\/strong><\/p>\n<p><a class=\"fasc-button fasc-size-xlarge fasc-type-glossy fasc-rounded-medium ico-fa fasc-ico-after fa-share\" style=\"background-color: #43585e; color: #ffffff;\" target=\"_blank\" rel=\"nofollow noopener noreferrer\" href=\"https:\/\/multihoster.org\/turbobit\/goto\/\">Gehen Sie zu Turbobit.net<\/a><\/p>\n<h2>Privatsph\u00e4re und Datenschutz<\/h2>\n<p>Was den Datenschutz betrifft, so gibt der Anbieter an, alle notwendigen Ma\u00dfnahmen zu ergreifen, um die Privatsph\u00e4re und Daten der Besucher sowie Kunden zu sch\u00fctzen.<\/p>\n<p>Durch das Besuchen der Webseite und durch die Nutzung der Dienste werden automatisch diverse Daten gespeichert. Bei der Registrierung werden zum Beispiel die Email-Adresse sowie der Name gespeichert. Dar\u00fcber hinaus ist es m\u00f6glich, dass mit der Zeit anonyme, demographische Daten gesammelt werden, um Unternehmensprozesse zu optimieren und sich besser auf den Kunden ausrichten zu k\u00f6nnen. Dazu geh\u00f6ren unter anderem Daten wie die IP-Adresse, besuchte Webseiten, der Browser oder die Besuchszeit einer Webseite &#8211; diese Daten werden anonym und nicht personengebunden gespeichert. Dar\u00fcber hinaus werden gegebenenfalls Cookies eingesetzt.<\/p>\n<p>Die pers\u00f6nlichen Daten der Benutzer werden durch eine Verschl\u00fcsselung gesch\u00fctzt, um einen sicheren Datenverkehr zu gew\u00e4hrleisten.<\/p>\n<h2>Kundendienst<\/h2>\n<p>Der Kundendienst von Turbobit steht Ihnen via Email, Skype sowie ICQ zur Verf\u00fcgung und beantwortet Ihnen montags bis samstags von 12 Uhr mittags bis 18 Uhr Ihre individuellen Fragen. F\u00fcr die Kontaktaufnahme via Email k\u00f6nnen Sie das Kontaktformular \u00f6ffnen, den gew\u00fcnschten Bereich ausw\u00e4hlen und Ihr Anliegen schildern.<\/p>\n<p>Dar\u00fcber hinaus finden Sie einen FAQ Bereich, welcher jedoch nur auf Englisch und Russisch bereit steht.<\/p>\n<h2>Benutzerfreundlichkeit<\/h2>\n<p>Die Internetseite ist \u00fcbersichtlich aufgebaut, sodass dem Besucher schnell klar wird, welchen Service Turbobit anbietet. Die Option zum Datei hochladen, wof\u00fcr nicht einmal ein Account erstellt werden muss, ist schnell gefunden und alle notwendigen Informationen zum Turbo-Zugang sind schnell und klar ersichtlich. Zudem kann das Upgrade zum Turbobit Premium Account einfach durchgef\u00fchrt werden.<\/p>\n<p>Auf der Startseite k\u00f6nnen unregistrierte Benutzer bereits einen Browser-Upload vornehmen und Dateien entweder via \u201cDatei ausw\u00e4hlen\u201d oder per \u201cdrag &amp; drop\u201d in den Uploader ziehen. Ganz oben befinden sich neben dem Datei-Upload zwei weitere Reiter &#8211; der Turbo Zugang sowie Make Money. W\u00e4hrend der Benutzer beim ersten Reiter alle notwendigen Informationen \u00fcber den Premium Account erf\u00e4hrt, werden im zweiten Reiter attraktive Verdienstm\u00f6glichkeiten vorgestellt, welche sich durch denAnbieter Turbobit erm\u00f6glichen.<\/p>\n<p>Oben links auf der Seite finden Sie erneut die Funktion \u201cDatei hochladen\u201d sowie den Zugang zu \u201cMeine Dateien\u201d. Hier k\u00f6nnen Sie die von Ihnen hochgeladenen- oder heruntergeladenen Dateien praktisch \u00fcberblicken und ordnen.<\/p>\n<p>Insgesamt k\u00f6nnen wir im Rahmen unserer Erfahrungen mit Turbobit sagen, dass sowohl der kostenlose Account, als auch der Premium Account von Turbobit einen erheblichen Mehrwert bieten.<\/p>\n<p><img loading=\"lazy\" class=\"alignnone size-full wp-image-837\" src=\"https:\/\/multihoster.org\/wp-content\/uploads\/2018\/08\/turbo_access.jpg\" alt=\"Pricing\" width=\"1365\" height=\"885\" srcset=\"https:\/\/multihoster.org\/wp-content\/uploads\/2018\/08\/turbo_access.jpg 1365w, https:\/\/multihoster.org\/wp-content\/uploads\/2018\/08\/turbo_access-300x195.jpg 300w, https:\/\/multihoster.org\/wp-content\/uploads\/2018\/08\/turbo_access-768x498.jpg 768w, https:\/\/multihoster.org\/wp-content\/uploads\/2018\/08\/turbo_access-1024x664.jpg 1024w\" sizes=\"(max-width: 1365px) 100vw, 1365px\" \/><\/p>\n<h2>Die Vorteile eines Premium Accounts bei Turbobit<\/h2>\n<p>Der Turbozugang von Turbobit bietet Ihnen neben den Funktionen des kostenlosen Accounts einige Features. So ist es m\u00f6glich, die gew\u00fcnschten Dateien mit der maximalen Downloadgeschwindigkeit herunterzuladen, w\u00e4hrend Sie nicht mit Werbung gest\u00f6rt werden. Auch die Zwangspausen fallen weg und der Gebrauch eines Downloadmanagers ist erlaubt.<\/p>\n<h2>Unser Fazit zum Anbieter Turbobit<\/h2>\n<p>Alles in allem ist der Anbieter Turbobit eine attraktive M\u00f6glichkeit zum Up- und Download von Dateien. Sie k\u00f6nnen erst den kostenlosen Account testen und anschlie\u00dfend einen Turbobit Premium Account kaufen, welcher durch diverse Abonnements erh\u00e4ltlich ist. Turbobit kann im Rahmen unserer Erfahrung mit einem umfangreichen Service, attraktiven Verdienstm\u00f6glichkeiten sowie einer erstklassigen Benutzerfreundlichkeit \u00fcberzeugen.<\/p>\n<p><a class=\"fasc-button fasc-size-xlarge fasc-type-glossy fasc-rounded-medium ico-fa fasc-ico-after fa-share\" style=\"background-color: #43585e; color: #ffffff;\" target=\"_blank\" rel=\"nofollow noopener noreferrer\" href=\"https:\/\/multihoster.org\/turbobit\/goto\/\">Gehen Sie zu Turbobit.net<\/a><\/p>\n","protected":false},"excerpt":{"rendered":"<p>Beim Anbieter Turbobit k\u00f6nnen Sie nicht nur eine Vielzahl an Dateien herunterladen, sondern auch eigene Dateien hochladen und daf\u00fcr eine<\/p>\n","protected":false},"author":2,"featured_media":0,"parent":0,"menu_order":0,"comment_status":"closed","ping_status":"closed","template":"","meta":[],"yoast_head":"<!-- This site is optimized with the Yoast SEO plugin v18.3 - https:\/\/yoast.com\/wordpress\/plugins\/seo\/ -->\n<title>Turbobit Premium Account seri\u00f6s oder nicht? +++ Test auf Multihoster.org<\/title>\n<meta name=\"description\" content=\"Wir stellen Ihnen den Filehoster Turbobit gerne etwas genauer vor und teilen unsere Erfahrungen zum kostenlosen Account sowie zum Turbobit Premium Account mit Ihnen.\" \/>\n<meta name=\"robots\" content=\"index, follow, max-snippet:-1, max-image-preview:large, max-video-preview:-1\" \/>\n<link rel=\"canonical\" href=\"https:\/\/multihoster.org\/de\/turbobit\/\" \/>\n<meta property=\"og:locale\" content=\"de_DE\" \/>\n<meta property=\"og:type\" content=\"article\" \/>\n<meta property=\"og:title\" content=\"Turbobit Premium Account seri\u00f6s oder nicht? +++ Test auf Multihoster.org\" \/>\n<meta property=\"og:description\" content=\"Wir stellen Ihnen den Filehoster Turbobit gerne etwas genauer vor und teilen unsere Erfahrungen zum kostenlosen Account sowie zum Turbobit Premium Account mit Ihnen.\" \/>\n<meta property=\"og:url\" content=\"https:\/\/multihoster.org\/de\/turbobit\/\" \/>\n<meta property=\"og:site_name\" content=\"Multihoster.org\" \/>\n<meta property=\"article:modified_time\" content=\"2019-10-28T16:06:03+00:00\" \/>\n<meta property=\"og:image\" content=\"https:\/\/multihoster.org\/wp-content\/uploads\/2018\/08\/turbobit.png\" \/>\n<meta name=\"twitter:card\" content=\"summary\" \/>\n<meta name=\"twitter:label1\" content=\"Gesch\u00e4tzte Lesezeit\" \/>\n\t<meta name=\"twitter:data1\" content=\"4\u00a0Minuten\" \/>\n<script type=\"application\/ld+json\" class=\"yoast-schema-graph\">{\"@context\":\"https:\/\/schema.org\",\"@graph\":[{\"@type\":\"WebSite\",\"@id\":\"https:\/\/multihoster.org\/#website\",\"url\":\"https:\/\/multihoster.org\/\",\"name\":\"Multihoster.org\",\"description\":\"Reviews of the major Filehosting services\",\"potentialAction\":[{\"@type\":\"SearchAction\",\"target\":{\"@type\":\"EntryPoint\",\"urlTemplate\":\"https:\/\/multihoster.org\/?s={search_term_string}\"},\"query-input\":\"required name=search_term_string\"}],\"inLanguage\":\"de\"},{\"@type\":\"ImageObject\",\"@id\":\"https:\/\/multihoster.org\/de\/turbobit\/#primaryimage\",\"inLanguage\":\"de\",\"url\":\"https:\/\/multihoster.org\/wp-content\/uploads\/2018\/08\/turbobit.png\",\"contentUrl\":\"https:\/\/multihoster.org\/wp-content\/uploads\/2018\/08\/turbobit.png\",\"width\":365,\"height\":105,\"caption\":\"turbobit\"},{\"@type\":\"WebPage\",\"@id\":\"https:\/\/multihoster.org\/de\/turbobit\/#webpage\",\"url\":\"https:\/\/multihoster.org\/de\/turbobit\/\",\"name\":\"Turbobit Premium Account seri\u00f6s oder nicht? +++ Test auf Multihoster.org\",\"isPartOf\":{\"@id\":\"https:\/\/multihoster.org\/#website\"},\"primaryImageOfPage\":{\"@id\":\"https:\/\/multihoster.org\/de\/turbobit\/#primaryimage\"},\"datePublished\":\"2018-08-09T19:27:45+00:00\",\"dateModified\":\"2019-10-28T16:06:03+00:00\",\"description\":\"Wir stellen Ihnen den Filehoster Turbobit gerne etwas genauer vor und teilen unsere Erfahrungen zum kostenlosen Account sowie zum Turbobit Premium Account mit Ihnen.\",\"breadcrumb\":{\"@id\":\"https:\/\/multihoster.org\/de\/turbobit\/#breadcrumb\"},\"inLanguage\":\"de\",\"potentialAction\":[{\"@type\":\"ReadAction\",\"target\":[\"https:\/\/multihoster.org\/de\/turbobit\/\"]}]},{\"@type\":\"BreadcrumbList\",\"@id\":\"https:\/\/multihoster.org\/de\/turbobit\/#breadcrumb\",\"itemListElement\":[{\"@type\":\"ListItem\",\"position\":1,\"name\":\"Startseite\",\"item\":\"https:\/\/multihoster.org\/de\/\"},{\"@type\":\"ListItem\",\"position\":2,\"name\":\"Turbobit Premium Account &#8211; Der Filehoster im \u00dcberblick\"}]}]}<\/script>\n<!-- \/ Yoast SEO plugin. -->","yoast_head_json":{"title":"Turbobit Premium Account seri\u00f6s oder nicht? +++ Test auf Multihoster.org","description":"Wir stellen Ihnen den Filehoster Turbobit gerne etwas genauer vor und teilen unsere Erfahrungen zum kostenlosen Account sowie zum Turbobit Premium Account mit Ihnen.","robots":{"index":"index","follow":"follow","max-snippet":"max-snippet:-1","max-image-preview":"max-image-preview:large","max-video-preview":"max-video-preview:-1"},"canonical":"https:\/\/multihoster.org\/de\/turbobit\/","og_locale":"de_DE","og_type":"article","og_title":"Turbobit Premium Account seri\u00f6s oder nicht? +++ Test auf Multihoster.org","og_description":"Wir stellen Ihnen den Filehoster Turbobit gerne etwas genauer vor und teilen unsere Erfahrungen zum kostenlosen Account sowie zum Turbobit Premium Account mit Ihnen.","og_url":"https:\/\/multihoster.org\/de\/turbobit\/","og_site_name":"Multihoster.org","article_modified_time":"2019-10-28T16:06:03+00:00","og_image":[{"url":"https:\/\/multihoster.org\/wp-content\/uploads\/2018\/08\/turbobit.png"}],"twitter_card":"summary","twitter_misc":{"Gesch\u00e4tzte Lesezeit":"4\u00a0Minuten"},"schema":{"@context":"https:\/\/schema.org","@graph":[{"@type":"WebSite","@id":"https:\/\/multihoster.org\/#website","url":"https:\/\/multihoster.org\/","name":"Multihoster.org","description":"Reviews of the major Filehosting services","potentialAction":[{"@type":"SearchAction","target":{"@type":"EntryPoint","urlTemplate":"https:\/\/multihoster.org\/?s={search_term_string}"},"query-input":"required name=search_term_string"}],"inLanguage":"de"},{"@type":"ImageObject","@id":"https:\/\/multihoster.org\/de\/turbobit\/#primaryimage","inLanguage":"de","url":"https:\/\/multihoster.org\/wp-content\/uploads\/2018\/08\/turbobit.png","contentUrl":"https:\/\/multihoster.org\/wp-content\/uploads\/2018\/08\/turbobit.png","width":365,"height":105,"caption":"turbobit"},{"@type":"WebPage","@id":"https:\/\/multihoster.org\/de\/turbobit\/#webpage","url":"https:\/\/multihoster.org\/de\/turbobit\/","name":"Turbobit Premium Account seri\u00f6s oder nicht? +++ Test auf Multihoster.org","isPartOf":{"@id":"https:\/\/multihoster.org\/#website"},"primaryImageOfPage":{"@id":"https:\/\/multihoster.org\/de\/turbobit\/#primaryimage"},"datePublished":"2018-08-09T19:27:45+00:00","dateModified":"2019-10-28T16:06:03+00:00","description":"Wir stellen Ihnen den Filehoster Turbobit gerne etwas genauer vor und teilen unsere Erfahrungen zum kostenlosen Account sowie zum Turbobit Premium Account mit Ihnen.","breadcrumb":{"@id":"https:\/\/multihoster.org\/de\/turbobit\/#breadcrumb"},"inLanguage":"de","potentialAction":[{"@type":"ReadAction","target":["https:\/\/multihoster.org\/de\/turbobit\/"]}]},{"@type":"BreadcrumbList","@id":"https:\/\/multihoster.org\/de\/turbobit\/#breadcrumb","itemListElement":[{"@type":"ListItem","position":1,"name":"Startseite","item":"https:\/\/multihoster.org\/de\/"},{"@type":"ListItem","position":2,"name":"Turbobit Premium Account &#8211; Der Filehoster im \u00dcberblick"}]}]}},"_links":{"self":[{"href":"https:\/\/multihoster.org\/de\/wp-json\/wp\/v2\/pages\/834"}],"collection":[{"href":"https:\/\/multihoster.org\/de\/wp-json\/wp\/v2\/pages"}],"about":[{"href":"https:\/\/multihoster.org\/de\/wp-json\/wp\/v2\/types\/page"}],"author":[{"embeddable":true,"href":"https:\/\/multihoster.org\/de\/wp-json\/wp\/v2\/users\/2"}],"replies":[{"embeddable":true,"href":"https:\/\/multihoster.org\/de\/wp-json\/wp\/v2\/comments?post=834"}],"version-history":[{"count":8,"href":"https:\/\/multihoster.org\/de\/wp-json\/wp\/v2\/pages\/834\/revisions"}],"predecessor-version":[{"id":2301,"href":"https:\/\/multihoster.org\/de\/wp-json\/wp\/v2\/pages\/834\/revisions\/2301"}],"wp:attachment":[{"href":"https:\/\/multihoster.org\/de\/wp-json\/wp\/v2\/media?parent=834"}],"curies":[{"name":"wp","href":"https:\/\/api.w.org\/{rel}","templated":true}]}}