{"id":877,"date":"2018-08-09T17:45:57","date_gmt":"2018-08-09T17:45:57","guid":{"rendered":"https:\/\/multihoster.org\/?page_id=877"},"modified":"2018-09-11T05:27:36","modified_gmt":"2018-09-11T05:27:36","slug":"file-al","status":"publish","type":"page","link":"https:\/\/multihoster.org\/de\/file-al\/","title":{"rendered":"File.al Premium Account \u2013 Der Filehoster im \u00dcberblick"},"content":{"rendered":"<p><img loading=\"lazy\" class=\"wp-image-1057 alignleft\" src=\"https:\/\/multihoster.org\/wp-content\/uploads\/2018\/08\/file.al_.png\" alt=\"file.al\" width=\"326\" height=\"147\" srcset=\"https:\/\/multihoster.org\/wp-content\/uploads\/2018\/08\/file.al_.png 406w, https:\/\/multihoster.org\/wp-content\/uploads\/2018\/08\/file.al_-300x135.png 300w\" sizes=\"(max-width: 326px) 100vw, 326px\" \/><\/p>\n<p>Der Filehoster File.AL erm\u00f6glicht Ihnen bereits mit einem kostenlosen Account den Upload und Download von diversen Dateien. Hierbei sind die Funktionen des Dienstes jedoch in bestimmten Bereichen limitiert, sodass beispielsweise Werbung auftritt.<\/p>\n<p>Mit einem Upgrade zu File.AL Premium k\u00f6nnen Sie den vollen Umfang des Service mit allen Features nutzen und werden durch keine Limitierung gest\u00f6rt.<\/p>\n\n<p><a class=\"fasc-button fasc-size-xlarge fasc-type-glossy fasc-rounded-medium ico-fa fasc-ico-after fa-share\" style=\"background-color: #247edd; color: #ffffff;\" target=\"_blank\" rel=\"nofollow noopener\" href=\"https:\/\/multihoster.org\/file-al\/goto\/\">Gehe zu File.al<\/a><\/p>\n<h2>Das gesamte Angebot von File.AL im \u00dcberblick<\/h2>\n<p><span lang=\"DE\">Mit dem kostenlosen Account k\u00f6nnen Sie nach der Registrierung Dateien mit einer Gr\u00f6\u00dfe von bis zu 5 GB herunterladen oder hochladen. Insgesamt verf\u00fcgen Sie dabei \u00fcber einen Speicherplatz von 500 GB.<\/span><\/p>\n<p><span lang=\"DE\">Wenn Sie von weiteren Features profitieren m\u00f6chten, um zum Beispiel ohne Werbung sowie ohne Downloadverz\u00f6gerung mit dem Account bei File.AL arbeiten zu k\u00f6nnen, ist ein Upgrade zum File.AL Premium Account m\u00f6glich.<\/span><\/p>\n<p><span lang=\"DE\">Zudem k\u00f6nnen Sie durch den Upload von Dateien sowie durch die Vermittlung von neuen Kunden attraktive Provisionen zu erhalten.<\/span><\/p>\n<h2>Die Vorteile eines Premium Accounts bei File.AL<\/h2>\n<p>W\u00e4hrend die maximale Dateigr\u00f6\u00dfe beim kostenlosen Account bei 5 GB liegt, k\u00f6nnen Sie mit File.AL Premium Dateien mit einer Gr\u00f6\u00dfe von bis zu 50 GB hochladen und herunterladen. Die Limitierung f\u00fcr den Speicherplatz entf\u00e4llt komplett. Dar\u00fcber hinaus wird im Rahmen des File.AL Premium Accounts auch ein Download-Accelerator unterst\u00fctzt. Sie k\u00f6nnen die Downloads zudem ganz einfach pausieren und stoppen, werden dabei nicht mit Werbung konfrontiert und die Downloadverz\u00f6gerung entf\u00e4llt. Auch Download-Captachs gibt es beim Premium Account nicht.<\/p>\n<p>&nbsp;<\/p>\n<p><img loading=\"lazy\" class=\"alignnone size-full wp-image-882\" src=\"https:\/\/multihoster.org\/wp-content\/uploads\/2018\/08\/laptop.jpg\" alt=\"laptop\" width=\"1920\" height=\"1153\" srcset=\"https:\/\/multihoster.org\/wp-content\/uploads\/2018\/08\/laptop.jpg 1920w, https:\/\/multihoster.org\/wp-content\/uploads\/2018\/08\/laptop-300x180.jpg 300w, https:\/\/multihoster.org\/wp-content\/uploads\/2018\/08\/laptop-768x461.jpg 768w, https:\/\/multihoster.org\/wp-content\/uploads\/2018\/08\/laptop-1024x615.jpg 1024w\" sizes=\"(max-width: 1920px) 100vw, 1920px\" \/><\/p>\n<h2>Kosten und Zahlungsm\u00f6glichkeiten<\/h2>\n<p>F\u00fcr die Bezahlung von File.AL Premium stehen Ihnen diverse Verfahren zur Auswahl. Diese fangen bei den g\u00e4ngigen Kreditkarten sowie Paypal an und reichen \u00fcber die Dienste Sofort\u00fcberweisung, Sofort Banking bis hin zu Perfect Money und Webmoney. Auch ein normaler Bank Transfer ist m\u00f6glich. Wer anonym bezahlen m\u00f6chte, kann eine von vier Cryptow\u00e4hrungen verwenden. Hier stehen Bitcoins, Bitcoin Cash, Litecoin und Ethereum zur Auswahl. Sollte Ihnen keines dieser Verfahren zusagen, k\u00f6nnen Sie bei den Resellern von File.AL Premium viele, weitere Zahlungsmethoden nutzen.<\/p>\n<p><strong>\n<table id=\"tablepress-62\" class=\"tablepress tablepress-id-62\">\n<tbody class=\"row-hover\">\n<tr class=\"row-1 odd\">\n\t<td class=\"column-1\">30 Tage <\/td><td class=\"column-2\">60 Tage<\/td><td class=\"column-3\">90 Tage<\/td><td class=\"column-4\">185 Tage<\/td><td class=\"column-5\">356 Tage<\/td>\n<\/tr>\n<tr class=\"row-2 even\">\n\t<td class=\"column-1\">19,95 $<\/td><td class=\"column-2\">29,95 $<\/td><td class=\"column-3\">39,95 $<\/td><td class=\"column-4\">69,95 $<\/td><td class=\"column-5\">99,95 $<\/td>\n<\/tr>\n<\/tbody>\n<\/table>\n<!-- #tablepress-62 from cache --><\/strong><\/p>\n<p><a class=\"fasc-button fasc-size-xlarge fasc-type-glossy fasc-rounded-medium ico-fa fasc-ico-after fa-share\" style=\"background-color: #247edd; color: #ffffff;\" target=\"_blank\" rel=\"nofollow noopener\" href=\"https:\/\/multihoster.org\/file-al\/goto\/\">Gehe zu File.al<\/a><\/p>\n<h2>Privatsph\u00e4re und Datenschutz<\/h2>\n<p>Hinsichtlich der Privatsph\u00e4re und dem Datenschutz ist beim Anbieter File.AL keine gesonderte Datenschutzerkl\u00e4rung zu finden. Sicher ist allerdings, dass das Unternehmen sich an die g\u00e4ngigen Verordnungen zum Datenschutz halten muss. In den AGB sind f\u00fcr den Nutzer auf Englisch genauere Informationen zum Service sowie zu den Pflichten und Rechten zu finden.<\/p>\n<h2>Kundendienst<\/h2>\n<p>Um mit dem Kundendienst von File.AL Kontakt aufzunehmen, finden Sie ganz unten auf der Seite den Reiter \u201cKontakt\u201d. Mit einem Klick gelangen Sie zum Kundencenter, wo ein neues Ticket er\u00f6ffnet werden oder der Status eines aktuellen Tickets \u00fcberpr\u00fcft werden kann. Im Rahmen des Tickets werden das Thema, der Name, die Email-Adresse sowie das konkrete Anliegen ben\u00f6tigt.<\/p>\n<h2>Benutzerfreundlichkeit<\/h2>\n<p>Die Webseite File.AL ist sehr \u00fcbersichtlich und einfach gestaltet. Ganz oben finden Sie alle wichtigen Reiter, angefangen von \u201eDateien hochladen\u201c und \u201eUpgrade auf Premium\u201c \u00fcber \u201eAffiliate\u201c, \u201eNeu anmelden\u201c und \u201eEinloggen\u201c bis hin zu \u201ePasswort\u201c vergessen.<\/p>\n<p>Auf der Startseite k\u00f6nnen Sie sich mit Ihrem Benutzernamen oder der E-mail sowie dem dazugeh\u00f6rigen Passwort anmelden. Als registrierter Nutzer stehen Ihnen nun die Reiter \u201eMy Account\u201c sowie \u201eMeine Dateien\u201c und \u201eReports\u201c zur Auswahl.<\/p>\n<p>Unter \u201eMy Account\u201c sehen Sie neben den allgemeinen Kontoeinstellungen unter anderem den Kontostand, den genutzten Speicherplatz sowie den noch verf\u00fcgbaren Traffic f\u00fcr den aktuellen Tag. Dar\u00fcber hinaus finden Sie den Link zu den von Ihnen ver\u00f6ffentlichen Daten, Ihren individuellen Affiliate Link und viele, weitere Daten. Dazu geh\u00f6ren auch die Einstellungen f\u00fcr die Downloadgeschwindigkeit oder der Download Countdown.<\/p>\n<p>Auf der Unterseite \u201eMeine Dateien\u201c sehen Sie neben dem bereits belegten Speicherplatz n\u00e4here Informationen zu allen von Ihnen hochgeladenen Dateien.<\/p>\n<p>Mit einem Klick auf den Reiter \u201eReports\u201c k\u00f6nnen Sie den gew\u00fcnschten Zeitraum ausw\u00e4hlen und erhalten daf\u00fcr den entsprechenden Bericht. Der Bericht reicht von den Punkten Downloads \u00fcber Premium Sales und Rebills bis hin zu Refunds, Referrals und Websites.<\/p>\n<p><img loading=\"lazy\" class=\"alignnone size-full wp-image-879\" src=\"https:\/\/multihoster.org\/wp-content\/uploads\/2018\/08\/file_al.jpg\" alt=\"File.AL\" width=\"1672\" height=\"872\" srcset=\"https:\/\/multihoster.org\/wp-content\/uploads\/2018\/08\/file_al.jpg 1672w, https:\/\/multihoster.org\/wp-content\/uploads\/2018\/08\/file_al-300x156.jpg 300w, https:\/\/multihoster.org\/wp-content\/uploads\/2018\/08\/file_al-768x401.jpg 768w, https:\/\/multihoster.org\/wp-content\/uploads\/2018\/08\/file_al-1024x534.jpg 1024w\" sizes=\"(max-width: 1672px) 100vw, 1672px\" \/><\/p>\n<p>&nbsp;<\/p>\n<h2>Unser Fazit zum Anbieter File.AL<\/h2>\n<p>Alles in allem bietet der Anbieter File.AL ein interessantes Angebot. Benutzer k\u00f6nnen erst den kostenlosen Account mit bis zu 500 GB Speicherplatz testen, bevor ein Upgrade auf File.AL Premium notwendig ist. Die Onlinepr\u00e4senz ist \u00fcbersichtlich aufgebaut, sodass alle Informationen sowie Funktionen schnell gefunden sind. Auch der Kontakt zum Kundenservice geht einfach vonstatten. F\u00fcr die Bezahlung des File.AL Premium Accounts stehen diverse Bezahlmethoden zur Verf\u00fcgung, darunter auch einige Verfahren f\u00fcr die anonyme Bezahlung.<\/p>\n<p><a class=\"fasc-button fasc-size-xlarge fasc-type-glossy fasc-rounded-medium ico-fa fasc-ico-after fa-share\" style=\"background-color: #247edd; color: #ffffff;\" target=\"_blank\" rel=\"nofollow noopener\" href=\"https:\/\/multihoster.org\/file-al\/goto\/\">Gehe zu File.al<\/a><\/p>\n","protected":false},"excerpt":{"rendered":"<p>Der Filehoster File.AL erm\u00f6glicht Ihnen bereits mit einem kostenlosen Account den Upload und Download von diversen Dateien. Hierbei sind die<\/p>\n","protected":false},"author":2,"featured_media":0,"parent":0,"menu_order":0,"comment_status":"closed","ping_status":"closed","template":"","meta":[],"yoast_head":"<!-- This site is optimized with the Yoast SEO plugin v18.3 - https:\/\/yoast.com\/wordpress\/plugins\/seo\/ -->\n<title>lll\u25b7 File.al Premium Account seri\u00f6s oder nicht? +++ Test auf Multihoster.org<\/title>\n<meta name=\"description\" content=\"Sie m\u00f6chten wissen, ob der Filehoster File.AL die richtige Wahl ist? Wir stellen Ihnen den Anbieter und den File.AL Premium Account gerne im Detail vor.\" \/>\n<meta name=\"robots\" content=\"index, follow, max-snippet:-1, max-image-preview:large, max-video-preview:-1\" \/>\n<link rel=\"canonical\" href=\"https:\/\/multihoster.org\/de\/file-al\/\" \/>\n<meta property=\"og:locale\" content=\"de_DE\" \/>\n<meta property=\"og:type\" content=\"article\" \/>\n<meta property=\"og:title\" content=\"lll\u25b7 File.al Premium Account seri\u00f6s oder nicht? +++ Test auf Multihoster.org\" \/>\n<meta property=\"og:description\" content=\"Sie m\u00f6chten wissen, ob der Filehoster File.AL die richtige Wahl ist? Wir stellen Ihnen den Anbieter und den File.AL Premium Account gerne im Detail vor.\" \/>\n<meta property=\"og:url\" content=\"https:\/\/multihoster.org\/de\/file-al\/\" \/>\n<meta property=\"og:site_name\" content=\"Multihoster.org\" \/>\n<meta property=\"article:modified_time\" content=\"2018-09-11T05:27:36+00:00\" \/>\n<meta property=\"og:image\" content=\"https:\/\/multihoster.org\/wp-content\/uploads\/2018\/08\/file.al_.png\" \/>\n<meta name=\"twitter:card\" content=\"summary\" \/>\n<meta name=\"twitter:label1\" content=\"Gesch\u00e4tzte Lesezeit\" \/>\n\t<meta name=\"twitter:data1\" content=\"4\u00a0Minuten\" \/>\n<script type=\"application\/ld+json\" class=\"yoast-schema-graph\">{\"@context\":\"https:\/\/schema.org\",\"@graph\":[{\"@type\":\"WebSite\",\"@id\":\"https:\/\/multihoster.org\/#website\",\"url\":\"https:\/\/multihoster.org\/\",\"name\":\"Multihoster.org\",\"description\":\"Reviews of the major Filehosting services\",\"potentialAction\":[{\"@type\":\"SearchAction\",\"target\":{\"@type\":\"EntryPoint\",\"urlTemplate\":\"https:\/\/multihoster.org\/?s={search_term_string}\"},\"query-input\":\"required name=search_term_string\"}],\"inLanguage\":\"de\"},{\"@type\":\"ImageObject\",\"@id\":\"https:\/\/multihoster.org\/de\/file-al\/#primaryimage\",\"inLanguage\":\"de\",\"url\":\"https:\/\/multihoster.org\/wp-content\/uploads\/2018\/08\/file.al_.png\",\"contentUrl\":\"https:\/\/multihoster.org\/wp-content\/uploads\/2018\/08\/file.al_.png\",\"width\":406,\"height\":183,\"caption\":\"file.al\"},{\"@type\":\"WebPage\",\"@id\":\"https:\/\/multihoster.org\/de\/file-al\/#webpage\",\"url\":\"https:\/\/multihoster.org\/de\/file-al\/\",\"name\":\"lll\u25b7 File.al Premium Account seri\u00f6s oder nicht? +++ Test auf Multihoster.org\",\"isPartOf\":{\"@id\":\"https:\/\/multihoster.org\/#website\"},\"primaryImageOfPage\":{\"@id\":\"https:\/\/multihoster.org\/de\/file-al\/#primaryimage\"},\"datePublished\":\"2018-08-09T17:45:57+00:00\",\"dateModified\":\"2018-09-11T05:27:36+00:00\",\"description\":\"Sie m\u00f6chten wissen, ob der Filehoster File.AL die richtige Wahl ist? Wir stellen Ihnen den Anbieter und den File.AL Premium Account gerne im Detail vor.\",\"breadcrumb\":{\"@id\":\"https:\/\/multihoster.org\/de\/file-al\/#breadcrumb\"},\"inLanguage\":\"de\",\"potentialAction\":[{\"@type\":\"ReadAction\",\"target\":[\"https:\/\/multihoster.org\/de\/file-al\/\"]}]},{\"@type\":\"BreadcrumbList\",\"@id\":\"https:\/\/multihoster.org\/de\/file-al\/#breadcrumb\",\"itemListElement\":[{\"@type\":\"ListItem\",\"position\":1,\"name\":\"Startseite\",\"item\":\"https:\/\/multihoster.org\/de\/\"},{\"@type\":\"ListItem\",\"position\":2,\"name\":\"File.al Premium Account \u2013 Der Filehoster im \u00dcberblick\"}]}]}<\/script>\n<!-- \/ Yoast SEO plugin. -->","yoast_head_json":{"title":"lll\u25b7 File.al Premium Account seri\u00f6s oder nicht? +++ Test auf Multihoster.org","description":"Sie m\u00f6chten wissen, ob der Filehoster File.AL die richtige Wahl ist? Wir stellen Ihnen den Anbieter und den File.AL Premium Account gerne im Detail vor.","robots":{"index":"index","follow":"follow","max-snippet":"max-snippet:-1","max-image-preview":"max-image-preview:large","max-video-preview":"max-video-preview:-1"},"canonical":"https:\/\/multihoster.org\/de\/file-al\/","og_locale":"de_DE","og_type":"article","og_title":"lll\u25b7 File.al Premium Account seri\u00f6s oder nicht? +++ Test auf Multihoster.org","og_description":"Sie m\u00f6chten wissen, ob der Filehoster File.AL die richtige Wahl ist? Wir stellen Ihnen den Anbieter und den File.AL Premium Account gerne im Detail vor.","og_url":"https:\/\/multihoster.org\/de\/file-al\/","og_site_name":"Multihoster.org","article_modified_time":"2018-09-11T05:27:36+00:00","og_image":[{"url":"https:\/\/multihoster.org\/wp-content\/uploads\/2018\/08\/file.al_.png"}],"twitter_card":"summary","twitter_misc":{"Gesch\u00e4tzte Lesezeit":"4\u00a0Minuten"},"schema":{"@context":"https:\/\/schema.org","@graph":[{"@type":"WebSite","@id":"https:\/\/multihoster.org\/#website","url":"https:\/\/multihoster.org\/","name":"Multihoster.org","description":"Reviews of the major Filehosting services","potentialAction":[{"@type":"SearchAction","target":{"@type":"EntryPoint","urlTemplate":"https:\/\/multihoster.org\/?s={search_term_string}"},"query-input":"required name=search_term_string"}],"inLanguage":"de"},{"@type":"ImageObject","@id":"https:\/\/multihoster.org\/de\/file-al\/#primaryimage","inLanguage":"de","url":"https:\/\/multihoster.org\/wp-content\/uploads\/2018\/08\/file.al_.png","contentUrl":"https:\/\/multihoster.org\/wp-content\/uploads\/2018\/08\/file.al_.png","width":406,"height":183,"caption":"file.al"},{"@type":"WebPage","@id":"https:\/\/multihoster.org\/de\/file-al\/#webpage","url":"https:\/\/multihoster.org\/de\/file-al\/","name":"lll\u25b7 File.al Premium Account seri\u00f6s oder nicht? +++ Test auf Multihoster.org","isPartOf":{"@id":"https:\/\/multihoster.org\/#website"},"primaryImageOfPage":{"@id":"https:\/\/multihoster.org\/de\/file-al\/#primaryimage"},"datePublished":"2018-08-09T17:45:57+00:00","dateModified":"2018-09-11T05:27:36+00:00","description":"Sie m\u00f6chten wissen, ob der Filehoster File.AL die richtige Wahl ist? Wir stellen Ihnen den Anbieter und den File.AL Premium Account gerne im Detail vor.","breadcrumb":{"@id":"https:\/\/multihoster.org\/de\/file-al\/#breadcrumb"},"inLanguage":"de","potentialAction":[{"@type":"ReadAction","target":["https:\/\/multihoster.org\/de\/file-al\/"]}]},{"@type":"BreadcrumbList","@id":"https:\/\/multihoster.org\/de\/file-al\/#breadcrumb","itemListElement":[{"@type":"ListItem","position":1,"name":"Startseite","item":"https:\/\/multihoster.org\/de\/"},{"@type":"ListItem","position":2,"name":"File.al Premium Account \u2013 Der Filehoster im \u00dcberblick"}]}]}},"_links":{"self":[{"href":"https:\/\/multihoster.org\/de\/wp-json\/wp\/v2\/pages\/877"}],"collection":[{"href":"https:\/\/multihoster.org\/de\/wp-json\/wp\/v2\/pages"}],"about":[{"href":"https:\/\/multihoster.org\/de\/wp-json\/wp\/v2\/types\/page"}],"author":[{"embeddable":true,"href":"https:\/\/multihoster.org\/de\/wp-json\/wp\/v2\/users\/2"}],"replies":[{"embeddable":true,"href":"https:\/\/multihoster.org\/de\/wp-json\/wp\/v2\/comments?post=877"}],"version-history":[{"count":9,"href":"https:\/\/multihoster.org\/de\/wp-json\/wp\/v2\/pages\/877\/revisions"}],"predecessor-version":[{"id":1336,"href":"https:\/\/multihoster.org\/de\/wp-json\/wp\/v2\/pages\/877\/revisions\/1336"}],"wp:attachment":[{"href":"https:\/\/multihoster.org\/de\/wp-json\/wp\/v2\/media?parent=877"}],"curies":[{"name":"wp","href":"https:\/\/api.w.org\/{rel}","templated":true}]}}