{"id":917,"date":"2018-08-09T19:14:31","date_gmt":"2018-08-09T19:14:31","guid":{"rendered":"https:\/\/multihoster.org\/?page_id=917"},"modified":"2018-09-12T05:40:29","modified_gmt":"2018-09-12T05:40:29","slug":"nitroflare","status":"publish","type":"page","link":"https:\/\/multihoster.org\/de\/nitroflare\/","title":{"rendered":"Nitroflare Premium Account \u2013 Der Filehoster im \u00dcberblick"},"content":{"rendered":"<p><img loading=\"lazy\" class=\"size-full wp-image-1066 alignleft\" src=\"https:\/\/multihoster.org\/wp-content\/uploads\/2018\/08\/nitroflare.png\" alt=\"nitroflare\" width=\"414\" height=\"94\" srcset=\"https:\/\/multihoster.org\/wp-content\/uploads\/2018\/08\/nitroflare.png 414w, https:\/\/multihoster.org\/wp-content\/uploads\/2018\/08\/nitroflare-300x68.png 300w\" sizes=\"(max-width: 414px) 100vw, 414px\" \/><\/p>\n<p>Der Anbieter NitroFlare z\u00e4hlt sich zur absoluten Spitzenklasse in der Branche und bezeichnet sich selbst als den besten und schnellsten Service f\u00fcr das Hochladen, Speichern, und sichere Teilen von Daten im Internet. Der Filehoster bietet einen internationalen Service f\u00fcr den Transfer, die Speicherung sowie Sicherung und Verteilung von Daten.<\/p>\n<p>NitroFlare erkl\u00e4rt auf der Startseite, dass die Servergeschwindigkeit ann\u00e4hernd unlimitiert ist und es keine \u00e4hnlichen Dienste gibt, welche das Level an Qualit\u00e4t bieten. Dabei bezieht sich der Anbieter nat\u00fcrlich auf den NitroFlare Premium Service, welcher kostenpflichtig ist.<\/p>\n\n<p><a class=\"fasc-button fasc-size-xlarge fasc-type-glossy fasc-rounded-medium ico-fa fasc-ico-after fa-share\" style=\"background-color: #43585e; color: #ffffff;\" target=\"_blank\" rel=\"nofollow\" href=\"https:\/\/multihoster.org\/nitroflare\/goto\/\">Gehe zu Nitroflare.com<\/a><\/p>\n<h2>Das gesamte Angebot von NitroFlare im \u00dcberblick<\/h2>\n<p>Bei NitroFlare k\u00f6nnen Sie bereits mit einem kostenlosen Account diverse Dateien bis zu einer Gr\u00f6\u00dfe von 10 GB pro Download via Browser Upload, Remote Upload oder FTP Upload auf die Server des Anbieters hochladen.<\/p>\n<p>Neben dem kostenlosen Account stehen Ihnen insgesamt f\u00fcnf kostenpflichtige Abonnements f\u00fcr einen NitroFlare Premium Account zur Verf\u00fcgung, mit denen Sie den vollen Umfang des Service von NitroFlare genie\u00dfen k\u00f6nnen. F\u00fcr NitroFlare Premium gibt ein Probeabonnement f\u00fcr 2 Tage sowie Tarife f\u00fcr 30 Tage, 90 Tage, 180 Tage und 365 Tage. Das Probeabonnement f\u00fcr 2 Tage ist nur geringf\u00fcgig g\u00fcnstiger, als der 30-Tage-Tarif, wodurch der Besucher schnell zum 30 Tages-Abonnement f\u00fcr NitroFlare Premium gef\u00fchrt wird.<\/p>\n<h2>Bonusangebote<\/h2>\n<p>Der Anbieter NitroFlare bietet nicht nur die M\u00f6glichkeit zum Upload und Download von Dateien, sondern dar\u00fcber hinaus eine attraktive Verdienstm\u00f6glichkeit und das Bewerben des Service. Je nach Account-Typ k\u00f6nnen Sie eine Provision von bis zu 10% erhalten, wenn der Anbieter durch Sie von neuen Kunden profitiert.<\/p>\n<p><img loading=\"lazy\" class=\"alignnone size-full wp-image-919\" src=\"https:\/\/multihoster.org\/wp-content\/uploads\/2018\/08\/nitroflare.jpg\" alt=\"Nitroflare\" width=\"894\" height=\"632\" srcset=\"https:\/\/multihoster.org\/wp-content\/uploads\/2018\/08\/nitroflare.jpg 894w, https:\/\/multihoster.org\/wp-content\/uploads\/2018\/08\/nitroflare-300x212.jpg 300w, https:\/\/multihoster.org\/wp-content\/uploads\/2018\/08\/nitroflare-768x543.jpg 768w\" sizes=\"(max-width: 894px) 100vw, 894px\" \/><\/p>\n<h2>Kosten und Zahlungsm\u00f6glichkeiten<\/h2>\n<p>Als Zahlungsm\u00f6glichkeiten f\u00fcr den NitroFlare Premium Account stehen Ihnen unter anderem die bekannten Wege via Kreditkarte zur Verf\u00fcgung. An dieser Stelle werden sowohl VISA, als auch MasterCard, American Express und Discover Card akzeptiert. Dar\u00fcber hinaus stehen f\u00fcr die Bezahlung von NitroFlare Premium weitere Verfahren wie zum Beispiel WebMoney zur Verf\u00fcgung. Wer anonym bezahlen m\u00f6chte, kann die Zahlung via Bitcoin nutzen.<\/p>\n<p><strong>\n<table id=\"tablepress-69\" class=\"tablepress tablepress-id-69\">\n<tbody class=\"row-hover\">\n<tr class=\"row-1 odd\">\n\t<td class=\"column-1\">Trial<\/td><td class=\"column-2\">Medium<\/td><td class=\"column-3\">Popular<\/td><td class=\"column-4\">Big<\/td><td class=\"column-5\">Huge<\/td>\n<\/tr>\n<tr class=\"row-2 even\">\n\t<td class=\"column-1\">2 Tage<\/td><td class=\"column-2\">30 Tage<\/td><td class=\"column-3\">90 Tage<\/td><td class=\"column-4\">180 Tage<\/td><td class=\"column-5\">365 Tage<\/td>\n<\/tr>\n<tr class=\"row-3 odd\">\n\t<td class=\"column-1\">10 $<\/td><td class=\"column-2\">12 $<\/td><td class=\"column-3\">30 $<\/td><td class=\"column-4\">50 $<\/td><td class=\"column-5\">90 $<\/td>\n<\/tr>\n<\/tbody>\n<\/table>\n<!-- #tablepress-69 from cache --><\/strong><\/p>\n<p><a class=\"fasc-button fasc-size-xlarge fasc-type-glossy fasc-rounded-medium ico-fa fasc-ico-after fa-share\" style=\"background-color: #43585e; color: #ffffff;\" target=\"_blank\" rel=\"nofollow\" href=\"https:\/\/multihoster.org\/nitroflare\/goto\/\">Gehe zu Nitroflare.com<\/a><\/p>\n<h2>Privatsph\u00e4re und Datenschutz<\/h2>\n<p>Die Privatsph\u00e4re und der Datenschutz werden zwei immer wichtiger werdende Themen bei vielen Verbrauchern. Was den Schutz Ihrer pers\u00f6nlichen Daten sowie Ihrer Privatsph\u00e4re betrifft, so k\u00f6nnen Sie sich auf die Seriosit\u00e4t des Anbieters NitroFlare verlassen.<\/p>\n<p>Gespeichert werden vom Anbieter g\u00e4ngige Informationen wie die IP-Adresse, die E-Mail Adresse, der Name sowie die jeweils hoch- und heruntergeladenen Dateien. Durch die Verwendung des Service von NitroFlare akzeptieren Sie zudem den Einsatz von Cookies, welcher das Nutzungserlebnis h\u00e4ufig verbessert.<\/p>\n<p>Pers\u00f6nliche Finanzdaten werden grunds\u00e4tzlich nicht von NitroFlare gespeichert, denn bei dem Bezahlungsprozess sind separate Bezahlungsdienste involviert, welche die Daten verarbeiten.<\/p>\n<h2>Kundendienst<\/h2>\n<p>Den Link zum Kundendienst finden Sie ganz oben auf der Webseite unter dem Reiter \u201cSupport\u201d. Der Anwender wird oben auf der Zielseite gebeten, erst nach einer L\u00f6sung im Frage- und Antworten Bereich zu suchen. Darunter befindet sich ein Kontaktformular, bei welchem die E-Mail Adresse, das Thema sowie eine Konkretisierung des Anliegens notwendig sind. Anschlie\u00dfend kann das Captacha best\u00e4tigt und die Nachricht abgeschickt werden.<\/p>\n<p><img loading=\"lazy\" class=\"alignnone size-full wp-image-920\" src=\"https:\/\/multihoster.org\/wp-content\/uploads\/2018\/08\/support.jpg\" alt=\"support\" width=\"859\" height=\"624\" srcset=\"https:\/\/multihoster.org\/wp-content\/uploads\/2018\/08\/support.jpg 859w, https:\/\/multihoster.org\/wp-content\/uploads\/2018\/08\/support-300x218.jpg 300w, https:\/\/multihoster.org\/wp-content\/uploads\/2018\/08\/support-768x558.jpg 768w\" sizes=\"(max-width: 859px) 100vw, 859px\" \/><\/p>\n<h2>Benutzerfreundlichkeit<\/h2>\n<p>Die Onlinepr\u00e4senz nitroflare.com ist \u00fcbersichtlich strukturiert, sodass Sie auf der Startseite alles Wichtige sofort im Blick haben. Bereits ohne einen Account k\u00f6nnen Sie Dateien mit einer Gr\u00f6\u00dfe von bis zu 10 GB hochladen und daf\u00fcr den Browser Upload, den FTP Upload oder den Remote Upload verwenden. Dar\u00fcber hinaus sind ganz oben auf der Seite die Unterseiten \u201cBuy Premium\u201d, \u201cMake Money\u201d sowie \u201cSupport\u201d zu finden.<\/p>\n<p>Mit einem Klick auf \u201eUser\u201c oben rechts auf der Seite gelangen Sie zur Account \u00dcbersicht. Hier sehen Sie unter anderem die verf\u00fcgbare Speicherkapazit\u00e4t, den Kontostand sowie Informationen zu den Verdienstm\u00f6glichkeiten. Auch eine Statistik hinsichtlich der Klicks, Downloads und Sales ist zu finden.<\/p>\n<p>Von hier gelangen Sie zum Reiter \u201eMy Files\u201c, wo Sie Ihre Dateien praktisch ordnen und \u00fcberblicken k\u00f6nnen. Ebenfalls m\u00f6glich ist der Zugang zu den Affiliate Reports sowie die Erstellung eines FTP Accounts. Sie k\u00f6nnen zudem Ihre individuellen Referalls f\u00fcr Uploads sowie Sales einsehen und finden weiterf\u00fchrende Links zu zwei Entwickler APIs.<\/p>\n<h2>Die Vorteile eines Premium Accounts bei NitroFlare<\/h2>\n<p>Mit einem NitroFlare Premium Account k\u00f6nnen Sie beim Besuch von NitroFlare.com die maximale Geschwindigkeit nutzen. Zudem profitieren Sie von dem Feature, die gew\u00fcnschten Videos nicht nur herunterladen, sondern bereits online ansehen zu k\u00f6nnen.<\/p>\n<p>Dar\u00fcber hinaus werden Sie bei der Verwendung des Service nicht durch Werbung gest\u00f6rt und profitieren mit NitroFlare Premium durch einen priorisierten Kundenservice.<\/p>\n<h2>Unser Fazit zum Anbieter NitroFlare<\/h2>\n<p>Alles in allem bietet NitroFlare ein interessantes Angebot, welches sowohl kostenlos, als auch kostenpflichtig genutzt werden kann. W\u00e4hrend Sie mit dem NitroFlare Premium Account \u00fcber alle Features verf\u00fcgen und die maximale Geschwindigkeit nutzen k\u00f6nnen, ist der Leistungsumfang des kostenfreien Accounts limitiert. Die Seite ist \u00fcbersichtlich strukturiert, sodass alle Informationen und Funktionen schnell gefunden sind. Testen Sie am Besten selbst das kostenlose Angebot von NitroFlare, um bei Gefallen anschlie\u00dfend ein Upgrade zu NitroFlare Premium vorzunehmen.<\/p>\n<p><a class=\"fasc-button fasc-size-xlarge fasc-type-glossy fasc-rounded-medium ico-fa fasc-ico-after fa-share\" style=\"background-color: #43585e; color: #ffffff;\" target=\"_blank\" rel=\"nofollow\" href=\"https:\/\/multihoster.org\/nitroflare\/goto\/\">Gehe zu Nitroflare.com<\/a><\/p>\n<p>&nbsp;<\/p>\n","protected":false},"excerpt":{"rendered":"<p>Der Anbieter NitroFlare z\u00e4hlt sich zur absoluten Spitzenklasse in der Branche und bezeichnet sich selbst als den besten und schnellsten<\/p>\n","protected":false},"author":2,"featured_media":0,"parent":0,"menu_order":0,"comment_status":"closed","ping_status":"closed","template":"","meta":[],"yoast_head":"<!-- This site is optimized with the Yoast SEO plugin v18.3 - https:\/\/yoast.com\/wordpress\/plugins\/seo\/ -->\n<title>lll\u25b7 Nitroflare Premium Account seri\u00f6s oder nicht? +++ Test auf Multihoster.org<\/title>\n<meta name=\"description\" content=\"Wir haben den Filehoster NitroFlare unter die Lupe genommen und stellen Ihnen den Anbieter gerne etwas genauer vor.\" \/>\n<meta name=\"robots\" content=\"index, follow, max-snippet:-1, max-image-preview:large, max-video-preview:-1\" \/>\n<link rel=\"canonical\" href=\"https:\/\/multihoster.org\/de\/nitroflare\/\" \/>\n<meta property=\"og:locale\" content=\"de_DE\" \/>\n<meta property=\"og:type\" content=\"article\" \/>\n<meta property=\"og:title\" content=\"lll\u25b7 Nitroflare Premium Account seri\u00f6s oder nicht? +++ Test auf Multihoster.org\" \/>\n<meta property=\"og:description\" content=\"Wir haben den Filehoster NitroFlare unter die Lupe genommen und stellen Ihnen den Anbieter gerne etwas genauer vor.\" \/>\n<meta property=\"og:url\" content=\"https:\/\/multihoster.org\/de\/nitroflare\/\" \/>\n<meta property=\"og:site_name\" content=\"Multihoster.org\" \/>\n<meta property=\"article:modified_time\" content=\"2018-09-12T05:40:29+00:00\" \/>\n<meta property=\"og:image\" content=\"https:\/\/multihoster.org\/wp-content\/uploads\/2018\/08\/nitroflare.png\" \/>\n<meta name=\"twitter:card\" content=\"summary\" \/>\n<meta name=\"twitter:label1\" content=\"Gesch\u00e4tzte Lesezeit\" \/>\n\t<meta name=\"twitter:data1\" content=\"4\u00a0Minuten\" \/>\n<script type=\"application\/ld+json\" class=\"yoast-schema-graph\">{\"@context\":\"https:\/\/schema.org\",\"@graph\":[{\"@type\":\"WebSite\",\"@id\":\"https:\/\/multihoster.org\/#website\",\"url\":\"https:\/\/multihoster.org\/\",\"name\":\"Multihoster.org\",\"description\":\"Reviews of the major Filehosting services\",\"potentialAction\":[{\"@type\":\"SearchAction\",\"target\":{\"@type\":\"EntryPoint\",\"urlTemplate\":\"https:\/\/multihoster.org\/?s={search_term_string}\"},\"query-input\":\"required name=search_term_string\"}],\"inLanguage\":\"de\"},{\"@type\":\"ImageObject\",\"@id\":\"https:\/\/multihoster.org\/de\/nitroflare\/#primaryimage\",\"inLanguage\":\"de\",\"url\":\"https:\/\/multihoster.org\/wp-content\/uploads\/2018\/08\/nitroflare.png\",\"contentUrl\":\"https:\/\/multihoster.org\/wp-content\/uploads\/2018\/08\/nitroflare.png\",\"width\":414,\"height\":94,\"caption\":\"nitroflare\"},{\"@type\":\"WebPage\",\"@id\":\"https:\/\/multihoster.org\/de\/nitroflare\/#webpage\",\"url\":\"https:\/\/multihoster.org\/de\/nitroflare\/\",\"name\":\"lll\u25b7 Nitroflare Premium Account seri\u00f6s oder nicht? +++ Test auf Multihoster.org\",\"isPartOf\":{\"@id\":\"https:\/\/multihoster.org\/#website\"},\"primaryImageOfPage\":{\"@id\":\"https:\/\/multihoster.org\/de\/nitroflare\/#primaryimage\"},\"datePublished\":\"2018-08-09T19:14:31+00:00\",\"dateModified\":\"2018-09-12T05:40:29+00:00\",\"description\":\"Wir haben den Filehoster NitroFlare unter die Lupe genommen und stellen Ihnen den Anbieter gerne etwas genauer vor.\",\"breadcrumb\":{\"@id\":\"https:\/\/multihoster.org\/de\/nitroflare\/#breadcrumb\"},\"inLanguage\":\"de\",\"potentialAction\":[{\"@type\":\"ReadAction\",\"target\":[\"https:\/\/multihoster.org\/de\/nitroflare\/\"]}]},{\"@type\":\"BreadcrumbList\",\"@id\":\"https:\/\/multihoster.org\/de\/nitroflare\/#breadcrumb\",\"itemListElement\":[{\"@type\":\"ListItem\",\"position\":1,\"name\":\"Startseite\",\"item\":\"https:\/\/multihoster.org\/de\/\"},{\"@type\":\"ListItem\",\"position\":2,\"name\":\"Nitroflare Premium Account \u2013 Der Filehoster im \u00dcberblick\"}]}]}<\/script>\n<!-- \/ Yoast SEO plugin. -->","yoast_head_json":{"title":"lll\u25b7 Nitroflare Premium Account seri\u00f6s oder nicht? +++ Test auf Multihoster.org","description":"Wir haben den Filehoster NitroFlare unter die Lupe genommen und stellen Ihnen den Anbieter gerne etwas genauer vor.","robots":{"index":"index","follow":"follow","max-snippet":"max-snippet:-1","max-image-preview":"max-image-preview:large","max-video-preview":"max-video-preview:-1"},"canonical":"https:\/\/multihoster.org\/de\/nitroflare\/","og_locale":"de_DE","og_type":"article","og_title":"lll\u25b7 Nitroflare Premium Account seri\u00f6s oder nicht? +++ Test auf Multihoster.org","og_description":"Wir haben den Filehoster NitroFlare unter die Lupe genommen und stellen Ihnen den Anbieter gerne etwas genauer vor.","og_url":"https:\/\/multihoster.org\/de\/nitroflare\/","og_site_name":"Multihoster.org","article_modified_time":"2018-09-12T05:40:29+00:00","og_image":[{"url":"https:\/\/multihoster.org\/wp-content\/uploads\/2018\/08\/nitroflare.png"}],"twitter_card":"summary","twitter_misc":{"Gesch\u00e4tzte Lesezeit":"4\u00a0Minuten"},"schema":{"@context":"https:\/\/schema.org","@graph":[{"@type":"WebSite","@id":"https:\/\/multihoster.org\/#website","url":"https:\/\/multihoster.org\/","name":"Multihoster.org","description":"Reviews of the major Filehosting services","potentialAction":[{"@type":"SearchAction","target":{"@type":"EntryPoint","urlTemplate":"https:\/\/multihoster.org\/?s={search_term_string}"},"query-input":"required name=search_term_string"}],"inLanguage":"de"},{"@type":"ImageObject","@id":"https:\/\/multihoster.org\/de\/nitroflare\/#primaryimage","inLanguage":"de","url":"https:\/\/multihoster.org\/wp-content\/uploads\/2018\/08\/nitroflare.png","contentUrl":"https:\/\/multihoster.org\/wp-content\/uploads\/2018\/08\/nitroflare.png","width":414,"height":94,"caption":"nitroflare"},{"@type":"WebPage","@id":"https:\/\/multihoster.org\/de\/nitroflare\/#webpage","url":"https:\/\/multihoster.org\/de\/nitroflare\/","name":"lll\u25b7 Nitroflare Premium Account seri\u00f6s oder nicht? +++ Test auf Multihoster.org","isPartOf":{"@id":"https:\/\/multihoster.org\/#website"},"primaryImageOfPage":{"@id":"https:\/\/multihoster.org\/de\/nitroflare\/#primaryimage"},"datePublished":"2018-08-09T19:14:31+00:00","dateModified":"2018-09-12T05:40:29+00:00","description":"Wir haben den Filehoster NitroFlare unter die Lupe genommen und stellen Ihnen den Anbieter gerne etwas genauer vor.","breadcrumb":{"@id":"https:\/\/multihoster.org\/de\/nitroflare\/#breadcrumb"},"inLanguage":"de","potentialAction":[{"@type":"ReadAction","target":["https:\/\/multihoster.org\/de\/nitroflare\/"]}]},{"@type":"BreadcrumbList","@id":"https:\/\/multihoster.org\/de\/nitroflare\/#breadcrumb","itemListElement":[{"@type":"ListItem","position":1,"name":"Startseite","item":"https:\/\/multihoster.org\/de\/"},{"@type":"ListItem","position":2,"name":"Nitroflare Premium Account \u2013 Der Filehoster im \u00dcberblick"}]}]}},"_links":{"self":[{"href":"https:\/\/multihoster.org\/de\/wp-json\/wp\/v2\/pages\/917"}],"collection":[{"href":"https:\/\/multihoster.org\/de\/wp-json\/wp\/v2\/pages"}],"about":[{"href":"https:\/\/multihoster.org\/de\/wp-json\/wp\/v2\/types\/page"}],"author":[{"embeddable":true,"href":"https:\/\/multihoster.org\/de\/wp-json\/wp\/v2\/users\/2"}],"replies":[{"embeddable":true,"href":"https:\/\/multihoster.org\/de\/wp-json\/wp\/v2\/comments?post=917"}],"version-history":[{"count":8,"href":"https:\/\/multihoster.org\/de\/wp-json\/wp\/v2\/pages\/917\/revisions"}],"predecessor-version":[{"id":1367,"href":"https:\/\/multihoster.org\/de\/wp-json\/wp\/v2\/pages\/917\/revisions\/1367"}],"wp:attachment":[{"href":"https:\/\/multihoster.org\/de\/wp-json\/wp\/v2\/media?parent=917"}],"curies":[{"name":"wp","href":"https:\/\/api.w.org\/{rel}","templated":true}]}}