{"id":95,"date":"2018-04-23T21:48:30","date_gmt":"2018-04-23T21:48:30","guid":{"rendered":"https:\/\/multihoster.org\/?page_id=95"},"modified":"2018-09-12T05:59:08","modified_gmt":"2018-09-12T05:59:08","slug":"oboom","status":"publish","type":"page","link":"https:\/\/multihoster.org\/de\/oboom\/","title":{"rendered":"Oboom Premium Account &#8211; Der Filehoster im \u00dcberblick"},"content":{"rendered":"<p><img loading=\"lazy\" class=\"size-full wp-image-101 alignleft\" src=\"https:\/\/multihoster.org\/wp-content\/uploads\/2018\/04\/logo.png\" alt=\"logo\" width=\"222\" height=\"59\"><\/p>\n<p>Oboom bietet Ihnen einen komplett kostenlosen Service, bei dem Sie Ihre Dateien vollkommen orts- sowie ger\u00e4teunabh\u00e4ngig in der Cloud speichern&nbsp;&nbsp;&nbsp;k\u00f6nnen. Der Anbieter legt gro\u00dfen Wert auf die Teamarbeit und m\u00f6chte durch die Plattform eine M\u00f6glichkeit schaffen, mit welcher Dateien unkompliziert von \u00fcberall und mit jedem Ger\u00e4t geteilt werden k\u00f6nnen. Dabei stehen Diskretion und Sicherheit nat\u00fcrlich an erster Stelle.<\/p>\n\n<p><a class=\"fasc-button fasc-size-xlarge fasc-type-glossy fasc-rounded-medium ico-fa fasc-ico-after fa-share\" style=\"background-color: #43585e; color: #ffffff;\" rel=\"nofollow\" href=\"https:\/\/multihoster.org\/oboom\/goto\/\">Gehe zu Oboom.com<\/a><\/p>\n<h2><span lang=\"de\">Positive Eigenschaften des Anbieters<\/span><\/h2>\n<ul>\n<li>kostenloser Account<\/li>\n<li>bis zu 50 GB kostenloser Speicherplatz<\/li>\n<li>anonyme Account Erstellung m\u00f6glich<\/li>\n<li>Support via Telefon<\/li>\n<li>Einsatz von Downloadmanager m\u00f6glich<\/li>\n<\/ul>\n<h2><span lang=\"de\">Das gesamte Angebot von Oboom im \u00dcberblick<\/span><\/h2>\n<p class=\"normal\"><span lang=\"de\">Der Anbieter bietet seinen Nutzern im Sortiment keinen expliziten Premium-Account, denn grunds\u00e4tzlich gibt es im Angebot von Oboom nur den kostenlosen Account. Der Anbieter stellt seinen Service f\u00fcr jeden Nutzer komplett kostenlos zur Verf\u00fcgung. Dabei stehen den Anwendern bis zu 50 GB Speicherplatz zur Verf\u00fcgung. <\/span><\/p>\n<p class=\"normal\"><span lang=\"de\">Wer im Rahmen des Oboom Premium Angebots weitere Vorteile genie\u00dfen m\u00f6chte, kann dies mit einem Smoozed Pro Account erreichen. Mit diesem gibt es keine Geschwindigkeitsbegrenzung und keine Wartezeiten. Um den Oboom Premium Account nutzen zu k\u00f6nnen, muss man sich erst bei Smoozed registrieren und anschlie\u00dfend im <a href=\"http:\/\/jdownloader.org\/\" target=\"_blank\" rel=\"noopener\">JDownloader<\/a> oder Smoozed Addon die Zugangsdaten des Smoozed Pro Accounts eingeben. <\/span><\/p>\n<p class=\"normal\"><span lang=\"de\">Durch einen Pro Account bei Smoozed k\u00f6nnen Sie nicht nur den gesamten Leistungsumfang von Oboom Premium nutzen, sondern k\u00f6nnen zudem den Service von fast allen anderen Filehostern nutzen.<\/span><\/p>\n<h2 class=\"normal\"><span lang=\"de\">Bonusangebote<\/span><\/h2>\n<p class=\"normal\"><span lang=\"de\">Ein sehr attraktives Bonusangebot ist das Pay-Per-Download Modell. Dabei erhalten Nutzer eine Provision, welche besonders viele Dateien in die Cloud hochladen. Die Voraussetzung daf\u00fcr ist nat\u00fcrlich, dass die Dateien sehr beliebt sind und entsprechend oft heruntergeladen werden. Das Bonusprogramm wird nicht direkt von Oboom veranstaltet, sondern von den jeweiligen Filehostern. Viele der Anbieter verf\u00fcgen \u00fcber ein eigenes Bonusprogramm, um Anbieter zum Hochladen von beliebten Dateien zu motivieren. Die Provisionen variieren je nach Anbieter und k\u00f6nnen nicht nur ein attraktiver Nebenverdienst, sondern sogar eine Haupteinnahmequelle sein.<\/span><\/p>\n<h2><span lang=\"de\">Kosten und Zahlungsm\u00f6glichkeiten<\/span><\/h2>\n<p class=\"normal\"><span lang=\"de\">Als Zahlungsoption f\u00fcr den Oboom Premium Service steht Ihnen unter anderem die Zahlung via Kreditkarte sowie SEPA express und Handypay zur Verf\u00fcgung. Auch die digitale W\u00e4hrung Bitcoin wird als Zahlmittel angenommen.<\/span><\/p>\n\n<table id=\"tablepress-3\" class=\"tablepress tablepress-id-3\">\n<thead>\n<tr class=\"row-1 odd\">\n\t<th class=\"column-1\">BASIC<\/th><th class=\"column-2\">ADVANCED<\/th><th class=\"column-3\">ULTRA<\/th>\n<\/tr>\n<\/thead>\n<tbody class=\"row-hover\">\n<tr class=\"row-2 even\">\n\t<td class=\"column-1\">1 Monat<\/td><td class=\"column-2\">6 Monate<\/td><td class=\"column-3\">12 Monate<\/td>\n<\/tr>\n<tr class=\"row-3 odd\">\n\t<td class=\"column-1\">9,95 \u20ac<\/td><td class=\"column-2\">29,99 \u20ac statt 49,99 \u20ac<\/td><td class=\"column-3\">39,95 \u20ac statt 99,99 \u20ac<\/td>\n<\/tr>\n<tr class=\"row-4 even\">\n\t<td class=\"column-1\">\u00fcber 40 Filehoster<\/td><td class=\"column-2\">\u00fcber 40 Filehoster<\/td><td class=\"column-3\">\u00fcber 40 Filehoster<\/td>\n<\/tr>\n<tr class=\"row-5 odd\">\n\t<td class=\"column-1\">VPN-Zugang<\/td><td class=\"column-2\">VPN-Zugang<\/td><td class=\"column-3\">VPN-Zugang<\/td>\n<\/tr>\n<\/tbody>\n<\/table>\n<!-- #tablepress-3 from cache -->\n<p><a class=\"fasc-button fasc-size-xlarge fasc-type-glossy fasc-rounded-medium ico-fa fasc-ico-after fa-share\" style=\"background-color: #43585e; color: #ffffff;\" rel=\"nofollow\" href=\"https:\/\/multihoster.org\/oboom\/goto\/\">Gehe zu Oboom.com<\/a><\/p>\n<h2><span lang=\"de\">Privatsph\u00e4re und Datenschutz<\/span><\/h2>\n<p>Hinsichtlich dem Datenschutz und der Privatsph\u00e4re legt das Unternehmen Oboom gro\u00dfen Wert auf Vertraulichkeit und den Einhalt der gesetzlichen Vorschriften. Im Gegensatz zu vielen anderen Anbietern, bietet Oboom einen Service, der ohne die Angabe von personenbezogenen Daten m\u00f6glich ist.<\/p>\n<p>Sollten trotzdem personenbezogene Daten erhoben werden, geschieht dies immer auf freiwilliger Basis. Ohne ausdr\u00fcckliche Genehmigung wird Oboom diese Daten niemals an Dritte weitergeben. Der Anbieter versucht stets die bestm\u00f6gliche Sicherheit zu gew\u00e4hrleisten, weist jedoch darauf hin, dass ein l\u00fcckenloser Schutz im Internet nicht m\u00f6glich ist.<\/p>\n<p>Bei der Verwendung von dem sozialen Netzwerk Facebook k\u00f6nnen durch die bestehenden Plugins Daten zwischen dem Browser und dem Facebook-Server ausgetauscht werden. Dies kann vermieden werden, indem man sich aus dem jeweiligen Facebook Benutzerkonto ausloggt. Weitere Daten werden durch den Dienst Google Analytics ausgewertet, welcher mit diesen Informationen versucht, das individuelle Nutzererlebnis zu verbessern. Dar\u00fcber hinaus k\u00f6nnen auch im Rahmen der Nutzung von Google Plus oder Twitter personenbezogene Daten ausgetauscht oder gespeichert werden.<\/p>\n<h2>Kundendienst<\/h2>\n<p class=\"normal\"><span lang=\"de\">Der Support von Oboom steht Ihnen tags\u00fcber von telefonisch von 9 Uhr bis 17 Uhr zur Verf\u00fcgung. Unter der Nummer 414 1588 0562 zur Verf\u00fcgung. Dar\u00fcber hinaus k\u00f6nnen Sie bei offenen Fragen eine E-Mail an den Support schreiben. Eine weitere Option, welche heute schneller ist und ebenfalls eine L\u00f6sung bietet, ist der FAQ-Bereich. Hier den viele Fragen zu finden, welchen f\u00fcr welche von anderen Nutzern regelm\u00e4\u00dfig gestellt werden.<\/span><\/p>\n<h2><span lang=\"de\">Benutzerfreundlichkeit der Anbieterseite<\/span><\/h2>\n<p class=\"normal\"><span lang=\"de\">Die Website vom Anbieter Oboom ist \u00fcbersichtlich aufgebaut, sodass der Service sowie die Firmenphilosophie auf den ersten Blick klar sind. Oben rechts auf der Seite k\u00f6nnen Sie einen Account erstellen, sich anmelden oder mit Facebook, Twitter sowie Google+.<\/span><\/p>\n<p class=\"normal\"><span lang=\"de\">Direkt nach dem Login gelangen Sie zur CloudDrive \u00dcbersicht und k\u00f6nnen von hier aus Dateien hoch- oder herunterladen. Dar\u00fcber hinaus k\u00f6nnen Sie in den Einstellungen nach Wunsch m\u00f6gliche \u00c4nderungen vornehmen oder sich das Partnerprogramm genauer ansehen.<\/span><\/p>\n<p><img loading=\"lazy\" class=\"alignnone wp-image-100 size-large\" src=\"https:\/\/multihoster.org\/wp-content\/uploads\/2018\/04\/upload-1024x459.png\" alt=\"upload\" width=\"800\" height=\"359\" srcset=\"https:\/\/multihoster.org\/wp-content\/uploads\/2018\/04\/upload-1024x459.png 1024w, https:\/\/multihoster.org\/wp-content\/uploads\/2018\/04\/upload-300x135.png 300w, https:\/\/multihoster.org\/wp-content\/uploads\/2018\/04\/upload-768x345.png 768w, https:\/\/multihoster.org\/wp-content\/uploads\/2018\/04\/upload.png 1199w\" sizes=\"(max-width: 800px) 100vw, 800px\" \/><\/p>\n<h2>Mobile App<\/h2>\n<p class=\"normal\"><span lang=\"de\">Oboom bietet keine mobile App, sondern nur die Verwendung \u00fcber den gew\u00f6hnlichen Webbrowser. Eine Option f\u00fcr den Zugang via Stick oder mobilem Ger\u00e4t m\u00f6chte der Anbieter zeitnah bereitstellen. Bis dahin k\u00f6nnen Anwender ganz einfach den jDownloader verwenden und somit die Down- sowie Uploads bei Oboom steuern. Hier k\u00f6nnen Sie sich auch mit Ihrem Smoozed Pro Account anmelden und den Oboom Premium Service nutzen.<\/span><\/p>\n<h2>Die Vorteile eines Premium Accounts<\/h2>\n<p class=\"normal\"><span lang=\"de\">Einen separaten Oboom Premium Account gibt es nicht, doch Sie k\u00f6nnen mit einem Smoozed Premium Account den maximalen Leistungsumfang nutzen, welchen Ihnen Oboom bietet. Dar\u00fcber hinaus umfasst ein Smoozed Premium Pro Account viele, weitere Features.<\/span><\/p>\n<p class=\"normal\"><span lang=\"de\">Mit einem Smoozed Pro Account haben Sie Zugriff auf eine gro\u00dfe Auswahl an verschiedenen Filehostern, zu denen bekannte Anbieter wie Filefactory, Keep2Share und Streamcloud geh\u00f6ren. Der Premium Account erm\u00f6glicht es Ihnen, das Angebot von jedem Anbieter mit der maximalen Geschwindigkeit zu genie\u00dfen. Dabei stehen Ihnen insgesamt 50 GB Traffic pro Tag zur Verf\u00fcgung und auch die Nutzung eines VPN Servers f\u00fcr die anonyme und sichere Internetnutzung ist m\u00f6glich. <\/span><\/p>\n<p class=\"normal\"><span lang=\"de\">Hier stellen wir Ihnen alle Filehoster vor, welche Sie zus\u00e4tzlich zu Oboom Premium mit dem Smoozed Premium Pro Account verwenden k\u00f6nnen.<\/span><\/p>\n\n<table id=\"tablepress-8\" class=\"tablepress tablepress-id-8\">\n<tbody class=\"row-hover\">\n<tr class=\"row-1 odd\">\n\t<td class=\"column-1\">alfafile<\/td><td class=\"column-2\">airpravod<\/td><td class=\"column-3\">bigfile<\/td><td class=\"column-4\">datafile<\/td>\n<\/tr>\n<tr class=\"row-2 even\">\n\t<td class=\"column-1\">depfile<\/td><td class=\"column-2\">depostfile<\/td><td class=\"column-3\">easybytez<\/td><td class=\"column-4\">file<\/td>\n<\/tr>\n<tr class=\"row-3 odd\">\n\t<td class=\"column-1\">fileboom<\/td><td class=\"column-2\">filefactory<\/td><td class=\"column-3\">filespace<\/td><td class=\"column-4\">flash-x<\/td>\n<\/tr>\n<tr class=\"row-4 even\">\n\t<td class=\"column-1\">giapeta<\/td><td class=\"column-2\">hitfile<\/td><td class=\"column-3\">keep2share<\/td><td class=\"column-4\">letitbit<\/td>\n<\/tr>\n<tr class=\"row-5 odd\">\n\t<td class=\"column-1\">nowvideo<\/td><td class=\"column-2\">oboom<\/td><td class=\"column-3\">powerwatch<\/td><td class=\"column-4\">rapidgator<\/td>\n<\/tr>\n<tr class=\"row-6 even\">\n\t<td class=\"column-1\">rapidrar<\/td><td class=\"column-2\">rapidu<\/td><td class=\"column-3\">rockfile<\/td><td class=\"column-4\">salefiles<\/td>\n<\/tr>\n<tr class=\"row-7 odd\">\n\t<td class=\"column-1\">share-online<\/td><td class=\"column-2\">shared<\/td><td class=\"column-3\">streamcloud<\/td><td class=\"column-4\">tezfiles<\/td>\n<\/tr>\n<tr class=\"row-8 even\">\n\t<td class=\"column-1\">turbobit<\/td><td class=\"column-2\">tusfiles<\/td><td class=\"column-3\">uploaded<\/td><td class=\"column-4\">uploadrocket<\/td>\n<\/tr>\n<tr class=\"row-9 odd\">\n\t<td class=\"column-1\">uptobox<\/td><td class=\"column-2\">userscloud<\/td><td class=\"column-3\">vidto<\/td><td class=\"column-4\">vip-file<\/td>\n<\/tr>\n<tr class=\"row-10 even\">\n\t<td class=\"column-1\">vivo<\/td><td class=\"column-2\">1fichier<\/td><td class=\"column-3\">2shared<\/td><td class=\"column-4\">4 shared<\/td>\n<\/tr>\n<\/tbody>\n<\/table>\n<!-- #tablepress-8 from cache -->\n<h2><span lang=\"de\">Unser Fazit zum Anbieter Oboom<\/span><\/h2>\n<p class=\"normal\"><span lang=\"de\">Alles in allem macht der Anbieter Oboom einen seri\u00f6sen und vertrauensw\u00fcrdigen Eindruck. \u00dcberzeugend ist vor allem die Tatsache, dass der komplette Service von Oboom kostenlos ist. Jeder Benutzer kann hier anonym, ohne personenbezogene Daten angeben zu m\u00fcssen, seine Dateien mit einem Speicherplatz von bis zu 50 Gigabyte in der Cloud speichern. <\/span><\/p>\n<p class=\"normal\"><span lang=\"de\">Wer bereits einen Smoozed Account besitzt, kann den Oboom Premium Service mit der maximalen Geschwindigkeit und ohne Wartezeit nutzen. Bei Smoozed k\u00f6nnen Sie bereits ab 10 Euro im Monat ein Abonnement abschlie\u00dfen und besitzen somit nicht nur einen Oboom Premium Account, sondern haben dar\u00fcber hinaus Zugriff auf den Service von fast jedem Filehoster.<\/span><\/p>\n<p class=\"normal\"><span lang=\"de\">Hinsichtlich der Zahlung k\u00f6nnen Sie verschiedene Zahlungsmethode w\u00e4hlen. Der Support steht Ihnen sowohl per E-Mail als auch per Telefon in deutscher Sprache zur Verf\u00fcgung, wodurch sich der Anbieter service-technisch von der Konkurrenz abhebt.<\/span><\/p>\n<p><a class=\"fasc-button fasc-size-xlarge fasc-type-glossy fasc-rounded-medium ico-fa fasc-ico-after fa-share\" style=\"background-color: #43585e; color: #ffffff;\" rel=\"nofollow\" href=\"https:\/\/multihoster.org\/oboom\/goto\/\">Gehe zu Oboom.com<\/a><\/p>\n","protected":false},"excerpt":{"rendered":"<p>Oboom bietet Ihnen einen komplett kostenlosen Service, bei dem Sie Ihre Dateien vollkommen orts- sowie ger\u00e4teunabh\u00e4ngig in der Cloud speichern&nbsp;&nbsp;&nbsp;k\u00f6nnen.<\/p>\n","protected":false},"author":2,"featured_media":0,"parent":0,"menu_order":0,"comment_status":"closed","ping_status":"closed","template":"","meta":[],"yoast_head":"<!-- This site is optimized with the Yoast SEO plugin v18.3 - https:\/\/yoast.com\/wordpress\/plugins\/seo\/ -->\n<title>lll\u25b7 Oboom Premium Account seri\u00f6s oder nicht? +++ Test auf Multihoster.org<\/title>\n<meta name=\"description\" content=\"Handelt es sich bei Oboom um einen seri\u00f6sen Anbieter oder nicht? Die Antwort findest du in dem aktuellen Test auf Multihoster.org \u279c Jetzt klicken \u271a unsere Erfahrungen lesen!\" \/>\n<meta name=\"robots\" content=\"index, follow, max-snippet:-1, max-image-preview:large, max-video-preview:-1\" \/>\n<link rel=\"canonical\" href=\"https:\/\/multihoster.org\/de\/oboom\/\" \/>\n<meta property=\"og:locale\" content=\"de_DE\" \/>\n<meta property=\"og:type\" content=\"article\" \/>\n<meta property=\"og:title\" content=\"lll\u25b7 Oboom Premium Account seri\u00f6s oder nicht? +++ Test auf Multihoster.org\" \/>\n<meta property=\"og:description\" content=\"Handelt es sich bei Oboom um einen seri\u00f6sen Anbieter oder nicht? Die Antwort findest du in dem aktuellen Test auf Multihoster.org \u279c Jetzt klicken \u271a unsere Erfahrungen lesen!\" \/>\n<meta property=\"og:url\" content=\"https:\/\/multihoster.org\/de\/oboom\/\" \/>\n<meta property=\"og:site_name\" content=\"Multihoster.org\" \/>\n<meta property=\"article:modified_time\" content=\"2018-09-12T05:59:08+00:00\" \/>\n<meta property=\"og:image\" content=\"https:\/\/multihoster.org\/wp-content\/uploads\/2018\/04\/logo.png\" \/>\n<meta name=\"twitter:card\" content=\"summary\" \/>\n<meta name=\"twitter:label1\" content=\"Gesch\u00e4tzte Lesezeit\" \/>\n\t<meta name=\"twitter:data1\" content=\"5\u00a0Minuten\" \/>\n<script type=\"application\/ld+json\" class=\"yoast-schema-graph\">{\"@context\":\"https:\/\/schema.org\",\"@graph\":[{\"@type\":\"WebSite\",\"@id\":\"https:\/\/multihoster.org\/#website\",\"url\":\"https:\/\/multihoster.org\/\",\"name\":\"Multihoster.org\",\"description\":\"Reviews of the major Filehosting services\",\"potentialAction\":[{\"@type\":\"SearchAction\",\"target\":{\"@type\":\"EntryPoint\",\"urlTemplate\":\"https:\/\/multihoster.org\/?s={search_term_string}\"},\"query-input\":\"required name=search_term_string\"}],\"inLanguage\":\"de\"},{\"@type\":\"ImageObject\",\"@id\":\"https:\/\/multihoster.org\/de\/oboom\/#primaryimage\",\"inLanguage\":\"de\",\"url\":\"https:\/\/multihoster.org\/wp-content\/uploads\/2018\/04\/logo.png\",\"contentUrl\":\"https:\/\/multihoster.org\/wp-content\/uploads\/2018\/04\/logo.png\",\"width\":222,\"height\":59,\"caption\":\"logo\"},{\"@type\":\"WebPage\",\"@id\":\"https:\/\/multihoster.org\/de\/oboom\/#webpage\",\"url\":\"https:\/\/multihoster.org\/de\/oboom\/\",\"name\":\"lll\u25b7 Oboom Premium Account seri\u00f6s oder nicht? +++ Test auf Multihoster.org\",\"isPartOf\":{\"@id\":\"https:\/\/multihoster.org\/#website\"},\"primaryImageOfPage\":{\"@id\":\"https:\/\/multihoster.org\/de\/oboom\/#primaryimage\"},\"datePublished\":\"2018-04-23T21:48:30+00:00\",\"dateModified\":\"2018-09-12T05:59:08+00:00\",\"description\":\"Handelt es sich bei Oboom um einen seri\u00f6sen Anbieter oder nicht? Die Antwort findest du in dem aktuellen Test auf Multihoster.org \u279c Jetzt klicken \u271a unsere Erfahrungen lesen!\",\"breadcrumb\":{\"@id\":\"https:\/\/multihoster.org\/de\/oboom\/#breadcrumb\"},\"inLanguage\":\"de\",\"potentialAction\":[{\"@type\":\"ReadAction\",\"target\":[\"https:\/\/multihoster.org\/de\/oboom\/\"]}]},{\"@type\":\"BreadcrumbList\",\"@id\":\"https:\/\/multihoster.org\/de\/oboom\/#breadcrumb\",\"itemListElement\":[{\"@type\":\"ListItem\",\"position\":1,\"name\":\"Startseite\",\"item\":\"https:\/\/multihoster.org\/de\/\"},{\"@type\":\"ListItem\",\"position\":2,\"name\":\"Oboom Premium Account &#8211; Der Filehoster im \u00dcberblick\"}]}]}<\/script>\n<!-- \/ Yoast SEO plugin. -->","yoast_head_json":{"title":"lll\u25b7 Oboom Premium Account seri\u00f6s oder nicht? +++ Test auf Multihoster.org","description":"Handelt es sich bei Oboom um einen seri\u00f6sen Anbieter oder nicht? Die Antwort findest du in dem aktuellen Test auf Multihoster.org \u279c Jetzt klicken \u271a unsere Erfahrungen lesen!","robots":{"index":"index","follow":"follow","max-snippet":"max-snippet:-1","max-image-preview":"max-image-preview:large","max-video-preview":"max-video-preview:-1"},"canonical":"https:\/\/multihoster.org\/de\/oboom\/","og_locale":"de_DE","og_type":"article","og_title":"lll\u25b7 Oboom Premium Account seri\u00f6s oder nicht? +++ Test auf Multihoster.org","og_description":"Handelt es sich bei Oboom um einen seri\u00f6sen Anbieter oder nicht? Die Antwort findest du in dem aktuellen Test auf Multihoster.org \u279c Jetzt klicken \u271a unsere Erfahrungen lesen!","og_url":"https:\/\/multihoster.org\/de\/oboom\/","og_site_name":"Multihoster.org","article_modified_time":"2018-09-12T05:59:08+00:00","og_image":[{"url":"https:\/\/multihoster.org\/wp-content\/uploads\/2018\/04\/logo.png"}],"twitter_card":"summary","twitter_misc":{"Gesch\u00e4tzte Lesezeit":"5\u00a0Minuten"},"schema":{"@context":"https:\/\/schema.org","@graph":[{"@type":"WebSite","@id":"https:\/\/multihoster.org\/#website","url":"https:\/\/multihoster.org\/","name":"Multihoster.org","description":"Reviews of the major Filehosting services","potentialAction":[{"@type":"SearchAction","target":{"@type":"EntryPoint","urlTemplate":"https:\/\/multihoster.org\/?s={search_term_string}"},"query-input":"required name=search_term_string"}],"inLanguage":"de"},{"@type":"ImageObject","@id":"https:\/\/multihoster.org\/de\/oboom\/#primaryimage","inLanguage":"de","url":"https:\/\/multihoster.org\/wp-content\/uploads\/2018\/04\/logo.png","contentUrl":"https:\/\/multihoster.org\/wp-content\/uploads\/2018\/04\/logo.png","width":222,"height":59,"caption":"logo"},{"@type":"WebPage","@id":"https:\/\/multihoster.org\/de\/oboom\/#webpage","url":"https:\/\/multihoster.org\/de\/oboom\/","name":"lll\u25b7 Oboom Premium Account seri\u00f6s oder nicht? +++ Test auf Multihoster.org","isPartOf":{"@id":"https:\/\/multihoster.org\/#website"},"primaryImageOfPage":{"@id":"https:\/\/multihoster.org\/de\/oboom\/#primaryimage"},"datePublished":"2018-04-23T21:48:30+00:00","dateModified":"2018-09-12T05:59:08+00:00","description":"Handelt es sich bei Oboom um einen seri\u00f6sen Anbieter oder nicht? Die Antwort findest du in dem aktuellen Test auf Multihoster.org \u279c Jetzt klicken \u271a unsere Erfahrungen lesen!","breadcrumb":{"@id":"https:\/\/multihoster.org\/de\/oboom\/#breadcrumb"},"inLanguage":"de","potentialAction":[{"@type":"ReadAction","target":["https:\/\/multihoster.org\/de\/oboom\/"]}]},{"@type":"BreadcrumbList","@id":"https:\/\/multihoster.org\/de\/oboom\/#breadcrumb","itemListElement":[{"@type":"ListItem","position":1,"name":"Startseite","item":"https:\/\/multihoster.org\/de\/"},{"@type":"ListItem","position":2,"name":"Oboom Premium Account &#8211; Der Filehoster im \u00dcberblick"}]}]}},"_links":{"self":[{"href":"https:\/\/multihoster.org\/de\/wp-json\/wp\/v2\/pages\/95"}],"collection":[{"href":"https:\/\/multihoster.org\/de\/wp-json\/wp\/v2\/pages"}],"about":[{"href":"https:\/\/multihoster.org\/de\/wp-json\/wp\/v2\/types\/page"}],"author":[{"embeddable":true,"href":"https:\/\/multihoster.org\/de\/wp-json\/wp\/v2\/users\/2"}],"replies":[{"embeddable":true,"href":"https:\/\/multihoster.org\/de\/wp-json\/wp\/v2\/comments?post=95"}],"version-history":[{"count":12,"href":"https:\/\/multihoster.org\/de\/wp-json\/wp\/v2\/pages\/95\/revisions"}],"predecessor-version":[{"id":1379,"href":"https:\/\/multihoster.org\/de\/wp-json\/wp\/v2\/pages\/95\/revisions\/1379"}],"wp:attachment":[{"href":"https:\/\/multihoster.org\/de\/wp-json\/wp\/v2\/media?parent=95"}],"curies":[{"name":"wp","href":"https:\/\/api.w.org\/{rel}","templated":true}]}}