{"id":1515,"date":"2018-10-04T14:35:23","date_gmt":"2018-10-04T14:35:23","guid":{"rendered":"https:\/\/multihoster.org\/?page_id=1515"},"modified":"2019-03-18T20:40:50","modified_gmt":"2019-03-18T20:40:50","slug":"fileboom","status":"publish","type":"page","link":"https:\/\/multihoster.org\/es\/fileboom\/","title":{"rendered":"Fileboom Premium Account &#8211; Filehoster de un vistazo"},"content":{"rendered":"<p><img loading=\"lazy\" class=\"size-full wp-image-1467 alignleft\" src=\"https:\/\/multihoster.org\/wp-content\/uploads\/2018\/09\/logo-1.png\" alt=\"logo\" width=\"229\" height=\"54\">Para Filehoster Fileboom.me el almacenamiento seguro de archivos es una prioridad absoluta. Dentro de su cuenta de Fileboom, el proveedor le permite guardar archivos y descargar diferentes archivos. Fileboom.me incluye una cuenta gratuita y Fileboom Premium, que le permite aprovechar al m\u00e1ximo las posibilidades. Hay varios m\u00e9todos de pago disponibles, incluyendo el popular proveedor de servicios de pago de Paypal.<\/p>\n\n<p><a class=\"fasc-button fasc-size-xlarge fasc-type-glossy fasc-rounded-medium ico-fa fasc-ico-after fa-share\" style=\"background-color: #33809e; color: #ffffff;\" target=\"_blank\" rel=\"nofollow noopener noreferrer\" href=\"https:\/\/multihoster.org\/fileboom\/goto\/\">Ir a Fileboom.me<\/a><\/p>\n<h2>Caracter\u00edsticas positivas del proveedor<\/h2>\n<ul>\n<li>Posibilidad de uso gratuito<\/li>\n<li>Estructuraci\u00f3n transparente<\/li>\n<li>Excelente protecci\u00f3n de datos<\/li>\n<li>Atractivas caracter\u00edsticas Premium<\/li>\n<\/ul>\n<p>&nbsp;<\/p>\n<p><img loading=\"lazy\" class=\"alignnone size-full wp-image-1463\" src=\"https:\/\/multihoster.org\/wp-content\/uploads\/2018\/09\/overview.png\" alt=\"overview\" width=\"1393\" height=\"311\" srcset=\"https:\/\/multihoster.org\/wp-content\/uploads\/2018\/09\/overview.png 1393w, https:\/\/multihoster.org\/wp-content\/uploads\/2018\/09\/overview-300x67.png 300w, https:\/\/multihoster.org\/wp-content\/uploads\/2018\/09\/overview-768x171.png 768w, https:\/\/multihoster.org\/wp-content\/uploads\/2018\/09\/overview-1024x229.png 1024w\" sizes=\"(max-width: 1393px) 100vw, 1393px\" \/><\/p>\n<h2>Toda la gama de barreras de Fileboom de un vistazo<\/h2>\n<p>Una cuenta gratuita de Fileboom se crea r\u00e1pidamente y s\u00f3lo toma unos segundos. Despu\u00e9s de verificar la direcci\u00f3n de correo electr\u00f3nico, el servicio puede ser utilizado de forma limitada. Hay 10 GB de espacio para subir archivos.<\/p>\n<p>Puede utilizar la gama m\u00e1xima de servicios comprando una cuenta Fileboom Premium. Aqu\u00ed encontrar\u00e1 la velocidad m\u00e1xima de descarga, la descarga simult\u00e1nea de varios archivos, as\u00ed como muchas otras funciones. Cuando compra Fileboom Premium, hay cuatro opciones de paquete diferentes y diferentes m\u00e9todos de pago aceptados.<\/p>\n<h2>Ofertas de bonos<\/h2>\n<p>Fileboom le ofrece la oportunidad de solicitar un programa de afiliados como parte de la oferta de bonos. Si est\u00e1 interesado en solicitar Fileboom Premium y recibir una recompensa por ello, puede dar los primeros pasos en la pesta\u00f1a \u00abGanar dinero\u00bb. Aqu\u00ed puede introducir sus datos personales y recibir\u00e1 una respuesta en un plazo de 24 horas en d\u00edas laborables.<\/p>\n<h2>Costos y opciones de pago<\/h2>\n<p>Si no s\u00f3lo desea disfrutar de los beneficios de una cuenta gratuita de Fileboom, sino tambi\u00e9n de la funci\u00f3n Fileboom Premium, puede elegir entre tres m\u00e9todos de pago: VISA, MasterCard y American Express. Tambi\u00e9n es posible realizar pagos a trav\u00e9s de PayPal y varios m\u00e9todos locales. Desde Webmoney y Postbank hasta LBBBBW y Safety Pay. El pago an\u00f3nimo con PaysafeCard no es posible con Fileboom.<\/p>\n<p><strong>\n<table id=\"tablepress-106\" class=\"tablepress tablepress-id-106\">\n<tbody class=\"row-hover\">\n<tr class=\"row-1 odd\">\n\t<td class=\"column-1\">3 d\u00edas<\/td><td class=\"column-2\">30 d\u00edas<\/td><td class=\"column-3\">90 d\u00edas<\/td><td class=\"column-4\">180 d\u00edas<\/td>\n<\/tr>\n<tr class=\"row-2 even\">\n\t<td class=\"column-1\">6,95 $<\/td><td class=\"column-2\">16,95 $<\/td><td class=\"column-3\">41,95 $<\/td><td class=\"column-4\">113,95 $<\/td>\n<\/tr>\n<tr class=\"row-3 odd\">\n\t<td class=\"column-1\">2,23 $ por d\u00eda<\/td><td class=\"column-2\">0.56 $ por d\u00eda<\/td><td class=\"column-3\">0.47 $ por d\u00eda<\/td><td class=\"column-4\">0.31 $ por d\u00eda<\/td>\n<\/tr>\n<\/tbody>\n<\/table>\n<!-- #tablepress-106 from cache --><\/strong><\/p>\n<p><a class=\"fasc-button fasc-size-xlarge fasc-type-glossy fasc-rounded-medium ico-fa fasc-ico-after fa-share\" style=\"background-color: #33809e; color: #ffffff;\" target=\"_blank\" rel=\"nofollow noopener noreferrer\" href=\"https:\/\/multihoster.org\/fileboom\/goto\/\">Ir a Fileboom.me<\/a><\/p>\n<p><img loading=\"lazy\" class=\"alignnone size-full wp-image-1466\" src=\"https:\/\/multihoster.org\/wp-content\/uploads\/2018\/09\/prices-1.png\" alt=\"prices\" width=\"1152\" height=\"463\" srcset=\"https:\/\/multihoster.org\/wp-content\/uploads\/2018\/09\/prices-1.png 1152w, https:\/\/multihoster.org\/wp-content\/uploads\/2018\/09\/prices-1-300x121.png 300w, https:\/\/multihoster.org\/wp-content\/uploads\/2018\/09\/prices-1-768x309.png 768w, https:\/\/multihoster.org\/wp-content\/uploads\/2018\/09\/prices-1-1024x412.png 1024w\" sizes=\"(max-width: 1152px) 100vw, 1152px\" \/><\/p>\n<h2>Aviso de privacidad<\/h2>\n<p>Fileboom.me ofrece una protecci\u00f3n de datos completa y un procesamiento fiable de los datos personales. Durante el registro, los datos personales, como su direcci\u00f3n de correo electr\u00f3nico, as\u00ed como los datos personales y financieros, se almacenan con el fin de comprar Fileboom Premium. Con el fin de mejorar el servicio, el proveedor recopila varios datos de usuarios an\u00f3nimos. Las cookies tambi\u00e9n se utilizan para optimizar la experiencia del usuario.<\/p>\n<p>Para que el proceso de pago sea lo m\u00e1s seguro posible, los procesos individuales se encriptan de forma segura.<\/p>\n<h2>Servicio postventa<\/h2>\n<p>El servicio de atenci\u00f3n al cliente de Fileboom se encuentra en la parte inferior de la p\u00e1gina bajo \u00abAyuda\u00bb. Al llegar al centro de atenci\u00f3n al cliente, encontrar\u00e1 las preguntas frecuentes y las ideas actuales. En la parte derecha del Centro de Atenci\u00f3n al Cliente encontrar\u00e1 las opciones \u00abCont\u00e1ctenos\u00bb y \u00abEnviar comentarios\u00bb para ponerse en contacto con el equipo de Fileboom.<\/p>\n<h2>Sencillez de manejo<\/h2>\n<p>El sitio web es simple y claro. La oferta de servicios ya se muestra claramente en la p\u00e1gina de inicio. La carga de archivos es posible mediante la carga de archivos, la carga de Flash o la carga remota.<\/p>\n<p>Despu\u00e9s de iniciar sesi\u00f3n, puede administrar sus archivos en la parte superior bajo la opci\u00f3n \u00abMis archivos\u00bb. &#8211; desde aqu\u00ed tambi\u00e9n puedes subir tus archivos. Adem\u00e1s, en la pesta\u00f1a \u00abPerfiles\u00bb encontrar\u00e1 informaci\u00f3n m\u00e1s detallada sobre su perfil, as\u00ed como \u00abPremium\u00bb y \u00abGanar dinero\u00bb.<\/p>\n<h2>Beneficios de una cuenta premium con Fileboom<\/h2>\n<p>Con una cuenta Fileboom Premium, puede utilizar todo el proveedor de servicios y varias funciones.<\/p>\n<p>Puede utilizar la velocidad m\u00e1xima de descarga y disfrutar de un inicio instant\u00e1neo, por lo que se omite el tiempo de espera de 30 segundos. <a href=\"https:\/\/www.heise.de\/download\/product\/free-download-manager-19323\">Download Manager<\/a> puede ser utilizado sin problemas, as\u00ed como tambi\u00e9n es posible la carga por FTP y HTTP. Los archivos se almacenan durante 90 d\u00edas y la descarga se puede suspender o reanudar a voluntad. El tama\u00f1o m\u00e1ximo de los archivos aumenta de 500 MB a 5 GB, y tambi\u00e9n puede descargar varios archivos simult\u00e1neamente utilizando su cuenta de Fileboom Premium. Una cuenta Premium de Fileboom puede ser pagada de muchas maneras, pero no con una Paysafecard. Sin embargo, es posible comprar una cuenta Fileboom Premium con Paysafecard de los distribuidores de Fileboom Premium.<\/p>\n<h2>Nuestra solicitud de proveedor de Fileboom<\/h2>\n<p>Todo en Fileboom.me ofrece una oferta interesante que ya puede ser utilizada con una cuenta gratuita de Fileboom hasta cierto punto. Puede disfrutar de todas las funciones, incluida la velocidad m\u00e1xima de descarga, la descarga simult\u00e1nea de varios archivos y el Acelerador de descargas, desde su cuenta de Fileboom Premium. Cuando compra una cuenta Fileboom Premium de 3, 30, 90 o 180 d\u00edas, puede elegir entre una variedad de proveedores de servicios de pago, incluido el popular servicio de pago Paypal. No hay m\u00e9todos de pago an\u00f3nimos directamente del proveedor, pero puede utilizar m\u00e9todos de pago como Paysafecard en los distribuidores de Fileboom para comprar una cuenta Fileboom Premium.<\/p>\n<p><a class=\"fasc-button fasc-size-xlarge fasc-type-glossy fasc-rounded-medium ico-fa fasc-ico-after fa-share\" style=\"background-color: #33809e; color: #ffffff;\" target=\"_blank\" rel=\"nofollow noopener noreferrer\" href=\"https:\/\/multihoster.org\/fileboom\/goto\/\">Ir a Fileboom.me<\/a><\/p>\n","protected":false},"excerpt":{"rendered":"<p>Para Filehoster Fileboom.me el almacenamiento seguro de archivos es una prioridad absoluta. Dentro de su cuenta de Fileboom, el proveedor<\/p>\n","protected":false},"author":2,"featured_media":0,"parent":0,"menu_order":0,"comment_status":"closed","ping_status":"closed","template":"","meta":[],"yoast_head":"<!-- This site is optimized with the Yoast SEO plugin v18.3 - https:\/\/yoast.com\/wordpress\/plugins\/seo\/ -->\n<title>lll\u25b7 Fileboom Premium Account \u00bfgrave o no? Prueba en Multihoster.org<\/title>\n<meta name=\"description\" content=\"\u00bfDesea recibir informaci\u00f3n m\u00e1s detallada sobre Fileboom y la cuenta Premium de Fileboom? Nos gustar\u00eda presentarle el filehoster en detalle.\" \/>\n<meta name=\"robots\" content=\"index, follow, max-snippet:-1, max-image-preview:large, max-video-preview:-1\" \/>\n<link rel=\"canonical\" href=\"https:\/\/multihoster.org\/es\/fileboom\/\" \/>\n<meta property=\"og:locale\" content=\"es_ES\" \/>\n<meta property=\"og:type\" content=\"article\" \/>\n<meta property=\"og:title\" content=\"lll\u25b7 Fileboom Premium Account \u00bfgrave o no? Prueba en Multihoster.org\" \/>\n<meta property=\"og:description\" content=\"\u00bfDesea recibir informaci\u00f3n m\u00e1s detallada sobre Fileboom y la cuenta Premium de Fileboom? Nos gustar\u00eda presentarle el filehoster en detalle.\" \/>\n<meta property=\"og:url\" content=\"https:\/\/multihoster.org\/es\/fileboom\/\" \/>\n<meta property=\"og:site_name\" content=\"Multihoster.org\" \/>\n<meta property=\"article:modified_time\" content=\"2019-03-18T20:40:50+00:00\" \/>\n<meta property=\"og:image\" content=\"https:\/\/multihoster.org\/wp-content\/uploads\/2018\/09\/logo-1.png\" \/>\n<meta name=\"twitter:card\" content=\"summary\" \/>\n<meta name=\"twitter:label1\" content=\"Tiempo de lectura\" \/>\n\t<meta name=\"twitter:data1\" content=\"4 minutos\" \/>\n<script type=\"application\/ld+json\" class=\"yoast-schema-graph\">{\"@context\":\"https:\/\/schema.org\",\"@graph\":[{\"@type\":\"WebSite\",\"@id\":\"https:\/\/multihoster.org\/#website\",\"url\":\"https:\/\/multihoster.org\/\",\"name\":\"Multihoster.org\",\"description\":\"Reviews of the major Filehosting services\",\"potentialAction\":[{\"@type\":\"SearchAction\",\"target\":{\"@type\":\"EntryPoint\",\"urlTemplate\":\"https:\/\/multihoster.org\/?s={search_term_string}\"},\"query-input\":\"required name=search_term_string\"}],\"inLanguage\":\"es\"},{\"@type\":\"ImageObject\",\"@id\":\"https:\/\/multihoster.org\/es\/fileboom\/#primaryimage\",\"inLanguage\":\"es\",\"url\":\"https:\/\/multihoster.org\/wp-content\/uploads\/2018\/09\/logo-1.png\",\"contentUrl\":\"https:\/\/multihoster.org\/wp-content\/uploads\/2018\/09\/logo-1.png\",\"width\":229,\"height\":54,\"caption\":\"logo\"},{\"@type\":\"WebPage\",\"@id\":\"https:\/\/multihoster.org\/es\/fileboom\/#webpage\",\"url\":\"https:\/\/multihoster.org\/es\/fileboom\/\",\"name\":\"lll\u25b7 Fileboom Premium Account \u00bfgrave o no? Prueba en Multihoster.org\",\"isPartOf\":{\"@id\":\"https:\/\/multihoster.org\/#website\"},\"primaryImageOfPage\":{\"@id\":\"https:\/\/multihoster.org\/es\/fileboom\/#primaryimage\"},\"datePublished\":\"2018-10-04T14:35:23+00:00\",\"dateModified\":\"2019-03-18T20:40:50+00:00\",\"description\":\"\u00bfDesea recibir informaci\u00f3n m\u00e1s detallada sobre Fileboom y la cuenta Premium de Fileboom? Nos gustar\u00eda presentarle el filehoster en detalle.\",\"breadcrumb\":{\"@id\":\"https:\/\/multihoster.org\/es\/fileboom\/#breadcrumb\"},\"inLanguage\":\"es\",\"potentialAction\":[{\"@type\":\"ReadAction\",\"target\":[\"https:\/\/multihoster.org\/es\/fileboom\/\"]}]},{\"@type\":\"BreadcrumbList\",\"@id\":\"https:\/\/multihoster.org\/es\/fileboom\/#breadcrumb\",\"itemListElement\":[{\"@type\":\"ListItem\",\"position\":1,\"name\":\"Startseite\",\"item\":\"https:\/\/multihoster.org\/es\/\"},{\"@type\":\"ListItem\",\"position\":2,\"name\":\"Fileboom Premium Account &#8211; Filehoster de un vistazo\"}]}]}<\/script>\n<!-- \/ Yoast SEO plugin. -->","yoast_head_json":{"title":"lll\u25b7 Fileboom Premium Account \u00bfgrave o no? Prueba en Multihoster.org","description":"\u00bfDesea recibir informaci\u00f3n m\u00e1s detallada sobre Fileboom y la cuenta Premium de Fileboom? Nos gustar\u00eda presentarle el filehoster en detalle.","robots":{"index":"index","follow":"follow","max-snippet":"max-snippet:-1","max-image-preview":"max-image-preview:large","max-video-preview":"max-video-preview:-1"},"canonical":"https:\/\/multihoster.org\/es\/fileboom\/","og_locale":"es_ES","og_type":"article","og_title":"lll\u25b7 Fileboom Premium Account \u00bfgrave o no? Prueba en Multihoster.org","og_description":"\u00bfDesea recibir informaci\u00f3n m\u00e1s detallada sobre Fileboom y la cuenta Premium de Fileboom? Nos gustar\u00eda presentarle el filehoster en detalle.","og_url":"https:\/\/multihoster.org\/es\/fileboom\/","og_site_name":"Multihoster.org","article_modified_time":"2019-03-18T20:40:50+00:00","og_image":[{"url":"https:\/\/multihoster.org\/wp-content\/uploads\/2018\/09\/logo-1.png"}],"twitter_card":"summary","twitter_misc":{"Tiempo de lectura":"4 minutos"},"schema":{"@context":"https:\/\/schema.org","@graph":[{"@type":"WebSite","@id":"https:\/\/multihoster.org\/#website","url":"https:\/\/multihoster.org\/","name":"Multihoster.org","description":"Reviews of the major Filehosting services","potentialAction":[{"@type":"SearchAction","target":{"@type":"EntryPoint","urlTemplate":"https:\/\/multihoster.org\/?s={search_term_string}"},"query-input":"required name=search_term_string"}],"inLanguage":"es"},{"@type":"ImageObject","@id":"https:\/\/multihoster.org\/es\/fileboom\/#primaryimage","inLanguage":"es","url":"https:\/\/multihoster.org\/wp-content\/uploads\/2018\/09\/logo-1.png","contentUrl":"https:\/\/multihoster.org\/wp-content\/uploads\/2018\/09\/logo-1.png","width":229,"height":54,"caption":"logo"},{"@type":"WebPage","@id":"https:\/\/multihoster.org\/es\/fileboom\/#webpage","url":"https:\/\/multihoster.org\/es\/fileboom\/","name":"lll\u25b7 Fileboom Premium Account \u00bfgrave o no? Prueba en Multihoster.org","isPartOf":{"@id":"https:\/\/multihoster.org\/#website"},"primaryImageOfPage":{"@id":"https:\/\/multihoster.org\/es\/fileboom\/#primaryimage"},"datePublished":"2018-10-04T14:35:23+00:00","dateModified":"2019-03-18T20:40:50+00:00","description":"\u00bfDesea recibir informaci\u00f3n m\u00e1s detallada sobre Fileboom y la cuenta Premium de Fileboom? Nos gustar\u00eda presentarle el filehoster en detalle.","breadcrumb":{"@id":"https:\/\/multihoster.org\/es\/fileboom\/#breadcrumb"},"inLanguage":"es","potentialAction":[{"@type":"ReadAction","target":["https:\/\/multihoster.org\/es\/fileboom\/"]}]},{"@type":"BreadcrumbList","@id":"https:\/\/multihoster.org\/es\/fileboom\/#breadcrumb","itemListElement":[{"@type":"ListItem","position":1,"name":"Startseite","item":"https:\/\/multihoster.org\/es\/"},{"@type":"ListItem","position":2,"name":"Fileboom Premium Account &#8211; Filehoster de un vistazo"}]}]}},"_links":{"self":[{"href":"https:\/\/multihoster.org\/es\/wp-json\/wp\/v2\/pages\/1515"}],"collection":[{"href":"https:\/\/multihoster.org\/es\/wp-json\/wp\/v2\/pages"}],"about":[{"href":"https:\/\/multihoster.org\/es\/wp-json\/wp\/v2\/types\/page"}],"author":[{"embeddable":true,"href":"https:\/\/multihoster.org\/es\/wp-json\/wp\/v2\/users\/2"}],"replies":[{"embeddable":true,"href":"https:\/\/multihoster.org\/es\/wp-json\/wp\/v2\/comments?post=1515"}],"version-history":[{"count":5,"href":"https:\/\/multihoster.org\/es\/wp-json\/wp\/v2\/pages\/1515\/revisions"}],"predecessor-version":[{"id":2149,"href":"https:\/\/multihoster.org\/es\/wp-json\/wp\/v2\/pages\/1515\/revisions\/2149"}],"wp:attachment":[{"href":"https:\/\/multihoster.org\/es\/wp-json\/wp\/v2\/media?parent=1515"}],"curies":[{"name":"wp","href":"https:\/\/api.w.org\/{rel}","templated":true}]}}