{"id":1555,"date":"2018-10-04T14:35:56","date_gmt":"2018-10-04T14:35:56","guid":{"rendered":"https:\/\/multihoster.org\/?page_id=1555"},"modified":"2019-03-18T22:10:49","modified_gmt":"2019-03-18T22:10:49","slug":"filejoker","status":"publish","type":"page","link":"https:\/\/multihoster.org\/es\/filejoker\/","title":{"rendered":"FileJoker Premium Account &#8211; Host de un vistazo"},"content":{"rendered":"<p><span data-darkreader-inline-color=\"\"><img loading=\"lazy\" class=\"size-medium wp-image-1456 alignleft\" src=\"https:\/\/multihoster.org\/wp-content\/uploads\/2018\/09\/logo-300x72.png\" alt=\"logo\" width=\"300\" height=\"72\" srcset=\"https:\/\/multihoster.org\/wp-content\/uploads\/2018\/09\/logo-300x72.png 300w, https:\/\/multihoster.org\/wp-content\/uploads\/2018\/09\/logo.png 419w\" sizes=\"(max-width: 300px) 100vw, 300px\" \/>Con FileJoker, puede elegir entre una versi\u00f3n gratuita o de pago. Todo depende de sus necesidades, que es la elecci\u00f3n correcta para usted. Si desea descargar o descargar una gran cantidad de datos del host, le recomendamos que adquiera una versi\u00f3n Premium. Una Cuenta Premium es tambi\u00e9n la opci\u00f3n correcta si desea acceder r\u00e1pidamente a los archivos necesarios sin tener que esperar. Sin embargo, si rara vez utiliza el host y no tiene problemas con el tiempo de espera, tambi\u00e9n puede utilizar la versi\u00f3n gratuita.<\/span><\/p>\n\n<p><a class=\"fasc-button fasc-size-xlarge fasc-type-glossy fasc-rounded-medium ico-fa fasc-ico-after fa-share\" style=\"background-color: #247edd; color: #ffffff;\" target=\"_blank\" rel=\"nofollow noopener noreferrer\" href=\"https:\/\/multihoster.org\/filejoker\/goto\/\">Ir a Filejoker.com<\/a><\/p>\n<h2>Caracter\u00edsticas positivas del proveedor<\/h2>\n<ul>\n<li>Cuenta gratuita y servicios premium<\/li>\n<li>Cuenta Premium Extendida<\/li>\n<li>Alta seguridad en la protecci\u00f3n de datos<\/li>\n<li>Facilidad de uso convincente<\/li>\n<\/ul>\n<h2>La entrada libre est\u00e1 oculta<\/h2>\n<p><span data-darkreader-inline-color=\"\">En la explicaci\u00f3n del sitio web de FileJoker, encontrar\u00e1 versiones gratuitas y registradas. La versi\u00f3n gratuita s\u00f3lo puede ser descargada como una versi\u00f3n gratuita. En la versi\u00f3n registrada se pueden descargar 50 GB de datos. Sin embargo, la posibilidad de registro no es tan f\u00e1cil de encontrar. Como no hay un bot\u00f3n de registro normal, hay un peque\u00f1o desv\u00edo aqu\u00ed.<\/span><\/p>\n<h2>Reg\u00edstrese en la opci\u00f3n Revendedor<\/h2>\n<p><span data-darkreader-inline-color=\"\">Si hace clic en Premium en la esquina superior derecha de la p\u00e1gina principal, ver\u00e1 4 ofertas para 4 per\u00edodos &#8211; cuanto m\u00e1s larga sea la suscripci\u00f3n, m\u00e1s barata ser\u00e1 la suscripci\u00f3n. A continuaci\u00f3n encontrar\u00e1 varias opciones de pago para cada per\u00edodo de reserva. Dentro de estas opciones de pago, usted encontrar\u00e1 la opci\u00f3n de comprar una cuenta con uno de los muchos minoristas. Si hace clic en el bot\u00f3n Revendedor, encontrar\u00e1 el bot\u00f3n de registro en la parte superior izquierda, peque\u00f1o a la derecha.<\/span><\/p>\n<h2>Modalidades de pago<\/h2>\n<p><span data-darkreader-inline-color=\"\">Con FileJoker Hoster puede pagar de diferentes maneras. Por un lado, los canales normales son posibles a trav\u00e9s de VISA y MasterCard, as\u00ed como la banca en l\u00ednea. Por otro lado, el sitio ofrece m\u00e9todos de pago alternativos, donde tambi\u00e9n puedes pagar con Paysafecard. Estos incluyen CoinPayment, WebMonkey y el proceso de pago por SMS. El pago de Bitcoin es particularmente interesante porque aqu\u00ed obtendr\u00e1, dependiendo de la variante de tres, diez, veinte o 35 d\u00edas, acceso libre.<\/span><\/p>\n<p><strong>\n<table id=\"tablepress-113\" class=\"tablepress tablepress-id-113\">\n<tbody class=\"row-hover\">\n<tr class=\"row-1 odd\">\n\t<td class=\"column-1\">30 d\u00edas Premium<\/td><td class=\"column-2\">90 d\u00edas Premium<\/td><td class=\"column-3\">180 d\u00edas Premium<\/td><td class=\"column-4\">365 d\u00edas Premium<\/td>\n<\/tr>\n<tr class=\"row-2 even\">\n\t<td class=\"column-1\">14,05 $<\/td><td class=\"column-2\">34,95 $<\/td><td class=\"column-3\">59,95 $<\/td><td class=\"column-4\">89,95 $<\/td>\n<\/tr>\n<tr class=\"row-3 odd\">\n\t<td class=\"column-1\">3 D\u00edas de Bonificaci\u00f3n Bitcoin<\/td><td class=\"column-2\">10 D\u00edas de Bonificaci\u00f3n Bitcoin<\/td><td class=\"column-3\">20 D\u00edas de Bonificaci\u00f3n Bitcoin<\/td><td class=\"column-4\">35 D\u00edas de Bonificaci\u00f3n Bitcoin<\/td>\n<\/tr>\n<\/tbody>\n<\/table>\n<!-- #tablepress-113 from cache --><\/strong><\/p>\n<p><a class=\"fasc-button fasc-size-xlarge fasc-type-glossy fasc-rounded-medium ico-fa fasc-ico-after fa-share\" style=\"background-color: #247edd; color: #ffffff;\" target=\"_blank\" rel=\"nofollow noopener noreferrer\" href=\"https:\/\/multihoster.org\/filejoker\/goto\/\">Ir a Filejoker.com<\/a><\/p>\n<p><img loading=\"lazy\" class=\"alignnone wp-image-1458 size-full\" src=\"https:\/\/multihoster.org\/wp-content\/uploads\/2018\/09\/prices.png\" alt=\"prices\" width=\"906\" height=\"565\" srcset=\"https:\/\/multihoster.org\/wp-content\/uploads\/2018\/09\/prices.png 906w, https:\/\/multihoster.org\/wp-content\/uploads\/2018\/09\/prices-300x187.png 300w, https:\/\/multihoster.org\/wp-content\/uploads\/2018\/09\/prices-768x479.png 768w\" sizes=\"(max-width: 906px) 100vw, 906px\" \/><\/p>\n<p><img loading=\"lazy\" class=\"alignnone wp-image-1457 size-full\" src=\"https:\/\/multihoster.org\/wp-content\/uploads\/2018\/09\/payment.png\" alt=\"payment-options\" width=\"981\" height=\"71\" srcset=\"https:\/\/multihoster.org\/wp-content\/uploads\/2018\/09\/payment.png 981w, https:\/\/multihoster.org\/wp-content\/uploads\/2018\/09\/payment-300x22.png 300w, https:\/\/multihoster.org\/wp-content\/uploads\/2018\/09\/payment-768x56.png 768w\" sizes=\"(max-width: 981px) 100vw, 981px\" \/><\/p>\n<h2>Pol\u00edtica de privacidad<\/h2>\n<p>FileJoker ha hecho todo lo posible para garantizar que la informaci\u00f3n que usted nos proporciona sea tratada con el m\u00e1ximo cuidado y confidencialidad, tal y como se describe en la Pol\u00edtica de privacidad. Explica c\u00f3mo la informaci\u00f3n y los datos que usted ingresa son utilizados por los visitantes del sitio web.<\/p>\n<p>Por un lado, los datos generados por la visita se almacenan de forma an\u00f3nima. Esto incluye informaci\u00f3n como datos demogr\u00e1ficos o, por ejemplo, el sistema operativo y el navegador utilizado. Por otro lado, se registran los datos proporcionados durante el proceso de conexi\u00f3n. Esto tambi\u00e9n se aplica a la direcci\u00f3n de correo electr\u00f3nico y la contrase\u00f1a. Despu\u00e9s del registro, puede introducir todos los dem\u00e1s tipos de datos, que por supuesto tambi\u00e9n se almacenan.<\/p>\n<p>Toda esta informaci\u00f3n es tratada de forma confidencial, an\u00f3nima y encriptada por razones de seguridad, de acuerdo con la ley. Adem\u00e1s, para un mejor uso de la web, los datos se almacenan mediante el uso de cookies, lo que garantiza que el usuario no tenga que introducir todo de forma repetida y pueda trabajar con mayor rapidez en la web.<\/p>\n<h2>Servicio de atenci\u00f3n al cliente<\/h2>\n<p><span data-darkreader-inline-color=\"\">El contacto con el proveedor de FileJoker es m\u00ednimo. Se trata simplemente de un formulario de contacto al que se accede haciendo clic en \u00abContactar\u00bb en la esquina inferior derecha. Esto le llevar\u00e1 a una p\u00e1gina en la que podr\u00e1 introducir su nombre, direcci\u00f3n de correo electr\u00f3nico y mensaje en el medio. A continuaci\u00f3n se muestra una solicitud de Captech, despu\u00e9s de la cual puede enviar un mensaje.<\/span><\/p>\n<h2>F\u00e1cil de usar<\/h2>\n<p>El sitio web de FileJoker est\u00e1 muy bien organizado y es f\u00e1cil de usar despu\u00e9s de registrarse. Toda la informaci\u00f3n necesaria es obvia y el funcionamiento es fluido. En la esquina superior derecha se encuentran las pesta\u00f1as \u00abMi cuenta\u00bb, \u00abMis archivos\u00bb y \u00abPremium\u00bb. Con esto \u00faltimo, puede aumentar la velocidad y el tama\u00f1o de su espacio de almacenamiento en l\u00ednea y evitar el tiempo de espera. Para ello, seleccione una de las suscripciones. En la pesta\u00f1a \u00abMi cuenta\u00bb puede realizar algunos ajustes en su cuenta. La parte realmente importante es \u00abMis archivos\u00bb, porque aqu\u00ed puedes subir datos f\u00e1cilmente usando el bot\u00f3n en el medio, \u00ab\u00a1Carga tus archivos ahora!<\/p>\n<p>En general, FileJoker recibe puntos con una organizaci\u00f3n muy simple y clara. Hay muy pocos niveles y todo es f\u00e1cil de encontrar. La mayor\u00eda de las operaciones se pueden realizar con 2-3 clics. Todo est\u00e1 organizado de forma clara y exacta como la mayor\u00eda de los usuarios ya saben de otros sitios web conocidos. Por lo tanto, deber\u00eda haber varios problemas para los usuarios de Internet.<\/p>\n<h2>Beneficios de una cuenta premium con Filejoker<\/h2>\n<p>Su cuenta Filejoker Premium le permite maximizar su velocidad de descarga y realizar m\u00faltiples descargas simult\u00e1neamente. El tama\u00f1o m\u00e1ximo de descarga y la capacidad de almacenamiento son ilimitados. No hay tiempo de espera ni respuesta de captura, puede detener y reanudar la descarga, y <a href=\"https:\/\/itunes.apple.com\/us\/app\/zeus-cloud-manager\/id1275020805\" target=\"_blank\" rel=\"noopener noreferrer\">mobile App<\/a> y p\u00f3ngase en contacto con el servicio de asistencia t\u00e9cnica.<\/p>\n<h2>Nuestras conclusiones sobre el proveedor de FileJoker<\/h2>\n<p><span data-darkreader-inline-color=\"\">El proveedor de FileJoker ofrece el uso gratuito del servicio, as\u00ed como una cuenta premium para uso ilimitado y sin tiempo de espera. De esta manera, el usuario profesional y el aficionado tienen la oportunidad de utilizar el servicio en condiciones justas. La posibilidad de cambiar a la versi\u00f3n Premium es f\u00e1cil de encontrar, al igual que el pago, que se puede realizar de varias maneras. El pago an\u00f3nimo con Paysafecard no es posible directamente desde Filejoker, pero con muchos distribuidores de Filejoker Premium. La operaci\u00f3n es muy sencilla e intuitiva, gracias a la cual incluso los usuarios sin experiencia pueden gestionar bien el sitio web. Por lo tanto, FileJoker FileHoster es muy recomendable y, en cualquier caso, es una buena forma de descargar o descargar datos.<\/span><\/p>\n<p><a class=\"fasc-button fasc-size-xlarge fasc-type-glossy fasc-rounded-medium ico-fa fasc-ico-after fa-share\" style=\"background-color: #247edd; color: #ffffff;\" target=\"_blank\" rel=\"nofollow noopener noreferrer\" href=\"https:\/\/multihoster.org\/filejoker\/goto\/\">Ir a Filejoker.com<\/a><\/p>\n","protected":false},"excerpt":{"rendered":"<p>Con FileJoker, puede elegir entre una versi\u00f3n gratuita o de pago. Todo depende de sus necesidades, que es la elecci\u00f3n<\/p>\n","protected":false},"author":2,"featured_media":0,"parent":0,"menu_order":0,"comment_status":"closed","ping_status":"closed","template":"","meta":[],"yoast_head":"<!-- This site is optimized with the Yoast SEO plugin v18.3 - https:\/\/yoast.com\/wordpress\/plugins\/seo\/ -->\n<title>lll\u25b7 Filejoker Premium Account \u00bfgrave o no? Prueba en Multihoster.org<\/title>\n<meta name=\"description\" content=\"Le ofrecemos toda la informaci\u00f3n importante sobre el FileJoker Filehoster y le mostramos qu\u00e9 funciones puede utilizar de forma gratuita y cu\u00e1les puede utilizar a cambio de una cuota.\" \/>\n<meta name=\"robots\" content=\"index, follow, max-snippet:-1, max-image-preview:large, max-video-preview:-1\" \/>\n<link rel=\"canonical\" href=\"https:\/\/multihoster.org\/es\/filejoker\/\" \/>\n<meta property=\"og:locale\" content=\"es_ES\" \/>\n<meta property=\"og:type\" content=\"article\" \/>\n<meta property=\"og:title\" content=\"lll\u25b7 Filejoker Premium Account \u00bfgrave o no? Prueba en Multihoster.org\" \/>\n<meta property=\"og:description\" content=\"Le ofrecemos toda la informaci\u00f3n importante sobre el FileJoker Filehoster y le mostramos qu\u00e9 funciones puede utilizar de forma gratuita y cu\u00e1les puede utilizar a cambio de una cuota.\" \/>\n<meta property=\"og:url\" content=\"https:\/\/multihoster.org\/es\/filejoker\/\" \/>\n<meta property=\"og:site_name\" content=\"Multihoster.org\" \/>\n<meta property=\"article:modified_time\" content=\"2019-03-18T22:10:49+00:00\" \/>\n<meta property=\"og:image\" content=\"https:\/\/multihoster.org\/wp-content\/uploads\/2018\/09\/logo-300x72.png\" \/>\n<meta name=\"twitter:card\" content=\"summary\" \/>\n<meta name=\"twitter:label1\" content=\"Tiempo de lectura\" \/>\n\t<meta name=\"twitter:data1\" content=\"5 minutos\" \/>\n<script type=\"application\/ld+json\" class=\"yoast-schema-graph\">{\"@context\":\"https:\/\/schema.org\",\"@graph\":[{\"@type\":\"WebSite\",\"@id\":\"https:\/\/multihoster.org\/#website\",\"url\":\"https:\/\/multihoster.org\/\",\"name\":\"Multihoster.org\",\"description\":\"Reviews of the major Filehosting services\",\"potentialAction\":[{\"@type\":\"SearchAction\",\"target\":{\"@type\":\"EntryPoint\",\"urlTemplate\":\"https:\/\/multihoster.org\/?s={search_term_string}\"},\"query-input\":\"required name=search_term_string\"}],\"inLanguage\":\"es\"},{\"@type\":\"ImageObject\",\"@id\":\"https:\/\/multihoster.org\/es\/filejoker\/#primaryimage\",\"inLanguage\":\"es\",\"url\":\"https:\/\/multihoster.org\/wp-content\/uploads\/2018\/09\/logo.png\",\"contentUrl\":\"https:\/\/multihoster.org\/wp-content\/uploads\/2018\/09\/logo.png\",\"width\":419,\"height\":100,\"caption\":\"logo\"},{\"@type\":\"WebPage\",\"@id\":\"https:\/\/multihoster.org\/es\/filejoker\/#webpage\",\"url\":\"https:\/\/multihoster.org\/es\/filejoker\/\",\"name\":\"lll\u25b7 Filejoker Premium Account \u00bfgrave o no? Prueba en Multihoster.org\",\"isPartOf\":{\"@id\":\"https:\/\/multihoster.org\/#website\"},\"primaryImageOfPage\":{\"@id\":\"https:\/\/multihoster.org\/es\/filejoker\/#primaryimage\"},\"datePublished\":\"2018-10-04T14:35:56+00:00\",\"dateModified\":\"2019-03-18T22:10:49+00:00\",\"description\":\"Le ofrecemos toda la informaci\u00f3n importante sobre el FileJoker Filehoster y le mostramos qu\u00e9 funciones puede utilizar de forma gratuita y cu\u00e1les puede utilizar a cambio de una cuota.\",\"breadcrumb\":{\"@id\":\"https:\/\/multihoster.org\/es\/filejoker\/#breadcrumb\"},\"inLanguage\":\"es\",\"potentialAction\":[{\"@type\":\"ReadAction\",\"target\":[\"https:\/\/multihoster.org\/es\/filejoker\/\"]}]},{\"@type\":\"BreadcrumbList\",\"@id\":\"https:\/\/multihoster.org\/es\/filejoker\/#breadcrumb\",\"itemListElement\":[{\"@type\":\"ListItem\",\"position\":1,\"name\":\"Startseite\",\"item\":\"https:\/\/multihoster.org\/es\/\"},{\"@type\":\"ListItem\",\"position\":2,\"name\":\"FileJoker Premium Account &#8211; Host de un vistazo\"}]}]}<\/script>\n<!-- \/ Yoast SEO plugin. -->","yoast_head_json":{"title":"lll\u25b7 Filejoker Premium Account \u00bfgrave o no? Prueba en Multihoster.org","description":"Le ofrecemos toda la informaci\u00f3n importante sobre el FileJoker Filehoster y le mostramos qu\u00e9 funciones puede utilizar de forma gratuita y cu\u00e1les puede utilizar a cambio de una cuota.","robots":{"index":"index","follow":"follow","max-snippet":"max-snippet:-1","max-image-preview":"max-image-preview:large","max-video-preview":"max-video-preview:-1"},"canonical":"https:\/\/multihoster.org\/es\/filejoker\/","og_locale":"es_ES","og_type":"article","og_title":"lll\u25b7 Filejoker Premium Account \u00bfgrave o no? Prueba en Multihoster.org","og_description":"Le ofrecemos toda la informaci\u00f3n importante sobre el FileJoker Filehoster y le mostramos qu\u00e9 funciones puede utilizar de forma gratuita y cu\u00e1les puede utilizar a cambio de una cuota.","og_url":"https:\/\/multihoster.org\/es\/filejoker\/","og_site_name":"Multihoster.org","article_modified_time":"2019-03-18T22:10:49+00:00","og_image":[{"url":"https:\/\/multihoster.org\/wp-content\/uploads\/2018\/09\/logo-300x72.png"}],"twitter_card":"summary","twitter_misc":{"Tiempo de lectura":"5 minutos"},"schema":{"@context":"https:\/\/schema.org","@graph":[{"@type":"WebSite","@id":"https:\/\/multihoster.org\/#website","url":"https:\/\/multihoster.org\/","name":"Multihoster.org","description":"Reviews of the major Filehosting services","potentialAction":[{"@type":"SearchAction","target":{"@type":"EntryPoint","urlTemplate":"https:\/\/multihoster.org\/?s={search_term_string}"},"query-input":"required name=search_term_string"}],"inLanguage":"es"},{"@type":"ImageObject","@id":"https:\/\/multihoster.org\/es\/filejoker\/#primaryimage","inLanguage":"es","url":"https:\/\/multihoster.org\/wp-content\/uploads\/2018\/09\/logo.png","contentUrl":"https:\/\/multihoster.org\/wp-content\/uploads\/2018\/09\/logo.png","width":419,"height":100,"caption":"logo"},{"@type":"WebPage","@id":"https:\/\/multihoster.org\/es\/filejoker\/#webpage","url":"https:\/\/multihoster.org\/es\/filejoker\/","name":"lll\u25b7 Filejoker Premium Account \u00bfgrave o no? Prueba en Multihoster.org","isPartOf":{"@id":"https:\/\/multihoster.org\/#website"},"primaryImageOfPage":{"@id":"https:\/\/multihoster.org\/es\/filejoker\/#primaryimage"},"datePublished":"2018-10-04T14:35:56+00:00","dateModified":"2019-03-18T22:10:49+00:00","description":"Le ofrecemos toda la informaci\u00f3n importante sobre el FileJoker Filehoster y le mostramos qu\u00e9 funciones puede utilizar de forma gratuita y cu\u00e1les puede utilizar a cambio de una cuota.","breadcrumb":{"@id":"https:\/\/multihoster.org\/es\/filejoker\/#breadcrumb"},"inLanguage":"es","potentialAction":[{"@type":"ReadAction","target":["https:\/\/multihoster.org\/es\/filejoker\/"]}]},{"@type":"BreadcrumbList","@id":"https:\/\/multihoster.org\/es\/filejoker\/#breadcrumb","itemListElement":[{"@type":"ListItem","position":1,"name":"Startseite","item":"https:\/\/multihoster.org\/es\/"},{"@type":"ListItem","position":2,"name":"FileJoker Premium Account &#8211; Host de un vistazo"}]}]}},"_links":{"self":[{"href":"https:\/\/multihoster.org\/es\/wp-json\/wp\/v2\/pages\/1555"}],"collection":[{"href":"https:\/\/multihoster.org\/es\/wp-json\/wp\/v2\/pages"}],"about":[{"href":"https:\/\/multihoster.org\/es\/wp-json\/wp\/v2\/types\/page"}],"author":[{"embeddable":true,"href":"https:\/\/multihoster.org\/es\/wp-json\/wp\/v2\/users\/2"}],"replies":[{"embeddable":true,"href":"https:\/\/multihoster.org\/es\/wp-json\/wp\/v2\/comments?post=1555"}],"version-history":[{"count":4,"href":"https:\/\/multihoster.org\/es\/wp-json\/wp\/v2\/pages\/1555\/revisions"}],"predecessor-version":[{"id":2189,"href":"https:\/\/multihoster.org\/es\/wp-json\/wp\/v2\/pages\/1555\/revisions\/2189"}],"wp:attachment":[{"href":"https:\/\/multihoster.org\/es\/wp-json\/wp\/v2\/media?parent=1555"}],"curies":[{"name":"wp","href":"https:\/\/api.w.org\/{rel}","templated":true}]}}