{"id":1595,"date":"2018-10-01T04:56:32","date_gmt":"2018-10-01T04:56:32","guid":{"rendered":"https:\/\/multihoster.org\/?page_id=1595"},"modified":"2018-10-04T14:35:01","modified_gmt":"2018-10-04T14:35:01","slug":"offcloud","status":"publish","type":"page","link":"https:\/\/multihoster.org\/es\/offcloud\/","title":{"rendered":"Offcloud &#8211; El Multihoster de un vistazo"},"content":{"rendered":"<p><img loading=\"lazy\" class=\"wp-image-1573 alignleft\" src=\"https:\/\/multihoster.org\/wp-content\/uploads\/2018\/10\/logo.png\" alt=\"logo\" width=\"263\" height=\"110\" srcset=\"https:\/\/multihoster.org\/wp-content\/uploads\/2018\/10\/logo.png 410w, https:\/\/multihoster.org\/wp-content\/uploads\/2018\/10\/logo-300x125.png 300w\" sizes=\"(max-width: 263px) 100vw, 263px\" \/>El Offcloud Multihoster le ofrece la posibilidad de descargar diferentes archivos y descargar los archivos deseados en la nube. Tambi\u00e9n puede hacer una copia de seguridad en la nube, utilizar una API y docenas de otras herramientas. Puedes elegir entre la versi\u00f3n gratuita y una cuenta premium en Offcloud.<\/p>\n<p><span data-darkreader-inline-color=\"\">Offcloud act\u00faa como un gestor de descargas basado en la nube que soporta un gran n\u00famero de sitios web y por lo tanto ofrece un servicio muy completo. Los sitios web en la nube soportados incluyen 1File, <a href=\"https:\/\/multihoster.org\/de\/rapidgator\/\" target=\"_blank\" rel=\"noopener\">Rapidgator<\/a> as\u00ed como <a href=\"https:\/\/multihoster.org\/de\/filefactory\/\" target=\"_blank\" rel=\"noopener\">FileFactory<\/a> y mucho m\u00e1s. Tambi\u00e9n soportamos varios proveedores de streaming, desde Soundcloud y Youtube hasta Vimeo y sitios er\u00f3ticos conocidos. Probamos y revisamos Offcloud. A continuaci\u00f3n encontrar\u00e1 m\u00e1s informaci\u00f3n y nuestras experiencias con Offcloud.<br \/>\n<\/span><\/p>\n<h2><strong>Caracter\u00edsticas positivas del proveedor<\/strong><\/h2>\n<ul>\n<li>Cuenta gratuita y Premium<\/li>\n<li>amplia selecci\u00f3n de sitios soportados<\/li>\n<li>varias herramientas y extensiones<\/li>\n<li>m\u00e9todos de pago an\u00f3nimos<\/li>\n<li>Dise\u00f1o claro y f\u00e1cil de usar<\/li>\n<\/ul>\n<h2><span data-darkreader-inline-color=\"\">Toda la oferta Offcloud de un vistazo<\/span><\/h2>\n<p>Si desea probar el servicio Offcloud primero, puede crear una cuenta gratuita. Encontrar\u00e1 la opci\u00f3n directamente en la p\u00e1gina de inicio, donde s\u00f3lo tendr\u00e1 que introducir la direcci\u00f3n de correo electr\u00f3nico y con un solo clic se habr\u00e1 completado el registro. Recibir\u00e1 un correo electr\u00f3nico del proveedor y podr\u00e1 establecer una contrase\u00f1a para su cuenta.<\/p>\n<p>Si desea aprovechar la m\u00e1xima gama de servicios, puede actualizar su cuenta a una cuenta Offcloud Premium y cerrar una de las cuatro tarifas. Aqu\u00ed puede elegir las tarifas para un per\u00edodo de un mes a un a\u00f1o.<\/p>\n<h2>Ofertas de bonos<\/h2>\n<p><span data-darkreader-inline-color=\"\">En el \u00e1mbito de las ofertas de bonos, encontrar\u00e1 dos aplicaciones de computaci\u00f3n en nube &#8211; <a href=\"https:\/\/chrome.google.com\/webstore\/detail\/offcloudcom-extension\/mhenombkbjeannffjnhcnelokhkfndch\" target=\"_blank\" rel=\"noopener\">Offcloud f\u00fcr Google Chrome<\/a> y Offcloud para Google Drive. Adem\u00e1s, existen pr\u00e1cticas extensiones de navegador de Internet, soportadas por los navegadores Google Chrome, Opera, Firefox, Safari y Edge. Adem\u00e1s, hay dos herramientas de automatizaci\u00f3n y tres gestores de descargas de escritorio. En general, Offcloud ofrece una amplia gama de ofertas de bonos, que tambi\u00e9n se pueden utilizar en combinaci\u00f3n con la cuenta gratuita.<br \/>\n<\/span><\/p>\n<p>Mediante la publicidad del proveedor y la adquisici\u00f3n de nuevos clientes, tambi\u00e9n puede obtener vales de cr\u00e9dito que se pueden utilizar para la compra gratuita de su cuenta premium. Tambi\u00e9n puede ganar una comisi\u00f3n directa, que se paga con Paypal o Bitcoin. Todo lo que tienen que hacer es compartir el enlace de referencia personal y esperar a que alguien visite el sitio del proveedor a trav\u00e9s de su enlace y crear una cuenta.<\/p>\n<h2><span data-darkreader-inline-color=\"\">Costes y formas de pago <\/span><\/h2>\n<p><span data-darkreader-inline-color=\"\">Para el pago de la inscripci\u00f3n, dispone de varios procedimientos. Por ejemplo, puede pagar con tarjeta de cr\u00e9dito, Paypal o Alipay. Los proveedores de servicios de pago Alipay, UnionPay y Neosurf, WebMoney y muchos m\u00e1s tambi\u00e9n est\u00e1n disponibles. Si desea pagar la factura de forma an\u00f3nima, puede utilizar los m\u00e9todos de pago Bitcoin o Paysafe.<\/span><\/p>\n<p><strong>\n<table id=\"tablepress-120\" class=\"tablepress tablepress-id-120\">\n<thead>\n<tr class=\"row-1 odd\">\n\t<th class=\"column-1\">El buen kit<\/th><th class=\"column-2\">El socio \u00fatil<\/th>\n<\/tr>\n<\/thead>\n<tbody class=\"row-hover\">\n<tr class=\"row-2 even\">\n\t<td class=\"column-1\">1 mes<\/td><td class=\"column-2\">1 a\u00f1o<\/td>\n<\/tr>\n<tr class=\"row-3 odd\">\n\t<td class=\"column-1\">9,99 $<\/td><td class=\"column-2\">59,99 $<\/td>\n<\/tr>\n<\/tbody>\n<\/table>\n<!-- #tablepress-120 from cache --><\/strong><\/p>\n<p><img loading=\"lazy\" class=\"alignnone size-full wp-image-1473\" src=\"https:\/\/multihoster.org\/wp-content\/uploads\/2018\/09\/prices-2.png\" alt=\"prices\" width=\"844\" height=\"280\" srcset=\"https:\/\/multihoster.org\/wp-content\/uploads\/2018\/09\/prices-2.png 844w, https:\/\/multihoster.org\/wp-content\/uploads\/2018\/09\/prices-2-300x100.png 300w, https:\/\/multihoster.org\/wp-content\/uploads\/2018\/09\/prices-2-768x255.png 768w\" sizes=\"(max-width: 844px) 100vw, 844px\" \/><\/p>\n<h2><span data-darkreader-inline-color=\"\">Pol\u00edtica de privacidad <\/span><\/h2>\n<p>El proveedor Offcloud se compromete a procesar sus datos de forma segura y fiable. Los datos personales, como la direcci\u00f3n de correo electr\u00f3nico y el nombre, proporcionados durante el registro, se registran, entre otras cosas. Adem\u00e1s, los datos demogr\u00e1ficos pueden utilizarse para optimizar los procesos empresariales, que se transmiten de forma an\u00f3nima sin referencia directa a la persona. Los datos de notificaci\u00f3n se utilizan exclusivamente para procesos planificados. Las cookies tambi\u00e9n se pueden utilizar para mejorar su experiencia.<\/p>\n<h2><span data-darkreader-inline-color=\"\">Servicio de atenci\u00f3n al cliente <\/span><\/h2>\n<p><span data-darkreader-inline-color=\"\">Si tiene preguntas sobre el servicio Offcloud, puede abrir un ticket en su cuenta en la opci\u00f3n de men\u00fa Soporte. Para hacer esto, primero podemos describir el objeto en bruto, luego la petici\u00f3n exacta. Adem\u00e1s, puede contactar con el soporte Offcloud a trav\u00e9s de Twitter. Antes de ponerse en contacto con el servicio de atenci\u00f3n al cliente, tambi\u00e9n puede buscar en las siguientes preguntas frecuentes para encontrar una respuesta adecuada a su pregunta. Gracias a la amplia experiencia de Offcloud, muchos problemas ya pueden ser resueltos aqu\u00ed.<\/span><\/p>\n<h2><span data-darkreader-inline-color=\"\">Facilidad de uso <\/span><\/h2>\n<p>En la prueba Offcloud puede convencerte claramente de su facilidad de uso. El sitio web est\u00e1 claramente organizado y el registro para la cuenta gratuita se realiza en segundos en la p\u00e1gina principal. Informaci\u00f3n m\u00e1s detallada sobre precios y servicios est\u00e1 f\u00e1cilmente disponible.<\/p>\n<p>Despu\u00e9s de iniciar sesi\u00f3n, puede elegir entre las pesta\u00f1as Instant\u00e1neo, Nube y Remoto en el lado izquierdo de la p\u00e1gina como parte de los servicios. En la pesta\u00f1a Instant\u00e1nea, puede transmitir o descargar inmediatamente varios archivos, la pesta\u00f1a Nube le permite almacenar temporalmente archivos en Internet y la funci\u00f3n de Descarga Remota le permite descargar cualquier archivo que s\u00f3lo requiera la creaci\u00f3n de una cuenta remota. En el lado izquierdo de su cuenta, tambi\u00e9n encontrar\u00e1 las subp\u00e1ginas Tienda, Soporte, Cuentas y Aplicaciones y Afiliados. En general, nuestro test Offcloud muestra que el servicio es simple y f\u00e1cil de usar &#8211; en general, s\u00f3lo hemos tenido experiencias positivas con el proveedor Offcloud.<\/p>\n<h2><span data-darkreader-inline-color=\"\">Los beneficios de una cuenta premium con Offcloud<\/span><\/h2>\n<p><span data-darkreader-inline-color=\"\">Con una cuenta Offcloud Premium, puede utilizar la generaci\u00f3n de enlaces de forma ilimitada y tiene acceso a las p\u00e1ginas Premium de Filehoster y a las p\u00e1ginas de streaming de v\u00eddeo. Tambi\u00e9n puede utilizar enlaces e imanes de BitTorrent. Usted tiene un ancho de banda de proxy ilimitado, almacenamiento en nube ilimitado y tantas descargas remotas como desee. Adem\u00e1s, tiene la opci\u00f3n de descargar archivos PDF y <a href=\"http:\/\/www.goer.org\/HTML\/\" target=\"_blank\" rel=\"noopener\">PocketHTML<\/a> conversi\u00f3n.<br \/>\n<\/span><\/p>\n<h2><span data-darkreader-inline-color=\"\">Nuestras conclusiones sobre el proveedor Offcloud<\/span><\/h2>\n<p><span data-darkreader-inline-color=\"\">En general, Offcloud ofrece una oferta muy interesante y completa, que puede ser probada gratuitamente. Si desea utilizar el servicio completo del proveedor, puede adquirir una suscripci\u00f3n Premium. Para el pago de su Cuenta Premium, puede elegir entre diferentes m\u00e9todos de pago, incluyendo dos procesos de pago an\u00f3nimos. En el test, el Offcloud Multihoster es bastante convincente. El sitio web est\u00e1 bien estructurado para que todas las funciones e informaci\u00f3n sean r\u00e1pidamente visibles. Tambi\u00e9n encontrar\u00e1 una variedad de herramientas pr\u00e1cticas y extensiones. Con la cuenta gratuita, puede crear f\u00e1cilmente su propia experiencia off-cloud y, si lo desea, elegir una cuenta premium con todas las posibilidades.<\/span><\/p>\n","protected":false},"excerpt":{"rendered":"<p>El Offcloud Multihoster le ofrece la posibilidad de descargar diferentes archivos y descargar los archivos deseados en la nube. Tambi\u00e9n<\/p>\n","protected":false},"author":2,"featured_media":0,"parent":0,"menu_order":0,"comment_status":"closed","ping_status":"closed","template":"","meta":[],"yoast_head":"<!-- This site is optimized with the Yoast SEO plugin v18.3 - https:\/\/yoast.com\/wordpress\/plugins\/seo\/ -->\n<title>Offcloud - El Multihoster de un vistazo - Multihoster.org<\/title>\n<meta name=\"robots\" content=\"index, follow, max-snippet:-1, max-image-preview:large, max-video-preview:-1\" \/>\n<link rel=\"canonical\" href=\"https:\/\/multihoster.org\/es\/offcloud\/\" \/>\n<meta property=\"og:locale\" content=\"es_ES\" \/>\n<meta property=\"og:type\" content=\"article\" \/>\n<meta property=\"og:title\" content=\"Offcloud - El Multihoster de un vistazo - Multihoster.org\" \/>\n<meta property=\"og:description\" content=\"El Offcloud Multihoster le ofrece la posibilidad de descargar diferentes archivos y descargar los archivos deseados en la nube. Tambi\u00e9n\" \/>\n<meta property=\"og:url\" content=\"https:\/\/multihoster.org\/es\/offcloud\/\" \/>\n<meta property=\"og:site_name\" content=\"Multihoster.org\" \/>\n<meta property=\"article:modified_time\" content=\"2018-10-04T14:35:01+00:00\" \/>\n<meta property=\"og:image\" content=\"https:\/\/multihoster.org\/wp-content\/uploads\/2018\/10\/logo.png\" \/>\n<meta name=\"twitter:card\" content=\"summary\" \/>\n<meta name=\"twitter:label1\" content=\"Tiempo de lectura\" \/>\n\t<meta name=\"twitter:data1\" content=\"5 minutos\" \/>\n<script type=\"application\/ld+json\" class=\"yoast-schema-graph\">{\"@context\":\"https:\/\/schema.org\",\"@graph\":[{\"@type\":\"WebSite\",\"@id\":\"https:\/\/multihoster.org\/#website\",\"url\":\"https:\/\/multihoster.org\/\",\"name\":\"Multihoster.org\",\"description\":\"Reviews of the major Filehosting services\",\"potentialAction\":[{\"@type\":\"SearchAction\",\"target\":{\"@type\":\"EntryPoint\",\"urlTemplate\":\"https:\/\/multihoster.org\/?s={search_term_string}\"},\"query-input\":\"required name=search_term_string\"}],\"inLanguage\":\"es\"},{\"@type\":\"ImageObject\",\"@id\":\"https:\/\/multihoster.org\/es\/offcloud\/#primaryimage\",\"inLanguage\":\"es\",\"url\":\"https:\/\/multihoster.org\/wp-content\/uploads\/2018\/10\/logo.png\",\"contentUrl\":\"https:\/\/multihoster.org\/wp-content\/uploads\/2018\/10\/logo.png\",\"width\":410,\"height\":171,\"caption\":\"logo\"},{\"@type\":\"WebPage\",\"@id\":\"https:\/\/multihoster.org\/es\/offcloud\/#webpage\",\"url\":\"https:\/\/multihoster.org\/es\/offcloud\/\",\"name\":\"Offcloud - El Multihoster de un vistazo - Multihoster.org\",\"isPartOf\":{\"@id\":\"https:\/\/multihoster.org\/#website\"},\"primaryImageOfPage\":{\"@id\":\"https:\/\/multihoster.org\/es\/offcloud\/#primaryimage\"},\"datePublished\":\"2018-10-01T04:56:32+00:00\",\"dateModified\":\"2018-10-04T14:35:01+00:00\",\"breadcrumb\":{\"@id\":\"https:\/\/multihoster.org\/es\/offcloud\/#breadcrumb\"},\"inLanguage\":\"es\",\"potentialAction\":[{\"@type\":\"ReadAction\",\"target\":[\"https:\/\/multihoster.org\/es\/offcloud\/\"]}]},{\"@type\":\"BreadcrumbList\",\"@id\":\"https:\/\/multihoster.org\/es\/offcloud\/#breadcrumb\",\"itemListElement\":[{\"@type\":\"ListItem\",\"position\":1,\"name\":\"Startseite\",\"item\":\"https:\/\/multihoster.org\/es\/\"},{\"@type\":\"ListItem\",\"position\":2,\"name\":\"Offcloud &#8211; El Multihoster de un vistazo\"}]}]}<\/script>\n<!-- \/ Yoast SEO plugin. -->","yoast_head_json":{"title":"Offcloud - El Multihoster de un vistazo - Multihoster.org","robots":{"index":"index","follow":"follow","max-snippet":"max-snippet:-1","max-image-preview":"max-image-preview:large","max-video-preview":"max-video-preview:-1"},"canonical":"https:\/\/multihoster.org\/es\/offcloud\/","og_locale":"es_ES","og_type":"article","og_title":"Offcloud - El Multihoster de un vistazo - Multihoster.org","og_description":"El Offcloud Multihoster le ofrece la posibilidad de descargar diferentes archivos y descargar los archivos deseados en la nube. Tambi\u00e9n","og_url":"https:\/\/multihoster.org\/es\/offcloud\/","og_site_name":"Multihoster.org","article_modified_time":"2018-10-04T14:35:01+00:00","og_image":[{"url":"https:\/\/multihoster.org\/wp-content\/uploads\/2018\/10\/logo.png"}],"twitter_card":"summary","twitter_misc":{"Tiempo de lectura":"5 minutos"},"schema":{"@context":"https:\/\/schema.org","@graph":[{"@type":"WebSite","@id":"https:\/\/multihoster.org\/#website","url":"https:\/\/multihoster.org\/","name":"Multihoster.org","description":"Reviews of the major Filehosting services","potentialAction":[{"@type":"SearchAction","target":{"@type":"EntryPoint","urlTemplate":"https:\/\/multihoster.org\/?s={search_term_string}"},"query-input":"required name=search_term_string"}],"inLanguage":"es"},{"@type":"ImageObject","@id":"https:\/\/multihoster.org\/es\/offcloud\/#primaryimage","inLanguage":"es","url":"https:\/\/multihoster.org\/wp-content\/uploads\/2018\/10\/logo.png","contentUrl":"https:\/\/multihoster.org\/wp-content\/uploads\/2018\/10\/logo.png","width":410,"height":171,"caption":"logo"},{"@type":"WebPage","@id":"https:\/\/multihoster.org\/es\/offcloud\/#webpage","url":"https:\/\/multihoster.org\/es\/offcloud\/","name":"Offcloud - El Multihoster de un vistazo - Multihoster.org","isPartOf":{"@id":"https:\/\/multihoster.org\/#website"},"primaryImageOfPage":{"@id":"https:\/\/multihoster.org\/es\/offcloud\/#primaryimage"},"datePublished":"2018-10-01T04:56:32+00:00","dateModified":"2018-10-04T14:35:01+00:00","breadcrumb":{"@id":"https:\/\/multihoster.org\/es\/offcloud\/#breadcrumb"},"inLanguage":"es","potentialAction":[{"@type":"ReadAction","target":["https:\/\/multihoster.org\/es\/offcloud\/"]}]},{"@type":"BreadcrumbList","@id":"https:\/\/multihoster.org\/es\/offcloud\/#breadcrumb","itemListElement":[{"@type":"ListItem","position":1,"name":"Startseite","item":"https:\/\/multihoster.org\/es\/"},{"@type":"ListItem","position":2,"name":"Offcloud &#8211; El Multihoster de un vistazo"}]}]}},"_links":{"self":[{"href":"https:\/\/multihoster.org\/es\/wp-json\/wp\/v2\/pages\/1595"}],"collection":[{"href":"https:\/\/multihoster.org\/es\/wp-json\/wp\/v2\/pages"}],"about":[{"href":"https:\/\/multihoster.org\/es\/wp-json\/wp\/v2\/types\/page"}],"author":[{"embeddable":true,"href":"https:\/\/multihoster.org\/es\/wp-json\/wp\/v2\/users\/2"}],"replies":[{"embeddable":true,"href":"https:\/\/multihoster.org\/es\/wp-json\/wp\/v2\/comments?post=1595"}],"version-history":[{"count":2,"href":"https:\/\/multihoster.org\/es\/wp-json\/wp\/v2\/pages\/1595\/revisions"}],"predecessor-version":[{"id":1600,"href":"https:\/\/multihoster.org\/es\/wp-json\/wp\/v2\/pages\/1595\/revisions\/1600"}],"wp:attachment":[{"href":"https:\/\/multihoster.org\/es\/wp-json\/wp\/v2\/media?parent=1595"}],"curies":[{"name":"wp","href":"https:\/\/api.w.org\/{rel}","templated":true}]}}