{"id":1646,"date":"2018-10-04T13:12:00","date_gmt":"2018-10-04T13:12:00","guid":{"rendered":"https:\/\/multihoster.org\/?page_id=1646"},"modified":"2020-06-05T15:49:58","modified_gmt":"2020-06-05T15:49:58","slug":"alfafile","status":"publish","type":"page","link":"https:\/\/multihoster.org\/es\/alfafile\/","title":{"rendered":"Alfafile Premium Account &#8211; El archivo host de un vistazo"},"content":{"rendered":"\n<p>No estamos afiliados, asociados, autorizados, respaldados o de alguna manera oficialmente conectados con Alfafile.net<\/p>\n\n\n<p><img loading=\"lazy\" class=\"wp-image-4766 alignleft\" src=\"https:\/\/multihoster.org\/wp-content\/uploads\/2020\/06\/alfafile_logo.png\" alt=\"\" width=\"293\" height=\"75\" srcset=\"https:\/\/multihoster.org\/wp-content\/uploads\/2020\/06\/alfafile_logo.png 414w, https:\/\/multihoster.org\/wp-content\/uploads\/2020\/06\/alfafile_logo-300x77.png 300w\" sizes=\"(max-width: 293px) 100vw, 293px\" \/>Alfafile est\u00e1 presente en el sector desde 2014 y desde entonces ha podido ofrecer este servicio exclusivo a muchos visitantes. Los usuarios pueden descargar y guardar archivos y cargar diversos datos en la plataforma.<\/p>\n<p>Adem\u00e1s, hay un administrador de archivos f\u00e1cil de usar y una velocidad m\u00e1xima de descarga en la cuenta Alfafile Premium.<\/p>\n<p>El proveedor se compromete a proteger completamente sus derechos e informaci\u00f3n personal y desarrolla constantemente sus tecnolog\u00edas para proporcionarle un servicio excelente.<\/p>\n<p><img loading=\"lazy\" class=\"alignnone size-full wp-image-4757\" src=\"https:\/\/multihoster.org\/wp-content\/uploads\/2020\/06\/alfafile_site.png\" alt=\"alfafile site\" width=\"770\" height=\"510\" srcset=\"https:\/\/multihoster.org\/wp-content\/uploads\/2020\/06\/alfafile_site.png 770w, https:\/\/multihoster.org\/wp-content\/uploads\/2020\/06\/alfafile_site-300x199.png 300w, https:\/\/multihoster.org\/wp-content\/uploads\/2020\/06\/alfafile_site-768x509.png 768w\" sizes=\"(max-width: 770px) 100vw, 770px\" \/><\/p>\n<a class=\"maxbutton-1 maxbutton maxbutton-x\" target=\"_blank\" rel=\"nofollow noopener\" href=\"\/alfafile\/goto\/\"><span class='mb-text'>Comprar la cuenta Premium<\/span><\/a>\n<p>\u00a0<\/p>\n\n<h2><span lang=\"DE\">Caracter\u00edsticas positivas del proveedor<\/span><\/h2>\n<ul>\n<li>Gratuito y por un precio m\u00f3dico<\/li>\n<li>Amplio servicio de alta gama<\/li>\n<li>Confidencialidad de los datos<\/li>\n<li>Interfaz de usuario clara<\/li>\n<\/ul>\n<h2><span lang=\"DE\">Toda la gama Alfafile de un vistazo<\/span><\/h2>\n<p style=\"margin: 18.0pt 0cm 6.0pt 0cm;\"><span lang=\"DE\" style=\"font-family: 'Arial','sans-serif'; color: black;\" data-darkreader-inline-color=\"\">Alfafile le ofrece una cuenta gratuita y la cuenta Alfafile Premium. Aunque s\u00f3lo es posible utilizar y probar el servicio de forma limitada con la cuenta gratuita de Alfafile Premium, todas las funciones est\u00e1n disponibles con Alfafile Premium. Adem\u00e1s de la velocidad m\u00e1xima de descarga y la posibilidad de iniciar varias descargas simult\u00e1neamente, puede utilizar muchas otras funciones adicionales en su cuenta Alfafile Premium.<\/span><\/p>\n<h2><span lang=\"DE\">Ofertas de bonos<\/span><\/h2>\n<p style=\"margin: 18.0pt 0cm 6.0pt 0cm;\"><span lang=\"DE\" style=\"font-family: 'Arial','sans-serif'; color: black;\" data-darkreader-inline-color=\"\">Para todos aquellos que aprecian y quieren transmitir el servicio Alfafile, existe el programa de asociaci\u00f3n. Aqu\u00ed puede anunciar la oferta de Alfafile Premium con un enlace de patrocinio individual y recibir una atractiva comisi\u00f3n de hasta el 50% sobre el precio de venta al registrar un nuevo usuario.<\/span><\/p>\n<h2 style=\"margin: 16.0pt 0cm 4.0pt 0cm;\"><span lang=\"DE\" style=\"font-size: 16pt; font-family: 'Arial', 'sans-serif'; color: black;\" data-darkreader-inline-color=\"\">Costes y formas de pago<\/span><\/h2>\n<p style=\"margin: 0cm 0cm 12.0pt 0cm;\"><span lang=\"DE\" style=\"font-size: 11.0pt; font-family: 'Arial','sans-serif'; color: black;\" data-darkreader-inline-color=\"\">Para el pago de su cuenta Alfafile Premium, tiene relativamente pocas opciones para elegir. El pago es posible a trav\u00e9s de VISA, Bitcoin, Bitcoin Cash y PAYPASSION. Si prefiere otro m\u00e9todo de pago, puede comprar Alfafile Premium en uno de los muchos comercios. Varios otros procedimientos son posibles aqu\u00ed &#8211; desde Webmoney a AmazonPayments y tarjetas de d\u00e9bito a MasterCard y American Express.<\/span><\/p>\n<p><strong>\n<table id=\"tablepress-129\" class=\"tablepress tablepress-id-129\">\n<tbody class=\"row-hover\">\n<tr class=\"row-1 odd\">\n\t<td class=\"column-1\">30 d\u00edas Premium<\/td><td class=\"column-2\">30 d\u00edas Premium<\/td><td class=\"column-3\">30 d\u00edas Premium<\/td><td class=\"column-4\">30 d\u00edas Premium<\/td>\n<\/tr>\n<tr class=\"row-2 even\">\n\t<td class=\"column-1\">14,99 $<\/td><td class=\"column-2\">34,99 $<\/td><td class=\"column-3\">49,99 $<\/td><td class=\"column-4\">89.99 $<\/td>\n<\/tr>\n<tr class=\"row-3 odd\">\n\t<td class=\"column-1\">1 TB de ancho de banda<\/td><td class=\"column-2\">3 TB de ancho de banda<\/td><td class=\"column-3\">6 TB de ancho de banda<\/td><td class=\"column-4\">12 TB de ancho de banda<\/td>\n<\/tr>\n<tr class=\"row-4 even\">\n\t<td class=\"column-1\">1 TB de almacenamiento<\/td><td class=\"column-2\">1 TB de almacenamiento<\/td><td class=\"column-3\">5 TB de almacenamiento<\/td><td class=\"column-4\">10 TB de almacenamiento<\/td>\n<\/tr>\n<\/tbody>\n<\/table>\n<!-- #tablepress-129 from cache --><\/strong><\/p>\n<a class=\"maxbutton-1 maxbutton maxbutton-x\" target=\"_blank\" rel=\"nofollow noopener\" href=\"\/alfafile\/goto\/\"><span class='mb-text'>Comprar la cuenta Premium<\/span><\/a>\n<h2><span lang=\"DE\">Pol\u00edtica de privacidad<\/span><\/h2>\n<p>Como parte del almacenamiento activo, Alfafile almacena datos como el nombre, la direcci\u00f3n de correo electr\u00f3nico, la fecha de nacimiento y cualquier otra informaci\u00f3n que el usuario env\u00ede al archivo host como parte de la oferta.<\/p>\n<p>Adem\u00e1s, algunos datos se recogen de forma pasiva cuando se utiliza el servicio Alfafile. Esto incluye la direcci\u00f3n IP y los registros del servidor. Tambi\u00e9n se utilizan cookies, que mejoran la experiencia del usuario y se adaptan individualmente al usuario.<\/p>\n<h2><span lang=\"DE\">Servicio postventa<\/span><\/h2>\n<p style=\"margin: 18.0pt 0cm 6.0pt 0cm;\"><span lang=\"DE\" style=\"font-size: 11.0pt; font-family: 'Arial','sans-serif'; color: black;\" data-darkreader-inline-color=\"\">Despu\u00e9s de registrarse, puede acceder a los medios de comunicaci\u00f3n haciendo clic en el icono del men\u00fa en la parte superior derecha y, a continuaci\u00f3n, en el submen\u00fa \u00abSoporte\u00bb. Aqu\u00ed puede describir su direcci\u00f3n de correo electr\u00f3nico, asunto y solicitud individual y enviar el mensaje despu\u00e9s de la respuesta de captcha.<\/span><\/p>\n<p><img loading=\"lazy\" class=\"alignnone  wp-image-4785\" src=\"https:\/\/multihoster.org\/wp-content\/uploads\/2020\/06\/alfafile_login-1.png\" alt=\"alfafile_login\" width=\"571\" height=\"366\" srcset=\"https:\/\/multihoster.org\/wp-content\/uploads\/2020\/06\/alfafile_login-1.png 765w, https:\/\/multihoster.org\/wp-content\/uploads\/2020\/06\/alfafile_login-1-300x192.png 300w\" sizes=\"(max-width: 571px) 100vw, 571px\" \/><\/p>\n<h2><span lang=\"DE\">Facilidad de uso<\/span><\/h2>\n<p>El Filehoster Alfafile impresiona por su interfaz de usuario especialmente clara y sencilla.<\/p>\n<p>En la p\u00e1gina de inicio, la oferta de Alfafile se presenta en forma de im\u00e1genes f\u00e1ciles de entender, mientras que en la parte superior de la p\u00e1gina, encontrar\u00e1 opciones para registrar, conectar y comprar su cuenta premium. Adem\u00e1s, hay las pesta\u00f1as \u00abPrograma de Afiliados\u00bb para todos aquellos que quieran anunciarse para Alfafile Premium, \u00abNoticias\u00bb para las noticias de los proveedores y el \u00e1rea de preguntas y respuestas, una presentaci\u00f3n de la empresa y el elemento del men\u00fa de apoyo.<\/p>\n<p>Despu\u00e9s de iniciar sesi\u00f3n, tambi\u00e9n puede seleccionar las funciones \u00abMis archivos\u00bb, \u00abCuenta\u00bb y \u00abPremium\u00bb. En la pesta\u00f1a \u00abMis Archivos\u00bb puede cargar sus archivos, gestionarlos claramente y, si lo desea, compartir una carpeta con otros usuarios. Haga clic en \u00abCuenta\u00bb para a\u00f1adir las opciones de men\u00fa \u00abPagos\u00bb, \u00abEstad\u00edsticas\u00bb, \u00abArchivos eliminados\u00bb y \u00abPerfiles remotos\u00bb. Las pesta\u00f1as \u00abDescargas \u00fanicas\u00bb, \u00abSeguridad y protecci\u00f3n de datos\u00bb y \u00abOpciones de descarga\u00bb s\u00f3lo est\u00e1n disponibles para los titulares de cuentas Alfafile Premium. La cuenta gratuita ofrece un volumen de almacenamiento de 3 TB y un ancho de banda de 2 GB.<\/p>\n<h2><span lang=\"DE\">Los beneficios de una cuenta premium con AlfaFile<\/span><\/h2>\n<p style=\"margin: 18.0pt 0cm 6.0pt 0cm;\"><span lang=\"DE\" style=\"font-size: 11.0pt; font-family: 'Arial','sans-serif'; color: black;\" data-darkreader-inline-color=\"\">Puede elegir entre cuatro paquetes para adquirir el servicio Premium. Se beneficiar\u00e1 de una variedad de funciones, incluida la velocidad m\u00e1xima de descarga. Tambi\u00e9n puede descargar varias descargas a la vez. Usted tiene enlaces directos a los archivos, no necesita esperar a que se descarguen las colas y aprovecha la funci\u00f3n de anuncios gratuitos. Alfafile Premium aumenta el tama\u00f1o m\u00e1ximo de los archivos descargados y descargados a 20 GB &#8211; aqu\u00ed es donde el proveedor se distingue claramente de otros anfitriones de archivos, que a menudo s\u00f3lo permiten un tama\u00f1o m\u00e1ximo de 5-10 GB por descarga.<\/span><\/p>\n<p><img loading=\"lazy\" class=\"alignnone size-full wp-image-4794\" src=\"https:\/\/multihoster.org\/wp-content\/uploads\/2020\/06\/alfafile_review.png\" alt=\"\" width=\"571\" height=\"428\" srcset=\"https:\/\/multihoster.org\/wp-content\/uploads\/2020\/06\/alfafile_review.png 571w, https:\/\/multihoster.org\/wp-content\/uploads\/2020\/06\/alfafile_review-300x225.png 300w\" sizes=\"(max-width: 571px) 100vw, 571px\" \/><\/p>\n<h2>Nuestras conclusiones sobre el proveedor Alfafile<\/h2>\n<p style=\"margin: 18.0pt 0cm 6.0pt 0cm;\"><span lang=\"DE\" style=\"font-size: 11.0pt; font-family: 'Arial','sans-serif'; color: black;\" data-darkreader-inline-color=\"\">Finalmente, podemos recomendar el proveedor Alfafile como una opci\u00f3n interesante para alojar y descargar archivos. El Filehoster ofrece una protecci\u00f3n de datos completa, una interfaz de usuario f\u00e1cil de usar y valiosas caracter\u00edsticas de la cuenta Premium. La oferta de Alfafile es gratuita hasta cierto punto, si desea utilizar tantas funciones como sea posible, puede comprar Alfafile Premium.<\/span><\/p>\n<a class=\"maxbutton-1 maxbutton maxbutton-x\" target=\"_blank\" rel=\"nofollow noopener\" href=\"\/alfafile\/goto\/\"><span class='mb-text'>Comprar la cuenta Premium<\/span><\/a>","protected":false},"excerpt":{"rendered":"<p>No estamos afiliados, asociados, autorizados, respaldados o de alguna manera oficialmente conectados con Alfafile.net Alfafile est\u00e1 presente en el sector<\/p>\n","protected":false},"author":2,"featured_media":0,"parent":0,"menu_order":0,"comment_status":"closed","ping_status":"closed","template":"","meta":[],"yoast_head":"<!-- This site is optimized with the Yoast SEO plugin v18.3 - https:\/\/yoast.com\/wordpress\/plugins\/seo\/ -->\n<title>lll\u25b7 Alfafile Premium \u00bfCuenta seria o no? Prueba en Multihoster.org<\/title>\n<meta name=\"description\" content=\"El Filehoster Alfafile ofrece una interesante cuenta gratuita, as\u00ed como una amplia cuenta Premium Alfafile. Le presentamos la oferta en detalle.\" \/>\n<meta name=\"robots\" content=\"index, follow, max-snippet:-1, max-image-preview:large, max-video-preview:-1\" \/>\n<link rel=\"canonical\" href=\"https:\/\/multihoster.org\/es\/alfafile\/\" \/>\n<meta property=\"og:locale\" content=\"es_ES\" \/>\n<meta property=\"og:type\" content=\"article\" \/>\n<meta property=\"og:title\" content=\"lll\u25b7 Alfafile Premium \u00bfCuenta seria o no? Prueba en Multihoster.org\" \/>\n<meta property=\"og:description\" content=\"El Filehoster Alfafile ofrece una interesante cuenta gratuita, as\u00ed como una amplia cuenta Premium Alfafile. Le presentamos la oferta en detalle.\" \/>\n<meta property=\"og:url\" content=\"https:\/\/multihoster.org\/es\/alfafile\/\" \/>\n<meta property=\"og:site_name\" content=\"Multihoster.org\" \/>\n<meta property=\"article:modified_time\" content=\"2020-06-05T15:49:58+00:00\" \/>\n<meta property=\"og:image\" content=\"https:\/\/multihoster.org\/wp-content\/uploads\/2020\/06\/alfafile_logo.png\" \/>\n<meta name=\"twitter:card\" content=\"summary\" \/>\n<meta name=\"twitter:label1\" content=\"Tiempo de lectura\" \/>\n\t<meta name=\"twitter:data1\" content=\"4 minutos\" \/>\n<script type=\"application\/ld+json\" class=\"yoast-schema-graph\">{\"@context\":\"https:\/\/schema.org\",\"@graph\":[{\"@type\":\"WebSite\",\"@id\":\"https:\/\/multihoster.org\/#website\",\"url\":\"https:\/\/multihoster.org\/\",\"name\":\"Multihoster.org\",\"description\":\"Reviews of the major Filehosting services\",\"potentialAction\":[{\"@type\":\"SearchAction\",\"target\":{\"@type\":\"EntryPoint\",\"urlTemplate\":\"https:\/\/multihoster.org\/?s={search_term_string}\"},\"query-input\":\"required name=search_term_string\"}],\"inLanguage\":\"es\"},{\"@type\":\"ImageObject\",\"@id\":\"https:\/\/multihoster.org\/es\/alfafile\/#primaryimage\",\"inLanguage\":\"es\",\"url\":\"https:\/\/multihoster.org\/wp-content\/uploads\/2020\/06\/alfafile_logo.png\",\"contentUrl\":\"https:\/\/multihoster.org\/wp-content\/uploads\/2020\/06\/alfafile_logo.png\",\"width\":414,\"height\":106},{\"@type\":\"WebPage\",\"@id\":\"https:\/\/multihoster.org\/es\/alfafile\/#webpage\",\"url\":\"https:\/\/multihoster.org\/es\/alfafile\/\",\"name\":\"lll\u25b7 Alfafile Premium \u00bfCuenta seria o no? Prueba en Multihoster.org\",\"isPartOf\":{\"@id\":\"https:\/\/multihoster.org\/#website\"},\"primaryImageOfPage\":{\"@id\":\"https:\/\/multihoster.org\/es\/alfafile\/#primaryimage\"},\"datePublished\":\"2018-10-04T13:12:00+00:00\",\"dateModified\":\"2020-06-05T15:49:58+00:00\",\"description\":\"El Filehoster Alfafile ofrece una interesante cuenta gratuita, as\u00ed como una amplia cuenta Premium Alfafile. Le presentamos la oferta en detalle.\",\"breadcrumb\":{\"@id\":\"https:\/\/multihoster.org\/es\/alfafile\/#breadcrumb\"},\"inLanguage\":\"es\",\"potentialAction\":[{\"@type\":\"ReadAction\",\"target\":[\"https:\/\/multihoster.org\/es\/alfafile\/\"]}]},{\"@type\":\"BreadcrumbList\",\"@id\":\"https:\/\/multihoster.org\/es\/alfafile\/#breadcrumb\",\"itemListElement\":[{\"@type\":\"ListItem\",\"position\":1,\"name\":\"Startseite\",\"item\":\"https:\/\/multihoster.org\/es\/\"},{\"@type\":\"ListItem\",\"position\":2,\"name\":\"Alfafile Premium Account &#8211; El archivo host de un vistazo\"}]}]}<\/script>\n<!-- \/ Yoast SEO plugin. -->","yoast_head_json":{"title":"lll\u25b7 Alfafile Premium \u00bfCuenta seria o no? Prueba en Multihoster.org","description":"El Filehoster Alfafile ofrece una interesante cuenta gratuita, as\u00ed como una amplia cuenta Premium Alfafile. Le presentamos la oferta en detalle.","robots":{"index":"index","follow":"follow","max-snippet":"max-snippet:-1","max-image-preview":"max-image-preview:large","max-video-preview":"max-video-preview:-1"},"canonical":"https:\/\/multihoster.org\/es\/alfafile\/","og_locale":"es_ES","og_type":"article","og_title":"lll\u25b7 Alfafile Premium \u00bfCuenta seria o no? Prueba en Multihoster.org","og_description":"El Filehoster Alfafile ofrece una interesante cuenta gratuita, as\u00ed como una amplia cuenta Premium Alfafile. Le presentamos la oferta en detalle.","og_url":"https:\/\/multihoster.org\/es\/alfafile\/","og_site_name":"Multihoster.org","article_modified_time":"2020-06-05T15:49:58+00:00","og_image":[{"url":"https:\/\/multihoster.org\/wp-content\/uploads\/2020\/06\/alfafile_logo.png"}],"twitter_card":"summary","twitter_misc":{"Tiempo de lectura":"4 minutos"},"schema":{"@context":"https:\/\/schema.org","@graph":[{"@type":"WebSite","@id":"https:\/\/multihoster.org\/#website","url":"https:\/\/multihoster.org\/","name":"Multihoster.org","description":"Reviews of the major Filehosting services","potentialAction":[{"@type":"SearchAction","target":{"@type":"EntryPoint","urlTemplate":"https:\/\/multihoster.org\/?s={search_term_string}"},"query-input":"required name=search_term_string"}],"inLanguage":"es"},{"@type":"ImageObject","@id":"https:\/\/multihoster.org\/es\/alfafile\/#primaryimage","inLanguage":"es","url":"https:\/\/multihoster.org\/wp-content\/uploads\/2020\/06\/alfafile_logo.png","contentUrl":"https:\/\/multihoster.org\/wp-content\/uploads\/2020\/06\/alfafile_logo.png","width":414,"height":106},{"@type":"WebPage","@id":"https:\/\/multihoster.org\/es\/alfafile\/#webpage","url":"https:\/\/multihoster.org\/es\/alfafile\/","name":"lll\u25b7 Alfafile Premium \u00bfCuenta seria o no? Prueba en Multihoster.org","isPartOf":{"@id":"https:\/\/multihoster.org\/#website"},"primaryImageOfPage":{"@id":"https:\/\/multihoster.org\/es\/alfafile\/#primaryimage"},"datePublished":"2018-10-04T13:12:00+00:00","dateModified":"2020-06-05T15:49:58+00:00","description":"El Filehoster Alfafile ofrece una interesante cuenta gratuita, as\u00ed como una amplia cuenta Premium Alfafile. Le presentamos la oferta en detalle.","breadcrumb":{"@id":"https:\/\/multihoster.org\/es\/alfafile\/#breadcrumb"},"inLanguage":"es","potentialAction":[{"@type":"ReadAction","target":["https:\/\/multihoster.org\/es\/alfafile\/"]}]},{"@type":"BreadcrumbList","@id":"https:\/\/multihoster.org\/es\/alfafile\/#breadcrumb","itemListElement":[{"@type":"ListItem","position":1,"name":"Startseite","item":"https:\/\/multihoster.org\/es\/"},{"@type":"ListItem","position":2,"name":"Alfafile Premium Account &#8211; El archivo host de un vistazo"}]}]}},"_links":{"self":[{"href":"https:\/\/multihoster.org\/es\/wp-json\/wp\/v2\/pages\/1646"}],"collection":[{"href":"https:\/\/multihoster.org\/es\/wp-json\/wp\/v2\/pages"}],"about":[{"href":"https:\/\/multihoster.org\/es\/wp-json\/wp\/v2\/types\/page"}],"author":[{"embeddable":true,"href":"https:\/\/multihoster.org\/es\/wp-json\/wp\/v2\/users\/2"}],"replies":[{"embeddable":true,"href":"https:\/\/multihoster.org\/es\/wp-json\/wp\/v2\/comments?post=1646"}],"version-history":[{"count":7,"href":"https:\/\/multihoster.org\/es\/wp-json\/wp\/v2\/pages\/1646\/revisions"}],"predecessor-version":[{"id":4833,"href":"https:\/\/multihoster.org\/es\/wp-json\/wp\/v2\/pages\/1646\/revisions\/4833"}],"wp:attachment":[{"href":"https:\/\/multihoster.org\/es\/wp-json\/wp\/v2\/media?parent=1646"}],"curies":[{"name":"wp","href":"https:\/\/api.w.org\/{rel}","templated":true}]}}