{"id":1698,"date":"2018-10-04T13:40:43","date_gmt":"2018-10-04T13:40:43","guid":{"rendered":"https:\/\/multihoster.org\/?page_id=1698"},"modified":"2020-01-08T11:58:45","modified_gmt":"2020-01-08T11:58:45","slug":"linkifier","status":"publish","type":"page","link":"https:\/\/multihoster.org\/es\/linkifier\/","title":{"rendered":"Linkifier &#8211; El Multihoster a prueba"},"content":{"rendered":"<p><img loading=\"lazy\" class=\"wp-image-1679 alignleft\" src=\"https:\/\/multihoster.org\/wp-content\/uploads\/2018\/10\/logo-2.png\" alt=\"\" width=\"267\" height=\"93\" srcset=\"https:\/\/multihoster.org\/wp-content\/uploads\/2018\/10\/logo-2.png 473w, https:\/\/multihoster.org\/wp-content\/uploads\/2018\/10\/logo-2-300x105.png 300w\" sizes=\"(max-width: 267px) 100vw, 267px\" \/><\/p>\n<p>El proveedor de Linkifier le permite acceder a un gran n\u00famero de diferentes hosts de archivos. La empresa fue fundada en 2015 y est\u00e1 compuesta por un peque\u00f1o y din\u00e1mico equipo que quiere convencer con sus habilidades y conocimientos en esta \u00e1rea. 81 filehosters ofrecen varios archivos para descargar, incluyendo los proveedores m\u00e1s populares como Turbobit, FileFactory y Uploaded.<\/p>\n<p>El registro es completamente gratuito y, si lo desea, puede convertir su cuenta gratuita en una cuenta premium. Hay varios m\u00e9todos de pago disponibles, incluyendo el pago an\u00f3nimo con la Paysafecard. Hemos examinado al proveedor y nos gustar\u00eda compartir con usted las experiencias de nuestra prueba Linkifier.<\/p>\n<p><img loading=\"lazy\" class=\"alignnone size-full wp-image-1668\" src=\"https:\/\/multihoster.org\/wp-content\/uploads\/2018\/10\/Linkfier.jpg\" alt=\"Linkfier\" width=\"968\" height=\"682\" srcset=\"https:\/\/multihoster.org\/wp-content\/uploads\/2018\/10\/Linkfier.jpg 968w, https:\/\/multihoster.org\/wp-content\/uploads\/2018\/10\/Linkfier-300x211.jpg 300w, https:\/\/multihoster.org\/wp-content\/uploads\/2018\/10\/Linkfier-768x541.jpg 768w\" sizes=\"(max-width: 968px) 100vw, 968px\" \/><\/p>\n<a class=\"maxbutton-1 maxbutton maxbutton-x\" target=\"_blank\" rel=\"nofollow noopener\" href=\"\/alfafile\/goto\/\"><span class='mb-text'>Ir a Linkifier -&gt;<\/span><\/a>\n<h2>Caracter\u00edsticas positivas del proveedor<\/h2>\n<ul>\n<li>Entrada gratuita y cuenta premium<\/li>\n<li>Diferentes m\u00e9todos de pago<\/li>\n<li>Hasta un 40% de comisi\u00f3n para los socios<\/li>\n<li>Estructura clara del sitio web<\/li>\n<\/ul>\n<h2><span lang=\"DE\">El programa completo de Linkifier de un vistazo<\/span><\/h2>\n<p>Linkifier ofrece tanto una cuenta gratuita como una premium. Para aprovechar la oferta gratuita, simplemente reg\u00edstrese con su direcci\u00f3n de correo electr\u00f3nico y utilice el servicio dentro de ciertos l\u00edmites para obtener una experiencia inicial. Si desea utilizar toda la gama de servicios, incluida la velocidad m\u00e1xima de descarga, puede elegir una cuenta premium. Puede elegir entre un total de 5 paquetes que van desde 30 d\u00edas hasta 2 a\u00f1os.<\/p>\n<p><img loading=\"lazy\" class=\"alignnone size-full wp-image-1669\" src=\"https:\/\/multihoster.org\/wp-content\/uploads\/2018\/10\/log-in.jpg\" alt=\"log in\" width=\"904\" height=\"678\" srcset=\"https:\/\/multihoster.org\/wp-content\/uploads\/2018\/10\/log-in.jpg 904w, https:\/\/multihoster.org\/wp-content\/uploads\/2018\/10\/log-in-300x225.jpg 300w, https:\/\/multihoster.org\/wp-content\/uploads\/2018\/10\/log-in-768x576.jpg 768w\" sizes=\"(max-width: 904px) 100vw, 904px\" \/><\/p>\n<a class=\"maxbutton-1 maxbutton maxbutton-x\" target=\"_blank\" rel=\"nofollow noopener\" href=\"\/alfafile\/goto\/\"><span class='mb-text'>Ir a Linkifier -&gt;<\/span><\/a>\n<h2>Ofertas de bonos<\/h2>\n<p>Si desea utilizar el servicio Linkifier, puede inscribirse en el programa de afiliados y ganar atractivas comisiones de hasta un 40%. Los socios reciben varios consejos y pueden beneficiarse de los muchos a\u00f1os de experiencia de Linkifier.<\/p>\n<h2>Costes y formas de pago<\/h2>\n<p>Linkifier le ofrece varias opciones para pagar su cuenta premium. Desde Paypal y tarjetas de cr\u00e9dito hasta WebMoney y Skrill. Tambi\u00e9n es posible un pago an\u00f3nimo a trav\u00e9s de Bitcoin o Paysafecard. Con un c\u00f3digo de promoci\u00f3n v\u00e1lido, los costes pueden reducirse en determinadas circunstancias. En la prueba, el proceso de pago con Linkifier funcion\u00f3 sin problemas.<\/p>\n<p><strong>\n<table id=\"tablepress-138\" class=\"tablepress tablepress-id-138\">\n<tbody class=\"row-hover\">\n<tr class=\"row-1 odd\">\n\t<td class=\"column-1\">30 d\u00edas<\/td><td class=\"column-2\">90 d\u00edas<\/td><td class=\"column-3\">180 d\u00edas<\/td><td class=\"column-4\">365 d\u00edas<\/td><td class=\"column-5\">730 d\u00edas<\/td>\n<\/tr>\n<tr class=\"row-2 even\">\n\t<td class=\"column-1\">9,99 $<\/td><td class=\"column-2\">26,99 $<\/td><td class=\"column-3\">44,99 $<\/td><td class=\"column-4\">84,99 $<\/td><td class=\"column-5\">149,99 $<\/td>\n<\/tr>\n<tr class=\"row-3 odd\">\n\t<td class=\"column-1\"><\/td><td class=\"column-2\">30 d\u00edas gratis<\/td><td class=\"column-3\">60 d\u00edas gratis<\/td><td class=\"column-4\"><\/td><td class=\"column-5\"><\/td>\n<\/tr>\n<\/tbody>\n<\/table>\n<!-- #tablepress-138 from cache --><\/strong><\/p>\n<h2>Pol\u00edtica de privacidad<\/h2>\n<p>La informaci\u00f3n es almacenada por Linkifier en base a nuestra experiencia con el registro, el uso del chat en vivo, la apertura de un ticket de soporte y la introducci\u00f3n de informaci\u00f3n en el sitio web.<\/p>\n<p>Los datos almacenados se utilizan para personalizar la experiencia del usuario para los visitantes y as\u00ed proporcionar un contenido interesante.<\/p>\n<p>Adem\u00e1s, los datos se utilizan para mejorar el servicio al cliente, procesar transacciones r\u00e1pidamente y gestionar promociones, encuestas y similares. Los datos personales tambi\u00e9n se utilizan para enviar correos electr\u00f3nicos sobre productos y servicios.<\/p>\n<p>Los datos est\u00e1n protegidos por redes seguras y escaneos regulares de malware. S\u00f3lo hay un n\u00famero limitado de personas que tienen acceso a los datos personales y se utiliza la tecnolog\u00eda de encriptaci\u00f3n SSL para todos los datos sensibles. Las transacciones son manejadas por un proveedor de gateways y no son almacenadas o ejecutadas en los servidores de Linkifier.<\/p>\n<p>Las cookies se utilizan para almacenar las preferencias de los visitantes para futuros visitantes y para mejorar la usabilidad general. La informaci\u00f3n s\u00f3lo se transmite a determinados socios.<\/p>\n<h2>Servicio postventa<\/h2>\n<p>Para ponerse en contacto con el servicio de atenci\u00f3n al cliente de Linkifier, encontrar\u00e1 la opci\u00f3n de men\u00fa \u00abContactar\u00bb en la parte inferior de la p\u00e1gina principal. Aqu\u00ed puedes encontrar la forma de acceder a las cuentas de medios sociales de Linkifier y especificar tu solicitud a trav\u00e9s del formulario de contacto para que puedas beneficiarte de la experiencia de Linkifier.<\/p>\n<h2><span lang=\"DE\">Facilidad de uso <\/span><\/h2>\n<p>El sitio web de Linkifier tiene una estructura simple y puede convencernos completamente en la prueba. Puede registrarse gratuitamente en su direcci\u00f3n de correo electr\u00f3nico directamente en la p\u00e1gina de inicio. Un peque\u00f1o desplazamiento hacia abajo le dar\u00e1 m\u00e1s informaci\u00f3n sobre el proveedor y el servicio. En la parte superior encontrar\u00e1 las pesta\u00f1as Hosts de archivos compatibles, Go Premium, About Us, Register y Login. En el punto de men\u00fa \u00abArchivos de host compatibles\u00bb encontrar\u00e1 una lista de archivos de host compatibles y en el punto de men\u00fa \u00abGo Premium\u00bb encontrar\u00e1 el alcance de los servicios de cuenta premium, los costes y las opciones de pago.<\/p>\n<p>Despu\u00e9s de iniciar sesi\u00f3n tiene la opci\u00f3n de generar los enlaces deseados en el punto de men\u00fa \u00abDescargar\u00bb o de mostrar el estado actual del hoster en la pesta\u00f1a \u00abEstado del hoster\u00bb. Tambi\u00e9n puede echar un vistazo al historial de su cuenta para obtener informaci\u00f3n sobre su cuenta o paquete. Por \u00faltimo, est\u00e1 la opci\u00f3n de men\u00fa \u00abActualizar\u00bb, en la que puede actualizar su cuenta gratuita a una cuenta Premium Linkifier. En general, estamos muy satisfechos con la usabilidad de Linkifier en la prueba.<\/p>\n<p><img loading=\"lazy\" class=\"alignnone size-full wp-image-1670\" src=\"https:\/\/multihoster.org\/wp-content\/uploads\/2018\/10\/pricing.jpg\" alt=\"pricing\" width=\"1075\" height=\"654\" srcset=\"https:\/\/multihoster.org\/wp-content\/uploads\/2018\/10\/pricing.jpg 1075w, https:\/\/multihoster.org\/wp-content\/uploads\/2018\/10\/pricing-300x183.jpg 300w, https:\/\/multihoster.org\/wp-content\/uploads\/2018\/10\/pricing-768x467.jpg 768w, https:\/\/multihoster.org\/wp-content\/uploads\/2018\/10\/pricing-1024x623.jpg 1024w\" sizes=\"(max-width: 1075px) 100vw, 1075px\" \/><\/p>\n<h2><span lang=\"DE\">Los beneficios de una cuenta premium con Linkifier<\/span><\/h2>\n<p>Con una cuenta premium puede utilizar toda la gama de archivos de host a los que puede acceder a trav\u00e9s de Linkifier. Adem\u00e1s de los habituales hosts de archivos como Upload, Turbobit y RAPID GATOR, hay m\u00e1s de 75 proveedores disponibles.<\/p>\n<p>Aproveche la velocidad m\u00e1xima de descarga, que puede alcanzar los 300 Mbits por segundo y permitir cualquier n\u00famero de descargas sin l\u00edmites diarios. Usted es libre de iniciar m\u00faltiples descargas a la vez. Con Linkifier Premium no hay tiempo de espera ni publicidad. Si no le gusta el servicio del proveedor, puede utilizar la garant\u00eda de devoluci\u00f3n de dinero.<\/p>\n<h2><span lang=\"DE\">Nuestras conclusiones sobre el proveedor Linkifier<\/span><\/h2>\n<p>En general, Linkifier ofrece una oferta atractiva que puede probarse gratuitamente y sin compromiso. Tenemos buena experiencia con el proveedor y nos gustar\u00eda resumir nuestra revisi\u00f3n de Linkifier para usted:<\/p>\n<p>El sitio web est\u00e1 claramente estructurado, es f\u00e1cil de usar y ofrece una experiencia de usuario convincente. Bajo la cuenta gratuita, el alcance de las funciones es limitado. Si quieres renovarlos, puedes comprar uno de los 5 paquetes por $9.99. Hay varias opciones de pago para elegir. Tambi\u00e9n es posible un pago an\u00f3nimo a trav\u00e9s de Bitcoin o Paysafecard. Con respecto a la protecci\u00f3n de datos y la privacidad, el proveedor Linkifier ofrece una declaraci\u00f3n de protecci\u00f3n de datos f\u00e1cil de entender en la que toda la informaci\u00f3n se presenta de forma sencilla. En general, nuestra prueba de Linkifier fue muy positiva, as\u00ed que podemos aconsejarle que haga sus propias experiencias personales con el proveedor de Linkifier.<\/p>\n<a class=\"maxbutton-1 maxbutton maxbutton-x\" target=\"_blank\" rel=\"nofollow noopener\" href=\"\/alfafile\/goto\/\"><span class='mb-text'>Ir a Linkifier -&gt;<\/span><\/a>\n","protected":false},"excerpt":{"rendered":"<p>El proveedor de Linkifier le permite acceder a un gran n\u00famero de diferentes hosts de archivos. La empresa fue fundada<\/p>\n","protected":false},"author":2,"featured_media":0,"parent":0,"menu_order":0,"comment_status":"closed","ping_status":"closed","template":"","meta":[],"yoast_head":"<!-- This site is optimized with the Yoast SEO plugin v18.3 - https:\/\/yoast.com\/wordpress\/plugins\/seo\/ -->\n<title>El Multihoster Linkifier bajo prueba - las experiencias de Multihoster.org<\/title>\n<meta name=\"description\" content=\"\u00bfEst\u00e1 interesado en la oferta gratuita y la cuenta premium de Linkifier? Le presentamos al proveedor Linkifier en la revisi\u00f3n.\" \/>\n<meta name=\"robots\" content=\"index, follow, max-snippet:-1, max-image-preview:large, max-video-preview:-1\" \/>\n<link rel=\"canonical\" href=\"https:\/\/multihoster.org\/es\/linkifier\/\" \/>\n<meta property=\"og:locale\" content=\"es_ES\" \/>\n<meta property=\"og:type\" content=\"article\" \/>\n<meta property=\"og:title\" content=\"El Multihoster Linkifier bajo prueba - las experiencias de Multihoster.org\" \/>\n<meta property=\"og:description\" content=\"\u00bfEst\u00e1 interesado en la oferta gratuita y la cuenta premium de Linkifier? Le presentamos al proveedor Linkifier en la revisi\u00f3n.\" \/>\n<meta property=\"og:url\" content=\"https:\/\/multihoster.org\/es\/linkifier\/\" \/>\n<meta property=\"og:site_name\" content=\"Multihoster.org\" \/>\n<meta property=\"article:modified_time\" content=\"2020-01-08T11:58:45+00:00\" \/>\n<meta property=\"og:image\" content=\"https:\/\/multihoster.org\/wp-content\/uploads\/2018\/10\/logo-2.png\" \/>\n<meta name=\"twitter:card\" content=\"summary\" \/>\n<meta name=\"twitter:label1\" content=\"Tiempo de lectura\" \/>\n\t<meta name=\"twitter:data1\" content=\"6 minutos\" \/>\n<script type=\"application\/ld+json\" class=\"yoast-schema-graph\">{\"@context\":\"https:\/\/schema.org\",\"@graph\":[{\"@type\":\"WebSite\",\"@id\":\"https:\/\/multihoster.org\/#website\",\"url\":\"https:\/\/multihoster.org\/\",\"name\":\"Multihoster.org\",\"description\":\"Reviews of the major Filehosting services\",\"potentialAction\":[{\"@type\":\"SearchAction\",\"target\":{\"@type\":\"EntryPoint\",\"urlTemplate\":\"https:\/\/multihoster.org\/?s={search_term_string}\"},\"query-input\":\"required name=search_term_string\"}],\"inLanguage\":\"es\"},{\"@type\":\"ImageObject\",\"@id\":\"https:\/\/multihoster.org\/es\/linkifier\/#primaryimage\",\"inLanguage\":\"es\",\"url\":\"https:\/\/multihoster.org\/wp-content\/uploads\/2018\/10\/logo-2.png\",\"contentUrl\":\"https:\/\/multihoster.org\/wp-content\/uploads\/2018\/10\/logo-2.png\",\"width\":473,\"height\":165},{\"@type\":\"WebPage\",\"@id\":\"https:\/\/multihoster.org\/es\/linkifier\/#webpage\",\"url\":\"https:\/\/multihoster.org\/es\/linkifier\/\",\"name\":\"El Multihoster Linkifier bajo prueba - las experiencias de Multihoster.org\",\"isPartOf\":{\"@id\":\"https:\/\/multihoster.org\/#website\"},\"primaryImageOfPage\":{\"@id\":\"https:\/\/multihoster.org\/es\/linkifier\/#primaryimage\"},\"datePublished\":\"2018-10-04T13:40:43+00:00\",\"dateModified\":\"2020-01-08T11:58:45+00:00\",\"description\":\"\u00bfEst\u00e1 interesado en la oferta gratuita y la cuenta premium de Linkifier? Le presentamos al proveedor Linkifier en la revisi\u00f3n.\",\"breadcrumb\":{\"@id\":\"https:\/\/multihoster.org\/es\/linkifier\/#breadcrumb\"},\"inLanguage\":\"es\",\"potentialAction\":[{\"@type\":\"ReadAction\",\"target\":[\"https:\/\/multihoster.org\/es\/linkifier\/\"]}]},{\"@type\":\"BreadcrumbList\",\"@id\":\"https:\/\/multihoster.org\/es\/linkifier\/#breadcrumb\",\"itemListElement\":[{\"@type\":\"ListItem\",\"position\":1,\"name\":\"Startseite\",\"item\":\"https:\/\/multihoster.org\/es\/\"},{\"@type\":\"ListItem\",\"position\":2,\"name\":\"Linkifier &#8211; El Multihoster a prueba\"}]}]}<\/script>\n<!-- \/ Yoast SEO plugin. -->","yoast_head_json":{"title":"El Multihoster Linkifier bajo prueba - las experiencias de Multihoster.org","description":"\u00bfEst\u00e1 interesado en la oferta gratuita y la cuenta premium de Linkifier? Le presentamos al proveedor Linkifier en la revisi\u00f3n.","robots":{"index":"index","follow":"follow","max-snippet":"max-snippet:-1","max-image-preview":"max-image-preview:large","max-video-preview":"max-video-preview:-1"},"canonical":"https:\/\/multihoster.org\/es\/linkifier\/","og_locale":"es_ES","og_type":"article","og_title":"El Multihoster Linkifier bajo prueba - las experiencias de Multihoster.org","og_description":"\u00bfEst\u00e1 interesado en la oferta gratuita y la cuenta premium de Linkifier? Le presentamos al proveedor Linkifier en la revisi\u00f3n.","og_url":"https:\/\/multihoster.org\/es\/linkifier\/","og_site_name":"Multihoster.org","article_modified_time":"2020-01-08T11:58:45+00:00","og_image":[{"url":"https:\/\/multihoster.org\/wp-content\/uploads\/2018\/10\/logo-2.png"}],"twitter_card":"summary","twitter_misc":{"Tiempo de lectura":"6 minutos"},"schema":{"@context":"https:\/\/schema.org","@graph":[{"@type":"WebSite","@id":"https:\/\/multihoster.org\/#website","url":"https:\/\/multihoster.org\/","name":"Multihoster.org","description":"Reviews of the major Filehosting services","potentialAction":[{"@type":"SearchAction","target":{"@type":"EntryPoint","urlTemplate":"https:\/\/multihoster.org\/?s={search_term_string}"},"query-input":"required name=search_term_string"}],"inLanguage":"es"},{"@type":"ImageObject","@id":"https:\/\/multihoster.org\/es\/linkifier\/#primaryimage","inLanguage":"es","url":"https:\/\/multihoster.org\/wp-content\/uploads\/2018\/10\/logo-2.png","contentUrl":"https:\/\/multihoster.org\/wp-content\/uploads\/2018\/10\/logo-2.png","width":473,"height":165},{"@type":"WebPage","@id":"https:\/\/multihoster.org\/es\/linkifier\/#webpage","url":"https:\/\/multihoster.org\/es\/linkifier\/","name":"El Multihoster Linkifier bajo prueba - las experiencias de Multihoster.org","isPartOf":{"@id":"https:\/\/multihoster.org\/#website"},"primaryImageOfPage":{"@id":"https:\/\/multihoster.org\/es\/linkifier\/#primaryimage"},"datePublished":"2018-10-04T13:40:43+00:00","dateModified":"2020-01-08T11:58:45+00:00","description":"\u00bfEst\u00e1 interesado en la oferta gratuita y la cuenta premium de Linkifier? Le presentamos al proveedor Linkifier en la revisi\u00f3n.","breadcrumb":{"@id":"https:\/\/multihoster.org\/es\/linkifier\/#breadcrumb"},"inLanguage":"es","potentialAction":[{"@type":"ReadAction","target":["https:\/\/multihoster.org\/es\/linkifier\/"]}]},{"@type":"BreadcrumbList","@id":"https:\/\/multihoster.org\/es\/linkifier\/#breadcrumb","itemListElement":[{"@type":"ListItem","position":1,"name":"Startseite","item":"https:\/\/multihoster.org\/es\/"},{"@type":"ListItem","position":2,"name":"Linkifier &#8211; El Multihoster a prueba"}]}]}},"_links":{"self":[{"href":"https:\/\/multihoster.org\/es\/wp-json\/wp\/v2\/pages\/1698"}],"collection":[{"href":"https:\/\/multihoster.org\/es\/wp-json\/wp\/v2\/pages"}],"about":[{"href":"https:\/\/multihoster.org\/es\/wp-json\/wp\/v2\/types\/page"}],"author":[{"embeddable":true,"href":"https:\/\/multihoster.org\/es\/wp-json\/wp\/v2\/users\/2"}],"replies":[{"embeddable":true,"href":"https:\/\/multihoster.org\/es\/wp-json\/wp\/v2\/comments?post=1698"}],"version-history":[{"count":6,"href":"https:\/\/multihoster.org\/es\/wp-json\/wp\/v2\/pages\/1698\/revisions"}],"predecessor-version":[{"id":2376,"href":"https:\/\/multihoster.org\/es\/wp-json\/wp\/v2\/pages\/1698\/revisions\/2376"}],"wp:attachment":[{"href":"https:\/\/multihoster.org\/es\/wp-json\/wp\/v2\/media?parent=1698"}],"curies":[{"name":"wp","href":"https:\/\/api.w.org\/{rel}","templated":true}]}}