{"id":1745,"date":"2018-10-04T13:52:19","date_gmt":"2018-10-04T13:52:19","guid":{"rendered":"https:\/\/multihoster.org\/?page_id=1745"},"modified":"2018-10-04T13:52:19","modified_gmt":"2018-10-04T13:52:19","slug":"linksnappy","status":"publish","type":"page","link":"https:\/\/multihoster.org\/es\/linksnappy\/","title":{"rendered":"Experiencias LinkSnappy &#8211; El Multihoster de un vistazo"},"content":{"rendered":"<p><img loading=\"lazy\" class=\"wp-image-1723 alignleft\" src=\"https:\/\/multihoster.org\/wp-content\/uploads\/2018\/10\/logo-3.png\" alt=\"logo\" width=\"204\" height=\"119\" srcset=\"https:\/\/multihoster.org\/wp-content\/uploads\/2018\/10\/logo-3.png 371w, https:\/\/multihoster.org\/wp-content\/uploads\/2018\/10\/logo-3-300x175.png 300w\" sizes=\"(max-width: 204px) 100vw, 204px\" \/><\/p>\n<p>El multihosting LinkSnappy te ofrece un generador de enlaces premium y un cliente de torrents de nube. Adem\u00e1s, hay muchas otras caracter\u00edsticas que hacen que la oferta de LinkSnappy sea a\u00fan m\u00e1s completa y segura de usar. Varios proveedores de servicios de pago est\u00e1n disponibles para pagos simples, incluyendo m\u00e9todos de pago an\u00f3nimos como Paysafecard y m\u00e9todos simples y populares como Paypal. Hemos probado el proveedor de LinkSnappy y nos gustar\u00eda presentar nuestras experiencias con LinkSnappy.<\/p>\n<h2><\/h2>\n<h2>Caracter\u00edsticas positivas del proveedor<\/h2>\n<ul>\n<li>Posibilidad de uso gratuito<\/li>\n<li>M\u00e9todos de pago an\u00f3nimos<\/li>\n<li>Acceso a m\u00e1s de 60 hosts de archivos<\/li>\n<li>Muy f\u00e1cil de usar<\/li>\n<\/ul>\n<p>&nbsp;<\/p>\n<p><img loading=\"lazy\" class=\"alignnone size-full wp-image-1720\" src=\"https:\/\/multihoster.org\/wp-content\/uploads\/2018\/10\/linksnappy.jpg\" alt=\"linksnappy\" width=\"879\" height=\"631\" srcset=\"https:\/\/multihoster.org\/wp-content\/uploads\/2018\/10\/linksnappy.jpg 879w, https:\/\/multihoster.org\/wp-content\/uploads\/2018\/10\/linksnappy-300x215.jpg 300w, https:\/\/multihoster.org\/wp-content\/uploads\/2018\/10\/linksnappy-768x551.jpg 768w\" sizes=\"(max-width: 879px) 100vw, 879px\" \/><\/p>\n<p>&nbsp;<\/p>\n<h2>Toda la gama LinkSnappy de un vistazo<\/h2>\n<p>Puede utilizar el servicio de proveedor de LinkSnappy, por un lado, con la cuenta gratuita de FileSnappy y, si lo desea, adquirir una cuenta premium despu\u00e9s de la prueba. Esto se puede desbloquear guardando por correo electr\u00f3nico, tambi\u00e9n es posible conectarse a trav\u00e9s de medios sociales como Google, Facebook y Twitter. Con la cuenta gratuita, el volumen diario de datos y otras funciones es limitado.<\/p>\n<p>Si desea utilizar la gama completa del servicio LinkSnappy, puede utilizar uno de los cuatro paquetes y adquirir su cuenta Premium. Los plazos son de 7 d\u00edas, 30 d\u00edas, 90 d\u00edas y 180 d\u00edas.<\/p>\n<h2>Ofertas de bonos<\/h2>\n<p>Un bono interesante ofrecido por LinkSnappy es la posibilidad de recibir d\u00edas de suscripci\u00f3n gratis promocionando tu cuenta LinkSnappy Premium. El requisito previo es que los nuevos usuarios accedan a LinkSnappy a trav\u00e9s del enlace de referencia y se decidan por una suscripci\u00f3n Premium &#8211; el miembro invitado tambi\u00e9n se beneficia de las ventajas y recibe un 5% de descuento en el primer pedido. Si te registras en una Cuenta Premium por 90 \u00f3 180 d\u00edas, tambi\u00e9n recibir\u00e1s un vale que podr\u00e1s entregar a tus amigos y familiares.<\/p>\n<h2>Costes y formas de pago<\/h2>\n<p>Puede elegir entre diferentes m\u00e9todos de pago para su cuenta LinkSnappy Premium. El pago es posible con tarjeta de cr\u00e9dito, Paypal y tarjeta de d\u00e9bito. El m\u00e9todo de pago de la tarjeta Paysafecard y varias monedas encriptadas pueden ser seleccionadas para el pago an\u00f3nimo.<\/p>\n<p><strong>\n<table id=\"tablepress-146\" class=\"tablepress tablepress-id-146\">\n<tbody class=\"row-hover\">\n<tr class=\"row-1 odd\">\n\t<td class=\"column-1\">7 d\u00edas<\/td><td class=\"column-2\">30 d\u00edas<\/td><td class=\"column-3\">90 d\u00edas<\/td><td class=\"column-4\">180 d\u00edas<\/td>\n<\/tr>\n<tr class=\"row-2 even\">\n\t<td class=\"column-1\">4,99 $<\/td><td class=\"column-2\">12,99 $<\/td><td class=\"column-3\">29,99 $<\/td><td class=\"column-4\">54,99 $<\/td>\n<\/tr>\n<tr class=\"row-3 odd\">\n\t<td class=\"column-1\"><\/td><td class=\"column-2\">Bono de 30 d\u00edas<\/td><td class=\"column-3\">Bono de 90 d\u00edas<\/td><td class=\"column-4\"><\/td>\n<\/tr>\n<\/tbody>\n<\/table>\n<!-- #tablepress-146 from cache --><\/strong><\/p>\n<h2>Pol\u00edtica de privacidad<\/h2>\n<p>Por supuesto, puede esperar una amplia protecci\u00f3n de datos del proveedor de LinkSnappy. Sus datos personales s\u00f3lo se utilizar\u00e1n para los procesos previstos, por ejemplo, para el registro, el procesamiento de pagos o el contacto. Adem\u00e1s, su direcci\u00f3n IP y otra informaci\u00f3n de datos se almacena en directorios internos cuando descarga o utiliza el generador de enlaces. La informaci\u00f3n demogr\u00e1fica se recopila para mejorar la experiencia del usuario y puede compartirse con socios publicitarios. Las cookies tambi\u00e9n se utilizan para un uso \u00f3ptimo. En lo que respecta a nuestra experiencia, en Linksnappy no hay ninguna cr\u00edtica sobre la privacidad y la protecci\u00f3n de datos.<\/p>\n<p>&nbsp;<\/p>\n<p><img loading=\"lazy\" class=\"alignnone size-full wp-image-1721\" src=\"https:\/\/multihoster.org\/wp-content\/uploads\/2018\/10\/log-in-1.jpg\" alt=\"log in\" width=\"895\" height=\"641\" srcset=\"https:\/\/multihoster.org\/wp-content\/uploads\/2018\/10\/log-in-1.jpg 895w, https:\/\/multihoster.org\/wp-content\/uploads\/2018\/10\/log-in-1-300x215.jpg 300w, https:\/\/multihoster.org\/wp-content\/uploads\/2018\/10\/log-in-1-768x550.jpg 768w\" sizes=\"(max-width: 895px) 100vw, 895px\" \/><\/p>\n<p>&nbsp;<\/p>\n<h2>Servicio postventa<\/h2>\n<p>Puede acceder al servicio de atenci\u00f3n al cliente de LinkSnappy accediendo primero a la pesta\u00f1a \u00abMi cuenta\u00bb despu\u00e9s de iniciar sesi\u00f3n. En esta pesta\u00f1a encontrar\u00e1 otros elementos del men\u00fa, incluido el enlace al Help Desk. Aqu\u00ed puede crear un ticket directamente o conectarse al Centro de Servicio, para que pueda comprobar f\u00e1cilmente el estado de su ticket. Tambi\u00e9n puede resolver su problema visitando las preguntas frecuentes en la parte superior de la p\u00e1gina junto a la pesta\u00f1a \u00abMi cuenta\u00bb. Adem\u00e1s, est\u00e1 la funci\u00f3n de chat en vivo, que se encuentra en la esquina inferior derecha del sitio web.<\/p>\n<p><img loading=\"lazy\" class=\"alignnone size-full wp-image-1722\" src=\"https:\/\/multihoster.org\/wp-content\/uploads\/2018\/10\/details.jpg\" alt=\"details\" width=\"898\" height=\"632\" srcset=\"https:\/\/multihoster.org\/wp-content\/uploads\/2018\/10\/details.jpg 898w, https:\/\/multihoster.org\/wp-content\/uploads\/2018\/10\/details-300x211.jpg 300w, https:\/\/multihoster.org\/wp-content\/uploads\/2018\/10\/details-768x541.jpg 768w, https:\/\/multihoster.org\/wp-content\/uploads\/2018\/10\/details-130x90.jpg 130w\" sizes=\"(max-width: 898px) 100vw, 898px\" \/><\/p>\n<h2><\/h2>\n<h2>Facilidad de uso<\/h2>\n<p>En la prueba de LinkSnappy, examinamos la facilidad de uso y nos gustar\u00eda compartir nuestras experiencias con LinkSnappy con usted. El sitio est\u00e1 claramente estructurado de manera que toda la informaci\u00f3n b\u00e1sica sobre el proveedor se puede encontrar en la p\u00e1gina de inicio.<\/p>\n<p>La inscripci\u00f3n gratuita tambi\u00e9n es posible a trav\u00e9s de la p\u00e1gina de inicio. En la parte inferior de la p\u00e1gina, encontrar\u00e1 m\u00e1s informaci\u00f3n sobre la satisfacci\u00f3n del cliente consultando a otros usuarios que ya han probado LinkSnappy.<\/p>\n<p>Arriba, tambi\u00e9n encontrar\u00e1 una secci\u00f3n de preguntas y respuestas y tutoriales \u00fatiles sobre el uso de Linksnappy.com. En Estado, encontrar\u00e1 informaci\u00f3n detallada sobre los archivos de host compatibles e informaci\u00f3n sobre el estado de su cuenta.<\/p>\n<p>Una vez conectado, las nuevas opciones \u00abDescargar\u00bb y \u00abTorrent\u00bb est\u00e1n disponibles en la parte superior de la p\u00e1gina. Aqu\u00ed puede descargar y gestionar los archivos que desee. A continuaci\u00f3n encontrar\u00e1 las pesta\u00f1as \u00abEnlaces\u00bb y \u00abArchivos\u00bb. Tambi\u00e9n encontrar\u00e1 la opci\u00f3n de Actualizaci\u00f3n Premium y la pesta\u00f1a de Soporte.<\/p>\n<p>En general, nuestra experiencia demuestra que LinkSnappy ofrece un buen servicio y una atractiva facilidad de uso.<\/p>\n<h2>Las ventajas de una cuenta Premium Link Snappy<\/h2>\n<p>Con una cuenta Premium LinkSnappy, puedes utilizar la m\u00e1xima velocidad de descarga con m\u00e1s de 60 hosts de archivos basados en nuestra experiencia. Adem\u00e1s, usted se beneficia de la funci\u00f3n \u00abDescargas privadas\u00bb, de modo que ni su direcci\u00f3n IP ni las descargas creadas quedan registradas. Tambi\u00e9n puede distribuir archivos directamente en l\u00ednea sin necesidad de descargarlos. La cuenta Premium tambi\u00e9n ofrece c\u00f3modos plug-ins para Chrome, Firefox y jDownloader para la generaci\u00f3n autom\u00e1tica de enlaces. El servicio de atenci\u00f3n al cliente est\u00e1 disponible las 24 horas del d\u00eda, los 7 d\u00edas de la semana para ayudarle a resolver r\u00e1pidamente cualquier problema. Si no te gusta el servicio de la Cuenta Premium, tienes una garant\u00eda inmediata de devoluci\u00f3n de dinero de 7 d\u00edas.<\/p>\n<h2>Nuestras conclusiones sobre el proveedor de LinkSnappy<\/h2>\n<p>Por \u00faltimo, podemos decir que LinkSnappy ya ofrece un servicio completo con la cuenta gratuita. El sitio est\u00e1 organizado de forma muy clara y el registro es r\u00e1pido y sencillo. Si desea utilizar la m\u00e1xima velocidad de descarga y beneficiarse de funciones adicionales, puede adquirir una de las cuatro suscripciones de \u00e9lite para adquirir una cuenta LinkSnappy Premium. Como m\u00e9todos de pago, encontrar\u00e1 varios proveedores, incluyendo los populares m\u00e9todos Paypal y Paysafecard. La garant\u00eda de devoluci\u00f3n de dinero de 7 d\u00edas tambi\u00e9n es interesante a este respecto. El servicio de atenci\u00f3n al cliente es f\u00e1cilmente accesible, tambi\u00e9n a trav\u00e9s de chat en vivo y tambi\u00e9n las ofertas de bonos son muy interesantes. En t\u00e9rminos de nuestra experiencia, el proveedor puede, por lo tanto, convencer plenamente.<\/p>\n","protected":false},"excerpt":{"rendered":"<p>El multihosting LinkSnappy te ofrece un generador de enlaces premium y un cliente de torrents de nube. Adem\u00e1s, hay muchas<\/p>\n","protected":false},"author":2,"featured_media":0,"parent":0,"menu_order":0,"comment_status":"closed","ping_status":"closed","template":"","meta":[],"yoast_head":"<!-- This site is optimized with the Yoast SEO plugin v18.3 - https:\/\/yoast.com\/wordpress\/plugins\/seo\/ -->\n<title>lll\u25b7 Linksnappy \u00bfCuenta seria o no? Prueba en Multihoster.org<\/title>\n<meta name=\"description\" content=\"Hemos probado el Multihoster LinkSnappy y nos gustar\u00eda compartir nuestra experiencia con usted con respecto al servicio y la seriedad del proveedor.\" \/>\n<meta name=\"robots\" content=\"index, follow, max-snippet:-1, max-image-preview:large, max-video-preview:-1\" \/>\n<link rel=\"canonical\" href=\"https:\/\/multihoster.org\/es\/linksnappy\/\" \/>\n<meta property=\"og:locale\" content=\"es_ES\" \/>\n<meta property=\"og:type\" content=\"article\" \/>\n<meta property=\"og:title\" content=\"lll\u25b7 Linksnappy \u00bfCuenta seria o no? Prueba en Multihoster.org\" \/>\n<meta property=\"og:description\" content=\"Hemos probado el Multihoster LinkSnappy y nos gustar\u00eda compartir nuestra experiencia con usted con respecto al servicio y la seriedad del proveedor.\" \/>\n<meta property=\"og:url\" content=\"https:\/\/multihoster.org\/es\/linksnappy\/\" \/>\n<meta property=\"og:site_name\" content=\"Multihoster.org\" \/>\n<meta property=\"og:image\" content=\"https:\/\/multihoster.org\/wp-content\/uploads\/2018\/10\/logo-3.png\" \/>\n<meta name=\"twitter:card\" content=\"summary\" \/>\n<meta name=\"twitter:label1\" content=\"Tiempo de lectura\" \/>\n\t<meta name=\"twitter:data1\" content=\"6 minutos\" \/>\n<script type=\"application\/ld+json\" class=\"yoast-schema-graph\">{\"@context\":\"https:\/\/schema.org\",\"@graph\":[{\"@type\":\"WebSite\",\"@id\":\"https:\/\/multihoster.org\/#website\",\"url\":\"https:\/\/multihoster.org\/\",\"name\":\"Multihoster.org\",\"description\":\"Reviews of the major Filehosting services\",\"potentialAction\":[{\"@type\":\"SearchAction\",\"target\":{\"@type\":\"EntryPoint\",\"urlTemplate\":\"https:\/\/multihoster.org\/?s={search_term_string}\"},\"query-input\":\"required name=search_term_string\"}],\"inLanguage\":\"es\"},{\"@type\":\"ImageObject\",\"@id\":\"https:\/\/multihoster.org\/es\/linksnappy\/#primaryimage\",\"inLanguage\":\"es\",\"url\":\"https:\/\/multihoster.org\/wp-content\/uploads\/2018\/10\/logo-3.png\",\"contentUrl\":\"https:\/\/multihoster.org\/wp-content\/uploads\/2018\/10\/logo-3.png\",\"width\":371,\"height\":216},{\"@type\":\"WebPage\",\"@id\":\"https:\/\/multihoster.org\/es\/linksnappy\/#webpage\",\"url\":\"https:\/\/multihoster.org\/es\/linksnappy\/\",\"name\":\"lll\u25b7 Linksnappy \u00bfCuenta seria o no? Prueba en Multihoster.org\",\"isPartOf\":{\"@id\":\"https:\/\/multihoster.org\/#website\"},\"primaryImageOfPage\":{\"@id\":\"https:\/\/multihoster.org\/es\/linksnappy\/#primaryimage\"},\"datePublished\":\"2018-10-04T13:52:19+00:00\",\"dateModified\":\"2018-10-04T13:52:19+00:00\",\"description\":\"Hemos probado el Multihoster LinkSnappy y nos gustar\u00eda compartir nuestra experiencia con usted con respecto al servicio y la seriedad del proveedor.\",\"breadcrumb\":{\"@id\":\"https:\/\/multihoster.org\/es\/linksnappy\/#breadcrumb\"},\"inLanguage\":\"es\",\"potentialAction\":[{\"@type\":\"ReadAction\",\"target\":[\"https:\/\/multihoster.org\/es\/linksnappy\/\"]}]},{\"@type\":\"BreadcrumbList\",\"@id\":\"https:\/\/multihoster.org\/es\/linksnappy\/#breadcrumb\",\"itemListElement\":[{\"@type\":\"ListItem\",\"position\":1,\"name\":\"Startseite\",\"item\":\"https:\/\/multihoster.org\/es\/\"},{\"@type\":\"ListItem\",\"position\":2,\"name\":\"Experiencias LinkSnappy &#8211; El Multihoster de un vistazo\"}]}]}<\/script>\n<!-- \/ Yoast SEO plugin. -->","yoast_head_json":{"title":"lll\u25b7 Linksnappy \u00bfCuenta seria o no? Prueba en Multihoster.org","description":"Hemos probado el Multihoster LinkSnappy y nos gustar\u00eda compartir nuestra experiencia con usted con respecto al servicio y la seriedad del proveedor.","robots":{"index":"index","follow":"follow","max-snippet":"max-snippet:-1","max-image-preview":"max-image-preview:large","max-video-preview":"max-video-preview:-1"},"canonical":"https:\/\/multihoster.org\/es\/linksnappy\/","og_locale":"es_ES","og_type":"article","og_title":"lll\u25b7 Linksnappy \u00bfCuenta seria o no? Prueba en Multihoster.org","og_description":"Hemos probado el Multihoster LinkSnappy y nos gustar\u00eda compartir nuestra experiencia con usted con respecto al servicio y la seriedad del proveedor.","og_url":"https:\/\/multihoster.org\/es\/linksnappy\/","og_site_name":"Multihoster.org","og_image":[{"url":"https:\/\/multihoster.org\/wp-content\/uploads\/2018\/10\/logo-3.png"}],"twitter_card":"summary","twitter_misc":{"Tiempo de lectura":"6 minutos"},"schema":{"@context":"https:\/\/schema.org","@graph":[{"@type":"WebSite","@id":"https:\/\/multihoster.org\/#website","url":"https:\/\/multihoster.org\/","name":"Multihoster.org","description":"Reviews of the major Filehosting services","potentialAction":[{"@type":"SearchAction","target":{"@type":"EntryPoint","urlTemplate":"https:\/\/multihoster.org\/?s={search_term_string}"},"query-input":"required name=search_term_string"}],"inLanguage":"es"},{"@type":"ImageObject","@id":"https:\/\/multihoster.org\/es\/linksnappy\/#primaryimage","inLanguage":"es","url":"https:\/\/multihoster.org\/wp-content\/uploads\/2018\/10\/logo-3.png","contentUrl":"https:\/\/multihoster.org\/wp-content\/uploads\/2018\/10\/logo-3.png","width":371,"height":216},{"@type":"WebPage","@id":"https:\/\/multihoster.org\/es\/linksnappy\/#webpage","url":"https:\/\/multihoster.org\/es\/linksnappy\/","name":"lll\u25b7 Linksnappy \u00bfCuenta seria o no? Prueba en Multihoster.org","isPartOf":{"@id":"https:\/\/multihoster.org\/#website"},"primaryImageOfPage":{"@id":"https:\/\/multihoster.org\/es\/linksnappy\/#primaryimage"},"datePublished":"2018-10-04T13:52:19+00:00","dateModified":"2018-10-04T13:52:19+00:00","description":"Hemos probado el Multihoster LinkSnappy y nos gustar\u00eda compartir nuestra experiencia con usted con respecto al servicio y la seriedad del proveedor.","breadcrumb":{"@id":"https:\/\/multihoster.org\/es\/linksnappy\/#breadcrumb"},"inLanguage":"es","potentialAction":[{"@type":"ReadAction","target":["https:\/\/multihoster.org\/es\/linksnappy\/"]}]},{"@type":"BreadcrumbList","@id":"https:\/\/multihoster.org\/es\/linksnappy\/#breadcrumb","itemListElement":[{"@type":"ListItem","position":1,"name":"Startseite","item":"https:\/\/multihoster.org\/es\/"},{"@type":"ListItem","position":2,"name":"Experiencias LinkSnappy &#8211; El Multihoster de un vistazo"}]}]}},"_links":{"self":[{"href":"https:\/\/multihoster.org\/es\/wp-json\/wp\/v2\/pages\/1745"}],"collection":[{"href":"https:\/\/multihoster.org\/es\/wp-json\/wp\/v2\/pages"}],"about":[{"href":"https:\/\/multihoster.org\/es\/wp-json\/wp\/v2\/types\/page"}],"author":[{"embeddable":true,"href":"https:\/\/multihoster.org\/es\/wp-json\/wp\/v2\/users\/2"}],"replies":[{"embeddable":true,"href":"https:\/\/multihoster.org\/es\/wp-json\/wp\/v2\/comments?post=1745"}],"version-history":[{"count":4,"href":"https:\/\/multihoster.org\/es\/wp-json\/wp\/v2\/pages\/1745\/revisions"}],"predecessor-version":[{"id":1800,"href":"https:\/\/multihoster.org\/es\/wp-json\/wp\/v2\/pages\/1745\/revisions\/1800"}],"wp:attachment":[{"href":"https:\/\/multihoster.org\/es\/wp-json\/wp\/v2\/media?parent=1745"}],"curies":[{"name":"wp","href":"https:\/\/api.w.org\/{rel}","templated":true}]}}