{"id":1898,"date":"2018-10-05T14:55:33","date_gmt":"2018-10-05T14:55:33","guid":{"rendered":"https:\/\/multihoster.org\/?page_id=1898"},"modified":"2018-10-05T14:55:33","modified_gmt":"2018-10-05T14:55:33","slug":"share-online","status":"publish","type":"page","link":"https:\/\/multihoster.org\/es\/share-online\/","title":{"rendered":"Share-Online Premium Account &#8211; El archivo host de un vistazo"},"content":{"rendered":"<p><img loading=\"lazy\" class=\"wp-image-1871 alignleft\" src=\"https:\/\/multihoster.org\/wp-content\/uploads\/2018\/10\/logo-4.png\" alt=\"\" width=\"236\" height=\"61\" \/><\/p>\n<p>Share-Online ofrece tanto una funci\u00f3n de descarga como una funci\u00f3n de descarga. La cuenta de cobro gratuita y el acceso premium est\u00e1n disponibles como parte de la oferta. Existen varias restricciones a la hora de utilizar la cuenta de cobro, mientras que el acceso premium le permite utilizar toda la gama de funciones.<\/p>\n<h2>La gama completa de productos Share-Online de un vistazo<\/h2>\n<p>Si desea utilizar la oferta gratuita de Online Share, puede empezar por la cuenta de coleccionista, que tiene algunas restricciones. Los l\u00edmites de descarga incluyen un tiempo de espera de al menos 30 segundos, un l\u00edmite de velocidad de hasta 150 kb por segundo y un l\u00edmite de volumen de descarga de 2 GB por hora por archivo. En cuanto a la descarga, los archivos se borran despu\u00e9s de un m\u00e1ximo de 45 d\u00edas de inactividad.<\/p>\n<p>Con la Cuenta Premium Compartida en L\u00ednea, puede comenzar de inmediato y disfrutar de la m\u00e1xima velocidad de descarga. Adem\u00e1s, no hay tiempos de espera, publicidad y muchas otras caracter\u00edsticas.<\/p>\n<p>Ya es posible descargar f\u00e1cilmente archivos de hasta 1024 MB sin necesidad de registrarse en la p\u00e1gina principal.<\/p>\n<h2>Ofertas de bonos<\/h2>\n<p>Puede utilizar el Programa de socios de Share-Online de dos maneras. Por un lado, puede anunciar la oferta de Share Online a amigos y conocidos a trav\u00e9s de un enlace de socio individual. Tambi\u00e9n puede anunciarse con banners en su sitio web. Cuando usted compra una cuenta v\u00e1lida por 7 d\u00edas o m\u00e1s, recibir\u00e1 una comisi\u00f3n del 30% por cada primera venta y del 20% por compras posteriores.<\/p>\n<p>&nbsp;<\/p>\n<p><img loading=\"lazy\" class=\"size-full wp-image-1844 aligncenter\" src=\"https:\/\/multihoster.org\/wp-content\/uploads\/2018\/10\/Share-Online.jpg\" alt=\"Share-Online\" width=\"1086\" height=\"711\" srcset=\"https:\/\/multihoster.org\/wp-content\/uploads\/2018\/10\/Share-Online.jpg 1086w, https:\/\/multihoster.org\/wp-content\/uploads\/2018\/10\/Share-Online-300x196.jpg 300w, https:\/\/multihoster.org\/wp-content\/uploads\/2018\/10\/Share-Online-768x503.jpg 768w, https:\/\/multihoster.org\/wp-content\/uploads\/2018\/10\/Share-Online-1024x670.jpg 1024w\" sizes=\"(max-width: 1086px) 100vw, 1086px\" \/><\/p>\n<h2>Costes y formas de pago<\/h2>\n<p>El proveedor ofrece una amplia gama de paquetes de acceso de alta gama &#8211; usted puede elegir entre un total de 9 paquetes, que van desde 2 d\u00edas hasta 1080 d\u00edas. Hay varios m\u00e9todos de pago para elegir, incluyendo los populares m\u00e9todos Paypal y Paysafecard. Tambi\u00e9n es posible el pago por domiciliaci\u00f3n bancaria. Si lo desea, tambi\u00e9n puede seleccionar la transferencia bancaria habitual, transferencia bancaria directa, webmoney, SMS o tel\u00e9fono. Tambi\u00e9n puede pagar con una moneda cifrada a trav\u00e9s de BitPay. Como opci\u00f3n, puede introducir un c\u00f3digo de cup\u00f3n, si est\u00e1 disponible. Si prefiere otro m\u00e9todo de pago, encontrar\u00e1 un elemento del men\u00fa en la secci\u00f3n Vales, que le presenta a los seis minoristas de Share-Online.<\/p>\n<p><strong>\n<table id=\"tablepress-155\" class=\"tablepress tablepress-id-155\">\n<tbody class=\"row-hover\">\n<tr class=\"row-1 odd\">\n\t<td class=\"column-1\">Condici\u00f3n<\/td><td class=\"column-2\">Precio<\/td><td class=\"column-3\">Precio por d\u00eda<\/td><td class=\"column-4\">Bono<br \/>\n(100 puntos = 1 \u20ac)<br \/>\n<\/td>\n<\/tr>\n<tr class=\"row-2 even\">\n\t<td class=\"column-1\">2 d\u00edas<\/td><td class=\"column-2\">4,99 \u20ac<\/td><td class=\"column-3\">2,50 \u20ac<\/td><td class=\"column-4\">200 puntos<\/td>\n<\/tr>\n<tr class=\"row-3 odd\">\n\t<td class=\"column-1\">30 d\u00edas<\/td><td class=\"column-2\">9,49 \u20ac<\/td><td class=\"column-3\">0,32 \u20ac<\/td><td class=\"column-4\">1000 puntos<\/td>\n<\/tr>\n<tr class=\"row-4 even\">\n\t<td class=\"column-1\">36 d\u00edas<\/td><td class=\"column-2\">10,00 \u20ac<\/td><td class=\"column-3\">0,28 \u20ac<\/td><td class=\"column-4\">2000 puntos<\/td>\n<\/tr>\n<tr class=\"row-5 odd\">\n\t<td class=\"column-1\">90 d\u00edas<\/td><td class=\"column-2\">21,99 \u20ac<\/td><td class=\"column-3\">0,24 \u20ac<\/td><td class=\"column-4\">2000 puntos<\/td>\n<\/tr>\n<tr class=\"row-6 even\">\n\t<td class=\"column-1\">105 d\u00edas<\/td><td class=\"column-2\">25,00 \u20ac<\/td><td class=\"column-3\">0,24 \u20ac<\/td><td class=\"column-4\">3500 puntos<\/td>\n<\/tr>\n<tr class=\"row-7 odd\">\n\t<td class=\"column-1\">180 d\u00edas<\/td><td class=\"column-2\">37,99 \u20ac<\/td><td class=\"column-3\">0,21 \u20ac<\/td><td class=\"column-4\">3800 puntos<\/td>\n<\/tr>\n<tr class=\"row-8 even\">\n\t<td class=\"column-1\">270 d\u00edas<\/td><td class=\"column-2\">50,00 \u20ac<\/td><td class=\"column-3\">0,19 \u20ac<\/td><td class=\"column-4\">4000 puntos<\/td>\n<\/tr>\n<tr class=\"row-9 odd\">\n\t<td class=\"column-1\">420 d\u00edas<\/td><td class=\"column-2\">59,99 \u20ac<\/td><td class=\"column-3\">0,14 \u20ac<\/td><td class=\"column-4\">4000 puntos<\/td>\n<\/tr>\n<tr class=\"row-10 even\">\n\t<td class=\"column-1\">1080 d\u00edas<\/td><td class=\"column-2\">99,99 \u20ac<\/td><td class=\"column-3\">0,09 \u20ac<\/td><td class=\"column-4\">8000 puntos<\/td>\n<\/tr>\n<\/tbody>\n<\/table>\n<\/strong><\/p>\n<p>Puede optar por comprar no s\u00f3lo un acceso premium, que permite el acceso durante varios d\u00edas, sino tambi\u00e9n utilizar cr\u00e9dito prepagado. Usted puede a\u00f1adir a su cr\u00e9dito como desee y reservar una tarifa de una hora, tres horas, 9 horas o 15 horas si lo desea.<\/p>\n<h2>Pol\u00edtica de privacidad<\/h2>\n<p>El Filehoster Share-Online declara que hace todo lo posible para procesar la informaci\u00f3n almacenada de forma segura. No se venden ni se intercambian. La direcci\u00f3n de correo electr\u00f3nico se utiliza \u00fanicamente con fines de notificaci\u00f3n y, a continuaci\u00f3n, se elimina. Su direcci\u00f3n IP se registra para las estad\u00edsticas de utilizaci\u00f3n de la capacidad y tambi\u00e9n se elimina dentro de la hora siguiente a la finalizaci\u00f3n de la descarga.<\/p>\n<p><img loading=\"lazy\" class=\"size-full wp-image-1853 aligncenter\" src=\"https:\/\/multihoster.org\/wp-content\/uploads\/2018\/10\/features.jpg\" alt=\"features\" width=\"1010\" height=\"702\" srcset=\"https:\/\/multihoster.org\/wp-content\/uploads\/2018\/10\/features.jpg 1010w, https:\/\/multihoster.org\/wp-content\/uploads\/2018\/10\/features-300x209.jpg 300w, https:\/\/multihoster.org\/wp-content\/uploads\/2018\/10\/features-768x534.jpg 768w, https:\/\/multihoster.org\/wp-content\/uploads\/2018\/10\/features-392x272.jpg 392w, https:\/\/multihoster.org\/wp-content\/uploads\/2018\/10\/features-130x90.jpg 130w\" sizes=\"(max-width: 1010px) 100vw, 1010px\" \/><\/p>\n<p>&nbsp;<\/p>\n<h2>Servicio postventa<\/h2>\n<p>Para acceder al servicio de atenci\u00f3n al cliente, puede utilizar la opci\u00f3n de men\u00fa \u00abSoporte\u00bb en la parte superior de la p\u00e1gina de inicio. Desde all\u00ed, puede acceder a HELPDESK, donde puede hacer su pregunta y buscar respuestas haciendo clic en la ayuda para la b\u00fasqueda. Tambi\u00e9n encontrar\u00e1 una amplia base de datos de conocimientos. Si no puede encontrar una soluci\u00f3n de esta manera, puede abrir un billete individual para obtener asistencia y comprobar el estado del billete a petici\u00f3n.<\/p>\n<h2>Facilidad de uso<\/h2>\n<p>El sitio web Share-Online.biz est\u00e1 claramente estructurado y es f\u00e1cil de usar. Puede descargar archivos de hasta 1024 MB directamente desde la p\u00e1gina de inicio sin necesidad de registrarse. Si desea aprovechar m\u00e1s funciones, puede crear una cuenta gratuita o comprar una cuenta premium directamente. Encontrar\u00e1 la opci\u00f3n de registro en la parte superior del men\u00fa, adem\u00e1s de las pesta\u00f1as \u00abNUEVO\u00bb, \u00abCOMPARACI\u00d3N DE PAQUETES\u00bb, \u00abFAQ\u00bb, \u00abHERRAMIENTAS\u00bb y \u00abSOPORTE\u00bb.<\/p>\n<p>El registro s\u00f3lo requiere una direcci\u00f3n de correo electr\u00f3nico, sus datos de acceso le ser\u00e1n enviados inmediatamente despu\u00e9s del registro en el sitio. Por lo tanto, no es absolutamente necesario echar un vistazo al buz\u00f3n de correo.<\/p>\n<p>Despu\u00e9s del registro, tambi\u00e9n puede seleccionar la opci\u00f3n \u00abMI PERFIL\u00bb. Aqu\u00ed puede ver, configurar y activarse como parte del programa de socios para obtener informaci\u00f3n m\u00e1s detallada y detalles sobre su cuenta. Tambi\u00e9n hay opciones de descarga FTP, descarga remota y gesti\u00f3n de descargas. Tambi\u00e9n puede ampliar su acceso, comprar una cuenta de prepago y administrar sus puntos. En la pesta\u00f1a \u00abPago de por vida\u00bb puede obtener m\u00e1s informaci\u00f3n sobre el modelo de pago de por vida y utilizar la opci\u00f3n \u00abRevisar pagos\u00bb para ver los pagos anteriores.<\/p>\n<h2>Las ventajas de una cuenta Premium con Share-Online<\/h2>\n<p>Con un bono Share-Online, puede utilizar todas las funciones sin restricciones. Esto significa que usted tiene la velocidad m\u00e1xima y que las descargas pueden reanudarse despu\u00e9s de una pausa. No hay tiempos de espera, publicidad, pa\u00f1ales o pop-ups. Adem\u00e1s, puede tener varias descargas activas a la vez y siempre tiene prioridad sobre los invitados o coleccionistas. La eliminaci\u00f3n del l\u00edmite de tiempo y la inactividad se eliminan por completo.<\/p>\n<p><strong><img loading=\"lazy\" class=\"size-full wp-image-1862 aligncenter\" src=\"https:\/\/multihoster.org\/wp-content\/uploads\/2018\/10\/pricing-1.jpg\" alt=\"pricing\" width=\"1031\" height=\"731\" srcset=\"https:\/\/multihoster.org\/wp-content\/uploads\/2018\/10\/pricing-1.jpg 1031w, https:\/\/multihoster.org\/wp-content\/uploads\/2018\/10\/pricing-1-300x213.jpg 300w, https:\/\/multihoster.org\/wp-content\/uploads\/2018\/10\/pricing-1-768x545.jpg 768w, https:\/\/multihoster.org\/wp-content\/uploads\/2018\/10\/pricing-1-1024x726.jpg 1024w\" sizes=\"(max-width: 1031px) 100vw, 1031px\" \/><\/strong><\/p>\n<h2 style=\"margin: 18.0pt 0cm 6.0pt 0cm;\">Nuestro proveedor en l\u00ednea compartido Resumen<\/h2>\n<p>En conclusi\u00f3n, podemos decir que el proveedor de Share-Online tiene una amplia gama de ofertas. La interfaz de usuario es f\u00e1cil de usar y entender, lo que permite tanto a los usuarios experimentados como a los novatos utilizar la oferta sin ning\u00fan problema. El registro se completa r\u00e1pidamente y puede elegir entre diferentes paquetes y m\u00e9todos de pago para actualizar a una cuenta Premium.<\/p>\n","protected":false},"excerpt":{"rendered":"<p>Share-Online ofrece tanto una funci\u00f3n de descarga como una funci\u00f3n de descarga. La cuenta de cobro gratuita y el acceso<\/p>\n","protected":false},"author":2,"featured_media":0,"parent":0,"menu_order":0,"comment_status":"closed","ping_status":"closed","template":"","meta":[],"yoast_head":"<!-- This site is optimized with the Yoast SEO plugin v18.3 - https:\/\/yoast.com\/wordpress\/plugins\/seo\/ -->\n<title>lll\u25b7 Share-Online.biz Premium \u00bfserio o no? +++ Prueba en Multihoster.org<\/title>\n<meta name=\"description\" content=\"El Filehoster Share-Online le ofrece una interesante y extensa oferta para descargar y cargar, que puede ser utilizada con la Cuenta Premium sin limitaciones.\" \/>\n<meta name=\"robots\" content=\"index, follow, max-snippet:-1, max-image-preview:large, max-video-preview:-1\" \/>\n<link rel=\"canonical\" href=\"https:\/\/multihoster.org\/es\/share-online\/\" \/>\n<meta property=\"og:locale\" content=\"es_ES\" \/>\n<meta property=\"og:type\" content=\"article\" \/>\n<meta property=\"og:title\" content=\"lll\u25b7 Share-Online.biz Premium \u00bfserio o no? +++ Prueba en Multihoster.org\" \/>\n<meta property=\"og:description\" content=\"El Filehoster Share-Online le ofrece una interesante y extensa oferta para descargar y cargar, que puede ser utilizada con la Cuenta Premium sin limitaciones.\" \/>\n<meta property=\"og:url\" content=\"https:\/\/multihoster.org\/es\/share-online\/\" \/>\n<meta property=\"og:site_name\" content=\"Multihoster.org\" \/>\n<meta property=\"og:image\" content=\"https:\/\/multihoster.org\/wp-content\/uploads\/2018\/10\/logo-4.png\" \/>\n<meta name=\"twitter:card\" content=\"summary\" \/>\n<meta name=\"twitter:label1\" content=\"Tiempo de lectura\" \/>\n\t<meta name=\"twitter:data1\" content=\"5 minutos\" \/>\n<script type=\"application\/ld+json\" class=\"yoast-schema-graph\">{\"@context\":\"https:\/\/schema.org\",\"@graph\":[{\"@type\":\"WebSite\",\"@id\":\"https:\/\/multihoster.org\/#website\",\"url\":\"https:\/\/multihoster.org\/\",\"name\":\"Multihoster.org\",\"description\":\"Reviews of the major Filehosting services\",\"potentialAction\":[{\"@type\":\"SearchAction\",\"target\":{\"@type\":\"EntryPoint\",\"urlTemplate\":\"https:\/\/multihoster.org\/?s={search_term_string}\"},\"query-input\":\"required name=search_term_string\"}],\"inLanguage\":\"es\"},{\"@type\":\"ImageObject\",\"@id\":\"https:\/\/multihoster.org\/es\/share-online\/#primaryimage\",\"inLanguage\":\"es\",\"url\":\"https:\/\/multihoster.org\/wp-content\/uploads\/2018\/10\/logo-4.png\",\"contentUrl\":\"https:\/\/multihoster.org\/wp-content\/uploads\/2018\/10\/logo-4.png\",\"width\":290,\"height\":75},{\"@type\":\"WebPage\",\"@id\":\"https:\/\/multihoster.org\/es\/share-online\/#webpage\",\"url\":\"https:\/\/multihoster.org\/es\/share-online\/\",\"name\":\"lll\u25b7 Share-Online.biz Premium \u00bfserio o no? +++ Prueba en Multihoster.org\",\"isPartOf\":{\"@id\":\"https:\/\/multihoster.org\/#website\"},\"primaryImageOfPage\":{\"@id\":\"https:\/\/multihoster.org\/es\/share-online\/#primaryimage\"},\"datePublished\":\"2018-10-05T14:55:33+00:00\",\"dateModified\":\"2018-10-05T14:55:33+00:00\",\"description\":\"El Filehoster Share-Online le ofrece una interesante y extensa oferta para descargar y cargar, que puede ser utilizada con la Cuenta Premium sin limitaciones.\",\"breadcrumb\":{\"@id\":\"https:\/\/multihoster.org\/es\/share-online\/#breadcrumb\"},\"inLanguage\":\"es\",\"potentialAction\":[{\"@type\":\"ReadAction\",\"target\":[\"https:\/\/multihoster.org\/es\/share-online\/\"]}]},{\"@type\":\"BreadcrumbList\",\"@id\":\"https:\/\/multihoster.org\/es\/share-online\/#breadcrumb\",\"itemListElement\":[{\"@type\":\"ListItem\",\"position\":1,\"name\":\"Startseite\",\"item\":\"https:\/\/multihoster.org\/es\/\"},{\"@type\":\"ListItem\",\"position\":2,\"name\":\"Share-Online Premium Account &#8211; El archivo host de un vistazo\"}]}]}<\/script>\n<!-- \/ Yoast SEO plugin. -->","yoast_head_json":{"title":"lll\u25b7 Share-Online.biz Premium \u00bfserio o no? +++ Prueba en Multihoster.org","description":"El Filehoster Share-Online le ofrece una interesante y extensa oferta para descargar y cargar, que puede ser utilizada con la Cuenta Premium sin limitaciones.","robots":{"index":"index","follow":"follow","max-snippet":"max-snippet:-1","max-image-preview":"max-image-preview:large","max-video-preview":"max-video-preview:-1"},"canonical":"https:\/\/multihoster.org\/es\/share-online\/","og_locale":"es_ES","og_type":"article","og_title":"lll\u25b7 Share-Online.biz Premium \u00bfserio o no? +++ Prueba en Multihoster.org","og_description":"El Filehoster Share-Online le ofrece una interesante y extensa oferta para descargar y cargar, que puede ser utilizada con la Cuenta Premium sin limitaciones.","og_url":"https:\/\/multihoster.org\/es\/share-online\/","og_site_name":"Multihoster.org","og_image":[{"url":"https:\/\/multihoster.org\/wp-content\/uploads\/2018\/10\/logo-4.png"}],"twitter_card":"summary","twitter_misc":{"Tiempo de lectura":"5 minutos"},"schema":{"@context":"https:\/\/schema.org","@graph":[{"@type":"WebSite","@id":"https:\/\/multihoster.org\/#website","url":"https:\/\/multihoster.org\/","name":"Multihoster.org","description":"Reviews of the major Filehosting services","potentialAction":[{"@type":"SearchAction","target":{"@type":"EntryPoint","urlTemplate":"https:\/\/multihoster.org\/?s={search_term_string}"},"query-input":"required name=search_term_string"}],"inLanguage":"es"},{"@type":"ImageObject","@id":"https:\/\/multihoster.org\/es\/share-online\/#primaryimage","inLanguage":"es","url":"https:\/\/multihoster.org\/wp-content\/uploads\/2018\/10\/logo-4.png","contentUrl":"https:\/\/multihoster.org\/wp-content\/uploads\/2018\/10\/logo-4.png","width":290,"height":75},{"@type":"WebPage","@id":"https:\/\/multihoster.org\/es\/share-online\/#webpage","url":"https:\/\/multihoster.org\/es\/share-online\/","name":"lll\u25b7 Share-Online.biz Premium \u00bfserio o no? +++ Prueba en Multihoster.org","isPartOf":{"@id":"https:\/\/multihoster.org\/#website"},"primaryImageOfPage":{"@id":"https:\/\/multihoster.org\/es\/share-online\/#primaryimage"},"datePublished":"2018-10-05T14:55:33+00:00","dateModified":"2018-10-05T14:55:33+00:00","description":"El Filehoster Share-Online le ofrece una interesante y extensa oferta para descargar y cargar, que puede ser utilizada con la Cuenta Premium sin limitaciones.","breadcrumb":{"@id":"https:\/\/multihoster.org\/es\/share-online\/#breadcrumb"},"inLanguage":"es","potentialAction":[{"@type":"ReadAction","target":["https:\/\/multihoster.org\/es\/share-online\/"]}]},{"@type":"BreadcrumbList","@id":"https:\/\/multihoster.org\/es\/share-online\/#breadcrumb","itemListElement":[{"@type":"ListItem","position":1,"name":"Startseite","item":"https:\/\/multihoster.org\/es\/"},{"@type":"ListItem","position":2,"name":"Share-Online Premium Account &#8211; El archivo host de un vistazo"}]}]}},"_links":{"self":[{"href":"https:\/\/multihoster.org\/es\/wp-json\/wp\/v2\/pages\/1898"}],"collection":[{"href":"https:\/\/multihoster.org\/es\/wp-json\/wp\/v2\/pages"}],"about":[{"href":"https:\/\/multihoster.org\/es\/wp-json\/wp\/v2\/types\/page"}],"author":[{"embeddable":true,"href":"https:\/\/multihoster.org\/es\/wp-json\/wp\/v2\/users\/2"}],"replies":[{"embeddable":true,"href":"https:\/\/multihoster.org\/es\/wp-json\/wp\/v2\/comments?post=1898"}],"version-history":[{"count":5,"href":"https:\/\/multihoster.org\/es\/wp-json\/wp\/v2\/pages\/1898\/revisions"}],"predecessor-version":[{"id":1985,"href":"https:\/\/multihoster.org\/es\/wp-json\/wp\/v2\/pages\/1898\/revisions\/1985"}],"wp:attachment":[{"href":"https:\/\/multihoster.org\/es\/wp-json\/wp\/v2\/media?parent=1898"}],"curies":[{"name":"wp","href":"https:\/\/api.w.org\/{rel}","templated":true}]}}