{"id":1950,"date":"2018-10-05T14:52:13","date_gmt":"2018-10-05T14:52:13","guid":{"rendered":"https:\/\/multihoster.org\/?page_id=1950"},"modified":"2019-08-05T14:48:30","modified_gmt":"2019-08-05T14:48:30","slug":"easybytez","status":"publish","type":"page","link":"https:\/\/multihoster.org\/es\/easybytez\/","title":{"rendered":"EasyBytez Premium Account &#8211; El Multihoster de un vistazo"},"content":{"rendered":"<p style=\"margin: 20.15pt 0cm 5.95pt 0cm;\"><span style=\"font-family: 'Arial',sans-serif; color: black;\" data-darkreader-inline-color=\"\"><img loading=\"lazy\" class=\"size-full wp-image-1479 alignleft\" src=\"https:\/\/multihoster.org\/wp-content\/uploads\/2018\/09\/logo-3.png\" alt=\"logo\" width=\"258\" height=\"67\">Con Multihoster EasyBytez usted puede descargar y descargar diferentes archivos. La descarga ya es posible sin necesidad de crear una cuenta. Puede registrarse gratis y, si lo desea, puede actualizar su cuenta a EasyBytez Premium. El proveedor promete un alto nivel de protecci\u00f3n y seguridad, altas velocidades y una atractiva facilidad de uso. <\/span><\/p>\n<p><a class=\"fasc-button fasc-size-xlarge fasc-type-glossy fasc-rounded-medium ico-fa fasc-ico-after fa-share\" style=\"background-color: #39697a; color: #fbf7f1; --darkreader-inline-bgcolor: #3f5f69; --darkreader-inline-color: #f7f0e5;\" target=\"_blank\" rel=\"nofollow noopener noreferrer\" data-darkreader-inline-bgcolor=\"\" data-darkreader-inline-color=\"\" href=\"https:\/\/multihoster.org\/file-al\/goto\/\">Ir a Easybytez<\/a><\/p>\n<h2>Una visi\u00f3n general de toda la gama<\/h2>\n<p style=\"margin: 18.15pt 0cm 5.95pt 0cm;\"><span style=\"font-family: 'Arial',sans-serif; color: black;\" data-darkreader-inline-color=\"\">Por un lado, puede crear una cuenta gratuita con la que podr\u00e1 hacer un uso limitado del servicio EasyBytez. Adem\u00e1s, tambi\u00e9n puede utilizar las funciones de EasyBytez Premium. La Cuenta Premium EasyBytez le ofrece toda la gama de funciones, incluyendo la velocidad m\u00e1xima y el uso gratuito de EasyBytez.<\/span><\/p>\n<h2>Caracter\u00edsticas positivas del proveedor<\/h2>\n<ul>\n<li>Gratis y de pago<\/li>\n<li>Servicio Premium Extendido<\/li>\n<li>M\u00e9todos de pago an\u00f3nimos disponibles<\/li>\n<li>Simple y f\u00e1cil de usar<\/li>\n<\/ul>\n<h2>Ofertas de bonos<\/h2>\n<p style=\"margin: 18.15pt 0cm 5.95pt 0cm;\"><span style=\"font-family: 'Arial',sans-serif; color: black;\" data-darkreader-inline-color=\"\">Con una cuenta EasyBytez Premium, no s\u00f3lo tiene la posibilidad de descargar y descargar archivos, sino que tambi\u00e9n puede recibir una comisi\u00f3n interesante anunciando su cuenta EasyBytez Premium con el enlace de referencia designado.<\/span><\/p>\n<h2>Costes y formas de pago<\/h2>\n<p style=\"margin: 0cm; margin-bottom: .0001pt;\"><span style=\"font-family: 'Arial',sans-serif; color: black;\" data-darkreader-inline-color=\"\">Para el pago de la Cuenta Premium EasyBytez, puede elegir entre diferentes m\u00e9todos de pago. Adem\u00e1s del popular proveedor de servicios de pago de Paypal, estos incluyen los m\u00e9todos de pago VISA y Mastercard. Tambi\u00e9n existe la posibilidad de pagar a trav\u00e9s de Vivapayments.com. Si quieres pagar de forma an\u00f3nima tu cuenta, puedes elegir el m\u00e9todo Paysafecard o Bitcoin. Tambi\u00e9n puede comprar su cuenta EasyBytez Premium en uno de los muchos comercios. <\/span><\/p>\n<p><strong>\n<table id=\"tablepress-164\" class=\"tablepress tablepress-id-164\">\n<tbody class=\"row-hover\">\n<tr class=\"row-1 odd\">\n\t<td class=\"column-1\">30 d\u00edas<\/td><td class=\"column-2\">90 d\u00edas<\/td><td class=\"column-3\">180 d\u00edas<\/td><td class=\"column-4\">365 d\u00edas<\/td><td class=\"column-5\">730 d\u00edas<\/td>\n<\/tr>\n<tr class=\"row-2 even\">\n\t<td class=\"column-1\">$ 9,99<\/td><td class=\"column-2\">$ 23,99<\/td><td class=\"column-3\">$ 38,99<\/td><td class=\"column-4\">$ 65,99<\/td><td class=\"column-5\">$ 99,99<\/td>\n<\/tr>\n<\/tbody>\n<\/table>\n<!-- #tablepress-164 from cache --><\/strong><\/p>\n<p><a class=\"fasc-button fasc-size-xlarge fasc-type-glossy fasc-rounded-medium ico-fa fasc-ico-after fa-share\" style=\"background-color: #39697a; color: #fbf7f1; --darkreader-inline-bgcolor: #3f5f69; --darkreader-inline-color: #f7f0e5;\" target=\"_blank\" rel=\"nofollow noopener noreferrer\" data-darkreader-inline-bgcolor=\"\" data-darkreader-inline-color=\"\" href=\"https:\/\/multihoster.org\/file-al\/goto\/\">Ir a Easybytez<\/a><\/p>\n<p><img loading=\"lazy\" class=\"alignnone size-full wp-image-1478\" src=\"https:\/\/multihoster.org\/wp-content\/uploads\/2018\/09\/prices-3.png\" alt=\"prices\" width=\"1116\" height=\"200\" srcset=\"https:\/\/multihoster.org\/wp-content\/uploads\/2018\/09\/prices-3.png 1116w, https:\/\/multihoster.org\/wp-content\/uploads\/2018\/09\/prices-3-300x54.png 300w, https:\/\/multihoster.org\/wp-content\/uploads\/2018\/09\/prices-3-768x138.png 768w, https:\/\/multihoster.org\/wp-content\/uploads\/2018\/09\/prices-3-1024x184.png 1024w\" sizes=\"(max-width: 1116px) 100vw, 1116px\" \/><\/p>\n<h2>Pol\u00edtica de privacidad<\/h2>\n<p style=\"margin: 18.15pt 0cm 5.95pt 0cm;\"><span style=\"font-family: 'Arial',sans-serif; color: black;\" data-darkreader-inline-color=\"\">Al registrarse en EasyBytez, el usuario acepta el almacenamiento de sus datos personales en la base de datos de EasyBytez y la transferencia a terceros con fines de marketing. Los datos personales registrados pueden ser cedidos a terceros que cumplan con las normas de protecci\u00f3n de datos personales. Como cualquier otro archivo de host, EasyBytez debe, por supuesto, cumplir con los requisitos legales en materia de protecci\u00f3n de datos y confidencialidad al utilizar sus datos. El proveedor garantiza un 100% de seguridad en el pago.<\/span><\/p>\n<h2>Servicio postventa<\/h2>\n<p style=\"margin: 18.15pt 0cm 5.95pt 0cm;\"><span style=\"font-family: 'Arial',sans-serif; color: black;\" data-darkreader-inline-color=\"\">Puede acceder al servicio de atenci\u00f3n al cliente haciendo clic en el punto del men\u00fa \u00abContacto\u00bb situado en la parte superior derecha de la p\u00e1gina de inicio. Al llegar al \u00e1rea de clientes, puede abrir un nuevo ticket o comprobar el estado de un ticket actual. Adem\u00e1s de la opci\u00f3n de men\u00fa \u00abContacto\u00bb, tambi\u00e9n encontrar\u00e1 preguntas frecuentes, en las que ya puede responder a muchas preguntas.<\/span><\/p>\n<h2>Facilidad de uso<\/h2>\n<p>El sitio EasyBytez.com est\u00e1 bien estructurado, en la p\u00e1gina de inicio el visitante puede encontrar f\u00e1cilmente su camino y descargar los archivos deseados hasta un tama\u00f1o de 100 MB sin necesidad de registrarse. En la parte superior de la p\u00e1gina, encontrar\u00e1 elementos adicionales del men\u00fa para obtener informaci\u00f3n m\u00e1s detallada sobre su cuenta Premium, para ponerse en contacto con el equipo de EasyBytez o para buscar en las preguntas frecuentes las respuestas adecuadas a su pregunta. Tambi\u00e9n hay una secci\u00f3n de noticias, as\u00ed como las pesta\u00f1as \u00abSubir archivo\u00bb y \u00abSuscribirse\u00bb.<\/p>\n<p>Haciendo clic en \u00abRegistrarse\u00bb, puede crear su cuenta EasyBytez gratuita. Para ello, necesita un nombre de usuario y una direcci\u00f3n de correo electr\u00f3nico, puede establecer la contrase\u00f1a y crear la cuenta despu\u00e9s de la respuesta de captcha.<\/p>\n<p>Despu\u00e9s de iniciar sesi\u00f3n, puede elegir entre \u00abCargar archivo\u00bb, \u00abCargar flash\u00bb, \u00abCargar a distancia\u00bb, \u00abLeech URL gratuito\u00bb y \u00abCargar FTP\u00bb en la p\u00e1gina de inicio. El tama\u00f1o m\u00e1ximo del archivo para descargar despu\u00e9s de registrarse para la cuenta gratuita es de 512 MB.<\/p>\n<p>En la parte superior de la p\u00e1gina, puede gestionar sus archivos en el men\u00fa \u00abMis archivos\u00bb y ver informaci\u00f3n m\u00e1s detallada sobre su cuenta en la pesta\u00f1a \u00abMi cuenta\u00bb. Las opciones \u00abDashboard\u00bb tambi\u00e9n est\u00e1n disponibles para la vista previa del informe y \u00abGet Premium\u00bb y \u00abSupport\u00bb. En el punto de men\u00fa \u00abGet Premium\u00bb encontrar\u00e1 los paquetes para el servicio Premium, las funciones EasyBytez Premium y las opciones de pago. Puede ponerse en contacto con el servicio de atenci\u00f3n al cliente a trav\u00e9s de la pesta\u00f1a Soporte.<\/p>\n<h2>Las ventajas de una cuenta Premium con EasyBytez<\/h2>\n<p style=\"margin: 18.15pt 0cm 5.95pt 0cm;\"><span style=\"font-family: 'Arial',sans-serif; color: black;\" data-darkreader-inline-color=\"\">Con una cuenta EasyBytez Premium usted tiene la m\u00e1xima velocidad y un volumen ilimitado de datos diarios. La capacidad de descarga por hora tambi\u00e9n es ilimitada con EasyBytez Premium. Adem\u00e1s, gracias a Instant Start ya no hay tiempo de espera para las descargas. La limitaci\u00f3n de tama\u00f1o de archivo tambi\u00e9n se omite por completo en las descargas. Puede descargar archivos de hasta 5 GB. Tambi\u00e9n puede tener varias descargas activas a la vez, detenerlas y reanudarlas. Los archivos inactivos se almacenan en la cuenta EasyBytez Premium hasta 250 d\u00edas. La capacidad de almacenamiento es de 5 TB, que se puede aumentar a petici\u00f3n y por un precio. Por \u00faltimo, la descarga FTP se ha a\u00f1adido como una funci\u00f3n, que s\u00f3lo es posible con EasyBytez Premium.<\/span><\/p>\n<h2>Nuestras conclusiones sobre el proveedor EasyBytez<\/h2>\n<p style=\"margin: 18.15pt 0cm 5.95pt 0cm;\"><span style=\"font-family: 'Arial',sans-serif; color: black;\" data-darkreader-inline-color=\"\">En conclusi\u00f3n, el proveedor EasyBytez es una plataforma f\u00e1cil de usar para descargar y almacenar datos y descargar archivos. Cuando se trata de privacidad y protecci\u00f3n de datos, el host promete un alto nivel de seguridad. Si est\u00e1 interesado en la oferta de EasyBytez, primero puede crear, probar y, si lo desea, cambiar a EasyBytez Premium para utilizar todas las funciones. Puede elegir entre diferentes m\u00e9todos de pago.<\/span><\/p>\n<p><a class=\"fasc-button fasc-size-xlarge fasc-type-glossy fasc-rounded-medium ico-fa fasc-ico-after fa-share\" style=\"background-color: #39697a; color: #fbf7f1; --darkreader-inline-bgcolor: #3f5f69; --darkreader-inline-color: #f7f0e5;\" target=\"_blank\" rel=\"nofollow noopener noreferrer\" data-darkreader-inline-bgcolor=\"\" data-darkreader-inline-color=\"\" href=\"https:\/\/multihoster.org\/file-al\/goto\/\">Ir a Easybytez<\/a><\/p>\n","protected":false},"excerpt":{"rendered":"<p>Con Multihoster EasyBytez usted puede descargar y descargar diferentes archivos. La descarga ya es posible sin necesidad de crear una<\/p>\n","protected":false},"author":2,"featured_media":0,"parent":0,"menu_order":0,"comment_status":"closed","ping_status":"closed","template":"","meta":[],"yoast_head":"<!-- This site is optimized with the Yoast SEO plugin v18.3 - https:\/\/yoast.com\/wordpress\/plugins\/seo\/ -->\n<title>llll\u25b7 EasyBytez Premium Account serio o no? Prueba en Multihoster.org<\/title>\n<meta name=\"description\" content=\"\u00bfEst\u00e1 interesado en la oferta de EasyBytez? Nos gustar\u00eda presentarle al proveedor y a la Cuenta Premium EasyBytez en detalle.\" \/>\n<meta name=\"robots\" content=\"index, follow, max-snippet:-1, max-image-preview:large, max-video-preview:-1\" \/>\n<link rel=\"canonical\" href=\"https:\/\/multihoster.org\/es\/easybytez\/\" \/>\n<meta property=\"og:locale\" content=\"es_ES\" \/>\n<meta property=\"og:type\" content=\"article\" \/>\n<meta property=\"og:title\" content=\"llll\u25b7 EasyBytez Premium Account serio o no? Prueba en Multihoster.org\" \/>\n<meta property=\"og:description\" content=\"\u00bfEst\u00e1 interesado en la oferta de EasyBytez? Nos gustar\u00eda presentarle al proveedor y a la Cuenta Premium EasyBytez en detalle.\" \/>\n<meta property=\"og:url\" content=\"https:\/\/multihoster.org\/es\/easybytez\/\" \/>\n<meta property=\"og:site_name\" content=\"Multihoster.org\" \/>\n<meta property=\"article:modified_time\" content=\"2019-08-05T14:48:30+00:00\" \/>\n<meta property=\"og:image\" content=\"https:\/\/multihoster.org\/wp-content\/uploads\/2018\/09\/logo-3.png\" \/>\n<meta name=\"twitter:card\" content=\"summary\" \/>\n<meta name=\"twitter:label1\" content=\"Tiempo de lectura\" \/>\n\t<meta name=\"twitter:data1\" content=\"5 minutos\" \/>\n<script type=\"application\/ld+json\" class=\"yoast-schema-graph\">{\"@context\":\"https:\/\/schema.org\",\"@graph\":[{\"@type\":\"WebSite\",\"@id\":\"https:\/\/multihoster.org\/#website\",\"url\":\"https:\/\/multihoster.org\/\",\"name\":\"Multihoster.org\",\"description\":\"Reviews of the major Filehosting services\",\"potentialAction\":[{\"@type\":\"SearchAction\",\"target\":{\"@type\":\"EntryPoint\",\"urlTemplate\":\"https:\/\/multihoster.org\/?s={search_term_string}\"},\"query-input\":\"required name=search_term_string\"}],\"inLanguage\":\"es\"},{\"@type\":\"ImageObject\",\"@id\":\"https:\/\/multihoster.org\/es\/easybytez\/#primaryimage\",\"inLanguage\":\"es\",\"url\":\"https:\/\/multihoster.org\/wp-content\/uploads\/2018\/09\/logo-3.png\",\"contentUrl\":\"https:\/\/multihoster.org\/wp-content\/uploads\/2018\/09\/logo-3.png\",\"width\":258,\"height\":67,\"caption\":\"logo\"},{\"@type\":\"WebPage\",\"@id\":\"https:\/\/multihoster.org\/es\/easybytez\/#webpage\",\"url\":\"https:\/\/multihoster.org\/es\/easybytez\/\",\"name\":\"llll\u25b7 EasyBytez Premium Account serio o no? Prueba en Multihoster.org\",\"isPartOf\":{\"@id\":\"https:\/\/multihoster.org\/#website\"},\"primaryImageOfPage\":{\"@id\":\"https:\/\/multihoster.org\/es\/easybytez\/#primaryimage\"},\"datePublished\":\"2018-10-05T14:52:13+00:00\",\"dateModified\":\"2019-08-05T14:48:30+00:00\",\"description\":\"\u00bfEst\u00e1 interesado en la oferta de EasyBytez? Nos gustar\u00eda presentarle al proveedor y a la Cuenta Premium EasyBytez en detalle.\",\"breadcrumb\":{\"@id\":\"https:\/\/multihoster.org\/es\/easybytez\/#breadcrumb\"},\"inLanguage\":\"es\",\"potentialAction\":[{\"@type\":\"ReadAction\",\"target\":[\"https:\/\/multihoster.org\/es\/easybytez\/\"]}]},{\"@type\":\"BreadcrumbList\",\"@id\":\"https:\/\/multihoster.org\/es\/easybytez\/#breadcrumb\",\"itemListElement\":[{\"@type\":\"ListItem\",\"position\":1,\"name\":\"Startseite\",\"item\":\"https:\/\/multihoster.org\/es\/\"},{\"@type\":\"ListItem\",\"position\":2,\"name\":\"EasyBytez Premium Account &#8211; El Multihoster de un vistazo\"}]}]}<\/script>\n<!-- \/ Yoast SEO plugin. -->","yoast_head_json":{"title":"llll\u25b7 EasyBytez Premium Account serio o no? Prueba en Multihoster.org","description":"\u00bfEst\u00e1 interesado en la oferta de EasyBytez? Nos gustar\u00eda presentarle al proveedor y a la Cuenta Premium EasyBytez en detalle.","robots":{"index":"index","follow":"follow","max-snippet":"max-snippet:-1","max-image-preview":"max-image-preview:large","max-video-preview":"max-video-preview:-1"},"canonical":"https:\/\/multihoster.org\/es\/easybytez\/","og_locale":"es_ES","og_type":"article","og_title":"llll\u25b7 EasyBytez Premium Account serio o no? Prueba en Multihoster.org","og_description":"\u00bfEst\u00e1 interesado en la oferta de EasyBytez? Nos gustar\u00eda presentarle al proveedor y a la Cuenta Premium EasyBytez en detalle.","og_url":"https:\/\/multihoster.org\/es\/easybytez\/","og_site_name":"Multihoster.org","article_modified_time":"2019-08-05T14:48:30+00:00","og_image":[{"url":"https:\/\/multihoster.org\/wp-content\/uploads\/2018\/09\/logo-3.png"}],"twitter_card":"summary","twitter_misc":{"Tiempo de lectura":"5 minutos"},"schema":{"@context":"https:\/\/schema.org","@graph":[{"@type":"WebSite","@id":"https:\/\/multihoster.org\/#website","url":"https:\/\/multihoster.org\/","name":"Multihoster.org","description":"Reviews of the major Filehosting services","potentialAction":[{"@type":"SearchAction","target":{"@type":"EntryPoint","urlTemplate":"https:\/\/multihoster.org\/?s={search_term_string}"},"query-input":"required name=search_term_string"}],"inLanguage":"es"},{"@type":"ImageObject","@id":"https:\/\/multihoster.org\/es\/easybytez\/#primaryimage","inLanguage":"es","url":"https:\/\/multihoster.org\/wp-content\/uploads\/2018\/09\/logo-3.png","contentUrl":"https:\/\/multihoster.org\/wp-content\/uploads\/2018\/09\/logo-3.png","width":258,"height":67,"caption":"logo"},{"@type":"WebPage","@id":"https:\/\/multihoster.org\/es\/easybytez\/#webpage","url":"https:\/\/multihoster.org\/es\/easybytez\/","name":"llll\u25b7 EasyBytez Premium Account serio o no? Prueba en Multihoster.org","isPartOf":{"@id":"https:\/\/multihoster.org\/#website"},"primaryImageOfPage":{"@id":"https:\/\/multihoster.org\/es\/easybytez\/#primaryimage"},"datePublished":"2018-10-05T14:52:13+00:00","dateModified":"2019-08-05T14:48:30+00:00","description":"\u00bfEst\u00e1 interesado en la oferta de EasyBytez? Nos gustar\u00eda presentarle al proveedor y a la Cuenta Premium EasyBytez en detalle.","breadcrumb":{"@id":"https:\/\/multihoster.org\/es\/easybytez\/#breadcrumb"},"inLanguage":"es","potentialAction":[{"@type":"ReadAction","target":["https:\/\/multihoster.org\/es\/easybytez\/"]}]},{"@type":"BreadcrumbList","@id":"https:\/\/multihoster.org\/es\/easybytez\/#breadcrumb","itemListElement":[{"@type":"ListItem","position":1,"name":"Startseite","item":"https:\/\/multihoster.org\/es\/"},{"@type":"ListItem","position":2,"name":"EasyBytez Premium Account &#8211; El Multihoster de un vistazo"}]}]}},"_links":{"self":[{"href":"https:\/\/multihoster.org\/es\/wp-json\/wp\/v2\/pages\/1950"}],"collection":[{"href":"https:\/\/multihoster.org\/es\/wp-json\/wp\/v2\/pages"}],"about":[{"href":"https:\/\/multihoster.org\/es\/wp-json\/wp\/v2\/types\/page"}],"author":[{"embeddable":true,"href":"https:\/\/multihoster.org\/es\/wp-json\/wp\/v2\/users\/2"}],"replies":[{"embeddable":true,"href":"https:\/\/multihoster.org\/es\/wp-json\/wp\/v2\/comments?post=1950"}],"version-history":[{"count":4,"href":"https:\/\/multihoster.org\/es\/wp-json\/wp\/v2\/pages\/1950\/revisions"}],"predecessor-version":[{"id":2215,"href":"https:\/\/multihoster.org\/es\/wp-json\/wp\/v2\/pages\/1950\/revisions\/2215"}],"wp:attachment":[{"href":"https:\/\/multihoster.org\/es\/wp-json\/wp\/v2\/media?parent=1950"}],"curies":[{"name":"wp","href":"https:\/\/api.w.org\/{rel}","templated":true}]}}