{"id":2399,"date":"2020-03-20T11:49:45","date_gmt":"2020-03-20T11:49:45","guid":{"rendered":"https:\/\/multihoster.org\/?page_id=2399"},"modified":"2020-05-29T10:39:17","modified_gmt":"2020-05-29T10:39:17","slug":"mega","status":"publish","type":"page","link":"https:\/\/multihoster.org\/es\/mega\/","title":{"rendered":"Mega Cuenta Premium: El Filehoster de un vistazo"},"content":{"rendered":"\n<p>Mega es su almacenamiento en la nube seguro y conveniente de forma gratuita. Este <a rel=\"noreferrer noopener\" aria-label=\"almacenamiento en la nube (\u00f6ffnet in neuem Tab)\" href=\"https:\/\/cloud.google.com\/storage\" target=\"_blank\">almacenamiento en la nube<\/a> se actualiza y se remodela continuamente para estar a la par y con los est\u00e1ndares internacionales de almacenamiento web en l\u00ednea. Lea m\u00e1s para aprender y disfrutar de sus caracter\u00edsticas, as\u00ed como la seguridad correspondiente para sus fotos, videos y otros archivos importantes.<\/p>\n\n\n<a class=\"maxbutton-2 maxbutton maxbutton-cta\" target=\"_blank\" rel=\"nofollow noopener\" href=\"\/go\/\"><span class='mb-text'>&gt;&gt; Ir al sitio web original de Linkifier<\/span><\/a>\n\n\n<p><\/p>\n\n\n\n<h2>Los humildes or\u00edgenes \u00abmega\u00bb<\/h2>\n\n\n\n<p>Mega se finaliz\u00f3 y se implement\u00f3 en l\u00ednea el 19 de enero de 2013 despu\u00e9s de una serie de pruebas continuas realizadas por Kim Dotcom, ciudadano de Nueva Zelanda.<\/p>\n\n\n\n<p>En la primera hora de su implementaci\u00f3n, Cien mil usuarios (100,000.00) se registraron inmediatamente en el sitio web en anticipaci\u00f3n de sus caracter\u00edsticas y servicios. El registro aument\u00f3 exponencialmente a medida que los usuarios aumentaron a Un mill\u00f3n (1,000,000.00) que carga un promedio de sesenta (60) tipos diferentes de archivos por minuto. Estos aumentos continuaron y en tres (3) d\u00edas, los archivos cargados alcanzaron hasta quinientos (500) en un segundo.<\/p>\n\n\n\n<figure class=\"wp-block-image\"><img src=\"https:\/\/lh5.googleusercontent.com\/ziFsG1DkHhIGJyIU2hWhpt6qMoGKojcN-gTFptnOvGyD6gg2nqjB2Pv2xjpsSN9Wd_8XNgyv8zEvv_3om4-z7X1l5bYHfG9DBymKYAxnVaU5JQWfhQozCW24eOoS1CLrvNHJ3UU\" alt=\"Monitor, tablet and mobile phone.\"\/><\/figure>\n\n\n\n<p>La plataforma del servicio de alojamiento de archivos Mega (FHS) fue muy aceptada ya que los usuarios de todo el mundo se registraron utilizando diferentes dispositivos tras su lanzamiento.<\/p>\n\n\n\n<p>La administraci\u00f3n del servicio de alojamiento de archivos Mega (FHS) vio la necesidad de desarrollar una aplicaci\u00f3n para tel\u00e9fonos m\u00f3viles y el 4 de julio de 2013 se lanz\u00f3 la aplicaci\u00f3n Mega Android en Google Playstore. Tambi\u00e9n hubo una creciente necesidad de los usuarios de iPhone porque el 26 de noviembre de 2013 lanzaron una aplicaci\u00f3n Mega iOS en la tienda de aplicaciones de Apple. La administraci\u00f3n tambi\u00e9n pudo lanzar la aplicaci\u00f3n MEGAsync para Windows el d\u00eda 20 de enero de 2014 que brindaba m\u00e1s comodidad al usar los servicios de alojamiento de archivos (FHS) en una PC con Windows. Tambi\u00e9n se lanz\u00f3 una aplicaci\u00f3n MEGAsync basada en Linux para Linux el 6 de septiembre de 2014.<\/p>\n\n\n\n<p>A finales de 2013 y principios de 2014, Mega enfrent\u00f3 numerosos problemas y controversias, incluso debido a cien (100) <a rel=\"noreferrer noopener\" aria-label=\"Derribos de DMCA (\u00f6ffnet in neuem Tab)\" href=\"https:\/\/www.dmca.com\/faq\/What-is-a-DMCA-Takedown\" target=\"_blank\">Derribos de DMCA<\/a> en un d\u00eda e historias de conspiraci\u00f3n sobre escuchas telef\u00f3nicas gubernamentales que fueron negadas por la administraci\u00f3n de Mega y el Gobierno de Nueva Zelanda. A pesar de estas dificultades, Kim Dotcom y sus otros colegas pudieron prepararse para el alistamiento de Mega en la Bolsa de Nueva Zelanda.<\/p>\n\n\n\n<p>En el a\u00f1o 2016, Mega contin\u00faa floreciendo con un informe de treinta y cinco millones de d\u00f3lares ($ 35,000,000.00) de usuarios en todo el mundo y carga hasta doce mil millones (12,000,000,000.00) de archivos diferentes, el servicio de alojamiento de archivos Mega (FHS) contin\u00faa sirviendo como uno de los mejor, si no el mejor almacenamiento en l\u00ednea \/ almacenamiento en la nube del mundo.<\/p>\n\n\n\n<h2>Mega Seguridad<\/h2>\n\n\n\n<p>Incluso antes de su inicio, los desarrolladores y la administraci\u00f3n de Mega se enfocaron en proporcionar la m\u00e1xima privacidad de datos para sus usuarios y cumplir con las leyes locales e internacionales existentes, la raz\u00f3n por la cual Mega est\u00e1 dise\u00f1ada con <a rel=\"noreferrer noopener\" aria-label=\"secuencias de comandos del lado del cliente (\u00f6ffnet in neuem Tab)\" href=\"https:\/\/computersciencewiki.org\/index.php\/Client-side_scripting_and_server-side_scripting\" target=\"_blank\">secuencias de comandos del lado del cliente<\/a>. Con secuencias de comandos del lado del cliente, toda la informaci\u00f3n de cada usuario se cifra antes de ingresar al servidor con el algoritmo AES. Cada informaci\u00f3n encriptada se almacena en dos (2) servidores ubicados en dos (2) ubicaciones separadas para garantizar la seguridad de todos sus usuarios contra el robo de datos y el phishing.<\/p>\n\n\n\n<figure class=\"wp-block-image\"><img src=\"https:\/\/lh6.googleusercontent.com\/Kam2Hbb_7G5v_03-2uEFBW1Nli8ElLUeGiVkcZ7lCEoIOtq0KnRlA0s5CNLyCIB0xkXwkgYtvmGA1NTNx-y810NH7p7IgN_Jw7OjBs-ACucc6tXxhlTfZJsOO5ey5BDiXXJebJs\" alt=\"Data storage\"\/><\/figure>\n\n\n\n<p>Los datos y la informaci\u00f3n cifrados de los usuarios se mantienen seguros en dos (2) servidores de \u00faltima generaci\u00f3n ubicados en ubicaciones separadas<\/p>\n\n\n\n<h2>Mega Asignaciones de datos<\/h2>\n\n\n\n<p>Para garantizar la accesibilidad y la conveniencia de sus usuarios, Mega ofrece un servicio de alojamiento de archivos (FHS) accesible y equitativo en las modalidades de cuenta Mega Premium y cuenta Mega Premium como las siguientes:<\/p>\n\n\n\n<p>&nbsp;1. Mega Fratis: una cuenta gratuita tiene una asignaci\u00f3n de quince (15) GB de almacenamiento en la nube disponible; treinta y cinco (35) GB de almacenamiento en la nube de prueba durante un (1) mes; y asignaci\u00f3n adicional basada en logros m\u00e1ximos de treinta y cinco (35) GB.<\/p>\n\n\n\n<p>2.&nbsp; Mega Premium Account Pro Lite: una cuenta premium que requiere un pago mensual de once puntos treinta y ocho d\u00f3lares ($ 11.38) con cuatrocientos (400) GB de almacenamiento que pueden cargar y descargar asignaciones de hasta una (1) TB por mes.<\/p>\n\n\n\n<p>3. Mega Premium Account Pro II &#8211; Una cuenta premium que requiere un pago mensual de veintid\u00f3s puntos setenta y ocho d\u00f3lares ($ 22.78) con dos mil (2000) GB de almacenamiento que puede tener velocidades de carga o descarga de hasta dos (2) TB por mes.<\/p>\n\n\n\n<p>4. Mega Premium Account Pro III &#8211; Una cuenta premium que requiere un pago mensual que asciende a veintid\u00f3s puntos veintinueve puntos setenta y ocho d\u00f3lares ($ 29.78) con ocho mil (8000) GB de almacenamiento que pueden tener velocidades de carga o descarga de hasta ocho (8) TB por mes.<\/p>\n\n\n<a class=\"maxbutton-2 maxbutton maxbutton-cta\" target=\"_blank\" rel=\"nofollow noopener\" href=\"\/go\/\"><span class='mb-text'>&gt;&gt; Ir al sitio web original de Linkifier<\/span><\/a>\n\n\n<p><\/p>\n\n\n\n<p>5. Mega Premium Account Pro IV &#8211; Una cuenta premium que requiere un pago mensual de cincuenta y dos puntos setenta y ocho d\u00f3lares ($ 52.78) con diecis\u00e9is mil (16000) GB de almacenamiento que puede tener velocidades de carga o descarga de hasta diecis\u00e9is (16) TB por mes.<\/p>\n\n\n\n<figure class=\"wp-block-image\"><img src=\"https:\/\/lh5.googleusercontent.com\/u3_8o-SUQK7WVh-qzE8SfPyslU1u7vYvnwoS4qZECM7b9bCFWlgXIi9MorBY1jiojon-tNXUw5llENtpBrZV1FdrMvKQed4ZVLq7kPVyPDYAaREb6DT0IADZVDjN_hwQaPepxOI\" alt=\"Hand holding a medal\"\/><\/figure>\n\n\n\n<p>Tenga en cuenta que todos los planes Mega Premium Account Pro (Lite, II, III y IV) vendr\u00e1n con una suscripci\u00f3n gratuita de dos (2) meses al suscribirse a un plan Mega Account Account Pro de un (1) a\u00f1o. Es posible que haya escuchado que inicialmente, Mega proporciona cincuenta (50) GB de almacenamiento web gratuito en l\u00ednea. En 2017, la administraci\u00f3n decidi\u00f3 limitar el obsequio a treinta (35) GB por un mes debido al creciente costo de mantenimiento de sus servidores. Aun as\u00ed, la gerencia de Mega intenta compensarlos incorporando un sistema de recompensas en la plataforma.<\/p>\n\n\n\n<p>Se pueden obtener recompensas instalando el programa Mega para Windows y las aplicaciones Mega para Android e iOS. Invitar a amigos y muchas m\u00e1s tareas tambi\u00e9n pueden proporcionar a cada usuario capacidad de almacenamiento en la nube adicional como recompensa por estos logros.<\/p>\n\n\n\n<h2>Mega Accesibilidad<\/h2>\n\n\n\n<p>El desarrollo de la plataforma del servicio de alojamiento de archivos Mega (FHS) o el almacenamiento en la nube se estudi\u00f3 cuidadosamente y se dise\u00f1\u00f3 para proporcionar una experiencia ergon\u00f3mica y sin problemas para sus usuarios a trav\u00e9s de su programa Mega de interfaces f\u00e1ciles de usar para Windows y la aplicaci\u00f3n Mega para Android e iOS. Incluso el sitio web Mega en s\u00ed fue dise\u00f1ado teniendo en cuenta la diversidad y los recursos de sus usuarios de todo el mundo. Se puede acceder f\u00e1cilmente al sitio web de Mega utilizando los principales navegadores de Internet convencionales, incluidos Google Chrome, Mozilla Firefox, Internet Explorer, Safari y Opera para diferentes sistemas operativos, incluidos Windows, iOS, Linux, Ubuntu y Android para dispositivos m\u00f3viles.<\/p>\n\n\n\n<p>Mega proporciona almacenamiento de incentivos para realizar tareas y para ciertos logros<\/p>\n\n\n\n<h2>Mega Innovaci\u00f3n<\/h2>\n\n\n\n<p>Para satisfacer a\u00fan m\u00e1s a cada uno de sus clientes, Mega desarrolla continuamente su software mediante la reurbanizaci\u00f3n y el suministro de caracter\u00edsticas adicionales para sus productos, como las siguientes:<\/p>\n\n\n\n<p>1. MEGAchat \u2013 Al igual que sus servicios de mensajer\u00eda web habituales, MEGAchat es una plataforma de comunicaci\u00f3n basada en navegador. MEGAchat ofrece servicios de chat, videollamadas y videoconferencias con funciones adicionales. No como su mensajero web habitual, MEGAchat se incorpora con el cifrado de datos m\u00e1s alto como su contraparte de almacenamiento en la nube para proteger a sus usuarios de los piratas inform\u00e1ticos y las escuchas telef\u00f3nicas.<\/p>\n\n\n\n<p>2. MEGA <a rel=\"noreferrer noopener\" aria-label=\"Extensiones (\u00f6ffnet in neuem Tab)\" href=\"https:\/\/www.forbes.com\/sites\/adrianbridgwater\/2019\/04\/16\/how-browser-extensions-work\/\" target=\"_blank\">Extensiones<\/a>: Mega pudo desarrollar extensiones para sus principales navegadores de Internet principales, incluidos Google Chrome, Mozilla Firefox, Internet Explorer, Safari y Opera para diferentes sistemas operativos, incluidos Windows, iOS, <a rel=\"noreferrer noopener\" aria-label=\" (\u00f6ffnet in neuem Tab)\" href=\"https:\/\/opensource.com\/resources\/linux\" target=\"_blank\">Linux<\/a>, <a rel=\"noreferrer noopener\" aria-label=\" (\u00f6ffnet in neuem Tab)\" href=\"https:\/\/ubuntu.com\/\" target=\"_blank\">Ubuntu<\/a>. Estas extensiones, como se inform\u00f3, proporcionaron m\u00e1s comodidad, ya que la instalaci\u00f3n de extensiones del navegador hizo que la carga y descarga fueran m\u00e1s r\u00e1pidas, as\u00ed como tambi\u00e9n proporcion\u00f3 protecci\u00f3n del lado del cliente.<\/p>\n\n\n\n<h2>Mega Conclusi\u00f3n<\/h2>\n\n\n\n<p>Entonces, \u00bfest\u00e1s listo para llevar tu accesibilidad y seguridad de datos e informaci\u00f3n al siguiente nivel? Reg\u00edstrese gratis y experimente los beneficios Mega de usar la plataforma del servicio de alojamiento de archivos Mega (FHS). Este es el almacenamiento en la nube al que se puede acceder mediante lo b\u00e1sico, pero proporciona un almacenamiento en la nube Mega.<\/p>\n\n\n\n<h2>Frequently Asked Questions (FAQ)<\/h2>\n\n\n\n<h3><strong>1. \u00bfPuedo comunicarme con Mega en caso de problemas y dificultades para usar el servicio de alojamiento de archivos Mega (FHS)?<\/strong><\/h3>\n\n\n\n<p>S\u00ed, Mega tiene un equipo de atenci\u00f3n al cliente de Mega que escuchar\u00e1 y resolver\u00e1 sus problemas y dificultades al usar el servicio de alojamiento de archivos Mega (FHS). El equipo de atenci\u00f3n al cliente est\u00e1 disponible en l\u00ednea en cualquier momento de cualquier d\u00eda, veinticuatro y siete (24\/7) o siete (7) d\u00edas a la semana para todas las naciones del mundo. Porque Mega proporciona la m\u00e1xima atenci\u00f3n y soporte para sus usuarios y clientes. Adem\u00e1s, los usuarios de Mega Premium Account Pro (Lite, II, III y IV) son la prioridad para los servicios de atenci\u00f3n al cliente, sin embargo, la gerencia de Mega atiende todas las inquietudes lo antes posible.<\/p>\n\n\n\n<h3><strong>&nbsp;2. \u00bfEst\u00e1n seguros mis archivos en el almacenamiento de Mega Cloud?<\/strong><\/h3>\n\n\n\n<p>Mega desarrolladores se centraron en proporcionar la m\u00e1xima privacidad de datos para sus usuarios. La plataforma fue dise\u00f1ada cuidadosamente para cumplir con las leyes locales e internacionales existentes a trav\u00e9s de sus secuencias de comandos del lado del cliente. Con las secuencias de comandos del lado del cliente, toda la informaci\u00f3n de cada usuario se cifra antes de ingresar al servidor con el algoritmo AES. Cada informaci\u00f3n encriptada se almacena en dos (2) servidores ubicados en dos (2) ubicaciones separadas para garantizar la seguridad de todos sus usuarios contra el robo de datos y el phishing.<\/p>\n\n\n\n<h3><strong>&nbsp;3. \u00bfPuedo usar el servicio de alojamiento de archivos Mega (FHS) sin pagar?<\/strong><\/h3>\n\n\n\n<p>El Mega tiene un esquema de cuenta gratuita que tiene una asignaci\u00f3n de quince (15) GB de almacenamiento en la nube disponible; treinta y cinco (35) GB de almacenamiento en la nube de prueba durante un (1) mes; y asignaci\u00f3n adicional basada en logros m\u00e1ximos de treinta y cinco (35) GB. De lo contrario, los usuarios pueden optar por actualizar a una Cuenta Mega Premium Pro (Lite, I, II, III, IV) para acceder a m\u00e1s almacenamiento en la nube.<\/p>\n\n\n\n<h3><strong>&nbsp;4. \u00bfPuedo acceder al servicio de alojamiento de archivos Mega (FHS) usando mi navegador web incorporado?<\/strong><\/h3>\n\n\n\n<p>S\u00ed, se puede acceder f\u00e1cilmente al sitio web de Mega utilizando los principales navegadores de Internet integrados y principales, incluidos Google Chrome, Mozilla Firefox, Internet Explorer, Safari y Opera para diferentes sistemas operativos, incluidos Windows, iOS, Linux, Ubuntu y Android para dispositivos m\u00f3viles. Adem\u00e1s, Mega tiene una extensi\u00f3n para cada navegador anterior que brinda comodidad y conveniencia a sus usuarios al hacer que las cargas y descargas sean m\u00e1s r\u00e1pidas, as\u00ed como tambi\u00e9n proporciona protecci\u00f3n del lado del cliente para sus usuarios.<\/p>\n\n\n<a class=\"maxbutton-2 maxbutton maxbutton-cta\" target=\"_blank\" rel=\"nofollow noopener\" href=\"\/go\/\"><span class='mb-text'>&gt;&gt; Ir al sitio web original de Linkifier<\/span><\/a>\n\n\n<p><\/p>\n","protected":false},"excerpt":{"rendered":"<p>Mega es su almacenamiento en la nube seguro y conveniente de forma gratuita. Este almacenamiento en la nube se actualiza<\/p>\n","protected":false},"author":2,"featured_media":0,"parent":0,"menu_order":0,"comment_status":"closed","ping_status":"closed","template":"","meta":[],"yoast_head":"<!-- This site is optimized with the Yoast SEO plugin v18.3 - https:\/\/yoast.com\/wordpress\/plugins\/seo\/ -->\n<title>Mega Premium Account \u2013 El Filehoster de un vistazo<\/title>\n<meta name=\"description\" content=\"\u00bfEs Mega un proveedor de renombre o no, puede encontrar la respuesta en la prueba actual en Multihoster.org \u279c Haga clic ahora \u271a para leer nuestras experiencias!\" \/>\n<meta name=\"robots\" content=\"index, follow, max-snippet:-1, max-image-preview:large, max-video-preview:-1\" \/>\n<link rel=\"canonical\" href=\"https:\/\/multihoster.org\/es\/mega\/\" \/>\n<meta property=\"og:locale\" content=\"es_ES\" \/>\n<meta property=\"og:type\" content=\"article\" \/>\n<meta property=\"og:title\" content=\"Mega Premium Account \u2013 El Filehoster de un vistazo\" \/>\n<meta property=\"og:description\" content=\"\u00bfEs Mega un proveedor de renombre o no, puede encontrar la respuesta en la prueba actual en Multihoster.org \u279c Haga clic ahora \u271a para leer nuestras experiencias!\" \/>\n<meta property=\"og:url\" content=\"https:\/\/multihoster.org\/es\/mega\/\" \/>\n<meta property=\"og:site_name\" content=\"Multihoster.org\" \/>\n<meta property=\"article:modified_time\" content=\"2020-05-29T10:39:17+00:00\" \/>\n<meta property=\"og:image\" content=\"https:\/\/lh5.googleusercontent.com\/ziFsG1DkHhIGJyIU2hWhpt6qMoGKojcN-gTFptnOvGyD6gg2nqjB2Pv2xjpsSN9Wd_8XNgyv8zEvv_3om4-z7X1l5bYHfG9DBymKYAxnVaU5JQWfhQozCW24eOoS1CLrvNHJ3UU\" \/>\n<meta name=\"twitter:card\" content=\"summary\" \/>\n<meta name=\"twitter:label1\" content=\"Tiempo de lectura\" \/>\n\t<meta name=\"twitter:data1\" content=\"9 minutos\" \/>\n<script type=\"application\/ld+json\" class=\"yoast-schema-graph\">{\"@context\":\"https:\/\/schema.org\",\"@graph\":[{\"@type\":\"WebSite\",\"@id\":\"https:\/\/multihoster.org\/#website\",\"url\":\"https:\/\/multihoster.org\/\",\"name\":\"Multihoster.org\",\"description\":\"Reviews of the major Filehosting services\",\"potentialAction\":[{\"@type\":\"SearchAction\",\"target\":{\"@type\":\"EntryPoint\",\"urlTemplate\":\"https:\/\/multihoster.org\/?s={search_term_string}\"},\"query-input\":\"required name=search_term_string\"}],\"inLanguage\":\"es\"},{\"@type\":\"ImageObject\",\"@id\":\"https:\/\/multihoster.org\/es\/mega\/#primaryimage\",\"inLanguage\":\"es\",\"url\":\"https:\/\/lh5.googleusercontent.com\/ziFsG1DkHhIGJyIU2hWhpt6qMoGKojcN-gTFptnOvGyD6gg2nqjB2Pv2xjpsSN9Wd_8XNgyv8zEvv_3om4-z7X1l5bYHfG9DBymKYAxnVaU5JQWfhQozCW24eOoS1CLrvNHJ3UU\",\"contentUrl\":\"https:\/\/lh5.googleusercontent.com\/ziFsG1DkHhIGJyIU2hWhpt6qMoGKojcN-gTFptnOvGyD6gg2nqjB2Pv2xjpsSN9Wd_8XNgyv8zEvv_3om4-z7X1l5bYHfG9DBymKYAxnVaU5JQWfhQozCW24eOoS1CLrvNHJ3UU\"},{\"@type\":\"WebPage\",\"@id\":\"https:\/\/multihoster.org\/es\/mega\/#webpage\",\"url\":\"https:\/\/multihoster.org\/es\/mega\/\",\"name\":\"Mega Premium Account \u2013 El Filehoster de un vistazo\",\"isPartOf\":{\"@id\":\"https:\/\/multihoster.org\/#website\"},\"primaryImageOfPage\":{\"@id\":\"https:\/\/multihoster.org\/es\/mega\/#primaryimage\"},\"datePublished\":\"2020-03-20T11:49:45+00:00\",\"dateModified\":\"2020-05-29T10:39:17+00:00\",\"description\":\"\u00bfEs Mega un proveedor de renombre o no, puede encontrar la respuesta en la prueba actual en Multihoster.org \u279c Haga clic ahora \u271a para leer nuestras experiencias!\",\"breadcrumb\":{\"@id\":\"https:\/\/multihoster.org\/es\/mega\/#breadcrumb\"},\"inLanguage\":\"es\",\"potentialAction\":[{\"@type\":\"ReadAction\",\"target\":[\"https:\/\/multihoster.org\/es\/mega\/\"]}]},{\"@type\":\"BreadcrumbList\",\"@id\":\"https:\/\/multihoster.org\/es\/mega\/#breadcrumb\",\"itemListElement\":[{\"@type\":\"ListItem\",\"position\":1,\"name\":\"Startseite\",\"item\":\"https:\/\/multihoster.org\/es\/\"},{\"@type\":\"ListItem\",\"position\":2,\"name\":\"Mega Cuenta Premium: El Filehoster de un vistazo\"}]}]}<\/script>\n<!-- \/ Yoast SEO plugin. -->","yoast_head_json":{"title":"Mega Premium Account \u2013 El Filehoster de un vistazo","description":"\u00bfEs Mega un proveedor de renombre o no, puede encontrar la respuesta en la prueba actual en Multihoster.org \u279c Haga clic ahora \u271a para leer nuestras experiencias!","robots":{"index":"index","follow":"follow","max-snippet":"max-snippet:-1","max-image-preview":"max-image-preview:large","max-video-preview":"max-video-preview:-1"},"canonical":"https:\/\/multihoster.org\/es\/mega\/","og_locale":"es_ES","og_type":"article","og_title":"Mega Premium Account \u2013 El Filehoster de un vistazo","og_description":"\u00bfEs Mega un proveedor de renombre o no, puede encontrar la respuesta en la prueba actual en Multihoster.org \u279c Haga clic ahora \u271a para leer nuestras experiencias!","og_url":"https:\/\/multihoster.org\/es\/mega\/","og_site_name":"Multihoster.org","article_modified_time":"2020-05-29T10:39:17+00:00","og_image":[{"url":"https:\/\/lh5.googleusercontent.com\/ziFsG1DkHhIGJyIU2hWhpt6qMoGKojcN-gTFptnOvGyD6gg2nqjB2Pv2xjpsSN9Wd_8XNgyv8zEvv_3om4-z7X1l5bYHfG9DBymKYAxnVaU5JQWfhQozCW24eOoS1CLrvNHJ3UU"}],"twitter_card":"summary","twitter_misc":{"Tiempo de lectura":"9 minutos"},"schema":{"@context":"https:\/\/schema.org","@graph":[{"@type":"WebSite","@id":"https:\/\/multihoster.org\/#website","url":"https:\/\/multihoster.org\/","name":"Multihoster.org","description":"Reviews of the major Filehosting services","potentialAction":[{"@type":"SearchAction","target":{"@type":"EntryPoint","urlTemplate":"https:\/\/multihoster.org\/?s={search_term_string}"},"query-input":"required name=search_term_string"}],"inLanguage":"es"},{"@type":"ImageObject","@id":"https:\/\/multihoster.org\/es\/mega\/#primaryimage","inLanguage":"es","url":"https:\/\/lh5.googleusercontent.com\/ziFsG1DkHhIGJyIU2hWhpt6qMoGKojcN-gTFptnOvGyD6gg2nqjB2Pv2xjpsSN9Wd_8XNgyv8zEvv_3om4-z7X1l5bYHfG9DBymKYAxnVaU5JQWfhQozCW24eOoS1CLrvNHJ3UU","contentUrl":"https:\/\/lh5.googleusercontent.com\/ziFsG1DkHhIGJyIU2hWhpt6qMoGKojcN-gTFptnOvGyD6gg2nqjB2Pv2xjpsSN9Wd_8XNgyv8zEvv_3om4-z7X1l5bYHfG9DBymKYAxnVaU5JQWfhQozCW24eOoS1CLrvNHJ3UU"},{"@type":"WebPage","@id":"https:\/\/multihoster.org\/es\/mega\/#webpage","url":"https:\/\/multihoster.org\/es\/mega\/","name":"Mega Premium Account \u2013 El Filehoster de un vistazo","isPartOf":{"@id":"https:\/\/multihoster.org\/#website"},"primaryImageOfPage":{"@id":"https:\/\/multihoster.org\/es\/mega\/#primaryimage"},"datePublished":"2020-03-20T11:49:45+00:00","dateModified":"2020-05-29T10:39:17+00:00","description":"\u00bfEs Mega un proveedor de renombre o no, puede encontrar la respuesta en la prueba actual en Multihoster.org \u279c Haga clic ahora \u271a para leer nuestras experiencias!","breadcrumb":{"@id":"https:\/\/multihoster.org\/es\/mega\/#breadcrumb"},"inLanguage":"es","potentialAction":[{"@type":"ReadAction","target":["https:\/\/multihoster.org\/es\/mega\/"]}]},{"@type":"BreadcrumbList","@id":"https:\/\/multihoster.org\/es\/mega\/#breadcrumb","itemListElement":[{"@type":"ListItem","position":1,"name":"Startseite","item":"https:\/\/multihoster.org\/es\/"},{"@type":"ListItem","position":2,"name":"Mega Cuenta Premium: El Filehoster de un vistazo"}]}]}},"_links":{"self":[{"href":"https:\/\/multihoster.org\/es\/wp-json\/wp\/v2\/pages\/2399"}],"collection":[{"href":"https:\/\/multihoster.org\/es\/wp-json\/wp\/v2\/pages"}],"about":[{"href":"https:\/\/multihoster.org\/es\/wp-json\/wp\/v2\/types\/page"}],"author":[{"embeddable":true,"href":"https:\/\/multihoster.org\/es\/wp-json\/wp\/v2\/users\/2"}],"replies":[{"embeddable":true,"href":"https:\/\/multihoster.org\/es\/wp-json\/wp\/v2\/comments?post=2399"}],"version-history":[{"count":5,"href":"https:\/\/multihoster.org\/es\/wp-json\/wp\/v2\/pages\/2399\/revisions"}],"predecessor-version":[{"id":4519,"href":"https:\/\/multihoster.org\/es\/wp-json\/wp\/v2\/pages\/2399\/revisions\/4519"}],"wp:attachment":[{"href":"https:\/\/multihoster.org\/es\/wp-json\/wp\/v2\/media?parent=2399"}],"curies":[{"name":"wp","href":"https:\/\/api.w.org\/{rel}","templated":true}]}}