{"id":2457,"date":"2020-03-20T11:55:57","date_gmt":"2020-03-20T11:55:57","guid":{"rendered":"https:\/\/multihoster.org\/?page_id=2457"},"modified":"2020-03-23T15:08:30","modified_gmt":"2020-03-23T15:08:30","slug":"openload","status":"publish","type":"page","link":"https:\/\/multihoster.org\/es\/openload\/","title":{"rendered":"Openload Cuenta Premium: El Filehoster de un vistazo"},"content":{"rendered":"\n<figure class=\"wp-block-image\"><img src=\"https:\/\/lh5.googleusercontent.com\/zV-SviouA7daBi8XugOcCpDkWQex4kXx8M9Vf7o2khVu4x6L7g7Xzcm_Z_MCXx37l-jre3m8D_bsoBYz19rCNEpdq4_lj5tULatS1vbk1d0_-LC6OlHPlvNtysq_a8-q3U1RKqs\" alt=\"Openload Logo\"\/><\/figure>\n\n\n\n<p>Es triste decir que ahora cuando alguien intenta acceder o visitar el sitio Openload.co, este mensaje de error se mostrar\u00e1 en el sitio \u00abEl sitio web ya no est\u00e1 disponible debido a una infracci\u00f3n de derechos de autor. Ser\u00e1s redirigido a alliance4creativity.com \u201d. S\u00ed, el sitio Openload.co y sus servicios se cerraron desde el 31 de octubre de 2019 y realmente se redirigir\u00e1 autom\u00e1ticamente al sitio de Alliance for Creativity and Entertainment o ACE despu\u00e9s de cinco (5) segundos de conteo. Esto se debe a la gran cantidad de contenidos pirateados que se encuentran bajo el dominio de Openload. Streammango tambi\u00e9n est\u00e1 cerrado.<\/p>\n\n\n\n<p>Notablemente, la mayor\u00eda de las personas en el mundo ahora siempre buscan descargar archivos como videos, m\u00fasica y documentos de forma gratuita. Uno de los sitios recomendados que son gratuitos y tienen la capacidad de alojar archivos es Openload.<\/p>\n\n\n\n<p>Openload es lo mismo que almacenamiento pero en forma digital. Es el sitio donde un usuario puede cargar para guardar cualquier tipo de archivo en el sitio y descargarlo para obtener un archivo del sitio. Un usuario tambi\u00e9n puede compartir diferentes archivos con otros.<\/p>\n\n\n\n<p>Tiene una versi\u00f3n premium que es Openload Premium.<\/p>\n\n\n<a class=\"maxbutton-2 maxbutton maxbutton-cta\" target=\"_blank\" rel=\"nofollow noopener\" href=\"\/go\/\"><span class='mb-text'>&gt;&gt; Ir al sitio web original de Linkifier<\/span><\/a>\n\n\n<p><\/p>\n\n\n\n<h2>\u00bfQu\u00e9 ofrecen Openload Free y Open Premium Account?<\/h2>\n\n\n\n<figure class=\"wp-block-table\"><table class=\"\"><tbody><tr><td>Openload Versi\u00f3n:<\/td><td>Openload Gratis<\/td><\/tr><tr><td>Precio:<\/td><td>Gratis<\/td><\/tr><tr><td>Capacidad de almacenamiento:<\/td><td>Limitado<\/td><\/tr><tr><td> Dispositivos soportados: <\/td><td>Cualquier dispositivo con conexi\u00f3n a internet<\/td><\/tr><\/tbody><\/table><\/figure>\n\n\n\n<figure class=\"wp-block-table\"><table class=\"\"><tbody><tr><td>Openload Versi\u00f3n:<\/td><td>Openload Premium<\/td><\/tr><tr><td> Precio :<\/td><td> Gratis <\/td><\/tr><tr><td>Capacidad de almacenamiento:<\/td><td>Ilimitado<\/td><\/tr><tr><td>Dispositivos soportados:<\/td><td>Cualquier dispositivo con conexi\u00f3n a internet<\/td><\/tr><\/tbody><\/table><\/figure>\n\n\n\n<p>Comparando las dos versiones de Openload, ambas son gratuitas, pero la cuenta Premium de Openload contiene m\u00e1s funcionalidades y tiene una mayor capacidad de almacenamiento que la versi\u00f3n gratuita de Openload.<\/p>\n\n\n\n<h2>Openload: Subir archivos<\/h2>\n\n\n\n<p>Puede cargar archivos, documentos, m\u00fasica y videos en Openload, especialmente si est\u00e1 utilizando la cuenta Premium de Openload. Simplemente siga los siguientes procedimientos.<\/p>\n\n\n\n<p>1. Vaya al sitio de Openload.<\/p>\n\n\n\n<p>2. Explore sus carpetas y localice el archivo o documento o m\u00fasica o video que desea cargar. <\/p>\n\n\n\n<p>3. Una vez que lo encuentre, seleccione ese archivo.<\/p>\n\n\n\n<p>4. Arrastre y suelte el archivo en la p\u00e1gina de carga de Openload.<\/p>\n\n\n\n<p>5. Su archivo se cargar\u00e1 autom\u00e1ticamente en el sitio de Openload.<\/p>\n\n\n\n<h2>Openload: Descargando archivos<\/h2>\n\n\n\n<h3><strong>\u00bfC\u00f3mo descargar alg\u00fan video en el sitio de alojamiento de archivos OpenLoad?<\/strong><\/h3>\n\n\n\n<p>No tiene que preocuparse, porque descargar archivos es gratis aqu\u00ed. Hay dos (2) formas de descargar un archivo en Openload. Para descargar cualquier archivo del sitio de alojamiento de archivos Openload, siga los procedimientos a continuaci\u00f3n.<\/p>\n\n\n\n<p><\/p>\n\n\n\n<figure class=\"wp-block-table\"><table class=\"\"><tbody><tr><td>La primera forma de descargar un archivo:<br>1. Vaya al sitio de Openload.<br>2. Encuentre el archivo que desea descargar.<br>3. Haga clic en ese archivo y se lo dirigir\u00e1 a la p\u00e1gina del archivo.<br>4. En la p\u00e1gina, busque el bot\u00f3n \u00abDESCARGAR\u00bb y haga clic en \u00e9l. Cierre los anuncios que aparecer\u00e1n.<br>5. Aparecer\u00e1 otro bot\u00f3n que es la \u00abDESCARGA GRATUITA\u00bb, espere de 3 a 5 segundos para habilitar el bot\u00f3n, haga clic en el bot\u00f3n y el archivo comenzar\u00e1 a descargarse. <br>6. Su descarga abrir\u00e1 autom\u00e1ticamente su software de descarga como Internet Download Manager (IDM) o, si no tiene un software como ese, el navegador ser\u00e1 el encargado de manejar su descarga. <\/td><td>La segunda forma de descargar (UN TRUCO &#8211; para videos):<br> De esta manera es para los tipos de archivos de video.<br> En lugar de hacer clic en el bot\u00f3n DESCARGAR, hay otra forma complicada para que un usuario lo descargue. Vea abajo.<br>1. Vaya al sitio de Openload.<br>2. Encuentre un video que desea descargar para ver.<br>3. Haga clic en ese video y se lo dirigir\u00e1 a la p\u00e1gina del video.<br>4. Aqu\u00ed est\u00e1 el <a rel=\"noreferrer noopener\" aria-label=\"truco (\u00f6ffnet in neuem Tab)\" href=\"https:\/\/dictionary.cambridge.org\/us\/dictionary\/english\/trick\" target=\"_blank\">truco<\/a>. Haga clic en el bot\u00f3n \u00abJUGAR\u00bb y cierre los anuncios que aparecer\u00e1n. Si los anuncios detuvieron el video, simplemente haga clic en el bot\u00f3n \u00abREPRODUCIR\u00bb hasta que se cargue el video.<br>5. Cuando se carga el video, haga clic derecho en el video y haga clic en \u00abGuardar video como\u00bb.<br>6. Elija una ubicaci\u00f3n en su dispositivo donde desea guardar el archivo de video.<br>7. Haga clic en \u00abAceptar\u00bb.<br>8. Su descarga abrir\u00e1 autom\u00e1ticamente su software de descarga como Internet Download Manager (IDM) o si no tiene un software como ese, el navegador ser\u00e1 el encargado de manejar su descarga. <\/td><\/tr><\/tbody><\/table><\/figure>\n\n\n\n<ul><li>Para garantizar que el video se descargue correctamente, la conexi\u00f3n a Internet de su dispositivo debe ser estable. De lo contrario, el video no se descargar\u00e1 por completo o se da\u00f1ar\u00e1.<\/li><li> Si el sitio est\u00e1 prohibido en su pa\u00eds, los usuarios tambi\u00e9n pueden usar la red privada virtual o <a href=\"https:\/\/us.norton.com\/internetsecurity-privacy-what-is-a-vpn.html\" target=\"_blank\" rel=\"noreferrer noopener\" aria-label=\"VPN  (\u00f6ffnet in neuem Tab)\">VPN <\/a>para acceder al sitio y descargar cualquier video.<\/li><\/ul>\n\n\n\n<h2>Openload: viendo videos<\/h2>\n\n\n\n<p>Es muy f\u00e1cil ver videos aqu\u00ed en el sitio de alojamiento de archivos Openload. Solo tendr\u00e1 que ir al sitio, encontrar el video que desea ver,<\/p>\n\n\n\n<p>1. Vaya al sitio de Openload.<\/p>\n\n\n\n<p>2. Encuentra un video que quieras ver en l\u00ednea.<\/p>\n\n\n\n<p>3. Haga clic en ese video y ser\u00e1 dirigido a la p\u00e1gina del video.<\/p>\n\n\n\n<p>4. Simplemente haga clic en el bot\u00f3n \u00abREPRODUCIR\u00bb y espere hasta que cargue el video. Despu\u00e9s de eso, ahora puede disfrutar viendo el video completo en l\u00ednea.<\/p>\n\n\n\n<h2>Openload: Compartir archivos<\/h2>\n\n\n\n<p>Los usuarios pueden compartir archivos con otras personas a trav\u00e9s de los enlaces.<\/p>\n\n\n\n<figure class=\"wp-block-table\"><table class=\"\"><tbody><tr><td>Para usuarios no registrados:<br>1. Vaya al sitio de Openload.<br>2. Encuentra un archivo que quieras compartir en l\u00ednea.<br>3. Simplemente copie el enlace del archivo que desea compartir.<br>4. Pegue el enlace copiado a qui\u00e9n o d\u00f3nde desea compartirlo.<\/td><td>Para usuarios registrados:<br>1. Vaya al sitio de Openload.<br>2. Inicie sesi\u00f3n y vaya al Administrador de archivos en el Panel de usuario.<br>3. Encuentra un archivo que quieras compartir en l\u00ednea.<br>4. Seleccione el archivo y copie el enlace del archivo ubicado debajo de la p\u00e1gina o haga clic en el bot\u00f3n \u00abCOPIAR ENLACE\u00bb para compartir.<br>5. Pegue el enlace copiado a qui\u00e9n o d\u00f3nde desea compartirlo.<\/td><\/tr><\/tbody><\/table><\/figure>\n\n\n<a class=\"maxbutton-2 maxbutton maxbutton-cta\" target=\"_blank\" rel=\"nofollow noopener\" href=\"\/go\/\"><span class='mb-text'>&gt;&gt; Ir al sitio web original de Linkifier<\/span><\/a>\n\n\n<p><\/p>\n\n\n\n<p>Para acceder al archivo, otros deben hacer clic en el enlace y se los dirigir\u00e1 autom\u00e1ticamente al archivo.<\/p>\n\n\n\n<h2>Openload: Panel de usuario<\/h2>\n\n\n\n<p>El Panel de usuario consta de lo siguiente: Panel de control, Administrador de archivos, Carga remota, Carga m\u00faltiple, Configuraci\u00f3n de usuario, Programa de afiliaci\u00f3n, Configuraci\u00f3n de conversi\u00f3n y Estad\u00edsticas.<\/p>\n\n\n\n<p>Para poder acceder al panel de usuario, un usuario debe registrarse en Openload para usar estas funciones anteriores.<\/p>\n\n\n\n<ul><li>Tablero<\/li><\/ul>\n\n\n\n<p>Esto muestra el estado actual del usuario, el n\u00famero total de descargas, archivos y almacenamiento.<\/p>\n\n\n\n<ul><li>Administrador de archivos<\/li><\/ul>\n\n\n\n<p>Esta es la p\u00e1gina donde un usuario administra sus carpetas y archivos en el sitio de Openload. Contiene las carpetas creadas y los archivos agregados (archivos activos e inactivos) de un usuario, la carpeta o el tama\u00f1o del archivo, el tipo de contenido, los enlaces de esas carpetas y archivos, la hora de la fecha de carga y el n\u00famero de descargas de una carpeta o archivo.<\/p>\n\n\n\n<ul><li>Carga remota<\/li><\/ul>\n\n\n\n<p>Aqu\u00ed es donde un archivo proviene de un enlace de origen para cargarse en la cuenta de Openload del usuario.<\/p>\n\n\n\n<ul><li>Carga m\u00faltiple<\/li><\/ul>\n\n\n\n<p>Un usuario puede cargar m\u00faltiples archivos en cualquier tipo de archivo. Simplemente haga clic en el bot\u00f3n \u00abAGREGAR ARCHIVOS\u00bb para agregar los archivos y haga clic en el bot\u00f3n \u00abINICIAR CARGA\u00bb para cargar los archivos que acaba de agregar en el sitio de Openload.<\/p>\n\n\n\n<p>Los usuarios pueden cancelar el archivo de carga en cualquier momento que desee haciendo clic en el bot\u00f3n \u00abCANCELAR\u00bb al lado del archivo de carga. Tambi\u00e9n pueden cancelar todo o borrar toda la lista de carga, simplemente haga clic en el bot\u00f3n \u00abCANCELAR TODO \/ BORRAR TODO\u00bb.<\/p>\n\n\n\n<p>El archivo cargado se agregar\u00e1 y se mostrar\u00e1 en la p\u00e1gina Administrador de archivos del Panel de usuario.<\/p>\n\n\n\n<ul><li>Ajustes de usuario<\/li><\/ul>\n\n\n\n<p>Aqu\u00ed es donde los usuarios administran sus cuentas e informaci\u00f3n.<\/p>\n\n\n\n<ul><li>Programa de afiliaci\u00f3n<\/li><\/ul>\n\n\n\n<p>Para que un usuario se una al programa de afiliaci\u00f3n, debe aceptar y aceptar las reglas y condiciones del Programa de afiliaci\u00f3n de Openload, porque hay tipos de archivos que no se pueden cargar en el sitio de Openload.<\/p>\n\n\n\n<ul><li>Estad\u00edsticas<\/li><\/ul>\n\n\n\n<p>Esto muestra la recompensa o los ingresos de un usuario en d\u00f3lares, el tr\u00e1fico y los pa\u00edses donde hay <a rel=\"noreferrer noopener\" aria-label=\"tr\u00e1fico (\u00f6ffnet in neuem Tab)\" href=\"https:\/\/www.computerhope.com\/jargon\/t\/traffic.htm\" target=\"_blank\">tr\u00e1fico<\/a>. Estos se muestran por d\u00eda, por mes y por a\u00f1o.<\/p>\n\n\n\n<ul><li>Configuraciones de conversi\u00f3n<\/li><\/ul>\n\n\n\n<p>Aqu\u00ed es donde se establece la conversi\u00f3n de un video. Openload tiene una funci\u00f3n de conversi\u00f3n autom\u00e1tica para convertir autom\u00e1ticamente la calidad de un video cuando un usuario lo transmite a qu\u00e9 resoluci\u00f3n ya ha establecido y guardado en la configuraci\u00f3n de conversi\u00f3n.<\/p>\n\n\n\n<figure class=\"wp-block-table\"><table class=\"\"><tbody><tr><td>Resoluciones compatibles con Openload<\/td><\/tr><tr><td>HD, HD 720p, SD 480p, and SD 360p<\/td><\/tr><\/tbody><\/table><\/figure>\n\n\n\n<h2>Openload: programa de pago por descarga (PPD)<\/h2>\n\n\n\n<p>Openload, especialmente con la cuenta Openload Premium, tiene un programa llamado Pay Per Download o PPD Program que se crean para que los usuarios generen ingresos. Un usuario espec\u00edfico puede usar Openload para ganar simplemente descargando o transmitiendo en el sitio de Openload. Openload paga a los usuarios que crean contenido en su sitio con una cantidad fija por cada 10.000 descargas o transmisiones, pero depende de qu\u00e9 pa\u00eds se realicen las descargas o transmisiones (consulte la figura del Programa Openload Tier for Pay Per Download (PPD) a continuaci\u00f3n).<\/p>\n\n\n\n<p>Pagos: por tan solo veinte d\u00f3lares ($ 20), un usuario puede solicitar un pago y los pagos se procesar\u00e1n dentro del d\u00eda.<\/p>\n\n\n\n<h3><strong>\u00bfC\u00f3mo se cuentan las descargas o transmisiones en Openload?<\/strong><\/h3>\n\n\n\n<p>En Openload, las descargas o transmisiones de cada direcci\u00f3n <a rel=\"noreferrer noopener\" aria-label=\"Protocolo de Internet (IP) (\u00f6ffnet in neuem Tab)\" href=\"https:\/\/www.wpbeginner.com\/glossary\/ip-address\/\" target=\"_blank\">Protocolo de Internet (IP)<\/a> se cuentan solo hasta tres veces (3 veces) en todo el d\u00eda, pero esto para la forma autom\u00e1tica de descargas, Openload no dar\u00e1 recompensa por estas.<\/p>\n\n\n\n<p>Nota: Si un usuario no cumple con todas las reglas y condiciones del Programa de Afiliaci\u00f3n Openload o Openload Premium y el Programa de Pago por Descarga o PPD, su cuenta se suspender\u00e1 temporalmente o, lo que es peor, la cuenta se cancelar\u00e1 de forma permanente.<\/p>\n\n\n\n<h3><strong>Niveles de Openload para el programa de pago por descarga (PPD)<\/strong><\/h3>\n\n\n\n<p>Esta figura a continuaci\u00f3n mostrar\u00e1 c\u00f3mo Openload clasifica los diferentes pa\u00edses desde el nivel m\u00e1s bajo hasta el nivel m\u00e1s alto donde pagan las descargas o transmisiones en el sitio.<\/p>\n\n\n\n<p class=\"has-text-align-center\"><img loading=\"lazy\" width=\"387\" height=\"479\" class=\"wp-image-2440\" style=\"width: 400px;\" src=\"https:\/\/multihoster.org\/wp-content\/uploads\/2020\/03\/Tier-1.png\" alt=\"\" srcset=\"https:\/\/multihoster.org\/wp-content\/uploads\/2020\/03\/Tier-1.png 387w, https:\/\/multihoster.org\/wp-content\/uploads\/2020\/03\/Tier-1-242x300.png 242w\" sizes=\"(max-width: 387px) 100vw, 387px\" \/><\/p>\n\n\n\n<figure class=\"wp-block-table\"><table class=\"\"><tbody><tr><td>Niveles de nivel<\/td><td>Recompensa<\/td><\/tr><tr><td>Nivel m\u00e1s alto<\/td><td>Treinta y cinco d\u00f3lares ($ 35)<\/td><\/tr><tr><td>Nivel alto<\/td><td>Veinticinco d\u00f3lares ($ 25)<\/td><\/tr><tr><td>Nivel moderado<\/td><td>Quince d\u00f3lares ($ 15)<\/td><\/tr><tr><td>Bajo nivel<\/td><td>Siete d\u00f3lares y cincuenta centavos ($ 7.50)<\/td><\/tr><tr><td>Nivel m\u00e1s bajo<\/td><td>Cinco d\u00f3lares ($ 5)<\/td><\/tr><\/tbody><\/table><\/figure>\n\n\n<a class=\"maxbutton-2 maxbutton maxbutton-cta\" target=\"_blank\" rel=\"nofollow noopener\" href=\"\/go\/\"><span class='mb-text'>&gt;&gt; Ir al sitio web original de Linkifier<\/span><\/a>\n\n\n<p><\/p>\n","protected":false},"excerpt":{"rendered":"<p>Es triste decir que ahora cuando alguien intenta acceder o visitar el sitio Openload.co, este mensaje de error se mostrar\u00e1<\/p>\n","protected":false},"author":2,"featured_media":0,"parent":0,"menu_order":0,"comment_status":"closed","ping_status":"closed","template":"","meta":[],"yoast_head":"<!-- This site is optimized with the Yoast SEO plugin v18.3 - https:\/\/yoast.com\/wordpress\/plugins\/seo\/ -->\n<title>Openload Premium Account \u2013 El Filehoster de un vistazo<\/title>\n<meta name=\"description\" content=\"\u00bfEs Openload un proveedor acreditado o no, puede encontrar la respuesta en la prueba actual en Multihoster.org \u279c Haga clic ahora \u271a para leer nuestras experiencias!\" \/>\n<meta name=\"robots\" content=\"index, follow, max-snippet:-1, max-image-preview:large, max-video-preview:-1\" \/>\n<link rel=\"canonical\" href=\"https:\/\/multihoster.org\/es\/openload\/\" \/>\n<meta property=\"og:locale\" content=\"es_ES\" \/>\n<meta property=\"og:type\" content=\"article\" \/>\n<meta property=\"og:title\" content=\"Openload Premium Account \u2013 El Filehoster de un vistazo\" \/>\n<meta property=\"og:description\" content=\"\u00bfEs Openload un proveedor acreditado o no, puede encontrar la respuesta en la prueba actual en Multihoster.org \u279c Haga clic ahora \u271a para leer nuestras experiencias!\" \/>\n<meta property=\"og:url\" content=\"https:\/\/multihoster.org\/es\/openload\/\" \/>\n<meta property=\"og:site_name\" content=\"Multihoster.org\" \/>\n<meta property=\"article:modified_time\" content=\"2020-03-23T15:08:30+00:00\" \/>\n<meta property=\"og:image\" content=\"https:\/\/lh5.googleusercontent.com\/zV-SviouA7daBi8XugOcCpDkWQex4kXx8M9Vf7o2khVu4x6L7g7Xzcm_Z_MCXx37l-jre3m8D_bsoBYz19rCNEpdq4_lj5tULatS1vbk1d0_-LC6OlHPlvNtysq_a8-q3U1RKqs\" \/>\n<meta name=\"twitter:card\" content=\"summary\" \/>\n<meta name=\"twitter:label1\" content=\"Tiempo de lectura\" \/>\n\t<meta name=\"twitter:data1\" content=\"9 minutos\" \/>\n<script type=\"application\/ld+json\" class=\"yoast-schema-graph\">{\"@context\":\"https:\/\/schema.org\",\"@graph\":[{\"@type\":\"WebSite\",\"@id\":\"https:\/\/multihoster.org\/#website\",\"url\":\"https:\/\/multihoster.org\/\",\"name\":\"Multihoster.org\",\"description\":\"Reviews of the major Filehosting services\",\"potentialAction\":[{\"@type\":\"SearchAction\",\"target\":{\"@type\":\"EntryPoint\",\"urlTemplate\":\"https:\/\/multihoster.org\/?s={search_term_string}\"},\"query-input\":\"required name=search_term_string\"}],\"inLanguage\":\"es\"},{\"@type\":\"ImageObject\",\"@id\":\"https:\/\/multihoster.org\/es\/openload\/#primaryimage\",\"inLanguage\":\"es\",\"url\":\"https:\/\/lh5.googleusercontent.com\/zV-SviouA7daBi8XugOcCpDkWQex4kXx8M9Vf7o2khVu4x6L7g7Xzcm_Z_MCXx37l-jre3m8D_bsoBYz19rCNEpdq4_lj5tULatS1vbk1d0_-LC6OlHPlvNtysq_a8-q3U1RKqs\",\"contentUrl\":\"https:\/\/lh5.googleusercontent.com\/zV-SviouA7daBi8XugOcCpDkWQex4kXx8M9Vf7o2khVu4x6L7g7Xzcm_Z_MCXx37l-jre3m8D_bsoBYz19rCNEpdq4_lj5tULatS1vbk1d0_-LC6OlHPlvNtysq_a8-q3U1RKqs\"},{\"@type\":\"WebPage\",\"@id\":\"https:\/\/multihoster.org\/es\/openload\/#webpage\",\"url\":\"https:\/\/multihoster.org\/es\/openload\/\",\"name\":\"Openload Premium Account \u2013 El Filehoster de un vistazo\",\"isPartOf\":{\"@id\":\"https:\/\/multihoster.org\/#website\"},\"primaryImageOfPage\":{\"@id\":\"https:\/\/multihoster.org\/es\/openload\/#primaryimage\"},\"datePublished\":\"2020-03-20T11:55:57+00:00\",\"dateModified\":\"2020-03-23T15:08:30+00:00\",\"description\":\"\u00bfEs Openload un proveedor acreditado o no, puede encontrar la respuesta en la prueba actual en Multihoster.org \u279c Haga clic ahora \u271a para leer nuestras experiencias!\",\"breadcrumb\":{\"@id\":\"https:\/\/multihoster.org\/es\/openload\/#breadcrumb\"},\"inLanguage\":\"es\",\"potentialAction\":[{\"@type\":\"ReadAction\",\"target\":[\"https:\/\/multihoster.org\/es\/openload\/\"]}]},{\"@type\":\"BreadcrumbList\",\"@id\":\"https:\/\/multihoster.org\/es\/openload\/#breadcrumb\",\"itemListElement\":[{\"@type\":\"ListItem\",\"position\":1,\"name\":\"Startseite\",\"item\":\"https:\/\/multihoster.org\/es\/\"},{\"@type\":\"ListItem\",\"position\":2,\"name\":\"Openload Cuenta Premium: El Filehoster de un vistazo\"}]}]}<\/script>\n<!-- \/ Yoast SEO plugin. -->","yoast_head_json":{"title":"Openload Premium Account \u2013 El Filehoster de un vistazo","description":"\u00bfEs Openload un proveedor acreditado o no, puede encontrar la respuesta en la prueba actual en Multihoster.org \u279c Haga clic ahora \u271a para leer nuestras experiencias!","robots":{"index":"index","follow":"follow","max-snippet":"max-snippet:-1","max-image-preview":"max-image-preview:large","max-video-preview":"max-video-preview:-1"},"canonical":"https:\/\/multihoster.org\/es\/openload\/","og_locale":"es_ES","og_type":"article","og_title":"Openload Premium Account \u2013 El Filehoster de un vistazo","og_description":"\u00bfEs Openload un proveedor acreditado o no, puede encontrar la respuesta en la prueba actual en Multihoster.org \u279c Haga clic ahora \u271a para leer nuestras experiencias!","og_url":"https:\/\/multihoster.org\/es\/openload\/","og_site_name":"Multihoster.org","article_modified_time":"2020-03-23T15:08:30+00:00","og_image":[{"url":"https:\/\/lh5.googleusercontent.com\/zV-SviouA7daBi8XugOcCpDkWQex4kXx8M9Vf7o2khVu4x6L7g7Xzcm_Z_MCXx37l-jre3m8D_bsoBYz19rCNEpdq4_lj5tULatS1vbk1d0_-LC6OlHPlvNtysq_a8-q3U1RKqs"}],"twitter_card":"summary","twitter_misc":{"Tiempo de lectura":"9 minutos"},"schema":{"@context":"https:\/\/schema.org","@graph":[{"@type":"WebSite","@id":"https:\/\/multihoster.org\/#website","url":"https:\/\/multihoster.org\/","name":"Multihoster.org","description":"Reviews of the major Filehosting services","potentialAction":[{"@type":"SearchAction","target":{"@type":"EntryPoint","urlTemplate":"https:\/\/multihoster.org\/?s={search_term_string}"},"query-input":"required name=search_term_string"}],"inLanguage":"es"},{"@type":"ImageObject","@id":"https:\/\/multihoster.org\/es\/openload\/#primaryimage","inLanguage":"es","url":"https:\/\/lh5.googleusercontent.com\/zV-SviouA7daBi8XugOcCpDkWQex4kXx8M9Vf7o2khVu4x6L7g7Xzcm_Z_MCXx37l-jre3m8D_bsoBYz19rCNEpdq4_lj5tULatS1vbk1d0_-LC6OlHPlvNtysq_a8-q3U1RKqs","contentUrl":"https:\/\/lh5.googleusercontent.com\/zV-SviouA7daBi8XugOcCpDkWQex4kXx8M9Vf7o2khVu4x6L7g7Xzcm_Z_MCXx37l-jre3m8D_bsoBYz19rCNEpdq4_lj5tULatS1vbk1d0_-LC6OlHPlvNtysq_a8-q3U1RKqs"},{"@type":"WebPage","@id":"https:\/\/multihoster.org\/es\/openload\/#webpage","url":"https:\/\/multihoster.org\/es\/openload\/","name":"Openload Premium Account \u2013 El Filehoster de un vistazo","isPartOf":{"@id":"https:\/\/multihoster.org\/#website"},"primaryImageOfPage":{"@id":"https:\/\/multihoster.org\/es\/openload\/#primaryimage"},"datePublished":"2020-03-20T11:55:57+00:00","dateModified":"2020-03-23T15:08:30+00:00","description":"\u00bfEs Openload un proveedor acreditado o no, puede encontrar la respuesta en la prueba actual en Multihoster.org \u279c Haga clic ahora \u271a para leer nuestras experiencias!","breadcrumb":{"@id":"https:\/\/multihoster.org\/es\/openload\/#breadcrumb"},"inLanguage":"es","potentialAction":[{"@type":"ReadAction","target":["https:\/\/multihoster.org\/es\/openload\/"]}]},{"@type":"BreadcrumbList","@id":"https:\/\/multihoster.org\/es\/openload\/#breadcrumb","itemListElement":[{"@type":"ListItem","position":1,"name":"Startseite","item":"https:\/\/multihoster.org\/es\/"},{"@type":"ListItem","position":2,"name":"Openload Cuenta Premium: El Filehoster de un vistazo"}]}]}},"_links":{"self":[{"href":"https:\/\/multihoster.org\/es\/wp-json\/wp\/v2\/pages\/2457"}],"collection":[{"href":"https:\/\/multihoster.org\/es\/wp-json\/wp\/v2\/pages"}],"about":[{"href":"https:\/\/multihoster.org\/es\/wp-json\/wp\/v2\/types\/page"}],"author":[{"embeddable":true,"href":"https:\/\/multihoster.org\/es\/wp-json\/wp\/v2\/users\/2"}],"replies":[{"embeddable":true,"href":"https:\/\/multihoster.org\/es\/wp-json\/wp\/v2\/comments?post=2457"}],"version-history":[{"count":3,"href":"https:\/\/multihoster.org\/es\/wp-json\/wp\/v2\/pages\/2457\/revisions"}],"predecessor-version":[{"id":2728,"href":"https:\/\/multihoster.org\/es\/wp-json\/wp\/v2\/pages\/2457\/revisions\/2728"}],"wp:attachment":[{"href":"https:\/\/multihoster.org\/es\/wp-json\/wp\/v2\/media?parent=2457"}],"curies":[{"name":"wp","href":"https:\/\/api.w.org\/{rel}","templated":true}]}}