{"id":2511,"date":"2020-03-20T11:53:30","date_gmt":"2020-03-20T11:53:30","guid":{"rendered":"https:\/\/multihoster.org\/?page_id=2511"},"modified":"2020-03-25T14:49:34","modified_gmt":"2020-03-25T14:49:34","slug":"mediafire","status":"publish","type":"page","link":"https:\/\/multihoster.org\/es\/mediafire\/","title":{"rendered":"Mediafire Premium Cuenta: El Filehoster De Un Vistazo"},"content":{"rendered":"\n<figure class=\"wp-block-image\"><img src=\"https:\/\/lh5.googleusercontent.com\/zNXndndjxVA0YDOnOq4pjuulNSt_TmkOKKarck7VbnRykHu0xfRGfdekc3c9o24_zkfmAZBYEVa3GLesmBe4x1CXsS9XVfk8NsAWlUs3yzt-eHG5YUGNEC_GwN4_j21iCZb_t54\" alt=\"MediaFire logo\"\/><\/figure>\n\n\n\n<p>MediaFire es una plataforma perfecta para todos los que necesitan compartir y mantener un archivo. Los archivos que se agregan en MediaFire se almacenan en l\u00ednea en el <a rel=\"noreferrer noopener\" aria-label=\"Nube  (opens in a new tab)\" href=\"https:\/\/www.techopedia.com\/definition\/26535\/cloud-storage\" target=\"_blank\">Nube <\/a>donde los diferentes usuarios pueden acceder y compartir estos f\u00e1cilmente en cualquier lugar.<\/p>\n\n\n\n<p>Cualquier tipo de archivos como im\u00e1genes, videos, m\u00fasica y documentos pueden ser subidos a MediaFire. Se puede acceder a estos archivos y al propio MediaFire a trav\u00e9s de un tel\u00e9fono m\u00f3vil, una tableta, un ordenador de sobremesa o un ordenador port\u00e1til con la ayuda de Internet.<\/p>\n\n\n\n<p>MediaFire es uno de los mejores lugares para hacer una copia de seguridad de todos los archivos importantes del usuario, ya sea para uso personal o profesional. Ofrece a los usuarios hasta cincuenta gigabytes (50 GB) de capacidad de almacenamiento gratuita y se hace a\u00fan m\u00e1s grande cuando un usuario adquiere la versi\u00f3n MediaFire Pro con su cuenta y servicios MediaFire Premium.<\/p>\n\n\n\n<p>Es innegable que, debido a la necesidad de almacenamiento y seguridad de los archivos, cada vez m\u00e1s gente utiliza el MediaFire de forma gratuita y adquiere sus diferentes versiones, como la versi\u00f3n MediaFire Pro, para disfrutar de las caracter\u00edsticas y servicios de la Cuenta MediaFire Premium cada mes. Se estima que hay m\u00e1s de ciento cincuenta (150) millones de personas en el mundo que utilizan MediaFire.<\/p>\n\n\n\n<p>MediaFire puede hacer que el <a rel=\"noreferrer noopener\" aria-label=\"flujo de trabajo (opens in a new tab)\" href=\"https:\/\/dictionary.cambridge.org\/us\/dictionary\/english\/workflow\" target=\"_blank\">flujo de trabajo<\/a> diario de los usuarios sea m\u00e1s simple porque tiene caracter\u00edsticas muy \u00fatiles para manejar sus archivos. Vea sus caracter\u00edsticas a continuaci\u00f3n.<\/p>\n\n\n<a class=\"maxbutton-2 maxbutton maxbutton-cta\" target=\"_blank\" rel=\"nofollow noopener\" href=\"\/go\/\"><span class='mb-text'>&gt;&gt; Ir a la p\u00e1gina web original de Linkifier<\/span><\/a>\n\n\n<p><\/p>\n\n\n\n<h2><strong>Cuenta MediaFire Free y MediaFire Premium<\/strong><\/h2>\n\n\n\n<figure class=\"wp-block-table\"><table class=\"\"><tbody><tr><td class=\"has-text-align-center\" data-align=\"center\"><strong> MediaFire Premium Cuenta<\/strong><\/td><\/tr><\/tbody><\/table><\/figure>\n\n\n\n<figure class=\"wp-block-table\"><table class=\"\"><tbody><tr><td> <strong>CARACTER\u00cdSTICAS <\/strong><\/td><td class=\"has-text-align-center\" data-align=\"center\"><strong>B\u00e1sico <\/strong><\/td><td class=\"has-text-align-center\" data-align=\"center\"><strong>Pro <\/strong><\/td><td class=\"has-text-align-center\" data-align=\"center\"><strong>Negocios <\/strong><\/td><\/tr><tr><td>Soporta un gran n\u00famero de descargas  <\/td><td class=\"has-text-align-center\" data-align=\"center\"> No  <\/td><td class=\"has-text-align-center\" data-align=\"center\">S\u00ed<\/td><td class=\"has-text-align-center\" data-align=\"center\"> S\u00ed<\/td><\/tr><tr><td>Descargue la carpeta completa y sus subcarpetas  <\/td><td class=\"has-text-align-center\" data-align=\"center\"> No  <\/td><td class=\"has-text-align-center\" data-align=\"center\">S\u00ed<\/td><td class=\"has-text-align-center\" data-align=\"center\"> S\u00ed<\/td><\/tr><tr><td>No tiene anuncios al compartir y descargar  <\/td><td class=\"has-text-align-center\" data-align=\"center\"> No  <\/td><td class=\"has-text-align-center\" data-align=\"center\">S\u00ed<\/td><td class=\"has-text-align-center\" data-align=\"center\"> S\u00ed<\/td><\/tr><tr><td>Capacidad de almacenamiento en terabytes (TB) <\/td><td class=\"has-text-align-center\" data-align=\"center\">0.01<\/td><td class=\"has-text-align-center\" data-align=\"center\">1<\/td><td class=\"has-text-align-center\" data-align=\"center\">100<\/td><\/tr><tr><td>Soporta veinte gigabytes (20 GB) por archivo <\/td><td class=\"has-text-align-center\" data-align=\"center\"> No  <\/td><td class=\"has-text-align-center\" data-align=\"center\">S\u00ed<\/td><td class=\"has-text-align-center\" data-align=\"center\"> S\u00ed<\/td><\/tr><tr><td>Almacenamiento a largo plazo  <\/td><td class=\"has-text-align-center\" data-align=\"center\"> No  <\/td><td class=\"has-text-align-center\" data-align=\"center\">S\u00ed<\/td><td class=\"has-text-align-center\" data-align=\"center\">S\u00ed<\/td><\/tr><tr><td>Sin los c\u00f3digos captcha <\/td><td class=\"has-text-align-center\" data-align=\"center\"> No  <\/td><td class=\"has-text-align-center\" data-align=\"center\">S\u00ed<\/td><td class=\"has-text-align-center\" data-align=\"center\"> S\u00ed<\/td><\/tr><tr><td>Enlaces de archivos (directos)    <\/td><td class=\"has-text-align-center\" data-align=\"center\"> No  <\/td><td class=\"has-text-align-center\" data-align=\"center\">S\u00ed<\/td><td class=\"has-text-align-center\" data-align=\"center\"> S\u00ed<\/td><\/tr><tr><td>Cargador para FileDrop <\/td><td class=\"has-text-align-center\" data-align=\"center\"> No  <\/td><td class=\"has-text-align-center\" data-align=\"center\">S\u00ed<\/td><td class=\"has-text-align-center\" data-align=\"center\"> S\u00ed<\/td><\/tr><tr><td> FileDrop <\/td><td class=\"has-text-align-center\" data-align=\"center\"> No  <\/td><td class=\"has-text-align-center\" data-align=\"center\">S\u00ed<\/td><td class=\"has-text-align-center\" data-align=\"center\"> S\u00ed<\/td><\/tr><tr><td>Puede subir desde cualquier sitio <\/td><td class=\"has-text-align-center\" data-align=\"center\"> No  <\/td><td class=\"has-text-align-center\" data-align=\"center\">S\u00ed<\/td><td class=\"has-text-align-center\" data-align=\"center\"> S\u00ed<\/td><\/tr><tr><td>La prioridad del apoyo <\/td><td class=\"has-text-align-center\" data-align=\"center\"> No  <\/td><td class=\"has-text-align-center\" data-align=\"center\">S\u00ed<\/td><td class=\"has-text-align-center\" data-align=\"center\"> S\u00ed<\/td><\/tr><tr><td>Uso de la contrase\u00f1a para proteger los archivos <\/td><td class=\"has-text-align-center\" data-align=\"center\"> No  <\/td><td class=\"has-text-align-center\" data-align=\"center\">S\u00ed<\/td><td class=\"has-text-align-center\" data-align=\"center\">S\u00ed<\/td><\/tr><tr><td>Herramienta de enlace de una sola vez <\/td><td class=\"has-text-align-center\" data-align=\"center\"> No  <\/td><td class=\"has-text-align-center\" data-align=\"center\">S\u00ed<\/td><td class=\"has-text-align-center\" data-align=\"center\"> S\u00ed<\/td><\/tr><tr><td>Personalizaci\u00f3n completa de la marca  <\/td><td class=\"has-text-align-center\" data-align=\"center\"> No  <\/td><td class=\"has-text-align-center\" data-align=\"center\"> No  <\/td><td class=\"has-text-align-center\" data-align=\"center\"> S\u00ed<\/td><\/tr><tr><td>Los registros de seguridad son detallados  <\/td><td class=\"has-text-align-center\" data-align=\"center\"> No  <\/td><td class=\"has-text-align-center\" data-align=\"center\"> No  <\/td><td class=\"has-text-align-center\" data-align=\"center\"> S\u00ed<\/td><\/tr><tr><td>Se pueden a\u00f1adir m\u00e1s de 100 usuarios  <\/td><td class=\"has-text-align-center\" data-align=\"center\"> No  <\/td><td class=\"has-text-align-center\" data-align=\"center\"> No  <\/td><td class=\"has-text-align-center\" data-align=\"center\"> S\u00ed<\/td><\/tr><\/tbody><\/table><\/figure>\n\n\n\n<h3>Actualice su cuenta de MediaFire<\/h3>\n\n\n\n<p>Mediafire da acceso a un usuario a sus nuevas y otras caracter\u00edsticas y a sus capacidades de cargar, descargar y compartir cuando un usuario actualiza su cuenta de MediaFire y los usuarios pueden actualizar su cuenta de MediaFire en cualquier momento que deseen. Adem\u00e1s, al actualizar la cuenta de MediaFire se desbloquear\u00e1 una mayor capacidad de almacenamiento, m\u00e1s opciones para compartir y un mayor ancho de banda.  <\/p>\n\n\n\n<p>Si un usuario a\u00fan no est\u00e1 registrado en MediaFire, puede consultar primero la p\u00e1gina de actualizaci\u00f3n de MediaFire para elegir el plan de MediaFire que desea obtener. La creaci\u00f3n de una cuenta de MediaFire se har\u00e1 durante el proceso de actualizaci\u00f3n de MediaFire. Antes de eso, un usuario tambi\u00e9n puede elegir primero crear su cuenta de MediaFire antes de actualizar.<\/p>\n\n\n\n<p>MediaFire Premium tiene tres (3) planes (Plan B\u00e1sico MediaFire, Plan MediaFire Pro y Plan de Negocios MediaFire) que tienen diferentes caracter\u00edsticas y capacidades. Entonces, \u00bfest\u00e1s pensando ahora en qu\u00e9 plan elegir\u00e1s?<\/p>\n\n\n\n<figure class=\"wp-block-table\"><table class=\"\"><tbody><tr><td class=\"has-text-align-center\" data-align=\"center\"><strong> MediaFire Premium Cuenta<\/strong><\/td><\/tr><\/tbody><\/table><\/figure>\n\n\n\n<figure class=\"wp-block-table\"><table class=\"\"><tbody><tr><td><strong>Plan b\u00e1sico de MediaFire Free <\/strong><\/td><td><strong> Pro Plan <\/strong><\/td><td><strong>Plan de negocios <\/strong><\/td><\/tr><tr><td>Contiene anuncios<\/td><td>No hay anuncios<\/td><td>No hay anuncios<\/td><\/tr><tr><td>La capacidad de almacenamiento est\u00e1 limitada a 10 GB o 0,01 TB <\/td><td>La capacidad de almacenamiento es de 1 TB (1000 GB) <\/td><td>La capacidad de almacenamiento es de 1 TB hasta 100 TB <\/td><\/tr><tr><td>El precio es gratis <\/td><td>Precio (con un 50% de descuento):<br> Precio original: $7.50 por mes<\/td><td>Precio (con un 50% de descuento):<br> Precio original (mensual):<br> 80 d\u00f3lares al mes<br> Mensual: 50 d\u00f3lares por mes<\/td><\/tr><tr><td>El n\u00famero de acceso a la herramienta de enlace de descarga de una sola vez es de 10 por d\u00eda. <\/td><td> Anualmente: 3,75 d\u00f3lares al mes<br> Mensual: 5 d\u00f3lares al mes<\/td><td>Precio original (trimestral): $100 por mes<br> Trimestral: 40 d\u00f3lares al mes<\/td><\/tr><tr><td>\ufeff<\/td><td> Se factura anualmente<br> o 5 d\u00f3lares mes a mes <\/td><td>Se factura trimestralmente<br> o 50 d\u00f3lares mes a mes <\/td><\/tr><tr><td>\ufeff<\/td><td>El n\u00famero de acceso a la herramienta de enlace de descarga de una sola vez es de 100 por d\u00eda.  <\/td><td> El n\u00famero de acceso a la herramienta de enlace de descarga de una sola vez es de 5000 por d\u00eda. <\/td><\/tr><tr><td>\ufeff<\/td><td> 1 usuario <\/td><td> M\u00e1s de 100 usuarios <\/td><\/tr><\/tbody><\/table><\/figure>\n\n\n\n<p>*1 TB = 1024 GB<\/p>\n\n\n\n<p>Observe que todos los tipos de cuenta de MediaFire utilizan la misma interfaz gr\u00e1fica de usuario (GUI) que tiene la cuenta gratuita de MediaFire, pero s\u00f3lo las cuentas premium tienen anuncios, por lo que algunos usuarios utilizan el tipo de cuenta premium de MediaFire porque encuentran que los anuncios distraen a la cuenta b\u00e1sica gratuita de MediaFire. <\/p>\n\n\n\n<p>Las cuentas MediaFire Premium -la cuenta Profesional y la cuenta Empresa- proporcionan a los usuarios las herramientas que necesitar\u00e1n para guardar sus archivos de forma segura, para controlar el acceso de otros usuarios a los archivos y para colaborar de forma m\u00e1s eficaz con las dem\u00e1s personas, especialmente en lo que respecta a los negocios. <\/p>\n\n\n\n<p>Lo bueno de todo esto es que las cuentas de MediaFire nunca expiran.<\/p>\n\n\n\n<h3>Impuesto sobre la cuenta Premium de Mediafire<\/h3>\n\n\n\n<p>No hay cargos <a rel=\"noreferrer noopener\" aria-label=\"impuesto  (opens in a new tab)\" href=\"https:\/\/www.investopedia.com\/terms\/t\/taxes.asp\" target=\"_blank\">impuesto <\/a>para los usuarios suscritos a la Cuenta Premium de Mediafire, pero si un usuario es uno de los residentes de Texas, ese usuario debe pagar el 8,25% del cargo por impuestos por cada transacci\u00f3n.<\/p>\n\n\n\n<h3>El pago de MediaFire<\/h3>\n\n\n\n<p>MediaFire s\u00f3lo admite la forma de pago directo con tarjeta de cr\u00e9dito o d\u00e9bito. La tarjeta puede ser VISA, MasterCard, Discover y American Express.<\/p>\n\n\n\n<h2><strong>Cargas<\/strong><\/h2>\n\n\n\n<p>\u00a1Subir archivos es muy f\u00e1cil ahora!<\/p>\n\n\n\n<p>MediaFire est\u00e1 aqu\u00ed para ayudarte a guardar y organizar tus archivos para hacerte la vida m\u00e1s f\u00e1cil, MediaFire tiene una funci\u00f3n de \u00abarrastrar y soltar\u00bb que har\u00e1 que la carga sea m\u00e1s r\u00e1pida. Tambi\u00e9n soporta la subida de m\u00faltiples archivos diferentes con diferentes tipos de archivos.<\/p>\n\n\n\n<p>Los usuarios pueden simplemente arrastrar su carpeta o archivo desde su dispositivo y soltarlo en su p\u00e1gina de Mis Archivos de MediaFire.  Despu\u00e9s de eso, MediaFire cargar\u00e1 autom\u00e1ticamente todo el contenido de la carpeta o el archivo por ti. <\/p>\n\n\n\n<p>Para subir carpetas o archivos mediante dispositivos m\u00f3viles se puede utilizar la opci\u00f3n \u00abCompartir con\u00bb y seleccionar \u00abMediaFire\u00bb para subirlos directamente a la cuenta de MediaFire del usuario.<\/p>\n\n\n\n<p>\u00a1Ve al sitio o aplicaci\u00f3n de MediaFire ahora e intenta subir tus archivos!<\/p>\n\n\n\n<h2><strong>Descargas<\/strong><\/h2>\n\n\n\n<p>Los usuarios pueden ahora descargar f\u00e1cilmente el archivo desde el sitio de MediaFire, el correo electr\u00f3nico y los medios de comunicaci\u00f3n social, o en cualquier lugar utilizando el enlace proporcionado de MediaFire para los archivos. La gente s\u00f3lo tendr\u00e1 que hacer clic en el enlace y se les dirigir\u00e1 al archivo para su descarga.<\/p>\n\n\n<a class=\"maxbutton-2 maxbutton maxbutton-cta\" target=\"_blank\" rel=\"nofollow noopener\" href=\"\/go\/\"><span class='mb-text'>&gt;&gt; Ir a la p\u00e1gina web original de Linkifier<\/span><\/a>\n\n\n<p><\/p>\n\n\n\n<h2><strong>Compartir: Enlace de una sola vez<\/strong><\/h2>\n\n\n\n<p>El One-Time Link es un enlace a la carpeta o al archivo necesario para controlar el acceso al compartirlo y descargarlo.<\/p>\n\n\n\n<p>Otras personas no pueden compartir el v\u00ednculo con nadie m\u00e1s. El enlace es accesible s\u00f3lo para el propietario y para el usuario compartido del mismo. Normalmente se utiliza para archivos privados, personales o de trabajo. <\/p>\n\n\n\n<p>No hay que preocuparse si un usuario utiliza todo el n\u00famero disponible de enlaces de una sola vez porque el n\u00famero de enlaces se refrescar\u00e1 una vez al d\u00eda.<\/p>\n\n\n\n<h2><strong>Dispositivos compatibles con MediaFire<\/strong><\/h2>\n\n\n\n<p>MediaFire asegura a sus usuarios que sus archivos est\u00e1n siempre con ellos a trav\u00e9s de la ayuda de diferentes dispositivos. Un usuario puede acceder al sitio o aplicaci\u00f3n de MediaFire a trav\u00e9s de estos dispositivos soportados abajo donde quiera que vaya.<\/p>\n\n\n\n<ul><li>Dispositivos m\u00f3viles o tabletas<\/li><\/ul>\n\n\n\n<p>MediaFire se lanz\u00f3 en enero de 2013 para los tel\u00e9fonos Android y en julio de 2012 para los tel\u00e9fonos <a rel=\"noreferrer noopener\" aria-label=\"iOS (opens in a new tab)\" href=\"https:\/\/www.techopedia.com\/definition\/25206\/ios\" target=\"_blank\">iOS<\/a>.<\/p>\n\n\n\n<p>La aplicaci\u00f3n m\u00f3vil de MediaFire es muy \u00fatil y muy conveniente para hacer copias de seguridad o restaurar los archivos m\u00e1s r\u00e1pidamente y todos los archivos se mantendr\u00e1n a salvo en la cuenta de MediaFire del usuario si el dispositivo del usuario est\u00e1 roto o da\u00f1ado.<\/p>\n\n\n\n<figure class=\"wp-block-table\"><table class=\"\"><tbody><tr><td><strong>MediaFire para iOS<\/strong><\/td><td><strong>MediaFire para Android<\/strong><\/td><\/tr><tr><td>Sincronizaci\u00f3n autom\u00e1tica de fotos y v\u00eddeosGesti\u00f3n de carpetas y archivosCarga de fotos y v\u00eddeosVer documentos mediante la aplicaci\u00f3n MediaFireCompartir archivos mediante otras aplicacionesCompartir enlaces mediante copiar y pegarCompatible con los dispositivos m\u00f3viles de Apple a partir de la versi\u00f3n iOS 9.<\/td><td>Sincronizaci\u00f3n autom\u00e1tica de fotos y v\u00eddeosGesti\u00f3n de carpetas y archivosCarga de archivos con cualquier tipo de archivoAbrir archivos con otras aplicacionesCompartir archivos con otras aplicacionesCompartir enlaces a trav\u00e9s de copiar y pegarCompatible con dispositivos m\u00f3viles con Android a partir de la versi\u00f3n 16 (4.1) de Android.<\/td><\/tr><\/tbody><\/table><\/figure>\n\n\n\n<ul><li>MediaFire para ordenador de sobremesa o port\u00e1til (Web)<\/li><\/ul>\n\n\n\n<p>MediaFire para la web fue lanzado por primera vez en noviembre del a\u00f1o 2013.<\/p>\n\n\n\n<p>Los usuarios de computadoras de escritorio o port\u00e1tiles pueden acceder al sitio de MediaFire utilizando un navegador web compatible diferente y es compatible con el sistema operativo de Mac y el sistema operativo de Microsoft Windows. Permite al sistema hacer la sincronizaci\u00f3n de carpetas y archivos con una cuenta de usuario de MediaFire. <\/p>\n\n\n\n<p>Sistemas operativos (S.O.) compatibles con MediaFire Web:<\/p>\n\n\n\n<p>1. Para el sistema operativo Microsoft Windows<\/p>\n\n\n\n<p>&nbsp;&#8211; Windows XP, Windows Vista, Windows 7 y Windows 8, o versiones superiores de Windows con al menos 1 GB de RAM y 600 MB de espacio en disco.<\/p>\n\n\n\n<p>2. Para Mac OS<\/p>\n\n\n\n<p>&nbsp;&#8211; Mac OS X 10.7 o versiones superiores de Windows con al menos 1 GB de RAM y 600 MB de espacio en disco. <\/p>\n\n\n\n<p>Navegadores web compatibles con MediaFire Web:<\/p>\n\n\n\n<p>1. Google Chrome,<\/p>\n\n\n\n<p>2. Internet Explorer (IE), y<\/p>\n\n\n\n<p>3. Mozilla Firefox<\/p>\n\n\n\n<p>Caracter\u00edsticas de MediaFire Web:<\/p>\n\n\n\n<p>1. Sincronizaci\u00f3n de carpetas y archivos<\/p>\n\n\n\n<p>2. Compartir carpetas y archivos<\/p>\n\n\n\n<p>3. Notificaciones<\/p>\n\n\n\n<p>4. Capturar la pantalla<\/p>\n\n\n\n<h2><strong>Colaboraci\u00f3n con MediaFire<\/strong><\/h2>\n\n\n\n<p>Cuando se habla de colaboraci\u00f3n, MediaFire es capaz de compartir carpetas y archivos y est\u00e1 conectado con plataformas de medios sociales como Facebook, Google, Twitter, e incluso plataformas de correo electr\u00f3nico. Al compartir archivos con MediaFire, se permite a un usuario invitar a otras personas a compartir archivos utilizando estas plataformas. Un usuario tambi\u00e9n puede controlar el acceso de una persona o personas para ver o tambi\u00e9n para editar su carpeta o archivo. MediaFire admite m\u00e1s de doscientos (200) tipos de archivos. Los archivos pueden incluir fotos, videos, m\u00fasica, documentos y otros.<\/p>\n\n\n<a class=\"maxbutton-2 maxbutton maxbutton-cta\" target=\"_blank\" rel=\"nofollow noopener\" href=\"\/go\/\"><span class='mb-text'>&gt;&gt; Ir a la p\u00e1gina web original de Linkifier<\/span><\/a>\n\n\n<p><\/p>\n","protected":false},"excerpt":{"rendered":"<p>MediaFire es una plataforma perfecta para todos los que necesitan compartir y mantener un archivo. Los archivos que se agregan<\/p>\n","protected":false},"author":2,"featured_media":0,"parent":0,"menu_order":0,"comment_status":"closed","ping_status":"closed","template":"","meta":[],"yoast_head":"<!-- This site is optimized with the Yoast SEO plugin v18.3 - https:\/\/yoast.com\/wordpress\/plugins\/seo\/ -->\n<title>Mediafire Premium Account \u2013 El Filehoster de un vistazo<\/title>\n<meta name=\"description\" content=\"Si Mediafire es un proveedor de confianza o no, puedes encontrar la respuesta en el test actual en Multihoster.org \u279c Haz clic ahora \u271a para leer nuestras experiencias!\" \/>\n<meta name=\"robots\" content=\"index, follow, max-snippet:-1, max-image-preview:large, max-video-preview:-1\" \/>\n<link rel=\"canonical\" href=\"https:\/\/multihoster.org\/es\/mediafire\/\" \/>\n<meta property=\"og:locale\" content=\"es_ES\" \/>\n<meta property=\"og:type\" content=\"article\" \/>\n<meta property=\"og:title\" content=\"Mediafire Premium Account \u2013 El Filehoster de un vistazo\" \/>\n<meta property=\"og:description\" content=\"Si Mediafire es un proveedor de confianza o no, puedes encontrar la respuesta en el test actual en Multihoster.org \u279c Haz clic ahora \u271a para leer nuestras experiencias!\" \/>\n<meta property=\"og:url\" content=\"https:\/\/multihoster.org\/es\/mediafire\/\" \/>\n<meta property=\"og:site_name\" content=\"Multihoster.org\" \/>\n<meta property=\"article:modified_time\" content=\"2020-03-25T14:49:34+00:00\" \/>\n<meta property=\"og:image\" content=\"https:\/\/lh5.googleusercontent.com\/zNXndndjxVA0YDOnOq4pjuulNSt_TmkOKKarck7VbnRykHu0xfRGfdekc3c9o24_zkfmAZBYEVa3GLesmBe4x1CXsS9XVfk8NsAWlUs3yzt-eHG5YUGNEC_GwN4_j21iCZb_t54\" \/>\n<meta name=\"twitter:card\" content=\"summary\" \/>\n<meta name=\"twitter:label1\" content=\"Tiempo de lectura\" \/>\n\t<meta name=\"twitter:data1\" content=\"9 minutos\" \/>\n<script type=\"application\/ld+json\" class=\"yoast-schema-graph\">{\"@context\":\"https:\/\/schema.org\",\"@graph\":[{\"@type\":\"WebSite\",\"@id\":\"https:\/\/multihoster.org\/#website\",\"url\":\"https:\/\/multihoster.org\/\",\"name\":\"Multihoster.org\",\"description\":\"Reviews of the major Filehosting services\",\"potentialAction\":[{\"@type\":\"SearchAction\",\"target\":{\"@type\":\"EntryPoint\",\"urlTemplate\":\"https:\/\/multihoster.org\/?s={search_term_string}\"},\"query-input\":\"required name=search_term_string\"}],\"inLanguage\":\"es\"},{\"@type\":\"ImageObject\",\"@id\":\"https:\/\/multihoster.org\/es\/mediafire\/#primaryimage\",\"inLanguage\":\"es\",\"url\":\"https:\/\/lh5.googleusercontent.com\/zNXndndjxVA0YDOnOq4pjuulNSt_TmkOKKarck7VbnRykHu0xfRGfdekc3c9o24_zkfmAZBYEVa3GLesmBe4x1CXsS9XVfk8NsAWlUs3yzt-eHG5YUGNEC_GwN4_j21iCZb_t54\",\"contentUrl\":\"https:\/\/lh5.googleusercontent.com\/zNXndndjxVA0YDOnOq4pjuulNSt_TmkOKKarck7VbnRykHu0xfRGfdekc3c9o24_zkfmAZBYEVa3GLesmBe4x1CXsS9XVfk8NsAWlUs3yzt-eHG5YUGNEC_GwN4_j21iCZb_t54\"},{\"@type\":\"WebPage\",\"@id\":\"https:\/\/multihoster.org\/es\/mediafire\/#webpage\",\"url\":\"https:\/\/multihoster.org\/es\/mediafire\/\",\"name\":\"Mediafire Premium Account \u2013 El Filehoster de un vistazo\",\"isPartOf\":{\"@id\":\"https:\/\/multihoster.org\/#website\"},\"primaryImageOfPage\":{\"@id\":\"https:\/\/multihoster.org\/es\/mediafire\/#primaryimage\"},\"datePublished\":\"2020-03-20T11:53:30+00:00\",\"dateModified\":\"2020-03-25T14:49:34+00:00\",\"description\":\"Si Mediafire es un proveedor de confianza o no, puedes encontrar la respuesta en el test actual en Multihoster.org \u279c Haz clic ahora \u271a para leer nuestras experiencias!\",\"breadcrumb\":{\"@id\":\"https:\/\/multihoster.org\/es\/mediafire\/#breadcrumb\"},\"inLanguage\":\"es\",\"potentialAction\":[{\"@type\":\"ReadAction\",\"target\":[\"https:\/\/multihoster.org\/es\/mediafire\/\"]}]},{\"@type\":\"BreadcrumbList\",\"@id\":\"https:\/\/multihoster.org\/es\/mediafire\/#breadcrumb\",\"itemListElement\":[{\"@type\":\"ListItem\",\"position\":1,\"name\":\"Startseite\",\"item\":\"https:\/\/multihoster.org\/es\/\"},{\"@type\":\"ListItem\",\"position\":2,\"name\":\"Mediafire Premium Cuenta: El Filehoster De Un Vistazo\"}]}]}<\/script>\n<!-- \/ Yoast SEO plugin. -->","yoast_head_json":{"title":"Mediafire Premium Account \u2013 El Filehoster de un vistazo","description":"Si Mediafire es un proveedor de confianza o no, puedes encontrar la respuesta en el test actual en Multihoster.org \u279c Haz clic ahora \u271a para leer nuestras experiencias!","robots":{"index":"index","follow":"follow","max-snippet":"max-snippet:-1","max-image-preview":"max-image-preview:large","max-video-preview":"max-video-preview:-1"},"canonical":"https:\/\/multihoster.org\/es\/mediafire\/","og_locale":"es_ES","og_type":"article","og_title":"Mediafire Premium Account \u2013 El Filehoster de un vistazo","og_description":"Si Mediafire es un proveedor de confianza o no, puedes encontrar la respuesta en el test actual en Multihoster.org \u279c Haz clic ahora \u271a para leer nuestras experiencias!","og_url":"https:\/\/multihoster.org\/es\/mediafire\/","og_site_name":"Multihoster.org","article_modified_time":"2020-03-25T14:49:34+00:00","og_image":[{"url":"https:\/\/lh5.googleusercontent.com\/zNXndndjxVA0YDOnOq4pjuulNSt_TmkOKKarck7VbnRykHu0xfRGfdekc3c9o24_zkfmAZBYEVa3GLesmBe4x1CXsS9XVfk8NsAWlUs3yzt-eHG5YUGNEC_GwN4_j21iCZb_t54"}],"twitter_card":"summary","twitter_misc":{"Tiempo de lectura":"9 minutos"},"schema":{"@context":"https:\/\/schema.org","@graph":[{"@type":"WebSite","@id":"https:\/\/multihoster.org\/#website","url":"https:\/\/multihoster.org\/","name":"Multihoster.org","description":"Reviews of the major Filehosting services","potentialAction":[{"@type":"SearchAction","target":{"@type":"EntryPoint","urlTemplate":"https:\/\/multihoster.org\/?s={search_term_string}"},"query-input":"required name=search_term_string"}],"inLanguage":"es"},{"@type":"ImageObject","@id":"https:\/\/multihoster.org\/es\/mediafire\/#primaryimage","inLanguage":"es","url":"https:\/\/lh5.googleusercontent.com\/zNXndndjxVA0YDOnOq4pjuulNSt_TmkOKKarck7VbnRykHu0xfRGfdekc3c9o24_zkfmAZBYEVa3GLesmBe4x1CXsS9XVfk8NsAWlUs3yzt-eHG5YUGNEC_GwN4_j21iCZb_t54","contentUrl":"https:\/\/lh5.googleusercontent.com\/zNXndndjxVA0YDOnOq4pjuulNSt_TmkOKKarck7VbnRykHu0xfRGfdekc3c9o24_zkfmAZBYEVa3GLesmBe4x1CXsS9XVfk8NsAWlUs3yzt-eHG5YUGNEC_GwN4_j21iCZb_t54"},{"@type":"WebPage","@id":"https:\/\/multihoster.org\/es\/mediafire\/#webpage","url":"https:\/\/multihoster.org\/es\/mediafire\/","name":"Mediafire Premium Account \u2013 El Filehoster de un vistazo","isPartOf":{"@id":"https:\/\/multihoster.org\/#website"},"primaryImageOfPage":{"@id":"https:\/\/multihoster.org\/es\/mediafire\/#primaryimage"},"datePublished":"2020-03-20T11:53:30+00:00","dateModified":"2020-03-25T14:49:34+00:00","description":"Si Mediafire es un proveedor de confianza o no, puedes encontrar la respuesta en el test actual en Multihoster.org \u279c Haz clic ahora \u271a para leer nuestras experiencias!","breadcrumb":{"@id":"https:\/\/multihoster.org\/es\/mediafire\/#breadcrumb"},"inLanguage":"es","potentialAction":[{"@type":"ReadAction","target":["https:\/\/multihoster.org\/es\/mediafire\/"]}]},{"@type":"BreadcrumbList","@id":"https:\/\/multihoster.org\/es\/mediafire\/#breadcrumb","itemListElement":[{"@type":"ListItem","position":1,"name":"Startseite","item":"https:\/\/multihoster.org\/es\/"},{"@type":"ListItem","position":2,"name":"Mediafire Premium Cuenta: El Filehoster De Un Vistazo"}]}]}},"_links":{"self":[{"href":"https:\/\/multihoster.org\/es\/wp-json\/wp\/v2\/pages\/2511"}],"collection":[{"href":"https:\/\/multihoster.org\/es\/wp-json\/wp\/v2\/pages"}],"about":[{"href":"https:\/\/multihoster.org\/es\/wp-json\/wp\/v2\/types\/page"}],"author":[{"embeddable":true,"href":"https:\/\/multihoster.org\/es\/wp-json\/wp\/v2\/users\/2"}],"replies":[{"embeddable":true,"href":"https:\/\/multihoster.org\/es\/wp-json\/wp\/v2\/comments?post=2511"}],"version-history":[{"count":6,"href":"https:\/\/multihoster.org\/es\/wp-json\/wp\/v2\/pages\/2511\/revisions"}],"predecessor-version":[{"id":2885,"href":"https:\/\/multihoster.org\/es\/wp-json\/wp\/v2\/pages\/2511\/revisions\/2885"}],"wp:attachment":[{"href":"https:\/\/multihoster.org\/es\/wp-json\/wp\/v2\/media?parent=2511"}],"curies":[{"name":"wp","href":"https:\/\/api.w.org\/{rel}","templated":true}]}}