{"id":2531,"date":"2020-03-20T14:33:31","date_gmt":"2020-03-20T14:33:31","guid":{"rendered":"https:\/\/multihoster.org\/?page_id=2531"},"modified":"2020-12-14T18:48:28","modified_gmt":"2020-12-14T18:48:28","slug":"uptobox","status":"publish","type":"page","link":"https:\/\/multihoster.org\/es\/uptobox\/","title":{"rendered":"Uptobox Premium Cuenta: El Filehoster De Un Vistazo"},"content":{"rendered":"\n<figure class=\"wp-block-image\"><img src=\"https:\/\/lh4.googleusercontent.com\/xv77LN-168QhF1RoSxdXh1MjQwqUr05MsdRowLG3ns8v4mB8SIfgagayRIOS2mSr5z3ZacePc7jeItnedhkyU9zJI8E04UxYUfzxXbmj5fVfg7ssk9wtBHMEG8wU42jnzz7IFiw\" alt=\"Uptobox Homepage\"\/><\/figure>\n\n\n\n<p>\u00bfQuieres y necesitas guardar tus archivos y documentos en l\u00ednea? No se trata de almacenar los datos de sus sitios en l\u00ednea, sino de archivos privados e individuales, im\u00e1genes, documentos, etc.<\/p>\n\n\n\n<p>Si usted es alguien que depende masivamente de grandes cantidades de almacenamiento para los archivos esenciales, sopesar este factor a lo largo de la elecci\u00f3n de un plan de alojamiento es inteligente. Varios modelos de empresas dependen totalmente de los cientos de GB de contenido excelente, que a menudo incluyen espacios de almacenamiento pesados.<\/p>\n\n\n\n<p><strong>S\u00e9 una persona que siempre est\u00e1 preparada.<\/strong><\/p>\n\n\n\n<p>Hay un servicio como el de alojamiento de archivos que te da la libertad de subir archivos a un servidor y acceder a ellos en cualquier lugar desde cualquier gadget. Existen servicios similares, y estos son Dropbox o Google Drive, sin embargo, para un mayor control, puede que necesites y requieras otros proveedores de File Hosting. <\/p>\n\n\n\n<p>Los programas de almacenamiento de archivos difieren seg\u00fan los l\u00edmites de tama\u00f1o de los archivos, el espacio, el precio y los medios para distribuir sus datos en l\u00ednea con otras personas, por ejemplo, su trabajador a distancia.<\/p>\n\n\n\n<p>Y ya que quer\u00edamos que estuvieras preparado, vamos a ofrecerte una de las mejores cuentas premium en el alojamiento de archivos. En esta discusi\u00f3n, explicaremos las maravillas de los servicios premium de Uptobox.<\/p>\n\n\n<a class=\"maxbutton-2 maxbutton maxbutton-cta\" target=\"_blank\" rel=\"nofollow noopener\" href=\"\/uptobox\/goto\/\"><span class='mb-text'>&gt;&gt; Ir a la p\u00e1gina web original de Uptobox<\/span><\/a>\n\n\n<p><\/p>\n\n\n\n\n\n\n\n<figure class=\"wp-block-image\"><img src=\"https:\/\/lh4.googleusercontent.com\/kItRDMH2CIrSQJ_UT8akXzJKIV6mWUHbI6Tz6OlX0bhoIb2-56RgHYrK9ir1uSHHpqPiMHSe6zP2oFkNAeXU65feQaKsXcntwg0y20n6ct51FSKOxYLKuCU_0Hfs2pnHEkt7B44\" alt=\"Uptobox Logo\"\/><\/figure>\n\n\n\n<h2>\u00bfQu\u00e9 es Uptobox?<\/h2>\n\n\n\n<p>Uptobox es un aut\u00e9ntico proveedor de alojamiento de archivos. Permite capacidad de copia de seguridad remota, almacenamiento en l\u00ednea, herramientas avanzadas de carga y descarga. Con Uptobox, los usuarios pueden alojar archivos, audios, im\u00e1genes, v\u00eddeos y flash en el mismo lugar.<\/p>\n\n\n\n<p>Uptobox se enorgullece no s\u00f3lo de ser un proveedor de alojamiento de archivos, sino tambi\u00e9n de ser una plataforma de intercambio de archivos. Al suscribirse a una cuenta Premium de Uptobox, se consiguen dos p\u00e1jaros de un tiro. Pero, \u00bfcu\u00e1l es exactamente la diferencia entre Alojamiento de archivos y Compartici\u00f3n de archivos?<\/p>\n\n\n\n<ul><li>Alojamiento de archivos<\/li><\/ul>\n\n\n\n<p>El alojamiento de archivos es cualquier ayuda que te permite subir y administrar tus archivos en el servidor de otra persona. Podr\u00eda ser alojado en un servidor real o emplear almacenamiento en la nube &#8211; el mismo resultado suceder\u00eda. Usted sube sus documentos al servidor, y se quedar\u00e1 hasta que los retire (excepto que sus archivos sean eliminados por la empresa por alguna raz\u00f3n que pueda haber violado sus t\u00e9rminos y condiciones).<\/p>\n\n\n\n<ul><li>Compartir archivos<\/li><\/ul>\n\n\n\n<p>Un servicio de distribuci\u00f3n de archivos puede ser visto como una especie de alojamiento de archivos. Con el intercambio de archivos, no s\u00f3lo se obtiene el derecho a subir y mantener los archivos en los servidores de la compa\u00f1\u00eda, sino tambi\u00e9n la libertad de dar a otras personas un enlace de descarga. Teniendo ese enlace de descarga, esos otros usuarios pueden obtener y descargar tu archivo para su uso.<\/p>\n\n\n\n<figure class=\"wp-block-image\"><img src=\"https:\/\/lh3.googleusercontent.com\/ooi_fJxD8rz548IY4kL6Ssuz2j4bryUW42uR81xe_k4IVN-VFRmw_xRW3KDdFGopKo6YgipyRODEzo796Zx80AABer8Td3aARU79Z0B4QhLmsp-wG5bwg9aJUoNRG44WpdJ9b-k\" alt=\"Uptobox Premium Account Pricing\"\/><\/figure>\n\n\n\n<h2>\u00bfVale la pena Uptobox Premium?<\/h2>\n\n\n\n<p>Uptobox Premium te permite maximizar todas las herramientas y utilidades de la empresa de alojamiento de archivos. Aunque tener una cuenta gratuita de Uptobox ya es genial, pero poder usar todas las herramientas avanzadas es simplemente genial.<\/p>\n\n\n\n<p>En cuanto a la validez de las cuentas, Uptobox Premium le permite gestionar m\u00e1s f\u00e1cilmente su suscripci\u00f3n al proporcionarle el mejor paquete dependiendo de los d\u00edas de uso de la cuenta. Su servicio es para facilitarte la vida, as\u00ed que \u00bfpor qu\u00e9 no hacer que la suscripci\u00f3n sea tambi\u00e9n muy sencilla y asequible, verdad?<\/p>\n\n\n\n<figure class=\"wp-block-table\"><table><tbody><tr><td>CANTIDAD<\/td><td>VALIDEZ DE LA SUSCRIPCI\u00d3N<\/td><\/tr><tr><td>$5.42<\/td><td>30 d\u00edas<\/td><\/tr><tr><td>$27.11<\/td><td>1 a\u00f1o<\/td><\/tr><tr><td>$48.79<\/td><td>2 a\u00f1os<\/td><\/tr><tr><td>$135.53<\/td><td>5 a\u00f1os<\/td><\/tr><\/tbody><\/table><\/figure>\n\n\n\n<p>La preocupaci\u00f3n de todos los usuarios es su m\u00e1xima prioridad y apuntan a su conveniencia. As\u00ed que todas las configuraciones y herramientas avanzadas se enumerar\u00e1n y ver\u00e1s por ti mismo si una cuenta premium realmente vale la pena intentarlo.<\/p>\n\n\n\n<figure class=\"wp-block-table\"><table><tbody><tr><td><br><\/td><td>GRATIS<\/td><td>REGISTRADO<\/td><td>PREMIUM<\/td><\/tr><tr><td>Tama\u00f1o m\u00e1ximo del archivo subido <\/td><td>1 GB<\/td><td>200 GB<\/td><td>200 GB<\/td><\/tr><tr><td>Espacio \/ Almacenamiento<\/td><td>\u2716<\/td><td>1 TB<\/td><td>Ilimitado<\/td><\/tr><tr><td>Velocidad de descarga<\/td><td>Muy limitado<\/td><td>Limitado<\/td><td>M\u00e1ximo<\/td><\/tr><tr><td>Subir el enlace remoto<\/td><td>\u2716<\/td><td>\u2714\ufe0f<\/td><td>\u2714\ufe0f<\/td><\/tr><tr><td>Subir con el cliente FTP<\/td><td>\u2716<\/td><td>\u2716<\/td><td>\u2714\ufe0f<\/td><\/tr><tr><td>Enlaces de descarga protegidos por contrase\u00f1a<\/td><td>\u2716<\/td><td>\u2714\ufe0f<\/td><td>\u2714\ufe0f<\/td><\/tr><tr><td>Archivos de alta disponibilidad<\/td><td>\u2716<\/td><td>\u2716<\/td><td>\u2714\ufe0f<\/td><\/tr><tr><td>Tiempo de espera antes de la descarga<\/td><td>\u2716<\/td><td>\u2716<\/td><td>\u2714\ufe0f<\/td><\/tr><tr><td>Descarga directa<\/td><td>\u2716<\/td><td>\u2716<\/td><td>\u2714\ufe0f<\/td><\/tr><tr><td>Descargas encriptadas<\/td><td>\u2716<\/td><td>\u2716<\/td><td>\u2714\ufe0f<\/td><\/tr><tr><td>Libre de anuncios<\/td><td>\u2716<\/td><td>\u2716<\/td><td>\u2714\ufe0f<\/td><\/tr><tr><td>Aceleradores de Descarga<\/td><td>\u2714\ufe0f<\/td><td>\u2714\ufe0f<\/td><td>\u2714\ufe0f<\/td><\/tr><tr><td>Eliminaci\u00f3n de archivos<\/td><td>30 d\u00edas desde la \u00faltima descarga<\/td><td>90 d\u00edas desde la \u00faltima descarga<\/td><td>Nunca<\/td><\/tr><\/tbody><\/table><\/figure>\n\n\n\n<h3>Caracter\u00edsticas adicionales para Uptobox Premium Cuenta<\/h3>\n\n\n\n<figure class=\"wp-block-table\"><table><tbody><tr><td><br><\/td><td>GRATIS<\/td><td>REGISTRADO<\/td><td>PREMIUM<\/td><\/tr><tr><td>Reanudar<\/td><td>\u2714\ufe0f<\/td><td>\u2714\ufe0f<\/td><td>\u2714\ufe0f<\/td><\/tr><tr><td>Videos en HD<\/td><td>\u2714\ufe0f<\/td><td>\u2714\ufe0f<\/td><td>\u2714\ufe0f<\/td><\/tr><tr><td>Prioridad de codificaci\u00f3n<\/td><td>\u2716<\/td><td>\u2716<\/td><td>\u2714\ufe0f<\/td><\/tr><tr><td>Tiempo de vigilancia ilimitado<\/td><td>\u2716<\/td><td>\u2716<\/td><td>\u2714\ufe0f<\/td><\/tr><tr><td>Comercial \/ Anuncios- Gratis<\/td><td>\u2716<\/td><td>\u2716<\/td><td>\u2714\ufe0f<\/td><\/tr><\/tbody><\/table><\/figure>\n\n\n\n<h2>\u00bfPor qu\u00e9 utilizar Uptobox Premium?<\/h2>\n\n\n\n<p>Siempre que requiera transferir un archivo que sea demasiado pesado para los correos, Uptobox puede ayudarle con eso. Si quiere una funci\u00f3n de \u00e1rea remota protegida y segura para las reservas externas, Uptobox contribuye con resoluciones para usted.<\/p>\n\n\n<a class=\"maxbutton-2 maxbutton maxbutton-cta\" target=\"_blank\" rel=\"nofollow noopener\" href=\"\/uptobox\/goto\/\"><span class='mb-text'>&gt;&gt; Ir a la p\u00e1gina web original de Uptobox<\/span><\/a>\n\n\n<p><br><\/p>\n\n\n\n<p>Si desea acceder a los datos personales desde una diversidad de estaciones de trabajo y no quiere llevar a todas partes un pendrive, la Cuenta Premium de Uptobox es un excelente medio para lograrlo.<\/p>\n\n\n\n<figure class=\"wp-block-image\"><img src=\"https:\/\/lh6.googleusercontent.com\/Qi_hpwDep5TgCTSGhPa0L1KvIsvCKwyrEqn4E7RP4UOwmTOFGeiETyMAPtRdnHY7742KwHemblps9xGn4HRQvVjUoKOpkTgLrdLNdwu6uaa9c2wkoGGz-yAyfR3TGxy75-N0AaE\" alt=\"Uptobox Security\"\/><\/figure>\n\n\n\n<h2>Medidas de seguridad y protecci\u00f3n de Uptobox<\/h2>\n\n\n\n<p>La gesti\u00f3n de Uptobox, al igual que la otra empresa de alojamiento de archivos, asegura las medidas de protecci\u00f3n para garantizar que todos los usuarios est\u00e9n a salvo de personas malintencionadas y otras actividades ilegales mientras utilizan el servicio.<\/p>\n\n\n\n<p>Como todos los usuarios deber\u00edan hacer ahora, Uptobox tiene el derecho de incapacitar la vinculaci\u00f3n directa en cuentas que est\u00e9n practicando un ancho de banda extremo o de otra manera, explotando las ventajas del sistema. Mientras Uptobox haya sido alertada de tal explotaci\u00f3n y abuso, se asegurar\u00e1 de tomar medidas inmediatas para inculcar la integridad del sistema.<\/p>\n\n\n\n<figure class=\"wp-block-table\"><table><tbody><tr><td><br>La pornograf\u00eda, el desnudo, las fotos sexuales y alg\u00fan otro tipo de videos o im\u00e1genes de desnudos son ilegales. El material con derechos de autor tambi\u00e9n puede ser estrictamente ilegal. Nos reservamos el derecho de elegir un archivo adecuado y podemos eliminar los v\u00eddeos o im\u00e1genes en cualquier momento sin comunicaci\u00f3n del usuario.<\/td><\/tr><\/tbody><\/table><\/figure>\n\n\n\n<p>Los usuarios tambi\u00e9n deben participar en las medidas de seguridad cumpliendo todas las leyes que afectan a su propio pa\u00eds, incluida la legislaci\u00f3n sobre marcas comerciales y derechos de autor. No se permiten im\u00e1genes, v\u00eddeos y archivos que violen los derechos de autor o las marcas comerciales.<\/p>\n\n\n\n<p>Si alguien tiene una demanda por infracci\u00f3n contra usted personalmente, pronto se le pedir\u00e1 que elimine el archivo con derechos de autor hasta que la situaci\u00f3n se resuelva. Cuando hay una disputa entre los participantes de este sitio web, Uptobox no tiene la obligaci\u00f3n de involucrarse.<\/p>\n\n\n\n<p>Uptobox no se hace responsable de sus propios archivos, im\u00e1genes o v\u00eddeos o de cualquier negocio perdido por la falta de disponibilidad o la falta en el sitio. Cuando se deba hacer una investigaci\u00f3n, Uptobox se compromete a colaborar con todas las autoridades legales.<\/p>\n\n\n\n<h3>Otras medidas de protecci\u00f3n Los usuarios deben saber<\/h3>\n\n\n\n<ul><li>Se proh\u00edbe la descarga desde varios lugares a la misma hora. Uptobox no permite compartir la cuenta de usuario.<\/li><li> Usar Uptobox como una enorme c\u00e1mara frigor\u00edfica en la que los archivos se almacenan s\u00f3lo y no se descargan, este caso est\u00e1 prohibido. Sin embargo, los usuarios pueden obtener espacio de almacenamiento ilimitado para el almacenamiento en caliente.<\/li><li> La utilizaci\u00f3n de ciertos servidores est\u00e1 prohibida si los usuarios est\u00e1n obteniendo todos los archivos a lo largo del d\u00eda o producen un tr\u00e1fico masivo para el sitio.<\/li><li> El uso de complementos de terceros para el Upstream est\u00e1 prohibido. Los usuarios de la cuenta premium de Uptobox tienen el privilegio de hacer uso de Upstream pero no deben abusar de tal ventaja. Cada archivo y documento ser\u00e1 eliminado si los usuarios no lo siguen. A los usuarios s\u00f3lo se les da un jugador espec\u00edfico de Uptobox.<\/li><\/ul>\n\n\n\n<figure class=\"wp-block-image\"><img src=\"https:\/\/lh3.googleusercontent.com\/ebMs-arMcOk4E3QrPbj4xCk9oLpNxq6EirwdtmloKnZ48uJs651NFwUYFO1DpXmqMJFayJ7o_17g7C2rBx4vONK7MwARkcZeR58HPQQwh1z8zufcTzOtG0mkFaVhGZVK3HUpGIE\" alt=\"Information, Solution and Questions\"\/><\/figure>\n\n\n\n<h2>M\u00e1s informaci\u00f3n que debe saber sobre Uptobox<\/h2>\n\n\n\n<ul><li>\u00bfSe puede acceder a otros archivos subidos por otros usuarios?<\/li><\/ul>\n\n\n\n<p>Como Uptobox es una plataforma segura, la respuesta es no. Porque no todos los dem\u00e1s quieren compartir contigo los archivos que suben junto con todos los dem\u00e1s. Sin embargo, otros pueden acceder al archivo de otros usuarios si se les ha dado permiso. De esta manera, Uptobox puede ser utilizado para compartir archivos con quien t\u00fa quieras, adem\u00e1s de almacenarlo para ti mismo como una copia de seguridad o para descargarlo desde cualquier lugar del mundo.<\/p>\n\n\n\n<ul><li>\u00bfAlguna restricci\u00f3n en alg\u00fan archivo para ser subido?<\/li><\/ul>\n\n\n\n<p>No hay ninguna restricci\u00f3n, excepto para los archivos ilegales o maliciosos. Los archivos ilegales o maliciosos son desnudos, porno, fotos sexuales y alg\u00fan otro tipo de material ofensivo, tambi\u00e9n, obviamente, material con derechos de autor. Pero en general, todos los tipos de archivos se pueden subir a Uptobox desde las fotos de la celebraci\u00f3n hasta los documentos esenciales. <\/p>\n\n\n\n<ul><li>\u00bfEst\u00e1 permitido el Hotlinking para el archivo que el usuario subi\u00f3?<\/li><\/ul>\n\n\n\n<p>Uptobox no permite el Hotlinking. El Hotlinking es una forma de obtener el enlace de un archivo, por ejemplo, una imagen del hospedaje e introducirla en un sitio web para su visualizaci\u00f3n.<\/p>\n\n\n\n<ul><li>Para los archivos que un usuario subi\u00f3, \u00bfc\u00f3mo puede ser eliminado?<\/li><\/ul>\n\n\n\n<p>Todos los archivos subidos pueden ser administrados en la pesta\u00f1a \u00abMis Archivos\u00bb. El gestor de archivos de Uptobox es f\u00e1cil de usar, por lo que a los usuarios no les resultar\u00e1 dif\u00edcil gestionar sus documentos.<\/p>\n\n\n\n<ul><li>En caso de que quiera hacer un reembolso, \u00bfcu\u00e1les son los detalles a tener en cuenta?<\/li><\/ul>\n\n\n\n<p>Todo usuario puede solicitar un reembolso al servicio de atenci\u00f3n al cliente siempre y cuando no hayan transcurrido m\u00e1s de 7 d\u00edas desde el momento de la suscripci\u00f3n de la cuenta premium de Uptobox, y s\u00f3lo si la cuenta no ha sido todav\u00eda utilizada.<\/p>\n\n\n\n<p>Sin embargo, para los otros tipos de reembolsos, Uptobox tiene la autoridad para no implementar un reembolso si no puede hacerlo.<\/p>\n\n\n\n<ul><li>\u00bfQu\u00e9 pasa si un usuario todav\u00eda necesita un debate m\u00e1s profundo sobre otros asuntos?<\/li><\/ul>\n\n\n\n<p>Uptobox tiene un r\u00e1pido servicio de atenci\u00f3n al cliente para varios asuntos como problemas de pago, preocupaci\u00f3n por la cuenta de usuario, informe de errores, algunas ideas y sugerencias, asociaci\u00f3n, informes de abuso, uso de Uptostream y m\u00e1s. Los usuarios pueden ir a la pesta\u00f1a de \u00abSoporte\u00bb de la plataforma y proceder con sus preocupaciones.<\/p>\n\n\n\n<h2>Recomendaciones finales<\/h2>\n\n\n\n<p>Hay muchos proveedores de alojamiento de archivos hoy en d\u00eda. Entonces, \u00bfqu\u00e9 har\u00eda un individuo como t\u00fa aqu\u00ed? Sugerimos una investigaci\u00f3n rigurosa antes de suscribirse a uno y asegurarnos de que todos sus requisitos son cumplidos por cierta compa\u00f1\u00eda de alojamiento de archivos, y acabamos de hacer uno para usted, sobre el alojamiento de archivos de Uptobox.<\/p>\n\n\n\n<p>Es importante que el alojamiento de archivos sea fiable, seguro, asequible y siempre disponible, sin que haya un tiempo de inactividad en la medida de lo posible. Tambi\u00e9n, en su mayor parte, es tener grandes acciones de servicio al cliente. Estas caracter\u00edsticas las cumple Uptobox y estamos orgullosos de usar este tipo de servicio.<\/p>\n\n\n\n<p>Referencias<\/p>\n\n\n\n<p><a rel=\"noreferrer noopener\" aria-label=\"https:\/\/www.techopedia.com\/definition\/25310\/file-hosting-service (opens in a new tab)\" href=\"https:\/\/www.techopedia.com\/definition\/25310\/file-hosting-service\" target=\"_blank\">https:\/\/www.techopedia.com\/definition\/25310\/file-hosting-service<\/a><br><a rel=\"noreferrer noopener\" aria-label=\" (opens in a new tab)\" href=\"https:\/\/searchmobilecomputing.techtarget.com\/definition\/file-sharing\" target=\"_blank\">https:\/\/searchmobilecomputing.techtarget.com\/definition\/file-sharing<\/a><br><a rel=\"noreferrer noopener\" aria-label=\" (opens in a new tab)\" href=\"https:\/\/ezinearticles.com\/?File-Sharing-and-Its-Importance-in-Web-Hosting&amp;id=5950843\" target=\"_blank\">https:\/\/ezinearticles.com\/?File-Sharing-and-Its-Importance-in-Web-Hosting&amp;id=5950843<\/a><br><a rel=\"noreferrer noopener\" aria-label=\" (opens in a new tab)\" href=\"http:\/\/www.nextprocess.com\/document-management\/6-reasons-store-data-electronically\/\" target=\"_blank\">http:\/\/www.nextprocess.com\/document-management\/6-reasons-store-data-electronically\/<\/a><br><a rel=\"noreferrer noopener\" aria-label=\" (opens in a new tab)\" href=\"https:\/\/www.slideshare.net\/Qecart1\/want-to-know-benefits-of-file-hosting-service\" target=\"_blank\">https:\/\/www.slideshare.net\/Qecart1\/want-to-know-benefits-of-file-hosting-service<\/a><\/p>\n\n\n<a class=\"maxbutton-2 maxbutton maxbutton-cta\" target=\"_blank\" rel=\"nofollow noopener\" href=\"\/uptobox\/goto\/\"><span class='mb-text'>&gt;&gt; Ir a la p\u00e1gina web original de Uptobox<\/span><\/a>\n\n\n<p><\/p>\n","protected":false},"excerpt":{"rendered":"<p>\u00bfQuieres y necesitas guardar tus archivos y documentos en l\u00ednea? No se trata de almacenar los datos de sus sitios<\/p>\n","protected":false},"author":2,"featured_media":0,"parent":0,"menu_order":0,"comment_status":"closed","ping_status":"closed","template":"","meta":[],"yoast_head":"<!-- This site is optimized with the Yoast SEO plugin v18.3 - https:\/\/yoast.com\/wordpress\/plugins\/seo\/ -->\n<title>Uptobox Premium Cuenta - El Filehoster de un vistazo<\/title>\n<meta name=\"description\" content=\"Si Uptobox es un proveedor de confianza o no, puedes encontrar la respuesta en el test actual en Multihoster.org \u279c Haz clic ahora \u271a para leer nuestras experiencias!\" \/>\n<meta name=\"robots\" content=\"index, follow, max-snippet:-1, max-image-preview:large, max-video-preview:-1\" \/>\n<link rel=\"canonical\" href=\"https:\/\/multihoster.org\/es\/uptobox\/\" \/>\n<meta property=\"og:locale\" content=\"es_ES\" \/>\n<meta property=\"og:type\" content=\"article\" \/>\n<meta property=\"og:title\" content=\"Uptobox Premium Cuenta - El Filehoster de un vistazo\" \/>\n<meta property=\"og:description\" content=\"Si Uptobox es un proveedor de confianza o no, puedes encontrar la respuesta en el test actual en Multihoster.org \u279c Haz clic ahora \u271a para leer nuestras experiencias!\" \/>\n<meta property=\"og:url\" content=\"https:\/\/multihoster.org\/es\/uptobox\/\" \/>\n<meta property=\"og:site_name\" content=\"Multihoster.org\" \/>\n<meta property=\"article:modified_time\" content=\"2020-12-14T18:48:28+00:00\" \/>\n<meta property=\"og:image\" content=\"https:\/\/lh4.googleusercontent.com\/xv77LN-168QhF1RoSxdXh1MjQwqUr05MsdRowLG3ns8v4mB8SIfgagayRIOS2mSr5z3ZacePc7jeItnedhkyU9zJI8E04UxYUfzxXbmj5fVfg7ssk9wtBHMEG8wU42jnzz7IFiw\" \/>\n<meta name=\"twitter:card\" content=\"summary\" \/>\n<meta name=\"twitter:label1\" content=\"Tiempo de lectura\" \/>\n\t<meta name=\"twitter:data1\" content=\"9 minutos\" \/>\n<script type=\"application\/ld+json\" class=\"yoast-schema-graph\">{\"@context\":\"https:\/\/schema.org\",\"@graph\":[{\"@type\":\"WebSite\",\"@id\":\"https:\/\/multihoster.org\/#website\",\"url\":\"https:\/\/multihoster.org\/\",\"name\":\"Multihoster.org\",\"description\":\"Reviews of the major Filehosting services\",\"potentialAction\":[{\"@type\":\"SearchAction\",\"target\":{\"@type\":\"EntryPoint\",\"urlTemplate\":\"https:\/\/multihoster.org\/?s={search_term_string}\"},\"query-input\":\"required name=search_term_string\"}],\"inLanguage\":\"es\"},{\"@type\":\"ImageObject\",\"@id\":\"https:\/\/multihoster.org\/es\/uptobox\/#primaryimage\",\"inLanguage\":\"es\",\"url\":\"https:\/\/lh4.googleusercontent.com\/xv77LN-168QhF1RoSxdXh1MjQwqUr05MsdRowLG3ns8v4mB8SIfgagayRIOS2mSr5z3ZacePc7jeItnedhkyU9zJI8E04UxYUfzxXbmj5fVfg7ssk9wtBHMEG8wU42jnzz7IFiw\",\"contentUrl\":\"https:\/\/lh4.googleusercontent.com\/xv77LN-168QhF1RoSxdXh1MjQwqUr05MsdRowLG3ns8v4mB8SIfgagayRIOS2mSr5z3ZacePc7jeItnedhkyU9zJI8E04UxYUfzxXbmj5fVfg7ssk9wtBHMEG8wU42jnzz7IFiw\"},{\"@type\":\"WebPage\",\"@id\":\"https:\/\/multihoster.org\/es\/uptobox\/#webpage\",\"url\":\"https:\/\/multihoster.org\/es\/uptobox\/\",\"name\":\"Uptobox Premium Cuenta - El Filehoster de un vistazo\",\"isPartOf\":{\"@id\":\"https:\/\/multihoster.org\/#website\"},\"primaryImageOfPage\":{\"@id\":\"https:\/\/multihoster.org\/es\/uptobox\/#primaryimage\"},\"datePublished\":\"2020-03-20T14:33:31+00:00\",\"dateModified\":\"2020-12-14T18:48:28+00:00\",\"description\":\"Si Uptobox es un proveedor de confianza o no, puedes encontrar la respuesta en el test actual en Multihoster.org \u279c Haz clic ahora \u271a para leer nuestras experiencias!\",\"breadcrumb\":{\"@id\":\"https:\/\/multihoster.org\/es\/uptobox\/#breadcrumb\"},\"inLanguage\":\"es\",\"potentialAction\":[{\"@type\":\"ReadAction\",\"target\":[\"https:\/\/multihoster.org\/es\/uptobox\/\"]}]},{\"@type\":\"BreadcrumbList\",\"@id\":\"https:\/\/multihoster.org\/es\/uptobox\/#breadcrumb\",\"itemListElement\":[{\"@type\":\"ListItem\",\"position\":1,\"name\":\"Startseite\",\"item\":\"https:\/\/multihoster.org\/es\/\"},{\"@type\":\"ListItem\",\"position\":2,\"name\":\"Uptobox Premium Cuenta: El Filehoster De Un Vistazo\"}]}]}<\/script>\n<!-- \/ Yoast SEO plugin. -->","yoast_head_json":{"title":"Uptobox Premium Cuenta - El Filehoster de un vistazo","description":"Si Uptobox es un proveedor de confianza o no, puedes encontrar la respuesta en el test actual en Multihoster.org \u279c Haz clic ahora \u271a para leer nuestras experiencias!","robots":{"index":"index","follow":"follow","max-snippet":"max-snippet:-1","max-image-preview":"max-image-preview:large","max-video-preview":"max-video-preview:-1"},"canonical":"https:\/\/multihoster.org\/es\/uptobox\/","og_locale":"es_ES","og_type":"article","og_title":"Uptobox Premium Cuenta - El Filehoster de un vistazo","og_description":"Si Uptobox es un proveedor de confianza o no, puedes encontrar la respuesta en el test actual en Multihoster.org \u279c Haz clic ahora \u271a para leer nuestras experiencias!","og_url":"https:\/\/multihoster.org\/es\/uptobox\/","og_site_name":"Multihoster.org","article_modified_time":"2020-12-14T18:48:28+00:00","og_image":[{"url":"https:\/\/lh4.googleusercontent.com\/xv77LN-168QhF1RoSxdXh1MjQwqUr05MsdRowLG3ns8v4mB8SIfgagayRIOS2mSr5z3ZacePc7jeItnedhkyU9zJI8E04UxYUfzxXbmj5fVfg7ssk9wtBHMEG8wU42jnzz7IFiw"}],"twitter_card":"summary","twitter_misc":{"Tiempo de lectura":"9 minutos"},"schema":{"@context":"https:\/\/schema.org","@graph":[{"@type":"WebSite","@id":"https:\/\/multihoster.org\/#website","url":"https:\/\/multihoster.org\/","name":"Multihoster.org","description":"Reviews of the major Filehosting services","potentialAction":[{"@type":"SearchAction","target":{"@type":"EntryPoint","urlTemplate":"https:\/\/multihoster.org\/?s={search_term_string}"},"query-input":"required name=search_term_string"}],"inLanguage":"es"},{"@type":"ImageObject","@id":"https:\/\/multihoster.org\/es\/uptobox\/#primaryimage","inLanguage":"es","url":"https:\/\/lh4.googleusercontent.com\/xv77LN-168QhF1RoSxdXh1MjQwqUr05MsdRowLG3ns8v4mB8SIfgagayRIOS2mSr5z3ZacePc7jeItnedhkyU9zJI8E04UxYUfzxXbmj5fVfg7ssk9wtBHMEG8wU42jnzz7IFiw","contentUrl":"https:\/\/lh4.googleusercontent.com\/xv77LN-168QhF1RoSxdXh1MjQwqUr05MsdRowLG3ns8v4mB8SIfgagayRIOS2mSr5z3ZacePc7jeItnedhkyU9zJI8E04UxYUfzxXbmj5fVfg7ssk9wtBHMEG8wU42jnzz7IFiw"},{"@type":"WebPage","@id":"https:\/\/multihoster.org\/es\/uptobox\/#webpage","url":"https:\/\/multihoster.org\/es\/uptobox\/","name":"Uptobox Premium Cuenta - El Filehoster de un vistazo","isPartOf":{"@id":"https:\/\/multihoster.org\/#website"},"primaryImageOfPage":{"@id":"https:\/\/multihoster.org\/es\/uptobox\/#primaryimage"},"datePublished":"2020-03-20T14:33:31+00:00","dateModified":"2020-12-14T18:48:28+00:00","description":"Si Uptobox es un proveedor de confianza o no, puedes encontrar la respuesta en el test actual en Multihoster.org \u279c Haz clic ahora \u271a para leer nuestras experiencias!","breadcrumb":{"@id":"https:\/\/multihoster.org\/es\/uptobox\/#breadcrumb"},"inLanguage":"es","potentialAction":[{"@type":"ReadAction","target":["https:\/\/multihoster.org\/es\/uptobox\/"]}]},{"@type":"BreadcrumbList","@id":"https:\/\/multihoster.org\/es\/uptobox\/#breadcrumb","itemListElement":[{"@type":"ListItem","position":1,"name":"Startseite","item":"https:\/\/multihoster.org\/es\/"},{"@type":"ListItem","position":2,"name":"Uptobox Premium Cuenta: El Filehoster De Un Vistazo"}]}]}},"_links":{"self":[{"href":"https:\/\/multihoster.org\/es\/wp-json\/wp\/v2\/pages\/2531"}],"collection":[{"href":"https:\/\/multihoster.org\/es\/wp-json\/wp\/v2\/pages"}],"about":[{"href":"https:\/\/multihoster.org\/es\/wp-json\/wp\/v2\/types\/page"}],"author":[{"embeddable":true,"href":"https:\/\/multihoster.org\/es\/wp-json\/wp\/v2\/users\/2"}],"replies":[{"embeddable":true,"href":"https:\/\/multihoster.org\/es\/wp-json\/wp\/v2\/comments?post=2531"}],"version-history":[{"count":6,"href":"https:\/\/multihoster.org\/es\/wp-json\/wp\/v2\/pages\/2531\/revisions"}],"predecessor-version":[{"id":5464,"href":"https:\/\/multihoster.org\/es\/wp-json\/wp\/v2\/pages\/2531\/revisions\/5464"}],"wp:attachment":[{"href":"https:\/\/multihoster.org\/es\/wp-json\/wp\/v2\/media?parent=2531"}],"curies":[{"name":"wp","href":"https:\/\/api.w.org\/{rel}","templated":true}]}}