{"id":2592,"date":"2020-03-20T16:34:45","date_gmt":"2020-03-20T16:34:45","guid":{"rendered":"https:\/\/multihoster.org\/?page_id=2592"},"modified":"2020-03-30T14:06:59","modified_gmt":"2020-03-30T14:06:59","slug":"4share","status":"publish","type":"page","link":"https:\/\/multihoster.org\/es\/4share\/","title":{"rendered":"4share Premium Cuenta: El Filehoster De Un Vistazo"},"content":{"rendered":"\n<figure class=\"wp-block-image\"><img src=\"https:\/\/lh3.googleusercontent.com\/RrbU4oZEm4QWQKICoZLyymhFtYa8lbr9pXG3GYEgIjcXl-e1SHUFBrLO4GvlZAt1bGGxzdjop4KvAsHTOgT02oisMpTGlnhNxTCtO6KVy24hCDffb1nmnOyrDKLKxgDucv-ks1w\" alt=\"4share logo\"\/><\/figure>\n\n\n\n<p>Buscar un anfitri\u00f3n de archivos confiable a trav\u00e9s de Internet es como buscar agujas en un pajar. Hay muchos alojadores de archivos por ah\u00ed, pero no ofrecen la calidad de servicio que prometen. Sin embargo, hay buenos proveedores de servicios por ah\u00ed que ofrecen servicios de alojamiento de archivos baratos y fiables. Uno de ellos es el servicio de alojamiento de archivos 4Share (no confundir con 4shared). 4share tiene una de las tarifas m\u00e1s baratas de todos los servicios de alojamiento de archivos que existen, pero a\u00fan as\u00ed tiene las caracter\u00edsticas de los alojamientos de archivos m\u00e1s populares. <\/p>\n\n\n<a class=\"maxbutton-2 maxbutton maxbutton-cta\" target=\"_blank\" rel=\"nofollow noopener\" href=\"\/go\/\"><span class='mb-text'>&gt;&gt; Ir a la p\u00e1gina web original de Linkifier <\/span><\/a>\n\n\n<p><\/p>\n\n\n\n<h2>\u00bfQu\u00e9 es 4share?<\/h2>\n\n\n\n<p>4share es un servicio de alojamiento de archivos que utiliza la tecnolog\u00eda de la nube para almacenar sus archivos. 4share ofrece una de las tarifas m\u00e1s baratas en todos los alojamientos de archivos que hay. Por s\u00f3lo 50.000 VND o 2,20 d\u00f3lares al mes, el propietario de una cuenta Premium de 4share puede disfrutar de numerosos servicios que pueden costar hasta varios cientos de d\u00f3lares s\u00f3lo para utilizarlos con otros servicios de alojamiento de archivos. Su sitio web tiene una funci\u00f3n de directorio que puede ser utilizada para administrar sus archivos f\u00e1cilmente.<\/p>\n\n\n\n<p>Compartir archivos con 4share es muy f\u00e1cil y sin complicaciones. 4share utiliza enlaces directos para compartir r\u00e1pidamente los archivos. Incluso puedes incluir contrase\u00f1as en tus archivos cuando utilizas su servicio de cuenta Premium para mayor protecci\u00f3n y seguridad.<\/p>\n\n\n\n<p>Busca millones de archivos de su vasta biblioteca de contenidos y medios a trav\u00e9s de diferentes usuarios en todo el mundo. Comparte tus contenidos con tus amigos y compa\u00f1eros de forma f\u00e1cil e instant\u00e1nea. Todo lo que necesitas hacer es compartir el enlace y la contrase\u00f1a y est\u00e1 todo listo para compartir. Tambi\u00e9n puedes ganar dinero con s\u00f3lo descargar y subir diferentes archivos a trav\u00e9s de su sistema de recompensas de la cuenta Premium de 4share y el bono para subir archivos. Estos puntos se pueden convertir en Oro que luego se puede convertir en dinero en efectivo.<\/p>\n\n\n\n<figure class=\"wp-block-image\"><img src=\"https:\/\/lh5.googleusercontent.com\/UqjTF6dyAIxPnGl0cG9cZKd5-ISTAysBk0Km5fS-pdki6nUVmGnzLWP9N7E6lsdcOlewtGUjdr-ThYbNJNK01Dnm7QBFhuP7SkTy7MgF_mQpduSUB6pZkiK98R5sbmLoG9-tiso\" alt=\"4share website\"\/><\/figure>\n\n\n\n<h2>Caracter\u00edsticas de 4share Premium<\/h2>\n\n\n\n<ul><li>Velocidad ilimitada<\/li><\/ul>\n\n\n\n<p>La creaci\u00f3n de una cuenta Premium 4share te permite acceder a los archivos sin l\u00edmite de velocidad. Esto significa que la velocidad de subida o bajada depende totalmente de tu conexi\u00f3n a Internet. Perfecto para los usuarios que necesitan subir y descargar constantemente sus contenidos en l\u00ednea, como los artistas y los editores. Un usuario de una cuenta gratuita, sin embargo, tiene una velocidad limitada debido a la baja prioridad en el tr\u00e1fico de la red. El ancho de banda para los usuarios gratuitos tambi\u00e9n es limitado<\/p>\n\n\n\n<ul><li>Larga duraci\u00f3n de almacenamiento<\/li><\/ul>\n\n\n\n<p>Los usuarios de la cuenta 4share Premium han ampliado el tiempo de almacenamiento en el servidor de la nube. Los usuarios de la cuenta Premium tienen un total de 30 d\u00edas de almacenamiento m\u00e1s tiempo extra V.I.P. por per\u00edodos m\u00e1s largos. Un usuario gratuito, sin embargo, s\u00f3lo est\u00e1 limitado a 15 d\u00edas. Una cuenta premium es aconsejable porque todos los archivos se almacenan en el servidor por m\u00e1s tiempo y no tiene que preocuparse de dejar sus medios y archivos por mucho tiempo sin revisarlos.<\/p>\n\n\n\n<ul><li>L\u00edmite superior de descarga de archivos<\/li><\/ul>\n\n\n\n<p>Un usuario gratuito tiene un tama\u00f1o de archivo limitado de descarga por d\u00eda, sin embargo, al disponer de una cuenta premium 4share te permite disfrutar de un total de 500GB de descargas fie cada d\u00eda. Puedes administrar libremente tus archivos en cualquier lugar y en cualquier momento que lo desees y con una velocidad a\u00f1adida para asegurarte de que puedes acceder f\u00e1cilmente a tus archivos cada vez que los necesites.<\/p>\n\n\n\n<ul><li>M\u00faltiples descargas<\/li><\/ul>\n\n\n\n<p>La cuenta premium te permite descargar archivos simult\u00e1neamente. Lo que significa que todos los archivos que necesites pueden ser tomados r\u00e1pidamente y sin problemas con la cuenta Premium de 4share. Un usuario gratuito est\u00e1 limitado a 1 descarga por acceso y tiene que esperar varios segundos antes de poder empezar a descargar de nuevo.<\/p>\n\n\n\n<ul><li>Herramienta 4share<\/li><\/ul>\n\n\n\n<p>La herramienta 4share es una caracter\u00edstica especial de la 4share Premium que gestiona tus descargas. Es una de las herramientas que hacen que 4share se destaque. Te permite monitorear tus descargas simult\u00e1neamente. Tambi\u00e9n puedes pausar y reanudar cualquier descarga usando la herramienta. Como administrador de descargas, muestra toda la informaci\u00f3n necesaria sobre los archivos que est\u00e1s descargando actualmente.<\/p>\n\n\n\n<figure class=\"wp-block-image\"><img src=\"https:\/\/lh3.googleusercontent.com\/FU1HIpkqN2mjTD0NQ9L6upbQoXOAO1Sx8rWUABkhEoBfRDvFsP4KqwQdRXOmAZaxpnjPn5RWEoHy50yPBfL_OPAzPl35SlCBxY_0MjDbXq0qWZWBb6xP0qT71UEmcotfljgXZ_w\" alt=\"4share Tool App window\"\/><\/figure>\n\n\n\n<ul><li>L\u00edmite de almacenamiento m\u00e1s alto<\/li><\/ul>\n\n\n\n<p>Los usuarios de la cuenta 4share Premium disfrutan de l\u00edmites de almacenamiento m\u00e1s altos que los usuarios gratuitos. A los usuarios de la cuenta Premium se les da 300 GB de almacenamiento para que los utilicen libremente. Ya sea para videos o simples documentos para el trabajo y la escuela, la cuenta 4share Premium les da a sus usuarios mucho almacenamiento de sobra. Las pel\u00edculas u otros medios pueden ser almacenados sin necesidad de preocuparse por el l\u00edmite de almacenamiento, mientras que un usuario de una cuenta gratuita s\u00f3lo tiene un almacenamiento limitado.<\/p>\n\n\n\n<ul><li>Gerente del directorio<\/li><\/ul>\n\n\n\n<p>Los usuarios que utilizan sus propias cuentas Premium de 4share disfrutan de otra caracter\u00edstica sin problemas, el Administrador de Directorios. El Administrador de directorios te permite administrar y clasificar todo lo que has subido en tu almacenamiento. Accede en cualquier momento y en cualquier lugar a tus archivos y medios de comunicaci\u00f3n sin ninguna molestia. El Administrador de directorios permite una b\u00fasqueda de archivos m\u00e1s fluida y sin problemas.<\/p>\n\n\n\n<ul><li>Protecci\u00f3n de la contrase\u00f1a<\/li><\/ul>\n\n\n\n<p>Todos los archivos que suben los usuarios de la cuenta Premium de 4share est\u00e1n protegidos por una contrase\u00f1a. Otros usuarios no pueden acceder a tus archivos a menos que les proporciones una contrase\u00f1a. Muy pr\u00e1ctico para la custodia de archivos de trabajo o de medios creados por ti mismo como arte y videos. Un usuario gratuito en el otro lado tiene sus archivos expuestos a otros usuarios y se puede acceder a ellos a trav\u00e9s de su enlace. Si quieres proteger tus archivos privados, una cuenta Premium de 4share es muy aconsejable. Internet est\u00e1 lleno de entidades maliciosas que tienen como objetivo robar archivos y otros contenidos. El sistema de contrase\u00f1as de 4share Premium elimina completamente la posibilidad de tales riesgos para sus usuarios.<\/p>\n\n\n\n<ul><li>Enlace directo<\/li><\/ul>\n\n\n<a class=\"maxbutton-2 maxbutton maxbutton-cta\" target=\"_blank\" rel=\"nofollow noopener\" href=\"\/go\/\"><span class='mb-text'>&gt;&gt; Ir a la p\u00e1gina web original de Linkifier <\/span><\/a>\n\n\n<p><\/p>\n\n\n\n<p>Compartir archivos con el 4share Premium se hace con enlaces directos. Se te proporciona un enlace de tu archivo que quieres compartir y simplemente lo env\u00edas a la otra persona con la que quieres compartirlo. Tambi\u00e9n puedes incluir una contrase\u00f1a para compartir de forma m\u00e1s segura.<\/p>\n\n\n\n<ul><li>Suscripci\u00f3n mensual barata<\/li><\/ul>\n\n\n\n<p>4share Premium tiene la tarifa de suscripci\u00f3n m\u00e1s baja de cualquier servicio de alojamiento de archivos en la web. Con s\u00f3lo unos 50.000 VND o 2,20 d\u00f3lares al mes, todas las funciones de la cuenta 4share Premium est\u00e1n disponibles para que las utilices. Otros servicios de hospedaje de archivos pueden costar hasta m\u00e1s de $250 por mes, aunque las caracter\u00edsticas y la calidad del servicio son casi id\u00e9nticas a las de 4share. 4share tiene como objetivo ofrecer a sus usuarios una alternativa m\u00e1s barata que el alojamiento de archivos convencional y con una caracter\u00edstica adicional. Si usted es un estudiante o un peque\u00f1o empresario que necesita que sus archivos y medios de comunicaci\u00f3n sean accesibles en cualquier momento, pero tiene un presupuesto limitado para la gesti\u00f3n de archivos, la cuenta Premium de 4share est\u00e1 hecha s\u00f3lo para usted.<\/p>\n\n\n\n<ul><li>Gu\u00eda del usuario<\/li><\/ul>\n\n\n\n<p>Para un uso m\u00e1s c\u00f3modo, se proporciona a los usuarios una gu\u00eda \u00fatil que les ayuda a utilizar mejor las funciones y a navegar por el sitio web de anuncios de la aplicaci\u00f3n. Toda la informaci\u00f3n necesaria ya figura en la Gu\u00eda del Usuario, desde la descarga y la carga, los enlaces para compartir y el sistema de puntos de bonificaci\u00f3n. Tambi\u00e9n hay gu\u00edas disponibles para extender la suscripci\u00f3n de su cuenta 4share Premium.<\/p>\n\n\n\n<h2>4share Premium Puntos de bonificaci\u00f3n<\/h2>\n\n\n\n<p>4share Premium Bonus Points es un sistema de recompensas para sus usuarios. Un usuario de una cuenta Premium puede ganar puntos a trav\u00e9s de descargas y subidas de archivos. Una descarga de 2GB le da 1 punto o 10 puntos de ancho de banda. Estos puntos pueden ser canjeados por Oro (el dinero interno usado en la aplicaci\u00f3n). Este Oro puede ser intercambiado por otros productos y servicios por 4share. Tambi\u00e9n puedes usar esto para extender tu suscripci\u00f3n. 40 puntos de recompensa equivalen a 1 Gold. Las descargas del mismo archivo, sin embargo, s\u00f3lo se convierten en puntos 3 veces por hora.<\/p>\n\n\n\n<h2>Gana dinero con el sistema de recompensas de la cuenta Premium de 4share<\/h2>\n\n\n\n<p>\u00bfSab\u00edas que los 4 puntos de la cuenta Premium pueden ser cambiados por dinero en efectivo?. Los puntos correspondientes pueden ser convertidos en efectivo y ser retirados directamente a su cuenta bancaria. Un solo punto Gold puede ser canjeado por 300 VND o 0,015 d\u00f3lares. Este sistema da la oportunidad de obtener ingresos extra mientras se comparten archivos a trav\u00e9s de Internet. La cantidad m\u00ednima de retiro es de 500.000 o 21 d\u00f3lares.<\/p>\n\n\n\n<p>Tambi\u00e9n se observa que el sistema de recompensas puede ser objeto de cambios todos los meses para optimizar plenamente el sistema y mejorar a\u00fan m\u00e1s la calidad del servicio.<\/p>\n\n\n\n<h2>C\u00f3mo retirar sus ganancias con las recompensas de la cuenta Premium de 4share<\/h2>\n\n\n\n<p>Puedes retirar tus ganancias con el Sistema de Recompensas con s\u00f3lo unos simples pasos.<\/p>\n\n\n\n<p><strong>Paso 1. <\/strong>Env\u00eda tu informaci\u00f3n y n\u00famero de tel\u00e9fono a la aplicaci\u00f3n.<\/p>\n\n\n\n<p><strong>Paso 2.<\/strong> Esperar la confirmaci\u00f3n de la cuenta.<\/p>\n\n\n\n<p><strong>Paso 3.<\/strong> Espere a que el efectivo se refleje en su cuenta bancaria.<br><\/p>\n\n\n\n<h2>Disponer de 4share Premium Cuenta<\/h2>\n\n\n\n<p>La cuenta 4share Premium acepta diferentes tipos de m\u00e9todos de pago VISA y MasterCard.<\/p>\n\n\n\n<h2>4share Premium Account VS Free Account<\/h2>\n\n\n\n<figure class=\"wp-block-table\"><table class=\"\"><tbody><tr><td>Caracter\u00edsticas<\/td><td>4share Premium<\/td><td>Cuenta gratuita<\/td><\/tr><tr><td>Cuota de suscripci\u00f3n mensual<\/td><td>$2.20 \/ 50,000 VND<\/td><td>gratis<\/td><\/tr><tr><td>Tiempo de almacenamiento<\/td><td>30 d\u00edas + Bono<\/td><td>15 d\u00edas<\/td><\/tr><tr><td>Velocidad de descarga<\/td><td>velocidad ilimitada<\/td><td>limitado<\/td><\/tr><tr><td>N\u00famero de archivos por descarga<\/td><td>ilimitado<\/td><td>descarga \u00fanica<\/td><\/tr><tr><td>Tama\u00f1o de almacenamiento<\/td><td>300GB<\/td><td>limitado<\/td><\/tr><tr><td>Reanudar la capacidad<\/td><td>disponible<\/td><td>disponible<\/td><\/tr><tr><td>Protecci\u00f3n de la contrase\u00f1a<\/td><td>disponible<\/td><td>disponible<\/td><\/tr><tr><td>Tiempo de espera<\/td><td>instant\u00e1nea<\/td><td>varios segundos<\/td><\/tr><tr><td>L\u00edmite de descarga diaria<\/td><td>500 GB por d\u00eda<\/td><td>limitado<\/td><\/tr><\/tbody><\/table><\/figure>\n\n\n\n<h2>4share Premium: El Filehoster m\u00e1s barato de la web<\/h2>\n\n\n\n<p>El 4share Premium es definitivamente uno de los servicios de alojamiento de archivos m\u00e1s baratos de la web. Por s\u00f3lo 2 d\u00f3lares al mes, un usuario de la cuenta Premium es elegible para un mont\u00f3n de servicios y herramientas que le permiten administrar sus archivos sin problemas. Hay otros servicios de hospedaje de archivos disponibles, pero la mayor\u00eda te cobrar\u00e1 varios cientos de d\u00f3lares por la misma caracter\u00edstica que el 4share Premium te puede dar. Y el sistema de Bonos de Subida te permite ganar dinero en los laterales, as\u00ed que, \u00bfqu\u00e9 mejor oferta puedes pedir?<\/p>\n\n\n<a class=\"maxbutton-2 maxbutton maxbutton-cta\" target=\"_blank\" rel=\"nofollow noopener\" href=\"\/go\/\"><span class='mb-text'>&gt;&gt; Ir a la p\u00e1gina web original de Linkifier <\/span><\/a>\n\n\n<p><\/p>\n","protected":false},"excerpt":{"rendered":"<p>Buscar un anfitri\u00f3n de archivos confiable a trav\u00e9s de Internet es como buscar agujas en un pajar. Hay muchos alojadores<\/p>\n","protected":false},"author":2,"featured_media":0,"parent":0,"menu_order":0,"comment_status":"closed","ping_status":"closed","template":"","meta":[],"yoast_head":"<!-- This site is optimized with the Yoast SEO plugin v18.3 - https:\/\/yoast.com\/wordpress\/plugins\/seo\/ -->\n<title>4share Premium Cuenta - El Filehoster de un vistazo<\/title>\n<meta name=\"description\" content=\"Si 4share es un proveedor de confianza o no, puedes encontrar la respuesta en el test actual en Multihoster.org \u279c Haz clic ahora \u271a para leer nuestras experiencias!\" \/>\n<meta name=\"robots\" content=\"index, follow, max-snippet:-1, max-image-preview:large, max-video-preview:-1\" \/>\n<link rel=\"canonical\" href=\"https:\/\/multihoster.org\/es\/4share\/\" \/>\n<meta property=\"og:locale\" content=\"es_ES\" \/>\n<meta property=\"og:type\" content=\"article\" \/>\n<meta property=\"og:title\" content=\"4share Premium Cuenta - El Filehoster de un vistazo\" \/>\n<meta property=\"og:description\" content=\"Si 4share es un proveedor de confianza o no, puedes encontrar la respuesta en el test actual en Multihoster.org \u279c Haz clic ahora \u271a para leer nuestras experiencias!\" \/>\n<meta property=\"og:url\" content=\"https:\/\/multihoster.org\/es\/4share\/\" \/>\n<meta property=\"og:site_name\" content=\"Multihoster.org\" \/>\n<meta property=\"article:modified_time\" content=\"2020-03-30T14:06:59+00:00\" \/>\n<meta property=\"og:image\" content=\"https:\/\/lh3.googleusercontent.com\/RrbU4oZEm4QWQKICoZLyymhFtYa8lbr9pXG3GYEgIjcXl-e1SHUFBrLO4GvlZAt1bGGxzdjop4KvAsHTOgT02oisMpTGlnhNxTCtO6KVy24hCDffb1nmnOyrDKLKxgDucv-ks1w\" \/>\n<meta name=\"twitter:card\" content=\"summary\" \/>\n<meta name=\"twitter:label1\" content=\"Tiempo de lectura\" \/>\n\t<meta name=\"twitter:data1\" content=\"9 minutos\" \/>\n<script type=\"application\/ld+json\" class=\"yoast-schema-graph\">{\"@context\":\"https:\/\/schema.org\",\"@graph\":[{\"@type\":\"WebSite\",\"@id\":\"https:\/\/multihoster.org\/#website\",\"url\":\"https:\/\/multihoster.org\/\",\"name\":\"Multihoster.org\",\"description\":\"Reviews of the major Filehosting services\",\"potentialAction\":[{\"@type\":\"SearchAction\",\"target\":{\"@type\":\"EntryPoint\",\"urlTemplate\":\"https:\/\/multihoster.org\/?s={search_term_string}\"},\"query-input\":\"required name=search_term_string\"}],\"inLanguage\":\"es\"},{\"@type\":\"ImageObject\",\"@id\":\"https:\/\/multihoster.org\/es\/4share\/#primaryimage\",\"inLanguage\":\"es\",\"url\":\"https:\/\/lh3.googleusercontent.com\/RrbU4oZEm4QWQKICoZLyymhFtYa8lbr9pXG3GYEgIjcXl-e1SHUFBrLO4GvlZAt1bGGxzdjop4KvAsHTOgT02oisMpTGlnhNxTCtO6KVy24hCDffb1nmnOyrDKLKxgDucv-ks1w\",\"contentUrl\":\"https:\/\/lh3.googleusercontent.com\/RrbU4oZEm4QWQKICoZLyymhFtYa8lbr9pXG3GYEgIjcXl-e1SHUFBrLO4GvlZAt1bGGxzdjop4KvAsHTOgT02oisMpTGlnhNxTCtO6KVy24hCDffb1nmnOyrDKLKxgDucv-ks1w\"},{\"@type\":\"WebPage\",\"@id\":\"https:\/\/multihoster.org\/es\/4share\/#webpage\",\"url\":\"https:\/\/multihoster.org\/es\/4share\/\",\"name\":\"4share Premium Cuenta - El Filehoster de un vistazo\",\"isPartOf\":{\"@id\":\"https:\/\/multihoster.org\/#website\"},\"primaryImageOfPage\":{\"@id\":\"https:\/\/multihoster.org\/es\/4share\/#primaryimage\"},\"datePublished\":\"2020-03-20T16:34:45+00:00\",\"dateModified\":\"2020-03-30T14:06:59+00:00\",\"description\":\"Si 4share es un proveedor de confianza o no, puedes encontrar la respuesta en el test actual en Multihoster.org \u279c Haz clic ahora \u271a para leer nuestras experiencias!\",\"breadcrumb\":{\"@id\":\"https:\/\/multihoster.org\/es\/4share\/#breadcrumb\"},\"inLanguage\":\"es\",\"potentialAction\":[{\"@type\":\"ReadAction\",\"target\":[\"https:\/\/multihoster.org\/es\/4share\/\"]}]},{\"@type\":\"BreadcrumbList\",\"@id\":\"https:\/\/multihoster.org\/es\/4share\/#breadcrumb\",\"itemListElement\":[{\"@type\":\"ListItem\",\"position\":1,\"name\":\"Startseite\",\"item\":\"https:\/\/multihoster.org\/es\/\"},{\"@type\":\"ListItem\",\"position\":2,\"name\":\"4share Premium Cuenta: El Filehoster De Un Vistazo\"}]}]}<\/script>\n<!-- \/ Yoast SEO plugin. -->","yoast_head_json":{"title":"4share Premium Cuenta - El Filehoster de un vistazo","description":"Si 4share es un proveedor de confianza o no, puedes encontrar la respuesta en el test actual en Multihoster.org \u279c Haz clic ahora \u271a para leer nuestras experiencias!","robots":{"index":"index","follow":"follow","max-snippet":"max-snippet:-1","max-image-preview":"max-image-preview:large","max-video-preview":"max-video-preview:-1"},"canonical":"https:\/\/multihoster.org\/es\/4share\/","og_locale":"es_ES","og_type":"article","og_title":"4share Premium Cuenta - El Filehoster de un vistazo","og_description":"Si 4share es un proveedor de confianza o no, puedes encontrar la respuesta en el test actual en Multihoster.org \u279c Haz clic ahora \u271a para leer nuestras experiencias!","og_url":"https:\/\/multihoster.org\/es\/4share\/","og_site_name":"Multihoster.org","article_modified_time":"2020-03-30T14:06:59+00:00","og_image":[{"url":"https:\/\/lh3.googleusercontent.com\/RrbU4oZEm4QWQKICoZLyymhFtYa8lbr9pXG3GYEgIjcXl-e1SHUFBrLO4GvlZAt1bGGxzdjop4KvAsHTOgT02oisMpTGlnhNxTCtO6KVy24hCDffb1nmnOyrDKLKxgDucv-ks1w"}],"twitter_card":"summary","twitter_misc":{"Tiempo de lectura":"9 minutos"},"schema":{"@context":"https:\/\/schema.org","@graph":[{"@type":"WebSite","@id":"https:\/\/multihoster.org\/#website","url":"https:\/\/multihoster.org\/","name":"Multihoster.org","description":"Reviews of the major Filehosting services","potentialAction":[{"@type":"SearchAction","target":{"@type":"EntryPoint","urlTemplate":"https:\/\/multihoster.org\/?s={search_term_string}"},"query-input":"required name=search_term_string"}],"inLanguage":"es"},{"@type":"ImageObject","@id":"https:\/\/multihoster.org\/es\/4share\/#primaryimage","inLanguage":"es","url":"https:\/\/lh3.googleusercontent.com\/RrbU4oZEm4QWQKICoZLyymhFtYa8lbr9pXG3GYEgIjcXl-e1SHUFBrLO4GvlZAt1bGGxzdjop4KvAsHTOgT02oisMpTGlnhNxTCtO6KVy24hCDffb1nmnOyrDKLKxgDucv-ks1w","contentUrl":"https:\/\/lh3.googleusercontent.com\/RrbU4oZEm4QWQKICoZLyymhFtYa8lbr9pXG3GYEgIjcXl-e1SHUFBrLO4GvlZAt1bGGxzdjop4KvAsHTOgT02oisMpTGlnhNxTCtO6KVy24hCDffb1nmnOyrDKLKxgDucv-ks1w"},{"@type":"WebPage","@id":"https:\/\/multihoster.org\/es\/4share\/#webpage","url":"https:\/\/multihoster.org\/es\/4share\/","name":"4share Premium Cuenta - El Filehoster de un vistazo","isPartOf":{"@id":"https:\/\/multihoster.org\/#website"},"primaryImageOfPage":{"@id":"https:\/\/multihoster.org\/es\/4share\/#primaryimage"},"datePublished":"2020-03-20T16:34:45+00:00","dateModified":"2020-03-30T14:06:59+00:00","description":"Si 4share es un proveedor de confianza o no, puedes encontrar la respuesta en el test actual en Multihoster.org \u279c Haz clic ahora \u271a para leer nuestras experiencias!","breadcrumb":{"@id":"https:\/\/multihoster.org\/es\/4share\/#breadcrumb"},"inLanguage":"es","potentialAction":[{"@type":"ReadAction","target":["https:\/\/multihoster.org\/es\/4share\/"]}]},{"@type":"BreadcrumbList","@id":"https:\/\/multihoster.org\/es\/4share\/#breadcrumb","itemListElement":[{"@type":"ListItem","position":1,"name":"Startseite","item":"https:\/\/multihoster.org\/es\/"},{"@type":"ListItem","position":2,"name":"4share Premium Cuenta: El Filehoster De Un Vistazo"}]}]}},"_links":{"self":[{"href":"https:\/\/multihoster.org\/es\/wp-json\/wp\/v2\/pages\/2592"}],"collection":[{"href":"https:\/\/multihoster.org\/es\/wp-json\/wp\/v2\/pages"}],"about":[{"href":"https:\/\/multihoster.org\/es\/wp-json\/wp\/v2\/types\/page"}],"author":[{"embeddable":true,"href":"https:\/\/multihoster.org\/es\/wp-json\/wp\/v2\/users\/2"}],"replies":[{"embeddable":true,"href":"https:\/\/multihoster.org\/es\/wp-json\/wp\/v2\/comments?post=2592"}],"version-history":[{"count":4,"href":"https:\/\/multihoster.org\/es\/wp-json\/wp\/v2\/pages\/2592\/revisions"}],"predecessor-version":[{"id":2779,"href":"https:\/\/multihoster.org\/es\/wp-json\/wp\/v2\/pages\/2592\/revisions\/2779"}],"wp:attachment":[{"href":"https:\/\/multihoster.org\/es\/wp-json\/wp\/v2\/media?parent=2592"}],"curies":[{"name":"wp","href":"https:\/\/api.w.org\/{rel}","templated":true}]}}