{"id":2630,"date":"2020-03-23T14:50:21","date_gmt":"2020-03-23T14:50:21","guid":{"rendered":"https:\/\/multihoster.org\/?page_id=2630"},"modified":"2020-03-30T11:32:26","modified_gmt":"2020-03-30T11:32:26","slug":"fileshark","status":"publish","type":"page","link":"https:\/\/multihoster.org\/es\/fileshark\/","title":{"rendered":"Fileshark Premium Cuenta: El Filehoster De Un Vistazo"},"content":{"rendered":"\n<figure class=\"wp-block-image\"><img src=\"https:\/\/lh4.googleusercontent.com\/N5IM2C40_yjvv_zNuUXu_SxRfezN8Y3UuSImioDPIB7qgYp675Bu-9gKwYTRBFSYFMrhZaGjkGxm8jlfgHOY7Rq1gtoupayw2C0T3YGPzQlLEQd--oMxWZwfJxjT65ei4p-A8fA\" alt=\"FileShark logo\"\/><\/figure>\n\n\n<a class=\"maxbutton-2 maxbutton maxbutton-cta\" target=\"_blank\" rel=\"nofollow noopener\" href=\"\/go\/\"><span class='mb-text'>&gt;&gt; Ir a la p\u00e1gina web original Linkifier <\/span><\/a>\n\n\n<p><\/p>\n\n\n\n<h2>\u00bfQu\u00e9 es FileShark?<\/h2>\n\n\n\n<p>FileShark es uno de los sitios para subir y bajar archivos en l\u00ednea. Garantiza a los usuarios la seguridad de sus archivos. Aqu\u00ed, un usuario puede subir, descargar, ver y compartir sus archivos. <\/p>\n\n\n\n<p>Antes de poder acceder al sitio de FileShark o continuar usando su sitio, los usuarios deber\u00e1n leer primero los t\u00e9rminos de servicio de FileShark.<\/p>\n\n\n\n<p>El sitio de FileShark est\u00e1 originalmente en el polaco, que es el idioma de Polonia. El usuario puede traducir el idioma al ingl\u00e9s o a su lengua materna de forma f\u00e1cil y autom\u00e1tica mediante el uso de la funci\u00f3n de traducci\u00f3n de Google del navegador web.<\/p>\n\n\n\n<h2>Cuentas de FileShark<\/h2>\n\n\n\n<ul><li>FileShark Non &#8211; Cuenta de usuario registrado<\/li><\/ul>\n\n\n\n<p>Cualquier usuario, incluso si no est\u00e1 registrado en FileShark, puede acceder al sitio de FileShark. A continuaci\u00f3n se muestran las cosas que un usuario no registrado s\u00f3lo puede hacer con el FileShark.<\/p>\n\n\n\n<p>1. El usuario puede navegar por el sitio FileShark.<\/p>\n\n\n\n<p>2. Un usuario Premium puede acceder y disfrutar de algunas de las caracter\u00edsticas del sitio FileShark.<\/p>\n\n\n\n<p>3. Un usuario puede descargar un archivo pero con un l\u00edmite de velocidad de descarga y la velocidad m\u00e1xima es de hasta 150 kilobytes por segundo (kbps) solamente.<\/p>\n\n\n\n<p>4. Al descargar un archivo, el usuario deber\u00e1 esperar sesenta (60) segundos antes de comenzar la descarga.<\/p>\n\n\n\n<p>5.&nbsp; Un usuario no puede ser capaz de descargar varios archivos al mismo tiempo.<\/p>\n\n\n\n<p>6. Cuando un usuario sube un archivo, \u00e9ste no debe tener un tama\u00f1o superior al m\u00e1ximo del archivo, que es de 1024 megabytes (MB) y un usuario s\u00f3lo puede subir un (1) archivo a la vez.<\/p>\n\n\n\n<p>7. Hay un tiempo l\u00edmite para el archivo guardado. Fileshark s\u00f3lo dar\u00e1 a los usuarios no registrados treinta (30) d\u00edas para el almacenamiento de archivos. <\/p>\n\n\n\n<ul><li>Cuenta gratuita de FileShark<\/li><\/ul>\n\n\n\n<p>Un usuario puede registrarse gratuitamente como una cuenta de usuario en FileShark. Los usuarios de la Cuenta Gratuita de FileShark tienen el mismo beneficio que los usuarios no registrados de FileShark.<\/p>\n\n\n\n<p>1. Una cuenta gratuita puede navegar por el sitio FileShark.<\/p>\n\n\n\n<p>2. Una cuenta de usuario gratuita puede acceder y disfrutar de la mayor\u00eda de las caracter\u00edsticas del sitio FileShark.<\/p>\n\n\n\n<p>3. Un usuario de una cuenta gratuita puede descargar un archivo pero con un l\u00edmite de velocidad de descarga y la velocidad m\u00e1xima es de hasta 150 kilobytes por segundo (kbps) s\u00f3lo como en el caso de los usuarios no registrados de FileShark.<\/p>\n\n\n\n<p>4. Al descargar un archivo, una cuenta gratuita tendr\u00e1 que esperar sesenta (60) segundos antes de que comience la descarga.<\/p>\n\n\n\n<p>5. Una cuenta gratuita no puede ser capaz de descargar varios archivos al mismo tiempo.<\/p>\n\n\n\n<p>6. Cuando un usuario sube un archivo, \u00e9ste no debe tener un tama\u00f1o superior al m\u00e1ximo del archivo, que es de 10240 megabytes (MB), y un usuario s\u00f3lo puede subir veinte (20) archivos al mismo tiempo.<\/p>\n\n\n\n<p>7. Hay un tiempo l\u00edmite para el archivo guardado. Fileshark s\u00f3lo dar\u00e1 a los usuarios de cuentas gratuitas treinta (30) d\u00edas para el almacenamiento de archivos. <\/p>\n\n\n\n<p>8. Un solo usuario puede almacenar datos hasta la capacidad m\u00e1xima, que es de ocho terabytes (8 TB).<\/p>\n\n\n\n<p>9. Una cuenta gratuita s\u00f3lo requiere que descargue hasta treinta gigabytes (30 GB) de datos en un d\u00eda entero o veinticuatro (24) horas.<\/p>\n\n\n\n<ul><li>Cuenta Premium de FileShark<\/li><\/ul>\n\n\n\n<p>\u00bfQu\u00e9 beneficios puede obtener un usuario con la cuenta Premium de FileShark?<\/p>\n\n\n\n<p>1.&nbsp; Un usuario Premium puede navegar y navegar en cualquier lugar del sitio FileShark.<\/p>\n\n\n\n<p>2.&nbsp; Un usuario Premium puede acceder y disfrutar de las mejores caracter\u00edsticas del sitio FileShark.<\/p>\n\n\n\n<p>3. No hay tiempo de espera para las descargas porque los usuarios pueden iniciar las descargas autom\u00e1ticamente de inmediato.<\/p>\n\n\n\n<p>4. Un usuario Premium puede experimentar la velocidad de descarga en el nivel m\u00e1ximo. S\u00f3lo recuerda que la conexi\u00f3n a Internet de un usuario afecta a la velocidad de las descargas, as\u00ed que si la conexi\u00f3n a Internet de un usuario es r\u00e1pida, la descarga del archivo tambi\u00e9n lo ser\u00e1.<\/p>\n\n\n\n<p>5. Un usuario Premium no tiene l\u00edmite de tiempo para el almacenamiento de archivos<\/p>\n\n\n\n<p>6. Un usuario Premium puede descargar varias veces al mismo tiempo o simult\u00e1neamente.<\/p>\n\n\n\n<p>7. Un usuario Premium es una opci\u00f3n para pausar o reanudar las descargas del usuario.<\/p>\n\n\n\n<p>8. Un usuario Premium no esperar\u00e1 m\u00e1s tiempo para las descargas porque la cuenta Premium de FileShark no tiene colas de espera.<\/p>\n\n\n\n<p>9. Un usuario Premium tendr\u00e1 soporte para prop\u00f3sitos de streaming<\/p>\n\n\n\n<p class=\"has-text-align-center\"><strong> FileShark Premium <\/strong><\/p>\n\n\n\n<figure class=\"wp-block-table\"><table class=\"\"><tbody><tr><td class=\"has-text-align-center\" data-align=\"center\">N\u00famero de d\u00edas <\/td><td class=\"has-text-align-center\" data-align=\"center\">Precio en d\u00f3lares (USD) <\/td><td class=\"has-text-align-center\" data-align=\"center\">Precio en euros <\/td><td class=\"has-text-align-center\" data-align=\"center\">Precio en Polonia zloty (PLN) <\/td><\/tr><tr><td class=\"has-text-align-center\" data-align=\"center\">3<\/td><td class=\"has-text-align-center\" data-align=\"center\">$6.99<\/td><td class=\"has-text-align-center\" data-align=\"center\"> \u20ac 6<\/td><td class=\"has-text-align-center\" data-align=\"center\">25 z\u0142<\/td><\/tr><tr><td class=\"has-text-align-center\" data-align=\"center\">15<\/td><td class=\"has-text-align-center\" data-align=\"center\">$8.99<\/td><td class=\"has-text-align-center\" data-align=\"center\"> \u20ac 7.99<\/td><td class=\"has-text-align-center\" data-align=\"center\">33 z\u0142 <\/td><\/tr><tr><td class=\"has-text-align-center\" data-align=\"center\">30<\/td><td class=\"has-text-align-center\" data-align=\"center\">$12.49<\/td><td class=\"has-text-align-center\" data-align=\"center\"> \u20ac 10.99<\/td><td class=\"has-text-align-center\" data-align=\"center\">46 z\u0142 <\/td><\/tr><tr><td class=\"has-text-align-center\" data-align=\"center\">60<\/td><td class=\"has-text-align-center\" data-align=\"center\">$22.99<\/td><td class=\"has-text-align-center\" data-align=\"center\"> \u20ac 19.99<\/td><td class=\"has-text-align-center\" data-align=\"center\">84 z\u0142 <\/td><\/tr><tr><td class=\"has-text-align-center\" data-align=\"center\">90<\/td><td class=\"has-text-align-center\" data-align=\"center\">$32.99<\/td><td class=\"has-text-align-center\" data-align=\"center\"> \u20ac 28.99<\/td><td class=\"has-text-align-center\" data-align=\"center\">121 z\u0142 <\/td><\/tr><tr><td class=\"has-text-align-center\" data-align=\"center\">365<\/td><td class=\"has-text-align-center\" data-align=\"center\">$129<\/td><td class=\"has-text-align-center\" data-align=\"center\"> \u20ac 111<\/td><td class=\"has-text-align-center\" data-align=\"center\">475 z\u0142 <\/td><\/tr><\/tbody><\/table><\/figure>\n\n\n\n<p class=\"has-text-align-center\"><strong> FileShark Premium Cuenta (Doble) <\/strong><\/p>\n\n\n\n<figure class=\"wp-block-table\"><table class=\"\"><tbody><tr><td>N\u00famero total de d\u00edas: <\/td><td>3 d\u00edas<\/td><\/tr><tr><td>Tama\u00f1o de almacenamiento: <\/td><td>100 GB de transferencia \/ 24 horas <\/td><\/tr><tr><td>Precio en USD: <\/td><td> $13.50 <\/td><\/tr><tr><td>Precio en euros: <\/td><td> \u20ac 12 <\/td><\/tr><tr><td>El precio del oro en Polonia: <\/td><td> 49.90 z\u0142 <\/td><\/tr><tr><td><\/td><td><\/td><\/tr><tr><td>N\u00famero total de d\u00edas:  <\/td><td>30 d\u00edas <\/td><\/tr><tr><td>Tama\u00f1o de almacenamiento: <\/td><td>100 GB de transferencia \/ 24 horas <\/td><\/tr><tr><td>Precio en d\u00f3lares (USD): <\/td><td> $24 <\/td><\/tr><tr><td>Precio en euros: <\/td><td> \u20ac20.50 <\/td><\/tr><tr><td>Precio en Polonia PLN: <\/td><td> 91.90 z\u0142 <\/td><\/tr><\/tbody><\/table><\/figure>\n\n\n\n<p>*GB significa Gigabyte<\/p>\n\n\n<a class=\"maxbutton-2 maxbutton maxbutton-cta\" target=\"_blank\" rel=\"nofollow noopener\" href=\"\/go\/\"><span class='mb-text'>&gt;&gt; Ir a la p\u00e1gina web original Linkifier <\/span><\/a>\n\n\n<p><\/p>\n\n\n\n<h2>FileShark Pagos<\/h2>\n\n\n\n<p>Para los pagos de FileShark, un usuario puede pagar la cuenta Premium de FileShark utilizando los m\u00e9todos de pago que se indican a continuaci\u00f3n.<\/p>\n\n\n\n<p>1. Paypal,<\/p>\n\n\n\n<p>2. Visa,<\/p>\n\n\n\n<p>3. MasterCard,<\/p>\n\n\n\n<p>4.American Express or AMEX,<\/p>\n\n\n\n<p>5. Unionpay,<\/p>\n\n\n\n<p>6. Sofort,<\/p>\n\n\n\n<p>7. Ideal,<\/p>\n\n\n\n<p>8. Giropay,&nbsp;<\/p>\n\n\n\n<p>9. Bitcoin, y<\/p>\n\n\n\n<p>10. FileShark Revendedores<br><\/p>\n\n\n\n<p>Tiempo de entrega de FileShark: El tiempo de entrega del producto FileShark Premium es aproximadamente de un (1) minuto a dos (2) horas del d\u00eda despu\u00e9s de pagar.<\/p>\n\n\n\n<h2>La activaci\u00f3n de FileShark Premium Cuenta <\/h2>\n\n\n\n<p>Para activar la cuenta Premium de FileShark, el usuario debe tener la clave o c\u00f3digo para ello. No se preocupe, porque despu\u00e9s de hacer uso de la Cuenta Premium de FileShark, un usuario recibir\u00e1 la clave o c\u00f3digo para la activaci\u00f3n de la Cuenta Premium de FileShark. <\/p>\n\n\n\n<p>Si un usuario ya tiene la llave, s\u00f3lo tiene que seguir los siguientes pasos:<\/p>\n\n\n\n<p>1. Para un usuario que a\u00fan no se ha registrado en FileShark, necesita registrarse primero, por lo que el usuario puede iniciar sesi\u00f3n e ir al Panel de FileShark para introducir la clave o c\u00f3digo del FileShark Premium.  A continuaci\u00f3n, haga clic en el bot\u00f3n \u00abAplicar\u00bb para guardarlo.<br><\/p>\n\n\n\n<p>2. Si una cuenta de usuario ya est\u00e1 registrada, puede iniciar sesi\u00f3n en FileShark e ir al panel de FileShark para introducir la clave o el c\u00f3digo para activar la cuenta Premium de FileShark. A continuaci\u00f3n, haga clic en el bot\u00f3n \u00abAplicar\u00bb para guardarlo.<br><\/p>\n\n\n\n<p>Despu\u00e9s de que se haya introducido y aplicado la clave o c\u00f3digo y haya sido validado por el FileShark, la cuenta gratuita del usuario se cambiar\u00e1 autom\u00e1ticamente a la Cuenta Premium o se ampliar\u00e1 autom\u00e1ticamente la Cuenta Premium.<\/p>\n\n\n\n<h2>Subir archivos en FileShark<\/h2>\n\n\n\n<p>Hay tres (3) maneras para que los usuarios suban un archivo en FileShark :<\/p>\n\n\n\n<p>1. Subir un archivo usando un enlace de Youtube &#8211; Un usuario puede simplemente copiar el enlace del archivo y pegarlo en la barra de Subida de FileShark para subirlo. El tama\u00f1o m\u00e1ximo del archivo es de 1 gigabyte (GB)<br><\/p>\n\n\n\n<p>2. Subir un archivo a la red de nubes &#8211; Usando esta forma, el tama\u00f1o m\u00e1ximo del archivo es de 1 gigabyte (GB).<br><\/p>\n\n\n\n<p>3. Subir usando el Protocolo de Transferencia de Archivos (FTP). Vea a continuaci\u00f3n qu\u00e9 es el FTP.<\/p>\n\n\n\n<p>El tama\u00f1o m\u00e1ximo del archivo es de 1 gigabyte (GB)<\/p>\n\n\n\n<p>Cuando se suba el archivo, se a\u00f1adir\u00e1 y se mostrar\u00e1 en la p\u00e1gina principal de FileShark.<\/p>\n\n\n\n<p>Entonces, \u00bfqu\u00e9 es el FTP?<\/p>\n\n\n\n<p>FTP es el t\u00e9rmino corto para el Protocolo de Transferencia de Archivos. Es un tipo de <a rel=\"noreferrer noopener\" aria-label=\"protocolo  (opens in a new tab)\" href=\"https:\/\/dictionary.cambridge.org\/us\/dictionary\/english\/protocol\" target=\"_blank\">protocolo <\/a>de la Internet y se utiliza para transferir archivos desde un dispositivo en la Internet. Un usuario solicitar\u00e1 un archivo utilizando su dispositivo y luego, hay un servidor, ya sea local o remoto, que proporcionar\u00e1 el archivo que el usuario ha solicitado.<br><\/p>\n\n\n\n<p>A continuaci\u00f3n se muestran las categor\u00edas cuando un usuario subi\u00f3 un archivo:<\/p>\n\n\n\n<p>Todas las categor\u00edas &#8211; Todos los archivos se a\u00f1adir\u00e1n y se mostrar\u00e1n en esta p\u00e1gina, incluyendo el t\u00edtulo de los archivos. <\/p>\n\n\n\n<figure class=\"wp-block-table\"><table class=\"\"><tbody><tr><td> Amateur  <\/td><td> Juegos <\/td><td> Lema <\/td><td> Pol\u00edtica <\/td><td>Programas de televisi\u00f3n <\/td><\/tr><tr><td> Oficina <\/td><td> Historia <\/td><td> M\u00fasica <\/td><td> Tutoriales <\/td><td>Pel\u00edculas rotas <\/td><\/tr><tr><td>Videos extremos <\/td><td> Japon\u00e9s <\/td><td>La ciencia y la tecnolog\u00eda <\/td><td> Ads <\/td><td>Serie de Youtube <\/td><\/tr><tr><td> Pel\u00edculas <\/td><td>Teatro o Teatro Musical <\/td><td> Nostalgia <\/td><td> Sexy <\/td><td>Videos divertidos <\/td><\/tr><tr><td>Fragmentos de pel\u00edcula <\/td><td>Caricaturas o animaciones <\/td><td> Parodias <\/td><td> Deportes <\/td><td> Mascotas <\/td><\/tr><tr><td> Gadgets <\/td><td>Magia <\/td><td>Pel\u00edculas de cerveza <\/td><td> Remolques <\/td><td><\/td><\/tr><\/tbody><\/table><\/figure>\n\n\n\n<h2>Descargando<\/h2>\n\n\n\n<p>Los usuarios de FileShark no registrados, de la cuenta gratuita de FileShark y de la cuenta premium de FileShark pueden descargar archivos usando los enlaces de descarga de FileShark. Para acceder a la p\u00e1gina de descarga de FileShark, el usuario debe hacer clic en los enlaces de descarga de un archivo. Cuando un usuario se encuentra en la p\u00e1gina de descarga de un archivo, s\u00f3lo tiene que hacer clic en el bot\u00f3n \u00abDescargar\u00bb para iniciar la descarga.<\/p>\n\n\n\n<h2>Compartir<\/h2>\n\n\n\n<p>Un usuario puede compartir su archivo o archivos utilizando los enlaces proporcionados por el FileShark. Puede compartirlo en plataformas de medios sociales como Facebook, Twitter e Instagram o incluso en correos electr\u00f3nicos como Yahoo Mail o Google Mail.<\/p>\n\n\n\n<h2>Informes<\/h2>\n\n\n\n<p>Si en alg\u00fan caso se realiza una acci\u00f3n de abuso debe ser reportada a FileShark.<\/p>\n\n\n\n<p>Un usuario, est\u00e9 registrado o no, debe reportar el caso de abuso en la P\u00e1gina de Contacto o en la P\u00e1gina de Reporte de Abuso de FileShark. Debe incluir su direcci\u00f3n de correo electr\u00f3nico y el contenido de la denuncia. Para enviar el informe, s\u00f3lo tiene que hacer clic en el bot\u00f3n \u00abEnviar\u00bb.<\/p>\n\n\n<a class=\"maxbutton-2 maxbutton maxbutton-cta\" target=\"_blank\" rel=\"nofollow noopener\" href=\"\/go\/\"><span class='mb-text'>&gt;&gt; Ir a la p\u00e1gina web original Linkifier <\/span><\/a>\n\n\n<p><\/p>\n","protected":false},"excerpt":{"rendered":"<p>\u00bfQu\u00e9 es FileShark? FileShark es uno de los sitios para subir y bajar archivos en l\u00ednea. Garantiza a los usuarios<\/p>\n","protected":false},"author":2,"featured_media":0,"parent":0,"menu_order":0,"comment_status":"closed","ping_status":"closed","template":"","meta":[],"yoast_head":"<!-- This site is optimized with the Yoast SEO plugin v18.3 - https:\/\/yoast.com\/wordpress\/plugins\/seo\/ -->\n<title>Fileshark Premium Cuenta - El Filehoster de un vistazo<\/title>\n<meta name=\"description\" content=\"Si Fileshark es un proveedor de confianza o no, puedes encontrar la respuesta en el test actual en Multihoster.org \u279c Haz clic ahora \u271a para leer nuestras experiencias!\" \/>\n<meta name=\"robots\" content=\"index, follow, max-snippet:-1, max-image-preview:large, max-video-preview:-1\" \/>\n<link rel=\"canonical\" href=\"https:\/\/multihoster.org\/es\/fileshark\/\" \/>\n<meta property=\"og:locale\" content=\"es_ES\" \/>\n<meta property=\"og:type\" content=\"article\" \/>\n<meta property=\"og:title\" content=\"Fileshark Premium Cuenta - El Filehoster de un vistazo\" \/>\n<meta property=\"og:description\" content=\"Si Fileshark es un proveedor de confianza o no, puedes encontrar la respuesta en el test actual en Multihoster.org \u279c Haz clic ahora \u271a para leer nuestras experiencias!\" \/>\n<meta property=\"og:url\" content=\"https:\/\/multihoster.org\/es\/fileshark\/\" \/>\n<meta property=\"og:site_name\" content=\"Multihoster.org\" \/>\n<meta property=\"article:modified_time\" content=\"2020-03-30T11:32:26+00:00\" \/>\n<meta property=\"og:image\" content=\"https:\/\/lh4.googleusercontent.com\/N5IM2C40_yjvv_zNuUXu_SxRfezN8Y3UuSImioDPIB7qgYp675Bu-9gKwYTRBFSYFMrhZaGjkGxm8jlfgHOY7Rq1gtoupayw2C0T3YGPzQlLEQd--oMxWZwfJxjT65ei4p-A8fA\" \/>\n<meta name=\"twitter:card\" content=\"summary\" \/>\n<meta name=\"twitter:label1\" content=\"Tiempo de lectura\" \/>\n\t<meta name=\"twitter:data1\" content=\"8 minutos\" \/>\n<script type=\"application\/ld+json\" class=\"yoast-schema-graph\">{\"@context\":\"https:\/\/schema.org\",\"@graph\":[{\"@type\":\"WebSite\",\"@id\":\"https:\/\/multihoster.org\/#website\",\"url\":\"https:\/\/multihoster.org\/\",\"name\":\"Multihoster.org\",\"description\":\"Reviews of the major Filehosting services\",\"potentialAction\":[{\"@type\":\"SearchAction\",\"target\":{\"@type\":\"EntryPoint\",\"urlTemplate\":\"https:\/\/multihoster.org\/?s={search_term_string}\"},\"query-input\":\"required name=search_term_string\"}],\"inLanguage\":\"es\"},{\"@type\":\"ImageObject\",\"@id\":\"https:\/\/multihoster.org\/es\/fileshark\/#primaryimage\",\"inLanguage\":\"es\",\"url\":\"https:\/\/lh4.googleusercontent.com\/N5IM2C40_yjvv_zNuUXu_SxRfezN8Y3UuSImioDPIB7qgYp675Bu-9gKwYTRBFSYFMrhZaGjkGxm8jlfgHOY7Rq1gtoupayw2C0T3YGPzQlLEQd--oMxWZwfJxjT65ei4p-A8fA\",\"contentUrl\":\"https:\/\/lh4.googleusercontent.com\/N5IM2C40_yjvv_zNuUXu_SxRfezN8Y3UuSImioDPIB7qgYp675Bu-9gKwYTRBFSYFMrhZaGjkGxm8jlfgHOY7Rq1gtoupayw2C0T3YGPzQlLEQd--oMxWZwfJxjT65ei4p-A8fA\"},{\"@type\":\"WebPage\",\"@id\":\"https:\/\/multihoster.org\/es\/fileshark\/#webpage\",\"url\":\"https:\/\/multihoster.org\/es\/fileshark\/\",\"name\":\"Fileshark Premium Cuenta - El Filehoster de un vistazo\",\"isPartOf\":{\"@id\":\"https:\/\/multihoster.org\/#website\"},\"primaryImageOfPage\":{\"@id\":\"https:\/\/multihoster.org\/es\/fileshark\/#primaryimage\"},\"datePublished\":\"2020-03-23T14:50:21+00:00\",\"dateModified\":\"2020-03-30T11:32:26+00:00\",\"description\":\"Si Fileshark es un proveedor de confianza o no, puedes encontrar la respuesta en el test actual en Multihoster.org \u279c Haz clic ahora \u271a para leer nuestras experiencias!\",\"breadcrumb\":{\"@id\":\"https:\/\/multihoster.org\/es\/fileshark\/#breadcrumb\"},\"inLanguage\":\"es\",\"potentialAction\":[{\"@type\":\"ReadAction\",\"target\":[\"https:\/\/multihoster.org\/es\/fileshark\/\"]}]},{\"@type\":\"BreadcrumbList\",\"@id\":\"https:\/\/multihoster.org\/es\/fileshark\/#breadcrumb\",\"itemListElement\":[{\"@type\":\"ListItem\",\"position\":1,\"name\":\"Startseite\",\"item\":\"https:\/\/multihoster.org\/es\/\"},{\"@type\":\"ListItem\",\"position\":2,\"name\":\"Fileshark Premium Cuenta: El Filehoster De Un Vistazo\"}]}]}<\/script>\n<!-- \/ Yoast SEO plugin. -->","yoast_head_json":{"title":"Fileshark Premium Cuenta - El Filehoster de un vistazo","description":"Si Fileshark es un proveedor de confianza o no, puedes encontrar la respuesta en el test actual en Multihoster.org \u279c Haz clic ahora \u271a para leer nuestras experiencias!","robots":{"index":"index","follow":"follow","max-snippet":"max-snippet:-1","max-image-preview":"max-image-preview:large","max-video-preview":"max-video-preview:-1"},"canonical":"https:\/\/multihoster.org\/es\/fileshark\/","og_locale":"es_ES","og_type":"article","og_title":"Fileshark Premium Cuenta - El Filehoster de un vistazo","og_description":"Si Fileshark es un proveedor de confianza o no, puedes encontrar la respuesta en el test actual en Multihoster.org \u279c Haz clic ahora \u271a para leer nuestras experiencias!","og_url":"https:\/\/multihoster.org\/es\/fileshark\/","og_site_name":"Multihoster.org","article_modified_time":"2020-03-30T11:32:26+00:00","og_image":[{"url":"https:\/\/lh4.googleusercontent.com\/N5IM2C40_yjvv_zNuUXu_SxRfezN8Y3UuSImioDPIB7qgYp675Bu-9gKwYTRBFSYFMrhZaGjkGxm8jlfgHOY7Rq1gtoupayw2C0T3YGPzQlLEQd--oMxWZwfJxjT65ei4p-A8fA"}],"twitter_card":"summary","twitter_misc":{"Tiempo de lectura":"8 minutos"},"schema":{"@context":"https:\/\/schema.org","@graph":[{"@type":"WebSite","@id":"https:\/\/multihoster.org\/#website","url":"https:\/\/multihoster.org\/","name":"Multihoster.org","description":"Reviews of the major Filehosting services","potentialAction":[{"@type":"SearchAction","target":{"@type":"EntryPoint","urlTemplate":"https:\/\/multihoster.org\/?s={search_term_string}"},"query-input":"required name=search_term_string"}],"inLanguage":"es"},{"@type":"ImageObject","@id":"https:\/\/multihoster.org\/es\/fileshark\/#primaryimage","inLanguage":"es","url":"https:\/\/lh4.googleusercontent.com\/N5IM2C40_yjvv_zNuUXu_SxRfezN8Y3UuSImioDPIB7qgYp675Bu-9gKwYTRBFSYFMrhZaGjkGxm8jlfgHOY7Rq1gtoupayw2C0T3YGPzQlLEQd--oMxWZwfJxjT65ei4p-A8fA","contentUrl":"https:\/\/lh4.googleusercontent.com\/N5IM2C40_yjvv_zNuUXu_SxRfezN8Y3UuSImioDPIB7qgYp675Bu-9gKwYTRBFSYFMrhZaGjkGxm8jlfgHOY7Rq1gtoupayw2C0T3YGPzQlLEQd--oMxWZwfJxjT65ei4p-A8fA"},{"@type":"WebPage","@id":"https:\/\/multihoster.org\/es\/fileshark\/#webpage","url":"https:\/\/multihoster.org\/es\/fileshark\/","name":"Fileshark Premium Cuenta - El Filehoster de un vistazo","isPartOf":{"@id":"https:\/\/multihoster.org\/#website"},"primaryImageOfPage":{"@id":"https:\/\/multihoster.org\/es\/fileshark\/#primaryimage"},"datePublished":"2020-03-23T14:50:21+00:00","dateModified":"2020-03-30T11:32:26+00:00","description":"Si Fileshark es un proveedor de confianza o no, puedes encontrar la respuesta en el test actual en Multihoster.org \u279c Haz clic ahora \u271a para leer nuestras experiencias!","breadcrumb":{"@id":"https:\/\/multihoster.org\/es\/fileshark\/#breadcrumb"},"inLanguage":"es","potentialAction":[{"@type":"ReadAction","target":["https:\/\/multihoster.org\/es\/fileshark\/"]}]},{"@type":"BreadcrumbList","@id":"https:\/\/multihoster.org\/es\/fileshark\/#breadcrumb","itemListElement":[{"@type":"ListItem","position":1,"name":"Startseite","item":"https:\/\/multihoster.org\/es\/"},{"@type":"ListItem","position":2,"name":"Fileshark Premium Cuenta: El Filehoster De Un Vistazo"}]}]}},"_links":{"self":[{"href":"https:\/\/multihoster.org\/es\/wp-json\/wp\/v2\/pages\/2630"}],"collection":[{"href":"https:\/\/multihoster.org\/es\/wp-json\/wp\/v2\/pages"}],"about":[{"href":"https:\/\/multihoster.org\/es\/wp-json\/wp\/v2\/types\/page"}],"author":[{"embeddable":true,"href":"https:\/\/multihoster.org\/es\/wp-json\/wp\/v2\/users\/2"}],"replies":[{"embeddable":true,"href":"https:\/\/multihoster.org\/es\/wp-json\/wp\/v2\/comments?post=2630"}],"version-history":[{"count":4,"href":"https:\/\/multihoster.org\/es\/wp-json\/wp\/v2\/pages\/2630\/revisions"}],"predecessor-version":[{"id":2788,"href":"https:\/\/multihoster.org\/es\/wp-json\/wp\/v2\/pages\/2630\/revisions\/2788"}],"wp:attachment":[{"href":"https:\/\/multihoster.org\/es\/wp-json\/wp\/v2\/media?parent=2630"}],"curies":[{"name":"wp","href":"https:\/\/api.w.org\/{rel}","templated":true}]}}