{"id":2657,"date":"2020-03-24T10:34:03","date_gmt":"2020-03-24T10:34:03","guid":{"rendered":"https:\/\/multihoster.org\/?page_id=2657"},"modified":"2020-03-30T11:39:04","modified_gmt":"2020-03-30T11:39:04","slug":"filespace","status":"publish","type":"page","link":"https:\/\/multihoster.org\/es\/filespace\/","title":{"rendered":"FileSpace Premium Cuenta: El Filehoster De Un Vistazo"},"content":{"rendered":"\n<figure class=\"wp-block-image\"><img src=\"https:\/\/lh4.googleusercontent.com\/ZlNxd9tp6QAC8NYVn7sS81txC1GN292jtBZXWzo5HeZmw7cG-D62mGS9VIPg_g9wXTN3YgBUTKdFfpRXi1ks9dHqy8SQs1OU77XHIIGd4BKzqx0H0b5sP_VAu_TudblE8pKPbSA\" alt=\"FileSpace logo\"\/><\/figure>\n\n\n\n<p>El sitio FileSpace est\u00e1 considerado como uno de los mejores proveedores de alojamiento de archivos del mundo. Est\u00e1 ubicado en Bayside Ltd, 112 Bonadie Street, Kingstown, en el pa\u00eds de San Vicente y las Granadinas. <\/p>\n\n\n\n<p>El FileSpace aument\u00f3 el n\u00famero de sus servidores para proporcionar m\u00e1s que suficiente capacidad de espacio de almacenamiento para sus usuarios o clientes. Tambi\u00e9n ofrece espacio de almacenamiento en l\u00ednea para facilitar la carga, el intercambio y el mantenimiento de uno o varios archivos.<\/p>\n\n\n\n<p>Adem\u00e1s, el sitio del FileSpace ofrece a los usuarios subir, descargar, compartir y almacenar sus diferentes archivos en l\u00ednea. A trav\u00e9s del FileSpace, un usuario siempre puede acceder y gestionar sus archivos de forma f\u00e1cil y r\u00e1pida cuando lo necesite y dondequiera que est\u00e9: en el trabajo, en la escuela, en casa, en los centros comerciales, en los restaurantes o incluso en el coche. Tambi\u00e9n admite la funci\u00f3n de carga con el <a rel=\"noreferrer noopener\" aria-label=\"Protocolo de transferencia de archivos (opens in a new tab)\" href=\"https:\/\/www.webopedia.com\/TERM\/F\/ftp.html\" target=\"_blank\">Protocolo de transferencia de archivos<\/a> o carga FTP, carga en la Web y carga remota.<\/p>\n\n\n\n<p>El sitio de FileSpace est\u00e1 soportado con diferentes idiomas; estos son el ingl\u00e9s, alem\u00e1n, indonesio, espa\u00f1ol, tailand\u00e9s, franc\u00e9s, turco, \u00e1rabe, ruso, japon\u00e9s, polaco, holand\u00e9s y hebreo. Un usuario puede cambiar a estos diferentes idiomas seg\u00fan lo que entienda.<\/p>\n\n\n<a class=\"maxbutton-2 maxbutton maxbutton-cta\" target=\"_blank\" rel=\"nofollow noopener\" href=\"\/go\/\"><span class='mb-text'>&gt;&gt; Ir a la p\u00e1gina web original de Linkifier <\/span><\/a>\n\n\n<p><\/p>\n\n\n\n<h2>Dos de las caracter\u00edsticas de FileSpace<\/h2>\n\n\n\n<h3>La funci\u00f3n de comprobaci\u00f3n de enlaces del espacio de archivos<\/h3>\n\n\n\n<p>El FileSpace tiene una caracter\u00edstica llamada Link Checker cuya funci\u00f3n es comprobar el Localizador Uniforme de Recursos o el Enlace URL de un archivo o archivos si \u00e9stos est\u00e1n disponibles o no en la base de datos y el servidor del FileSpace.<\/p>\n\n\n\n<p>Para comprobar si un archivo est\u00e1 disponible, s\u00f3lo hay que poner el enlace URL de un archivo en la casilla de Comprobaci\u00f3n de Enlaces (por favor, mira la imagen de abajo) y hacer clic en el bot\u00f3n \u00abComprobar URL\u00bb para enviar. Entonces, el sistema de FileSpace ser\u00e1 el que lo compruebe por usted autom\u00e1ticamente.<br><\/p>\n\n\n\n<figure class=\"wp-block-image\"><img src=\"https:\/\/lh3.googleusercontent.com\/ct8ssgeQ3Tc9slZLlOKbro7K0knCMN1O8xlIF94jUoU6tVLnxtN1LdhRt7zSuYr0t2ojlR3V3Vhl_2uG9mxGjpziKHk6CzySYdQJPRNs-6mzsde67spjnW8C7LGrcRxT7-IPlnI\" alt=\"FileSpace Link Checker - URL field\"\/><\/figure>\n\n\n\n<h3>La funci\u00f3n de recuperaci\u00f3n de contrase\u00f1a de FileSpace<\/h3>\n\n\n\n<p>Un usuario del FileSpace puede olvidar la contrase\u00f1a de su cuenta a veces, pero no tiene que preocuparse, porque el FileSpace tiene una caracter\u00edstica que se llama Recuperaci\u00f3n de Contrase\u00f1a para recuperar la contrase\u00f1a de la cuenta de sus usuarios.<\/p>\n\n\n\n<p>\u00bfCu\u00e1les son los detalles que un usuario necesita para la recuperaci\u00f3n de la contrase\u00f1a?<\/p>\n\n\n\n<ul><li>El nombre de usuario o la direcci\u00f3n de correo electr\u00f3nico del usuario del FileSpace. (Aseg\u00farese de que la direcci\u00f3n de correo electr\u00f3nico introducida es v\u00e1lida y activa para recibir el correo electr\u00f3nico del Espacio de Archivo).<\/li><li>Se necesita que el <a rel=\"noreferrer noopener\" aria-label=\"CAPTCHA  (opens in a new tab)\" href=\"https:\/\/en.wikipedia.org\/wiki\/CAPTCHA\" target=\"_blank\">CAPTCHA <\/a>sea correcto para proceder.<\/li><\/ul>\n\n\n\n<p>Para que el FileSpace env\u00ede la nueva contrase\u00f1a para su recuperaci\u00f3n a la direcci\u00f3n de correo electr\u00f3nico del usuario, \u00e9ste debe hacer clic en el bot\u00f3n \u00abRestablecer mi contrase\u00f1a\u00bb para enviar la solicitud de recuperaci\u00f3n de la contrase\u00f1a. <\/p>\n\n\n\n<p>Un usuario debe revisar sus carpetas de correo electr\u00f3nico (Bandeja de entrada, Spam o Basura) en busca del mensaje de recuperaci\u00f3n de contrase\u00f1a de FileSpace. Un usuario puede cambiar su nueva contrase\u00f1a enviada por el FileSpace en la configuraci\u00f3n de su cuenta en el sitio FileSpace.<\/p>\n\n\n\n<h2>Las caracter\u00edsticas de las cuentas de FileSpace<\/h2>\n\n\n\n<p>FileSpace tiene dos tipos diferentes de cuentas. Estas son la cuenta regular de FileSpace y la cuenta premium de FileSpace. Vea la siguiente tabla para saber la diferencia entre los dos tipos de cuentas de FileSpace.<\/p>\n\n\n\n<figure class=\"wp-block-table\"><table class=\"\"><tbody><tr><td>Diferentes caracter\u00edsticas del espacio de archivos <\/td><td>Diferentes tipos de cuenta de FileSpace<\/td><\/tr><tr><td>Cuenta corriente<\/td><td>\u22c6Premium Cuenta<\/td><\/tr><tr><td>La velocidad de descarga de un archivo<\/td><td>Cien kilobytes por segundo (100 KB\/s)<\/td><td>ilimitado<\/td><\/tr><tr><td>Hora de inicio de la descarga<\/td><td>La descarga comenzar\u00e1 despu\u00e9s de sesenta (60) segundos<\/td><td>La descarga comenzar\u00e1 inmediatamente<\/td><\/tr><tr><td>\u00bfCu\u00e1ntos archivos se pueden descargar?<\/td><td>S\u00f3lo puede descargar un archivo a la vez<\/td><td>Puede descargar varios n\u00fameros de archivos al mismo tiempo<\/td><\/tr><tr><td>\u00bfCu\u00e1nto tiempo se puede almacenar un archivo?<\/td><td>Los archivos pueden ser almacenados por exactamente sesenta (60) d\u00edas s\u00f3lo despu\u00e9s de la \u00faltima descarga<\/td><td>ilimitado<\/td><\/tr><tr><td>\u00bfCu\u00e1nto espacio para el almacenamiento?<\/td><td>Cincuenta gigabytes (50 GB) o cincuenta mil megabytes (50000 MB)<\/td><td>Quinientos gigabytes (500 GB) o quinientos mil megabytes (500000 MB)<\/td><\/tr><tr><td>\u00bfPuede un usuario descargar un archivo directamente?<\/td><td><strong>X<\/strong><\/td><td>\u2714&nbsp;<\/td><\/tr><tr><td>\u00bfPuede un usuario subir un archivo usando el Protocolo de Transferencia de Archivos o el FTP?<\/td><td><strong>X<\/strong><\/td><td>\u2714<\/td><\/tr><tr><td>\u00bfPuede un usuario subir un archivo de forma remota?<\/td><td><strong>X<\/strong><\/td><td>\u2714<\/td><\/tr><tr><td>Subir a la web<\/td><td>\u2714<\/td><td>\u2714<\/td><\/tr><tr><td>Contiene anuncios<\/td><td>\u2714<\/td><td><strong>X<\/strong><\/td><\/tr><\/tbody><\/table><\/figure>\n\n\n\n<p><\/p>\n\n\n\n<h2>Paquetes de cuentas Premium de FileSpace<\/h2>\n\n\n\n<p>El FileSpace tiene diferentes planes para la cuenta Premium del FileSpace. El precio del plan depende del n\u00famero de d\u00edas. Ver la siguiente tabla.<\/p>\n\n\n\n<figure class=\"wp-block-table\"><table class=\"\"><tbody><tr><td><strong>Los planes de cuenta Premium de FileSpace<\/strong><\/td><\/tr><tr><td>\u00bfCu\u00e1ntos d\u00edas?<\/td><td>\u00bfCu\u00e1nto es el precio?<\/td><\/tr><tr><td>30 d\u00edas<\/td><td>13.71 USD<\/td><\/tr><tr><td>90 d\u00edas <\/td><td>34.92 USD<\/td><\/tr><tr><td>330 d\u00edas <\/td><td>97.54 USD<\/td><\/tr><\/tbody><\/table><\/figure>\n\n\n<a class=\"maxbutton-2 maxbutton maxbutton-cta\" target=\"_blank\" rel=\"nofollow noopener\" href=\"\/go\/\"><span class='mb-text'>&gt;&gt; Ir a la p\u00e1gina web original de Linkifier <\/span><\/a>\n\n\n<p><\/p>\n\n\n\n<h2>M\u00e9todos de pago de FileSpace<\/h2>\n\n\n\n<p>Las opciones del sistema de pago del FileSpace se actualizan para que los usuarios tengan m\u00e1s opciones y comodidad a la hora de pagar los planes de cuentas Premium de FileShare. Por lo tanto, no hay necesidad de preocuparse porque el pago aqu\u00ed en el FileSpace es muy preciso y muy fiable.<\/p>\n\n\n\n<figure class=\"wp-block-table\"><table class=\"\"><tbody><tr><td><strong>\u00bfC\u00f3mo se paga el Plan de Cuenta Premium de FileSpace?<\/strong><\/td><\/tr><tr><td>Tarjetas de cr\u00e9dito (Visa y MasterCard)<\/td><td>Web Money Transfer o WMZ<\/td><td>Sofort Banking<\/td><\/tr><tr><td>PayPal<\/td><td>Cartera QIWI y carteras digitales<\/td><td>PaySafeCard<\/td><\/tr><tr><td>Bitcoin, Ripple, Litecoin, and Ethereum<\/td><td>AdvCash<\/td><td>CashU<\/td><\/tr><tr><td>Skrill<\/td><td>TrustPay (Internet Banking)<\/td><td>AliPay<\/td><\/tr><tr><td>Taobao.com<\/td><td>Interkassa<\/td><td>Revendedores oficiales de FileSpace<\/td><\/tr><\/tbody><\/table><\/figure>\n\n\n\n<p>Para la clave de la cuenta Premium de FileSpace, el FileSpace tiene muchos revendedores de confianza. Un usuario puede comprar de estos revendedores del FileSpace porque ellos venden las Claves de Cuenta Premium de FileSpace. <\/p>\n\n\n\n<p>Si un usuario tiene m\u00e1s preguntas sobre el pago y los planes o servicios de FileSpace Premium, puede ponerse en contacto con el servicio de atenci\u00f3n al cliente de FileSpace enviando un mensaje a su direcci\u00f3n de correo electr\u00f3nico en cs@filespace.com.<\/p>\n\n\n\n<h2>Programa de Afiliados de FileSpace: Sea uno de los afiliados de FileSpace!<\/h2>\n\n\n\n<p>FileSpace cre\u00f3 un programa llamado \u00abPrograma de Afiliados\u00bb que da a sus usuarios o miembros una oportunidad de ganar usando el sitio.<\/p>\n\n\n\n<p>A continuaci\u00f3n se detallan los siguientes beneficios que un usuario o miembro de FileSpace puede obtener cuando se une al Programa de Afiliados:<\/p>\n\n\n\n<p>&nbsp;&nbsp;\u2022 Un usuario de Filespace puede ganar hasta el sesenta por ciento (60%) de las ventas de Filespace Premium usando el modo de beneficio Pay Per Sale o PPS.<\/p>\n\n\n\n<p>&nbsp;&nbsp;\u2022 Un usuario de Filespace puede ganar hasta treinta y ocho d\u00f3lares ($38) por cada mil (1000) descargas, m\u00e1s el veinte por ciento (20%) de las ventas de Filespace en modo de beneficio mixto.<\/p>\n\n\n\n<p>&nbsp;&nbsp;\u2022 El Filespace da un veinte por ciento (20%) para que los propietarios del sitio web del Filespace ganen y un cinco por ciento (5%) para las ganancias de la remisi\u00f3n. En cuanto a las ganancias por remisi\u00f3n, significa que todas las personas que se hayan registrado y se hayan unido con \u00e9xito al FileSpace utilizando los enlaces del miembro del FileSpace se a\u00f1adir\u00e1n autom\u00e1ticamente a las remisiones del miembro.<\/p>\n\n\n\n<p>&nbsp;&nbsp;\u2022 Las estad\u00edsticas son muy detalladas y tambi\u00e9n tiene acceso al Protocolo de Transferencia de Archivos o FTP y a la subida de la URL remota.<\/p>\n\n\n\n<p>&nbsp;&nbsp;\u2022 Los pagos de Filespace para esto se completan en dos (2) d\u00edas h\u00e1biles. La cantidad m\u00ednima de pago del Filespace es tan baja como diez d\u00f3lares (10). Est\u00e1n pagando a sus usuarios o clientes a trav\u00e9s de WebMoney, Bitcoin o Ethereum u otras monedas digitales, PayPal, AdvCash, y otros (Por favor, consulte las opciones de pago anteriores).<br><\/p>\n\n\n\n<p>Un usuario del sitio FileSpace tiene la libertad de elegir su modo de ganancia en el Programa de Afiliados. Por favor, vea los siguientes modos de beneficio.<\/p>\n\n\n\n<h3>Dos (2) modos de beneficio del espacio de archivos<\/h3>\n\n\n\n<p>1. Pago por venta o PPS &#8211; Utilizando este modo, un usuario puede ganar hasta el sesenta por ciento (60%) de la venta inicial de cada usuario o miembro de FileSpace y el cincuenta por ciento (50%) para las dem\u00e1s ventas y facturas.<\/p>\n\n\n\n<p>2. Mezcla del pago por descarga o PPD + pago por venta o PPS &#8211; Usando este modo, un usuario puede ganar hasta veinte d\u00f3lares ($20) por cada mil (1000) descargas y veinte por ciento (20%) por todas las ventas y facturas.<\/p>\n\n\n\n<h3>\u00bfC\u00f3mo solicitar la adhesi\u00f3n al programa de afiliados del Filespace?<\/h3>\n\n\n\n<p>Para que un usuario solicite unirse al Programa de Afiliados del Filespace, necesita crear un mensaje por correo electr\u00f3nico o a trav\u00e9s de la p\u00e1gina de contacto del sitio FileSpace. <\/p>\n\n\n\n<p>Un usuario necesita copiar el <a rel=\"noreferrer noopener\" aria-label=\"Localizador Uniforme de Recursos (opens in a new tab)\" href=\"https:\/\/en.wikipedia.org\/wiki\/URL\" target=\"_blank\">Localizador Uniforme de Recursos<\/a> o el enlace URL de su sitio web o los enlaces URL de sus publicaciones en otros sitios web como foros, blogs, medios sociales y otros. \u00c9l o ella debe pegar el enlace en el contenido del mensaje y enviarlo al correo electr\u00f3nico del FileSpace o si est\u00e1 utilizando el sitio Filespace, s\u00f3lo tiene que hacer clic en el bot\u00f3n \u00abEnviar\u00bb para enviar la solicitud. <br><\/p>\n\n\n\n<p>Tambi\u00e9n puede incluir el tama\u00f1o del espacio que necesita para el almacenamiento de los archivos. Tambi\u00e9n puede proporcionar cualquier detalle importante en el contenido del mensaje. Un usuario tambi\u00e9n puede a\u00f1adir su contacto. <\/p>\n\n\n\n<p>El director de afiliados del FileSpace ser\u00e1 el responsable de responder a las solicitudes o mensajes de los usuarios en s\u00f3lo cuarenta y ocho horas (48 hrs).<\/p>\n\n\n\n<h2>\u00bfTiene alguna pregunta o preocupaci\u00f3n?<\/h2>\n\n\n\n<p>Si alguna vez un usuario tiene una pregunta o preocupaci\u00f3n sobre el sitio FileSpace, planes premium, pagos, programa de afiliados, caracter\u00edsticas y servicios, \u00e9l o ella no necesita dudar en contactar con el FileSpace a trav\u00e9s de su direcci\u00f3n de correo electr\u00f3nico en cs@filespace.com o a trav\u00e9s del formulario de contacto en su sitio FileSpace (http:\/\/www.filespace.com) o a trav\u00e9s de su n\u00famero de tel\u00e9fono que es 855-218-6668, pero antes de enviar un mensaje amablemente t\u00f3mese un tiempo para leer los T\u00e9rminos de Servicio y Pol\u00edtica del FileSpace. <\/p>\n\n\n\n<p>El FileSpace es muy responsable de responder a las preguntas y preocupaciones de los usuarios. Siempre se espera que env\u00eden una respuesta dentro de dos (2) d\u00edas h\u00e1biles.<\/p>\n\n\n<a class=\"maxbutton-2 maxbutton maxbutton-cta\" target=\"_blank\" rel=\"nofollow noopener\" href=\"\/go\/\"><span class='mb-text'>&gt;&gt; Ir a la p\u00e1gina web original de Linkifier <\/span><\/a>\n\n\n<p><br><\/p>\n","protected":false},"excerpt":{"rendered":"<p>El sitio FileSpace est\u00e1 considerado como uno de los mejores proveedores de alojamiento de archivos del mundo. Est\u00e1 ubicado en<\/p>\n","protected":false},"author":2,"featured_media":0,"parent":0,"menu_order":0,"comment_status":"closed","ping_status":"closed","template":"","meta":[],"yoast_head":"<!-- This site is optimized with the Yoast SEO plugin v18.3 - https:\/\/yoast.com\/wordpress\/plugins\/seo\/ -->\n<title>FileSpace Premium Cuenta - El Filehoster de un vistazo<\/title>\n<meta name=\"description\" content=\"Si FileSpace es un proveedor de confianza o no, puedes encontrar la respuesta en el test actual en Multihoster.org \u279c Haz clic ahora \u271a para leer nuestras experiencias!\" \/>\n<meta name=\"robots\" content=\"index, follow, max-snippet:-1, max-image-preview:large, max-video-preview:-1\" \/>\n<link rel=\"canonical\" href=\"https:\/\/multihoster.org\/es\/filespace\/\" \/>\n<meta property=\"og:locale\" content=\"es_ES\" \/>\n<meta property=\"og:type\" content=\"article\" \/>\n<meta property=\"og:title\" content=\"FileSpace Premium Cuenta - El Filehoster de un vistazo\" \/>\n<meta property=\"og:description\" content=\"Si FileSpace es un proveedor de confianza o no, puedes encontrar la respuesta en el test actual en Multihoster.org \u279c Haz clic ahora \u271a para leer nuestras experiencias!\" \/>\n<meta property=\"og:url\" content=\"https:\/\/multihoster.org\/es\/filespace\/\" \/>\n<meta property=\"og:site_name\" content=\"Multihoster.org\" \/>\n<meta property=\"article:modified_time\" content=\"2020-03-30T11:39:04+00:00\" \/>\n<meta property=\"og:image\" content=\"https:\/\/lh4.googleusercontent.com\/ZlNxd9tp6QAC8NYVn7sS81txC1GN292jtBZXWzo5HeZmw7cG-D62mGS9VIPg_g9wXTN3YgBUTKdFfpRXi1ks9dHqy8SQs1OU77XHIIGd4BKzqx0H0b5sP_VAu_TudblE8pKPbSA\" \/>\n<meta name=\"twitter:card\" content=\"summary\" \/>\n<meta name=\"twitter:label1\" content=\"Tiempo de lectura\" \/>\n\t<meta name=\"twitter:data1\" content=\"9 minutos\" \/>\n<script type=\"application\/ld+json\" class=\"yoast-schema-graph\">{\"@context\":\"https:\/\/schema.org\",\"@graph\":[{\"@type\":\"WebSite\",\"@id\":\"https:\/\/multihoster.org\/#website\",\"url\":\"https:\/\/multihoster.org\/\",\"name\":\"Multihoster.org\",\"description\":\"Reviews of the major Filehosting services\",\"potentialAction\":[{\"@type\":\"SearchAction\",\"target\":{\"@type\":\"EntryPoint\",\"urlTemplate\":\"https:\/\/multihoster.org\/?s={search_term_string}\"},\"query-input\":\"required name=search_term_string\"}],\"inLanguage\":\"es\"},{\"@type\":\"ImageObject\",\"@id\":\"https:\/\/multihoster.org\/es\/filespace\/#primaryimage\",\"inLanguage\":\"es\",\"url\":\"https:\/\/lh4.googleusercontent.com\/ZlNxd9tp6QAC8NYVn7sS81txC1GN292jtBZXWzo5HeZmw7cG-D62mGS9VIPg_g9wXTN3YgBUTKdFfpRXi1ks9dHqy8SQs1OU77XHIIGd4BKzqx0H0b5sP_VAu_TudblE8pKPbSA\",\"contentUrl\":\"https:\/\/lh4.googleusercontent.com\/ZlNxd9tp6QAC8NYVn7sS81txC1GN292jtBZXWzo5HeZmw7cG-D62mGS9VIPg_g9wXTN3YgBUTKdFfpRXi1ks9dHqy8SQs1OU77XHIIGd4BKzqx0H0b5sP_VAu_TudblE8pKPbSA\"},{\"@type\":\"WebPage\",\"@id\":\"https:\/\/multihoster.org\/es\/filespace\/#webpage\",\"url\":\"https:\/\/multihoster.org\/es\/filespace\/\",\"name\":\"FileSpace Premium Cuenta - El Filehoster de un vistazo\",\"isPartOf\":{\"@id\":\"https:\/\/multihoster.org\/#website\"},\"primaryImageOfPage\":{\"@id\":\"https:\/\/multihoster.org\/es\/filespace\/#primaryimage\"},\"datePublished\":\"2020-03-24T10:34:03+00:00\",\"dateModified\":\"2020-03-30T11:39:04+00:00\",\"description\":\"Si FileSpace es un proveedor de confianza o no, puedes encontrar la respuesta en el test actual en Multihoster.org \u279c Haz clic ahora \u271a para leer nuestras experiencias!\",\"breadcrumb\":{\"@id\":\"https:\/\/multihoster.org\/es\/filespace\/#breadcrumb\"},\"inLanguage\":\"es\",\"potentialAction\":[{\"@type\":\"ReadAction\",\"target\":[\"https:\/\/multihoster.org\/es\/filespace\/\"]}]},{\"@type\":\"BreadcrumbList\",\"@id\":\"https:\/\/multihoster.org\/es\/filespace\/#breadcrumb\",\"itemListElement\":[{\"@type\":\"ListItem\",\"position\":1,\"name\":\"Startseite\",\"item\":\"https:\/\/multihoster.org\/es\/\"},{\"@type\":\"ListItem\",\"position\":2,\"name\":\"FileSpace Premium Cuenta: El Filehoster De Un Vistazo\"}]}]}<\/script>\n<!-- \/ Yoast SEO plugin. -->","yoast_head_json":{"title":"FileSpace Premium Cuenta - El Filehoster de un vistazo","description":"Si FileSpace es un proveedor de confianza o no, puedes encontrar la respuesta en el test actual en Multihoster.org \u279c Haz clic ahora \u271a para leer nuestras experiencias!","robots":{"index":"index","follow":"follow","max-snippet":"max-snippet:-1","max-image-preview":"max-image-preview:large","max-video-preview":"max-video-preview:-1"},"canonical":"https:\/\/multihoster.org\/es\/filespace\/","og_locale":"es_ES","og_type":"article","og_title":"FileSpace Premium Cuenta - El Filehoster de un vistazo","og_description":"Si FileSpace es un proveedor de confianza o no, puedes encontrar la respuesta en el test actual en Multihoster.org \u279c Haz clic ahora \u271a para leer nuestras experiencias!","og_url":"https:\/\/multihoster.org\/es\/filespace\/","og_site_name":"Multihoster.org","article_modified_time":"2020-03-30T11:39:04+00:00","og_image":[{"url":"https:\/\/lh4.googleusercontent.com\/ZlNxd9tp6QAC8NYVn7sS81txC1GN292jtBZXWzo5HeZmw7cG-D62mGS9VIPg_g9wXTN3YgBUTKdFfpRXi1ks9dHqy8SQs1OU77XHIIGd4BKzqx0H0b5sP_VAu_TudblE8pKPbSA"}],"twitter_card":"summary","twitter_misc":{"Tiempo de lectura":"9 minutos"},"schema":{"@context":"https:\/\/schema.org","@graph":[{"@type":"WebSite","@id":"https:\/\/multihoster.org\/#website","url":"https:\/\/multihoster.org\/","name":"Multihoster.org","description":"Reviews of the major Filehosting services","potentialAction":[{"@type":"SearchAction","target":{"@type":"EntryPoint","urlTemplate":"https:\/\/multihoster.org\/?s={search_term_string}"},"query-input":"required name=search_term_string"}],"inLanguage":"es"},{"@type":"ImageObject","@id":"https:\/\/multihoster.org\/es\/filespace\/#primaryimage","inLanguage":"es","url":"https:\/\/lh4.googleusercontent.com\/ZlNxd9tp6QAC8NYVn7sS81txC1GN292jtBZXWzo5HeZmw7cG-D62mGS9VIPg_g9wXTN3YgBUTKdFfpRXi1ks9dHqy8SQs1OU77XHIIGd4BKzqx0H0b5sP_VAu_TudblE8pKPbSA","contentUrl":"https:\/\/lh4.googleusercontent.com\/ZlNxd9tp6QAC8NYVn7sS81txC1GN292jtBZXWzo5HeZmw7cG-D62mGS9VIPg_g9wXTN3YgBUTKdFfpRXi1ks9dHqy8SQs1OU77XHIIGd4BKzqx0H0b5sP_VAu_TudblE8pKPbSA"},{"@type":"WebPage","@id":"https:\/\/multihoster.org\/es\/filespace\/#webpage","url":"https:\/\/multihoster.org\/es\/filespace\/","name":"FileSpace Premium Cuenta - El Filehoster de un vistazo","isPartOf":{"@id":"https:\/\/multihoster.org\/#website"},"primaryImageOfPage":{"@id":"https:\/\/multihoster.org\/es\/filespace\/#primaryimage"},"datePublished":"2020-03-24T10:34:03+00:00","dateModified":"2020-03-30T11:39:04+00:00","description":"Si FileSpace es un proveedor de confianza o no, puedes encontrar la respuesta en el test actual en Multihoster.org \u279c Haz clic ahora \u271a para leer nuestras experiencias!","breadcrumb":{"@id":"https:\/\/multihoster.org\/es\/filespace\/#breadcrumb"},"inLanguage":"es","potentialAction":[{"@type":"ReadAction","target":["https:\/\/multihoster.org\/es\/filespace\/"]}]},{"@type":"BreadcrumbList","@id":"https:\/\/multihoster.org\/es\/filespace\/#breadcrumb","itemListElement":[{"@type":"ListItem","position":1,"name":"Startseite","item":"https:\/\/multihoster.org\/es\/"},{"@type":"ListItem","position":2,"name":"FileSpace Premium Cuenta: El Filehoster De Un Vistazo"}]}]}},"_links":{"self":[{"href":"https:\/\/multihoster.org\/es\/wp-json\/wp\/v2\/pages\/2657"}],"collection":[{"href":"https:\/\/multihoster.org\/es\/wp-json\/wp\/v2\/pages"}],"about":[{"href":"https:\/\/multihoster.org\/es\/wp-json\/wp\/v2\/types\/page"}],"author":[{"embeddable":true,"href":"https:\/\/multihoster.org\/es\/wp-json\/wp\/v2\/users\/2"}],"replies":[{"embeddable":true,"href":"https:\/\/multihoster.org\/es\/wp-json\/wp\/v2\/comments?post=2657"}],"version-history":[{"count":4,"href":"https:\/\/multihoster.org\/es\/wp-json\/wp\/v2\/pages\/2657\/revisions"}],"predecessor-version":[{"id":2795,"href":"https:\/\/multihoster.org\/es\/wp-json\/wp\/v2\/pages\/2657\/revisions\/2795"}],"wp:attachment":[{"href":"https:\/\/multihoster.org\/es\/wp-json\/wp\/v2\/media?parent=2657"}],"curies":[{"name":"wp","href":"https:\/\/api.w.org\/{rel}","templated":true}]}}