{"id":2828,"date":"2020-03-30T14:04:00","date_gmt":"2020-03-30T14:04:00","guid":{"rendered":"https:\/\/multihoster.org\/?page_id=2828"},"modified":"2020-03-31T15:48:05","modified_gmt":"2020-03-31T15:48:05","slug":"4shared","status":"publish","type":"page","link":"https:\/\/multihoster.org\/es\/4shared\/","title":{"rendered":"4shared Premium Cuenta: El Filehoster De Un Vistazo"},"content":{"rendered":"\n<figure class=\"wp-block-image size-large\"><img loading=\"lazy\" width=\"350\" height=\"91\" src=\"https:\/\/multihoster.org\/wp-content\/uploads\/2020\/03\/4shared.png\" alt=\"4shared logo\" class=\"wp-image-3098\" srcset=\"https:\/\/multihoster.org\/wp-content\/uploads\/2020\/03\/4shared.png 350w, https:\/\/multihoster.org\/wp-content\/uploads\/2020\/03\/4shared-300x78.png 300w\" sizes=\"(max-width: 350px) 100vw, 350px\" \/><\/figure>\n\n\n<a class=\"maxbutton-2 maxbutton maxbutton-cta\" target=\"_blank\" rel=\"nofollow noopener\" href=\"\/go\/\"><span class='mb-text'>&gt;&gt; Ir a la p\u00e1gina web original de Linkifier <\/span><\/a>\n\n\n<p><\/p>\n\n\n\n<h2>Los 4shared<\/h2>\n\n\n\n<p>4shared es uno de los sitios m\u00e1s seguros y confiables de alojamiento y transferencia de archivos en todo el mundo. Hay m\u00e1s de diez (10) millones de archivos que los usuarios comparten en 4shared.<\/p>\n\n\n\n<p>4shared fue creado y lanzado en el a\u00f1o 2005 en Ucrania, Kiev y hasta ahora sigue siendo muy \u00fatil para muchas personas. Tiene funciones para guardar, subir, descargar y compartir un archivo o archivos a otros usuarios u otros dispositivos. Ayuda a la gente a guardar, cargar y abrir sus archivos f\u00e1cilmente en cualquier lugar con Internet utilizando este sitio para cualquier prop\u00f3sito que puedan necesitar.<\/p>\n\n\n\n<p>4 La interfaz de usuario compartida es muy sencilla y muy f\u00e1cil de usar, lo que facilita a muchos usuarios su comprensi\u00f3n, as\u00ed como sus caracter\u00edsticas.<\/p>\n\n\n\n<p>Un usuario puede crear su biblioteca de m\u00fasica o canciones en su cuenta 4 compartida. Lo bueno aqu\u00ed es que 4shared soporta streaming de m\u00fasica. Un usuario puede escuchar m\u00fasica a trav\u00e9s de los navegadores web de su tel\u00e9fono m\u00f3vil (Android e iOS) o dispositivos de escritorio.<\/p>\n\n\n\n<p>El 4shared tiene un centro de ayuda donde los usuarios pueden encontrar respuestas a algunas de sus preguntas sobre las caracter\u00edsticas del 4shared y sus servicios. Tambi\u00e9n tienen soporte t\u00e9cnico para ayudar a las preocupaciones de los clientes o usuarios sobre su sitio o productos.<\/p>\n\n\n\n<p>La 4compartida tiene dos tipos de cuentas &#8211; la 4compartida gratuita y la 4compartida Premium. <\/p>\n\n\n\n<p>Tener una cuenta es f\u00e1cil. Un usuario puede registrarse usando su cuenta de medios sociales en Twitter, Facebook, o Google, o cualquier direcci\u00f3n de correo electr\u00f3nico que tenga. Despu\u00e9s de crear la cuenta, un usuario debe verificarla en su correo electr\u00f3nico en la Bandeja de Entrada o en la carpeta de Spam haciendo clic en el enlace del mensaje de 4compartidos. Entonces, el 4compartido notificar\u00e1 al usuario si su cuenta est\u00e1 verificada.<\/p>\n\n\n\n<p>Un usuario de los 4 compartidos puede experimentar los siguientes beneficios:<\/p>\n\n\n\n<p>1. Un usuario puede hacer la personalizaci\u00f3n de su perfil en 4shared. \u00c9l o ella puede agregar o cambiar el dise\u00f1o y otros en la configuraci\u00f3n de la cuenta de un usuario.<\/p>\n\n\n\n<p>2. Un usuario puede comunicarse con otros usuarios a trav\u00e9s de mensajes privados o mediante el env\u00edo de comentarios en publicaciones p\u00fablicas.<\/p>\n\n\n\n<p>3. Un usuario puede ver y transmitir m\u00fasica o cualquier archivo multimedia en el sitio web de 4shared.<\/p>\n\n\n\n<p>4. Un usuario puede utilizar la aplicaci\u00f3n m\u00f3vil de 4shared para acceder a su cuenta y luego administrarla. <\/p>\n\n\n\n<p>Los usuarios tambi\u00e9n pueden traducir el idioma del sitio 4 compartido a los idiomas que se indican a continuaci\u00f3n.<\/p>\n\n\n\n<h3>Los idiomas en 4shared sitio:<\/h3>\n\n\n\n<ul><li>Ingl\u00e9s,<\/li><li> Deutsch,<\/li><li> Italiano,<\/li><li> Franc\u00e9s,<\/li><li> Polaco,<\/li><li> Turco,<\/li><li> Indonesio o malayo,<\/li><li> Portugu\u00e9s,<\/li><li> Tailandesa,<\/li><li> \u00c1rabe,<\/li><li> Mandar\u00edn o chino,<\/li><li> Vietnamita,<\/li><li> Japonesa,<\/li><li> y coreano.<\/li><\/ul>\n\n\n\n<h2>El Blog 4shared<\/h2>\n\n\n\n<p>Cualquier usuario puede publicar sus art\u00edculos aqu\u00ed porque 4shared tiene su sitio blog que contiene diferentes art\u00edculos sobre las nuevas caracter\u00edsticas u otras actualizaciones sobre el propio 4shared. Los art\u00edculos son escritos por diferentes usuarios y diferentes usuarios pueden comentar un art\u00edculo espec\u00edfico y tambi\u00e9n pueden compartir el enlace del art\u00edculo a trav\u00e9s de medios sociales como Twitter o Facebook. <\/p>\n\n\n\n<p>En el blog 4shared, muestra sus estad\u00edsticas donde los usuarios pueden ver el n\u00famero de usuarios que est\u00e1n usando el 4shared, el n\u00famero de visitas diarias de un usuario, el tama\u00f1o de los archivos que se alojan en el sitio 4shared, y el tama\u00f1o de los archivos que se transfieren cada d\u00eda.<\/p>\n\n\n\n<p>Los usuarios tambi\u00e9n pueden traducir el idioma del sitio del blog 4shared al ingl\u00e9s, indonesio, portugu\u00e9s, tailand\u00e9s, \u00e1rabe y coreano.<\/p>\n\n\n\n<h2>El 4shared Premium Cuenta<\/h2>\n\n\n\n<p>La cuenta Premium de 4 compartidos tiene m\u00e1s caracter\u00edsticas que la cuenta gratuita de 4 compartidos. Si un usuario no quiere anuncios en la p\u00e1gina del sitio cuando comparte y descarga, si un usuario quiere una seguridad avanzada para sus archivos y su cuenta, si un usuario quiere un gran tama\u00f1o de almacenamiento, y si un usuario quiere una forma muy r\u00e1pida de subir y descargar, entonces \u00e9l o ella debe obtener la Cuenta Premium 4compartida.<\/p>\n\n\n\n<figure class=\"wp-block- table\"><table class=\"\"><body><tr><td>4shared Premium<\/td><td>4shared Libre<\/td><\/tr><tr><td><li>Necesita pagar<br><li>No tiene anuncios<br><li>Uno cien gigabytes (100 GB) para almacenamiento<br><li>Cien gigabytes (100 GB) para carga<br><li>Tiene soporte t\u00e9cnico<br><li>Tiene <a href=\"https\": \/\/www. tu diccionario. com\/acelerador\">acelerador<\/a> para descargar<br><li>Puede reanudar la descarga<br><li>Tiene un enlace directo de descarga para un archivo<br><li>Tiene estad\u00edsticas detalladas<br><li>Tiene una funci\u00f3n para buscar<br><li>Puede restaurar el archivo<br><li>Puede hacer un archivo de vuelta up<br><li>Compartir archivos y art\u00edculos a las redes de medios sociales o correos electr\u00f3nicos<br><li>Utilizar c\u00f3digos QR<br><li>Establecer una contrase\u00f1a para bloquear las carpetas<br><li>Puede transmitir m\u00fasica u otros archivos multimedia<br><li>Tiene un visor de fotos<br><li>Comprobar los archivos con un anti- virus<br><li>Puede acceder a trav\u00e9s del m\u00f3vil y la aplicaci\u00f3n de escritorio de 4 compartida <br><li>Un usuario puede comentar un archivo <\/td><td><li>No hay necesidad de pagar <br><li> Tiene anuncios <br><li> Quince gigabytes (15 GB) para storage<br><li> 2048 MB para subir<br><li> Tiene soporte t\u00e9cnico<br><li> No tiene acelerador para la descarga<br><li> No puede reanudar la descarga<br><li> No tiene un enlace directo de descarga para un archivo<br><li> No tiene estad\u00edsticas detalladas <br><li> Tiene una funci\u00f3n de b\u00fasqueda <br><li> Puede restaurar el archivo <br><li> No puede hacer una copia de seguridad del archivo <br><li> Compartir archivos y art\u00edculos a las redes de medios sociales o correos electr\u00f3nicos <br><li> Uso de c\u00f3digos QR <br><li> Establecer una contrase\u00f1a para bloquear las carpetas <br><li> Puede transmitir m\u00fasica u otros archivos de medios de comunicaci\u00f3n <br><li> Tiene un visor de fotos <br><li> Comprobar los archivos con un anti- virus<br><li> Puede acceder a trav\u00e9s del m\u00f3vil y la aplicaci\u00f3n de escritorio de 4shared <br><li> Un usuario puede comentar un archivo<br><li> Gesti\u00f3n de archivos<br><li> Puede subir muchos archivos<\/td><\/tr><\/body><\/table><\/figure>\n\n\n\n<h3>El 4shared Premium Cuenta Planes<\/h3>\n\n\n\n<figure class=\"wp-block-table\"><table class=\"\"><tbody><tr><td>4shared Premium  Cuenta Planes <\/td><\/tr><tr><td># de meses:<\/td><td>1<\/td><td>3<\/td><td>6<\/td><td>12<\/td><\/tr><tr><td>Cantidad a pagar por mes:<\/td><td>$ 9.95<\/td><td>$ 7.98<\/td><td>$ 7.16<\/td><td>$ 6.50<\/td><\/tr><\/tbody><\/table><\/figure>\n\n\n\n<p>Los anteriores Planes de Cuenta Premium de 4shared deben ser pagados a los revendedores oficiales de 4shared o directamente al sitio de 4shared. Un usuario puede obtener un descuento al comprar un plan si ha aplicado un cup\u00f3n de descuento de 4shared. Adem\u00e1s, si un usuario tiene preguntas sobre el pago del plan Premium, puede contactar con 4shared a trav\u00e9s de su direcci\u00f3n de correo electr\u00f3nico.<\/p>\n\n\n\n<p>A continuaci\u00f3n se enumeran los revendedores oficiales de 4shared:<\/p>\n\n\n\n<ul><li>24instant\u00e1nea.com<\/li><li> BigShareShop<\/li><li> Fast-Premium.com<\/li><li> Premium.Us &#8211; Esto acepta el pago de Paypal que puede enviar su pago r\u00e1pidamente.<\/li><li> PremiumInstant &#8211; Esto acepta el pago de Paypal<\/li><\/ul>\n\n\n<a class=\"maxbutton-2 maxbutton maxbutton-cta\" target=\"_blank\" rel=\"nofollow noopener\" href=\"\/go\/\"><span class='mb-text'>&gt;&gt; Ir a la p\u00e1gina web original de Linkifier <\/span><\/a>\n\n\n<p><\/p>\n\n\n\n<p>4shared recomienda a los revendedores mencionados anteriormente y aconseja a los usuarios que no compren ning\u00fan producto de otros revendedores o vendedores que no est\u00e9n en la lista.<\/p>\n\n\n\n<h2>\u00bfQu\u00e9 hacer con sus archivos?<\/h2>\n\n\n\n<p>Los archivos del sitio 4 compartido est\u00e1n ordenados por tama\u00f1os, por tipos de archivos, por fecha y hora o por nombre.<\/p>\n\n\n\n<p>Los archivos se clasifican seg\u00fan su tama\u00f1o:<\/p>\n\n\n\n<ul><li>Los archivos que son menos de 1 MB<\/li><li> Archivos peque\u00f1os &#8211; esto es de 1 MB a 10 MB<\/li><li> Archivos medianos &#8211; esto es de 10 MB a 100 MB<\/li><li> Archivos grandes &#8211; esto es de 100 MB a 1000 MB o 1 GB<\/li><li> Los archivos que son m\u00e1s grandes que 1 GB<\/li><\/ul>\n\n\n\n<p>Los archivos est\u00e1n ordenados de acuerdo a su tipo de archivo:<\/p>\n\n\n\n<ul><li>rar<\/li><li>zip<\/li><li>7-zip or 7z<\/li><li>cso<\/li><li>Iso<\/li><li>img<\/li><li>Tar<\/li><li>gz<\/li><li>paquete<\/li><\/ul>\n\n\n\n<p>Los archivos est\u00e1n ordenados de acuerdo a la fecha y hora en que fueron subidos:<\/p>\n\n\n\n<ul><li>De lo m\u00e1s nuevo a lo m\u00e1s antiguo<\/li><li> De los m\u00e1s antiguos a los m\u00e1s nuevos<\/li><\/ul>\n\n\n\n<p>Los archivos est\u00e1n ordenados seg\u00fan su nombre:<\/p>\n\n\n\n<ul><li>Nombre de la A a la Z<\/li><li> Nombre de la Z a la A<\/li><\/ul>\n\n\n\n<h3>1. C\u00e1rguelo.<\/h3>\n\n\n\n<p>Despu\u00e9s de que un usuario suba un archivo, 4shared mostrar\u00e1 el nombre del subidor (usuario), el nombre del \u00e1lbum o carpeta, la foto de la portada del archivo, la fecha en que se subi\u00f3 el archivo, el nombre del archivo, el tama\u00f1o del archivo, la tasa de bits del archivo, la extensi\u00f3n del archivo y las etiquetas del archivo.<\/p>\n\n\n\n<figure class=\"wp-block-image\"><img src=\"https:\/\/lh6.googleusercontent.com\/a_ax3EiHjZa6eEKmxT6O7lglKqEKGdW21vC6NVRSGLpKBnOEJWBC_vtMK96YVkE2vpD1ueIgg0BOoJQZFNBN68cy9M_qNCf76Eb_xQHuMPGnPjeSmJRe1an-NvAH9EqrWMzo0jE\" alt=\"Plus button when adding files to a 4shared account\"\/><\/figure>\n\n\n\n<figure class=\"wp-block-image\"><img src=\"https:\/\/lh5.googleusercontent.com\/brDHiN-SpQWpYp1widxU6wBUEG-qcQhsGBj-ps_vlVwm-rMtMXTH95_jz279RxopjPnp1n_VUugzpFbo_L8FC0XxKlIiwc24MJECa7oci6RS8TeIk6MGnZy9_CiBFtM8uBTaZJQ\" alt=\"Button when adding files to a 4shared account\"\/><\/figure>\n\n\n\n<p>Un usuario tambi\u00e9n puede a\u00f1adir los archivos a su propia cuenta en 4shared. \u00c9l o ella s\u00f3lo tiene que hacer clic en el bot\u00f3n m\u00e1s o el bot\u00f3n \u00abA\u00f1adir a mi cuenta\u00bb del archivo.<\/p>\n\n\n\n<p>Los usuarios pueden hacer clic en el bot\u00f3n \u00abCargar m\u00e1s\u00bb para cargar los siguientes archivos o pueden hacer clic en el bot\u00f3n \u00abSiguiente\u00bb para cargar los archivos de la siguiente p\u00e1gina.<\/p>\n\n\n\n<p>A continuaci\u00f3n se muestran los tipos de archivos que se pueden subir en 4shared:<\/p>\n\n\n\n<ul><li>M\u00fasica o Audio<\/li><li> Videos<\/li><li> Aplicaciones y juegos<\/li><li> Libros o E-libros<\/li><li> Archivar o comprimir<\/li><\/ul>\n\n\n\n<h3>2. Desc\u00e1rgalo<\/h3>\n\n\n\n<figure class=\"wp-block-image\"><img src=\"https:\/\/lh5.googleusercontent.com\/oyBfDjUy1_xgoLHfPGM-edYkEWqQlu03KFB1SH9vVC91cfAYGclV0Af174-2Blc-ATmvn6XAngZvy5M2bwJGMfU_i9wQd02AkMPRS1-PpZlQq0QxgDa3-cL7CGG1XvbJtjyAdzI\" alt=\"Download button of 4shared\"\/><\/figure>\n\n\n\n<p>Para compartir un archivo, los usuarios deben hacer clic en el bot\u00f3n \u00abDescargar\u00bb en el enlace de descarga o mediante el uso del <a rel=\"noreferrer noopener\" aria-label=\"c\u00f3digo QR (opens in a new tab)\" href=\"https:\/\/whatis.techtarget.com\/definition\/QR-code-quick-response-code\" target=\"_blank\">c\u00f3digo QR<\/a> del archivo o en la p\u00e1gina del archivo espec\u00edfico.<\/p>\n\n\n\n<h3>3. Comp\u00e1rtelo<\/h3>\n\n\n\n<figure class=\"wp-block-image\"><img src=\"https:\/\/lh3.googleusercontent.com\/wd9_yQb7-lEsBKiVYZ2VlyLGY7NTz42OEEdaQ2p7rzOVxbCZLXw9MuHqqPecrmLmhv11hswTqVqeZumt6le9zFLqrpPx5nXFghhGyAHfZddYoNlqQ-97k4k0r5lVrnJacPcuCgo\" alt=\"Share button of 4shared\"\/><\/figure>\n\n\n\n<p>Para compartir un archivo, los usuarios deben hacer clic en el bot\u00f3n \u00abCompartir\u00bb en el enlace o mediante el uso del c\u00f3digo QR del archivo o en la p\u00e1gina del archivo espec\u00edfico.<\/p>\n\n\n\n<p>Adem\u00e1s, el usuario puede copiar y pegar el enlace del archivo s\u00f3lo con el navegador web de cualquier dispositivo.<\/p>\n\n\n\n<p>A continuaci\u00f3n se muestran las extensiones de archivo que 4shared permiti\u00f3:<\/p>\n\n\n\n<figure class=\"wp-block-table\"><table class=\"\"><tbody><tr><td>Documentos<\/td><td>M\u00fasica de Audio<\/td><td>Videos<\/td><td>Fotos<\/td><td>Archivos<\/td><\/tr><tr><td>.txt.doc.rtf.pdf.xls<\/td><td>.wav.mp3.ogg.mid<\/td><td>.avi.mpeg.mpg<br><\/td><td>.jpg.png.gif.bmp<\/td><td>.rar.zip.jar<\/td><\/tr><\/tbody><\/table><\/figure>\n\n\n\n<p>Un usuario puede subir y compartir cualquier archivo que sea compatible con 4shared pero no puede ni debe subir y compartir un archivo relacionado con la <a rel=\"noreferrer noopener\" aria-label=\"pornograf\u00eda (opens in a new tab)\" href=\"https:\/\/www.merriam-webster.com\/dictionary\/pornography\" target=\"_blank\">pornograf\u00eda<\/a>, cosas ilegales o de derechos de autor, o cualquier cosa que no est\u00e9 de acuerdo con los T\u00e9rminos de uso de 4shared.<\/p>\n\n\n\n<h2>El 4shared Aplicaciones<\/h2>\n\n\n\n<h3>A. Aplicaci\u00f3n para tel\u00e9fonos m\u00f3viles<\/h3>\n\n\n\n<p>Un usuario puede descargar la aplicaci\u00f3n 4 compartida a trav\u00e9s de sus tel\u00e9fonos m\u00f3viles en Google Play de Android, App Store de iOS, Phone Store para Windows.<\/p>\n\n\n\n<h3>B. Aplicaci\u00f3n para ordenadores de sobremesa<\/h3>\n\n\n\n<p>Un usuario puede descargar la aplicaci\u00f3n 4shared a trav\u00e9s del escritorio de su ordenador o de su port\u00e1til para Mac OS y Windows que funciona en el sitio 4shared.<\/p>\n\n\n<a class=\"maxbutton-2 maxbutton maxbutton-cta\" target=\"_blank\" rel=\"nofollow noopener\" href=\"\/go\/\"><span class='mb-text'>&gt;&gt; Ir a la p\u00e1gina web original de Linkifier <\/span><\/a>\n\n\n<p><br><\/p>\n","protected":false},"excerpt":{"rendered":"<p>Los 4shared 4shared es uno de los sitios m\u00e1s seguros y confiables de alojamiento y transferencia de archivos en todo<\/p>\n","protected":false},"author":2,"featured_media":0,"parent":0,"menu_order":0,"comment_status":"closed","ping_status":"closed","template":"","meta":[],"yoast_head":"<!-- This site is optimized with the Yoast SEO plugin v18.3 - https:\/\/yoast.com\/wordpress\/plugins\/seo\/ -->\n<title>4shared Premium Cuenta: El Filehoster De Un Vistazo<\/title>\n<meta name=\"description\" content=\"Si 4shared es un proveedor de confianza o no, puedes encontrar la respuesta en el test actual en Multihoster.org \u279c Haz clic ahora \u271a para leer nuestras experiencias!\" \/>\n<meta name=\"robots\" content=\"index, follow, max-snippet:-1, max-image-preview:large, max-video-preview:-1\" \/>\n<link rel=\"canonical\" href=\"https:\/\/multihoster.org\/es\/4shared\/\" \/>\n<meta property=\"og:locale\" content=\"es_ES\" \/>\n<meta property=\"og:type\" content=\"article\" \/>\n<meta property=\"og:title\" content=\"4shared Premium Cuenta: El Filehoster De Un Vistazo\" \/>\n<meta property=\"og:description\" content=\"Si 4shared es un proveedor de confianza o no, puedes encontrar la respuesta en el test actual en Multihoster.org \u279c Haz clic ahora \u271a para leer nuestras experiencias!\" \/>\n<meta property=\"og:url\" content=\"https:\/\/multihoster.org\/es\/4shared\/\" \/>\n<meta property=\"og:site_name\" content=\"Multihoster.org\" \/>\n<meta property=\"article:modified_time\" content=\"2020-03-31T15:48:05+00:00\" \/>\n<meta property=\"og:image\" content=\"https:\/\/multihoster.org\/wp-content\/uploads\/2020\/03\/4shared.png\" \/>\n<meta name=\"twitter:card\" content=\"summary\" \/>\n<meta name=\"twitter:label1\" content=\"Tiempo de lectura\" \/>\n\t<meta name=\"twitter:data1\" content=\"4 minutos\" \/>\n<script type=\"application\/ld+json\" class=\"yoast-schema-graph\">{\"@context\":\"https:\/\/schema.org\",\"@graph\":[{\"@type\":\"WebSite\",\"@id\":\"https:\/\/multihoster.org\/#website\",\"url\":\"https:\/\/multihoster.org\/\",\"name\":\"Multihoster.org\",\"description\":\"Reviews of the major Filehosting services\",\"potentialAction\":[{\"@type\":\"SearchAction\",\"target\":{\"@type\":\"EntryPoint\",\"urlTemplate\":\"https:\/\/multihoster.org\/?s={search_term_string}\"},\"query-input\":\"required name=search_term_string\"}],\"inLanguage\":\"es\"},{\"@type\":\"ImageObject\",\"@id\":\"https:\/\/multihoster.org\/es\/4shared\/#primaryimage\",\"inLanguage\":\"es\",\"url\":\"https:\/\/multihoster.org\/wp-content\/uploads\/2020\/03\/4shared.png\",\"contentUrl\":\"https:\/\/multihoster.org\/wp-content\/uploads\/2020\/03\/4shared.png\",\"width\":350,\"height\":91,\"caption\":\"4shared logo\"},{\"@type\":\"WebPage\",\"@id\":\"https:\/\/multihoster.org\/es\/4shared\/#webpage\",\"url\":\"https:\/\/multihoster.org\/es\/4shared\/\",\"name\":\"4shared Premium Cuenta: El Filehoster De Un Vistazo\",\"isPartOf\":{\"@id\":\"https:\/\/multihoster.org\/#website\"},\"primaryImageOfPage\":{\"@id\":\"https:\/\/multihoster.org\/es\/4shared\/#primaryimage\"},\"datePublished\":\"2020-03-30T14:04:00+00:00\",\"dateModified\":\"2020-03-31T15:48:05+00:00\",\"description\":\"Si 4shared es un proveedor de confianza o no, puedes encontrar la respuesta en el test actual en Multihoster.org \u279c Haz clic ahora \u271a para leer nuestras experiencias!\",\"breadcrumb\":{\"@id\":\"https:\/\/multihoster.org\/es\/4shared\/#breadcrumb\"},\"inLanguage\":\"es\",\"potentialAction\":[{\"@type\":\"ReadAction\",\"target\":[\"https:\/\/multihoster.org\/es\/4shared\/\"]}]},{\"@type\":\"BreadcrumbList\",\"@id\":\"https:\/\/multihoster.org\/es\/4shared\/#breadcrumb\",\"itemListElement\":[{\"@type\":\"ListItem\",\"position\":1,\"name\":\"Startseite\",\"item\":\"https:\/\/multihoster.org\/es\/\"},{\"@type\":\"ListItem\",\"position\":2,\"name\":\"4shared Premium Cuenta: El Filehoster De Un Vistazo\"}]}]}<\/script>\n<!-- \/ Yoast SEO plugin. -->","yoast_head_json":{"title":"4shared Premium Cuenta: El Filehoster De Un Vistazo","description":"Si 4shared es un proveedor de confianza o no, puedes encontrar la respuesta en el test actual en Multihoster.org \u279c Haz clic ahora \u271a para leer nuestras experiencias!","robots":{"index":"index","follow":"follow","max-snippet":"max-snippet:-1","max-image-preview":"max-image-preview:large","max-video-preview":"max-video-preview:-1"},"canonical":"https:\/\/multihoster.org\/es\/4shared\/","og_locale":"es_ES","og_type":"article","og_title":"4shared Premium Cuenta: El Filehoster De Un Vistazo","og_description":"Si 4shared es un proveedor de confianza o no, puedes encontrar la respuesta en el test actual en Multihoster.org \u279c Haz clic ahora \u271a para leer nuestras experiencias!","og_url":"https:\/\/multihoster.org\/es\/4shared\/","og_site_name":"Multihoster.org","article_modified_time":"2020-03-31T15:48:05+00:00","og_image":[{"url":"https:\/\/multihoster.org\/wp-content\/uploads\/2020\/03\/4shared.png"}],"twitter_card":"summary","twitter_misc":{"Tiempo de lectura":"4 minutos"},"schema":{"@context":"https:\/\/schema.org","@graph":[{"@type":"WebSite","@id":"https:\/\/multihoster.org\/#website","url":"https:\/\/multihoster.org\/","name":"Multihoster.org","description":"Reviews of the major Filehosting services","potentialAction":[{"@type":"SearchAction","target":{"@type":"EntryPoint","urlTemplate":"https:\/\/multihoster.org\/?s={search_term_string}"},"query-input":"required name=search_term_string"}],"inLanguage":"es"},{"@type":"ImageObject","@id":"https:\/\/multihoster.org\/es\/4shared\/#primaryimage","inLanguage":"es","url":"https:\/\/multihoster.org\/wp-content\/uploads\/2020\/03\/4shared.png","contentUrl":"https:\/\/multihoster.org\/wp-content\/uploads\/2020\/03\/4shared.png","width":350,"height":91,"caption":"4shared logo"},{"@type":"WebPage","@id":"https:\/\/multihoster.org\/es\/4shared\/#webpage","url":"https:\/\/multihoster.org\/es\/4shared\/","name":"4shared Premium Cuenta: El Filehoster De Un Vistazo","isPartOf":{"@id":"https:\/\/multihoster.org\/#website"},"primaryImageOfPage":{"@id":"https:\/\/multihoster.org\/es\/4shared\/#primaryimage"},"datePublished":"2020-03-30T14:04:00+00:00","dateModified":"2020-03-31T15:48:05+00:00","description":"Si 4shared es un proveedor de confianza o no, puedes encontrar la respuesta en el test actual en Multihoster.org \u279c Haz clic ahora \u271a para leer nuestras experiencias!","breadcrumb":{"@id":"https:\/\/multihoster.org\/es\/4shared\/#breadcrumb"},"inLanguage":"es","potentialAction":[{"@type":"ReadAction","target":["https:\/\/multihoster.org\/es\/4shared\/"]}]},{"@type":"BreadcrumbList","@id":"https:\/\/multihoster.org\/es\/4shared\/#breadcrumb","itemListElement":[{"@type":"ListItem","position":1,"name":"Startseite","item":"https:\/\/multihoster.org\/es\/"},{"@type":"ListItem","position":2,"name":"4shared Premium Cuenta: El Filehoster De Un Vistazo"}]}]}},"_links":{"self":[{"href":"https:\/\/multihoster.org\/es\/wp-json\/wp\/v2\/pages\/2828"}],"collection":[{"href":"https:\/\/multihoster.org\/es\/wp-json\/wp\/v2\/pages"}],"about":[{"href":"https:\/\/multihoster.org\/es\/wp-json\/wp\/v2\/types\/page"}],"author":[{"embeddable":true,"href":"https:\/\/multihoster.org\/es\/wp-json\/wp\/v2\/users\/2"}],"replies":[{"embeddable":true,"href":"https:\/\/multihoster.org\/es\/wp-json\/wp\/v2\/comments?post=2828"}],"version-history":[{"count":4,"href":"https:\/\/multihoster.org\/es\/wp-json\/wp\/v2\/pages\/2828\/revisions"}],"predecessor-version":[{"id":3106,"href":"https:\/\/multihoster.org\/es\/wp-json\/wp\/v2\/pages\/2828\/revisions\/3106"}],"wp:attachment":[{"href":"https:\/\/multihoster.org\/es\/wp-json\/wp\/v2\/media?parent=2828"}],"curies":[{"name":"wp","href":"https:\/\/api.w.org\/{rel}","templated":true}]}}