{"id":2848,"date":"2020-03-30T13:38:47","date_gmt":"2020-03-30T13:38:47","guid":{"rendered":"https:\/\/multihoster.org\/?page_id=2848"},"modified":"2020-03-30T13:38:49","modified_gmt":"2020-03-30T13:38:49","slug":"sendspace","status":"publish","type":"page","link":"https:\/\/multihoster.org\/es\/sendspace\/","title":{"rendered":"SendSpace Premium Cuenta: El Filehoster De Un Vistazo"},"content":{"rendered":"\n<figure class=\"wp-block-image\"><img src=\"https:\/\/lh3.googleusercontent.com\/WjQlUlQJ23MPthwlLGbf0ndBToObt7-IkPsMKXMXS2OfiicbFdZ4ldswnaQLxICp2JVD3xJvbAjxBtJjxKKsA8yr9VuA3jcROL2jtcjuflbiG3n0kEBG9xjnPOjVzxfFV0fQZCM\" alt=\"Sendspace on desktop\"\/><\/figure>\n\n\n<a class=\"maxbutton-2 maxbutton maxbutton-cta\" target=\"_blank\" rel=\"nofollow noopener\" href=\"\/go\/\"><span class='mb-text'>&gt;&gt; Ir a la p\u00e1gina web original de Linkifier <\/span><\/a>\n\n\n<p><\/p>\n\n\n\n<h2>Sendspace Visi\u00f3n general<\/h2>\n\n\n\n<p>Sendspace no es s\u00f3lo un simple proveedor de alojamiento de archivos, sino tambi\u00e9n un software para compartir archivos. En la actualidad, debido a la gran demanda de sus reputados y eficientes servicios, est\u00e1n entregando documentos un mill\u00f3n de veces en s\u00f3lo una semana. S\u00ed, \u00a1millones de archivos!<\/p>\n\n\n\n<p>Sendspace reconoce que cada archivo que usted entrega es esencial para sus esfuerzos, y se aseguran de que est\u00e9 listo para ser descargado de manera segura y conveniente.<\/p>\n\n\n\n<p>La compa\u00f1\u00eda se dedica a la transferencia de archivos y se asegura de prestar el servicio m\u00e1s fiable que puede. Desde 2005, los particulares y las peque\u00f1as y medianas empresas conf\u00edan en ellos para el env\u00edo de sus enormes archivos, y garantizan que el servicio que ofrecen es sencillo de utilizar y digno de confianza.<\/p>\n\n\n\n<p>Sendspace aprecia a sus usuarios, y sus comentarios o sugerencias son siempre apreciados. Se aseguran de revisar cada mensaje. Para ellos, es s\u00f3lo parte de su dedicaci\u00f3n para ser lo m\u00e1s beneficioso posible.<\/p>\n\n\n\n<h2>Carga remota: \u00bfQu\u00e9 es?<\/h2>\n\n\n\n<p>Esta configuraci\u00f3n es accesible para los usuarios de Sendspace Premium. Si su carpeta est\u00e1 previamente alojada en alg\u00fan lugar de Internet, Sendspace puede recuperarla por usted y combinarla con su cuenta de usuario. Todo lo que Sendspace requiere es el enlace FTP o HTT a los datos, y se acumular\u00e1. Para utilizar esta configuraci\u00f3n, vaya al enlace denominado \u00abCarga Remota\u00bb, e introduzca los detalles del enlace. Sendspace tambi\u00e9n verifica el nombre de usuario y la contrase\u00f1a para la autenticaci\u00f3n, si es necesario. Un formulario de URL para lugares de carpetas que requieren autorizaci\u00f3n se asemejar\u00eda a <\/p>\n\n\n\n<p>http:\/\/username:password@http.site.com\/file\/path\/name.example for an HTTP and link.ftp:\/\/username:password@ftp.yoursite.com\/file\/path\/name.example for an FTP URL.<\/p>\n\n\n\n<h2>Sendspace Premium Caracter\u00edsticas de la cuenta<\/h2>\n\n\n\n<p>Aparte de la cuenta GRATUITA de Sendspace, hay dos tipos de cuenta Premium de Sendspace que ofrece caracter\u00edsticas sobresalientes. Le proporcionaremos una tabla de comparaci\u00f3n para mostrarle f\u00e1cilmente las diferencias entre la cuenta gratuita y la cuenta Sendspace Premium de Pro-Base y Pro-Plus.<\/p>\n\n\n\n<figure class=\"wp-block-table\"><table class=\"\"><tbody><tr><td>CARACTER\u00cdSTICAS<\/td><td>LIBRE (De por vida)<\/td><td>PRO-BASE<\/td><td>PRO-PLUS<\/td><\/tr><tr><td>Un solo tama\u00f1o de archivo hasta*<\/td><td>300 MB<\/td><td>5 GB<\/td><td>10 GB<\/td><\/tr><tr><td>Ancho de banda del enlace de descarga directa<\/td><td>\u2716<\/td><td>100 GB<\/td><td>300 GB<\/td><\/tr><tr><td>Almacenamiento ilimitado de por vida<\/td><td>Limitado (30 d\u00edas disponibles)<\/td><td>\u2714\ufe0f<\/td><td>\u2714\ufe0f<\/td><\/tr><tr><td>Subidas y bajadas r\u00e1pidas y sin anuncios<\/td><td>\u2716<\/td><td>\u2714\ufe0f<\/td><td>\u2714\ufe0f<\/td><\/tr><tr><td>Compartir un grupo de archivos con un solo enlace<\/td><td>Limitado<\/td><td>\u2714\ufe0f<\/td><td>\u2714\ufe0f<\/td><\/tr><tr><td>Proteger archivos y carpetas con contrase\u00f1a<\/td><td>\u2716<\/td><td>\u2714\ufe0f<\/td><td>\u2714\ufe0f<\/td><\/tr><tr><td>Carpeta\/vidget de carga p\u00fablica<\/td><td>\u2716<\/td><td>\u2714\ufe0f<\/td><td>\u2714\ufe0f<\/td><\/tr><tr><td>Personaliza tus p\u00e1ginas de descarga<\/td><td>\u2716<\/td><td>\u2714\ufe0f<\/td><td>\u2714\ufe0f<\/td><\/tr><tr><td>Estad\u00edsticas de carga y descarga de archivos<\/td><td>B\u00e1sico<\/td><td>\u2714\ufe0f<\/td><td>\u2714\ufe0f<\/td><\/tr><tr><td>Versionado de archivos<\/td><td>\u2716<\/td><td>\u2714\ufe0f<\/td><td>\u2714\ufe0f<\/td><\/tr><tr><td>Control de descargas de archivos y l\u00edmites de disponibilidad<\/td><td>\u2716<\/td><td>\u2714\ufe0f<\/td><td>\u2714\ufe0f<\/td><\/tr><tr><td>Copia los archivos de Sendspace a tu cuenta<\/td><td>\u2716<\/td><td>\u2714\ufe0f<\/td><td>\u2714\ufe0f<\/td><\/tr><tr><td>Apoyo prioritario, recuperaci\u00f3n de archivos<\/td><td>\u2716<\/td><td>\u2714\ufe0f<\/td><td>\u2714\ufe0f<\/td><\/tr><tr><td>Herramientas de escritorio y m\u00f3viles<\/td><td>Limitado<\/td><td>\u2714\ufe0f<\/td><td>\u2714\ufe0f<\/td><\/tr><\/tbody><\/table><\/figure>\n\n\n\n<p>El plan popular de Sendspace es la Cuenta Premium de Sendspace Pro-Base, donde el tipo de caracter\u00edsticas que ofrece es probablemente la herramienta m\u00e1s ideal que la gente necesita hoy en d\u00eda. Sin embargo, si usted es alguien que realmente necesitaba ese impulso en el intercambio de archivos, apostamos a que la Cuenta Premium de Sendspace Pro-Plus es la adecuada para usted.<\/p>\n\n\n\n<h2>Sendspace Pro-Base y Pro-Plus.<\/h2>\n\n\n\n<p>Entonces, \u00bfcu\u00e1nto pagar\u00eda por ese tipo de caracter\u00edsticas sobresalientes de un sistema? A continuaci\u00f3n se muestra una vista previa de las tarifas de Sendspace con tres planes diferentes de duraci\u00f3n disponibles en Sendspace.<\/p>\n\n\n\n<figure class=\"wp-block-table\"><table class=\"\"><tbody><tr><td>DURACI\u00d3N<\/td><td>PRO-BASE<\/td><td>PRO-PLUS<\/td><\/tr><tr><td>30 d\u00edas<\/td><td>$8.99<\/td><td>$19.99<\/td><\/tr><tr><td>6 meses<\/td><td>$50.99<\/td><td>$113.99<\/td><\/tr><tr><td>1 a\u00f1o<\/td><td>$96.99<\/td><td>$215.99<\/td><\/tr><\/tbody><\/table><\/figure>\n\n\n\n<p>Los usuarios de Sendspace Premium tambi\u00e9n pueden disfrutar de alojamiento ilimitado de sus archivos que no se han descargado desde hace mucho tiempo. Ya que Sendspace gratuito s\u00f3lo tiene 30 d\u00edas de alojamiento para un archivo que ya se considera inactivo.<\/p>\n\n\n\n<figure class=\"wp-block-image\"><img src=\"https:\/\/lh5.googleusercontent.com\/cb-Vw18TYphxG5xo6f69gF-LIvAo7vPWCn5c2XRE9tFfAab6WIuzkY1ZkvBOVY1xqvYwFkxa0pzi7p_igobHG7hm9SNK97VPSDhkjDxyuWFGFF-xcJAMfVOiQpm5n-u9wt_xAMc\" alt=\"Sendspace for Business\"\/><\/figure>\n\n\n\n<h2>Plan de negocios en Sendspace<\/h2>\n\n\n\n<p>Si alguna vez has probado la versi\u00f3n gratuita y la cuenta Premium de Sendspace, sin embargo, necesita m\u00e1s gesti\u00f3n de archivos junto con otros usuarios, o tus otros compa\u00f1eros de trabajo, es posible que desees probar la cuenta Premium de Sendspace para empresas.<\/p>\n\n\n\n<p>Sendspace ha estado ayudando a las peque\u00f1as y medianas empresas con sus archivos y han demostrado la eficiencia del sistema a trav\u00e9s de los a\u00f1os.<\/p>\n\n\n\n<figure class=\"wp-block-table\"><table class=\"\"><tbody><tr><td>CARACTER\u00cdSTICAS DEL PLAN DE NEGOCIOS<\/td><td>GRATIS (14 d\u00edas)<\/td><td>B\u00c1SICO DE NEGOCIOS<\/td><\/tr><tr><td>Combinar un grupo de trabajo de usuarios<\/td><td>\u2714\ufe0f<\/td><\/tr><tr><td>Colaborar con las carpetas compartidas<\/td><td>\u2714\ufe0f<\/td><\/tr><tr><td>Mensajer\u00eda instant\u00e1nea en el sitio<\/td><td>\u2714\ufe0f<\/td><\/tr><tr><td>Un solo tama\u00f1o de archivo hasta*<\/td><td>10 GB<\/td><\/tr><tr><td>Ancho de banda del enlace de descarga directa<\/td><td>300 GB<\/td><\/tr><tr><td>Almacenamiento ilimitado de por vida<\/td><td>\u2714\ufe0f<\/td><\/tr><tr><td>Subidas y bajadas r\u00e1pidas y sin anuncios<\/td><td>\u2714\ufe0f<\/td><\/tr><tr><td>Compartir un grupo de archivos con un solo enlace<\/td><td>\u2714\ufe0f<\/td><\/tr><tr><td>Proteger archivos y carpetas con contrase\u00f1a<\/td><td>\u2714\ufe0f<\/td><\/tr><tr><td>Carpeta\/vidget de carga p\u00fablica<\/td><td>\u2714\ufe0f<\/td><\/tr><tr><td>Personaliza tus p\u00e1ginas de descarga<\/td><td>\u2714\ufe0f<\/td><\/tr><tr><td>Estad\u00edsticas de carga y descarga de archivos<\/td><td>\u2714\ufe0f<\/td><\/tr><tr><td>Versionado de archivos<\/td><td>\u2714\ufe0f<\/td><\/tr><tr><td>Control de descargas de archivos y l\u00edmites de disponibilidad<\/td><td>\u2714\ufe0f<\/td><\/tr><tr><td>Copia los archivos de Sendspace a tu cuenta<\/td><td>\u2714\ufe0f<\/td><\/tr><tr><td>Apoyo prioritario, recuperaci\u00f3n de archivos<\/td><td>\u2714\ufe0f<\/td><\/tr><tr><td>Herramientas de escritorio y m\u00f3viles<\/td><td>\u2714\ufe0f<\/td><\/tr><\/tbody><\/table><\/figure>\n\n\n\n<p>Para el Plan de Negocios en Sendspace, las tarifas se incluyen a continuaci\u00f3n:<\/p>\n\n\n<a class=\"maxbutton-2 maxbutton maxbutton-cta\" target=\"_blank\" rel=\"nofollow noopener\" href=\"\/go\/\"><span class='mb-text'>&gt;&gt; Ir a la p\u00e1gina web original de Linkifier <\/span><\/a>\n\n\n<p><\/p>\n\n\n\n<figure class=\"wp-block-table\"><table class=\"\"><tbody><tr><td>DURACI\u00d3N<\/td><td>B\u00c1SICO DE NEGOCIOS<\/td><\/tr><tr><td>30 d\u00edas<\/td><td>$49.99<\/td><\/tr><tr><td>6 meses<\/td><td>$49.99<\/td><\/tr><tr><td>1 a\u00f1o<\/td><td>$49.99<\/td><\/tr><\/tbody><\/table><\/figure>\n\n\n\n<figure class=\"wp-block-image\"><img src=\"https:\/\/lh5.googleusercontent.com\/F8Jn5bmDjZg7P5yMSdTdw7-V0r78J_POAqxXQxRSXytvCJRPJ52T-0mkS8ZlilMqQxIj83yEEY2e6pUnSrr_kN4gThgSJK0nLDPScMVFevUrNu3YahZmHJc608Wflj0pn8y4OpQ\" alt=\"Sendspace for Mobile\"\/><\/figure>\n\n\n\n<figure class=\"wp-block-image\"><img src=\"https:\/\/lh5.googleusercontent.com\/S4KqTjrL_fxRPqmAvqwe_9A_LoEqwHqO-Xdmb9wHhUDtS7oLYVyuoYWm9DXjh4mbI-mSaLS-r9IxCPbNAwt6zm9uJm0JSnCKe1pyiwmnrg8K29KiMtU7oW3xBGyzGjGuKt7frBQ\" alt=\"Google Play Icon\"\/><\/figure>\n\n\n\n<h2>Sendspace para Mobile<\/h2>\n\n\n\n<p>Para facilitarte la vida, s\u00ed, Sendspace ha desarrollado su aplicaci\u00f3n m\u00f3vil para asegurar que todo tu archivo est\u00e9 accesible y disponible en todo momento en la palma de tus manos. Con Sendspace para tel\u00e9fonos Android, puedes compartir, subir y descargar archivos en tu tel\u00e9fono.<\/p>\n\n\n\n<p>A trav\u00e9s de Sendspace para Android, un usuario puede:<\/p>\n\n\n\n<ul><li>Subir y distribuir archivos desde tu m\u00f3vil impulsado por Sendspace<\/li><li> Publica tantos archivos como necesites sin restricciones de espacio en el disco.<\/li><li> Enviar enlaces de descarga a otros individuos a trav\u00e9s del correo electr\u00f3nico<\/li><li> Los usuarios pueden descargar sus archivos directamente desde sus m\u00f3viles<\/li><li> Garantizado que el Sendspace Mobile no causar\u00e1 da\u00f1os ya que no hay anuncios o malware<\/li><li> La versi\u00f3n de Sendspace Mobile se utiliza de forma gratuita. No es necesario pagar para descargar la aplicaci\u00f3n de Google Play.<\/li><\/ul>\n\n\n\n<figure class=\"wp-block-image\"><img src=\"https:\/\/lh4.googleusercontent.com\/W9Y2KW9D9rhP413G6C67zuhqXX22TpboVGUv6UISccgpZGU_H1kN6AAgDFGiRj3oM9Urnce7-udMHVmTVgpde1-8Dh-gsxY49_7_SC7JFrG3ILZfqaJg0sPxPkMe2Yr2YNDiLNk\" alt=\"Sendspace Bar code\"\/><\/figure>\n\n\n\n<p>Tambi\u00e9n puedes escanear el c\u00f3digo de barras con tu dispositivo Android para encontrar Sendspace para Android en Google Play.<\/p>\n\n\n\n<p>Usar el Sendspace en su dispositivo m\u00f3vil Android, subir y enviar o compartir cualquier tipo de archivo est\u00e1 bien. Todo esto tambi\u00e9n se puede hacer con tu cuenta gratuita de Sendspace. Los usuarios tambi\u00e9n pueden enviar un enlace al remitente por correo electr\u00f3nico. Incre\u00edble, \u00bfverdad?<\/p>\n\n\n\n<p>La aplicaci\u00f3n Sendspace Mobile no presenta anuncios u otras cosas irrelevantes en la interfaz, s\u00f3lo un buen comienzo con una interfaz &#8211; la distribuci\u00f3n de las subidas y la descarga de archivos de su tel\u00e9fono m\u00f3vil.<\/p>\n\n\n\n<h2>Herramienta Wizard para Sendspace Desktop<\/h2>\n\n\n\n<figure class=\"wp-block-image\"><img src=\"https:\/\/lh6.googleusercontent.com\/n4hXh_UcGOvOahjTMUv-ewjtu-EeuDCEud8pF2jtHprhYm7vjA3K5dx_YvarqlzlLCOXsCZCrhv0FX8296RIWXX0g-M9kelJBmM7b0lYrXL1BdURk8e2EzfO4_9FhsBc31lL-GY\" alt=\"Sendspace for Desktop (Windows, Mac &amp; Linux)\"\/><\/figure>\n\n\n\n<p>La Herramienta de Asistente es una herramienta de escritorio gratuita para los titulares de la Cuenta Premium de Sendspace e incluso para los miembros gratuitos. Esta herramienta est\u00e1 pensada para hacer el uso de Sendspace m\u00e1s f\u00e1cil y eficiente. La herramienta puede ser utilizada por usuarios de Windows, Mac, e incluso por usuarios de Linux.<\/p>\n\n\n\n<p>Con la herramienta de Asistente, todos los usuarios pueden subir varios archivos al mismo tiempo, s\u00f3lo hay que arrastrar y soltar, personalizar las descripciones de cada archivo antes de subirlo, distribuir los enlaces de los archivos a trav\u00e9s del correo electr\u00f3nico, la gesti\u00f3n de los archivos nunca ha sido tan personalizada con la herramienta y se obtienen actualizaciones autom\u00e1ticas.<\/p>\n\n\n\n<h2>Sendspace DropBox<\/h2>\n\n\n\n<p>Un DropBox de Sendspace es una herramienta de carga \u00fanica, donde se pueden transferir datos a usted desde cualquier persona que no posea una cuenta en Sendspace o tambi\u00e9n desde una cuenta externa de Sendspace. Cada dato subido a un DropBox de Sendspace pasa inmediatamente a un portafolio que usted elija. Es similar a poseer su buz\u00f3n digital personalizado para grandes carteras de datos.<\/p>\n\n\n\n<p>Si pones la llave del peque\u00f1o widget de DropBox dentro de las p\u00e1ginas de tu sitio web, los individuos pueden subir directamente desde tu web en tu declaraci\u00f3n. La persona que lo suba no recibir\u00e1 un enlace a la carpeta. Es tu elecci\u00f3n individual recibir un correo cada vez que tu DropBox sea utilizado.<\/p>\n\n\n\n<p>Si alguna vez el portafolio de archivos es en privado, obtendr\u00e1 el portafolio de archivos para utilizarlo como desee. El titular de la cuenta determina si se almacena o se distribuye el fichero m\u00e1s adelante. Adem\u00e1s, si el portafolio est\u00e1 siendo distribuido, todos los que identifiquen el enlace del archivo compartido ver\u00e1n los datos cargados y podr\u00e1n descargarlos.<\/p>\n\n\n\n<p>Empleando un Sendspace DropBox, puedes aceptar datos o construir tu cadena personal de intercambio de archivos, present\u00e1ndola pr\u00e1cticamente para que amigos y empresas compartan archivos de forma eficiente. Esta configuraci\u00f3n es accesible para los miembros de la Cuenta Premium de Sendspace y est\u00e1 dise\u00f1ada y regulada dentro de Mysendspace<\/p>\n\n\n\n<figure class=\"wp-block-image\"><img src=\"https:\/\/lh6.googleusercontent.com\/y8H0Mk1d7Gi2ZlW1JjOSzW2lVrKrl8weP2Bf5w3DMID2lXHiF1rLf-H5G0Mgtb4aTeDF5OHNPZlldo5bKjkx7o4Mj44Ybfks10-3TVSyd5ENwmCc1f6y5dEcmU8umGeRiBfoKME\" alt=\"Files accessible anywhere and anytime\"\/><\/figure>\n\n\n\n<h2>\u00bfQu\u00e9 hacer despu\u00e9s de perder el enlace de eliminaci\u00f3n de archivos? <\/h2>\n\n\n\n<p>Las cuentas inscritas e iniciadas pueden borrar los datos y carpetas de su cuenta procediendo a Mi Cuenta -&gt; Mis Archivos. Sendspace no puede autentificar que usted es el propietario de los documentos si no est\u00e1 inscrito, no ha iniciado sesi\u00f3n y no tiene el enlace de borrado. En consecuencia, el archivo se destruir\u00e1 autom\u00e1ticamente un mes despu\u00e9s de la \u00faltima descarga. Cualquier acci\u00f3n que realice m\u00e1s adelante no har\u00e1 nada.<\/p>\n\n\n\n<h2>\u00bfQui\u00e9n tiene la autoridad para borrar un archivo de su cuenta?<\/h2>\n\n\n\n<p>La cuenta de usuario y Sendspace s\u00f3lo pueden eliminar el archivo. Despu\u00e9s de subir un documento, se proporcionar\u00e1 un enlace \u00fanico para borrar el archivo. Por otro lado, si se elige una autenticaci\u00f3n de correo electr\u00f3nico, el enlace de borrado se adjuntar\u00e1 en ese correo electr\u00f3nico en particular.<\/p>\n\n\n\n<p>Si alguien se sube a la red utilizando un DropBox, no se le suministran enlaces ni se le reenv\u00eda un correo. El usuario del DropBox o el propietario de la cuenta puede eliminar el documento por completo. Las cuentas inscritas pueden actualizar la informaci\u00f3n y transferir sus archivos en su p\u00e1gina web &#8216;Mis Archivos&#8217;. Los destinatarios de sus datos no pueden descartarlos (salvo que se presenten con la URL de borrado) ni actualizarlos.<\/p>\n\n\n\n<h2>Resumen<\/h2>\n\n\n\n<p>Ahora hemos llegado al final y lo que debe hacer es estudiar los planes que son adecuados para usted o para su negocio. Siempre que necesite decidir algo, debe ser investigado a fondo.<\/p>\n\n\n\n<p>Sendspace tiene toneladas de rese\u00f1as en l\u00ednea que tambi\u00e9n puedes explorar. Siga buscando hasta que encuentre un servicio que se ajuste a sus necesidades.<\/p>\n\n\n\n<h2>Referencias<\/h2>\n\n\n\n<p><a href=\"https:\/\/www.cmpod.net\/all-transcripts\/history-file-sharing-part-1-2-rise-fall-napster_text\/\">www.cmpod.net\/all-transcripts\/history-file-sharing-part-1-2-rise-fall-napster_text\/<\/a><br><a href=\"https:\/\/www.smartfile.com\/blog\/an-all-too-brief-history-of-file-sharing\/\">www.smartfile.com\/blog\/an-all-too-brief-history-of-file-sharing\/<\/a><br><a href=\"https:\/\/www.thefreedictionary.com\/File+hosting\">www.thefreedictionary.com\/File+hosting<\/a><br><a href=\"https:\/\/beginnersbook.com\/2013\/04\/advantages-and-disadvantages-of-online-data-storage\/\">www.beginnersbook.com\/2013\/04\/advantages-and-disadvantages-of-online-data-storage\/<\/a><br><a href=\"https:\/\/www.technobezz.com\/5-benefits-online-data-storage\/\">www.technobezz.com\/5-benefits-online-data-storage\/<\/a><br><a href=\"https:\/\/www.quora.com\/What-is-cloud-storage-What-is-its-importance-in-the-modern-computer-world\">www.quora.com\/What-is-cloud-storage-What-is-its-importance-in-the-modern-computer-world<\/a><\/p>\n\n\n<a class=\"maxbutton-2 maxbutton maxbutton-cta\" target=\"_blank\" rel=\"nofollow noopener\" href=\"\/go\/\"><span class='mb-text'>&gt;&gt; Ir a la p\u00e1gina web original de Linkifier <\/span><\/a>\n\n\n<p><\/p>\n","protected":false},"excerpt":{"rendered":"<p>Sendspace Visi\u00f3n general Sendspace no es s\u00f3lo un simple proveedor de alojamiento de archivos, sino tambi\u00e9n un software para compartir<\/p>\n","protected":false},"author":2,"featured_media":0,"parent":0,"menu_order":0,"comment_status":"closed","ping_status":"closed","template":"","meta":[],"yoast_head":"<!-- This site is optimized with the Yoast SEO plugin v18.3 - https:\/\/yoast.com\/wordpress\/plugins\/seo\/ -->\n<title>SendSpace Premium Cuenta: El Filehoster De Un Vistazo<\/title>\n<meta name=\"description\" content=\"Si SendSpace es un proveedor de confianza o no, puedes encontrar la respuesta en el test actual en Multihoster.org \u279c Haz clic ahora \u271a para leer nuestras experiencias!\" \/>\n<meta name=\"robots\" content=\"index, follow, max-snippet:-1, max-image-preview:large, max-video-preview:-1\" \/>\n<link rel=\"canonical\" href=\"https:\/\/multihoster.org\/es\/sendspace\/\" \/>\n<meta property=\"og:locale\" content=\"es_ES\" \/>\n<meta property=\"og:type\" content=\"article\" \/>\n<meta property=\"og:title\" content=\"SendSpace Premium Cuenta: El Filehoster De Un Vistazo\" \/>\n<meta property=\"og:description\" content=\"Si SendSpace es un proveedor de confianza o no, puedes encontrar la respuesta en el test actual en Multihoster.org \u279c Haz clic ahora \u271a para leer nuestras experiencias!\" \/>\n<meta property=\"og:url\" content=\"https:\/\/multihoster.org\/es\/sendspace\/\" \/>\n<meta property=\"og:site_name\" content=\"Multihoster.org\" \/>\n<meta property=\"article:modified_time\" content=\"2020-03-30T13:38:49+00:00\" \/>\n<meta property=\"og:image\" content=\"https:\/\/lh3.googleusercontent.com\/WjQlUlQJ23MPthwlLGbf0ndBToObt7-IkPsMKXMXS2OfiicbFdZ4ldswnaQLxICp2JVD3xJvbAjxBtJjxKKsA8yr9VuA3jcROL2jtcjuflbiG3n0kEBG9xjnPOjVzxfFV0fQZCM\" \/>\n<meta name=\"twitter:card\" content=\"summary\" \/>\n<meta name=\"twitter:label1\" content=\"Tiempo de lectura\" \/>\n\t<meta name=\"twitter:data1\" content=\"9 minutos\" \/>\n<script type=\"application\/ld+json\" class=\"yoast-schema-graph\">{\"@context\":\"https:\/\/schema.org\",\"@graph\":[{\"@type\":\"WebSite\",\"@id\":\"https:\/\/multihoster.org\/#website\",\"url\":\"https:\/\/multihoster.org\/\",\"name\":\"Multihoster.org\",\"description\":\"Reviews of the major Filehosting services\",\"potentialAction\":[{\"@type\":\"SearchAction\",\"target\":{\"@type\":\"EntryPoint\",\"urlTemplate\":\"https:\/\/multihoster.org\/?s={search_term_string}\"},\"query-input\":\"required name=search_term_string\"}],\"inLanguage\":\"es\"},{\"@type\":\"ImageObject\",\"@id\":\"https:\/\/multihoster.org\/es\/sendspace\/#primaryimage\",\"inLanguage\":\"es\",\"url\":\"https:\/\/lh3.googleusercontent.com\/WjQlUlQJ23MPthwlLGbf0ndBToObt7-IkPsMKXMXS2OfiicbFdZ4ldswnaQLxICp2JVD3xJvbAjxBtJjxKKsA8yr9VuA3jcROL2jtcjuflbiG3n0kEBG9xjnPOjVzxfFV0fQZCM\",\"contentUrl\":\"https:\/\/lh3.googleusercontent.com\/WjQlUlQJ23MPthwlLGbf0ndBToObt7-IkPsMKXMXS2OfiicbFdZ4ldswnaQLxICp2JVD3xJvbAjxBtJjxKKsA8yr9VuA3jcROL2jtcjuflbiG3n0kEBG9xjnPOjVzxfFV0fQZCM\"},{\"@type\":\"WebPage\",\"@id\":\"https:\/\/multihoster.org\/es\/sendspace\/#webpage\",\"url\":\"https:\/\/multihoster.org\/es\/sendspace\/\",\"name\":\"SendSpace Premium Cuenta: El Filehoster De Un Vistazo\",\"isPartOf\":{\"@id\":\"https:\/\/multihoster.org\/#website\"},\"primaryImageOfPage\":{\"@id\":\"https:\/\/multihoster.org\/es\/sendspace\/#primaryimage\"},\"datePublished\":\"2020-03-30T13:38:47+00:00\",\"dateModified\":\"2020-03-30T13:38:49+00:00\",\"description\":\"Si SendSpace es un proveedor de confianza o no, puedes encontrar la respuesta en el test actual en Multihoster.org \u279c Haz clic ahora \u271a para leer nuestras experiencias!\",\"breadcrumb\":{\"@id\":\"https:\/\/multihoster.org\/es\/sendspace\/#breadcrumb\"},\"inLanguage\":\"es\",\"potentialAction\":[{\"@type\":\"ReadAction\",\"target\":[\"https:\/\/multihoster.org\/es\/sendspace\/\"]}]},{\"@type\":\"BreadcrumbList\",\"@id\":\"https:\/\/multihoster.org\/es\/sendspace\/#breadcrumb\",\"itemListElement\":[{\"@type\":\"ListItem\",\"position\":1,\"name\":\"Startseite\",\"item\":\"https:\/\/multihoster.org\/es\/\"},{\"@type\":\"ListItem\",\"position\":2,\"name\":\"SendSpace Premium Cuenta: El Filehoster De Un Vistazo\"}]}]}<\/script>\n<!-- \/ Yoast SEO plugin. -->","yoast_head_json":{"title":"SendSpace Premium Cuenta: El Filehoster De Un Vistazo","description":"Si SendSpace es un proveedor de confianza o no, puedes encontrar la respuesta en el test actual en Multihoster.org \u279c Haz clic ahora \u271a para leer nuestras experiencias!","robots":{"index":"index","follow":"follow","max-snippet":"max-snippet:-1","max-image-preview":"max-image-preview:large","max-video-preview":"max-video-preview:-1"},"canonical":"https:\/\/multihoster.org\/es\/sendspace\/","og_locale":"es_ES","og_type":"article","og_title":"SendSpace Premium Cuenta: El Filehoster De Un Vistazo","og_description":"Si SendSpace es un proveedor de confianza o no, puedes encontrar la respuesta en el test actual en Multihoster.org \u279c Haz clic ahora \u271a para leer nuestras experiencias!","og_url":"https:\/\/multihoster.org\/es\/sendspace\/","og_site_name":"Multihoster.org","article_modified_time":"2020-03-30T13:38:49+00:00","og_image":[{"url":"https:\/\/lh3.googleusercontent.com\/WjQlUlQJ23MPthwlLGbf0ndBToObt7-IkPsMKXMXS2OfiicbFdZ4ldswnaQLxICp2JVD3xJvbAjxBtJjxKKsA8yr9VuA3jcROL2jtcjuflbiG3n0kEBG9xjnPOjVzxfFV0fQZCM"}],"twitter_card":"summary","twitter_misc":{"Tiempo de lectura":"9 minutos"},"schema":{"@context":"https:\/\/schema.org","@graph":[{"@type":"WebSite","@id":"https:\/\/multihoster.org\/#website","url":"https:\/\/multihoster.org\/","name":"Multihoster.org","description":"Reviews of the major Filehosting services","potentialAction":[{"@type":"SearchAction","target":{"@type":"EntryPoint","urlTemplate":"https:\/\/multihoster.org\/?s={search_term_string}"},"query-input":"required name=search_term_string"}],"inLanguage":"es"},{"@type":"ImageObject","@id":"https:\/\/multihoster.org\/es\/sendspace\/#primaryimage","inLanguage":"es","url":"https:\/\/lh3.googleusercontent.com\/WjQlUlQJ23MPthwlLGbf0ndBToObt7-IkPsMKXMXS2OfiicbFdZ4ldswnaQLxICp2JVD3xJvbAjxBtJjxKKsA8yr9VuA3jcROL2jtcjuflbiG3n0kEBG9xjnPOjVzxfFV0fQZCM","contentUrl":"https:\/\/lh3.googleusercontent.com\/WjQlUlQJ23MPthwlLGbf0ndBToObt7-IkPsMKXMXS2OfiicbFdZ4ldswnaQLxICp2JVD3xJvbAjxBtJjxKKsA8yr9VuA3jcROL2jtcjuflbiG3n0kEBG9xjnPOjVzxfFV0fQZCM"},{"@type":"WebPage","@id":"https:\/\/multihoster.org\/es\/sendspace\/#webpage","url":"https:\/\/multihoster.org\/es\/sendspace\/","name":"SendSpace Premium Cuenta: El Filehoster De Un Vistazo","isPartOf":{"@id":"https:\/\/multihoster.org\/#website"},"primaryImageOfPage":{"@id":"https:\/\/multihoster.org\/es\/sendspace\/#primaryimage"},"datePublished":"2020-03-30T13:38:47+00:00","dateModified":"2020-03-30T13:38:49+00:00","description":"Si SendSpace es un proveedor de confianza o no, puedes encontrar la respuesta en el test actual en Multihoster.org \u279c Haz clic ahora \u271a para leer nuestras experiencias!","breadcrumb":{"@id":"https:\/\/multihoster.org\/es\/sendspace\/#breadcrumb"},"inLanguage":"es","potentialAction":[{"@type":"ReadAction","target":["https:\/\/multihoster.org\/es\/sendspace\/"]}]},{"@type":"BreadcrumbList","@id":"https:\/\/multihoster.org\/es\/sendspace\/#breadcrumb","itemListElement":[{"@type":"ListItem","position":1,"name":"Startseite","item":"https:\/\/multihoster.org\/es\/"},{"@type":"ListItem","position":2,"name":"SendSpace Premium Cuenta: El Filehoster De Un Vistazo"}]}]}},"_links":{"self":[{"href":"https:\/\/multihoster.org\/es\/wp-json\/wp\/v2\/pages\/2848"}],"collection":[{"href":"https:\/\/multihoster.org\/es\/wp-json\/wp\/v2\/pages"}],"about":[{"href":"https:\/\/multihoster.org\/es\/wp-json\/wp\/v2\/types\/page"}],"author":[{"embeddable":true,"href":"https:\/\/multihoster.org\/es\/wp-json\/wp\/v2\/users\/2"}],"replies":[{"embeddable":true,"href":"https:\/\/multihoster.org\/es\/wp-json\/wp\/v2\/comments?post=2848"}],"version-history":[{"count":2,"href":"https:\/\/multihoster.org\/es\/wp-json\/wp\/v2\/pages\/2848\/revisions"}],"predecessor-version":[{"id":2943,"href":"https:\/\/multihoster.org\/es\/wp-json\/wp\/v2\/pages\/2848\/revisions\/2943"}],"wp:attachment":[{"href":"https:\/\/multihoster.org\/es\/wp-json\/wp\/v2\/media?parent=2848"}],"curies":[{"name":"wp","href":"https:\/\/api.w.org\/{rel}","templated":true}]}}