{"id":2926,"date":"2020-03-30T13:33:12","date_gmt":"2020-03-30T13:33:12","guid":{"rendered":"https:\/\/multihoster.org\/?page_id=2926"},"modified":"2020-05-29T13:06:34","modified_gmt":"2020-05-29T13:06:34","slug":"streamcloud","status":"publish","type":"page","link":"https:\/\/multihoster.org\/es\/streamcloud\/","title":{"rendered":"StreamCloud Premium Cuenta: El Filehoster De Un Vistazo"},"content":{"rendered":"<a class=\"maxbutton-2 maxbutton maxbutton-cta\" target=\"_blank\" rel=\"nofollow noopener\" href=\"\/go\/\"><span class='mb-text'>&gt;&gt; Ir a la p\u00e1gina web original de Linkifier <\/span><\/a>\n\n\n<p>Streamcloud Premium es el gran avance que trajo el <a rel=\"noreferrer noopener\" aria-label=\"almacenamiento web en l\u00ednea (opens in a new tab)\" href=\"https:\/\/cloud.google.com\/storage\" target=\"_blank\">almacenamiento web en l\u00ednea<\/a> (almacenamiento en la nube) y la transmisi\u00f3n de v\u00eddeo en la web en uno. Mientras se mantienen todos los archivos en un servidor cifrado, tambi\u00e9n se pueden transmitir videos usando la plataforma. Aprende m\u00e1s leyendo m\u00e1s de la rese\u00f1a a continuaci\u00f3n.<\/p>\n\n\n\n<h2>Acerca de la plataforma Streamcloud Premium<\/h2>\n\n\n\n<p>La plataforma Streamcloud Premium fue un sitio web desarrollado por New Ventures Services, Corp. el 4 de octubre de 2012. Ahora tiene siete (7) a\u00f1os y cuatro (4) meses en sus operaciones y todav\u00eda es mantenida por sus fundadores. Las estimaciones de varios sitios web demostraron su legitimidad ya que el sitio web vale 8,95 d\u00f3lares y gana 0,15 d\u00f3lares. Est\u00e1 marcado para ser seguro por sus buenos par\u00e1metros<\/p>\n\n\n\n<figure class=\"wp-block-image\"><img src=\"https:\/\/lh4.googleusercontent.com\/xcxpv9Ok39mZs2azSQyAMZjRiJmA_UPp2NkcIGgn7jTknebXHbBFvyI5GpychS6EqvN1AwTPLUvFkGzWwaxFzbX_4LcrW3vqqHLE04zHgp4L49tAp32tiZ8kelyfa6cjvEWkctM\" alt=\"Streamcloud descriptive image\"\/><\/figure>\n\n\n\n<p><br>El Streamcloud es su mejor plataforma de alojamiento de archivos con caracter\u00edsticas adicionales<\/p>\n\n\n\n<p>Ahora que sabe lo que hace que la plataforma Streamcloud Premium sea leg\u00edtima, aprenda m\u00e1s sobre lo que Streamcloud Premium puede hacer por usted y por sus archivos leyendo el siguiente tema.<\/p>\n\n\n\n<h2>Las caracter\u00edsticas de la plataforma Streamcloud Premium<\/h2>\n\n\n\n<p>La plataforma Streamcloud Premium es b\u00e1sicamente un almacenamiento web en l\u00ednea (almacenamiento en la nube) y la transmisi\u00f3n de v\u00eddeo en la web combinados. Puede mantener todos sus archivos en un <a rel=\"noreferrer noopener\" aria-label=\"servidor encriptado (opens in a new tab)\" href=\"https:\/\/computersciencewiki.org\/index.php\/Client-side_scripting_and_server-side_scripting\" target=\"_blank\">servidor encriptado<\/a>, tambi\u00e9n puede transmitir videos usando la plataforma. The Network Solutions, LLC respaldado por sus expertos en ingenier\u00eda web y programaci\u00f3n web utilizando combinaciones de diferentes lenguajes (como HTML, CSS, Javascript, Python, C#, C+ y C++) para garantizar la fiabilidad del sitio web para ofrecer sus servicios prometidos sin problemas y proporcionar la m\u00e1xima seguridad a sus cargadores con su encriptaci\u00f3n simult\u00e1nea incorporada en el sitio web. Con esto, los datos y la informaci\u00f3n de sus usuarios, incluyendo todas las subidas de archivos, ser\u00e1n encriptados antes de que incluso salgan a la web usando scripts del lado del cliente. Utilizando el algoritmo AES, todos los datos y la informaci\u00f3n est\u00e1n asegurados con los servidores de Streamcloud Premium, que se encuentra en m\u00faltiples ubicaciones, lo que tambi\u00e9n a\u00f1ade una mayor garant\u00eda de la m\u00e1xima seguridad para sus usuarios.<\/p>\n\n\n\n<p>Uno puede no estar impresionado por las caracter\u00edsticas de la Streamcloud Premium ya que otros proveedores de servicios de alojamiento de archivos (FHS) pueden ofrecer lo mismo, pero la Streamcloud Premium es \u00fanica entre todos sus competidores. El Streamcloud Premium tiene un reproductor de v\u00eddeo incorporado que puede reproducir los principales tipos de archivos de v\u00eddeo como 3gp, mp4, webm, flv y todos los dem\u00e1s archivos de v\u00eddeo. Puede ver todos sus v\u00eddeos en el almacenamiento web en l\u00ednea o en la nube de Streamcloud Premium usando el streaming de v\u00eddeo de Streamcloud Premium, as\u00ed como todos los v\u00eddeos de otros usuarios si quieren compartir sus archivos. Se puede acceder a la configuraci\u00f3n de privacidad de los archivos de v\u00eddeo utilizando las propiedades del archivo de v\u00eddeo seleccionado. S\u00f3lo tienes que hacer clic en las Propiedades y seleccionar el p\u00fablico si quieres que el archivo de v\u00eddeo est\u00e9 disponible para todos o el privado para que el archivo de v\u00eddeo sea accesible s\u00f3lo para ti. Las propiedades de los archivos de v\u00eddeo tambi\u00e9n se pueden configurar para que se vean disponibles s\u00f3lo para los usuarios seleccionados, seleccionando s\u00f3lo para luego introducir los nombres o direcciones de correo electr\u00f3nico de los usuarios de Streamcloud Premium con los que desea compartir el archivo.<\/p>\n\n\n\n<figure class=\"wp-block-image\"><img src=\"https:\/\/lh6.googleusercontent.com\/bnFLG5PFEBQOPMFDAWo3rHyJYiu5nEEu9aSxZAy7r_ohcySBJa8icgsb0tprIBpaFsF61MTqBMn4OgCrcJSlR-hVaBJfVCPILVqfvqdQYnQ69kSFjOa-zleyxB2GZk4xBkZ0a1I\" alt=\"Streamcloud online video streaming\"\/><\/figure>\n\n\n\n<p>El Streamcloud tiene una funci\u00f3n de streaming web incorporada para ver los v\u00eddeos subidos<\/p>\n\n\n\n<p>El <a rel=\"noreferrer noopener\" aria-label=\"reproductor de v\u00eddeo incrustado  (opens in a new tab)\" href=\"https:\/\/developer.mozilla.org\/en\/docs\/Web\/HTML\/Element\/video\" target=\"_blank\">reproductor de v\u00eddeo incrustado <\/a>Streamcloud Premium puede reproducir v\u00eddeos con una calidad de 240p, 360p, 480p, 720p, calidad HD y calidad Blu-ray, de modo que usted puede estar seguro de que disfrutar\u00e1 viendo sus archivos de v\u00eddeo al mismo tiempo que tiene la seguridad de que todos sus archivos est\u00e1n protegidos en un servidor en l\u00ednea a trav\u00e9s de la plataforma Streamcloud Premium.<\/p>\n\n\n\n<h2>El tema del fraude de Streamcloud<\/h2>\n\n\n\n<p>Los rumores han estado circulando por la web sobre el tema del fraude de Streamcloud, pero Network Solutions, LLC condena en\u00e9rgicamente este tema ya que Streamcloud es un sitio web completamente leg\u00edtimo. Usted ha le\u00eddo los or\u00edgenes incluso los componentes de su sitio web hasta sus ganancias reales para demostrar esto. Este tema es claramente inventado por sus competidores ya que Streamcloud es un producto \u00fanico que ha sido deseado por muchos de sus usuarios. Muchas empresas incluso intentaron comprarlo por su valor pero el Streamcloud bajo la gesti\u00f3n de Network Solutions, LLC se compromete a darle los mejores servicios mientras transmite sus v\u00eddeos y utiliza el servicio de alojamiento de archivos m\u00e1s seguro en la nube.<\/p>\n\n\n\n<h2>Los tipos de cuenta Premium de Streamcloud<\/h2>\n\n\n\n<p>El Streamcloud Premium tiene diferentes tipos de <a rel=\"noreferrer noopener\" aria-label=\"cuentas  (opens in a new tab)\" href=\"https:\/\/www.techopedia.com\/definition\/13458\/user-accountKEwiU-5z0i4joAhUYfd4KHczKAH8QFjAQegQIBxAB&amp;url=https%3A%2F%2Fwww.techopedia.com%2Fdefinition%2F13458%2Fuser-account&amp;usg=AOvVaw2CezyjXl4sE6JmdNqYBYSu\" target=\"_blank\">cuentas <\/a>que est\u00e1n dise\u00f1adas para satisfacer las necesidades diarias de nuestros usuarios. B\u00e1sicamente, la Streamcloud Premium ofrece el servicio de alojamiento de archivos Freemium (FHS) pero tambi\u00e9n hay cuentas Streamcloud Premium que pueden ofrecer m\u00e1s funcionalidad. Hemos presentado los detalles de cada cuenta en la siguiente tabla.<\/p>\n\n\n\n<p>Tabla 1. Diferentes tipos de cuentas de Streamcloud<\/p>\n\n\n\n<figure class=\"wp-block-table\"><table><tbody><tr><td>Tipo de cuenta<\/td><td>Cuota de mantenimiento<\/td><td>Asignaci\u00f3n de almacenamiento<\/td><td>Ancho de banda<\/td><\/tr><tr><td>Streamcloud Freemium<\/td><td>Libre<\/td><td>15 GB por mes<\/td><td>35 GB por mes<\/td><\/tr><tr><td>Streamcloud Premium<\/td><td>$ 11.00 por mes <\/td><td>400 GB por mes<\/td><td>1 TB por mes<\/td><\/tr><tr><td>Streamcloud Premium Avanzado<\/td><td>$ 23 por mes<\/td><td>2 TB por mes<\/td><td>2 TB por mes<\/td><\/tr><tr><td>Streamcloud Premium Prestige<\/td><td>$ 30.00 por mes<\/td><td>8 TB por mes<\/td><td>8 TB por mes<\/td><\/tr><tr><td>Streamcloud Premium Derechos de autor<\/td><td>$ 53.00 por mes <\/td><td>16 TB por mes<\/td><td>16 TB por mes<\/td><\/tr><\/tbody><\/table><\/figure>\n\n\n\n<p>Como se muestra arriba, los diferentes tipos de cuentas de Streamcloud Premium son Streamcloud Freemium Account, Streamcloud Premium Account, Streamcloud Premium Advanced Account, Streamcloud Premium Prestige Account y Streamcloud Premium Royalty Account, cada una con sus propias ventajas.<\/p>\n\n\n\n<p>Estamos seguros de que usted disfrutar\u00e1 de nuestro servicio de alojamiento de archivos de cuentas gratuitas de Streamcloud (FHS), pero estamos muy seguros de que tambi\u00e9n disfrutar\u00e1 de nuestras Cuentas Premium de Streamcloud para a\u00f1adir caracter\u00edsticas y funcionalidades que se ajusten a sus necesidades. Streamcloud ofrece cuatro (4) variedad de cuentas premium que ofrecen m\u00e1s asignaci\u00f3n de almacenamiento para cada tipo de archivos que usted pueda traer ya sea un documento, powerpoint, audio, video el servicio de alojamiento de archivos Streamcloud Premium (FHS) seguramente estar\u00e1 en buenas manos.<\/p>\n\n\n<a class=\"maxbutton-2 maxbutton maxbutton-cta\" target=\"_blank\" rel=\"nofollow noopener\" href=\"\/go\/\"><span class='mb-text'>&gt;&gt; Ir a la p\u00e1gina web original de Linkifier <\/span><\/a>\n\n\n<p><\/p>\n\n\n\n<figure class=\"wp-block-image\"><img src=\"https:\/\/lh4.googleusercontent.com\/EwSoUUcLaV1VFD69SnYqb4OUrI1isFgChdnJuRgj0tvdu0tMRV-LQGsOL1olFcHCENiI5ZofW8_15Akd2hZ20mry27bXDGCwUzDbyF7otnD4SQgJl1Adbi9Qyrl4bWmUr91kpUQ\" alt=\"Streamcloud features works across devices regardless of the account type\"\/><\/figure>\n\n\n\n<p>Cualquiera que sea el tipo de cuenta o el dispositivo, la Nube de Corriente se adapta autom\u00e1ticamente y din\u00e1micamente<\/p>\n\n\n\n<p>Cualquiera que sea su cuenta, la plataforma Streamcloud encripta todos los mismos archivos con los mismos valores y caracter\u00edsticas para su privacidad. Lo mismo ocurre con la caracter\u00edstica adicional: El servicio de streaming de v\u00eddeo online de Streamcloud. Tanto si tiene una cuenta Streamcloud Freemium, una cuenta Streamcloud Premium, una cuenta Streamcloud Premium Advanced, una cuenta Streamcloud Premium Prestige o una cuenta Streamcloud Premium Royalty, puede seguir transmitiendo y viendo sus v\u00eddeos subidos y los v\u00eddeos que se han hecho p\u00fablicos por sus usuarios. Tambi\u00e9n tiene que compartir sus v\u00eddeos con el p\u00fablico usando cualquier cuenta. Porque Streamcloud se preocupa y se preocupa por todos sus usuarios independientemente de su tipo de cuenta de Streamcloud.<\/p>\n\n\n\n<h2>Reflexiones finales sobre Streamcloud Premium<\/h2>\n\n\n\n<p>Puede que no le impresione la plataforma Streamcloud como proveedor de servicios de alojamiento de archivos (FHS) ya que hay muchas nubes o almacenamiento web en l\u00ednea disponibles en Internet, pero le desafiamos a que intente ver qu\u00e9 es lo que hace que la Streamcloud Premium sea \u00fanica y se sorprenda ya que la Streamcloud premium no es s\u00f3lo una plataforma de servicio de alojamiento de archivos (FHS) sino que tambi\u00e9n es un sitio de streaming de v\u00eddeo en l\u00ednea para ver todos los v\u00eddeos disponibles p\u00fablicamente en la plataforma, independientemente de su tama\u00f1o y calidad.<\/p>\n\n\n\n<h2>Preguntas frecuentes (FAQs) sobre Streamcloud Premium<\/h2>\n\n\n\n<h3>1. \u00bfStreamcloud ofrece servicios gratuitos?<\/h3>\n\n\n\n<p>S\u00ed, el Streamcloud Premium tiene un servicio gratuito que un usuario puede usar s\u00f3lo con sus direcciones de correo electr\u00f3nico. El Streamcloud Premium ofrece un almacenamiento en la nube de quince gigabytes (15 GB) durante un mes con un m\u00e1ximo de treinta y cinco gigabytes (35 GB) de ancho de banda para que pueda almacenar y compartir todo su archivo con esa cantidad de almacenamiento web en l\u00ednea o almacenamiento en la nube durante un mes, as\u00ed como transmitir v\u00eddeos p\u00fablicos en la plataforma Streamcloud de forma gratuita. Streamcloud tambi\u00e9n ofrece cuentas Streamcloud Premium con m\u00e1s funcionalidad y caracter\u00edsticas para adaptarse a sus necesidades.<\/p>\n\n\n\n<h3>2. \u00bfCu\u00e1l es la mejor cuenta Premium de Streamcloud?<\/h3>\n\n\n\n<p>El Streamcloud Premium tiene cuatro (4) tipos de cuenta Streamcloud premium pero la cuenta con m\u00e1s funcionalidades y caracter\u00edsticas es la Cuenta de Regal\u00edas Streamcloud Premium. Con s\u00f3lo cincuenta y tres d\u00f3lares ($ 53.00) por mes, un usuario tiene derecho a diecis\u00e9is terabytes (16 TB) de almacenamiento web en l\u00ednea o almacenamiento en la nube con un ancho de banda m\u00e1ximo de tambi\u00e9n diecis\u00e9is terabytes (16 TB) por un mes. Esto significa m\u00e1s almacenamiento para sus archivos m\u00e1s importantes y copias de seguridad para sus archivos especiales, independientemente de su tipo y tama\u00f1o de archivo, siempre y cuando tenga una asignaci\u00f3n de datos restante. Tambi\u00e9n puedes compartir y ver m\u00e1s pel\u00edculas, lo que lo hace m\u00e1s especial porque el Streamcloud premium no es s\u00f3lo un servicio de alojamiento de archivos (FHS), sino que tambi\u00e9n es un sitio de streaming de v\u00eddeo online para ver todos los archivos disponibles p\u00fablicamente en la plataforma.<\/p>\n\n\n\n<h3>3. S\u00f3lo estoy usando mi navegador predeterminado, \u00bfpuedo seguir usando la plataforma Streamcloud?<\/h3>\n\n\n\n<p>Ya sea Windows, Linux, Ubuntu, iOs o android, el sitio web de Streamcloud est\u00e1 disponible din\u00e1micamente para todo tipo de navegadores. El sitio web de Streamcloud fue ajustado y programado para que se ajuste autom\u00e1ticamente a la resoluci\u00f3n de cualquier dispositivo del usuario, de modo que es seguro que no tendr\u00e1 ning\u00fan problema en su uso. Seguramente se mostrar\u00e1 en Internet Explorer, Google Chrome, Mozilla Firefox, Opera, Safari e incluso en el navegador Tor. A pesar de utilizar cualquier tipo de navegador, la plataforma Streamcloud seguramente encriptar\u00e1 cada uno de los archivos de sus usuarios utilizando el avanzado algoritmo de encriptaci\u00f3n AES para protegerse contra cualquier tipo de phishing de datos y cualquier robo de datos.<\/p>\n\n\n\n<h3>&nbsp;4. \u00bfPueden los dem\u00e1s acceder a mis archivos subidos en la plataforma Premium de Streamcloud?<\/h3>\n\n\n\n<p>Todas las subidas en la plataforma premium de Streamcloud se suben con configuraciones de privacidad privadas, as\u00ed que a menos que un usuario cambie las configuraciones de privacidad al p\u00fablico, ning\u00fan otro usuario puede ver ni acceder a sus archivos en la plataforma premium de Streamcloud.<\/p>\n\n\n\n<h3>5. \u00bfTiene Streamcloud premium alg\u00fan representante de atenci\u00f3n al cliente?<\/h3>\n\n\n\n<p>Para preguntas, aclaraciones y otras preocupaciones, Network Solutions, LLC ha designado los servicios de soporte premium de Streamcloud a trav\u00e9s de sus representantes de clientes premium de Streamcloud para atender cualquiera de sus preocupaciones o problemas aunque esto ocurre muy raramente porque la plataforma Streamcloud siempre deja a sus usuarios satisfechos con su funcionalidad y caracter\u00edsticas como un servicio de alojamiento de archivos (FHS) y un sitio de streaming de v\u00eddeo en l\u00ednea para ver todos los archivos disponibles p\u00fablicamente en la plataforma.<\/p>\n\n\n<a class=\"maxbutton-2 maxbutton maxbutton-cta\" target=\"_blank\" rel=\"nofollow noopener\" href=\"\/go\/\"><span class='mb-text'>&gt;&gt; Ir a la p\u00e1gina web original de Linkifier <\/span><\/a>\n\n\n<p><br><\/p>\n","protected":false},"excerpt":{"rendered":"<p>Streamcloud Premium es el gran avance que trajo el almacenamiento web en l\u00ednea (almacenamiento en la nube) y la transmisi\u00f3n<\/p>\n","protected":false},"author":2,"featured_media":0,"parent":0,"menu_order":0,"comment_status":"closed","ping_status":"closed","template":"","meta":[],"yoast_head":"<!-- This site is optimized with the Yoast SEO plugin v18.3 - https:\/\/yoast.com\/wordpress\/plugins\/seo\/ -->\n<title>StreamCloud Premium Cuenta: El Filehoster De Un Vistazo<\/title>\n<meta name=\"description\" content=\"Es StreamCloud un proveedor de confianza o no, puedes encontrar la respuesta en el test actual en Multihoster.org \u279c Haz clic ahora \u271a para leer nuestras experiencias!\" \/>\n<meta name=\"robots\" content=\"index, follow, max-snippet:-1, max-image-preview:large, max-video-preview:-1\" \/>\n<link rel=\"canonical\" href=\"https:\/\/multihoster.org\/es\/streamcloud\/\" \/>\n<meta property=\"og:locale\" content=\"es_ES\" \/>\n<meta property=\"og:type\" content=\"article\" \/>\n<meta property=\"og:title\" content=\"StreamCloud Premium Cuenta: El Filehoster De Un Vistazo\" \/>\n<meta property=\"og:description\" content=\"Es StreamCloud un proveedor de confianza o no, puedes encontrar la respuesta en el test actual en Multihoster.org \u279c Haz clic ahora \u271a para leer nuestras experiencias!\" \/>\n<meta property=\"og:url\" content=\"https:\/\/multihoster.org\/es\/streamcloud\/\" \/>\n<meta property=\"og:site_name\" content=\"Multihoster.org\" \/>\n<meta property=\"article:modified_time\" content=\"2020-05-29T13:06:34+00:00\" \/>\n<meta property=\"og:image\" content=\"https:\/\/lh4.googleusercontent.com\/xcxpv9Ok39mZs2azSQyAMZjRiJmA_UPp2NkcIGgn7jTknebXHbBFvyI5GpychS6EqvN1AwTPLUvFkGzWwaxFzbX_4LcrW3vqqHLE04zHgp4L49tAp32tiZ8kelyfa6cjvEWkctM\" \/>\n<meta name=\"twitter:card\" content=\"summary\" \/>\n<meta name=\"twitter:label1\" content=\"Tiempo de lectura\" \/>\n\t<meta name=\"twitter:data1\" content=\"10 minutos\" \/>\n<script type=\"application\/ld+json\" class=\"yoast-schema-graph\">{\"@context\":\"https:\/\/schema.org\",\"@graph\":[{\"@type\":\"WebSite\",\"@id\":\"https:\/\/multihoster.org\/#website\",\"url\":\"https:\/\/multihoster.org\/\",\"name\":\"Multihoster.org\",\"description\":\"Reviews of the major Filehosting services\",\"potentialAction\":[{\"@type\":\"SearchAction\",\"target\":{\"@type\":\"EntryPoint\",\"urlTemplate\":\"https:\/\/multihoster.org\/?s={search_term_string}\"},\"query-input\":\"required name=search_term_string\"}],\"inLanguage\":\"es\"},{\"@type\":\"ImageObject\",\"@id\":\"https:\/\/multihoster.org\/es\/streamcloud\/#primaryimage\",\"inLanguage\":\"es\",\"url\":\"https:\/\/lh4.googleusercontent.com\/xcxpv9Ok39mZs2azSQyAMZjRiJmA_UPp2NkcIGgn7jTknebXHbBFvyI5GpychS6EqvN1AwTPLUvFkGzWwaxFzbX_4LcrW3vqqHLE04zHgp4L49tAp32tiZ8kelyfa6cjvEWkctM\",\"contentUrl\":\"https:\/\/lh4.googleusercontent.com\/xcxpv9Ok39mZs2azSQyAMZjRiJmA_UPp2NkcIGgn7jTknebXHbBFvyI5GpychS6EqvN1AwTPLUvFkGzWwaxFzbX_4LcrW3vqqHLE04zHgp4L49tAp32tiZ8kelyfa6cjvEWkctM\"},{\"@type\":\"WebPage\",\"@id\":\"https:\/\/multihoster.org\/es\/streamcloud\/#webpage\",\"url\":\"https:\/\/multihoster.org\/es\/streamcloud\/\",\"name\":\"StreamCloud Premium Cuenta: El Filehoster De Un Vistazo\",\"isPartOf\":{\"@id\":\"https:\/\/multihoster.org\/#website\"},\"primaryImageOfPage\":{\"@id\":\"https:\/\/multihoster.org\/es\/streamcloud\/#primaryimage\"},\"datePublished\":\"2020-03-30T13:33:12+00:00\",\"dateModified\":\"2020-05-29T13:06:34+00:00\",\"description\":\"Es StreamCloud un proveedor de confianza o no, puedes encontrar la respuesta en el test actual en Multihoster.org \u279c Haz clic ahora \u271a para leer nuestras experiencias!\",\"breadcrumb\":{\"@id\":\"https:\/\/multihoster.org\/es\/streamcloud\/#breadcrumb\"},\"inLanguage\":\"es\",\"potentialAction\":[{\"@type\":\"ReadAction\",\"target\":[\"https:\/\/multihoster.org\/es\/streamcloud\/\"]}]},{\"@type\":\"BreadcrumbList\",\"@id\":\"https:\/\/multihoster.org\/es\/streamcloud\/#breadcrumb\",\"itemListElement\":[{\"@type\":\"ListItem\",\"position\":1,\"name\":\"Startseite\",\"item\":\"https:\/\/multihoster.org\/es\/\"},{\"@type\":\"ListItem\",\"position\":2,\"name\":\"StreamCloud Premium Cuenta: El Filehoster De Un Vistazo\"}]}]}<\/script>\n<!-- \/ Yoast SEO plugin. -->","yoast_head_json":{"title":"StreamCloud Premium Cuenta: El Filehoster De Un Vistazo","description":"Es StreamCloud un proveedor de confianza o no, puedes encontrar la respuesta en el test actual en Multihoster.org \u279c Haz clic ahora \u271a para leer nuestras experiencias!","robots":{"index":"index","follow":"follow","max-snippet":"max-snippet:-1","max-image-preview":"max-image-preview:large","max-video-preview":"max-video-preview:-1"},"canonical":"https:\/\/multihoster.org\/es\/streamcloud\/","og_locale":"es_ES","og_type":"article","og_title":"StreamCloud Premium Cuenta: El Filehoster De Un Vistazo","og_description":"Es StreamCloud un proveedor de confianza o no, puedes encontrar la respuesta en el test actual en Multihoster.org \u279c Haz clic ahora \u271a para leer nuestras experiencias!","og_url":"https:\/\/multihoster.org\/es\/streamcloud\/","og_site_name":"Multihoster.org","article_modified_time":"2020-05-29T13:06:34+00:00","og_image":[{"url":"https:\/\/lh4.googleusercontent.com\/xcxpv9Ok39mZs2azSQyAMZjRiJmA_UPp2NkcIGgn7jTknebXHbBFvyI5GpychS6EqvN1AwTPLUvFkGzWwaxFzbX_4LcrW3vqqHLE04zHgp4L49tAp32tiZ8kelyfa6cjvEWkctM"}],"twitter_card":"summary","twitter_misc":{"Tiempo de lectura":"10 minutos"},"schema":{"@context":"https:\/\/schema.org","@graph":[{"@type":"WebSite","@id":"https:\/\/multihoster.org\/#website","url":"https:\/\/multihoster.org\/","name":"Multihoster.org","description":"Reviews of the major Filehosting services","potentialAction":[{"@type":"SearchAction","target":{"@type":"EntryPoint","urlTemplate":"https:\/\/multihoster.org\/?s={search_term_string}"},"query-input":"required name=search_term_string"}],"inLanguage":"es"},{"@type":"ImageObject","@id":"https:\/\/multihoster.org\/es\/streamcloud\/#primaryimage","inLanguage":"es","url":"https:\/\/lh4.googleusercontent.com\/xcxpv9Ok39mZs2azSQyAMZjRiJmA_UPp2NkcIGgn7jTknebXHbBFvyI5GpychS6EqvN1AwTPLUvFkGzWwaxFzbX_4LcrW3vqqHLE04zHgp4L49tAp32tiZ8kelyfa6cjvEWkctM","contentUrl":"https:\/\/lh4.googleusercontent.com\/xcxpv9Ok39mZs2azSQyAMZjRiJmA_UPp2NkcIGgn7jTknebXHbBFvyI5GpychS6EqvN1AwTPLUvFkGzWwaxFzbX_4LcrW3vqqHLE04zHgp4L49tAp32tiZ8kelyfa6cjvEWkctM"},{"@type":"WebPage","@id":"https:\/\/multihoster.org\/es\/streamcloud\/#webpage","url":"https:\/\/multihoster.org\/es\/streamcloud\/","name":"StreamCloud Premium Cuenta: El Filehoster De Un Vistazo","isPartOf":{"@id":"https:\/\/multihoster.org\/#website"},"primaryImageOfPage":{"@id":"https:\/\/multihoster.org\/es\/streamcloud\/#primaryimage"},"datePublished":"2020-03-30T13:33:12+00:00","dateModified":"2020-05-29T13:06:34+00:00","description":"Es StreamCloud un proveedor de confianza o no, puedes encontrar la respuesta en el test actual en Multihoster.org \u279c Haz clic ahora \u271a para leer nuestras experiencias!","breadcrumb":{"@id":"https:\/\/multihoster.org\/es\/streamcloud\/#breadcrumb"},"inLanguage":"es","potentialAction":[{"@type":"ReadAction","target":["https:\/\/multihoster.org\/es\/streamcloud\/"]}]},{"@type":"BreadcrumbList","@id":"https:\/\/multihoster.org\/es\/streamcloud\/#breadcrumb","itemListElement":[{"@type":"ListItem","position":1,"name":"Startseite","item":"https:\/\/multihoster.org\/es\/"},{"@type":"ListItem","position":2,"name":"StreamCloud Premium Cuenta: El Filehoster De Un Vistazo"}]}]}},"_links":{"self":[{"href":"https:\/\/multihoster.org\/es\/wp-json\/wp\/v2\/pages\/2926"}],"collection":[{"href":"https:\/\/multihoster.org\/es\/wp-json\/wp\/v2\/pages"}],"about":[{"href":"https:\/\/multihoster.org\/es\/wp-json\/wp\/v2\/types\/page"}],"author":[{"embeddable":true,"href":"https:\/\/multihoster.org\/es\/wp-json\/wp\/v2\/users\/2"}],"replies":[{"embeddable":true,"href":"https:\/\/multihoster.org\/es\/wp-json\/wp\/v2\/comments?post=2926"}],"version-history":[{"count":3,"href":"https:\/\/multihoster.org\/es\/wp-json\/wp\/v2\/pages\/2926\/revisions"}],"predecessor-version":[{"id":4540,"href":"https:\/\/multihoster.org\/es\/wp-json\/wp\/v2\/pages\/2926\/revisions\/4540"}],"wp:attachment":[{"href":"https:\/\/multihoster.org\/es\/wp-json\/wp\/v2\/media?parent=2926"}],"curies":[{"name":"wp","href":"https:\/\/api.w.org\/{rel}","templated":true}]}}