{"id":2998,"date":"2020-03-30T15:51:09","date_gmt":"2020-03-30T15:51:09","guid":{"rendered":"https:\/\/multihoster.org\/uloz\/"},"modified":"2020-03-31T10:55:46","modified_gmt":"2020-03-31T10:55:46","slug":"uloz","status":"publish","type":"page","link":"https:\/\/multihoster.org\/es\/uloz\/","title":{"rendered":"Uloz Premium Cuenta: El Filehoster De Un Vistazo"},"content":{"rendered":"\n<figure class=\"wp-block-image\"><img src=\"https:\/\/lh5.googleusercontent.com\/DSso4_iy_x8XL-_Dzwlt3-uz1hpxM25zgpxOGdudM89UryFHdWhEDp_vTHuLAD9ofIDr1yF2225Bjq9DnvEk07QdYZhSxKxox3O0Ny7-KmqOcc0zMTUJi8_3tuxh82T5GK0o3oU\" alt=\"Uloz Dashboard\"\/><\/figure>\n\n\n<a class=\"maxbutton-2 maxbutton maxbutton-cta\" target=\"_blank\" rel=\"nofollow noopener\" href=\"\/go\/\"><span class='mb-text'>&gt;&gt; Ir a la p\u00e1gina web original de Linkifier <\/span><\/a>\n\n\n<p><\/p>\n\n\n\n<h2>\u00bfQu\u00e9 es Uloz?<\/h2>\n\n\n\n<p>Uloz es considerada la mayor red de almacenamiento en la nube checa. Con Uloz, las personas que no tienen una cuenta o est\u00e1n registradas pueden subir un archivo en el almacenamiento, compartirlo a trav\u00e9s del correo electr\u00f3nico, en Facebook, y twittear el enlace en twitter. Muy f\u00e1cil y s\u00faper accesible para casi todo el mundo. Con Uloz, puede subir, compartir, explorar y obtener un archivo de forma gratuita. S\u00ed, todo gratis.<\/p>\n\n\n\n<p>Uloz tambi\u00e9n ofrece su cuenta Premium, donde permite descargar cualquier archivo con una velocidad ilimitada o inmensa. Aunque descargar archivos gratis sigue siendo una buena caracter\u00edstica, tener una cuenta premium s\u00f3lo te da m\u00e1s de la gesti\u00f3n de archivos y la velocidad de descarga. Obtener una cuenta Premium de Uloz es realmente ideal para los usuarios que descargan un archivo realmente pesado porque les ahorrar\u00e1 tiempo.<\/p>\n\n\n\n<figure class=\"wp-block-image\"><img src=\"https:\/\/lh4.googleusercontent.com\/vyCXEh_9xmbsW8_C9IPWDQU5PMGqvkzt86JfeQyJ44gn0MFl4EQ049AjUjpUbSjGgyLUdrbnmn4vE7L5Q5Kz4TDa4XJEf1GajUzS_0s1QNtQiwicIFEc8HpYzDaPnpDucVh1H34\" alt=\"Uloz File Sharing &amp; File Storage\"\/><\/figure>\n\n\n\n<h2>\u00bfQui\u00e9n puede usar Uloz Premium?<\/h2>\n\n\n\n<p>La Cuenta Premium de Uloz puede ser para alguien que quiera usar m\u00e1s de las ventajas de Uloz cuando se trata de almacenar sus videos subidos. Al suscribirse a su cuenta premium, todos sus archivos subidos est\u00e1n seguros en un solo lugar.<\/p>\n\n\n\n<h2>\u00bfCu\u00e1ndo necesita Uloz Premium?<\/h2>\n\n\n\n<p>Es cierto que realmente puedes subir archivos en Uloz, sean cuales sean tus datos, no hay restricci\u00f3n alguna en todos los almacenamientos no se cuentan. Sin embargo, suscribirse le permite hacer sus archivos en un lugar seguro y nunca se perder\u00e1n. Los usuarios no registrados pueden perder f\u00e1cilmente sus archivos una vez que el enlace de descarga y el enlace de transmisi\u00f3n se perdieron, y tener una cuenta gratuita no garantiza que sus archivos se mantengan por m\u00e1s tiempo. Por lo tanto, si necesita almacenamiento de archivos, intercambio de archivos y un sitio de transmisi\u00f3n en un solo lugar, entonces suscr\u00edbase para obtener una cuenta Premium de Uloz.<\/p>\n\n\n\n<h2>\u00bfC\u00f3mo subir de forma an\u00f3nima y gratuita en Uloz?<\/h2>\n\n\n\n<p>Siempre que quieras probar Uloz de forma gratuita, puedes comprobar r\u00e1pidamente su sistema incluso sin registrar una cuenta. En Uloz, puedes subir cualquier archivo que quieras, s\u00ed, cualquier cosa.<\/p>\n\n\n\n<figure class=\"wp-block-image\"><img src=\"https:\/\/lh3.googleusercontent.com\/dFKTijjasJGkOvQ_J790u_ApKWPAAY8_ydaXBFtx3y69Rd5aYeNlmJouV-dCF9KaA6T5ilCRwwkr5XuFpcZi18OnIg8t1gwYdqb2bqrz5z0yCQYca3as8_82GGElQH0-86hKuRY\" alt=\"Uloz File Uploading\"\/><\/figure>\n\n\n\n<p>S\u00f3lo tienes que hacer clic en el bot\u00f3n \u00abSubir archivos\u00bb que ver\u00e1s en la esquina superior derecha de la p\u00e1gina web. Despu\u00e9s de hacer clic en el bot\u00f3n, ser\u00e1s redirigido a una p\u00e1gina donde podr\u00e1s subir tus archivos y ajustar la configuraci\u00f3n de c\u00f3mo quieres que se acceda a ellos. Hay dos opciones, y son \u00abP\u00fablico\u00bb y \u00aba trav\u00e9s de un enlace\u00bb, o privado.<\/p>\n\n\n\n<p>Si subes un v\u00eddeo y lo configuras para que sea p\u00fablico, una vez que lo hayas subido, muchos usuarios podr\u00e1n acceder a \u00e9l con s\u00f3lo buscarlo en el cuadro de b\u00fasqueda. S\u00f3lo tienes que hacer clic en el bot\u00f3n \u00abSubir archivos\u00bb que ver\u00e1s en la esquina superior derecha de la p\u00e1gina web. Despu\u00e9s de hacer clic en el bot\u00f3n, se le redirigir\u00e1 a una p\u00e1gina donde podr\u00e1 subir sus archivos y ajustar la configuraci\u00f3n sobre c\u00f3mo desea que se acceda a sus datos. Hay dos opciones, y esas son \u00abP\u00fablico\u00bb y \u00abv\u00eda Link\u00bb, o privado.<\/p>\n\n\n\n<p>Si subes un v\u00eddeo y lo configuras para que sea p\u00fablico, una vez que lo hayas subido, muchos usuarios podr\u00e1n acceder a \u00e9l con s\u00f3lo buscar en el cuadro de b\u00fasqueda y viceversa para subirlo y configurarlo para que s\u00f3lo se pueda acceder a \u00e9l por medio de un enlace. Para la carga privada, se le proporcionar\u00e1n algunas opciones sobre c\u00f3mo desea que se cargue cada archivo.<\/p>\n\n\n\n<p>Si alguna vez tienes una cuenta con Uloz, todos tus archivos descargados son accesibles a trav\u00e9s de tu cuenta y pueden ser administrados. Esta es la desventaja de no tener una cuenta premium. No podr\u00e1s administrar todo. Y si es una cuenta gratuita, existe la posibilidad de que tu archivo desaparezca.<\/p>\n\n\n\n<figure class=\"wp-block-image\"><img src=\"https:\/\/lh5.googleusercontent.com\/53dUYaUP29M3UJqW-Z03Vl_XS9rXDURzDRr6JlI2WgAbqFqF1KbNsvpTHolEe_d_VElAPRAtMSIXQe38S-Kth-3PIfPKu3BeqoncfRvStcB8WdAyOdTtgLVPxpPrBzLFgo8osIY\" alt=\"Uloz Registration\"\/><\/figure>\n\n\n\n<h2>Reg\u00edstrese gratis con Uloz<\/h2>\n\n\n\n<p>La plataforma est\u00e1 muy abierta a todos los individuos. No se requiere ning\u00fan tipo de honorarios, cargos, juicios o tarjetas de cr\u00e9dito para formar parte de su comunidad. S\u00f3lo tienes que rellenar el formulario de su sitio web e inscribirte. Valide su correo electr\u00f3nico revisando sus correos electr\u00f3nicos y despu\u00e9s, ser\u00e1 libre de usar la plataforma.<\/p>\n\n\n\n<p>Si eres de la Rep\u00fablica Checa o de Eslovenia, y odias rellenar y escribir formularios, tienen un registro r\u00e1pido que s\u00f3lo requiere que env\u00edes un mensaje dependiendo de tu ubicaci\u00f3n.<\/p>\n\n\n\n<p>Para las personas de la Rep\u00fablica Checa o de Chequia, env\u00ede un SMS con la palabra \u00abULOZTO\u00bb y env\u00edelo al 9094499. Autom\u00e1ticamente tendr\u00e1s un cr\u00e9dito de 10 GB. Para las personas de Eslovenia, tendr\u00e1s un cr\u00e9dito de 15GB en tu cuenta despu\u00e9s de enviar \u00abULOZTO 6\u00bb al 8877. Tengan en cuenta que todos los textos tienen una tarifa. Una vez que hayas terminado de enviar el SMS, puedes esperar otro SMS que contenga tus datos de acceso para que puedas disfrutar de la plataforma.<\/p>\n\n\n\n<h2>Plataforma de intercambio de archivos Uloz<\/h2>\n\n\n\n<p>Como dije antes, hay muchas maneras de compartir un archivo subido a la plataforma de Uloz. Puede ser desde enlaces, correos, Facebook y Twitter. Despu\u00e9s de subir un archivo, ser\u00e1s redirigido a una p\u00e1gina donde se te dar\u00e1 un enlace y la otra opci\u00f3n. Si has subido un v\u00eddeo, tu v\u00eddeo ser\u00e1 compartido tambi\u00e9n en la plataforma si est\u00e1 configurado para el p\u00fablico.<\/p>\n\n\n\n<p>Disfruta de Uloz gratis, pero Uloz Premium est\u00e1 altamente sugerido para aprovechar al m\u00e1ximo los beneficios de la plataforma.<\/p>\n\n\n\n<h2>Cuenta Uloz Premium<\/h2>\n\n\n\n<p>Uloz Premium se puede conseguir f\u00e1cilmente incluso por usuarios gratuitos con s\u00f3lo comprar CR\u00c9DITOS. Una vez que el cr\u00e9dito se agota, pueden obtener m\u00e1s si lo desean. Aqu\u00ed est\u00e1n los costos de cada cr\u00e9dito.<\/p>\n\n\n<a class=\"maxbutton-2 maxbutton maxbutton-cta\" target=\"_blank\" rel=\"nofollow noopener\" href=\"\/go\/\"><span class='mb-text'>&gt;&gt; Ir a la p\u00e1gina web original de Linkifier <\/span><\/a>\n\n\n<p><br><\/p>\n\n\n\n<figure class=\"wp-block-table\"><table class=\"\"><tbody><tr><td>DATOS<\/td><td>PRECIO<\/td><td>ENTREGA DE CR\u00c9DITO INSTANT\u00c1NEA<\/td><td>ENTREGA DE CR\u00c9DITO M\u00c1S TARDE<\/td><\/tr><tr><td>340 Gigabytes<\/td><td>38,99 Euro<\/td><td>Pague a trav\u00e9s de una tarjeta<\/td><td>Pague a trav\u00e9s de una transferencia bancaria<\/td><\/tr><tr><td>150 Gigabytes<\/td><td>19,49 Euro<\/td><td>Pague a trav\u00e9s de una tarjeta<\/td><td>Pague a trav\u00e9s de una transferencia bancaria<\/td><\/tr><tr><td>70 Gigabytes<\/td><td>9,99 Euro<\/td><td>Pague a trav\u00e9s de una tarjeta<\/td><td>Pague a trav\u00e9s de una transferencia bancaria<\/td><\/tr><tr><td>40 Gigabytes<\/td><td>5,99 Euro<\/td><td>Pague a trav\u00e9s de una tarjeta<\/td><td>Pague a trav\u00e9s de una transferencia bancaria<\/td><\/tr><tr><td>25 Gigabytes<\/td><td>3,99 Euro<\/td><td>Pague a trav\u00e9s de una tarjeta<\/td><td>Pague a trav\u00e9s de una transferencia bancaria<\/td><\/tr><\/tbody><\/table><\/figure>\n\n\n\n<h2>Preguntas frecuentes de Uloz <\/h2>\n\n\n\n<h3>Visibilidad de los archivos<\/h3>\n\n\n\n<p>Con las cuentas de Uloz, hay tres maneras de elegir c\u00f3mo estar\u00e1n disponibles sus archivos:<\/p>\n\n\n\n<ol><li>Acceso privado o \u00abS\u00f3lo para m\u00ed\u00bb &#8211; s\u00f3lo puede acceder a ese archivo en particular si est\u00e1 conectado a la cuenta donde lo coloc\u00f3. Nadie m\u00e1s puede acceder a \u00e9l desde la plataforma.<\/li><li> Acceso a trav\u00e9s de un enlace &#8211; de nuevo, este tipo de archivo est\u00e1 disponible s\u00f3lo para los individuos que tienen su enlace, y no es visible para otros usuarios que intentar\u00e1n buscarlo en la barra de b\u00fasqueda de Uloz.<\/li><li> Acceso p\u00fablico &#8211; este tipo de archivo se puede buscar en el motor de b\u00fasqueda de la plataforma y tambi\u00e9n se puede acceder cuando se tiene su enlace.<\/li><\/ol>\n\n\n\n<h3>Disponibilidad y propiedades de los archivos<\/h3>\n\n\n\n<p>Los usuarios o incluso las personas no registradas ya pueden establecer la disponibilidad del archivo cuando lo cargan, o bien indica qui\u00e9n acceder\u00e1 al archivo. Sin embargo, el cambio de las propiedades del archivo y la actualizaci\u00f3n de su disponibilidad s\u00f3lo se pueden gestionar si se es un usuario registrado, gratuito o premium. Los datos se pueden gestionar en cualquier momento en Mis Archivos o a trav\u00e9s de File Detail. Adem\u00e1s, no se pueden cambiar las propiedades de otros archivos p\u00fablicos, y s\u00f3lo sus propios archivos pueden ser actualizados por usted.<\/p>\n\n\n\n<h3>Las fotos sin censura y su seguridad<\/h3>\n\n\n\n<p>Cargar algunos archivos que no son realmente para que todos los vean es muy peligroso. A veces puede ser un miembro de la familia o su hijo que se divierte mientras se ba\u00f1a, y ciertamente no quer\u00edas que eso se filtrara ya que el mundo online es realmente dif\u00edcil en estos d\u00edas.<\/p>\n\n\n\n<p>En caso de que est\u00e9s almacenando recuerdos de fotos que puedan ser una alarma para otros ojos, siempre debes tener en cuenta la privatizaci\u00f3n de todas tus carpetas y archivos. Protege tu propio archivo haciendo que tu almacenamiento est\u00e9 protegido por una contrase\u00f1a. Se recomienda encarecidamente establecer una contrase\u00f1a cada vez que se revele parcial o totalmente a tus hijos.<\/p>\n\n\n\n<h3>Cargas an\u00f3nimas y sus restricciones<\/h3>\n\n\n\n<p>S\u00ed, como ya se ha dicho, puede utilizar la plataforma Uloz aunque no est\u00e9 conectado o registrado como usuario. Por lo tanto, subir archivos de forma an\u00f3nima puede realmente suceder. Aunque la direcci\u00f3n realmente no recomend\u00f3 este tipo de actividad, especialmente cuando est\u00e1s subiendo fotos o v\u00eddeos sensibles o personales. <\/p>\n\n\n\n<p>La cosa es que no podr\u00e1s configurar tus archivos subidos en uno privado. \u00bfPor qu\u00e9? Porque no tienes ning\u00fan control sobre \u00e9l porque no est\u00e1s conectado. S\u00f3lo puedes configurar tus archivos para que sean p\u00fablicos y compartirlos a trav\u00e9s de un enlace. Pero generalmente, no tienes ning\u00fan control sobre d\u00f3nde se toman o se mueven tus datos, ya que es como si hubieras subido un dato en el espacio libre. Sin cuenta significa que tampoco hay almacenamiento. Y una vez que pierdes el enlace para compartir, puedes perderlo completamente.<\/p>\n\n\n\n<p>Sin embargo, en el caso de las im\u00e1genes y los v\u00eddeos privados, el Equipo Uloz aboga eternamente por que se maneje con ellos s\u00f3lo como una cuenta de usuario conectada que tenga alternativas completas disponibles.<\/p>\n\n\n\n<h3>Comprobaci\u00f3n de edad: 18 a\u00f1os por debajo o por encima<\/h3>\n\n\n\n<p>Se preguntar\u00e1 por qu\u00e9 el sistema necesita saber si es mayor de edad o no. Aunque este detalle es muy necesario para que el sistema establezca el contenido de lo que ver\u00e1. Por ejemplo, si eres menor de 18 a\u00f1os y el sistema sabe que lo eres, es probable que nunca te muestren un anuncio sobre el tabaco o el alcohol, y cosas por el estilo. Es por eso que saber cu\u00e1l es tu edad restringir\u00e1 al sistema a mostrarte contenido irrelevante. <\/p>\n\n\n\n<h3>Transmisi\u00f3n de video<\/h3>\n\n\n\n<p>Los visitantes que quieran ver los videos que se suben p\u00fablicamente en Uloz pueden ser reproducidos. Pero hay restricciones, y es que si un video es 10 minutos m\u00e1s largo, no ser\u00e1 reproducido. Lo mejor ser\u00eda que te conectaras o te registraras con cr\u00e9ditos para ver v\u00eddeos de mayor tama\u00f1o.<\/p>\n\n\n\n<h3>Cargando<\/h3>\n\n\n\n<p>Por lo general, puede cargar datos de hasta 18 GB. El mayor tama\u00f1o de los datos cargados est\u00e1 realmente limitado a la vista del navegador. Se recomienda encarecidamente dividir los archivos de m\u00e1s de 18 GB en numerosos archivos m\u00e1s cortos (como los de WinRAR o WinZIP), para luego poder subir estos archivos comprimidos. Las subidas por l\u00ednea de comandos tambi\u00e9n pueden ser utilizadas por usuarios experimentados.<\/p>\n\n\n\n<h3>Eliminaci\u00f3n de archivos<\/h3>\n\n\n\n<p>Despu\u00e9s de subir un dato, aparecer\u00e1 el URL de la descarga y tambi\u00e9n otro enlace para borrar los datos subidos.<\/p>\n\n\n\n<p>Si has subido un archivo como usuario registrado o conectado, tambi\u00e9n puedes gestionar tus datos y eliminar lo que quieras. Si alguna vez utilizas el Administrador de archivos para subir un archivo, te sugerimos que abras tu cuenta. De lo contrario, no podr\u00e1s eliminar el archivo con \u00e9xito. Puede ponerse en contacto con el equipo de soporte de Uloz si todas las opciones no est\u00e1n disponibles para usted. <\/p>\n\n\n\n<h2>Resumen<\/h2>\n\n\n\n<p>Hay mucho m\u00e1s que saber sobre Uloz y puedes comprobarlo en su p\u00e1gina web. Con la plataforma, puedes compartir archivos f\u00e1cilmente y de forma r\u00e1pida. Tambi\u00e9n tienen streaming online donde puedes disfrutar de muchos v\u00eddeos subidos por otros usuarios. Es realmente mejor tener cr\u00e9ditos en su cuenta para tener un control completo de sus archivos, descargar muy r\u00e1pidamente, ver videos m\u00e1s largos y m\u00e1s.<\/p>\n\n\n\n<h2>Referencias<\/h2>\n\n\n\n<p><a href=\"https:\/\/www.techopedia.com\/definition\/25310\/file-hosting-service\">https:\/\/www.techopedia.com\/definition\/25310\/file-hosting-service<\/a><br> <a href=\"https:\/\/www.computerhope.com\/jargon\/f\/fileshar.htm\">https:\/\/www.computerhope.com\/jargon\/f\/fileshar.htm<\/a><br> <a href=\"https:\/\/www.lifewire.com\/internet-streaming-how-it-works-1999513\">https:\/\/www.lifewire.com\/internet-streaming-how-it-works-1999513<\/a><br> <a href=\"https:\/\/whatis.techtarget.com\/definition\/video-streaming-service\">https:\/\/whatis.techtarget.com\/definition\/video-streaming-service<\/a><br> <a href=\"https:\/\/www.cloudflare.com\/learning\/performance\/what-is-streaming\/\">https:\/\/www.cloudflare.com\/learning\/performance\/what-is-streaming\/<\/a><\/p>\n\n\n<a class=\"maxbutton-2 maxbutton maxbutton-cta\" target=\"_blank\" rel=\"nofollow noopener\" href=\"\/go\/\"><span class='mb-text'>&gt;&gt; Ir a la p\u00e1gina web original de Linkifier <\/span><\/a>\n\n\n<p><\/p>\n","protected":false},"excerpt":{"rendered":"<p>\u00bfQu\u00e9 es Uloz? Uloz es considerada la mayor red de almacenamiento en la nube checa. Con Uloz, las personas que<\/p>\n","protected":false},"author":2,"featured_media":0,"parent":0,"menu_order":0,"comment_status":"closed","ping_status":"closed","template":"","meta":[],"yoast_head":"<!-- This site is optimized with the Yoast SEO plugin v18.3 - https:\/\/yoast.com\/wordpress\/plugins\/seo\/ -->\n<title>Uloz Premium Cuenta: El Filehoster De Un Vistazo<\/title>\n<meta name=\"description\" content=\"Si Uloz es un proveedor de confianza o no, puedes encontrar la respuesta en el test actual en Multihoster.org \u279c Haz clic ahora \u271a para leer nuestras experiencias!\" \/>\n<meta name=\"robots\" content=\"index, follow, max-snippet:-1, max-image-preview:large, max-video-preview:-1\" \/>\n<link rel=\"canonical\" href=\"https:\/\/multihoster.org\/es\/uloz\/\" \/>\n<meta property=\"og:locale\" content=\"es_ES\" \/>\n<meta property=\"og:type\" content=\"article\" \/>\n<meta property=\"og:title\" content=\"Uloz Premium Cuenta: El Filehoster De Un Vistazo\" \/>\n<meta property=\"og:description\" content=\"Si Uloz es un proveedor de confianza o no, puedes encontrar la respuesta en el test actual en Multihoster.org \u279c Haz clic ahora \u271a para leer nuestras experiencias!\" \/>\n<meta property=\"og:url\" content=\"https:\/\/multihoster.org\/es\/uloz\/\" \/>\n<meta property=\"og:site_name\" content=\"Multihoster.org\" \/>\n<meta property=\"article:modified_time\" content=\"2020-03-31T10:55:46+00:00\" \/>\n<meta property=\"og:image\" content=\"https:\/\/lh5.googleusercontent.com\/DSso4_iy_x8XL-_Dzwlt3-uz1hpxM25zgpxOGdudM89UryFHdWhEDp_vTHuLAD9ofIDr1yF2225Bjq9DnvEk07QdYZhSxKxox3O0Ny7-KmqOcc0zMTUJi8_3tuxh82T5GK0o3oU\" \/>\n<meta name=\"twitter:card\" content=\"summary\" \/>\n<meta name=\"twitter:label1\" content=\"Tiempo de lectura\" \/>\n\t<meta name=\"twitter:data1\" content=\"10 minutos\" \/>\n<script type=\"application\/ld+json\" class=\"yoast-schema-graph\">{\"@context\":\"https:\/\/schema.org\",\"@graph\":[{\"@type\":\"WebSite\",\"@id\":\"https:\/\/multihoster.org\/#website\",\"url\":\"https:\/\/multihoster.org\/\",\"name\":\"Multihoster.org\",\"description\":\"Reviews of the major Filehosting services\",\"potentialAction\":[{\"@type\":\"SearchAction\",\"target\":{\"@type\":\"EntryPoint\",\"urlTemplate\":\"https:\/\/multihoster.org\/?s={search_term_string}\"},\"query-input\":\"required name=search_term_string\"}],\"inLanguage\":\"es\"},{\"@type\":\"ImageObject\",\"@id\":\"https:\/\/multihoster.org\/es\/uloz\/#primaryimage\",\"inLanguage\":\"es\",\"url\":\"https:\/\/lh5.googleusercontent.com\/DSso4_iy_x8XL-_Dzwlt3-uz1hpxM25zgpxOGdudM89UryFHdWhEDp_vTHuLAD9ofIDr1yF2225Bjq9DnvEk07QdYZhSxKxox3O0Ny7-KmqOcc0zMTUJi8_3tuxh82T5GK0o3oU\",\"contentUrl\":\"https:\/\/lh5.googleusercontent.com\/DSso4_iy_x8XL-_Dzwlt3-uz1hpxM25zgpxOGdudM89UryFHdWhEDp_vTHuLAD9ofIDr1yF2225Bjq9DnvEk07QdYZhSxKxox3O0Ny7-KmqOcc0zMTUJi8_3tuxh82T5GK0o3oU\"},{\"@type\":\"WebPage\",\"@id\":\"https:\/\/multihoster.org\/es\/uloz\/#webpage\",\"url\":\"https:\/\/multihoster.org\/es\/uloz\/\",\"name\":\"Uloz Premium Cuenta: El Filehoster De Un Vistazo\",\"isPartOf\":{\"@id\":\"https:\/\/multihoster.org\/#website\"},\"primaryImageOfPage\":{\"@id\":\"https:\/\/multihoster.org\/es\/uloz\/#primaryimage\"},\"datePublished\":\"2020-03-30T15:51:09+00:00\",\"dateModified\":\"2020-03-31T10:55:46+00:00\",\"description\":\"Si Uloz es un proveedor de confianza o no, puedes encontrar la respuesta en el test actual en Multihoster.org \u279c Haz clic ahora \u271a para leer nuestras experiencias!\",\"breadcrumb\":{\"@id\":\"https:\/\/multihoster.org\/es\/uloz\/#breadcrumb\"},\"inLanguage\":\"es\",\"potentialAction\":[{\"@type\":\"ReadAction\",\"target\":[\"https:\/\/multihoster.org\/es\/uloz\/\"]}]},{\"@type\":\"BreadcrumbList\",\"@id\":\"https:\/\/multihoster.org\/es\/uloz\/#breadcrumb\",\"itemListElement\":[{\"@type\":\"ListItem\",\"position\":1,\"name\":\"Startseite\",\"item\":\"https:\/\/multihoster.org\/es\/\"},{\"@type\":\"ListItem\",\"position\":2,\"name\":\"Uloz Premium Cuenta: El Filehoster De Un Vistazo\"}]}]}<\/script>\n<!-- \/ Yoast SEO plugin. -->","yoast_head_json":{"title":"Uloz Premium Cuenta: El Filehoster De Un Vistazo","description":"Si Uloz es un proveedor de confianza o no, puedes encontrar la respuesta en el test actual en Multihoster.org \u279c Haz clic ahora \u271a para leer nuestras experiencias!","robots":{"index":"index","follow":"follow","max-snippet":"max-snippet:-1","max-image-preview":"max-image-preview:large","max-video-preview":"max-video-preview:-1"},"canonical":"https:\/\/multihoster.org\/es\/uloz\/","og_locale":"es_ES","og_type":"article","og_title":"Uloz Premium Cuenta: El Filehoster De Un Vistazo","og_description":"Si Uloz es un proveedor de confianza o no, puedes encontrar la respuesta en el test actual en Multihoster.org \u279c Haz clic ahora \u271a para leer nuestras experiencias!","og_url":"https:\/\/multihoster.org\/es\/uloz\/","og_site_name":"Multihoster.org","article_modified_time":"2020-03-31T10:55:46+00:00","og_image":[{"url":"https:\/\/lh5.googleusercontent.com\/DSso4_iy_x8XL-_Dzwlt3-uz1hpxM25zgpxOGdudM89UryFHdWhEDp_vTHuLAD9ofIDr1yF2225Bjq9DnvEk07QdYZhSxKxox3O0Ny7-KmqOcc0zMTUJi8_3tuxh82T5GK0o3oU"}],"twitter_card":"summary","twitter_misc":{"Tiempo de lectura":"10 minutos"},"schema":{"@context":"https:\/\/schema.org","@graph":[{"@type":"WebSite","@id":"https:\/\/multihoster.org\/#website","url":"https:\/\/multihoster.org\/","name":"Multihoster.org","description":"Reviews of the major Filehosting services","potentialAction":[{"@type":"SearchAction","target":{"@type":"EntryPoint","urlTemplate":"https:\/\/multihoster.org\/?s={search_term_string}"},"query-input":"required name=search_term_string"}],"inLanguage":"es"},{"@type":"ImageObject","@id":"https:\/\/multihoster.org\/es\/uloz\/#primaryimage","inLanguage":"es","url":"https:\/\/lh5.googleusercontent.com\/DSso4_iy_x8XL-_Dzwlt3-uz1hpxM25zgpxOGdudM89UryFHdWhEDp_vTHuLAD9ofIDr1yF2225Bjq9DnvEk07QdYZhSxKxox3O0Ny7-KmqOcc0zMTUJi8_3tuxh82T5GK0o3oU","contentUrl":"https:\/\/lh5.googleusercontent.com\/DSso4_iy_x8XL-_Dzwlt3-uz1hpxM25zgpxOGdudM89UryFHdWhEDp_vTHuLAD9ofIDr1yF2225Bjq9DnvEk07QdYZhSxKxox3O0Ny7-KmqOcc0zMTUJi8_3tuxh82T5GK0o3oU"},{"@type":"WebPage","@id":"https:\/\/multihoster.org\/es\/uloz\/#webpage","url":"https:\/\/multihoster.org\/es\/uloz\/","name":"Uloz Premium Cuenta: El Filehoster De Un Vistazo","isPartOf":{"@id":"https:\/\/multihoster.org\/#website"},"primaryImageOfPage":{"@id":"https:\/\/multihoster.org\/es\/uloz\/#primaryimage"},"datePublished":"2020-03-30T15:51:09+00:00","dateModified":"2020-03-31T10:55:46+00:00","description":"Si Uloz es un proveedor de confianza o no, puedes encontrar la respuesta en el test actual en Multihoster.org \u279c Haz clic ahora \u271a para leer nuestras experiencias!","breadcrumb":{"@id":"https:\/\/multihoster.org\/es\/uloz\/#breadcrumb"},"inLanguage":"es","potentialAction":[{"@type":"ReadAction","target":["https:\/\/multihoster.org\/es\/uloz\/"]}]},{"@type":"BreadcrumbList","@id":"https:\/\/multihoster.org\/es\/uloz\/#breadcrumb","itemListElement":[{"@type":"ListItem","position":1,"name":"Startseite","item":"https:\/\/multihoster.org\/es\/"},{"@type":"ListItem","position":2,"name":"Uloz Premium Cuenta: El Filehoster De Un Vistazo"}]}]}},"_links":{"self":[{"href":"https:\/\/multihoster.org\/es\/wp-json\/wp\/v2\/pages\/2998"}],"collection":[{"href":"https:\/\/multihoster.org\/es\/wp-json\/wp\/v2\/pages"}],"about":[{"href":"https:\/\/multihoster.org\/es\/wp-json\/wp\/v2\/types\/page"}],"author":[{"embeddable":true,"href":"https:\/\/multihoster.org\/es\/wp-json\/wp\/v2\/users\/2"}],"replies":[{"embeddable":true,"href":"https:\/\/multihoster.org\/es\/wp-json\/wp\/v2\/comments?post=2998"}],"version-history":[{"count":2,"href":"https:\/\/multihoster.org\/es\/wp-json\/wp\/v2\/pages\/2998\/revisions"}],"predecessor-version":[{"id":3020,"href":"https:\/\/multihoster.org\/es\/wp-json\/wp\/v2\/pages\/2998\/revisions\/3020"}],"wp:attachment":[{"href":"https:\/\/multihoster.org\/es\/wp-json\/wp\/v2\/media?parent=2998"}],"curies":[{"name":"wp","href":"https:\/\/api.w.org\/{rel}","templated":true}]}}