{"id":3033,"date":"2020-03-31T11:27:13","date_gmt":"2020-03-31T11:27:13","guid":{"rendered":"https:\/\/multihoster.org\/fastshare-premium-account-the-filehoster-at-a-glance\/"},"modified":"2020-03-31T16:37:01","modified_gmt":"2020-03-31T16:37:01","slug":"fastshare","status":"publish","type":"page","link":"https:\/\/multihoster.org\/es\/fastshare\/","title":{"rendered":"FastShare Premium Cuenta: El Filehoster De Un Vistazo"},"content":{"rendered":"<a class=\"maxbutton-2 maxbutton maxbutton-cta\" target=\"_blank\" rel=\"nofollow noopener\" href=\"\/go\/\"><span class='mb-text'>&gt;&gt; Ir a la p\u00e1gina web original de Linkifier <\/span><\/a>\n\n\n<p><\/p>\n\n\n\n<h2>Sobre el FastShare<\/h2>\n\n\n\n<figure class=\"wp-block-image\"><img src=\"https:\/\/lh5.googleusercontent.com\/qkSKbflSi_69f0YXAUWBrRmR7tMHNjLfpjTJxJhSPoozavL_4PZ37Jn5-G489WpO-S7Eqa4GCPa8EvioRruH3MDRss6xfnZA3GJqfBO9pYXytWHDPRjlxnBxbFqWNsmav1kbYM8\" alt=\"FastShare Logo\"\/><\/figure>\n\n\n\n<h3>\u00bfQu\u00e9 ofrece FastShare?<\/h3>\n\n\n\n<p>FastShare es uno de los sitios de alojamiento de archivos m\u00e1s r\u00e1pidos y ofrece los siguientes beneficios para los usuarios.<\/p>\n\n\n\n<figure class=\"wp-block-image\"><img src=\"https:\/\/lh3.googleusercontent.com\/H5_-8YfL8c9JkU2IWw3jxc-yX990JcAtCd27N6cjM2wg8919yYWhCWbChmwy_bU9g1lcLtyl2tivZSRJFtPBwvtT7Mh3L0-EwfzkQl1p40Bd1_SfdcyQNKdJ0SQTb_Ulc7kYoWo\" alt=\"FastShare Benefits\"\/><\/figure>\n\n\n\n<figure class=\"wp-block-table\"><table class=\"\"><tbody><tr><td>La cuenta Premium de FastShare<\/td><\/tr><tr><td>N\u00famero de meses:<\/td><td>1<\/td><td>3<\/td><td>12<\/td><\/tr><tr><td>Precio en coronas checas:<\/td><td>99<\/td><td>279<br><\/td><td>699<\/td><\/tr><tr><td>L\u00edmite de descarga:<\/td><td>ilimitado<\/td><td>ilimitado<\/td><td>ilimitado<\/td><\/tr><tr><td>        \u00a1Aprovecha ahora! &lt;&lt;    <\/td><\/tr><\/tbody><\/table><\/figure>\n\n\n\n<h3>Opciones de pago<\/h3>\n\n\n\n<figure class=\"wp-block-table\"><table class=\"\"><tbody><tr><td>Terminales de SAZKA <\/td><td>SMS o mensaje de texto<\/td><\/tr><tr><td>Transferencia bancaria (Mejor opci\u00f3n)<\/td><td>Bitcoin (Digital Wallet Address)<\/td><\/tr><tr><td>Tarjetas de cr\u00e9dito &#8211; VISA o Mastercard (la opci\u00f3n m\u00e1s r\u00e1pida)<\/td><\/tr><\/tbody><\/table><\/figure>\n\n\n\n<p>*Si un usuario no recibe la Cuenta Premium de FastShare, puede enviar el recibo de pago a FastShare por correo electr\u00f3nico (info@fastshare.com) para hacer un seguimiento. No recib\u00ed un pago de Bitcoin.<\/p>\n\n\n\n<h3>Instalando el software FastShare<\/h3>\n\n\n\n<h4>Software FastShare para PC<\/h4>\n\n\n\n<p>Para instalar el software FastShare, el usuario debe ir a su sitio de descarga y elegir qu\u00e9 versi\u00f3n de FastShare se ajusta a su dispositivo.<\/p>\n\n\n\n<p>Versiones de FastShare:<\/p>\n\n\n\n<figure class=\"wp-block-table\"><table class=\"\"><tbody><tr><td>Versi\u00f3n No.:<\/td><td>v2.4.0<\/td><td>V2.3.1<\/td><\/tr><tr><td>Tama\u00f1o:<\/td><td>6.2 MB<\/td><td>6.2 MB<\/td><\/tr><tr><td>        \u00a1Instalar ahora! &lt;&lt;    <\/td><\/tr><\/tbody><\/table><\/figure>\n\n\n\n<p>\u00bfTienes alg\u00fan problema con la instalaci\u00f3n del software FastShare? <\/p>\n\n\n\n<p>\u00abWindows ha protegido su ordenador\u00bb <\/p>\n\n\n\n<p>Cuando el mensaje \u00abWindows ha protegido su computadora\u00bb aparece en el dispositivo de un usuario durante la instalaci\u00f3n del usuario debe hacer clic en el enlace \u00abM\u00e1s informaci\u00f3n\u00bb para ver los detalles del mismo o hacer clic en el bot\u00f3n \u00abRun Away\u00bb para pasar por este mensaje.<\/p>\n\n\n\n<p>FastShare es un software seguro, as\u00ed que no hay que preocuparse de que el mensaje aparezca en la instalaci\u00f3n.<\/p>\n\n\n\n<h4>Aplicaci\u00f3n FastShare para M\u00f3vil (Android)<\/h4>\n\n\n\n<p>FastShare tiene una aplicaci\u00f3n para los usuarios de tel\u00e9fonos m\u00f3viles tambi\u00e9n. <\/p>\n\n\n\n<p>Las capacidades de la aplicaci\u00f3n m\u00f3vil FastShare:<\/p>\n\n\n\n<ul><li>B\u00fasqueda de archivos<\/li><li> Descarga de archivos<\/li><li> Guardar archivos, y muchos m\u00e1s<\/li><\/ul>\n\n\n\n<p>Un usuario puede obtener la aplicaci\u00f3n FastShare para tel\u00e9fonos m\u00f3viles Android a trav\u00e9s de Google Play. La aplicaci\u00f3n FastShare es gratuita, \u00a1as\u00ed que puedes obtenerla ahora!<\/p>\n\n\n\n<h2>Cuenta de usuario en el FastShare<\/h2>\n\n\n\n<p>\u00a1El registro en FastShare es muy r\u00e1pido! No tardar\u00e1 uno o dos minutos en registrarse.<\/p>\n\n\n\n<figure class=\"wp-block-image\"><img src=\"https:\/\/lh4.googleusercontent.com\/JCmkkXGYq6M5MBuEioAbmYcWCvdIFHDcsUbutflUqDx2aIBk1IgWASzfDnYn-IZLva95PbBft-qtw7e_oMWW3Yjp_PeQlguYWzypkb-soc1LkwO_gBuVqhJWRZKm7x_nJSJ8E5k\" alt=\"FastShare Registration via FB\"\/><\/figure>\n\n\n\n<p>Para que un usuario tenga una cuenta en FastShare, debe registrarse primero en el formulario de registro de FastShare. Un usuario tambi\u00e9n puede registrarse conectando FastShare a su cuenta de Facebook.<\/p>\n\n\n\n<figure class=\"wp-block-image\"><img src=\"https:\/\/lh4.googleusercontent.com\/lxHoUuNgqyknh53L9BMVkjZcpfM6elXfCu0WYskezCJi1Brl0Zyho0FDBqLGVVrcbheKSuo7EQgAW6Qz8H2zRUM2aAaKEjoEoAGJSVXq7tDA_4Jy6qTGDj0O23g7-j1QbipZ9rA\" alt=\"FastShare Eye Button for Passwords\"\/><\/figure>\n\n\n\n<p>Para ver la contrase\u00f1a al escribirla, haz clic en el bot\u00f3n del ojo para mostrarla.  Si este bot\u00f3n del ojo est\u00e1 desactivado, la contrase\u00f1a escrita s\u00f3lo mostrar\u00e1 puntos para ocultarla, como en la imagen de abajo.<\/p>\n\n\n\n<figure class=\"wp-block-image\"><img src=\"https:\/\/lh5.googleusercontent.com\/EmBpWnXwW38P5T9zxHWxySFD6maxFRhIQIQHEYHCK1gisI_mbutqjS-SqJ_1qQjHk2jcrzPrWEpSEPED4QwQPsUHJyqUU8n7OdOvKmLMdwC1fs-b4OeI_XLQf1JfJULEsYVCANg\" alt=\"Hide the password\"\/><\/figure>\n\n\n\n<figure class=\"wp-block-image\"><img src=\"https:\/\/lh6.googleusercontent.com\/3hdQHwq_zqcaiWLlPLS7WnSA1UyVsc6lbEYzochMrgVk0bpjSGbedTb4rogStwYYneBnv27wtqv0TyCthxfp6cvIxUi2fjkxcIZ2dZuBryChvJwTCGJfebXu_HW4YcrGmsHWMaA\" alt=\"Show the password\"\/><\/figure>\n\n\n\n<p> or <\/p>\n\n\n\n<h3>Ingrese a FastShare<\/h3>\n\n\n\n<figure class=\"wp-block-image\"><img src=\"https:\/\/lh3.googleusercontent.com\/W2tDWJXjxzjf4kaE_taLx8udmUlJ0YbzC4TQZJHkOsUCRVZGYe0VGiYEGOH253dprxMm-_IYRNbdNGmdlktqtVT-_8FwdM5qqqRzdugrEpfKQ1qu8T1hlnESQV9thprT7Pe8A7A\" alt=\"FastShare Login\"\/><\/figure>\n\n\n\n<p>Para entrar en el sistema, el usuario debe introducir su nombre de usuario o correo electr\u00f3nico y la contrase\u00f1a de FastShare.<\/p>\n\n\n\n<figure class=\"wp-block-image\"><img src=\"https:\/\/lh3.googleusercontent.com\/W2tDWJXjxzjf4kaE_taLx8udmUlJ0YbzC4TQZJHkOsUCRVZGYe0VGiYEGOH253dprxMm-_IYRNbdNGmdlktqtVT-_8FwdM5qqqRzdugrEpfKQ1qu8T1hlnESQV9thprT7Pe8A7A\" alt=\"FastShare Login via FB\"\/><\/figure>\n\n\n\n<p>Un usuario tambi\u00e9n puede entrar en el sistema usando su cuenta de Facebook. S\u00f3lo tienes que hacer clic en este bot\u00f3n en la p\u00e1gina de inicio de sesi\u00f3n de FastShare \u2192 <\/p>\n\n\n\n<p>Si un usuario quiere cambiar su contrase\u00f1a o su correo electr\u00f3nico, puede establecer una nueva de nuevo en la p\u00e1gina de Mi Cuenta de FastShare.<\/p>\n\n\n\n<p>\u00bfQu\u00e9 pasa si un usuario olvida la contrase\u00f1a de su cuenta?<\/p>\n\n\n\n<figure class=\"wp-block-image\"><img src=\"https:\/\/lh4.googleusercontent.com\/cXG7DGoNczbXRjA_l55kn9U5md-565qc3clyh84kVTZawzVs-22vL58SGcT9z5FqpqPi7FzgpIqtgPQqWiGWtTMvQwa9n5LKbKSWf59OEVPZgwGzTdc0Twm6tdfDLJQ8CupfcGc\" alt=\"FastShare Forgot Password\"\/><\/figure>\n\n\n\n<p>Soluci\u00f3n:  Si alguna vez un usuario ya no puede recordar su contrase\u00f1a, la mejor manera de hacerlo es restablecer la contrase\u00f1a. Haga clic en \u00abCONTRASE\u00d1A OLVIDADA\u00bb para proceder. El usuario debe introducir su correo electr\u00f3nico registrado en FastShare para cambiar la contrase\u00f1a de la cuenta en la p\u00e1gina \u00abContrase\u00f1a olvidada\u00bb. Haga clic en \u00abEnviar Contrase\u00f1a\u00bb, para que FastShare env\u00ede la nueva contrase\u00f1a temporal a su correo electr\u00f3nico para abrir la cuenta del usuario. Si el usuario no recibe la nueva contrase\u00f1a, env\u00ede un mensaje a FastShare.<\/p>\n\n\n\n<h2>LinkChecker de FastShare<\/h2>\n\n\n\n<figure class=\"wp-block-image\"><img src=\"https:\/\/lh3.googleusercontent.com\/5rKZY9pT7Z1o09V1OkAQ0S0dhL0cwf9Z6QU08G6vnXywTUN310hRYyGlBLAb8NeFqGOxbNfW5q7nqo6puRmbtaxObHSYZRyI80k7mdLcUa7aLQR_P8DgWYE5D8-Z-KjtkTZ_QYs\" alt=\"FastShare LinkChecker\"\/><\/figure>\n\n\n\n<p>FastShare tiene LinkChecker para verificar si el archivo que un usuario est\u00e1 buscando todav\u00eda est\u00e1 disponible.<\/p>\n\n\n<a class=\"maxbutton-2 maxbutton maxbutton-cta\" target=\"_blank\" rel=\"nofollow noopener\" href=\"\/go\/\"><span class='mb-text'>&gt;&gt; Ir a la p\u00e1gina web original de Linkifier <\/span><\/a>\n\n\n<p><\/p>\n\n\n\n<h2>\u00bfC\u00f3mo subir un archivo en FastShare?<\/h2>\n\n\n\n<p>Para subir un archivo o archivos, un usuario o un invitado debe hacer clic en el bot\u00f3n \u00abSeleccionar archivos\u00bb y seleccionar el archivo o archivos que desea subir a FastShare desde su dispositivo. Despu\u00e9s de seleccionar el archivo o archivos, FastShare realizar\u00e1 autom\u00e1ticamente la carga para un usuario.<\/p>\n\n\n\n<p>Al subir, un usuario o un invitado puede cancelar el proceso de subida, s\u00f3lo tiene que hacer clic en \u00abCancelar la subida\u00bb, y entonces FastShare detendr\u00e1 la subida del archivo o archivos. <\/p>\n\n\n\n<p>Un usuario o un invitado puede marcar la casilla de \u00abTodos los archivos tienen contenido er\u00f3tico\u00bb si el archivo que subi\u00f3 contiene cosas sexuales.<\/p>\n\n\n\n<figure class=\"wp-block-image\"><img src=\"https:\/\/lh4.googleusercontent.com\/xv3EHmOnLHODJXoQHHKCUOvB9nTNYQgQpmQjnnB3WbdRs9GLzisMVs0NXJDbaUpFaS2oPYGTFC65otQFpqqCchxCEMQ3FHOiBLLn82HMJ2kdH6W07Pt_WvJlmI83hGyrdGz6w1w\" alt=\"Upload Files on FastShare\"\/><\/figure>\n\n\n\n<p>Si un usuario quiere subir su archivo o archivos en su cuenta FastShare, debe iniciar sesi\u00f3n en su cuenta primero. Un usuario puede subir un archivo o archivos utilizando el Administrador de Descargas o Subidas de FastShare y se le permite subir un archivo con un tama\u00f1o de treinta gigabytes (30 GB). Un usuario tambi\u00e9n puede subir archivos o ficheros utilizando un navegador web, pero s\u00f3lo podr\u00e1 subir hasta dos gigabytes (2 GB) del tama\u00f1o de un archivo.<\/p>\n\n\n\n<p>Los archivos terminados de subir se mostrar\u00e1n en la lista de archivos subidos de FastShare. (Por favor, vea la imagen de abajo).<\/p>\n\n\n\n<figure class=\"wp-block-image\"><img src=\"https:\/\/lh4.googleusercontent.com\/IX0JvdbpbHZiVku6NyFKEOuFr7pBRWSv4c5eQIUqxWPNWNK01IKy9EgHKLj_mCjmyMXce513ITIIlnL_spjFhDdl4fOWS2z29u-uyMdgFVRO9gfqHnU7mMpqjBCsBEWOtaFrlLw\" alt=\"Uploaded Files List\"\/><\/figure>\n\n\n\n<p>Un usuario tambi\u00e9n puede ganar al subir su archivo o archivos. Cuantas m\u00e1s personas hayan descargado los archivos que has subido, m\u00e1s podr\u00e1 ganar un usuario (cargador de archivos). Un usuario puede compartir los enlaces de sus archivos para difundirlos en todo el mundo, por ejemplo, en blogs, sitios de foros, sitios de medios sociales, videoblogs y otros.<\/p>\n\n\n\n<p>El usuario recibir\u00e1 quince centavos de d\u00f3lar (0,15 d\u00f3lares) por cada gigabyte (1 GB) de descarga de sus archivos de subida. Para ello, FastShare entrega el pago cada lunes de la semana hasta cien checos (100 CZK), ya sea por transferencia bancaria o electr\u00f3nica o a trav\u00e9s de la direcci\u00f3n de la billetera de Bitcoin.<\/p>\n\n\n\n<p>Entonces, \u00bfquieres subirlo ahora?  Ve a FastShare ahora y gana! \u2192 <\/p>\n\n\n\n<h2>Clasificaci\u00f3n de FastShare<\/h2>\n\n\n\n<figure class=\"wp-block-image\"><img src=\"https:\/\/lh4.googleusercontent.com\/wiVWpm0Htzv9nb_B40t3sb0eG-FzBunTfN10vYrG2jik78YRGzoqGyzZXeJgk5Q-G1Z6qb6Ank5VOok0Vr0z33v-PokXBOHkUkIf3MfigyItVhvJdkuW5ykA1GmvkGAP4TURGbk\" alt=\"FastShare Sorting files\"\/><\/figure>\n\n\n\n<p>Los archivos se clasifican de acuerdo a diferentes \u00f3rdenes.<\/p>\n\n\n\n<p>1. Relevancia<\/p>\n\n\n\n<ul><li>Los archivos se clasifican seg\u00fan la probabilidad de que est\u00e9n relacionados con la consulta del usuario introducida en el cuadro de b\u00fasqueda. Los archivos m\u00e1s relevantes o m\u00e1s relacionados se mostrar\u00e1n en la primera p\u00e1gina de la b\u00fasqueda.<\/li><\/ul>\n\n\n\n<p>2. Desde el m\u00e1s grande<\/p>\n\n\n\n<ul><li>Si un archivo tiene un tama\u00f1o grande, entonces estar\u00e1 en la parte superior de la lista para verlo en la p\u00e1gina de b\u00fasqueda. Los archivos se clasificar\u00e1n desde el tama\u00f1o m\u00e1s grande al m\u00e1s peque\u00f1o.<\/li><\/ul>\n\n\n\n<p>3. Desde el m\u00e1s peque\u00f1o<\/p>\n\n\n\n<ul><li>Si un archivo tiene un tama\u00f1o peque\u00f1o, entonces estar\u00e1 en la parte superior de la lista para verlo en la p\u00e1gina de b\u00fasqueda. Los archivos se clasificar\u00e1n desde el tama\u00f1o m\u00e1s peque\u00f1o al m\u00e1s grande.<\/li><\/ul>\n\n\n\n<p>4. Lo m\u00e1s descargado<\/p>\n\n\n\n<ul><li>Los archivos se clasificar\u00e1n de mayor a menor n\u00famero de veces de descarga. Si un archivo tiene un mayor n\u00famero de descargas, se mostrar\u00e1 en la parte superior de la lista. <\/li><\/ul>\n\n\n\n<p>5. Lo \u00faltimo<\/p>\n\n\n\n<ul><li>El archivo que tenga la fecha de carga m\u00e1s reciente se mostrar\u00e1 en la primera p\u00e1gina de la b\u00fasqueda.<\/li><\/ul>\n\n\n\n<p>6. Puntuaci\u00f3n<\/p>\n\n\n\n<ul><li>En FastShare, un usuario o un invitado puede calificar un archivo. Los archivos se clasificar\u00e1n de mayor a menor puntuaci\u00f3n. Si un archivo tiene la puntuaci\u00f3n m\u00e1s alta, entonces estar\u00e1 en la parte superior de la lista para ser visto en la p\u00e1gina de b\u00fasqueda. <\/li><\/ul>\n\n\n\n<h2>Descargar en FastShare<\/h2>\n\n\n\n<h3>\u00bfC\u00f3mo se descarga un archivo?<\/h3>\n\n\n\n<p>Un usuario puede descargar un archivo en FastShare utilizando un navegador web y usando el Administrador de Descargas o Cargas del software FastShare o la aplicaci\u00f3n para m\u00f3viles. Un usuario que tenga una Cuenta Premium de FastShare puede descargar los archivos muchas veces porque las Cuentas Premium de FastShare admiten un n\u00famero ilimitado de descargas de archivos.<\/p>\n\n\n\n<p>El archivo descargado se mostrar\u00e1 en FastShare con los siguientes detalles:<\/p>\n\n\n\n<ul><li>Tama\u00f1o del archivo<\/li><li> Tipo de archivo<\/li><li> Calidad de video o Resoluci\u00f3n<\/li><li> T\u00edtulo del archivo<\/li><li> Fecha de carga<\/li><li> Duraci\u00f3n del archivo<\/li><li> <a rel=\"noreferrer noopener\" aria-label=\"C\u00f3dec  (opens in a new tab)\" href=\"https:\/\/www.merriam-webster.com\/dictionary\/codec\" target=\"_blank\">C\u00f3dec <\/a>de archivo, bitrate, framerate, c\u00f3dec de audio y canales<\/li><\/ul>\n\n\n\n<h3>\u00bfNo puedes descargar un archivo?<\/h3>\n\n\n\n<p>Si un usuario no puede descargar un archivo, a continuaci\u00f3n se presentan las razones.<\/p>\n\n\n\n<p>1. Compruebe la configuraci\u00f3n del <a rel=\"noreferrer noopener\" aria-label=\"cortafuegos (opens in a new tab)\" href=\"https:\/\/www.webopedia.com\/TERM\/F\/firewall.html\" target=\"_blank\">cortafuegos<\/a>, del antivirus y de la red del dispositivo del usuario, ya que estas cosas pueden interrumpir o bloquear la conexi\u00f3n para la descarga del sitio.<\/p>\n\n\n\n<p>2. Los usuarios pueden contactar con FastShare para pedir ayuda en la p\u00e1gina de contacto de FastShare o por correo electr\u00f3nico (info@fastshare.com).<\/p>\n\n\n\n<h2>Borrar un archivo en FastShare<\/h2>\n\n\n\n<p>Borrar un archivo o archivos en FastShare es muy simple. Un usuario s\u00f3lo necesita enviar una solicitud de eliminaci\u00f3n de un archivo o archivos a FastShare. Para enviar una solicitud de eliminaci\u00f3n, el usuario debe copiar el enlace del archivo y pegarlo en el cuadro de mensajes del formulario de contacto de FastShare. Luego, el equipo de FastShare ser\u00e1 el que gestione la eliminaci\u00f3n del archivo o archivos de un usuario.<\/p>\n\n\n\n<p>FastShare s\u00f3lo borrar\u00e1 el archivo o el fichero, si y s\u00f3lo si el propietario de los derechos de autor ha solicitado la eliminaci\u00f3n de los mismos. No realizan el proceso de eliminaci\u00f3n a menos que se solicite.<\/p>\n\n\n\n<h2>Comentando los archivos de FastShare<\/h2>\n\n\n\n<p>Cualquier usuario de FastShare (FastShare Free o FastShare Premium Account) puede a\u00f1adir y enviar un comentario para cualquiera de los archivos subidos a su sitio, si tiene algo que decir o algo que preguntar sobre el archivo o sobre el subidor del archivo.<\/p>\n\n\n\n<h2>El programa de afiliados de FastShare<\/h2>\n\n\n\n<p>Un usuario puede ganar dinero con el programa de afiliados de FastShare. Esto tambi\u00e9n se llama el \u00abPrograma de Socios\u00bb.<\/p>\n\n\n\n<p>Para ganar dinero, un usuario s\u00f3lo necesita recomendar el sitio o aplicaci\u00f3n FastShare. Un usuario (invitante o recomendante) puede obtener el cincuenta por ciento (50%) de todos los pagos realizados por sus invitaciones. Toda persona que haya sido invitada por ellos debe haberse registrado con \u00e9xito y haber comprado cualquier plan de FastShare, para que FastShare pague al usuario que los recomend\u00f3 o invit\u00f3.<\/p>\n\n\n\n<p>FastShare paga cada primer d\u00eda de la semana que es el lunes, siempre y cuando la comisi\u00f3n del usuario supere los doscientos checos (200 CZK).<\/p>\n\n\n\n<p>Adem\u00e1s, un usuario de FastShare obtendr\u00e1 una <a rel=\"noreferrer noopener\" aria-label=\"comisi\u00f3n  (opens in a new tab)\" href=\"https:\/\/www.merriam-webster.com\/dictionary\/commission\" target=\"_blank\">comisi\u00f3n <\/a>adicional que es del diez por ciento (10%), si una de las personas que invit\u00f3 comienza a promocionar el sitio o la aplicaci\u00f3n de FastShare.<br><\/p>\n\n\n\n<p>Un usuario puede promocionarse de la manera que quiera, como compartir en medios sociales, video blogs, correos electr\u00f3nicos, blogs, SMS o mensajes de texto, y otros.<\/p>\n\n\n\n<p>\u00bfC\u00f3mo y cu\u00e1ndo puede un usuario recibir su comisi\u00f3n del Programa de Afiliados de FastShare?<\/p>\n\n\n\n<p>Un usuario s\u00f3lo necesita poner su n\u00famero de cuenta o la direcci\u00f3n de su billetera digital para bitcoin o simplemente su direcci\u00f3n BitCoin en la Lista de Archivos de su P\u00e1gina de Mi Cuenta en FastShare.<\/p>\n\n\n\n<p>Adem\u00e1s, si un usuario quiere limitar sus pagos, puede establecer el l\u00edmite de pago hasta quinientos d\u00f3lares ($500). As\u00ed que, \u00bfquieres unirte ahora a su programa?  Ve a FastShare ahora y gana! \u2192<\/p>\n\n\n<a class=\"maxbutton-2 maxbutton maxbutton-cta\" target=\"_blank\" rel=\"nofollow noopener\" href=\"\/go\/\"><span class='mb-text'>&gt;&gt; Ir a la p\u00e1gina web original de Linkifier <\/span><\/a>\n\n\n<p><\/p>\n","protected":false},"excerpt":{"rendered":"<p>Sobre el FastShare \u00bfQu\u00e9 ofrece FastShare? FastShare es uno de los sitios de alojamiento de archivos m\u00e1s r\u00e1pidos y ofrece<\/p>\n","protected":false},"author":2,"featured_media":0,"parent":0,"menu_order":0,"comment_status":"closed","ping_status":"closed","template":"","meta":[],"yoast_head":"<!-- This site is optimized with the Yoast SEO plugin v18.3 - https:\/\/yoast.com\/wordpress\/plugins\/seo\/ -->\n<title>FastShare Premium Cuenta: El Filehoster De Un Vistazo<\/title>\n<meta name=\"description\" content=\"Si FastShare es un proveedor de confianza o no, puedes encontrar la respuesta en el test actual en Multihoster.org \u279c Haz clic ahora \u271a para leer nuestras experiencias!\" \/>\n<meta name=\"robots\" content=\"index, follow, max-snippet:-1, max-image-preview:large, max-video-preview:-1\" \/>\n<link rel=\"canonical\" href=\"https:\/\/multihoster.org\/es\/fastshare\/\" \/>\n<meta property=\"og:locale\" content=\"es_ES\" \/>\n<meta property=\"og:type\" content=\"article\" \/>\n<meta property=\"og:title\" content=\"FastShare Premium Cuenta: El Filehoster De Un Vistazo\" \/>\n<meta property=\"og:description\" content=\"Si FastShare es un proveedor de confianza o no, puedes encontrar la respuesta en el test actual en Multihoster.org \u279c Haz clic ahora \u271a para leer nuestras experiencias!\" \/>\n<meta property=\"og:url\" content=\"https:\/\/multihoster.org\/es\/fastshare\/\" \/>\n<meta property=\"og:site_name\" content=\"Multihoster.org\" \/>\n<meta property=\"article:modified_time\" content=\"2020-03-31T16:37:01+00:00\" \/>\n<meta property=\"og:image\" content=\"https:\/\/lh5.googleusercontent.com\/qkSKbflSi_69f0YXAUWBrRmR7tMHNjLfpjTJxJhSPoozavL_4PZ37Jn5-G489WpO-S7Eqa4GCPa8EvioRruH3MDRss6xfnZA3GJqfBO9pYXytWHDPRjlxnBxbFqWNsmav1kbYM8\" \/>\n<meta name=\"twitter:card\" content=\"summary\" \/>\n<meta name=\"twitter:label1\" content=\"Tiempo de lectura\" \/>\n\t<meta name=\"twitter:data1\" content=\"10 minutos\" \/>\n<script type=\"application\/ld+json\" class=\"yoast-schema-graph\">{\"@context\":\"https:\/\/schema.org\",\"@graph\":[{\"@type\":\"WebSite\",\"@id\":\"https:\/\/multihoster.org\/#website\",\"url\":\"https:\/\/multihoster.org\/\",\"name\":\"Multihoster.org\",\"description\":\"Reviews of the major Filehosting services\",\"potentialAction\":[{\"@type\":\"SearchAction\",\"target\":{\"@type\":\"EntryPoint\",\"urlTemplate\":\"https:\/\/multihoster.org\/?s={search_term_string}\"},\"query-input\":\"required name=search_term_string\"}],\"inLanguage\":\"es\"},{\"@type\":\"ImageObject\",\"@id\":\"https:\/\/multihoster.org\/es\/fastshare\/#primaryimage\",\"inLanguage\":\"es\",\"url\":\"https:\/\/lh5.googleusercontent.com\/qkSKbflSi_69f0YXAUWBrRmR7tMHNjLfpjTJxJhSPoozavL_4PZ37Jn5-G489WpO-S7Eqa4GCPa8EvioRruH3MDRss6xfnZA3GJqfBO9pYXytWHDPRjlxnBxbFqWNsmav1kbYM8\",\"contentUrl\":\"https:\/\/lh5.googleusercontent.com\/qkSKbflSi_69f0YXAUWBrRmR7tMHNjLfpjTJxJhSPoozavL_4PZ37Jn5-G489WpO-S7Eqa4GCPa8EvioRruH3MDRss6xfnZA3GJqfBO9pYXytWHDPRjlxnBxbFqWNsmav1kbYM8\"},{\"@type\":\"WebPage\",\"@id\":\"https:\/\/multihoster.org\/es\/fastshare\/#webpage\",\"url\":\"https:\/\/multihoster.org\/es\/fastshare\/\",\"name\":\"FastShare Premium Cuenta: El Filehoster De Un Vistazo\",\"isPartOf\":{\"@id\":\"https:\/\/multihoster.org\/#website\"},\"primaryImageOfPage\":{\"@id\":\"https:\/\/multihoster.org\/es\/fastshare\/#primaryimage\"},\"datePublished\":\"2020-03-31T11:27:13+00:00\",\"dateModified\":\"2020-03-31T16:37:01+00:00\",\"description\":\"Si FastShare es un proveedor de confianza o no, puedes encontrar la respuesta en el test actual en Multihoster.org \u279c Haz clic ahora \u271a para leer nuestras experiencias!\",\"breadcrumb\":{\"@id\":\"https:\/\/multihoster.org\/es\/fastshare\/#breadcrumb\"},\"inLanguage\":\"es\",\"potentialAction\":[{\"@type\":\"ReadAction\",\"target\":[\"https:\/\/multihoster.org\/es\/fastshare\/\"]}]},{\"@type\":\"BreadcrumbList\",\"@id\":\"https:\/\/multihoster.org\/es\/fastshare\/#breadcrumb\",\"itemListElement\":[{\"@type\":\"ListItem\",\"position\":1,\"name\":\"Startseite\",\"item\":\"https:\/\/multihoster.org\/es\/\"},{\"@type\":\"ListItem\",\"position\":2,\"name\":\"FastShare Premium Cuenta: El Filehoster De Un Vistazo\"}]}]}<\/script>\n<!-- \/ Yoast SEO plugin. -->","yoast_head_json":{"title":"FastShare Premium Cuenta: El Filehoster De Un Vistazo","description":"Si FastShare es un proveedor de confianza o no, puedes encontrar la respuesta en el test actual en Multihoster.org \u279c Haz clic ahora \u271a para leer nuestras experiencias!","robots":{"index":"index","follow":"follow","max-snippet":"max-snippet:-1","max-image-preview":"max-image-preview:large","max-video-preview":"max-video-preview:-1"},"canonical":"https:\/\/multihoster.org\/es\/fastshare\/","og_locale":"es_ES","og_type":"article","og_title":"FastShare Premium Cuenta: El Filehoster De Un Vistazo","og_description":"Si FastShare es un proveedor de confianza o no, puedes encontrar la respuesta en el test actual en Multihoster.org \u279c Haz clic ahora \u271a para leer nuestras experiencias!","og_url":"https:\/\/multihoster.org\/es\/fastshare\/","og_site_name":"Multihoster.org","article_modified_time":"2020-03-31T16:37:01+00:00","og_image":[{"url":"https:\/\/lh5.googleusercontent.com\/qkSKbflSi_69f0YXAUWBrRmR7tMHNjLfpjTJxJhSPoozavL_4PZ37Jn5-G489WpO-S7Eqa4GCPa8EvioRruH3MDRss6xfnZA3GJqfBO9pYXytWHDPRjlxnBxbFqWNsmav1kbYM8"}],"twitter_card":"summary","twitter_misc":{"Tiempo de lectura":"10 minutos"},"schema":{"@context":"https:\/\/schema.org","@graph":[{"@type":"WebSite","@id":"https:\/\/multihoster.org\/#website","url":"https:\/\/multihoster.org\/","name":"Multihoster.org","description":"Reviews of the major Filehosting services","potentialAction":[{"@type":"SearchAction","target":{"@type":"EntryPoint","urlTemplate":"https:\/\/multihoster.org\/?s={search_term_string}"},"query-input":"required name=search_term_string"}],"inLanguage":"es"},{"@type":"ImageObject","@id":"https:\/\/multihoster.org\/es\/fastshare\/#primaryimage","inLanguage":"es","url":"https:\/\/lh5.googleusercontent.com\/qkSKbflSi_69f0YXAUWBrRmR7tMHNjLfpjTJxJhSPoozavL_4PZ37Jn5-G489WpO-S7Eqa4GCPa8EvioRruH3MDRss6xfnZA3GJqfBO9pYXytWHDPRjlxnBxbFqWNsmav1kbYM8","contentUrl":"https:\/\/lh5.googleusercontent.com\/qkSKbflSi_69f0YXAUWBrRmR7tMHNjLfpjTJxJhSPoozavL_4PZ37Jn5-G489WpO-S7Eqa4GCPa8EvioRruH3MDRss6xfnZA3GJqfBO9pYXytWHDPRjlxnBxbFqWNsmav1kbYM8"},{"@type":"WebPage","@id":"https:\/\/multihoster.org\/es\/fastshare\/#webpage","url":"https:\/\/multihoster.org\/es\/fastshare\/","name":"FastShare Premium Cuenta: El Filehoster De Un Vistazo","isPartOf":{"@id":"https:\/\/multihoster.org\/#website"},"primaryImageOfPage":{"@id":"https:\/\/multihoster.org\/es\/fastshare\/#primaryimage"},"datePublished":"2020-03-31T11:27:13+00:00","dateModified":"2020-03-31T16:37:01+00:00","description":"Si FastShare es un proveedor de confianza o no, puedes encontrar la respuesta en el test actual en Multihoster.org \u279c Haz clic ahora \u271a para leer nuestras experiencias!","breadcrumb":{"@id":"https:\/\/multihoster.org\/es\/fastshare\/#breadcrumb"},"inLanguage":"es","potentialAction":[{"@type":"ReadAction","target":["https:\/\/multihoster.org\/es\/fastshare\/"]}]},{"@type":"BreadcrumbList","@id":"https:\/\/multihoster.org\/es\/fastshare\/#breadcrumb","itemListElement":[{"@type":"ListItem","position":1,"name":"Startseite","item":"https:\/\/multihoster.org\/es\/"},{"@type":"ListItem","position":2,"name":"FastShare Premium Cuenta: El Filehoster De Un Vistazo"}]}]}},"_links":{"self":[{"href":"https:\/\/multihoster.org\/es\/wp-json\/wp\/v2\/pages\/3033"}],"collection":[{"href":"https:\/\/multihoster.org\/es\/wp-json\/wp\/v2\/pages"}],"about":[{"href":"https:\/\/multihoster.org\/es\/wp-json\/wp\/v2\/types\/page"}],"author":[{"embeddable":true,"href":"https:\/\/multihoster.org\/es\/wp-json\/wp\/v2\/users\/2"}],"replies":[{"embeddable":true,"href":"https:\/\/multihoster.org\/es\/wp-json\/wp\/v2\/comments?post=3033"}],"version-history":[{"count":3,"href":"https:\/\/multihoster.org\/es\/wp-json\/wp\/v2\/pages\/3033\/revisions"}],"predecessor-version":[{"id":3120,"href":"https:\/\/multihoster.org\/es\/wp-json\/wp\/v2\/pages\/3033\/revisions\/3120"}],"wp:attachment":[{"href":"https:\/\/multihoster.org\/es\/wp-json\/wp\/v2\/media?parent=3033"}],"curies":[{"name":"wp","href":"https:\/\/api.w.org\/{rel}","templated":true}]}}