{"id":307,"date":"2018-05-22T16:57:29","date_gmt":"2018-05-22T16:57:29","guid":{"rendered":"https:\/\/multihoster.org\/?page_id=307"},"modified":"2018-09-12T06:23:58","modified_gmt":"2018-09-12T06:23:58","slug":"oboom","status":"publish","type":"page","link":"https:\/\/multihoster.org\/es\/oboom\/","title":{"rendered":"Oboom Premium Account &#8211; El Filehoster de un vistazo"},"content":{"rendered":"<p><img loading=\"lazy\" class=\"size-full wp-image-101 alignleft\" src=\"https:\/\/multihoster.org\/wp-content\/uploads\/2018\/04\/logo.png\" alt=\"logo\" width=\"222\" height=\"59\"><\/p>\n<p>Oboom te ofrece un servicio totalmente gratuito, en el que puedes almacenar tus archivos en la nube con total independencia de la ubicaci\u00f3n y el dispositivo. El proveedor da mucha importancia al trabajo en equipo y quiere utilizar la plataforma para crear una forma de compartir archivos f\u00e1cilmente desde cualquier lugar y con cualquier dispositivo.<\/p>\n\n<p><a class=\"fasc-button fasc-size-xlarge fasc-type-glossy fasc-rounded-medium ico-fa fasc-ico-after fa-share\" style=\"background-color: #43585e; color: #ffffff;\" rel=\"nofollow\" href=\"https:\/\/multihoster.org\/oboom\/goto\/\">Ir a Oboom.com<\/a><\/p>\n<h2>Caracter\u00edsticas positivas del proveedor<\/h2>\n<ul>\n<li>cuenta gratis<\/li>\n<li>hasta 50 GB de espacio libre en disco<\/li>\n<li>Posibilidad de crear una cuenta an\u00f3nima<\/li>\n<li>Soporte por tel\u00e9fono<\/li>\n<li>Posibilidad de utilizar el gestor de descargas<\/li>\n<\/ul>\n<h2>Toda la oferta de Oboom de un vistazo<\/h2>\n<p class=\"normal\">El proveedor no ofrece a sus usuarios una cuenta premium expl\u00edcita en el surtido, porque en principio s\u00f3lo existe la cuenta gratuita en la oferta de Oboom. El proveedor ofrece su servicio de forma totalmente gratuita para todos los usuarios, que disponen de hasta 50 GB de espacio de almacenamiento.<\/p>\n<p class=\"normal\">Quien quiera disfrutar de otras ventajas en el marco de la oferta Oboom Premium, puede hacerlo con una cuenta Smoozed Pro. Para usar la Cuenta Premium de Oboom, primero debes registrarte con Smoozed y luego ingresar los datos de acceso de la cuenta Smoozed Pro en el JDownloader o Smoozed Addon.<\/p>\n<p class=\"normal\">Con una Cuenta Pro en Smoozed no s\u00f3lo puede utilizar la gama completa de servicios de Oboom Premium, sino que tambi\u00e9n puede utilizar el servicio de casi todos los dem\u00e1s hosters de archivos.<\/p>\n<h2 class=\"normal\">Ofertas de bonos<\/h2>\n<p>Una oferta de bonificaci\u00f3n muy atractiva es el modelo Pay-Per-Download, en el que los usuarios reciben una comisi\u00f3n por subir un gran n\u00famero de archivos a la nube. El requisito para esto es, por supuesto, que los archivos son muy populares y se descargan a menudo, ya que el programa de bonos no est\u00e1 organizado directamente por Oboom, sino por los respectivos hosters de archivos. Muchos de los proveedores tienen su propio programa de bonos para motivar a los proveedores a subir archivos populares. comisiones var\u00edan dependiendo del proveedor y pueden ser no s\u00f3lo un ingreso adicional atractivo, pero incluso una fuente principal de ingresos.<\/p>\n<h2>Costos y opciones de pago<\/h2>\n<p class=\"normal\">Como opci\u00f3n de pago para el Servicio Premium de Oboom, el pago mediante tarjeta de cr\u00e9dito, SEPA Express y Handypay est\u00e1 disponible para usted.<\/p>\n\n<table id=\"tablepress-44\" class=\"tablepress tablepress-id-44\">\n<thead>\n<tr class=\"row-1 odd\">\n\t<th class=\"column-1\">BASIC<\/th><th class=\"column-2\">ADVANCED<\/th><th class=\"column-3\">ULTRA<\/th>\n<\/tr>\n<\/thead>\n<tbody class=\"row-hover\">\n<tr class=\"row-2 even\">\n\t<td class=\"column-1\">1 mes<\/td><td class=\"column-2\">6 meses<\/td><td class=\"column-3\">12 meses<\/td>\n<\/tr>\n<tr class=\"row-3 odd\">\n\t<td class=\"column-1\">9,95\u20ac<\/td><td class=\"column-2\">29,99\u20ac en vez de 49,99\u20ac<\/td><td class=\"column-3\">39,95\u20ac en vez de 99,99\u20ac<\/td>\n<\/tr>\n<tr class=\"row-4 even\">\n\t<td class=\"column-1\">m\u00e1s de 40 filehosters<\/td><td class=\"column-2\">m\u00e1s de 40 filehosters<\/td><td class=\"column-3\">m\u00e1s de 40 filehosters<\/td>\n<\/tr>\n<tr class=\"row-5 odd\">\n\t<td class=\"column-1\">Acceso VPN<\/td><td class=\"column-2\">Acceso VPN<\/td><td class=\"column-3\">Acceso VPN<\/td>\n<\/tr>\n<\/tbody>\n<\/table>\n<!-- #tablepress-44 from cache -->\n<p><a class=\"fasc-button fasc-size-xlarge fasc-type-glossy fasc-rounded-medium ico-fa fasc-ico-after fa-share\" style=\"background-color: #43585e; color: #ffffff;\" rel=\"nofollow\" href=\"https:\/\/multihoster.org\/oboom\/goto\/\">Ir a Oboom.com<\/a><\/p>\n<h2>Aviso de privacidad y protecci\u00f3n de datos<\/h2>\n<p>En materia de protecci\u00f3n de datos y privacidad, Oboom concede gran importancia a la confidencialidad y al cumplimiento de la normativa legal, ya que a diferencia de muchos otros proveedores, Oboom ofrece un servicio que es posible sin proporcionar datos personales.<\/p>\n<p>No obstante, la recogida de datos personales es siempre voluntaria y Oboom no los ceder\u00e1 en ning\u00fan caso a terceros sin su consentimiento expreso. El proveedor siempre trata de garantizar la mejor seguridad posible, pero se\u00f1ala que una protecci\u00f3n completa en Internet no es posible.<\/p>\n<p>Cuando se utiliza la red social Facebook, los datos pueden ser intercambiados entre el navegador y el servidor de Facebook utilizando los plug-ins existentes. El servicio Google Analytics, que utiliza esta informaci\u00f3n para mejorar la experiencia individual del usuario, eval\u00faa otros datos. Adem\u00e1s, los datos personales pueden intercambiarse o almacenarse cuando se utiliza Google Plus o Twitter.<\/p>\n<h2>Atenci\u00f3n al cliente<\/h2>\n<p class=\"normal\">El soporte de Oboom est\u00e1 disponible durante el d\u00eda de 9 a.m. a 5 p.m. Por favor llame al 414 1588 0562. Adem\u00e1s, puede escribir un correo electr\u00f3nico a soporte si tiene alguna pregunta sin respuesta. Otra opci\u00f3n que es m\u00e1s r\u00e1pida hoy en d\u00eda y que tambi\u00e9n ofrece una soluci\u00f3n es el \u00e1rea de preguntas frecuentes.<\/p>\n<h2>Facilidad de uso de la p\u00e1gina web<\/h2>\n<p class=\"normal\">El sitio web del proveedor Oboom est\u00e1 claramente estructurado para que el servicio y la filosof\u00eda de la empresa sean claros a primera vista: en la parte superior derecha de la p\u00e1gina puede crear una cuenta, iniciar sesi\u00f3n o utilizar Facebook, Twitter y Google+.<\/p>\n<p class=\"normal\">Inmediatamente despu\u00e9s de iniciar sesi\u00f3n, se le llevar\u00e1 a la descripci\u00f3n general de CloudDrive, desde donde podr\u00e1 cargar o descargar archivos.Adem\u00e1s, puede realizar los cambios que desee en las opciones o echar un vistazo m\u00e1s de cerca al programa de socios.<\/p>\n<p><img loading=\"lazy\" class=\"alignnone wp-image-100 size-large\" src=\"https:\/\/multihoster.org\/wp-content\/uploads\/2018\/04\/upload-1024x459.png\" alt=\"upload\" width=\"800\" height=\"359\" srcset=\"https:\/\/multihoster.org\/wp-content\/uploads\/2018\/04\/upload-1024x459.png 1024w, https:\/\/multihoster.org\/wp-content\/uploads\/2018\/04\/upload-300x135.png 300w, https:\/\/multihoster.org\/wp-content\/uploads\/2018\/04\/upload-768x345.png 768w, https:\/\/multihoster.org\/wp-content\/uploads\/2018\/04\/upload.png 1199w\" sizes=\"(max-width: 800px) 100vw, 800px\" \/><\/p>\n<h2>Aplicaci\u00f3n M\u00f3vil<\/h2>\n<p class=\"normal\">Oboom no ofrece una aplicaci\u00f3n para m\u00f3viles, sino s\u00f3lo el uso a trav\u00e9s del navegador web habitual, por lo que el proveedor desea ofrecer una opci\u00f3n de acceso a trav\u00e9s de stick o dispositivo m\u00f3vil lo antes posible. Hasta entonces, los usuarios pueden usar f\u00e1cilmente jDownloader para controlar las descargas y subidas en Oboom, aqu\u00ed tambi\u00e9n puede iniciar sesi\u00f3n con su cuenta Smoozed Pro y utilizar el Servicio Premium de Oboom.<\/p>\n<h2>Las ventajas de una Cuenta Premium<\/h2>\n<p class=\"normal\">No hay una Cuenta Premium Oboom separada, pero con una Cuenta Premium Smoozed puedes usar el m\u00e1ximo rango de caracter\u00edsticas que Oboom te ofrece, adem\u00e1s, una cuenta Smoozed Premium Pro incluye muchas otras caracter\u00edsticas.<\/p>\n<p class=\"normal\">Con una cuenta Smoozed Pro usted tiene acceso a una amplia gama de diferentes hosters de archivos, incluyendo proveedores conocidos como Filefactory, Keep2Share y Streamcloud. La Cuenta Premium le permite disfrutar de la oferta de cualquier proveedor a la m\u00e1xima velocidad, tiene a su disposici\u00f3n un total de 50 GB de tr\u00e1fico al d\u00eda y el uso de un servidor VPN para el uso an\u00f3nimo y seguro de Internet tambi\u00e9n es posible.<\/p>\n<p class=\"normal\">Aqu\u00ed presentamos todos los filehosters que puede utilizar adem\u00e1s de Oboom Premium con la cuenta Smoozed Premium Pro.<\/p>\n<h2>Nuestra conclusi\u00f3n sobre el proveedor Oboom<\/h2>\n<p class=\"normal\">Con todo, el proveedor Oboom causa una impresi\u00f3n seria y de confianza, y lo que es especialmente convincente es el hecho de que el servicio completo de Oboom es gratuito. Cada usuario puede almacenar sus archivos de forma an\u00f3nima en la nube con un espacio de almacenamiento de hasta 50 gigabytes sin tener que introducir datos personales.<\/p>\n<p>Si ya tienes una cuenta Smoozed, puedes utilizar el Servicio Premium de Oboom con la m\u00e1xima rapidez y sin tiempo de espera. Con Smoozed usted puede suscribirse por tan s\u00f3lo 10 euros al mes y as\u00ed no s\u00f3lo tener una cuenta Oboom Premium, sino tambi\u00e9n tener acceso al servicio de casi todos los hosters de archivos.<\/p>\n<p class=\"normal\">Usted puede elegir entre diferentes formas de pago, la asistencia est\u00e1 a su disposici\u00f3n tanto por correo electr\u00f3nico como por tel\u00e9fono en alem\u00e1n, lo que distingue al proveedor de la competencia en t\u00e9rminos de servicio.<\/p>\n<p><a class=\"fasc-button fasc-size-xlarge fasc-type-glossy fasc-rounded-medium ico-fa fasc-ico-after fa-share\" style=\"background-color: #43585e; color: #ffffff;\" rel=\"nofollow\" href=\"https:\/\/multihoster.org\/oboom\/goto\/\">Ir a Oboom.com<\/a><\/p>\n","protected":false},"excerpt":{"rendered":"<p>Oboom te ofrece un servicio totalmente gratuito, en el que puedes almacenar tus archivos en la nube con total independencia<\/p>\n","protected":false},"author":2,"featured_media":0,"parent":0,"menu_order":0,"comment_status":"closed","ping_status":"closed","template":"","meta":[],"yoast_head":"<!-- This site is optimized with the Yoast SEO plugin v18.3 - https:\/\/yoast.com\/wordpress\/plugins\/seo\/ -->\n<title>lll\u25b7 Oboom Premium Account seria o no +++ Test en Multihoster.org<\/title>\n<meta name=\"description\" content=\"Oboom es un proveedor de buena reputaci\u00f3n o no, puede encontrar la respuesta en la prueba actual en Multihoster.org \u279c Ahora haga clic en \u271a para leer nuestras experiencias!\" \/>\n<meta name=\"robots\" content=\"index, follow, max-snippet:-1, max-image-preview:large, max-video-preview:-1\" \/>\n<link rel=\"canonical\" href=\"https:\/\/multihoster.org\/es\/oboom\/\" \/>\n<meta property=\"og:locale\" content=\"es_ES\" \/>\n<meta property=\"og:type\" content=\"article\" \/>\n<meta property=\"og:title\" content=\"lll\u25b7 Oboom Premium Account seria o no +++ Test en Multihoster.org\" \/>\n<meta property=\"og:description\" content=\"Oboom es un proveedor de buena reputaci\u00f3n o no, puede encontrar la respuesta en la prueba actual en Multihoster.org \u279c Ahora haga clic en \u271a para leer nuestras experiencias!\" \/>\n<meta property=\"og:url\" content=\"https:\/\/multihoster.org\/es\/oboom\/\" \/>\n<meta property=\"og:site_name\" content=\"Multihoster.org\" \/>\n<meta property=\"article:modified_time\" content=\"2018-09-12T06:23:58+00:00\" \/>\n<meta property=\"og:image\" content=\"https:\/\/multihoster.org\/wp-content\/uploads\/2018\/04\/logo.png\" \/>\n<meta name=\"twitter:card\" content=\"summary\" \/>\n<meta name=\"twitter:label1\" content=\"Tiempo de lectura\" \/>\n\t<meta name=\"twitter:data1\" content=\"6 minutos\" \/>\n<script type=\"application\/ld+json\" class=\"yoast-schema-graph\">{\"@context\":\"https:\/\/schema.org\",\"@graph\":[{\"@type\":\"WebSite\",\"@id\":\"https:\/\/multihoster.org\/#website\",\"url\":\"https:\/\/multihoster.org\/\",\"name\":\"Multihoster.org\",\"description\":\"Reviews of the major Filehosting services\",\"potentialAction\":[{\"@type\":\"SearchAction\",\"target\":{\"@type\":\"EntryPoint\",\"urlTemplate\":\"https:\/\/multihoster.org\/?s={search_term_string}\"},\"query-input\":\"required name=search_term_string\"}],\"inLanguage\":\"es\"},{\"@type\":\"ImageObject\",\"@id\":\"https:\/\/multihoster.org\/es\/oboom\/#primaryimage\",\"inLanguage\":\"es\",\"url\":\"https:\/\/multihoster.org\/wp-content\/uploads\/2018\/04\/logo.png\",\"contentUrl\":\"https:\/\/multihoster.org\/wp-content\/uploads\/2018\/04\/logo.png\",\"width\":222,\"height\":59,\"caption\":\"logo\"},{\"@type\":\"WebPage\",\"@id\":\"https:\/\/multihoster.org\/es\/oboom\/#webpage\",\"url\":\"https:\/\/multihoster.org\/es\/oboom\/\",\"name\":\"lll\u25b7 Oboom Premium Account seria o no +++ Test en Multihoster.org\",\"isPartOf\":{\"@id\":\"https:\/\/multihoster.org\/#website\"},\"primaryImageOfPage\":{\"@id\":\"https:\/\/multihoster.org\/es\/oboom\/#primaryimage\"},\"datePublished\":\"2018-05-22T16:57:29+00:00\",\"dateModified\":\"2018-09-12T06:23:58+00:00\",\"description\":\"Oboom es un proveedor de buena reputaci\u00f3n o no, puede encontrar la respuesta en la prueba actual en Multihoster.org \u279c Ahora haga clic en \u271a para leer nuestras experiencias!\",\"breadcrumb\":{\"@id\":\"https:\/\/multihoster.org\/es\/oboom\/#breadcrumb\"},\"inLanguage\":\"es\",\"potentialAction\":[{\"@type\":\"ReadAction\",\"target\":[\"https:\/\/multihoster.org\/es\/oboom\/\"]}]},{\"@type\":\"BreadcrumbList\",\"@id\":\"https:\/\/multihoster.org\/es\/oboom\/#breadcrumb\",\"itemListElement\":[{\"@type\":\"ListItem\",\"position\":1,\"name\":\"Startseite\",\"item\":\"https:\/\/multihoster.org\/es\/\"},{\"@type\":\"ListItem\",\"position\":2,\"name\":\"Oboom Premium Account &#8211; El Filehoster de un vistazo\"}]}]}<\/script>\n<!-- \/ Yoast SEO plugin. -->","yoast_head_json":{"title":"lll\u25b7 Oboom Premium Account seria o no +++ Test en Multihoster.org","description":"Oboom es un proveedor de buena reputaci\u00f3n o no, puede encontrar la respuesta en la prueba actual en Multihoster.org \u279c Ahora haga clic en \u271a para leer nuestras experiencias!","robots":{"index":"index","follow":"follow","max-snippet":"max-snippet:-1","max-image-preview":"max-image-preview:large","max-video-preview":"max-video-preview:-1"},"canonical":"https:\/\/multihoster.org\/es\/oboom\/","og_locale":"es_ES","og_type":"article","og_title":"lll\u25b7 Oboom Premium Account seria o no +++ Test en Multihoster.org","og_description":"Oboom es un proveedor de buena reputaci\u00f3n o no, puede encontrar la respuesta en la prueba actual en Multihoster.org \u279c Ahora haga clic en \u271a para leer nuestras experiencias!","og_url":"https:\/\/multihoster.org\/es\/oboom\/","og_site_name":"Multihoster.org","article_modified_time":"2018-09-12T06:23:58+00:00","og_image":[{"url":"https:\/\/multihoster.org\/wp-content\/uploads\/2018\/04\/logo.png"}],"twitter_card":"summary","twitter_misc":{"Tiempo de lectura":"6 minutos"},"schema":{"@context":"https:\/\/schema.org","@graph":[{"@type":"WebSite","@id":"https:\/\/multihoster.org\/#website","url":"https:\/\/multihoster.org\/","name":"Multihoster.org","description":"Reviews of the major Filehosting services","potentialAction":[{"@type":"SearchAction","target":{"@type":"EntryPoint","urlTemplate":"https:\/\/multihoster.org\/?s={search_term_string}"},"query-input":"required name=search_term_string"}],"inLanguage":"es"},{"@type":"ImageObject","@id":"https:\/\/multihoster.org\/es\/oboom\/#primaryimage","inLanguage":"es","url":"https:\/\/multihoster.org\/wp-content\/uploads\/2018\/04\/logo.png","contentUrl":"https:\/\/multihoster.org\/wp-content\/uploads\/2018\/04\/logo.png","width":222,"height":59,"caption":"logo"},{"@type":"WebPage","@id":"https:\/\/multihoster.org\/es\/oboom\/#webpage","url":"https:\/\/multihoster.org\/es\/oboom\/","name":"lll\u25b7 Oboom Premium Account seria o no +++ Test en Multihoster.org","isPartOf":{"@id":"https:\/\/multihoster.org\/#website"},"primaryImageOfPage":{"@id":"https:\/\/multihoster.org\/es\/oboom\/#primaryimage"},"datePublished":"2018-05-22T16:57:29+00:00","dateModified":"2018-09-12T06:23:58+00:00","description":"Oboom es un proveedor de buena reputaci\u00f3n o no, puede encontrar la respuesta en la prueba actual en Multihoster.org \u279c Ahora haga clic en \u271a para leer nuestras experiencias!","breadcrumb":{"@id":"https:\/\/multihoster.org\/es\/oboom\/#breadcrumb"},"inLanguage":"es","potentialAction":[{"@type":"ReadAction","target":["https:\/\/multihoster.org\/es\/oboom\/"]}]},{"@type":"BreadcrumbList","@id":"https:\/\/multihoster.org\/es\/oboom\/#breadcrumb","itemListElement":[{"@type":"ListItem","position":1,"name":"Startseite","item":"https:\/\/multihoster.org\/es\/"},{"@type":"ListItem","position":2,"name":"Oboom Premium Account &#8211; El Filehoster de un vistazo"}]}]}},"_links":{"self":[{"href":"https:\/\/multihoster.org\/es\/wp-json\/wp\/v2\/pages\/307"}],"collection":[{"href":"https:\/\/multihoster.org\/es\/wp-json\/wp\/v2\/pages"}],"about":[{"href":"https:\/\/multihoster.org\/es\/wp-json\/wp\/v2\/types\/page"}],"author":[{"embeddable":true,"href":"https:\/\/multihoster.org\/es\/wp-json\/wp\/v2\/users\/2"}],"replies":[{"embeddable":true,"href":"https:\/\/multihoster.org\/es\/wp-json\/wp\/v2\/comments?post=307"}],"version-history":[{"count":8,"href":"https:\/\/multihoster.org\/es\/wp-json\/wp\/v2\/pages\/307\/revisions"}],"predecessor-version":[{"id":1386,"href":"https:\/\/multihoster.org\/es\/wp-json\/wp\/v2\/pages\/307\/revisions\/1386"}],"wp:attachment":[{"href":"https:\/\/multihoster.org\/es\/wp-json\/wp\/v2\/media?parent=307"}],"curies":[{"name":"wp","href":"https:\/\/api.w.org\/{rel}","templated":true}]}}