{"id":3142,"date":"2020-04-07T14:44:54","date_gmt":"2020-04-07T14:44:54","guid":{"rendered":"https:\/\/multihoster.org\/?page_id=3142"},"modified":"2020-05-29T13:54:09","modified_gmt":"2020-05-29T13:54:09","slug":"webshare","status":"publish","type":"page","link":"https:\/\/multihoster.org\/es\/webshare\/","title":{"rendered":"WebShare Premium Cuenta: El Filehoster De Un Vistazo"},"content":{"rendered":"<p><!--StartFragment--><\/p>\n\n\n<div class=\"wp-block-image\"><figure class=\"aligncenter size-large\"><img loading=\"lazy\" width=\"337\" height=\"100\" src=\"https:\/\/multihoster.org\/wp-content\/uploads\/2020\/04\/webshare.png\" alt=\"\" class=\"wp-image-3125\" srcset=\"https:\/\/multihoster.org\/wp-content\/uploads\/2020\/04\/webshare.png 337w, https:\/\/multihoster.org\/wp-content\/uploads\/2020\/04\/webshare-300x89.png 300w\" sizes=\"(max-width: 337px) 100vw, 337px\" \/><\/figure><\/div>\n\n\n<a class=\"maxbutton-2 maxbutton maxbutton-cta\" target=\"_blank\" rel=\"nofollow noopener\" href=\"\/go\/\"><span class='mb-text'>&gt;&gt; Ir a la p\u00e1gina web original de Linkifier<\/span><\/a>\n\n\n<p><\/p>\n\n\n\n<h2>\u00bfQu\u00e9 es Webshare?<\/h2>\n\n\n\n<p>Webshare es una plataforma de almacenamiento en l\u00ednea en la nube que se puede utilizar para guardar diferentes tipos de datos, incluyendo im\u00e1genes, m\u00fasica, pel\u00edculas, documentos, archivos comprimidos y m\u00e1s. Todos los datos que est\u00e9 guardando y almacenando ser\u00e1n accesibles para usted dondequiera que vaya, en todo el mundo. Por lo tanto, si necesita un almacenamiento de archivos que sea muy asequible y fiable, Webshare es la plataforma adecuada para usted.<\/p>\n\n\n\n<figure class=\"wp-block-image\"><img src=\"https:\/\/lh3.googleusercontent.com\/FTuLvNkvS9rm_YkW9WzPyn54PGM_G44j4io1Xm9PjsowHHoj5ldYZ2ZdvdroAKv1QNwHEg34vsUwhn-H26ooVtQ4VscLe1cVcnHBUPjANDgmb_3efqZqslmxpkNCzb-ew6h5uf8n\" alt=\"Webshare Homepage\"\/><\/figure>\n\n\n\n<h2>Detr\u00e1s de la plataforma de Webshare<\/h2>\n\n\n\n<p>Webshare se cre\u00f3 y estableci\u00f3 el 10 de septiembre de 2009. Antes, empez\u00f3 como un hobby. Despu\u00e9s de varios a\u00f1os de operar la plataforma, tres a\u00f1os exactamente, descubrieron que Webshare se ha hecho famosa entre miles de usuarios de cuentas. Debido a eso, lo resolvieron creando una nueva y muy mejorada Web share. Su objetivo es convertirse en un fuerte competidor entre otros actores notables del mercado en la Rep\u00fablica Checa y proporcionar a m\u00e1s usuarios una manera poderosa y f\u00e1cil de manejar todos los datos.<\/p>\n\n\n\n<p>Su equipo est\u00e1 compuesto por cuatro individuos. Zbyn\u011bk y Luk\u00e1\u0161 son los administradores de los servidores, y son responsables de mantener y administrar los servidores. Adam es el programador principal, y el \u00faltimo miembro es Honza, quien es responsable de dise\u00f1ar el sitio web y otras estrategias de marketing. Para ellos, Webshare no es s\u00f3lo un plan y proyecto de garaje, sino que es un servicio avanzado que permite a sus usuarios mantener sus datos, manejar todo desde varios dispositivos, y compartirlos con personas de confianza.<\/p>\n\n\n\n<p>La misi\u00f3n del equipo es hacer de Webshare el servicio m\u00e1s excepcional de su industria y mercado en Checo y Eslovaco. Saben que este objetivo es una ambici\u00f3n notable, pero lo saben, y se esfuerzan por hacer que ese objetivo se cumpla. <\/p>\n\n\n\n<p>Quieren ofrecer a sus usuarios una herramienta m\u00e1s moderna y refinada que les ayude a gestionar sus datos y a tenerlos sincronizados en varios dispositivos. Por eso Webshare no es s\u00f3lo una mera herramienta de carga y descarga, sino que la est\u00e1n ampliando para tener una contrapartida de aplicaci\u00f3n m\u00f3vil y una herramienta de escritorio inteligente para maximizar la eficiencia de su plataforma. Todo es para su conveniencia.<\/p>\n\n\n\n<p>De su equipo, por todas las cosas que est\u00e1n haciendo, una cosa es segura, y es hacer realidad las demandas, requerimientos y deseos de sus usuarios. Sus clientes son su principal prioridad. Es por eso que est\u00e1n haciendo de la Webshare no s\u00f3lo un servicio sino tambi\u00e9n una verdadera herramienta para todos los usuarios.<\/p>\n\n\n\n<h2>\u00bfPor qu\u00e9 utilizar el Webshare?<\/h2>\n\n\n\n<p>Tener tus archivos y otros datos guardados en el almacenamiento en la nube es simplemente c\u00f3modo. Por eso, no necesitas llevarte las memorias flash a todas partes. Todo lo que tienes que hacer es subir todos tus archivos importantes o cualquier otro archivo a tu cuenta, como im\u00e1genes, documentos, m\u00fasica, pel\u00edculas y otros archivos memorables. Lo \u00fanico que necesita es Internet para poder acceder a su cuenta de Webshare.<\/p>\n\n\n\n<p>Webshare es realmente ideal para tus proyectos escolares, deberes, documentos corporativos, v\u00eddeos y m\u00fasica que tambi\u00e9n quieras compartir con tus compa\u00f1eros de trabajo, empleados, amigos o cualquier dato al que quieras tener acceso est\u00e9s donde est\u00e9s.<\/p>\n\n\n\n<figure class=\"wp-block-table\"><table class=\"\"><tbody><tr><td><li>Los usuarios tienen un inmenso almacenamiento de datos bajo su control<br><\/li><li>Todos tus archivos descansan en el almacenamiento en la nube, con Internet, puedes acceder a ellos desde cualquier lugar.<br><\/li><li>Las memorias USB nunca ser\u00e1n una opci\u00f3n<br>La interfaz del sitio web de Webshare es muy amigable y puede ser accedida instant\u00e1neamente<br><\/li><li>El servicio de atenci\u00f3n al cliente de Webshare se asegura de mantener el contacto con cada usuario para asegurar que sean asistidos en todo lo que necesiten.<br><\/li><li>El sistema y la plataforma de Webshare est\u00e1 mejorando progresivamente y adapt\u00e1ndose a las demandas de cada usuario<br><\/li><li>Webshare est\u00e1 desarrollando actualmente una aplicaci\u00f3n m\u00f3vil para su conveniencia. <\/li><\/td><\/tr><\/tbody><\/table><\/figure>\n\n\n\n<h2>\u00bfCu\u00e1l es el costo de una Cuenta Premium de Webshare?<\/h2>\n\n\n\n<p>Hay muchas opciones de pago para aprovechar sus cuentas VIP o Webshare Premium. Abajo est\u00e1n las opciones, y se est\u00e1n asegurando de que todo sea para su conveniencia, as\u00ed que seleccione lo que m\u00e1s le convenga.<\/p>\n\n\n\n<p><strong>Pago con tarjeta de cr\u00e9dito<br><\/strong>Simplemente introduzca algunos datos necesarios impresos en su tarjeta, y ya est\u00e1 listo.<\/p>\n\n\n\n<figure class=\"wp-block-table\"><table><tbody><tr><td>Membres\u00eda<\/td><td>Duraci\u00f3n<\/td><td>Archivos privados<\/td><td>Tarifa<\/td><\/tr><tr><td>VIP de plata<\/td><td>1 mes<\/td><td>10 GB de almacenamiento privado<\/td><td>59.00 K\u010d<\/td><\/tr><tr><td>VIP de oro<\/td><td>3 meses<\/td><td>20 GB de almacenamiento privado<\/td><td>169.00 K\u010d<\/td><\/tr><tr><td>Platino VIP<\/td><td>1 a\u00f1o<\/td><td>50 GB de almacenamiento privado<\/td><td>599.00 K\u010d<\/td><\/tr><\/tbody><\/table><\/figure>\n\n\n\n<p>Todos los precios incluyen el IVA (21%)<\/p>\n\n\n\n<p><strong>Pago en l\u00ednea<br><\/strong>La asistencia de remesas en l\u00ednea de GoPay &#8211; seleccione el tipo de pago que se ajuste a sus demandas.<\/p>\n\n\n\n<figure class=\"wp-block-table\"><table><tbody><tr><td>Membres\u00eda<\/td><td>Duraci\u00f3n<\/td><td>Archivos privados<\/td><td>Tarifa<\/td><\/tr><tr><td>VIP de plata<\/td><td>1 mes<\/td><td>10 GB de almacenamiento privado<\/td><td>59.00 K\u010d<\/td><\/tr><tr><td>VIP de oro<\/td><td>3 meses<\/td><td>20 GB de almacenamiento privado<\/td><td>169.00 K\u010d<\/td><\/tr><tr><td>Platino VIP<\/td><td>1 a\u00f1o<\/td><td>50 GB de almacenamiento privado<\/td><td>599.00 K\u010d<\/td><\/tr><\/tbody><\/table><\/figure>\n\n\n\n<p>Todos los precios incluyen el IVA (21%)<\/p>\n\n\n\n<p><strong>Pago por transferencia bancaria<br><\/strong>Simplemente env\u00ede los fondos esperados a la cuenta bancaria de Webshare.<\/p>\n\n\n\n<figure class=\"wp-block-table\"><table><tbody><tr><td>Membres\u00eda<\/td><td>Duraci\u00f3n<\/td><td>Archivos privados<\/td><td>Tarifa<\/td><\/tr><tr><td>VIP de plata<\/td><td>1 mes<\/td><td>10 GB de almacenamiento privado<\/td><td>59.00 K\u010d<\/td><\/tr><tr><td>VIP de oro<\/td><td>3 meses<\/td><td>20 GB de almacenamiento privado<\/td><td>169.00 K\u010d<\/td><\/tr><tr><td>Platino VIP<\/td><td>1 a\u00f1o<\/td><td>50 GB de almacenamiento privado<\/td><td>599.00 K\u010d<\/td><\/tr><\/tbody><\/table><\/figure>\n\n\n\n<p>Todos los precios incluyen el IVA (21%)<\/p>\n\n\n\n<p><strong>Pago de puntos de Webshare<br><\/strong>Webshare le ofrece la oportunidad de transformar sus puntos Webshare en una cuenta Premium.<\/p>\n\n\n<a class=\"maxbutton-2 maxbutton maxbutton-cta\" target=\"_blank\" rel=\"nofollow noopener\" href=\"\/go\/\"><span class='mb-text'>&gt;&gt; Ir a la p\u00e1gina web original de Linkifier<\/span><\/a>\n\n\n<p><\/p>\n\n\n\n<figure class=\"wp-block-table\"><table><tbody><tr><td>Membres\u00eda<\/td><td>Duraci\u00f3n<\/td><td>Archivos privados<\/td><td>Tarifa<\/td><\/tr><tr><td>VIP de plata<\/td><td>1 mes<\/td><td>10 GB de almacenamiento privado<\/td><td>10000 B<\/td><\/tr><tr><td>VIP de oro<\/td><td>3 meses<\/td><td>20 GB de almacenamiento privado<\/td><td>30000 B<\/td><\/tr><tr><td>Platino VIP<\/td><td>1 a\u00f1o<\/td><td>50 GB de almacenamiento privado<\/td><td>120000 B<\/td><\/tr><\/tbody><\/table><\/figure>\n\n\n\n<p>Todos los precios incluyen el IVA (21%)<\/p>\n\n\n\n<p><strong>Pago por SMS<br><\/strong>La tarifa es m\u00e1s alta debido a las condiciones especiales para el proveedor de la remesa.<\/p>\n\n\n\n<figure class=\"wp-block-table\"><table><tbody><tr><td>Membres\u00eda<\/td><td>Duraci\u00f3n<\/td><td>Archivos privados<\/td><td>Tarifa<\/td><\/tr><tr><td>VIP de plata<\/td><td>1 mes<\/td><td>10 GB de almacenamiento privado<\/td><td>99 K\u010d<\/td><\/tr><\/tbody><\/table><\/figure>\n\n\n\n<p>Todos los precios incluyen el IVA (21%)<\/p>\n\n\n\n<h2>\u00bfCu\u00e1les son los beneficios de la Cuenta Premium de Webshare?<\/h2>\n\n\n\n<p>Puede disfrutar de los beneficios de un miembro de la prima por s\u00f3lo 2,39 euros al mes. Con su membres\u00eda premium o VIP, cada usuario puede maximizar su velocidad de descarga ilimitada en Webshare, obtener m\u00e1s espacio de almacenamiento y mucho m\u00e1s.<\/p>\n\n\n\n<p>S\u00f3lo piensa en este escenario: Su computadora de escritorio se ha estrellado, ha perdido su port\u00e1til, o ha corrompido un archivo sin tener una copia de seguridad de sus datos esenciales. Con la tecnolog\u00eda actual, no deber\u00eda estar sucediendo, o no es la forma en que hubiera sido. Tener Webshare en la mano es muy conveniente. Su computadora de escritorio debe haberse estrellado, pero a\u00fan puede acceder a sus archivos en otros dispositivos a trav\u00e9s de Webshare. Puede dormir tranquilo sabiendo que sus datos est\u00e1n seguros y protegidos.<\/p>\n\n\n\n<figure class=\"wp-block-table\"><table><tbody><tr><td>Es asequible, s\u00f3lo 2,39 euros. Te cobra casi nada y puedes seleccionar tu tarifa.<\/td><td>1\/4 de a\u00f1o 6,39 euros durante 3 meses<\/td><td>1 a\u00f1o 22,95 euros al a\u00f1o<\/td><\/tr><tr><td>Descarga R\u00e1pida y R\u00e1pidaExperimenta al m\u00e1ximo desde tu conexi\u00f3n a Internet.<\/td><td>500+ Hasta 500 Mb\/s<\/td><td>M\u00e1s de 20 franjas horarias de descarga<\/td><\/tr><tr><td>10 GB de almacenamiento privado A\u00f1ada su capacidad de almacenamiento privado a 10 Gigabytes.<\/td><td>5 GB+ M\u00e1s espacio privado<\/td><td>Disponibilidad de archivos 24\/7<\/td><\/tr><tr><td>Descarga reestablecida Puede continuar una descarga interrumpida.<\/td><td>El 99% puede ser reestablecido<\/td><td>10\/1010 descargas<\/td><\/tr><tr><td>No habr\u00e1 anuncios No habr\u00e1 anuncios en las secciones de detalles del archivo y en el cuadro de b\u00fasqueda.<\/td><td>4\/44\/4 anuncios no estar\u00e1n all\u00ed<\/td><td>0 Ni siquiera un solo anuncio<\/td><\/tr><\/tbody><\/table><\/figure>\n\n\n\n<h2>Otras preguntas frecuentes en Webshare<\/h2>\n\n\n\n<h3>\u00bfPor qu\u00e9 registrarse en Webshare?<\/h3>\n\n\n\n<p>Es gratis registrarse o crear una cuenta en Webshare. Obtendr\u00e1 5 Gigabytes de almacenamiento gratis. Poder utilizar una herramienta con muchas ventajas, incluyendo el acceso para comentar los archivos de varios usuarios, recolectar puntos, manejar y organizar los datos propios, y m\u00e1s, entonces, \u00bfqu\u00e9 podr\u00eda pedir? \u00bfPor qu\u00e9 no hacer uso de una herramienta que aumente su productividad, verdad? <\/p>\n\n\n\n<h3>\u00bfCu\u00e1les son las ventajas de obtener una cuenta Webshare Premium?<\/h3>\n\n\n\n<p>Como se ha se\u00f1alado anteriormente, al suscribirse a una cuenta premium, los usuarios tienen derecho a un rendimiento superior de la plataforma en lo que se refiere a la velocidad de descarga, aunque de todos modos deben comprobar su propio proveedor de Internet, ya que esto afecta al progreso y puede limitar la ayuda m\u00e1xima que puede ofrecer la Webshare. Tambi\u00e9n habr\u00e1 un gestor de descargas que permite al usuario continuar una descarga cuando la Internet se cae. Para el tipo de membres\u00eda que tenga disponible, esto determinar\u00e1 la cantidad de almacenamiento que obtendr\u00e1. No habr\u00e1 anuncios innecesarios, y todos sus archivos est\u00e1n respaldados. Webshare hace una copia de seguridad de su archivo de respaldo.<\/p>\n\n\n\n<h3>Liquidaci\u00f3n del pago de las cuentas Premium de Webshare<\/h3>\n\n\n\n<p>Para su conveniencia y comodidad, Webshare permite muchas opciones para que usted pague la membres\u00eda Premium, incluyendo tarjeta de cr\u00e9dito o d\u00e9bito, transferencia bancaria, puntos y a trav\u00e9s de mensajes de texto.<\/p>\n\n\n\n<h3>Cuando una cuenta Premium expire, \u00bfqu\u00e9 pasar\u00e1 con los archivos almacenados en la cuenta?<\/h3>\n\n\n\n<p>Mientras seas un miembro premium, todos tus archivos estar\u00e1n protegidos y no ser\u00e1n tocados. Sin embargo, cuando tu membres\u00eda expire y no puedas actualizarla en dos meses, el sistema eliminar\u00e1 los datos que superen los 5 GB de almacenamiento para los usuarios gratuitos.<\/p>\n\n\n\n<h3>Subir en Webshare<\/h3>\n\n\n\n<p>Hay muchas formas de cargar datos en Webshare. Desde arrastrar y soltar archivos en cualquier lugar del sitio o simplemente operar su administrador de archivos haciendo clic en el bot\u00f3n \u00abMis archivos\u00bb, y se le pedir\u00e1 que seleccione el archivo o la carpeta que desea subir. A continuaci\u00f3n, espere a que termine la carga.<\/p>\n\n\n\n<p>Un usuario puede subir tantos archivos como quiera y el tama\u00f1o m\u00e1ximo de los mismos es de 20 GB. Para subir un archivo m\u00e1s grande, puedes dividirlo antes de subirlo.<\/p>\n\n\n\n<h2>Resumen de Webshare<\/h2>\n\n\n\n<p>Webshare tiene mucho que ofrecer y lo ser\u00e1 m\u00e1s a medida que siga avanzando y desarrollando la plataforma. Todas las tarifas premium son muy razonables si vas a comparar los servicios y la innovaci\u00f3n que puedes obtener. Aseg\u00farese de seleccionar la mejor membres\u00eda para usted para maximizar su uso.<\/p>\n\n\n\n<h2>Referencias<\/h2>\n\n\n\n<p><a rel=\"noreferrer noopener\" aria-label=\" (opens in a new tab)\" href=\"https:\/\/www.gearcoupon.com\/the-best-czech-and-foreign-storage-for-easy-file-sharing\/\" target=\"_blank\">https:\/\/www.gearcoupon.com\/the-best-czech-and-foreign-storage-for-easy-file-sharing\/<\/a><br><a rel=\"noreferrer noopener\" aria-label=\" (opens in a new tab)\" href=\"https:\/\/alternative.app\/webshare\" target=\"_blank\">https:\/\/alternative.app\/webshare<\/a><br><a rel=\"noreferrer noopener\" aria-label=\" (opens in a new tab)\" href=\"https:\/\/webshare.cz.cutestat.com\/\" target=\"_blank\">https:\/\/webshare.cz.cutestat.com\/<\/a><br><a rel=\"noreferrer noopener\" aria-label=\" (opens in a new tab)\" href=\"https:\/\/safeweb.norton.com\/reviews?url=webshare.cz\" target=\"_blank\">https:\/\/safeweb.norton.com\/reviews?url=webshare.cz<\/a><br><a rel=\"noreferrer noopener\" aria-label=\"https:\/\/www.thesiterate.com\/stats\/webshare.cz (opens in a new tab)\" href=\"https:\/\/www.thesiterate.com\/stats\/webshare.cz\" target=\"_blank\">https:\/\/www.thesiterate.com\/stats\/webshare.cz<\/a><\/p>\n\n\n<a class=\"maxbutton-2 maxbutton maxbutton-cta\" target=\"_blank\" rel=\"nofollow noopener\" href=\"\/go\/\"><span class='mb-text'>&gt;&gt; Ir a la p\u00e1gina web original de Linkifier<\/span><\/a>\n\n\n<p><\/p>\n","protected":false},"excerpt":{"rendered":"<p>\u00bfQu\u00e9 es Webshare? Webshare es una plataforma de almacenamiento en l\u00ednea en la nube que se puede utilizar para guardar<\/p>\n","protected":false},"author":2,"featured_media":0,"parent":0,"menu_order":0,"comment_status":"closed","ping_status":"closed","template":"","meta":[],"yoast_head":"<!-- This site is optimized with the Yoast SEO plugin v18.3 - https:\/\/yoast.com\/wordpress\/plugins\/seo\/ -->\n<title>WebShare Premium Cuenta: El Filehoster De Un Vistazo<\/title>\n<meta name=\"description\" content=\"Si WebShare es un proveedor de confianza o no, puedes encontrar la respuesta en el test actual en Multihoster.org \u279c Haz clic ahora \u271a para leer nuestras experiencias!\" \/>\n<meta name=\"robots\" content=\"index, follow, max-snippet:-1, max-image-preview:large, max-video-preview:-1\" \/>\n<link rel=\"canonical\" href=\"https:\/\/multihoster.org\/es\/webshare\/\" \/>\n<meta property=\"og:locale\" content=\"es_ES\" \/>\n<meta property=\"og:type\" content=\"article\" \/>\n<meta property=\"og:title\" content=\"WebShare Premium Cuenta: El Filehoster De Un Vistazo\" \/>\n<meta property=\"og:description\" content=\"Si WebShare es un proveedor de confianza o no, puedes encontrar la respuesta en el test actual en Multihoster.org \u279c Haz clic ahora \u271a para leer nuestras experiencias!\" \/>\n<meta property=\"og:url\" content=\"https:\/\/multihoster.org\/es\/webshare\/\" \/>\n<meta property=\"og:site_name\" content=\"Multihoster.org\" \/>\n<meta property=\"article:modified_time\" content=\"2020-05-29T13:54:09+00:00\" \/>\n<meta property=\"og:image\" content=\"https:\/\/multihoster.org\/wp-content\/uploads\/2020\/04\/webshare.png\" \/>\n<meta name=\"twitter:card\" content=\"summary\" \/>\n<meta name=\"twitter:label1\" content=\"Tiempo de lectura\" \/>\n\t<meta name=\"twitter:data1\" content=\"9 minutos\" \/>\n<script type=\"application\/ld+json\" class=\"yoast-schema-graph\">{\"@context\":\"https:\/\/schema.org\",\"@graph\":[{\"@type\":\"WebSite\",\"@id\":\"https:\/\/multihoster.org\/#website\",\"url\":\"https:\/\/multihoster.org\/\",\"name\":\"Multihoster.org\",\"description\":\"Reviews of the major Filehosting services\",\"potentialAction\":[{\"@type\":\"SearchAction\",\"target\":{\"@type\":\"EntryPoint\",\"urlTemplate\":\"https:\/\/multihoster.org\/?s={search_term_string}\"},\"query-input\":\"required name=search_term_string\"}],\"inLanguage\":\"es\"},{\"@type\":\"ImageObject\",\"@id\":\"https:\/\/multihoster.org\/es\/webshare\/#primaryimage\",\"inLanguage\":\"es\",\"url\":\"https:\/\/multihoster.org\/wp-content\/uploads\/2020\/04\/webshare.png\",\"contentUrl\":\"https:\/\/multihoster.org\/wp-content\/uploads\/2020\/04\/webshare.png\",\"width\":337,\"height\":100},{\"@type\":\"WebPage\",\"@id\":\"https:\/\/multihoster.org\/es\/webshare\/#webpage\",\"url\":\"https:\/\/multihoster.org\/es\/webshare\/\",\"name\":\"WebShare Premium Cuenta: El Filehoster De Un Vistazo\",\"isPartOf\":{\"@id\":\"https:\/\/multihoster.org\/#website\"},\"primaryImageOfPage\":{\"@id\":\"https:\/\/multihoster.org\/es\/webshare\/#primaryimage\"},\"datePublished\":\"2020-04-07T14:44:54+00:00\",\"dateModified\":\"2020-05-29T13:54:09+00:00\",\"description\":\"Si WebShare es un proveedor de confianza o no, puedes encontrar la respuesta en el test actual en Multihoster.org \u279c Haz clic ahora \u271a para leer nuestras experiencias!\",\"breadcrumb\":{\"@id\":\"https:\/\/multihoster.org\/es\/webshare\/#breadcrumb\"},\"inLanguage\":\"es\",\"potentialAction\":[{\"@type\":\"ReadAction\",\"target\":[\"https:\/\/multihoster.org\/es\/webshare\/\"]}]},{\"@type\":\"BreadcrumbList\",\"@id\":\"https:\/\/multihoster.org\/es\/webshare\/#breadcrumb\",\"itemListElement\":[{\"@type\":\"ListItem\",\"position\":1,\"name\":\"Startseite\",\"item\":\"https:\/\/multihoster.org\/es\/\"},{\"@type\":\"ListItem\",\"position\":2,\"name\":\"WebShare Premium Cuenta: El Filehoster De Un Vistazo\"}]}]}<\/script>\n<!-- \/ Yoast SEO plugin. -->","yoast_head_json":{"title":"WebShare Premium Cuenta: El Filehoster De Un Vistazo","description":"Si WebShare es un proveedor de confianza o no, puedes encontrar la respuesta en el test actual en Multihoster.org \u279c Haz clic ahora \u271a para leer nuestras experiencias!","robots":{"index":"index","follow":"follow","max-snippet":"max-snippet:-1","max-image-preview":"max-image-preview:large","max-video-preview":"max-video-preview:-1"},"canonical":"https:\/\/multihoster.org\/es\/webshare\/","og_locale":"es_ES","og_type":"article","og_title":"WebShare Premium Cuenta: El Filehoster De Un Vistazo","og_description":"Si WebShare es un proveedor de confianza o no, puedes encontrar la respuesta en el test actual en Multihoster.org \u279c Haz clic ahora \u271a para leer nuestras experiencias!","og_url":"https:\/\/multihoster.org\/es\/webshare\/","og_site_name":"Multihoster.org","article_modified_time":"2020-05-29T13:54:09+00:00","og_image":[{"url":"https:\/\/multihoster.org\/wp-content\/uploads\/2020\/04\/webshare.png"}],"twitter_card":"summary","twitter_misc":{"Tiempo de lectura":"9 minutos"},"schema":{"@context":"https:\/\/schema.org","@graph":[{"@type":"WebSite","@id":"https:\/\/multihoster.org\/#website","url":"https:\/\/multihoster.org\/","name":"Multihoster.org","description":"Reviews of the major Filehosting services","potentialAction":[{"@type":"SearchAction","target":{"@type":"EntryPoint","urlTemplate":"https:\/\/multihoster.org\/?s={search_term_string}"},"query-input":"required name=search_term_string"}],"inLanguage":"es"},{"@type":"ImageObject","@id":"https:\/\/multihoster.org\/es\/webshare\/#primaryimage","inLanguage":"es","url":"https:\/\/multihoster.org\/wp-content\/uploads\/2020\/04\/webshare.png","contentUrl":"https:\/\/multihoster.org\/wp-content\/uploads\/2020\/04\/webshare.png","width":337,"height":100},{"@type":"WebPage","@id":"https:\/\/multihoster.org\/es\/webshare\/#webpage","url":"https:\/\/multihoster.org\/es\/webshare\/","name":"WebShare Premium Cuenta: El Filehoster De Un Vistazo","isPartOf":{"@id":"https:\/\/multihoster.org\/#website"},"primaryImageOfPage":{"@id":"https:\/\/multihoster.org\/es\/webshare\/#primaryimage"},"datePublished":"2020-04-07T14:44:54+00:00","dateModified":"2020-05-29T13:54:09+00:00","description":"Si WebShare es un proveedor de confianza o no, puedes encontrar la respuesta en el test actual en Multihoster.org \u279c Haz clic ahora \u271a para leer nuestras experiencias!","breadcrumb":{"@id":"https:\/\/multihoster.org\/es\/webshare\/#breadcrumb"},"inLanguage":"es","potentialAction":[{"@type":"ReadAction","target":["https:\/\/multihoster.org\/es\/webshare\/"]}]},{"@type":"BreadcrumbList","@id":"https:\/\/multihoster.org\/es\/webshare\/#breadcrumb","itemListElement":[{"@type":"ListItem","position":1,"name":"Startseite","item":"https:\/\/multihoster.org\/es\/"},{"@type":"ListItem","position":2,"name":"WebShare Premium Cuenta: El Filehoster De Un Vistazo"}]}]}},"_links":{"self":[{"href":"https:\/\/multihoster.org\/es\/wp-json\/wp\/v2\/pages\/3142"}],"collection":[{"href":"https:\/\/multihoster.org\/es\/wp-json\/wp\/v2\/pages"}],"about":[{"href":"https:\/\/multihoster.org\/es\/wp-json\/wp\/v2\/types\/page"}],"author":[{"embeddable":true,"href":"https:\/\/multihoster.org\/es\/wp-json\/wp\/v2\/users\/2"}],"replies":[{"embeddable":true,"href":"https:\/\/multihoster.org\/es\/wp-json\/wp\/v2\/comments?post=3142"}],"version-history":[{"count":5,"href":"https:\/\/multihoster.org\/es\/wp-json\/wp\/v2\/pages\/3142\/revisions"}],"predecessor-version":[{"id":4551,"href":"https:\/\/multihoster.org\/es\/wp-json\/wp\/v2\/pages\/3142\/revisions\/4551"}],"wp:attachment":[{"href":"https:\/\/multihoster.org\/es\/wp-json\/wp\/v2\/media?parent=3142"}],"curies":[{"name":"wp","href":"https:\/\/api.w.org\/{rel}","templated":true}]}}