{"id":3175,"date":"2020-04-07T11:19:22","date_gmt":"2020-04-07T11:19:22","guid":{"rendered":"https:\/\/multihoster.org\/?page_id=3175"},"modified":"2020-05-29T14:53:38","modified_gmt":"2020-05-29T14:53:38","slug":"zippyshare","status":"publish","type":"page","link":"https:\/\/multihoster.org\/es\/zippyshare\/","title":{"rendered":"Zippyshare Premium Cuenta: El Filehoster De Un Vistazo"},"content":{"rendered":"\n<p>Zippyshare Premium es un <a rel=\"noreferrer noopener\" aria-label=\"servicio de alojamiento de archivos (FHS) (opens in a new tab)\" href=\"https:\/\/cloud.google.com\/storage\" target=\"_blank\">servicio de alojamiento de archivos (FHS)<\/a> que permite a los usuarios de todo el mundo adquirir almacenamiento en la nube sin necesidad de registrarse y es completamente gratuito. Zippyshare Premium no tiene l\u00edmites de descarga y ofrece un gran almacenamiento en la nube. Lea m\u00e1s acerca de Zippyshare Premium leyendo los siguientes temas.<\/p>\n\n\n<a class=\"maxbutton-2 maxbutton maxbutton-cta\" target=\"_blank\" rel=\"nofollow noopener\" href=\"\/go\/\"><span class='mb-text'>&gt;&gt; Ir a la p\u00e1gina web original Linkifier<\/span><\/a>\n\n\n<p><\/p>\n\n\n\n<h2>Antecedentes de Zippyshare Premium<\/h2>\n\n\n\n<p>Zippyshare Premium fue lanzado en 2006 por Tucows, Inc. con sede en Francia. En aquel entonces, el almacenamiento s\u00f3lo estaba limitado de cincuenta megabytes (50 MB) a ochenta megabytes (80 MB). Con el tiempo, esto aument\u00f3 a cien megabytes (100 MB) y, a su debido tiempo, evolucion\u00f3 con la tecnolog\u00eda actual para ofrecer cantidades infinitas de almacenamiento en la nube o en l\u00ednea.<\/p>\n\n\n\n<figure class=\"wp-block-image\"><img src=\"https:\/\/lh5.googleusercontent.com\/jGG6ExEvxfLXvl7PU9quzMr96-jrFDO7CNN3Co5zBomf-zazQ8B5hToKCi1QhjvNOxFuVTntQ1C1aM8un7SfqlJ_yXHTC25smlgCgvmKFB9T0FRf5qUKFO3VxycFTqW2nqg1Rck\" alt=\"Zippyshare Website Layout\"\/><\/figure>\n\n\n\n<p>La \u00faltima actualizaci\u00f3n de la interfaz de Zippyshare Premium<\/p>\n\n\n\n<p>El Zippyshare Premium ha demostrado ser seguro y confiable ya que actualmente tiene una (1) d\u00e9cada, tres (3) a\u00f1os y cinco (5) meses. Estos son los detalles que prueban la legitimidad de la plataforma Zippyshare Premium. La cuenta de Zippyshare Premium ya es confiable por m\u00e1s de una d\u00e9cada y mejora continuamente para proveer el m\u00e1s eficiente e innovador servicio de hospedaje de archivos en la nube. Para aprender m\u00e1s acerca de la plataforma Zippyshare Premium lea los siguientes temas que le explicar\u00e1n m\u00e1s detalles espec\u00edficos acerca de la plataforma.<\/p>\n\n\n\n<h2>Ventajas de usar Zippyshare Premium<\/h2>\n\n\n\n<p>En comparaci\u00f3n con otros servicios de alojamiento de archivos (FHS) y almacenamiento en nube, la plataforma Zippyshare Premium tiene numerosas ventajas gracias a los innovadores y flexibles expertos de Tucows, Inc. Utilizando las \u00faltimas tendencias en ingenier\u00eda y programaci\u00f3n de software, la plataforma Zippyshare Premium est\u00e1 repleta de beneficios para proporcionar la mejor experiencia al usuario en el servicio de alojamiento de archivos (FHS) y almacenamiento web en l\u00ednea o almacenamiento en nube. En la siguiente tabla se muestran las ventajas de la cuenta Zippyshare Premium a su otro competidor proveedor de servicio de hospedaje de archivos y proveedor de almacenamiento en nube.<\/p>\n\n\n\n<p>Tabla 1. Caracter\u00edsticas de su alojamiento de archivos habitual y Zippyshare Premium<\/p>\n\n\n\n<figure class=\"wp-block-table\"><table><tbody><tr><td>Art\u00edculo de fondo<\/td><td>Proveedor de Servicios de Alojamiento de Archivos Usuales (FHS)<\/td><td>Zippyshare Premium<\/td><\/tr><tr><td>Cuota de mantenimiento<\/td><td>Requiere que pagues al menos 20 d\u00f3lares.<\/td><td>Libre y sin cargos ocultos<\/td><\/tr><tr><td>Accesibilidad<\/td><td>Tiene un dise\u00f1o muy t\u00e9cnico del sitio web<\/td><td>Tiene un dise\u00f1o de p\u00e1gina web muy innovador y ergon\u00f3mico<\/td><\/tr><tr><td>L\u00edmite de descarga<\/td><td>M\u00e1ximo de 1 GB por d\u00eda<\/td><td>No hay l\u00edmite de descarga<\/td><\/tr><tr><td>Tama\u00f1o m\u00e1ximo del archivo subido<\/td><td>Carga de un tama\u00f1o m\u00e1ximo de archivo muy peque\u00f1o<\/td><td>El tama\u00f1o m\u00e1ximo del archivo es de 500 MB<\/td><\/tr><tr><td>Asignaci\u00f3n m\u00e1xima de almacenamiento<\/td><td>M\u00e1ximo de 1 GB por mes<\/td><td>Asignaci\u00f3n de almacenamiento ilimitado por mes<\/td><\/tr><tr><td>Ancho de banda m\u00e1ximo<\/td><td>M\u00e1ximo de 1 GB por mes<\/td><td>Se permite un ancho de banda ilimitado<\/td><\/tr><tr><td>Protecci\u00f3n contra el robo de datos y el phishing de datos<\/td><td>Vulnerable al robo de datos y al phishing de datos (a trav\u00e9s de Adware, Spyware, Malware, Trojan Horse y gusanos)<\/td><td>Tiene <a rel=\"noreferrer noopener\" aria-label=\"protecci\u00f3n (opens in a new tab)\" href=\"https:\/\/computersciencewiki.org\/index.php\/Client-side_scripting_and_server-side_scripting\" target=\"_blank\">protecci\u00f3n<\/a> contra Adware, Spyware, Malware, Trojan Horse y gusanos<\/td><\/tr><tr><td>Colas y captchas requeridas<\/td><td>Requerido para llenar largas colas y captchas<\/td><td>No ten\u00eda largas colas y captchas<\/td><\/tr><tr><td>Expiraci\u00f3n del archivo almacenado<\/td><td>M\u00e1ximo de 15 d\u00edas cuando no se actualiza<\/td><td>M\u00e1ximo de 1 mes despu\u00e9s de la \u00faltima actividad<\/td><\/tr><tr><td>Requisito de registro<\/td><td>Se requiere el registro, la verificaci\u00f3n y el inicio de sesi\u00f3n de la cuenta<\/td><td>No es necesario registrarse.<\/td><\/tr><\/tbody><\/table><\/figure>\n\n\n\n<p>Como usted present\u00f3 anteriormente, podemos ver claramente que la plataforma Zippyshare Premium se destaca de su competidor habitual proveedor de servicios de hospedaje de archivos, ya que es gratuita y sin cargos ocultos; tiene un dise\u00f1o de sitio web muy innovador y ergon\u00f3mico; no tiene l\u00edmite de descarga; puede subir un tama\u00f1o m\u00e1ximo de archivo de quinientos (500 MB); con asignaci\u00f3n de almacenamiento ilimitado por mes; se permite un ancho de banda ilimitado; tiene protecci\u00f3n contra Adware, Spyware, Malware, Caballo de Troya y gusanos; no tiene largas colas y captchas; puede mantener sus archivos hasta un (1) mes despu\u00e9s de su \u00faltima actividad; y finalmente, la cuenta de Zippyshare Premium no requiere ning\u00fan requisito de registro o ingreso para que sus usuarios accedan a los servicios de Zippyshare Premium porque, en la cuenta de Zippyshare Premium, nos preocupamos mientras comprimimos sus archivos m\u00e1s importantes para que los atesoren y los compartan.<\/p>\n\n\n\n<p>Para aprender y empezar a disfrutar de dichas ventajas a trav\u00e9s de la funci\u00f3n y las caracter\u00edsticas de la plataforma Zippyshare Premium, lea el siguiente tema y empiece a asegurar sus archivos m\u00e1s importantes o comparta sus recuerdos m\u00e1s felices seg\u00fan su voluntad.<\/p>\n\n\n\n<h2>Usando el Zippyshare Premium<\/h2>\n\n\n\n<p>Usar la plataforma Zippyshare Premium es muy f\u00e1cil. Ya sea que su computadora personal tenga instalado Windows, macOS, Linux o Unix o que su dispositivo sea un Android o iOS puede acceder f\u00e1cilmente a su p\u00e1gina web a trav\u00e9s de su p\u00e1gina web din\u00e1mica. Siga el tutorial que aparece a continuaci\u00f3n y comience a usar Zippyshare Premium.<\/p>\n\n\n<a class=\"maxbutton-2 maxbutton maxbutton-cta\" target=\"_blank\" rel=\"nofollow noopener\" href=\"\/go\/\"><span class='mb-text'>&gt;&gt; Ir a la p\u00e1gina web original Linkifier<\/span><\/a>\n\n\n<p><\/p>\n\n\n\n<figure class=\"wp-block-image\"><img src=\"https:\/\/lh4.googleusercontent.com\/EFl5s6kpJizQDTuwrRpBT6PMrDMgmMYyY2iX2Ak0KMnrA6_oTqZA3_MRaqnwT5L3_1KarpiQicNkY5T2CYCqGeFmKfKcWxsnkdFo7VUEoofIrsHrbsraZOASi8TXaDm6fznAp0M\" alt=\"Zippshare Premium Across Different Devices\"\/><\/figure>\n\n\n\n<p>La cuenta de Zippyshare Premium tiene un sitio web din\u00e1mico que funciona en diferentes dispositivos<\/p>\n\n\n\n<p>1. S\u00f3lo tienes que seleccionar el archivo que quieres subir y guardarlo en la plataforma Zippyshare Premium haciendo clic en el bot\u00f3n \u00abExaminar\u00bb. Despu\u00e9s de hacer clic en el bot\u00f3n \u00abBrowse\u00bb, aparecer\u00e1 un administrador de archivos emergente para localizar tu archivo. Cargar archivos en la plataforma Zippyshare Premium no ser\u00e1 obstaculizado sin importar el tipo de archivo. Cualquier tipo de (<a rel=\"noreferrer noopener\" aria-label=\"archivo (opens in a new tab)\" href=\"https:\/\/en.wikipedia.org\/wiki\/List_of_file_formats\" target=\"_blank\">archivo<\/a>) ya sea una foto, audio, video, documento, presentaci\u00f3n y todos los dem\u00e1s archivos pueden ser subidos en la plataforma Zippyshare Premium. Puedes subir un m\u00e1ximo de quinientos megabytes (500 MB) por archivo en la plataforma Zippyshare Premium.<\/p>\n\n\n\n<p>2. Una vez que haya seleccionado su archivo, puede subirlo instant\u00e1neamente haciendo clic en el bot\u00f3n \u00abStart Upload\u00bb. Ver\u00e1s el progreso de la carga en porcentaje en el estado de carga de la cuenta Zippyshare Premium. Tenga cuidado y no salga de su navegador ni se desconecte de su conexi\u00f3n a Internet para evitar la corrupci\u00f3n de datos, la p\u00e9rdida de datos o la cancelaci\u00f3n de la carga de su archivo.<\/p>\n\n\n\n<p>3. Por \u00faltimo, cuando se complete la carga, puede establecer la privacidad de su archivo en p\u00fablico, privado o mostrarlo a personas seleccionadas. B\u00e1sicamente, al establecer la privacidad de su archivo en p\u00fablico, su archivo puede ser visto por otros usuarios en la plataforma Zippyshare Premium y podr\u00e1 ser buscado por otros usuarios. Esta caracter\u00edstica maximiza la posibilidad de compartir su archivo o archivos. Cuando usted establece la privacidad de su archivo a privado, solo usted usando su cuenta puede acceder a su archivo en la plataforma Zippyshare Premium. Despu\u00e9s, si seleccion\u00f3 la privacidad de su archivo para mostrarlo a personas seleccionadas, se le pedir\u00e1 que ingrese el nombre o las direcciones de correo electr\u00f3nico de las personas que desea compartir su archivo.<\/p>\n\n\n\n<p>Toma nota de que cada archivo tendr\u00e1 un enlace \u00fanico al sitio web de Zippyshare Premium para descargar tu archivo. Los archivos que se establezcan como privados o que se muestren s\u00f3lo a personas seleccionadas no pueden ser accedidos por otros usuarios an\u00f3nimos a menos que usted permita su acceso. Zippyshare Premium se preocupa por la posibilidad de compartir sus archivos as\u00ed como por su privacidad para protegerlo contra todo el Adware, Spyware, Malware, Caballo de Troya y gusanos no deseados que pueden hacer el robo de datos y el phishing de datos a trav\u00e9s de su cuenta.<\/p>\n\n\n\n<p>Adem\u00e1s, la plataforma Zippyshare Premium puede funcionar definitivamente en cualquier navegador disponible, ya sea el Microsoft Internet Explorer, Microsoft Edge, Mozilla Firefox, Safari, Opera Tor y todos los dem\u00e1s navegadores de Internet importantes en todos los dispositivos. Los expertos de Tucows, Inc. se aseguraron de que la accesibilidad del sitio web de Zippyshare Premium estar\u00e1 activa y din\u00e1micamente disponible en cualquier dispositivo alrededor del mundo usando una <a rel=\"noreferrer noopener\" aria-label=\"programaci\u00f3n  (opens in a new tab)\" href=\"https:\/\/www.khanacademy.org\/computing\/computer-programming\/programming\/intro-to-programming\/v\/programming-intro\" target=\"_blank\">programaci\u00f3n <\/a>inform\u00e1tica avanzada y sofisticados algoritmos.<\/p>\n\n\n\n<h2>Sobre el tema del fraude de Zippyshare Premium<\/h2>\n\n\n\n<p>La plataforma Zippyshare Premium, respaldada por Tucows, Inc. es un sitio web completamente leg\u00edtimo y verificado. Datos num\u00e9ricos han sido publicados arriba para probar que la plataforma Zippyshare Premium no es un producto de fraude sino que es un proveedor de servicios de alojamiento de archivos y almacenamiento en nube completamente real. La cuenta de Zippyshare Premium cuida de todos sus archivos ya que comprimimos sus archivos m\u00e1s importantes para que los atesore y los comparta.<\/p>\n\n\n\n<h2>Reflexiones finales sobre Zippyshare Premium<\/h2>\n\n\n\n<p>La plataforma Zippyshare Premium ha sido probada durante m\u00e1s de una d\u00e9cada para mantener sus archivos a salvo y seguros de cualquier rastreador o hacker no deseado. Zippyshare Premium se preocupa por comprimir sus archivos m\u00e1s importantes para que los pueda atesorar y compartir. Empieza a usar la cuenta de Zippyshare Premium y experimenta los \u00faltimos avances en el servicio de hospedaje de archivos (FHS) y almacenamiento en la nube usando la plataforma Zippyshare Premium.<\/p>\n\n\n\n<h2>Preguntas frecuentes sobre la cuenta Zippyshare Premium<\/h2>\n\n\n\n<h3>1. \u00bfLa plataforma Zippyshare Premium es leg\u00edtima y no es una estafa?<\/h3>\n\n\n\n<p>La plataforma Zippyshare Premium fue desarrollada por Tucows, Inc. con sede en Francia. ha demostrado ser segura y confiable durante una (1) d\u00e9cada, tres (3) a\u00f1os y cinco (5) meses desde su lanzamiento en 2006.<\/p>\n\n\n\n<h3>2. \u00bfC\u00f3mo gana el Zippyshare Premium cuando presta sus servicios de forma gratuita?<\/h3>\n\n\n\n<p>La plataforma de alojamiento de archivos (FHS) gana a trav\u00e9s de sus anuncios incrustados en el sitio web de Zippyshare Premium. Se estima que gana hasta treinta y cinco mil novecientos cincuenta y tres d\u00f3lares ($ 35,953.00) por d\u00eda y tiene un valor de alrededor de treinta y ocho millones ochocientos veintinueve mil doscientos cuarenta d\u00f3lares ($ 38,829,240.00).<\/p>\n\n\n\n<h3>3. \u00bfCu\u00e1ndo expirar\u00e1 el dominio de Zippyshare Premium?<\/h3>\n\n\n\n<p>El estado del dominio de Zippyshare Premium expirar\u00e1 el 6 de septiembre de 2021, es decir, dentro de casi dos (2) a\u00f1os.  Sigue y siempre est\u00e1 marcado como SAFE por cutestat.org por la completa ausencia de cualquier problema de riesgo que lo hizo lo suficientemente famoso como para ser visitado por cuatro millones cuatrocientos cuarenta y nueve mil (4.494.077) personas diferentes de todo el mundo diariamente con su sitio web visto treinta y cinco millones novecientos cincuenta y dos mil seiscientos seis (35.952.616) vistas de p\u00e1gina diarias. Actualmente es el n\u00famero trescientos noventa y ocho (398) en el Rango de Alexa. La plataforma tambi\u00e9n est\u00e1 indexada por Google por un mill\u00f3n seiscientos treinta mil con enlaces de retroceso de Google hasta diecinueve millones ochocientos mil (19.800.000). Los desarrolladores, Tucows, Inc. se aseguraron de que sus usuarios puedan garantizar la seguridad de sus archivos en la plataforma, ya que la cuenta Zippyshare Premium comprime sus archivos m\u00e1s importantes para que los atesoren y los compartan.<\/p>\n\n\n<a class=\"maxbutton-2 maxbutton maxbutton-cta\" target=\"_blank\" rel=\"nofollow noopener\" href=\"\/go\/\"><span class='mb-text'>&gt;&gt; Ir a la p\u00e1gina web original Linkifier<\/span><\/a>\n\n\n<p><\/p>\n","protected":false},"excerpt":{"rendered":"<p>Zippyshare Premium es un servicio de alojamiento de archivos (FHS) que permite a los usuarios de todo el mundo adquirir<\/p>\n","protected":false},"author":2,"featured_media":0,"parent":0,"menu_order":0,"comment_status":"closed","ping_status":"closed","template":"","meta":[],"yoast_head":"<!-- This site is optimized with the Yoast SEO plugin v18.3 - https:\/\/yoast.com\/wordpress\/plugins\/seo\/ -->\n<title>Zippyshare Premium Cuenta: El Filehoster De Un Vistazo<\/title>\n<meta name=\"description\" content=\"Si Zippyshare es un proveedor de buena reputaci\u00f3n o no, puedes encontrar la respuesta en el test actual en Multihoster.org \u279c Haz clic ahora \u271a para leer nuestras experiencias!\" \/>\n<meta name=\"robots\" content=\"index, follow, max-snippet:-1, max-image-preview:large, max-video-preview:-1\" \/>\n<link rel=\"canonical\" href=\"https:\/\/multihoster.org\/es\/zippyshare\/\" \/>\n<meta property=\"og:locale\" content=\"es_ES\" \/>\n<meta property=\"og:type\" content=\"article\" \/>\n<meta property=\"og:title\" content=\"Zippyshare Premium Cuenta: El Filehoster De Un Vistazo\" \/>\n<meta property=\"og:description\" content=\"Si Zippyshare es un proveedor de buena reputaci\u00f3n o no, puedes encontrar la respuesta en el test actual en Multihoster.org \u279c Haz clic ahora \u271a para leer nuestras experiencias!\" \/>\n<meta property=\"og:url\" content=\"https:\/\/multihoster.org\/es\/zippyshare\/\" \/>\n<meta property=\"og:site_name\" content=\"Multihoster.org\" \/>\n<meta property=\"article:modified_time\" content=\"2020-05-29T14:53:38+00:00\" \/>\n<meta property=\"og:image\" content=\"https:\/\/lh5.googleusercontent.com\/jGG6ExEvxfLXvl7PU9quzMr96-jrFDO7CNN3Co5zBomf-zazQ8B5hToKCi1QhjvNOxFuVTntQ1C1aM8un7SfqlJ_yXHTC25smlgCgvmKFB9T0FRf5qUKFO3VxycFTqW2nqg1Rck\" \/>\n<meta name=\"twitter:card\" content=\"summary\" \/>\n<meta name=\"twitter:label1\" content=\"Tiempo de lectura\" \/>\n\t<meta name=\"twitter:data1\" content=\"9 minutos\" \/>\n<script type=\"application\/ld+json\" class=\"yoast-schema-graph\">{\"@context\":\"https:\/\/schema.org\",\"@graph\":[{\"@type\":\"WebSite\",\"@id\":\"https:\/\/multihoster.org\/#website\",\"url\":\"https:\/\/multihoster.org\/\",\"name\":\"Multihoster.org\",\"description\":\"Reviews of the major Filehosting services\",\"potentialAction\":[{\"@type\":\"SearchAction\",\"target\":{\"@type\":\"EntryPoint\",\"urlTemplate\":\"https:\/\/multihoster.org\/?s={search_term_string}\"},\"query-input\":\"required name=search_term_string\"}],\"inLanguage\":\"es\"},{\"@type\":\"ImageObject\",\"@id\":\"https:\/\/multihoster.org\/es\/zippyshare\/#primaryimage\",\"inLanguage\":\"es\",\"url\":\"https:\/\/lh5.googleusercontent.com\/jGG6ExEvxfLXvl7PU9quzMr96-jrFDO7CNN3Co5zBomf-zazQ8B5hToKCi1QhjvNOxFuVTntQ1C1aM8un7SfqlJ_yXHTC25smlgCgvmKFB9T0FRf5qUKFO3VxycFTqW2nqg1Rck\",\"contentUrl\":\"https:\/\/lh5.googleusercontent.com\/jGG6ExEvxfLXvl7PU9quzMr96-jrFDO7CNN3Co5zBomf-zazQ8B5hToKCi1QhjvNOxFuVTntQ1C1aM8un7SfqlJ_yXHTC25smlgCgvmKFB9T0FRf5qUKFO3VxycFTqW2nqg1Rck\"},{\"@type\":\"WebPage\",\"@id\":\"https:\/\/multihoster.org\/es\/zippyshare\/#webpage\",\"url\":\"https:\/\/multihoster.org\/es\/zippyshare\/\",\"name\":\"Zippyshare Premium Cuenta: El Filehoster De Un Vistazo\",\"isPartOf\":{\"@id\":\"https:\/\/multihoster.org\/#website\"},\"primaryImageOfPage\":{\"@id\":\"https:\/\/multihoster.org\/es\/zippyshare\/#primaryimage\"},\"datePublished\":\"2020-04-07T11:19:22+00:00\",\"dateModified\":\"2020-05-29T14:53:38+00:00\",\"description\":\"Si Zippyshare es un proveedor de buena reputaci\u00f3n o no, puedes encontrar la respuesta en el test actual en Multihoster.org \u279c Haz clic ahora \u271a para leer nuestras experiencias!\",\"breadcrumb\":{\"@id\":\"https:\/\/multihoster.org\/es\/zippyshare\/#breadcrumb\"},\"inLanguage\":\"es\",\"potentialAction\":[{\"@type\":\"ReadAction\",\"target\":[\"https:\/\/multihoster.org\/es\/zippyshare\/\"]}]},{\"@type\":\"BreadcrumbList\",\"@id\":\"https:\/\/multihoster.org\/es\/zippyshare\/#breadcrumb\",\"itemListElement\":[{\"@type\":\"ListItem\",\"position\":1,\"name\":\"Startseite\",\"item\":\"https:\/\/multihoster.org\/es\/\"},{\"@type\":\"ListItem\",\"position\":2,\"name\":\"Zippyshare Premium Cuenta: El Filehoster De Un Vistazo\"}]}]}<\/script>\n<!-- \/ Yoast SEO plugin. -->","yoast_head_json":{"title":"Zippyshare Premium Cuenta: El Filehoster De Un Vistazo","description":"Si Zippyshare es un proveedor de buena reputaci\u00f3n o no, puedes encontrar la respuesta en el test actual en Multihoster.org \u279c Haz clic ahora \u271a para leer nuestras experiencias!","robots":{"index":"index","follow":"follow","max-snippet":"max-snippet:-1","max-image-preview":"max-image-preview:large","max-video-preview":"max-video-preview:-1"},"canonical":"https:\/\/multihoster.org\/es\/zippyshare\/","og_locale":"es_ES","og_type":"article","og_title":"Zippyshare Premium Cuenta: El Filehoster De Un Vistazo","og_description":"Si Zippyshare es un proveedor de buena reputaci\u00f3n o no, puedes encontrar la respuesta en el test actual en Multihoster.org \u279c Haz clic ahora \u271a para leer nuestras experiencias!","og_url":"https:\/\/multihoster.org\/es\/zippyshare\/","og_site_name":"Multihoster.org","article_modified_time":"2020-05-29T14:53:38+00:00","og_image":[{"url":"https:\/\/lh5.googleusercontent.com\/jGG6ExEvxfLXvl7PU9quzMr96-jrFDO7CNN3Co5zBomf-zazQ8B5hToKCi1QhjvNOxFuVTntQ1C1aM8un7SfqlJ_yXHTC25smlgCgvmKFB9T0FRf5qUKFO3VxycFTqW2nqg1Rck"}],"twitter_card":"summary","twitter_misc":{"Tiempo de lectura":"9 minutos"},"schema":{"@context":"https:\/\/schema.org","@graph":[{"@type":"WebSite","@id":"https:\/\/multihoster.org\/#website","url":"https:\/\/multihoster.org\/","name":"Multihoster.org","description":"Reviews of the major Filehosting services","potentialAction":[{"@type":"SearchAction","target":{"@type":"EntryPoint","urlTemplate":"https:\/\/multihoster.org\/?s={search_term_string}"},"query-input":"required name=search_term_string"}],"inLanguage":"es"},{"@type":"ImageObject","@id":"https:\/\/multihoster.org\/es\/zippyshare\/#primaryimage","inLanguage":"es","url":"https:\/\/lh5.googleusercontent.com\/jGG6ExEvxfLXvl7PU9quzMr96-jrFDO7CNN3Co5zBomf-zazQ8B5hToKCi1QhjvNOxFuVTntQ1C1aM8un7SfqlJ_yXHTC25smlgCgvmKFB9T0FRf5qUKFO3VxycFTqW2nqg1Rck","contentUrl":"https:\/\/lh5.googleusercontent.com\/jGG6ExEvxfLXvl7PU9quzMr96-jrFDO7CNN3Co5zBomf-zazQ8B5hToKCi1QhjvNOxFuVTntQ1C1aM8un7SfqlJ_yXHTC25smlgCgvmKFB9T0FRf5qUKFO3VxycFTqW2nqg1Rck"},{"@type":"WebPage","@id":"https:\/\/multihoster.org\/es\/zippyshare\/#webpage","url":"https:\/\/multihoster.org\/es\/zippyshare\/","name":"Zippyshare Premium Cuenta: El Filehoster De Un Vistazo","isPartOf":{"@id":"https:\/\/multihoster.org\/#website"},"primaryImageOfPage":{"@id":"https:\/\/multihoster.org\/es\/zippyshare\/#primaryimage"},"datePublished":"2020-04-07T11:19:22+00:00","dateModified":"2020-05-29T14:53:38+00:00","description":"Si Zippyshare es un proveedor de buena reputaci\u00f3n o no, puedes encontrar la respuesta en el test actual en Multihoster.org \u279c Haz clic ahora \u271a para leer nuestras experiencias!","breadcrumb":{"@id":"https:\/\/multihoster.org\/es\/zippyshare\/#breadcrumb"},"inLanguage":"es","potentialAction":[{"@type":"ReadAction","target":["https:\/\/multihoster.org\/es\/zippyshare\/"]}]},{"@type":"BreadcrumbList","@id":"https:\/\/multihoster.org\/es\/zippyshare\/#breadcrumb","itemListElement":[{"@type":"ListItem","position":1,"name":"Startseite","item":"https:\/\/multihoster.org\/es\/"},{"@type":"ListItem","position":2,"name":"Zippyshare Premium Cuenta: El Filehoster De Un Vistazo"}]}]}},"_links":{"self":[{"href":"https:\/\/multihoster.org\/es\/wp-json\/wp\/v2\/pages\/3175"}],"collection":[{"href":"https:\/\/multihoster.org\/es\/wp-json\/wp\/v2\/pages"}],"about":[{"href":"https:\/\/multihoster.org\/es\/wp-json\/wp\/v2\/types\/page"}],"author":[{"embeddable":true,"href":"https:\/\/multihoster.org\/es\/wp-json\/wp\/v2\/users\/2"}],"replies":[{"embeddable":true,"href":"https:\/\/multihoster.org\/es\/wp-json\/wp\/v2\/comments?post=3175"}],"version-history":[{"count":3,"href":"https:\/\/multihoster.org\/es\/wp-json\/wp\/v2\/pages\/3175\/revisions"}],"predecessor-version":[{"id":4583,"href":"https:\/\/multihoster.org\/es\/wp-json\/wp\/v2\/pages\/3175\/revisions\/4583"}],"wp:attachment":[{"href":"https:\/\/multihoster.org\/es\/wp-json\/wp\/v2\/media?parent=3175"}],"curies":[{"name":"wp","href":"https:\/\/api.w.org\/{rel}","templated":true}]}}