{"id":3245,"date":"2020-04-07T15:14:19","date_gmt":"2020-04-07T15:14:19","guid":{"rendered":"https:\/\/multihoster.org\/pobierz\/"},"modified":"2020-05-29T15:38:55","modified_gmt":"2020-05-29T15:38:55","slug":"pobierz","status":"publish","type":"page","link":"https:\/\/multihoster.org\/es\/pobierz\/","title":{"rendered":"Pobierz Premium Cuenta: El Filehoster De Un Vistazo"},"content":{"rendered":"<a class=\"maxbutton-2 maxbutton maxbutton-cta\" target=\"_blank\" rel=\"nofollow noopener\" href=\"\/go\/\"><span class='mb-text'>&gt;&gt;  Ir a la p\u00e1gina web del Enlazador Original<\/span><\/a>\n\n\n<figure class=\"wp-block-image\"><img src=\"https:\/\/lh5.googleusercontent.com\/3wfv5DvQ8nXJrn63afXmHk3vHDU2P9Qc52t0gcb1DGySTk2gMQeM2Xw8-xt8A3_h79_uhIAePowyrlqubfV6Jkh3GlmEnY9ZOdwMTu8kqoaQZ7Ew4S7urFH2qT9pQxRCA3n63XM\" alt=\"Pobierz Logo\"\/><\/figure>\n\n\n\n<p>Pobierz es un servicio <a href=\"https:\/\/www.techopedia.com\/definition\/25310\/file-hosting-service\">de alojamiento de archivos<\/a>  que ofrece soluciones f\u00e1ciles de compartir para ti y tus amigos o compa\u00f1eros. Aunque menos popular que muchos otros alojadores de archivos, no se puede negar que Pobierz tiene algo que decir cuando se trata de la calidad del servicio. Sin mencionar el alto \u00e9nfasis en la seguridad que la mayor\u00eda de los servicios de alojamiento de archivos carecen. Pobierz tambi\u00e9n soporta casi todos los tipos de archivos, proporcionando flexibilidad a sus usuarios. Con una calidad de servicio que est\u00e1 a la par de los m\u00e1s populares alojadores de archivos, Pobierz sigue siendo uno de los servicios de alojamiento de archivos m\u00e1s baratos en l\u00ednea.<\/p>\n\n\n\n<p>Sin embargo, a pesar de estas caracter\u00edsticas que la cuenta gratuita de Pobierz puede disfrutar libremente, su cuenta actualizada puede ofrecer un servicio a\u00fan m\u00e1s mejorado. Los propietarios de la cuenta Pobierz Premium tienen derecho a actualizaciones significativas en cuanto a velocidad, l\u00edmite de descarga y capacidad de almacenamiento, todo ello con una cuota de suscripci\u00f3n muy barata.<\/p>\n\n\n\n<figure class=\"wp-block-image\"><img src=\"https:\/\/lh3.googleusercontent.com\/Poc3zmnhybCZ6FYacWZHTat-CFbQP_-L93ZhxzPDd6VDqJRdfcSPowg06SmyrAVlwdi_vrxsl881fgTzHMFsFIgH2-7EsjxhaTNs4VDZZHiqcBPeIpBwGM7ZTfPwSagmy2vPs_Y\" alt=\"Pobierz Premium website\"\/><\/figure>\n\n\n\n<h2>Caracter\u00edsticas destacadas de Pobierz Premium<\/h2>\n\n\n\n<h3>Mayor capacidad de almacenamiento<\/h3>\n\n\n\n<p>Disponer de una cuenta Pobierz Premium le permite disfrutar de hasta 10 TB de espacio en disco. Perfecto si quieres acumular archivos grandes como videos, pel\u00edculas de alta calidad y otros tipos de medios. Los creadores de contenido digital pueden hacer copias de seguridad y archivos de su contenido en su l\u00ednea <a href=\"https:\/\/searchstorage.techtarget.com\/definition\/cloud-storage\">almacenamiento en la nube<\/a>.<\/p>\n\n\n\n<h3>No hay anuncios<\/h3>\n\n\n\n<p>Los anuncios pueden ser muy molestos y pueden contener malware que puede da\u00f1ar su dispositivo, pero en otros sitios de alojamiento de archivos gratuitos, esta es la \u00fanica manera de que reciban ingresos. Pero la compra de una cuenta Pobierz Premium deshabilita autom\u00e1ticamente cualquier anuncio o ventana emergente mientras se utiliza su servicio de almacenamiento en l\u00ednea.<\/p>\n\n\n\n<h3>Velocidad de descarga ilimitada<\/h3>\n\n\n\n<p>Los usuarios gratuitos tienen una prioridad menor en el tr\u00e1fico de datos, pero los propietarios de cuentas Pobierz Premium tienen una mayor asignaci\u00f3n de ancho de banda que permite descargas m\u00e1s r\u00e1pidas de archivos y medios. Con Pobierz, el f\u00e1cil acceso a sus archivos es posible gracias a la velocidad de descarga ilimitada y al mayor ancho de banda que se da a los propietarios de cuentas Premium.<\/p>\n\n\n\n<h3>Descarga de m\u00faltiples archivos<\/h3>\n\n\n\n<p>Tener la posibilidad de descargar varios archivos es muy \u00fatil si tienes prisa pero, lamentablemente, la cuenta gratuita no tiene soporte para dicha caracter\u00edstica. Para utilizar la funci\u00f3n de descarga m\u00faltiple tendr\u00edas que disponer de una cuenta Pobierz Premium. Pero es muy eficiente y esta caracter\u00edstica es una de las razones por las que m\u00e1s gente est\u00e1 obteniendo su propia cuenta Pobierz Premium. Puedes descargar todos los archivos que quieras de forma simult\u00e1nea, tu conexi\u00f3n a Internet es el \u00fanico l\u00edmite.<\/p>\n\n\n\n<h3>Soporte para el acelerador de descarga<\/h3>\n\n\n\n<p>Si todav\u00eda necesitas m\u00e1s velocidad de descarga, puedes usar <a href=\"http:\/\/ask-leo.com\/how_do_download_accelerators_work.html\">aceleradores de descarga<\/a>. Afortunadamente, el Pobierz Premium tiene soporte completo en cualquier acelerador de descarga disponible en l\u00ednea. Esta caracter\u00edstica permite a los usuarios mejorar completamente su velocidad de descarga haciendo que el acceso a sus archivos y medios sea m\u00e1s r\u00e1pido y f\u00e1cil.<\/p>\n\n\n\n<h3>Almacenamiento seguro en l\u00ednea<\/h3>\n\n\n\n<p>El Pobierz Premium tiene uno de los servicios de almacenamiento en l\u00ednea m\u00e1s seguros que existen. Es posible que quiera estar seguro de la seguridad de sus archivos, especialmente si son para un negocio como documentos o contenidos en general. Incluso si s\u00f3lo est\u00e1s guardando todas tus pel\u00edculas favoritas en tu almacenamiento en la nube, la seguridad de los archivos sigue siendo muy importante.<\/p>\n\n\n\n<h2>C\u00f3mo obtener su propia cuenta Pobierz Premium<\/h2>\n\n\n\n<p>Conseguir una cuenta propia de Pobierz Premium es bastante f\u00e1cil. Ofrecen diferentes m\u00e9todos de pago para adaptarse a cualquier cliente. Aceptan VISA, MasterCard y Paypal. DotPay tambi\u00e9n est\u00e1 disponible como m\u00e9todo de pago.<\/p>\n\n\n\n<p><strong>Eligiendo un m\u00e9todo de pago:<\/strong><\/p>\n\n\n\n<figure class=\"wp-block-table\"><table><tbody><tr><td><\/td><td>VISA y\/o MasterCard<\/td><td>3 d\u00edas de prima cuestan 4,00 euros<\/td><\/tr><tr><td><\/td><td>DotPay<\/td><td>3 D\u00edas Premium cuestan 6,00 PLN<\/td><\/tr><tr><td><\/td><td>Comprar un vale Premium a trav\u00e9s de Takevoucher.com<\/td><td>Donde un usuario potencial puede comprar un vale Premium y se le puede pagar a trav\u00e9s de Paypal, Visa, MasterCard, Bitcoin y Amazon. Despu\u00e9s de seleccionar este pago, debe seleccionar de nuevo el paquete deseado<\/td><\/tr><tr><td><\/td><td>Comprar un vale Premium a trav\u00e9s de KeyInstant.com<\/td><td>Donde un usuario potencial puede comprar un vale Premium y se le puede pagar a trav\u00e9s de Paypal, Visa, MasterCard, Bitcoin y Amazon.<\/td><\/tr><tr><td><\/td><td>Otros m\u00e9todos de pago en el extranjero como Paysera, SafetyPay, HSBC, Nordea, Maxima, Barclays, SwedBank, Lloyds Bank, Sofort, DNB, RBS, WebMoney, Bitcoin, etc.<\/td><td>Mensaje Pobierz apoyo a la lista de socios de m\u00e9todos de pago.<\/td><\/tr><tr><td><\/td><td>Servicio de SMS<\/td><td>Pague usando el servicio de SMS. Los pagos por SMS s\u00f3lo est\u00e1n disponibles para una cuenta de usuario existente.<\/td><\/tr><\/tbody><\/table><\/figure>\n\n\n<a class=\"maxbutton-2 maxbutton maxbutton-cta\" target=\"_blank\" rel=\"nofollow noopener\" href=\"\/go\/\"><span class='mb-text'>&gt;&gt; Ir a la p\u00e1gina web del Enlazador Original<\/span><\/a>\n\n\n<p><\/p>\n\n\n\n<h2>Ventajas de una cuenta Pobierz Premium<\/h2>\n\n\n\n<p>\u2714\ufe0f Descarga directa, no hay que esperar m\u00e1s.<\/p>\n\n\n\n<p>\u2714\ufe0f Free of Ads &#8211; Maximice el uso de su cuenta sin ninguna interrupci\u00f3n.<\/p>\n\n\n\n<p>\u2714\ufe0f N\u00famero ilimitado de descargas simult\u00e1neas &#8211; Util\u00edzalo al m\u00e1ximo de tus recursos.<\/p>\n\n\n\n<p>\u2714\ufe0f La m\u00e1s alta velocidad de descarga &#8211; tempo de descarga sin problemas.<\/p>\n\n\n\n<p>\u2714\ufe0f Soporte para aceleradores de descarga<\/p>\n\n\n\n<p>\u2714\ufe0f Superficie de disco ilimitada &#8211; Disfruta de un disco externo ilimitado.<\/p>\n\n\n\n<p>\u2714\ufe0f Almacenamiento de archivos sin restricciones<\/p>\n\n\n\n<p>\u2714\ufe0f Tama\u00f1o de archivo hasta 10GB &#8211; \u00a1Simplemente wow!<\/p>\n\n\n\n<h2>Preguntas frecuentes (FAQ)<\/h2>\n\n\n\n<h3><strong>Q<\/strong>: \u00bfEl servicio de Pobierz es gratuito?<\/h3>\n\n\n\n<p><strong>A<\/strong>: S\u00ed, subir y bajar es gratis. Pero proporcionamos un servicio de cuenta premium que autoriza m\u00e1s flexibilidad de subida y\/o descarga.<\/p>\n\n\n\n<h3><strong>Q<\/strong>: \u00bfSe borrar\u00e1n los archivos que he almacenado?<\/h3>\n\n\n\n<p><strong>A<\/strong>: Para los usuarios sin cuenta (guest) o con una cuenta gratuita, los archivos se almacenar\u00e1n s\u00f3lo durante 30 d\u00edas. Los archivos o documentos para la cuenta Premium se almacenan sin limitaciones. De acuerdo con las normas y reglamentos del sitio web.<\/p>\n\n\n\n<h3><strong>Q<\/strong>: \u00bfCu\u00e1ntos archivos puedo transferir a mi cuenta?<\/h3>\n\n\n\n<p><strong>A<\/strong>: Puedes subir cualquier n\u00famero de archivos siempre que su contenido cumpla con nuestras regulaciones y no exceda el tama\u00f1o permitido.<\/p>\n\n\n\n<h3><strong>Q<\/strong>: \u00bfQu\u00e9 tipos de archivos puedo subir?<\/h3>\n\n\n\n<p><strong>A<\/strong>: Puede subir cualquier tipo de archivo sobre el que tenga derechos que no afecten a la calificaci\u00f3n inferior de la plataforma, sin intimidar a los titulares de las cuentas y al administrador del sitio web, y sin enga\u00f1ar a nadie, de acuerdo con el orden del sitio.<\/p>\n\n\n\n<h3><strong>Q<\/strong>: \u00bfHay alguna limitaci\u00f3n en el volumen de mis archivos subidos?<\/h3>\n\n\n\n<p><strong>A<\/strong>: Cada uno de sus archivos debe ser menor de 10.00 GB. Este lado debe ser el \u00fanico l\u00edmite.<\/p>\n\n\n\n<h3><strong>Q<\/strong>: \u00bfEs viable seguir descargando?<\/h3>\n\n\n\n<p><strong>A<\/strong>: S\u00ed, es posible continuar la descarga hasta 2 minutos despu\u00e9s de una transferencia interferida, sin recalcular la transferencia para el archivo descargado.<\/p>\n\n\n\n<h3><strong>Q<\/strong>: \u00bfC\u00f3mo puedo ampliar o volver a establecer mi limitaci\u00f3n de transferencia diaria?<\/h3>\n\n\n\n<p><strong>A<\/strong>: Todo lo que tienes que hacer es comprar o alargar el servicio de tu cuenta Pobierz Premium y la transferencia ser\u00e1 autom\u00e1ticamente \u00abpuesta a cero\u00bb.<\/p>\n\n\n\n<h2>\u00bfPor qu\u00e9 la p\u00e1gina web de Pobierz no est\u00e1 disponible ahora mismo?<\/h2>\n\n\n\n<figure class=\"wp-block-image\"><img src=\"https:\/\/lh6.googleusercontent.com\/1-c0Di-QKZ4ot-F-my44mxt__MYaNhu35C_qGkstJU2Z7VqKFpBbBzTfvY5IXMY9EhhO6nCsKEb-gKl6UmFEUIBou-T11BHy0ZrV9NSmqjrYwaThwWoOoIMjJ47S7C3R0YOlnpA\" alt=\"Pobierz contact support field\"\/><\/figure>\n\n\n\n<p>La p\u00e1gina web de Pobierz est\u00e1 actualmente bajo mantenimiento especial. Para los usuarios actuales que tienen archivos importantes en su cuenta, se aconseja que los descarguen y los copien en otro lugar seguro mientras tanto. Los fondos tambi\u00e9n recogidos en el programa de socios fueron pagados donde la cantidad m\u00ednima de retiro se ha cambiado a 5 PLN<\/p>\n\n\n\n<p>Si est\u00e1 interesado en adquirir el servicio &#8211; puede contactar con el apoyo del sitio oficial utilizando el formulario de contacto. Y si es un usuario que todav\u00eda tiene una cuenta PREMIUM activa y no ha contactado con el soporte de Pobierz para obtener una compensaci\u00f3n, por favor, h\u00e1galo tambi\u00e9n a trav\u00e9s del formulario de contacto..<\/p>\n\n\n\n<p>Esto, sin embargo, tiene como objetivo mejorar el servicio a sus clientes. Tenga la seguridad de que cuando el Pobierz regrese, tendr\u00e1 un servicio de alojamiento de archivos m\u00e1s seguro y r\u00e1pido. <\/p>\n\n\n<a class=\"maxbutton-2 maxbutton maxbutton-cta\" target=\"_blank\" rel=\"nofollow noopener\" href=\"\/go\/\"><span class='mb-text'>&gt;&gt; Ir a la p\u00e1gina web del Enlazador Original<\/span><\/a>","protected":false},"excerpt":{"rendered":"<p>Pobierz es un servicio de alojamiento de archivos que ofrece soluciones f\u00e1ciles de compartir para ti y tus amigos o<\/p>\n","protected":false},"author":2,"featured_media":0,"parent":0,"menu_order":0,"comment_status":"closed","ping_status":"closed","template":"","meta":[],"yoast_head":"<!-- This site is optimized with the Yoast SEO plugin v18.3 - https:\/\/yoast.com\/wordpress\/plugins\/seo\/ -->\n<title>Pobierz Premium Cuenta: El Filehoster De Un Vistazo<\/title>\n<meta name=\"description\" content=\"Si Pobierz es un proveedor de confianza o no, puedes encontrar la respuesta en el test actual en Multihoster.org \u279c Haz clic ahora \u271a para leer nuestras experiencias!\" \/>\n<meta name=\"robots\" content=\"index, follow, max-snippet:-1, max-image-preview:large, max-video-preview:-1\" \/>\n<link rel=\"canonical\" href=\"https:\/\/multihoster.org\/es\/pobierz\/\" \/>\n<meta property=\"og:locale\" content=\"es_ES\" \/>\n<meta property=\"og:type\" content=\"article\" \/>\n<meta property=\"og:title\" content=\"Pobierz Premium Cuenta: El Filehoster De Un Vistazo\" \/>\n<meta property=\"og:description\" content=\"Si Pobierz es un proveedor de confianza o no, puedes encontrar la respuesta en el test actual en Multihoster.org \u279c Haz clic ahora \u271a para leer nuestras experiencias!\" \/>\n<meta property=\"og:url\" content=\"https:\/\/multihoster.org\/es\/pobierz\/\" \/>\n<meta property=\"og:site_name\" content=\"Multihoster.org\" \/>\n<meta property=\"article:modified_time\" content=\"2020-05-29T15:38:55+00:00\" \/>\n<meta property=\"og:image\" content=\"https:\/\/lh5.googleusercontent.com\/3wfv5DvQ8nXJrn63afXmHk3vHDU2P9Qc52t0gcb1DGySTk2gMQeM2Xw8-xt8A3_h79_uhIAePowyrlqubfV6Jkh3GlmEnY9ZOdwMTu8kqoaQZ7Ew4S7urFH2qT9pQxRCA3n63XM\" \/>\n<meta name=\"twitter:card\" content=\"summary\" \/>\n<meta name=\"twitter:label1\" content=\"Tiempo de lectura\" \/>\n\t<meta name=\"twitter:data1\" content=\"7 minutos\" \/>\n<script type=\"application\/ld+json\" class=\"yoast-schema-graph\">{\"@context\":\"https:\/\/schema.org\",\"@graph\":[{\"@type\":\"WebSite\",\"@id\":\"https:\/\/multihoster.org\/#website\",\"url\":\"https:\/\/multihoster.org\/\",\"name\":\"Multihoster.org\",\"description\":\"Reviews of the major Filehosting services\",\"potentialAction\":[{\"@type\":\"SearchAction\",\"target\":{\"@type\":\"EntryPoint\",\"urlTemplate\":\"https:\/\/multihoster.org\/?s={search_term_string}\"},\"query-input\":\"required name=search_term_string\"}],\"inLanguage\":\"es\"},{\"@type\":\"ImageObject\",\"@id\":\"https:\/\/multihoster.org\/es\/pobierz\/#primaryimage\",\"inLanguage\":\"es\",\"url\":\"https:\/\/lh5.googleusercontent.com\/3wfv5DvQ8nXJrn63afXmHk3vHDU2P9Qc52t0gcb1DGySTk2gMQeM2Xw8-xt8A3_h79_uhIAePowyrlqubfV6Jkh3GlmEnY9ZOdwMTu8kqoaQZ7Ew4S7urFH2qT9pQxRCA3n63XM\",\"contentUrl\":\"https:\/\/lh5.googleusercontent.com\/3wfv5DvQ8nXJrn63afXmHk3vHDU2P9Qc52t0gcb1DGySTk2gMQeM2Xw8-xt8A3_h79_uhIAePowyrlqubfV6Jkh3GlmEnY9ZOdwMTu8kqoaQZ7Ew4S7urFH2qT9pQxRCA3n63XM\"},{\"@type\":\"WebPage\",\"@id\":\"https:\/\/multihoster.org\/es\/pobierz\/#webpage\",\"url\":\"https:\/\/multihoster.org\/es\/pobierz\/\",\"name\":\"Pobierz Premium Cuenta: El Filehoster De Un Vistazo\",\"isPartOf\":{\"@id\":\"https:\/\/multihoster.org\/#website\"},\"primaryImageOfPage\":{\"@id\":\"https:\/\/multihoster.org\/es\/pobierz\/#primaryimage\"},\"datePublished\":\"2020-04-07T15:14:19+00:00\",\"dateModified\":\"2020-05-29T15:38:55+00:00\",\"description\":\"Si Pobierz es un proveedor de confianza o no, puedes encontrar la respuesta en el test actual en Multihoster.org \u279c Haz clic ahora \u271a para leer nuestras experiencias!\",\"breadcrumb\":{\"@id\":\"https:\/\/multihoster.org\/es\/pobierz\/#breadcrumb\"},\"inLanguage\":\"es\",\"potentialAction\":[{\"@type\":\"ReadAction\",\"target\":[\"https:\/\/multihoster.org\/es\/pobierz\/\"]}]},{\"@type\":\"BreadcrumbList\",\"@id\":\"https:\/\/multihoster.org\/es\/pobierz\/#breadcrumb\",\"itemListElement\":[{\"@type\":\"ListItem\",\"position\":1,\"name\":\"Startseite\",\"item\":\"https:\/\/multihoster.org\/es\/\"},{\"@type\":\"ListItem\",\"position\":2,\"name\":\"Pobierz Premium Cuenta: El Filehoster De Un Vistazo\"}]}]}<\/script>\n<!-- \/ Yoast SEO plugin. -->","yoast_head_json":{"title":"Pobierz Premium Cuenta: El Filehoster De Un Vistazo","description":"Si Pobierz es un proveedor de confianza o no, puedes encontrar la respuesta en el test actual en Multihoster.org \u279c Haz clic ahora \u271a para leer nuestras experiencias!","robots":{"index":"index","follow":"follow","max-snippet":"max-snippet:-1","max-image-preview":"max-image-preview:large","max-video-preview":"max-video-preview:-1"},"canonical":"https:\/\/multihoster.org\/es\/pobierz\/","og_locale":"es_ES","og_type":"article","og_title":"Pobierz Premium Cuenta: El Filehoster De Un Vistazo","og_description":"Si Pobierz es un proveedor de confianza o no, puedes encontrar la respuesta en el test actual en Multihoster.org \u279c Haz clic ahora \u271a para leer nuestras experiencias!","og_url":"https:\/\/multihoster.org\/es\/pobierz\/","og_site_name":"Multihoster.org","article_modified_time":"2020-05-29T15:38:55+00:00","og_image":[{"url":"https:\/\/lh5.googleusercontent.com\/3wfv5DvQ8nXJrn63afXmHk3vHDU2P9Qc52t0gcb1DGySTk2gMQeM2Xw8-xt8A3_h79_uhIAePowyrlqubfV6Jkh3GlmEnY9ZOdwMTu8kqoaQZ7Ew4S7urFH2qT9pQxRCA3n63XM"}],"twitter_card":"summary","twitter_misc":{"Tiempo de lectura":"7 minutos"},"schema":{"@context":"https:\/\/schema.org","@graph":[{"@type":"WebSite","@id":"https:\/\/multihoster.org\/#website","url":"https:\/\/multihoster.org\/","name":"Multihoster.org","description":"Reviews of the major Filehosting services","potentialAction":[{"@type":"SearchAction","target":{"@type":"EntryPoint","urlTemplate":"https:\/\/multihoster.org\/?s={search_term_string}"},"query-input":"required name=search_term_string"}],"inLanguage":"es"},{"@type":"ImageObject","@id":"https:\/\/multihoster.org\/es\/pobierz\/#primaryimage","inLanguage":"es","url":"https:\/\/lh5.googleusercontent.com\/3wfv5DvQ8nXJrn63afXmHk3vHDU2P9Qc52t0gcb1DGySTk2gMQeM2Xw8-xt8A3_h79_uhIAePowyrlqubfV6Jkh3GlmEnY9ZOdwMTu8kqoaQZ7Ew4S7urFH2qT9pQxRCA3n63XM","contentUrl":"https:\/\/lh5.googleusercontent.com\/3wfv5DvQ8nXJrn63afXmHk3vHDU2P9Qc52t0gcb1DGySTk2gMQeM2Xw8-xt8A3_h79_uhIAePowyrlqubfV6Jkh3GlmEnY9ZOdwMTu8kqoaQZ7Ew4S7urFH2qT9pQxRCA3n63XM"},{"@type":"WebPage","@id":"https:\/\/multihoster.org\/es\/pobierz\/#webpage","url":"https:\/\/multihoster.org\/es\/pobierz\/","name":"Pobierz Premium Cuenta: El Filehoster De Un Vistazo","isPartOf":{"@id":"https:\/\/multihoster.org\/#website"},"primaryImageOfPage":{"@id":"https:\/\/multihoster.org\/es\/pobierz\/#primaryimage"},"datePublished":"2020-04-07T15:14:19+00:00","dateModified":"2020-05-29T15:38:55+00:00","description":"Si Pobierz es un proveedor de confianza o no, puedes encontrar la respuesta en el test actual en Multihoster.org \u279c Haz clic ahora \u271a para leer nuestras experiencias!","breadcrumb":{"@id":"https:\/\/multihoster.org\/es\/pobierz\/#breadcrumb"},"inLanguage":"es","potentialAction":[{"@type":"ReadAction","target":["https:\/\/multihoster.org\/es\/pobierz\/"]}]},{"@type":"BreadcrumbList","@id":"https:\/\/multihoster.org\/es\/pobierz\/#breadcrumb","itemListElement":[{"@type":"ListItem","position":1,"name":"Startseite","item":"https:\/\/multihoster.org\/es\/"},{"@type":"ListItem","position":2,"name":"Pobierz Premium Cuenta: El Filehoster De Un Vistazo"}]}]}},"_links":{"self":[{"href":"https:\/\/multihoster.org\/es\/wp-json\/wp\/v2\/pages\/3245"}],"collection":[{"href":"https:\/\/multihoster.org\/es\/wp-json\/wp\/v2\/pages"}],"about":[{"href":"https:\/\/multihoster.org\/es\/wp-json\/wp\/v2\/types\/page"}],"author":[{"embeddable":true,"href":"https:\/\/multihoster.org\/es\/wp-json\/wp\/v2\/users\/2"}],"replies":[{"embeddable":true,"href":"https:\/\/multihoster.org\/es\/wp-json\/wp\/v2\/comments?post=3245"}],"version-history":[{"count":4,"href":"https:\/\/multihoster.org\/es\/wp-json\/wp\/v2\/pages\/3245\/revisions"}],"predecessor-version":[{"id":4601,"href":"https:\/\/multihoster.org\/es\/wp-json\/wp\/v2\/pages\/3245\/revisions\/4601"}],"wp:attachment":[{"href":"https:\/\/multihoster.org\/es\/wp-json\/wp\/v2\/media?parent=3245"}],"curies":[{"name":"wp","href":"https:\/\/api.w.org\/{rel}","templated":true}]}}