{"id":327,"date":"2018-05-22T16:54:50","date_gmt":"2018-05-22T16:54:50","guid":{"rendered":"https:\/\/multihoster.org\/?page_id=327"},"modified":"2018-09-12T05:32:48","modified_gmt":"2018-09-12T05:32:48","slug":"keep2share","status":"publish","type":"page","link":"https:\/\/multihoster.org\/es\/keep2share\/","title":{"rendered":"Keep2Share Premium Account &#8211; El Filehoster de un vistazo"},"content":{"rendered":"<p class=\"normal\"><span lang=\"de\"><img loading=\"lazy\" class=\"alignleft wp-image-246 size-medium\" src=\"https:\/\/multihoster.org\/wp-content\/uploads\/2018\/05\/keep2share_logo-300x97.jpg\" alt=\"logo\" width=\"300\" height=\"97\" srcset=\"https:\/\/multihoster.org\/wp-content\/uploads\/2018\/05\/keep2share_logo-300x97.jpg 300w, https:\/\/multihoster.org\/wp-content\/uploads\/2018\/05\/keep2share_logo.jpg 382w\" sizes=\"(max-width: 300px) 100vw, 300px\" \/>Filehoster Keep2Share ofrece a sus usuarios el m\u00e1s alto nivel de seguridad y garantiza que todos los datos se mantienen absolutamente seguros, tanto a trav\u00e9s de su experiencia como del sistema encriptado. La presencia las 24 horas del d\u00eda y la disponibilidad de los empleados de Keep2Share tambi\u00e9n garantizan que todos los datos est\u00e9n \u00f3ptimamente protegidos y que el sitio web est\u00e9 siempre accesible.<br \/>\n<\/span><\/p>\n\n<p><a class=\"fasc-button fasc-size-xlarge fasc-type-glossy fasc-rounded-medium ico-fa fasc-ico-after fa-share\" style=\"background-color: #43585e; color: #ffffff;\" target=\"_blank\" rel=\"nofollow\" href=\"https:\/\/multihoster.org\/keep2share\/goto\/\">Ir a Keep2Share.net<\/a><\/p>\n<p class=\"normal\"><span lang=\"de\">Adem\u00e1s, Keep2Share ofrece una velocidad enormemente r\u00e1pida, as\u00ed como el inicio de descargas sin tiempo de espera, con una cuenta premium se a\u00f1aden muchas caracter\u00edsticas adicionales.<br \/>\n<\/span><\/p>\n<h2><span lang=\"de\">Caracter\u00edsticas positivas del proveedor<br \/>\n<\/span><\/h2>\n<ul>\n<li>Cuenta Premium ya disponible desde 31 centavos por d\u00eda<\/li>\n<li>Cheque antivirus con cuenta Premium<\/li>\n<li>Pago seguro con Verified by VISA &amp; Mastercard SecureCode<\/li>\n<li>Posibilidad de usar el Gestor de Descargas<\/li>\n<li>M\u00faltiples descargas simult\u00e1neas<\/li>\n<\/ul>\n<h2><span lang=\"de\">Toda la oferta Keep2Share de un vistazo<br \/>\n<\/span><\/h2>\n<p class=\"normal\"><span lang=\"de\">El filehoster Keep2Share le ofrece con dos tarifas una selecci\u00f3n comparativamente peque\u00f1a con respecto a la cuenta premium. Mientras que la cuenta Premium Pro le ofrece la m\u00e1xima velocidad, el ancho de banda de la tarifa Premium normal es ligeramente limitado. El volumen de datos oscila entre 20.000 MB para la tarifa Premium y 50.000 MB para la tarifa Premium Pro.<\/span><\/p>\n<p>&nbsp;<\/p>\n<h2><span lang=\"de\">Costos y opciones de pago<br \/>\n<\/span><\/h2>\n<p><img loading=\"lazy\" class=\"alignnone wp-image-248 size-full\" src=\"https:\/\/multihoster.org\/wp-content\/uploads\/2018\/05\/cost_image_1.jpg\" alt=\"precios\" width=\"1011\" height=\"813\" srcset=\"https:\/\/multihoster.org\/wp-content\/uploads\/2018\/05\/cost_image_1.jpg 1011w, https:\/\/multihoster.org\/wp-content\/uploads\/2018\/05\/cost_image_1-300x241.jpg 300w, https:\/\/multihoster.org\/wp-content\/uploads\/2018\/05\/cost_image_1-768x618.jpg 768w\" sizes=\"(max-width: 1011px) 100vw, 1011px\" \/><\/p>\n<p class=\"normal\"><span lang=\"de\">En Keep2Share usted puede elegir entre el pago habitual con tarjeta de cr\u00e9dito, ya sea con la tarjeta VISA, con la Mastercard o a trav\u00e9s de American Express. Al pagar con su tarjeta VISA o Mastercard, usted se beneficia de un procedimiento de seguridad adicional en este punto. Estos son los procedimientos verificados por VISA y MasterCard SecureCode, que interponen verificaciones adicionales al realizar la compra con el fin de proteger eficazmente sus datos y su dinero.<br \/>\n<\/span><\/p>\n<p class=\"normal\"><span lang=\"de\">Adem\u00e1s del pago con tarjeta VISA o MasterCard, el proveedor le ofrece otras opciones para comprar una Cuenta Premium Keep2Share. Esto incluye el pago con el servicio Sofort\u00fcberweisung, la transferencia bancaria en l\u00ednea habitual y el pago con Bitcoin. Como \u00faltima opci\u00f3n, los m\u00e9todos de pago locales est\u00e1n disponibles, en Alemania se puede pagar a trav\u00e9s de bancos como Postbank, DZ Bank o <a href=\"https:\/\/www.wmtransfer.com\/\" target=\"_blank\" rel=\"noopener\">webmoney<\/a> llevar a cabo. Los m\u00e9todos de pago populares Paypal y Paysafe no son ofrecidos por Keep2Share. Si no puede utilizar ninguno de los m\u00e9todos de pago listados y a\u00fan as\u00ed desea pagar su cuenta en l\u00ednea de forma sencilla y segura, puede comprar opcionalmente una tarjeta de cr\u00e9dito prepagada.<\/span><\/p>\n<p>&nbsp;<\/p>\n\n<table id=\"tablepress-15\" class=\"tablepress tablepress-id-15\">\n<thead>\n<tr class=\"row-1 odd\">\n\t<th class=\"column-1\">Keep2Share PREMIUM PRO<\/th><th class=\"column-2\">Keep2Share PREMIUM<\/th>\n<\/tr>\n<\/thead>\n<tbody class=\"row-hover\">\n<tr class=\"row-2 even\">\n\t<td class=\"column-1\">50.000 MB por d\u00eda<\/td><td class=\"column-2\">20.000 MB por d\u00eda<\/td>\n<\/tr>\n<tr class=\"row-3 odd\">\n\t<td class=\"column-1\">11,75 USD por d\u00eda<\/td><td class=\"column-2\">9,50 USD por d\u00eda<\/td>\n<\/tr>\n<tr class=\"row-4 even\">\n\t<td class=\"column-1\">0,38 USD por d\u00eda<\/td><td class=\"column-2\">0,31 USD por d\u00eda<\/td>\n<\/tr>\n<tr class=\"row-5 odd\">\n\t<td class=\"column-1\">Velocidad m\u00e1xima de descarga<\/td><td class=\"column-2\">R\u00e1pida velocidad de descarga<\/td>\n<\/tr>\n<tr class=\"row-6 even\">\n\t<td class=\"column-1\">Se puede utilizar el Gestor de Descargas<\/td><td class=\"column-2\">Se puede utilizar el Gestor de Descargas<\/td>\n<\/tr>\n<tr class=\"row-7 odd\">\n\t<td class=\"column-1\">M\u00faltiples descargas simult\u00e1neas<\/td><td class=\"column-2\">M\u00faltiples descargas simult\u00e1neas<\/td>\n<\/tr>\n<tr class=\"row-8 even\">\n\t<td class=\"column-1\">Descargas Reanudables<\/td><td class=\"column-2\">Descargas Reanudables<\/td>\n<\/tr>\n<tr class=\"row-9 odd\">\n\t<td class=\"column-1\">control de virus<\/td><td class=\"column-2\"><\/td>\n<\/tr>\n<tr class=\"row-10 even\">\n\t<td class=\"column-1\">Mis archivos favoritos<\/td><td class=\"column-2\"><\/td>\n<\/tr>\n<tr class=\"row-11 odd\">\n\t<td class=\"column-1\">Previsualizaci\u00f3n de v\u00eddeo ilimitada<\/td><td class=\"column-2\"><\/td>\n<\/tr>\n<tr class=\"row-12 even\">\n\t<td class=\"column-1\">Descarga an\u00f3nima<\/td><td class=\"column-2\"><\/td>\n<\/tr>\n<tr class=\"row-13 odd\">\n\t<td class=\"column-1\">Mayor espacio de almacenamiento<\/td><td class=\"column-2\"><\/td>\n<\/tr>\n<tr class=\"row-14 even\">\n\t<td class=\"column-1\">Tama\u00f1o m\u00e1ximo de archivo de 10 GB<\/td><td class=\"column-2\"><\/td>\n<\/tr>\n<\/tbody>\n<\/table>\n<!-- #tablepress-15 from cache -->\n<p><a class=\"fasc-button fasc-size-xlarge fasc-type-glossy fasc-rounded-medium ico-fa fasc-ico-after fa-share\" style=\"background-color: #43585e; color: #ffffff;\" target=\"_blank\" rel=\"nofollow\" href=\"https:\/\/multihoster.org\/keep2share\/goto\/\">Ir a Keep2Share.net<\/a><\/p>\n<h2><span lang=\"de\">Aviso de privacidad y protecci\u00f3n de datos<br \/>\n<\/span><\/h2>\n<p class=\"normal\"><span lang=\"de\">La privacidad y la protecci\u00f3n de datos se est\u00e1n convirtiendo en un tema cada vez m\u00e1s importante en Internet. Estamos encantados de compartir nuestros conocimientos y experiencia con Keep2Share para que pueda obtener una imagen completa del proveedor.<br \/>\n<\/span><\/p>\n<p>Cuando se utiliza el servicio Keep2Share, los datos se almacenan autom\u00e1ticamente. Esto incluye datos personales como direcci\u00f3n de correo electr\u00f3nico, nombre o datos bancarios, as\u00ed como datos demogr\u00e1ficos y no personales.<\/p>\n<p class=\"normal\"><span lang=\"de\">Los datos personales s\u00f3lo se utilizan para servicios tales como el proceso de pago, para establecer contactos y para notificaciones, etc. Los datos demogr\u00e1ficos no son datos personales y se recogen de forma an\u00f3nima, por lo que en este punto tambi\u00e9n se preserva la privacidad.<\/span><\/p>\n<p>&nbsp;<\/p>\n<h2><span lang=\"de\">Servicio postventa<br \/>\n<\/span><\/h2>\n<p><img loading=\"lazy\" class=\"alignnone wp-image-247 size-full\" src=\"https:\/\/multihoster.org\/wp-content\/uploads\/2018\/05\/keep2share_image_2.jpg\" alt=\"ventajas\" width=\"1799\" height=\"777\" srcset=\"https:\/\/multihoster.org\/wp-content\/uploads\/2018\/05\/keep2share_image_2.jpg 1799w, https:\/\/multihoster.org\/wp-content\/uploads\/2018\/05\/keep2share_image_2-300x130.jpg 300w, https:\/\/multihoster.org\/wp-content\/uploads\/2018\/05\/keep2share_image_2-768x332.jpg 768w, https:\/\/multihoster.org\/wp-content\/uploads\/2018\/05\/keep2share_image_2-1024x442.jpg 1024w\" sizes=\"(max-width: 1799px) 100vw, 1799px\" \/><\/p>\n<p class=\"normal\"><span lang=\"de\">Si tiene alguna pregunta sobre el servicio Keep2Share, encontrar\u00e1 el enlace a la p\u00e1gina de servicio en la parte inferior de la p\u00e1gina. Desde aqu\u00ed puede acceder al \u00e1rea de preguntas frecuentes, donde ya se explican muchas de las respuestas a las preguntas m\u00e1s frecuentes. El proveedor ya tiene un alto grado de experiencia y por lo general sabe d\u00f3nde necesitan ayuda los usuarios. Si no puede encontrar una soluci\u00f3n satisfactoria de este modo, puede ponerse en contacto directamente con el servicio de asistencia t\u00e9cnica a trav\u00e9s del formulario en l\u00ednea y describir el problema con m\u00e1s detalle aqu\u00ed. En esta \u00e1rea, tambi\u00e9n es posible proporcionar al Servicio de Atenci\u00f3n al Cliente de Keep2Share informaci\u00f3n sobre la propia experiencia del proveedor con el servicio. De esta manera usted puede mejorar la oferta para usted y otros usuarios a largo plazo.<br \/>\n<\/span><\/p>\n<h2><span lang=\"de\">Facilidad de uso<br \/>\n<\/span><\/h2>\n<p class=\"normal\"><span lang=\"de\">Para iniciar sesi\u00f3n en Keep2Share, puede crear f\u00e1cilmente una cuenta de Keep2Share o registrarse a trav\u00e9s de Facebook o Google. Para utilizar la cuenta completamente, primero debe confirmar su direcci\u00f3n de correo electr\u00f3nico y luego seleccionar \u00abMis archivos\u00bb, \u00abMi perfil\u00bb y \u00abMis favoritos\u00bb. Adem\u00e1s, encontrar\u00e1 una manera de actualizar su cuenta Keep2Share a una cuenta premium. Gracias a la interfaz f\u00e1cil de usar, no requiere mucha experiencia para utilizar y disfrutar plenamente de los servicios del proveedor.<\/span><\/p>\n<p>&nbsp;<\/p>\n<h2><span lang=\"de\">Las ventajas de una cuenta premium con Keep2Share<br \/>\n<\/span><\/h2>\n<p class=\"normal\"><span lang=\"de\">Con la Cuenta Premium de Keep2Share ya puede disfrutar de una velocidad r\u00e1pida, que es s\u00f3lo ligeramente inferior a la versi\u00f3n Premium Pro.Adem\u00e1s, puede tener varias descargas ejecut\u00e1ndose al mismo tiempo y las descargas pueden ser f\u00e1cilmente monitoreadas, pausadas y continuadas por un gestor de descargas.<br \/>\n<\/span><\/p>\n<p class=\"normal\"><span lang=\"de\">Obtenga a\u00fan m\u00e1s con la cuenta Keep2Share Premium Pro, que le ofrece la m\u00e1xima velocidad y un control de virus de sus archivos. Adem\u00e1s, dispone de m\u00e1s espacio de almacenamiento, uso ilimitado de la vista previa de v\u00eddeo y almacenamiento de archivos en la carpeta Archivos favoritos. La cuenta Premium Pro tambi\u00e9n le permite descargar archivos de forma an\u00f3nima, aumentando el tama\u00f1o m\u00e1ximo de archivo de 5 GB a 10 GB con este paquete.<\/span><\/p>\n<h2><span lang=\"de\">Nuestra conclusi\u00f3n sobre Keep2Share<br \/>\n<\/span><\/h2>\n<p class=\"normal\"><span lang=\"de\">Keep2Share no s\u00f3lo promete una protecci\u00f3n de datos y privacidad completa, sino que tambi\u00e9n le ofrece tarifas atractivas para alojar y descargar archivos. Usted puede elegir entre dos tarifas Keep2Share Premium, que ya est\u00e1n disponibles por 31 o 38 centavos por d\u00eda. Si desea probar la oferta del proveedor, tambi\u00e9n puede crear una cuenta gratuita de Keep2Share.<br \/>\n<\/span><\/p>\n<p class=\"normal\"><span lang=\"de\">Keep2Share Premium Account Pro le ofrece a\u00fan m\u00e1s funciones que la Cuenta Premium y le permite descargar archivos de forma an\u00f3nima, previsualizar v\u00eddeos de forma ilimitada y descargar archivos de hasta 10 GB de tama\u00f1o.<br \/>\n<\/span><\/p>\n<p class=\"normal\"><span lang=\"de\">El pago se puede hacer con tarjeta de cr\u00e9dito y otros m\u00e9todos de pago tambi\u00e9n est\u00e1n disponibles. Los procedimientos de seguridad adicionales de VISA y MasterCard garantizan la m\u00e1xima seguridad, y muchos otros m\u00e9todos de pago son posibles, con la excepci\u00f3n de Paypal y Paysafe.<br \/>\n<\/span><\/p>\n<p><a class=\"fasc-button fasc-size-xlarge fasc-type-glossy fasc-rounded-medium ico-fa fasc-ico-after fa-share\" style=\"background-color: #43585e; color: #ffffff;\" target=\"_blank\" rel=\"nofollow\" href=\"https:\/\/multihoster.org\/keep2share\/goto\/\">Ir a Keep2Share.net<\/a><\/p>\n","protected":false},"excerpt":{"rendered":"<p>Filehoster Keep2Share ofrece a sus usuarios el m\u00e1s alto nivel de seguridad y garantiza que todos los datos se mantienen<\/p>\n","protected":false},"author":2,"featured_media":0,"parent":0,"menu_order":0,"comment_status":"closed","ping_status":"closed","template":"","meta":[],"yoast_head":"<!-- This site is optimized with the Yoast SEO plugin v18.3 - https:\/\/yoast.com\/wordpress\/plugins\/seo\/ -->\n<title>lll\u25b7 Keep2share Premium Account seria o no +++ Test en Multihoster.org<\/title>\n<meta name=\"description\" content=\"Si Keep2share es un proveedor de buena reputaci\u00f3n o no, puede encontrar la respuesta en la prueba actual en Multihoster.org \u279c Ahora haga clic en \u271a para leer nuestras experiencias!\" \/>\n<meta name=\"robots\" content=\"index, follow, max-snippet:-1, max-image-preview:large, max-video-preview:-1\" \/>\n<link rel=\"canonical\" href=\"https:\/\/multihoster.org\/es\/keep2share\/\" \/>\n<meta property=\"og:locale\" content=\"es_ES\" \/>\n<meta property=\"og:type\" content=\"article\" \/>\n<meta property=\"og:title\" content=\"lll\u25b7 Keep2share Premium Account seria o no +++ Test en Multihoster.org\" \/>\n<meta property=\"og:description\" content=\"Si Keep2share es un proveedor de buena reputaci\u00f3n o no, puede encontrar la respuesta en la prueba actual en Multihoster.org \u279c Ahora haga clic en \u271a para leer nuestras experiencias!\" \/>\n<meta property=\"og:url\" content=\"https:\/\/multihoster.org\/es\/keep2share\/\" \/>\n<meta property=\"og:site_name\" content=\"Multihoster.org\" \/>\n<meta property=\"article:modified_time\" content=\"2018-09-12T05:32:48+00:00\" \/>\n<meta property=\"og:image\" content=\"https:\/\/multihoster.org\/wp-content\/uploads\/2018\/05\/keep2share_logo-300x97.jpg\" \/>\n<meta name=\"twitter:card\" content=\"summary\" \/>\n<meta name=\"twitter:label1\" content=\"Tiempo de lectura\" \/>\n\t<meta name=\"twitter:data1\" content=\"6 minutos\" \/>\n<script type=\"application\/ld+json\" class=\"yoast-schema-graph\">{\"@context\":\"https:\/\/schema.org\",\"@graph\":[{\"@type\":\"WebSite\",\"@id\":\"https:\/\/multihoster.org\/#website\",\"url\":\"https:\/\/multihoster.org\/\",\"name\":\"Multihoster.org\",\"description\":\"Reviews of the major Filehosting services\",\"potentialAction\":[{\"@type\":\"SearchAction\",\"target\":{\"@type\":\"EntryPoint\",\"urlTemplate\":\"https:\/\/multihoster.org\/?s={search_term_string}\"},\"query-input\":\"required name=search_term_string\"}],\"inLanguage\":\"es\"},{\"@type\":\"ImageObject\",\"@id\":\"https:\/\/multihoster.org\/es\/keep2share\/#primaryimage\",\"inLanguage\":\"es\",\"url\":\"https:\/\/multihoster.org\/wp-content\/uploads\/2018\/05\/keep2share_logo.jpg\",\"contentUrl\":\"https:\/\/multihoster.org\/wp-content\/uploads\/2018\/05\/keep2share_logo.jpg\",\"width\":382,\"height\":123},{\"@type\":\"WebPage\",\"@id\":\"https:\/\/multihoster.org\/es\/keep2share\/#webpage\",\"url\":\"https:\/\/multihoster.org\/es\/keep2share\/\",\"name\":\"lll\u25b7 Keep2share Premium Account seria o no +++ Test en Multihoster.org\",\"isPartOf\":{\"@id\":\"https:\/\/multihoster.org\/#website\"},\"primaryImageOfPage\":{\"@id\":\"https:\/\/multihoster.org\/es\/keep2share\/#primaryimage\"},\"datePublished\":\"2018-05-22T16:54:50+00:00\",\"dateModified\":\"2018-09-12T05:32:48+00:00\",\"description\":\"Si Keep2share es un proveedor de buena reputaci\u00f3n o no, puede encontrar la respuesta en la prueba actual en Multihoster.org \u279c Ahora haga clic en \u271a para leer nuestras experiencias!\",\"breadcrumb\":{\"@id\":\"https:\/\/multihoster.org\/es\/keep2share\/#breadcrumb\"},\"inLanguage\":\"es\",\"potentialAction\":[{\"@type\":\"ReadAction\",\"target\":[\"https:\/\/multihoster.org\/es\/keep2share\/\"]}]},{\"@type\":\"BreadcrumbList\",\"@id\":\"https:\/\/multihoster.org\/es\/keep2share\/#breadcrumb\",\"itemListElement\":[{\"@type\":\"ListItem\",\"position\":1,\"name\":\"Startseite\",\"item\":\"https:\/\/multihoster.org\/es\/\"},{\"@type\":\"ListItem\",\"position\":2,\"name\":\"Keep2Share Premium Account &#8211; El Filehoster de un vistazo\"}]}]}<\/script>\n<!-- \/ Yoast SEO plugin. -->","yoast_head_json":{"title":"lll\u25b7 Keep2share Premium Account seria o no +++ Test en Multihoster.org","description":"Si Keep2share es un proveedor de buena reputaci\u00f3n o no, puede encontrar la respuesta en la prueba actual en Multihoster.org \u279c Ahora haga clic en \u271a para leer nuestras experiencias!","robots":{"index":"index","follow":"follow","max-snippet":"max-snippet:-1","max-image-preview":"max-image-preview:large","max-video-preview":"max-video-preview:-1"},"canonical":"https:\/\/multihoster.org\/es\/keep2share\/","og_locale":"es_ES","og_type":"article","og_title":"lll\u25b7 Keep2share Premium Account seria o no +++ Test en Multihoster.org","og_description":"Si Keep2share es un proveedor de buena reputaci\u00f3n o no, puede encontrar la respuesta en la prueba actual en Multihoster.org \u279c Ahora haga clic en \u271a para leer nuestras experiencias!","og_url":"https:\/\/multihoster.org\/es\/keep2share\/","og_site_name":"Multihoster.org","article_modified_time":"2018-09-12T05:32:48+00:00","og_image":[{"url":"https:\/\/multihoster.org\/wp-content\/uploads\/2018\/05\/keep2share_logo-300x97.jpg"}],"twitter_card":"summary","twitter_misc":{"Tiempo de lectura":"6 minutos"},"schema":{"@context":"https:\/\/schema.org","@graph":[{"@type":"WebSite","@id":"https:\/\/multihoster.org\/#website","url":"https:\/\/multihoster.org\/","name":"Multihoster.org","description":"Reviews of the major Filehosting services","potentialAction":[{"@type":"SearchAction","target":{"@type":"EntryPoint","urlTemplate":"https:\/\/multihoster.org\/?s={search_term_string}"},"query-input":"required name=search_term_string"}],"inLanguage":"es"},{"@type":"ImageObject","@id":"https:\/\/multihoster.org\/es\/keep2share\/#primaryimage","inLanguage":"es","url":"https:\/\/multihoster.org\/wp-content\/uploads\/2018\/05\/keep2share_logo.jpg","contentUrl":"https:\/\/multihoster.org\/wp-content\/uploads\/2018\/05\/keep2share_logo.jpg","width":382,"height":123},{"@type":"WebPage","@id":"https:\/\/multihoster.org\/es\/keep2share\/#webpage","url":"https:\/\/multihoster.org\/es\/keep2share\/","name":"lll\u25b7 Keep2share Premium Account seria o no +++ Test en Multihoster.org","isPartOf":{"@id":"https:\/\/multihoster.org\/#website"},"primaryImageOfPage":{"@id":"https:\/\/multihoster.org\/es\/keep2share\/#primaryimage"},"datePublished":"2018-05-22T16:54:50+00:00","dateModified":"2018-09-12T05:32:48+00:00","description":"Si Keep2share es un proveedor de buena reputaci\u00f3n o no, puede encontrar la respuesta en la prueba actual en Multihoster.org \u279c Ahora haga clic en \u271a para leer nuestras experiencias!","breadcrumb":{"@id":"https:\/\/multihoster.org\/es\/keep2share\/#breadcrumb"},"inLanguage":"es","potentialAction":[{"@type":"ReadAction","target":["https:\/\/multihoster.org\/es\/keep2share\/"]}]},{"@type":"BreadcrumbList","@id":"https:\/\/multihoster.org\/es\/keep2share\/#breadcrumb","itemListElement":[{"@type":"ListItem","position":1,"name":"Startseite","item":"https:\/\/multihoster.org\/es\/"},{"@type":"ListItem","position":2,"name":"Keep2Share Premium Account &#8211; El Filehoster de un vistazo"}]}]}},"_links":{"self":[{"href":"https:\/\/multihoster.org\/es\/wp-json\/wp\/v2\/pages\/327"}],"collection":[{"href":"https:\/\/multihoster.org\/es\/wp-json\/wp\/v2\/pages"}],"about":[{"href":"https:\/\/multihoster.org\/es\/wp-json\/wp\/v2\/types\/page"}],"author":[{"embeddable":true,"href":"https:\/\/multihoster.org\/es\/wp-json\/wp\/v2\/users\/2"}],"replies":[{"embeddable":true,"href":"https:\/\/multihoster.org\/es\/wp-json\/wp\/v2\/comments?post=327"}],"version-history":[{"count":8,"href":"https:\/\/multihoster.org\/es\/wp-json\/wp\/v2\/pages\/327\/revisions"}],"predecessor-version":[{"id":1362,"href":"https:\/\/multihoster.org\/es\/wp-json\/wp\/v2\/pages\/327\/revisions\/1362"}],"wp:attachment":[{"href":"https:\/\/multihoster.org\/es\/wp-json\/wp\/v2\/media?parent=327"}],"curies":[{"name":"wp","href":"https:\/\/api.w.org\/{rel}","templated":true}]}}