{"id":3336,"date":"2020-04-08T06:46:37","date_gmt":"2020-04-08T06:46:37","guid":{"rendered":"https:\/\/multihoster.org\/katfile-premium-account-the-filehoster-at-a-glance\/"},"modified":"2020-12-14T18:24:25","modified_gmt":"2020-12-14T18:24:25","slug":"katfile","status":"publish","type":"page","link":"https:\/\/multihoster.org\/es\/katfile\/","title":{"rendered":"KatFile Premium Cuenta: El Filehoster De Un Vistazo"},"content":{"rendered":"\n<p>Al igual que un amigo felino, puedes contar con la cuenta Premium de Katfile para ser el mejor proveedor de <a href=\"https:\/\/cloud.google.com\/storage\" target=\"_blank\" rel=\"noreferrer noopener\" aria-label=\"servicios de alojamiento de archivos (FHS) (opens in a new tab)\">servicios de alojamiento de archivos (FHS)<\/a> para todos tus archivos. Ya sea un documento, video, audio y todos los dem\u00e1s tipos de archivos que hay, la Cuenta Premium de Katfile te acompa\u00f1ar\u00e1 mientras salvaguardas tus archivos m\u00e1s importantes en l\u00ednea.<\/p>\n\n\n\n<p>Katfile Premium es un reputado proveedor de servicios de alojamiento de archivos en l\u00ednea (FHS), puede encontrar m\u00e1s informaci\u00f3n en la prueba actual en nuestro sitio web. Lea los art\u00edculos siguientes y enriqu\u00e9zcase con las funciones y caracter\u00edsticas de la cuenta de Katfile Premium.<\/p>\n\n\n<a class=\"maxbutton-2 maxbutton maxbutton-cta\" target=\"_blank\" rel=\"nofollow noopener\" href=\"\/katfile\/goto\/\"><span class='mb-text'>&gt;&gt; Ir a la p\u00e1gina web del Katfile Original<\/span><\/a>\n\n\n<p><\/p>\n\n\n\n<h2>Katfile Cuenta Premium de Antecedentes<\/h2>\n\n\n\n<p>Una cuenta Premium de Katfile le permitir\u00e1 acceder al servicio de alojamiento de archivos de Katfile (FHS) o al almacenamiento en nube que puede servir como un archivo de almacenamiento de reserva para todos sus archivos, incluso si se trata de un documento, videos, audios y todo tipo de archivos. Ahora que conoce a los desarrolladores y las cifras sobre la Cuenta Premium de Katfile, aprenda m\u00e1s sobre sus ricas funcionalidades y caracter\u00edsticas leyendo el art\u00edculo a continuaci\u00f3n.<\/p>\n\n\n\n<h2>Funciones y caracter\u00edsticas de la plataforma de cuentas Premium de Katfile<\/h2>\n\n\n\n<p>Katfile puede compararse con un compa\u00f1ero de viaje felino que te da comodidad y seguridad mientras te acompa\u00f1a. Al usar la plataforma Katfile, puede acceder f\u00e1cilmente a las funciones y caracter\u00edsticas de la cuenta Katfile Premium, ya que puede asegurar su propio espacio en el proveedor de servicios de alojamiento de archivos Katfile (FHS). Mientras que otros proveedores de servicios de hospedaje de archivos (FHS) o almacenamiento en nube limitan el tipo de archivo que puede subir, la plataforma Katfile a trav\u00e9s de la Cuenta Premium de Katfile le permite subir cualquier cosa sin importar el <a href=\"https:\/\/en.wikipedia.org\/wiki\/List_of_file_formats\" target=\"_blank\" rel=\"noreferrer noopener\" aria-label=\"formato (opens in a new tab)\">formato<\/a>, calidad, resoluci\u00f3n u otras propiedades. La plataforma Katfile a trav\u00e9s de la Cuenta Premium de Katfile asegura una perfecta comodidad al subir y almacenar sus archivos en el servicio de hospedaje de archivos (FHS) de Katfile y el almacenamiento en nube.<\/p>\n\n\n\n<figure class=\"wp-block-image\"><img src=\"https:\/\/lh4.googleusercontent.com\/ICW4PskowWMx4NNoWX0_wnL0e6OGgDagLfk6YByo5Ck6vIknmqjaig7lCrb72BuX46NRzVjhi1oelhmHexdwloJmyYt87n8mqgEkzXXCWMhzXKsyrAyD3h2yl5Q15nFfcnuJvJG-\" alt=\"The Katfile File Hosting Service (FHS) Platform\"\/><\/figure>\n\n\n\n<p>La plataforma del Servicio de Alojamiento de Archivos Katfile (FHS)<\/p>\n\n\n\n<p>Aunque decimos que puedes subir cualquier cosa sin importar el formato, calidad, resoluci\u00f3n u otra propiedad del archivo, la plataforma Katfile a trav\u00e9s de la Cuenta Premium de Katfile cumple con todos los est\u00e1ndares locales e internacionales especialmente en la Ley de <a href=\"https:\/\/en.wikipedia.org\/wiki\/Digital_Millennium_Copyright_Act\" target=\"_blank\" rel=\"noreferrer noopener\" aria-label=\"Derechos de Autor del Milenio Digital (DMCA) (opens in a new tab)\">Derechos de Autor del Milenio Digital (DMCA)<\/a>. Tan pronto como hayas subido tu archivo, la plataforma Katfile a trav\u00e9s de la Cuenta Premium Katfile ejecuta su programaci\u00f3n incorporada para detectar cualquier tipo de desnudos, pornograf\u00eda y archivos con derechos de autor que violen las leyes y regulaciones existentes en Internet en todo el mundo.<\/p>\n\n\n\n<p>The Domain Protection Services, Inc. integr\u00f3 la funci\u00f3n de seguridad de los derechos de autor para acompa\u00f1ar la accesibilidad con la seguridad en beneficio de sus usuarios en todo el mundo. La plataforma Katfile, a trav\u00e9s de la Cuenta Premium de Katfile, no s\u00f3lo proporciona el servicio de alojamiento de archivos Katfile (FHS) y el almacenamiento en nube, sino que tambi\u00e9n garantiza la seguridad de los archivos de sus usuarios, ya que la plataforma cumple continuamente con las leyes de propiedad intelectual en todo el mundo.<\/p>\n\n\n\n<figure class=\"wp-block-image\"><img src=\"https:\/\/lh6.googleusercontent.com\/9BB5t0_ql0oRvoYLgk_ZsLEHEV4oLQtgJzOoRqdOHYNpegyu1qkFnjE-bTii2UQWKKfI3KrqYIPovAakyVKT13ZCe3hHr3pZdE6ILu9lwL0Yym6gYaQvqhO9pD3ELksBf1j_E1H8\" alt=\"Copyright Security is a priority\"\/><\/figure>\n\n\n\n<p>La seguridad de los derechos de autor es una prioridad para la plataforma Katfile<\/p>\n\n\n\n<p>Los archivos subidos a la plataforma Katfile a trav\u00e9s de la cuenta Premium de Katfile pueden ser f\u00e1cilmente eliminados en cualquier momento con s\u00f3lo navegar en los men\u00fas desplegables de cada uno de los archivos de los usuarios. M\u00faltiples eliminaciones en la plataforma Katfile a trav\u00e9s de la Cuenta Premium de Katfile tambi\u00e9n se pueden hacer f\u00e1cilmente usando la marca todas las caracter\u00edsticas de la plataforma Katfile. La expiraci\u00f3n de la Cuenta Premium de Katfile tambi\u00e9n eliminar\u00e1 autom\u00e1ticamente todos los archivos subidos por sus usuarios.<\/p>\n\n\n\n<p>Estas ricas funciones y caracter\u00edsticas son muy envidiadas por la competencia del servicio de alojamiento de archivos (FHS) y los proveedores de almacenamiento en la nube. Muchos de los competidores ya imitan la plataforma Katfile a trav\u00e9s de la Cuenta Premium de Katfile, pero no pudieron igualarla ya que la plataforma Katfile a trav\u00e9s de la Cuenta Premium de Katfile se adapta continuamente a las tecnolog\u00edas recientes y se desarrolla m\u00e1s para ofrecer el mejor servicio de alojamiento de archivos (FHS) y la accesibilidad de almacenamiento en nube a todos sus usuarios de todo el mundo.<\/p>\n\n\n\n<p>Hemos detallado las caracter\u00edsticas de la plataforma Katfile en la siguiente tabla. Aprenda m\u00e1s y acceda a la seguridad que ofrece la plataforma Katfile Premium.<\/p>\n\n\n\n<figure class=\"wp-block-table\"><table><tbody><tr><td>Particulares<\/td><td>Cuenta gratuita de Katfile<\/td><td>Cuenta(s) Katfile Premium<\/td><\/tr><tr><td>Cuota de inscripci\u00f3n<\/td><td>Completamente libre<\/td><td>La cuant\u00eda var\u00eda entre 15 y 99 d\u00f3lares de los EE.UU. (15,99 d\u00f3lares); 44 y 99 d\u00f3lares de los EE.UU. (44,99 d\u00f3lares); 99 y 99 d\u00f3lares de los EE.UU. (99,99 d\u00f3lares) y 100, 99 y 99 d\u00f3lares de los EE.UU. (199,99 d\u00f3lares).<\/td><\/tr><tr><td>Accesibilidad<\/td><td>Tiene un dise\u00f1o muy t\u00e9cnico del sitio web<\/td><td>Integrado con una programaci\u00f3n e interfaz ergon\u00f3mica e innovadora del sitio web<\/td><\/tr><tr><td>Volumen de descarga por d\u00eda<\/td><td>Un m\u00e1ximo de un (1) Gigabyte (GB) por d\u00eda<\/td><td>M\u00e1ximo de 50 gigabytes (GB) por d\u00eda<\/td><\/tr><tr><td>M\u00e1ximo espacio de almacenamiento<\/td><td>Un m\u00e1ximo de un (1) Terabytes (TB) por mes<\/td><td>Asignaci\u00f3n de almacenamiento ilimitado<\/td><\/tr><tr><td>Descarga reanudable<\/td><td>No se puede continuar con descargas pausadas o interrumpidas<\/td><td>Puede reanudar la descarga en cualquier momento y todo el tiempo<\/td><\/tr><tr><td>Velocidad m\u00e1xima de descarga<\/td><td>Ofrece s\u00f3lo hasta cien (100) Kilobytes (KB) por segundo<\/td><td>Da la m\u00e1xima velocidad de descarga que un ancho de banda de Internet puede ofrecer<\/td><\/tr><tr><td>Protecci\u00f3n contra el robo de datos y el phishing de datos<\/td><td>Tiene <a href=\"https:\/\/computersciencewiki.org\/index.php\/Client-side_scripting_and_server-side_scripting\" target=\"_blank\" rel=\"noreferrer noopener\" aria-label=\"protecci\u00f3n  (opens in a new tab)\">protecci\u00f3n <\/a>contra Adware, Spyware, Malware, Trojan Horse y gusanos; y cumple con la DMCA y otras leyes relacionadas<\/td><td>Tiene <a href=\"https:\/\/computersciencewiki.org\/index.php\/Client-side_scripting_and_server-side_scripting\" target=\"_blank\" rel=\"noreferrer noopener\" aria-label=\"protecci\u00f3n  (opens in a new tab)\">protecci\u00f3n <\/a>contra Adware, Spyware, Malware, Trojan Horse y gusanos; y cumple con la DMCA y otras leyes relacionadas<\/td><\/tr><tr><td>Katfile Captchas y Colas<\/td><td>Cumplir con todos los captchas y colas requeridas<\/td><td>No hay necesidad de realizar los captchas y colas requeridas<\/td><\/tr><tr><td>Expiraci\u00f3n de los archivos almacenados<\/td><td>Treinta (30) d\u00edas despu\u00e9s de la \u00faltima carga o descarga<\/td><td>Sesenta (60) d\u00edas despu\u00e9s de la \u00faltima carga o descarga<\/td><\/tr><tr><td>Tiempo de espera de la descarga<\/td><td>Espere treinta (30) segundos de tiempo de carga<\/td><td>No hay tiempo de espera para la descarga<\/td><\/tr><tr><td>Anuncios de patrocinadores de Katfile<\/td><td>Ver anuncios de patrocinadores de Katfile<\/td><td>Libre de toda publicidad interna y externa<\/td><\/tr><tr><td>Descarga simult\u00e1nea m\u00e1xima<\/td><td>S\u00f3lo una (1) descarga simult\u00e1nea m\u00e1xima<\/td><td>Descarga simult\u00e1nea ilimitada<\/td><\/tr><\/tbody><\/table><\/figure>\n\n\n<a class=\"maxbutton-2 maxbutton maxbutton-cta\" target=\"_blank\" rel=\"nofollow noopener\" href=\"\/katfile\/goto\/\"><span class='mb-text'>&gt;&gt; Ir a la p\u00e1gina web del Katfile Original<\/span><\/a>\n\n\n<p><\/p>\n\n\n\n<p>Como se muestra arriba, la Cuenta Premium de Katfile tiene muchas ventajas en comparaci\u00f3n con la Cuenta Gratuita de Katfile. Por una cuota, la Cuenta Premium de Katfile tiene un volumen de descarga mayor por d\u00eda ofreciendo hasta un m\u00e1ximo de 50 gigabytes (GB) por d\u00eda. La Cuenta Premium de Katfile tambi\u00e9n ofrece almacenamiento web ilimitado en l\u00ednea o almacenamiento en nube que puede reanudar descargas pausadas o canceladas de navegadores como Internet Explorer, Microsoft Edge, Safari, Opera, Google Chrome y Mozilla Firefox.<\/p>\n\n\n\n<p>Tambi\u00e9n puede descargar con ancho de banda ilimitado con la Cuenta Premium de Katfile &#8211; lo que significa que no se le obstaculizar\u00e1 y podr\u00e1 utilizar su velocidad de internet m\u00e1s r\u00e1pida mientras usa la Plataforma Katfile a trav\u00e9s de la Cuenta Premium de Katfile. Para apoyar el mantenimiento de la plataforma Katfile, los Servicios de Protecci\u00f3n de Dominio, Inc. emplearon captchas, colas y anuncios de patrocinadores para la Cuenta Gratuita Katfile pero con la Cuenta Premium Katfile, le aseguramos que no ser\u00e1 molestado por ning\u00fan requerimiento para realizar captchas y colas o ver cualquier tipo de anuncios. Adem\u00e1s, con la Cuenta Premium de Katfile, no esperar\u00e1 a que su descarga empiece, a diferencia de la Cuenta Premium de Katfile donde se requerir\u00e1 que espere treinta (30) segundos de tiempo de carga. Adem\u00e1s, puede descargar m\u00faltiples archivos (sin importar su tipo) simult\u00e1neamente en la plataforma Katfile usando la Cuenta Premium de Katfile, esto asegurar\u00e1 la eficiencia y facilidad en el uso de nuestros clientes de la Cuenta Premium de Katfile.<\/p>\n\n\n\n<p>Hemos llenado la plataforma Katfile con caracter\u00edsticas y funciones para servir como el mejor almacenamiento en l\u00ednea de la web y el almacenamiento en la nube. Mientras que estamos seguros que la Cuenta Gratuita de Katfile satisfar\u00e1 su necesidad de almacenamiento web en l\u00ednea y almacenamiento en nube, la Cuenta Premium de Katfile tiene una funci\u00f3n y caracter\u00edsticas adicionales para proveer a\u00fan m\u00e1s facilidad y eficiencia a cambio de la peque\u00f1a cantidad de cuota de registro para la plataforma Katfile.<\/p>\n\n\n\n<h2>Katfile Premium Account Registration Promos&#8217;<\/h2>\n\n\n\n<p>La Cuenta Premium de Katfile ofrece las tarifas de registro m\u00e1s asequibles entre su competidor de almacenamiento en l\u00ednea y en la nube. Hemos detallado los esquemas de registro para la Cuenta Premium de Katfile a continuaci\u00f3n.<\/p>\n\n\n\n<figure class=\"wp-block-table\"><table><tbody><tr><td>Esquemas de registro de cuentas Premium de Katfile<\/td><td>Cuota de registro<\/td><\/tr><tr><td>Cuenta Premium de Katfile por treinta (30) d\u00edas<\/td><td>$ 15.99 USD<\/td><\/tr><tr><td>Cuenta Premium de Katfile por noventa (90) d\u00edas<\/td><td>$ 44.99 USD<\/td><\/tr><tr><td>Cuenta Premium de Katfile por un (1) a\u00f1o<\/td><td>$ 99.99 USD<\/td><\/tr><tr><td>Cuenta de por vida de Katfile Premium<\/td><td>$ 199.99 USD<\/td><\/tr><\/tbody><\/table><\/figure>\n\n\n\n<p>La Cuenta Premium de Katfile tiene cuatro (4) esquemas de registro para la accesibilidad y compatibilidad de los diferentes usuarios. The Domain Protection Services, Inc. los dise\u00f1\u00f3 para satisfacer las necesidades de cada uno de sus usuarios. Uno puede optar por tener una Cuenta Premium Katfile por treinta (30) d\u00edas por quince y noventa y nueve ($ 15.99 USD) d\u00f3lares americanos; Cuenta Premium Katfile por noventa (90) d\u00edas por cuarenta y cuatro y noventa y nueve ($ 44.99 USD) d\u00f3lares americanos; o Cuenta Premium Katfile por un (1) a\u00f1o por noventa y nueve y noventa y nueve ($ 99.99 USD) d\u00f3lares americanos.<\/p>\n\n\n\n<figure class=\"wp-block-image\"><img src=\"https:\/\/lh6.googleusercontent.com\/MC_3H6xFCnoQKBqgzNpY49fsbqHIwS1Ps-qDYMNX1rbB7wZYPfOj9ZjeKkTlkz3U7I21uX51wk2OwsTAgWxWgfFZJDfi4WNxnOhMKf3Asq_4MvwD9P8NbLKVMIm9XBYfJdlFi5js\" alt=\"Flexible registration schemes for Katfile Premium Account\"\/><\/figure>\n\n\n\n<p>La Cuenta Premium de Katfile ofrece esquemas de registro flexibles<\/p>\n\n\n\n<p>A partir de estos, recomendamos encarecidamente tener una Cuenta Premium de por vida de Katfile por ciento noventa y nueve ($ 199.99 USD) d\u00f3lares americanos para disfrutar plenamente de las caracter\u00edsticas y experimentar las ricas funcionalidades de la plataforma Katfile a trav\u00e9s de la Cuenta Premium de Katfile.<\/p>\n\n\n\n<h2>Conclusiones sobre la cuenta Premium de Katfile<\/h2>\n\n\n\n<p>Si todav\u00eda no te has decidido a usar y disfrutar de la plataforma Katfile, puedes probar primero nuestra Cuenta Gratuita Katfile y te aseguramos que todas las dificultades de Domain Protection Services, Inc. no son en vano ya que estamos probados por el tiempo para ser el mejor proveedor de servicios de alojamiento de archivos (FHS) para todos tus archivos que puedes usar y disfrutar y utilizar f\u00e1cilmente como un compa\u00f1ero felino que camina!<\/p>\n\n\n<a class=\"maxbutton-2 maxbutton maxbutton-cta\" target=\"_blank\" rel=\"nofollow noopener\" href=\"\/katfile\/goto\/\"><span class='mb-text'>&gt;&gt; Ir a la p\u00e1gina web del Katfile Original<\/span><\/a>\n\n\n<p><\/p>\n","protected":false},"excerpt":{"rendered":"<p>Al igual que un amigo felino, puedes contar con la cuenta Premium de Katfile para ser el mejor proveedor de<\/p>\n","protected":false},"author":2,"featured_media":0,"parent":0,"menu_order":0,"comment_status":"closed","ping_status":"closed","template":"","meta":[],"yoast_head":"<!-- This site is optimized with the Yoast SEO plugin v18.3 - https:\/\/yoast.com\/wordpress\/plugins\/seo\/ -->\n<title>KatFile Premium Cuenta: El Filehoster De Un Vistazo<\/title>\n<meta name=\"description\" content=\"\u00bfEs KatFile un proveedor de buena reputaci\u00f3n o no, puedes encontrar la respuesta en el test actual en Multihoster.org \u279c Haz clic ahora \u271a para leer nuestras experiencias!\" \/>\n<meta name=\"robots\" content=\"index, follow, max-snippet:-1, max-image-preview:large, max-video-preview:-1\" \/>\n<link rel=\"canonical\" href=\"https:\/\/multihoster.org\/es\/katfile\/\" \/>\n<meta property=\"og:locale\" content=\"es_ES\" \/>\n<meta property=\"og:type\" content=\"article\" \/>\n<meta property=\"og:title\" content=\"KatFile Premium Cuenta: El Filehoster De Un Vistazo\" \/>\n<meta property=\"og:description\" content=\"\u00bfEs KatFile un proveedor de buena reputaci\u00f3n o no, puedes encontrar la respuesta en el test actual en Multihoster.org \u279c Haz clic ahora \u271a para leer nuestras experiencias!\" \/>\n<meta property=\"og:url\" content=\"https:\/\/multihoster.org\/es\/katfile\/\" \/>\n<meta property=\"og:site_name\" content=\"Multihoster.org\" \/>\n<meta property=\"article:modified_time\" content=\"2020-12-14T18:24:25+00:00\" \/>\n<meta property=\"og:image\" content=\"https:\/\/lh4.googleusercontent.com\/ICW4PskowWMx4NNoWX0_wnL0e6OGgDagLfk6YByo5Ck6vIknmqjaig7lCrb72BuX46NRzVjhi1oelhmHexdwloJmyYt87n8mqgEkzXXCWMhzXKsyrAyD3h2yl5Q15nFfcnuJvJG-\" \/>\n<meta name=\"twitter:card\" content=\"summary\" \/>\n<meta name=\"twitter:label1\" content=\"Tiempo de lectura\" \/>\n\t<meta name=\"twitter:data1\" content=\"9 minutos\" \/>\n<script type=\"application\/ld+json\" class=\"yoast-schema-graph\">{\"@context\":\"https:\/\/schema.org\",\"@graph\":[{\"@type\":\"WebSite\",\"@id\":\"https:\/\/multihoster.org\/#website\",\"url\":\"https:\/\/multihoster.org\/\",\"name\":\"Multihoster.org\",\"description\":\"Reviews of the major Filehosting services\",\"potentialAction\":[{\"@type\":\"SearchAction\",\"target\":{\"@type\":\"EntryPoint\",\"urlTemplate\":\"https:\/\/multihoster.org\/?s={search_term_string}\"},\"query-input\":\"required name=search_term_string\"}],\"inLanguage\":\"es\"},{\"@type\":\"ImageObject\",\"@id\":\"https:\/\/multihoster.org\/es\/katfile\/#primaryimage\",\"inLanguage\":\"es\",\"url\":\"https:\/\/lh4.googleusercontent.com\/ICW4PskowWMx4NNoWX0_wnL0e6OGgDagLfk6YByo5Ck6vIknmqjaig7lCrb72BuX46NRzVjhi1oelhmHexdwloJmyYt87n8mqgEkzXXCWMhzXKsyrAyD3h2yl5Q15nFfcnuJvJG-\",\"contentUrl\":\"https:\/\/lh4.googleusercontent.com\/ICW4PskowWMx4NNoWX0_wnL0e6OGgDagLfk6YByo5Ck6vIknmqjaig7lCrb72BuX46NRzVjhi1oelhmHexdwloJmyYt87n8mqgEkzXXCWMhzXKsyrAyD3h2yl5Q15nFfcnuJvJG-\"},{\"@type\":\"WebPage\",\"@id\":\"https:\/\/multihoster.org\/es\/katfile\/#webpage\",\"url\":\"https:\/\/multihoster.org\/es\/katfile\/\",\"name\":\"KatFile Premium Cuenta: El Filehoster De Un Vistazo\",\"isPartOf\":{\"@id\":\"https:\/\/multihoster.org\/#website\"},\"primaryImageOfPage\":{\"@id\":\"https:\/\/multihoster.org\/es\/katfile\/#primaryimage\"},\"datePublished\":\"2020-04-08T06:46:37+00:00\",\"dateModified\":\"2020-12-14T18:24:25+00:00\",\"description\":\"\u00bfEs KatFile un proveedor de buena reputaci\u00f3n o no, puedes encontrar la respuesta en el test actual en Multihoster.org \u279c Haz clic ahora \u271a para leer nuestras experiencias!\",\"breadcrumb\":{\"@id\":\"https:\/\/multihoster.org\/es\/katfile\/#breadcrumb\"},\"inLanguage\":\"es\",\"potentialAction\":[{\"@type\":\"ReadAction\",\"target\":[\"https:\/\/multihoster.org\/es\/katfile\/\"]}]},{\"@type\":\"BreadcrumbList\",\"@id\":\"https:\/\/multihoster.org\/es\/katfile\/#breadcrumb\",\"itemListElement\":[{\"@type\":\"ListItem\",\"position\":1,\"name\":\"Startseite\",\"item\":\"https:\/\/multihoster.org\/es\/\"},{\"@type\":\"ListItem\",\"position\":2,\"name\":\"KatFile Premium Cuenta: El Filehoster De Un Vistazo\"}]}]}<\/script>\n<!-- \/ Yoast SEO plugin. -->","yoast_head_json":{"title":"KatFile Premium Cuenta: El Filehoster De Un Vistazo","description":"\u00bfEs KatFile un proveedor de buena reputaci\u00f3n o no, puedes encontrar la respuesta en el test actual en Multihoster.org \u279c Haz clic ahora \u271a para leer nuestras experiencias!","robots":{"index":"index","follow":"follow","max-snippet":"max-snippet:-1","max-image-preview":"max-image-preview:large","max-video-preview":"max-video-preview:-1"},"canonical":"https:\/\/multihoster.org\/es\/katfile\/","og_locale":"es_ES","og_type":"article","og_title":"KatFile Premium Cuenta: El Filehoster De Un Vistazo","og_description":"\u00bfEs KatFile un proveedor de buena reputaci\u00f3n o no, puedes encontrar la respuesta en el test actual en Multihoster.org \u279c Haz clic ahora \u271a para leer nuestras experiencias!","og_url":"https:\/\/multihoster.org\/es\/katfile\/","og_site_name":"Multihoster.org","article_modified_time":"2020-12-14T18:24:25+00:00","og_image":[{"url":"https:\/\/lh4.googleusercontent.com\/ICW4PskowWMx4NNoWX0_wnL0e6OGgDagLfk6YByo5Ck6vIknmqjaig7lCrb72BuX46NRzVjhi1oelhmHexdwloJmyYt87n8mqgEkzXXCWMhzXKsyrAyD3h2yl5Q15nFfcnuJvJG-"}],"twitter_card":"summary","twitter_misc":{"Tiempo de lectura":"9 minutos"},"schema":{"@context":"https:\/\/schema.org","@graph":[{"@type":"WebSite","@id":"https:\/\/multihoster.org\/#website","url":"https:\/\/multihoster.org\/","name":"Multihoster.org","description":"Reviews of the major Filehosting services","potentialAction":[{"@type":"SearchAction","target":{"@type":"EntryPoint","urlTemplate":"https:\/\/multihoster.org\/?s={search_term_string}"},"query-input":"required name=search_term_string"}],"inLanguage":"es"},{"@type":"ImageObject","@id":"https:\/\/multihoster.org\/es\/katfile\/#primaryimage","inLanguage":"es","url":"https:\/\/lh4.googleusercontent.com\/ICW4PskowWMx4NNoWX0_wnL0e6OGgDagLfk6YByo5Ck6vIknmqjaig7lCrb72BuX46NRzVjhi1oelhmHexdwloJmyYt87n8mqgEkzXXCWMhzXKsyrAyD3h2yl5Q15nFfcnuJvJG-","contentUrl":"https:\/\/lh4.googleusercontent.com\/ICW4PskowWMx4NNoWX0_wnL0e6OGgDagLfk6YByo5Ck6vIknmqjaig7lCrb72BuX46NRzVjhi1oelhmHexdwloJmyYt87n8mqgEkzXXCWMhzXKsyrAyD3h2yl5Q15nFfcnuJvJG-"},{"@type":"WebPage","@id":"https:\/\/multihoster.org\/es\/katfile\/#webpage","url":"https:\/\/multihoster.org\/es\/katfile\/","name":"KatFile Premium Cuenta: El Filehoster De Un Vistazo","isPartOf":{"@id":"https:\/\/multihoster.org\/#website"},"primaryImageOfPage":{"@id":"https:\/\/multihoster.org\/es\/katfile\/#primaryimage"},"datePublished":"2020-04-08T06:46:37+00:00","dateModified":"2020-12-14T18:24:25+00:00","description":"\u00bfEs KatFile un proveedor de buena reputaci\u00f3n o no, puedes encontrar la respuesta en el test actual en Multihoster.org \u279c Haz clic ahora \u271a para leer nuestras experiencias!","breadcrumb":{"@id":"https:\/\/multihoster.org\/es\/katfile\/#breadcrumb"},"inLanguage":"es","potentialAction":[{"@type":"ReadAction","target":["https:\/\/multihoster.org\/es\/katfile\/"]}]},{"@type":"BreadcrumbList","@id":"https:\/\/multihoster.org\/es\/katfile\/#breadcrumb","itemListElement":[{"@type":"ListItem","position":1,"name":"Startseite","item":"https:\/\/multihoster.org\/es\/"},{"@type":"ListItem","position":2,"name":"KatFile Premium Cuenta: El Filehoster De Un Vistazo"}]}]}},"_links":{"self":[{"href":"https:\/\/multihoster.org\/es\/wp-json\/wp\/v2\/pages\/3336"}],"collection":[{"href":"https:\/\/multihoster.org\/es\/wp-json\/wp\/v2\/pages"}],"about":[{"href":"https:\/\/multihoster.org\/es\/wp-json\/wp\/v2\/types\/page"}],"author":[{"embeddable":true,"href":"https:\/\/multihoster.org\/es\/wp-json\/wp\/v2\/users\/2"}],"replies":[{"embeddable":true,"href":"https:\/\/multihoster.org\/es\/wp-json\/wp\/v2\/comments?post=3336"}],"version-history":[{"count":4,"href":"https:\/\/multihoster.org\/es\/wp-json\/wp\/v2\/pages\/3336\/revisions"}],"predecessor-version":[{"id":5435,"href":"https:\/\/multihoster.org\/es\/wp-json\/wp\/v2\/pages\/3336\/revisions\/5435"}],"wp:attachment":[{"href":"https:\/\/multihoster.org\/es\/wp-json\/wp\/v2\/media?parent=3336"}],"curies":[{"name":"wp","href":"https:\/\/api.w.org\/{rel}","templated":true}]}}