{"id":3369,"date":"2020-04-08T09:30:20","date_gmt":"2020-04-08T09:30:20","guid":{"rendered":"https:\/\/multihoster.org\/catshare\/"},"modified":"2020-06-01T10:31:58","modified_gmt":"2020-06-01T10:31:58","slug":"catshare","status":"publish","type":"page","link":"https:\/\/multihoster.org\/es\/catshare\/","title":{"rendered":"Catshare Premium Cuenta: El Filehoster De Un Vistazo"},"content":{"rendered":"\n<p>La plataforma Catshare es el proveedor de servicios de alojamiento de archivos (<a rel=\"noreferrer noopener\" aria-label=\"FHS (opens in a new tab)\" href=\"https:\/\/cloud.google.com\/storage\" target=\"_blank\">FHS<\/a>) m\u00e1s conveniente y seguro del mundo. Es como tu peque\u00f1o amigo felino peludo que es tan peludo y esponjoso por fuera pero esconde una bestia feroz por dentro. Tiene caracter\u00edsticas ricas y accesibles para que las disfrutes. Es muy f\u00e1cil de usar. Ni siquiera notar\u00e1s el tiempo mientras lo usas ya que es muy entretenido usar nuestra plataforma.<\/p>\n\n\n\n<p>Lea nuestro art\u00edculo y sea testigo de c\u00f3mo este enorme avance en el servicio de alojamiento de archivos (FHS) muestra el equilibrio perfecto entre comodidad y seguridad. Lee m\u00e1s y aprende sobre la historia y el ranking web del servicio de alojamiento de archivos (FHS) de Catshare, el inicio de tu primera cuenta en la plataforma del servicio de alojamiento de archivos (FHS), las caracter\u00edsticas \u00fanicas de nuestro servicio de alojamiento de archivos (FHS), los diferentes tipos de planes Premium del servicio de alojamiento de archivos (FHS) de Catshare y algunas preguntas frecuentes sobre la plataforma Catshare.<\/p>\n\n\n\n<p>Ahora que tiene una base de la credibilidad y el honor de la plataforma, vea lo que ofrece la plataforma y le aseguramos que nunca se arrepentir\u00e1 de registrar una cuenta por sus caracter\u00edsticas ricas y accesibles para que las disfrute.<\/p>\n\n\n<a class=\"maxbutton-2 maxbutton maxbutton-cta\" target=\"_blank\" rel=\"nofollow noopener\" href=\"\/go\/\"><span class='mb-text'>&gt;&gt; Ir a la p\u00e1gina web original de Linkifier <\/span><\/a>\n\n\n<p><\/p>\n\n\n\n<h2>Caracter\u00edsticas del servicio de alojamiento de archivos Catshare<\/h2>\n\n\n\n<p>El Servicio de Alojamiento de Archivos Catshare (FHS) tiene el equilibrio adecuado entre accesibilidad y funcionalidad. Consulte la Tabla 1. Para saber qu\u00e9 es lo que hace que la plataforma sea \u00fanica de sus competidores.<\/p>\n\n\n\n<p>Tabla 1. Las caracter\u00edsticas de las cuentas Catshare (gratuitas y premium) en comparaci\u00f3n con otras plataformas de almacenamiento en la nube<\/p>\n\n\n\n<figure class=\"wp-block-table\"><table><tbody><tr><td class=\"has-text-align-center\" data-align=\"center\"> Catshare Cuentas <\/td><\/tr><\/tbody><\/table><\/figure>\n\n\n\n<figure class=\"wp-block-table\"><table><tbody><tr><td>Caracter\u00edsticas de Catshare<\/td><td>Otras plataformas de almacenamiento en la nube <\/td><td>Cuenta gratuita de Catshare <\/td><td>Cuenta Premium de Catshare <\/td><\/tr><tr><td>Pago por la inscripci\u00f3n <\/td><td>Se requiere un pago costoso para inscribirse <\/td><td>No requiere un pago de inscripci\u00f3n <\/td><td>Ofrece un pago de inscripci\u00f3n flexible y asequible <\/td><\/tr><tr><td>Velocidad m\u00e1xima de descarga <\/td><td>70 kb por segundo <\/td><td>150 kb por segundo <\/td><td>NO HAY L\u00cdMITE DE VELOCIDAD DE DESCARGA <\/td><\/tr><tr><td>N\u00famero de descargas por d\u00eda <\/td><td>S\u00f3lo se puede descargar un archivo por d\u00eda <\/td><td>Puede descargar instant\u00e1neamente despu\u00e9s de 1 hora de espera <\/td><td>COMIENZA LA DESCARGA INMEDIATAMENTE <\/td><\/tr><tr><td>Soporte para descarga m\u00faltiple <\/td><td>No se permite descargar m\u00faltiples archivos al mismo tiempo <\/td><td>No se permite descargar m\u00faltiples archivos al mismo tiempo <\/td><td>SOPORTA M\u00daLTIPLES DESCARGAS <\/td><\/tr><tr><td>Descarga reanudable <\/td><td>No soporta la descarga reanudada <\/td><td>No soporta la descarga reanudada <\/td><td>APOYA LA DESCARGA REANUDADA <\/td><\/tr><tr><td>Almacenamiento en l\u00ednea asignado <\/td><td>S\u00f3lo 500 mb <\/td><td>Con una asignaci\u00f3n de 3 TB de almacenamiento en l\u00ednea <\/td><td>TIENE ASIGNADO UN ALMACENAMIENTO EN L\u00cdNEA DE 300 GB <\/td><\/tr><tr><td>Anuncios en el sitio web <\/td><td>Tiene numerosos anuncios en el sitio web <\/td><td>Tiene pocos anuncios en el sitio web <\/td><td>NO TIENE NING\u00daN TIPO DE ANUNCIOS MOLESTOS <\/td><\/tr><tr><td>Integraci\u00f3n de Captchas y Colas <\/td><td>Lleno de numerosas y molestas captchas y colas <\/td><td>Integrado con unas pocas captchas y colas <\/td><td>NO HAY MOLESTOS CAPTCHAS Y COLAS <\/td><\/tr><tr><td>Custodia de archivos <\/td><td>Su expediente se guarda durante 30 d\u00edas despu\u00e9s de su \u00faltima entrada. <\/td><td>Su expediente se guarda durante 60 d\u00edas despu\u00e9s de su \u00faltima entrada. <\/td><td>SUS ARCHIVOS NUNCA SE BORRAR\u00c1N Y ES SEGURO <\/td><\/tr><tr><td>Soporte para Gestores de Descarga de Terceros <\/td><td>No es compatible con los gestores de descarga de terceros <\/td><td>No es compatible con los gestores de descarga de terceros <\/td><td>APOYA A LOS ADMINISTRADORES DE DESCARGAS DE TERCEROS <\/td><\/tr><\/tbody><\/table><\/figure>\n\n\n\n<p>Se ilustran arriba las caracter\u00edsticas distintivas del Servicio de Alojamiento de Archivos Catshare (FHS) que lo separan de sus otros competidores de almacenamiento en la nube. Nuestra cuenta gratuita tiene una serie de ventajas en comparaci\u00f3n con otras plataformas de almacenamiento en la nube, como la de no requerir pagos por el registro inicial. Usted lo escuch\u00f3 bien, la Cuenta Gratuita de Catshare no requiere un pago de registro inicial, lo que significa que puede utilizar nuestra plataforma con todas sus caracter\u00edsticas de forma gratuita a diferencia de las plataformas de almacenamiento en la nube que requieren un pago costoso al registrarse. La Cuenta Gratuita Catshare tambi\u00e9n puede descargar hasta 150 kb por segundo a diferencia de su competidor que normalmente s\u00f3lo puede descargar hasta 70 kb por segundo. Tambi\u00e9n puede descargar inmediatamente despu\u00e9s de 1 hora a diferencia de nuestro competidor que normalmente s\u00f3lo puede descargar 1 archivo por d\u00eda. La cuenta gratuita tambi\u00e9n tiene un mayor almacenamiento con su asignaci\u00f3n de 3 TB de almacenamiento en l\u00ednea a diferencia de las marcas competidoras que s\u00f3lo tienen 500 mb de asignaci\u00f3n de almacenamiento en l\u00ednea. Tambi\u00e9n hay menos anuncios en nuestra cuenta gratuita en comparaci\u00f3n con nuestros competidores que suelen tener numerosos anuncios molestos. Otras cosas molestas de nuestro sitio de alojamiento de archivos de la competencia son los numerosos y molestos <a rel=\"noreferrer noopener\" aria-label=\"captchas  (opens in a new tab)\" href=\"http:\/\/www.en.wikipedia.org\/wiki\/CAPTCHA\" target=\"_blank\">captchas <\/a>y colas mientras que en nuestra cuenta gratuita s\u00f3lo tenemos unos pocos captchas y colas integrados en el sitio web. Nuestra cuenta gratuita tambi\u00e9n tiene un per\u00edodo de custodia m\u00e1s largo donde su archivo se guarda durante 60 d\u00edas despu\u00e9s de su \u00faltimo inicio de sesi\u00f3n en comparaci\u00f3n con nuestros competidores que normalmente s\u00f3lo almacenan sus archivos durante 30 d\u00edas despu\u00e9s de su \u00faltimo inicio de sesi\u00f3n. En resumen, la Cuenta Premium de Catshare tiene muchas caracter\u00edsticas y ventajas en comparaci\u00f3n con nuestros competidores.<\/p>\n\n\n\n<div class=\"wp-block-image\"><figure class=\"aligncenter size-large\"><img loading=\"lazy\" width=\"401\" height=\"267\" src=\"https:\/\/multihoster.org\/wp-content\/uploads\/2020\/04\/Catshare.png\" alt=\"Catshare\" class=\"wp-image-3351\" srcset=\"https:\/\/multihoster.org\/wp-content\/uploads\/2020\/04\/Catshare.png 401w, https:\/\/multihoster.org\/wp-content\/uploads\/2020\/04\/Catshare-300x200.png 300w\" sizes=\"(max-width: 401px) 100vw, 401px\" \/><\/figure><\/div>\n\n\n\n<p>Con la Cuenta Premium de Catshare, puedes tener una velocidad de descarga ilimitada<\/p>\n\n\n\n<p>Pero luego ofrecemos m\u00e1s caracter\u00edsticas en la Cuenta Premium de Catshare. Al utilizar nuestra cuenta premium, usted se suscribe a un flexible y asequible plan de pago por suscripci\u00f3n; que le da la libertad de no tener ning\u00fan l\u00edmite de velocidad de descarga; descarga instant\u00e1neamente su archivo incluso despu\u00e9s de su \u00faltima descarga; soporte para descarga m\u00faltiple as\u00ed como para descarga reanudada; que tambi\u00e9n ofrece una masiva asignaci\u00f3n de almacenamiento online de 300 GB; sin esos molestos anuncios ni molestos captchas y colas. Tambi\u00e9n le aseguramos que puede utilizar cualquier gestor de descargas de terceros y que sus archivos en la Cuenta Premium de Catshare nunca ser\u00e1n eliminados y estar\u00e1n seguros para siempre. \u00bfDemasiado bueno para ser verdad? No, porque la Cuenta Premium de Catshare est\u00e1 enfocada a darte el mejor servicio de alojamiento de archivos (FHS) que te mereces.<\/p>\n\n\n\n<p>Ahora que ya sabes lo que la Cuenta Premium de Catshare puede dar. Ahora, comienza a usarla aprendiendo a registrarte a trav\u00e9s del siguiente art\u00edculo.<\/p>\n\n\n\n<h2>Reg\u00edstrese en el servicio de alojamiento de archivos Catshare<\/h2>\n\n\n\n<p>Puede registrarse f\u00e1cilmente en el Servicio de Alojamiento de Archivos Catshare (FHS) yendo a nuestra p\u00e1gina web en la p\u00e1gina de registro. S\u00f3lo tiene que <a rel=\"noreferrer noopener\" aria-label=\"proporcionar  (opens in a new tab)\" href=\"https:\/\/www.online-tech-tips.com\/ms-office-tips\/how-to-create-fillable-forms-in-word\/\" target=\"_blank\">proporcionar <\/a>su nombre completo (nombre, segundo nombre y apellido) con su cumplea\u00f1os, sexo y direcci\u00f3n de correo electr\u00f3nico de trabajo. Una vez que haya proporcionado estos datos, le proporcionaremos un correo electr\u00f3nico de confirmaci\u00f3n para su cuenta. S\u00f3lo tiene que hacer clic en el enlace que ya tiene su cuenta personal gratuita de Catshare.<\/p>\n\n\n\n<p>Para actualizar una cuenta premium, lea el siguiente subtema.<\/p>\n\n\n<a class=\"maxbutton-2 maxbutton maxbutton-cta\" target=\"_blank\" rel=\"nofollow noopener\" href=\"\/go\/\"><span class='mb-text'>&gt;&gt; Ir a la p\u00e1gina web original de Linkifier <\/span><\/a>\n\n\n<p><\/p>\n\n\n\n<h2>Actualizar a una cuenta Catshare Premium<\/h2>\n\n\n\n<p>Elija entre los siguientes planes de Cuenta Premium de Catshare y empiece a disfrutar de las ricas caracter\u00edsticas de las que Namecheap Inc. se enorgullece por su accesibilidad y asequibilidad.<\/p>\n\n\n\n<p>Tabla 2. Modalidades de pago de la cuenta de la prima de la compa\u00f1\u00eda de seguros Catshare<\/p>\n\n\n\n<figure class=\"wp-block-table\"><table><tbody><tr><td class=\"has-text-align-center\" data-align=\"center\"> Catshare Premium Cuenta  Planes<\/td><\/tr><\/tbody><\/table><\/figure>\n\n\n\n<figure class=\"wp-block-table\"><table><tbody><tr><td> Art\u00edculo de fondo <\/td><td>Plan de cuentas para 30 d\u00edas <\/td><td>Plan de cuentas para 60 d\u00edas <\/td><td>Plan de cuentas para 90 d\u00edas <\/td><td>Plan de cuentas para 180 d\u00edas <\/td><td>Plan de cuentas para 365 d\u00edas <\/td><td>Plan de cuentas para 730 d\u00edas <\/td><\/tr><tr><td>Tama\u00f1o m\u00e1ximo de los archivos descargados por d\u00eda <\/td><td>1 TB por d\u00eda <\/td><td> 2 TB por d\u00eda  <\/td><td> 4 TB por d\u00eda <\/td><td> 6 TB por d\u00eda  <\/td><td>  12 TB por d\u00eda  <\/td><td> 24 TB por d\u00eda  <\/td><\/tr><tr><td>Asignaci\u00f3n del volumen m\u00e1ximo de almacenamiento <\/td><td> 3 TB <\/td><td> 3 TB <\/td><td>ASIGNACI\u00d3N DE ALMACENAMIENTO ILIMITADO <\/td><td>ASIGNACI\u00d3N DE ALMACENAMIENTO ILIMITADO <\/td><td>ASIGNACI\u00d3N DE ALMACENAMIENTO ILIMITADO <\/td><td>ASIGNACI\u00d3N DE ALMACENAMIENTO ILIMITADO <\/td><\/tr><tr><td>Pago de la inscripci\u00f3n inicial <\/td><td> $ 13.99 USD <\/td><td>$ 28.99 USD <\/td><td> $ 38.99 USD <\/td><td> $ 48.99 USD <\/td><td> $ 68.99 USD <\/td><td> $ 98.99 USD <\/td><\/tr><\/tbody><\/table><\/figure>\n\n\n\n<p>Elija entre los seis asequibles y accesibles planes de la Cuenta Premium de Catshare. Puedes optar por probar los primeros 30 d\u00edas que te dar\u00e1n un m\u00e1ximo de 3 TB de asignaci\u00f3n de almacenamiento por $ 13.99 USD o la cuenta premium de 60 d\u00edas que te dar\u00e1 tambi\u00e9n un m\u00e1ximo de 3 TB de asignaci\u00f3n de almacenamiento por $ 28.99 USD pero animamos a todo el mundo a probar los planes de cuenta que dan una asignaci\u00f3n de almacenamiento ilimitada. Estos son los planes de cuenta para 90, 365 y 730 d\u00edas que tienen un pago inicial de inscripci\u00f3n muy bajo por s\u00f3lo $ 28.99 USD, $ 38.99 USD, $ 48.99 USD, $ 68.99 USD y $ 98.99 USD, respectivamente para disfrutar de todas las caracter\u00edsticas y funcionalidad de la Cuenta Premium de Catshare. Puede pagar a trav\u00e9s de nuestros <a rel=\"noreferrer noopener\" aria-label=\"socios  (opens in a new tab)\" href=\"http:\/\/www.wisegeek.net\/what-is-a-financial-services-corporation.htm\" target=\"_blank\">socios <\/a>Bitcoin, Ripple, MasterCard, Visa, Paypal, Qiwi Wallet, Ethereum, Litecoin, Alipay, Sofort Banking, Interkassa, Taobao, Trustpay Internet Banking, Skrill, Pay safe card, UCash y WebMoney.<\/p>\n\n\n\n<h2>Reflexiones finales sobre Catshare<\/h2>\n\n\n\n<p>Catshare ofrece es el m\u00e1s vers\u00e1til y a la vez el m\u00e1s asequible proveedor de servicios de alojamiento de archivos (FHS) hasta la fecha. Estamos seguros de que nunca lo decepcionaremos mientras continuamos desarrollando nuestra plataforma con sus ricas y accesibles caracter\u00edsticas para que usted disfrute.<\/p>\n\n\n\n<h2>Pregunta frecuente sobre el servicio de alojamiento de archivos Catshare<\/h2>\n\n\n\n<h3>1. \u00bfTiene Catshare una cuenta gratuita?<\/h3>\n\n\n\n<p>Tenemos una cuenta gratuita de Catshare que puede utilizar sin necesidad de realizar ning\u00fan pago inicial de registro. Con nuestra cuenta gratuita puedes almacenar tus archivos hasta 30 GB<\/p>\n\n\n\n<h3>2. \u00bfCu\u00e1nto es su asignaci\u00f3n de almacenamiento para la Cuenta Premium de Catshare?<\/h3>\n\n\n\n<p>La asignaci\u00f3n de almacenamiento de la Cuenta Premium de Catshare var\u00eda. Para los planes de cuenta de 30 y 60 d\u00edas, tiene una asignaci\u00f3n de almacenamiento de 3 TB mientras que los planes de cuenta de 90 d\u00edas, 180 d\u00edas, 365 d\u00edas y 730 d\u00edas tienen una asignaci\u00f3n de almacenamiento ilimitado para que usted lo utilice y disfrute.<\/p>\n\n\n\n<h3>3. \u00bfC\u00f3mo gana el Servicio de Alojamiento de Archivos Catshare (FHS) por ser un servicio gratuito?<\/h3>\n\n\n\n<p>La plataforma Catshare gana con los anuncios, as\u00ed como con los captchas y colas integradas en el Catshare Free. El pago inicial de inscripci\u00f3n tambi\u00e9n apoya la operaci\u00f3n y mantenimiento de la plataforma Catshare.<\/p>\n\n\n<a class=\"maxbutton-2 maxbutton maxbutton-cta\" target=\"_blank\" rel=\"nofollow noopener\" href=\"\/go\/\"><span class='mb-text'>&gt;&gt; Ir a la p\u00e1gina web original de Linkifier <\/span><\/a>\n\n\n<p><\/p>\n","protected":false},"excerpt":{"rendered":"<p>La plataforma Catshare es el proveedor de servicios de alojamiento de archivos (FHS) m\u00e1s conveniente y seguro del mundo. Es<\/p>\n","protected":false},"author":2,"featured_media":0,"parent":0,"menu_order":0,"comment_status":"closed","ping_status":"closed","template":"","meta":[],"yoast_head":"<!-- This site is optimized with the Yoast SEO plugin v18.3 - https:\/\/yoast.com\/wordpress\/plugins\/seo\/ -->\n<title>Catshare Premium Cuenta: El Filehoster De Un Vistazo<\/title>\n<meta name=\"description\" content=\"Si Catshare es un proveedor de confianza o no, puedes encontrar la respuesta en el test actual en Multihoster.org \u279c Haz clic ahora \u271a para leer nuestras experiencias!\" \/>\n<meta name=\"robots\" content=\"index, follow, max-snippet:-1, max-image-preview:large, max-video-preview:-1\" \/>\n<link rel=\"canonical\" href=\"https:\/\/multihoster.org\/es\/catshare\/\" \/>\n<meta property=\"og:locale\" content=\"es_ES\" \/>\n<meta property=\"og:type\" content=\"article\" \/>\n<meta property=\"og:title\" content=\"Catshare Premium Cuenta: El Filehoster De Un Vistazo\" \/>\n<meta property=\"og:description\" content=\"Si Catshare es un proveedor de confianza o no, puedes encontrar la respuesta en el test actual en Multihoster.org \u279c Haz clic ahora \u271a para leer nuestras experiencias!\" \/>\n<meta property=\"og:url\" content=\"https:\/\/multihoster.org\/es\/catshare\/\" \/>\n<meta property=\"og:site_name\" content=\"Multihoster.org\" \/>\n<meta property=\"article:modified_time\" content=\"2020-06-01T10:31:58+00:00\" \/>\n<meta property=\"og:image\" content=\"https:\/\/multihoster.org\/wp-content\/uploads\/2020\/04\/Catshare.png\" \/>\n<meta name=\"twitter:card\" content=\"summary\" \/>\n<meta name=\"twitter:label1\" content=\"Tiempo de lectura\" \/>\n\t<meta name=\"twitter:data1\" content=\"9 minutos\" \/>\n<script type=\"application\/ld+json\" class=\"yoast-schema-graph\">{\"@context\":\"https:\/\/schema.org\",\"@graph\":[{\"@type\":\"WebSite\",\"@id\":\"https:\/\/multihoster.org\/#website\",\"url\":\"https:\/\/multihoster.org\/\",\"name\":\"Multihoster.org\",\"description\":\"Reviews of the major Filehosting services\",\"potentialAction\":[{\"@type\":\"SearchAction\",\"target\":{\"@type\":\"EntryPoint\",\"urlTemplate\":\"https:\/\/multihoster.org\/?s={search_term_string}\"},\"query-input\":\"required name=search_term_string\"}],\"inLanguage\":\"es\"},{\"@type\":\"ImageObject\",\"@id\":\"https:\/\/multihoster.org\/es\/catshare\/#primaryimage\",\"inLanguage\":\"es\",\"url\":\"https:\/\/multihoster.org\/wp-content\/uploads\/2020\/04\/Catshare.png\",\"contentUrl\":\"https:\/\/multihoster.org\/wp-content\/uploads\/2020\/04\/Catshare.png\",\"width\":401,\"height\":267},{\"@type\":\"WebPage\",\"@id\":\"https:\/\/multihoster.org\/es\/catshare\/#webpage\",\"url\":\"https:\/\/multihoster.org\/es\/catshare\/\",\"name\":\"Catshare Premium Cuenta: El Filehoster De Un Vistazo\",\"isPartOf\":{\"@id\":\"https:\/\/multihoster.org\/#website\"},\"primaryImageOfPage\":{\"@id\":\"https:\/\/multihoster.org\/es\/catshare\/#primaryimage\"},\"datePublished\":\"2020-04-08T09:30:20+00:00\",\"dateModified\":\"2020-06-01T10:31:58+00:00\",\"description\":\"Si Catshare es un proveedor de confianza o no, puedes encontrar la respuesta en el test actual en Multihoster.org \u279c Haz clic ahora \u271a para leer nuestras experiencias!\",\"breadcrumb\":{\"@id\":\"https:\/\/multihoster.org\/es\/catshare\/#breadcrumb\"},\"inLanguage\":\"es\",\"potentialAction\":[{\"@type\":\"ReadAction\",\"target\":[\"https:\/\/multihoster.org\/es\/catshare\/\"]}]},{\"@type\":\"BreadcrumbList\",\"@id\":\"https:\/\/multihoster.org\/es\/catshare\/#breadcrumb\",\"itemListElement\":[{\"@type\":\"ListItem\",\"position\":1,\"name\":\"Startseite\",\"item\":\"https:\/\/multihoster.org\/es\/\"},{\"@type\":\"ListItem\",\"position\":2,\"name\":\"Catshare Premium Cuenta: El Filehoster De Un Vistazo\"}]}]}<\/script>\n<!-- \/ Yoast SEO plugin. -->","yoast_head_json":{"title":"Catshare Premium Cuenta: El Filehoster De Un Vistazo","description":"Si Catshare es un proveedor de confianza o no, puedes encontrar la respuesta en el test actual en Multihoster.org \u279c Haz clic ahora \u271a para leer nuestras experiencias!","robots":{"index":"index","follow":"follow","max-snippet":"max-snippet:-1","max-image-preview":"max-image-preview:large","max-video-preview":"max-video-preview:-1"},"canonical":"https:\/\/multihoster.org\/es\/catshare\/","og_locale":"es_ES","og_type":"article","og_title":"Catshare Premium Cuenta: El Filehoster De Un Vistazo","og_description":"Si Catshare es un proveedor de confianza o no, puedes encontrar la respuesta en el test actual en Multihoster.org \u279c Haz clic ahora \u271a para leer nuestras experiencias!","og_url":"https:\/\/multihoster.org\/es\/catshare\/","og_site_name":"Multihoster.org","article_modified_time":"2020-06-01T10:31:58+00:00","og_image":[{"url":"https:\/\/multihoster.org\/wp-content\/uploads\/2020\/04\/Catshare.png"}],"twitter_card":"summary","twitter_misc":{"Tiempo de lectura":"9 minutos"},"schema":{"@context":"https:\/\/schema.org","@graph":[{"@type":"WebSite","@id":"https:\/\/multihoster.org\/#website","url":"https:\/\/multihoster.org\/","name":"Multihoster.org","description":"Reviews of the major Filehosting services","potentialAction":[{"@type":"SearchAction","target":{"@type":"EntryPoint","urlTemplate":"https:\/\/multihoster.org\/?s={search_term_string}"},"query-input":"required name=search_term_string"}],"inLanguage":"es"},{"@type":"ImageObject","@id":"https:\/\/multihoster.org\/es\/catshare\/#primaryimage","inLanguage":"es","url":"https:\/\/multihoster.org\/wp-content\/uploads\/2020\/04\/Catshare.png","contentUrl":"https:\/\/multihoster.org\/wp-content\/uploads\/2020\/04\/Catshare.png","width":401,"height":267},{"@type":"WebPage","@id":"https:\/\/multihoster.org\/es\/catshare\/#webpage","url":"https:\/\/multihoster.org\/es\/catshare\/","name":"Catshare Premium Cuenta: El Filehoster De Un Vistazo","isPartOf":{"@id":"https:\/\/multihoster.org\/#website"},"primaryImageOfPage":{"@id":"https:\/\/multihoster.org\/es\/catshare\/#primaryimage"},"datePublished":"2020-04-08T09:30:20+00:00","dateModified":"2020-06-01T10:31:58+00:00","description":"Si Catshare es un proveedor de confianza o no, puedes encontrar la respuesta en el test actual en Multihoster.org \u279c Haz clic ahora \u271a para leer nuestras experiencias!","breadcrumb":{"@id":"https:\/\/multihoster.org\/es\/catshare\/#breadcrumb"},"inLanguage":"es","potentialAction":[{"@type":"ReadAction","target":["https:\/\/multihoster.org\/es\/catshare\/"]}]},{"@type":"BreadcrumbList","@id":"https:\/\/multihoster.org\/es\/catshare\/#breadcrumb","itemListElement":[{"@type":"ListItem","position":1,"name":"Startseite","item":"https:\/\/multihoster.org\/es\/"},{"@type":"ListItem","position":2,"name":"Catshare Premium Cuenta: El Filehoster De Un Vistazo"}]}]}},"_links":{"self":[{"href":"https:\/\/multihoster.org\/es\/wp-json\/wp\/v2\/pages\/3369"}],"collection":[{"href":"https:\/\/multihoster.org\/es\/wp-json\/wp\/v2\/pages"}],"about":[{"href":"https:\/\/multihoster.org\/es\/wp-json\/wp\/v2\/types\/page"}],"author":[{"embeddable":true,"href":"https:\/\/multihoster.org\/es\/wp-json\/wp\/v2\/users\/2"}],"replies":[{"embeddable":true,"href":"https:\/\/multihoster.org\/es\/wp-json\/wp\/v2\/comments?post=3369"}],"version-history":[{"count":2,"href":"https:\/\/multihoster.org\/es\/wp-json\/wp\/v2\/pages\/3369\/revisions"}],"predecessor-version":[{"id":4617,"href":"https:\/\/multihoster.org\/es\/wp-json\/wp\/v2\/pages\/3369\/revisions\/4617"}],"wp:attachment":[{"href":"https:\/\/multihoster.org\/es\/wp-json\/wp\/v2\/media?parent=3369"}],"curies":[{"name":"wp","href":"https:\/\/api.w.org\/{rel}","templated":true}]}}