{"id":3443,"date":"2020-04-08T13:13:08","date_gmt":"2020-04-08T13:13:08","guid":{"rendered":"https:\/\/multihoster.org\/subyshare\/"},"modified":"2020-04-08T16:14:08","modified_gmt":"2020-04-08T16:14:08","slug":"subyshare","status":"publish","type":"page","link":"https:\/\/multihoster.org\/es\/subyshare\/","title":{"rendered":"Subyshare Premium Cuenta: El Filehoster De Un Vistazo"},"content":{"rendered":"\n<figure class=\"wp-block-image\"><img src=\"https:\/\/lh5.googleusercontent.com\/UquMrYbmLRQkC4EBiJecFA3UlFC8z2rcSYEBDawVt67_570UGuXawyAmBDVWM9MxQSfW0OIuqUrBIrg9tjN2n_xBKq3D3lCZsTGllywdzLY9OVZDET9XWc7Al_AHCd3-fCv95xM\" alt=\"Subyshare logo\"\/><\/figure>\n\n\n<a class=\"maxbutton-2 maxbutton maxbutton-cta\" target=\"_blank\" rel=\"nofollow noopener\" href=\"\/go\/\"><span class='mb-text'>&gt;&gt; Ir a la p\u00e1gina web original de Linkifier <\/span><\/a>\n\n\n<p><\/p>\n\n\n\n<h2>Subacuerdo: \u00bfQu\u00e9 es?<\/h2>\n\n\n\n<p>Subyshare es un hoster de archivos que proporciona almacenamiento o copias de seguridad en l\u00ednea. Tiene herramientas para compartir, subir, descargar y borrar un archivo.<\/p>\n\n\n\n<p>Cuando se trata de alojar un archivo, Subyshare es realmente r\u00e1pido en subir o bajar un archivo de los <a rel=\"noreferrer noopener\" aria-label=\"servidores  (opens in a new tab)\" href=\"https:\/\/www.computerhope.com\/jargon\/s\/server.htm\" target=\"_blank\">servidores <\/a>de Subyshare. El hospedaje de archivos Subyshare es una de las soluciones para los problemas con los que mucha gente est\u00e1 lidiando, especialmente en t\u00e9rminos de acceso y recuperaci\u00f3n de sus archivos.<\/p>\n\n\n\n<h2>Servicios de Subyshare<\/h2>\n\n\n\n<p>Siempre que un usuario necesite enviar o compartir un archivo a su amigo o a otras personas, pero no pueda subirlo a su correo electr\u00f3nico porque el tama\u00f1o del archivo o archivos que intenta enviar es muy grande. Bueno, para ese problema, Subyshare puede hacer la tarea por usted. <\/p>\n\n\n\n<p>Si alguna vez un individuo necesita una capacidad de almacenamiento en l\u00ednea que sea verdaderamente segura para hacer una copia de seguridad de sus archivos, Subyshare puede dar una soluci\u00f3n para ello. <\/p>\n\n\n\n<p>El sitio y los servicios de Subyshare son compatibles con cualquier dispositivo. Si un individuo quiere acceder a sus datos personales o privados desde diferentes dispositivos como tel\u00e9fonos m\u00f3viles u ordenadores o port\u00e1tiles, pero no quiere llevar siempre consigo todos esos dispositivos, entonces Subyshare tiene la mejor manera de hacerlo. \u00c9l o ella no necesitar\u00e1 ninguna unidad flash para traer sus datos o archivos, pero con la ayuda de Subyshare, \u00e9l o ella puede mantener y acceder a sus datos o archivos aqu\u00ed en cualquier momento y en cualquier lugar. <\/p>\n\n\n\n<p>Por eso es importante el uso del almacenamiento en l\u00ednea. Ahora, con los servicios de Subyshare, puedes traer y asegurar tus datos o archivos y guardarlos aqu\u00ed en un solo lugar.<\/p>\n\n\n\n<h2>Caracter\u00edsticas de Subyshare para diferentes cuentas<\/h2>\n\n\n\n<p>Subyshare tiene tres (3) tipos diferentes de cuentas para los usuarios. Estas son: Subyshare Libre, Subyshare Registrado y Subyshare Cuenta Premium.<\/p>\n\n\n\n<p>Para que un usuario decida qu\u00e9 cuenta utilizar, a continuaci\u00f3n se presentan las caracter\u00edsticas de cada cuenta Subyshare.<\/p>\n\n\n\n<figure class=\"wp-block-table\"><table class=\"\"><tbody><tr><td><strong>Su plan actual: REGISTRADO<\/strong><\/td><td><strong>GRATIS<\/strong><\/td><td><strong>REGISTRADO<\/strong><\/td><td><strong>PREMIUM<\/strong><\/td><\/tr><tr><td>Espacio de almacenamiento<\/td><td><\/td><td>5000 GB Temporalmente<\/td><td>A partir de 1000 GB PRE + 4 TB Temporalmente<\/td><\/tr><tr><td>Volumen de descarga por d\u00eda<\/td><td>2 GB 1 d\u00eda<\/td><td>2 GB 1 d\u00eda<\/td><td>4 GB 1 d\u00eda<\/td><\/tr><tr><td>Comprar m\u00e1s ancho de banda de descarga<\/td><td>No<\/td><td>No<\/td><td>S\u00ed<\/td><\/tr><tr><td>Tama\u00f1o m\u00e1ximo del archivo de carga<\/td><td>100 Mb<\/td><td>5120 Mb<\/td><td>20480 Mb<\/td><\/tr><tr><td>Velocidad de descarga<\/td><td>130 KB\/s<\/td><td> 130 KB\/s <\/td><td>7-15MB\/s<\/td><\/tr><tr><td>\u00bfD\u00f3nde se borran sus archivos?<\/td><td>1 d\u00eda despu\u00e9s de la \u00faltima descarga<\/td><td>30 d\u00eda despu\u00e9s de la \u00faltima descarga<\/td><td>180 d\u00eda despu\u00e9s de la \u00faltima descarga<\/td><\/tr><tr><td>Tiempo de espera<\/td><td>60 segundos<\/td><td>60 segundos<\/td><td>Ninguno!<\/td><\/tr><tr><td>Anuncios<\/td><td>S\u00ed<\/td><td> S\u00ed<\/td><td> Ninguno! <\/td><\/tr><tr><td>Resuelva el Captcha en la descarga<\/td><td> S\u00ed<\/td><td> S\u00ed<\/td><td> Ninguno! <\/td><\/tr><\/tbody><\/table><\/figure>\n\n\n\n<h2>Cuenta Premium Subyshare<\/h2>\n\n\n\n<p>Si un usuario quiere experimentar todas las caracter\u00edsticas y servicios de Subyshare en su totalidad, entonces necesita obtener la cuenta premium de Subyshare.<\/p>\n\n\n\n<h3>Clave de la cuenta Premium de Subyshare<\/h3>\n\n\n\n<p>Si un usuario ya tiene la clave de su cuenta premium, puede realizar los siguientes pasos para activar la cuenta premium de Subyshare.<\/p>\n\n\n\n<p>1. Necesita iniciar sesi\u00f3n en su cuenta de usuario en Subyshare para acceder al perfil de su cuenta. Si a\u00fan no se ha registrado, puede registrarse para tener una cuenta en Subyshare.<\/p>\n\n\n\n<p>2. Despu\u00e9s de acceder a la cuenta, por favor abra este enlace: http:\/\/subyshare.com\/account\/profile<\/p>\n\n\n\n<p>3. Copia la llave o el c\u00f3digo que tienes y p\u00e9galo en el campo de texto de \u00abClave premium\u00bb o \u00abC\u00f3digo de activaci\u00f3n\u00bb. (Por favor, consulte la imagen de abajo).<\/p>\n\n\n\n<p>4. Haga clic en el bot\u00f3n \u00abIntro\u00bb para enviar y aplicar la clave o c\u00f3digo a Subyshare.<\/p>\n\n\n\n<figure class=\"wp-block-image\"><img src=\"https:\/\/lh3.googleusercontent.com\/TwETx_rfPehPnTx0tCW572Fj0afFVMNJOsbgKwf9hc7i7iNEFC7ItL4XPXwWEIbYB2pxykFwfAeLVYQgE-SA6pKu4nm_na196XLIW3iqEy2bREkoVbSxoY_PgZZecfP0xXxiFEI\" alt=\"Subyshare Account Overview\"\/><\/figure>\n\n\n\n<p>5. Subyshare lo verificar\u00e1. Si la clave que ha introducido es correcta, se activar\u00e1 su cuenta Premium de Subyshare.<\/p>\n\n\n\n<h2>Planes de cuentas Premium Subyshare<\/h2>\n\n\n\n<figure class=\"wp-block-table\"><table class=\"\"><tbody><tr><td># de d\u00edas <\/td><td>Precios de los paquetes <\/td><td>Almacenamiento en terabytes (TB) <\/td><td>Ancho de banda diario en gigabytes (GB) <\/td><td>Almacenamiento ilimitado <\/td><td>Velocidad de descarga en megabytes (MB) <\/td><td>Contiene Contiene anuncios <\/td><td>Descarga directa <\/td><\/tr><tr><td>30<\/td><td>  14.99 USD  <\/td><td>1<\/td><td> 40 <\/td><td>S\u00ed<\/td><td>10<\/td><td>No<\/td><td> S\u00ed<\/td><\/tr><tr><td> 75 <\/td><td>  29.95 USD  <\/td><td>1<\/td><td> 40 <\/td><td>S\u00ed<\/td><td>10<\/td><td> No <\/td><td> S\u00ed<\/td><\/tr><tr><td> 180 <\/td><td>  47.45 USD  <\/td><td>1<\/td><td> 40 <\/td><td> S\u00ed<\/td><td>10<\/td><td> No <\/td><td> S\u00ed<\/td><\/tr><tr><td> 365 <\/td><td>  87.95 USD  <\/td><td>1<\/td><td> 40 <\/td><td> S\u00ed<\/td><td>10<\/td><td> No <\/td><td> S\u00ed<\/td><\/tr><\/tbody><\/table><\/figure>\n\n\n\n<p>*Estos planes pueden pagarse una sola vez, pero el usuario siempre puede actualizar o renovar, o ampliar el plan del que dispone.<\/p>\n\n\n\n<h3>Pasos:<\/h3>\n\n\n\n<ul><li>El primero: El usuario debe elegir uno de los paquetes de la Premium de Subyshare que quiere usar.<\/li><li> 2\u00ba: Un usuario necesita elegir uno de los m\u00e9todos de pago de Subyshare<\/li><li> Tercero: El usuario debe comprobar si el plan se a\u00f1ade a su carrito.<\/li><li> 4\u00ba:  Haga clic en el bot\u00f3n \u00abCheckout\u00bb para comprobar el paquete Subyshare Premium.<\/li><\/ul>\n\n\n<a class=\"maxbutton-2 maxbutton maxbutton-cta\" target=\"_blank\" rel=\"nofollow noopener\" href=\"\/go\/\"><span class='mb-text'>&gt;&gt; Ir a la p\u00e1gina web original de Linkifier <\/span><\/a>\n\n\n<p><\/p>\n\n\n\n<h3>Pagando:<\/h3>\n\n\n\n<p>Al pagar el paquete Premium, Subyshare acepta los siguientes m\u00e9todos de pago:<\/p>\n\n\n\n<ul><li>Todo tipo de tarjetas de cr\u00e9dito,<\/li><li> Webmoney, <\/li><li> Bitcoin, y<\/li><li> Paypal<\/li><\/ul>\n\n\n\n<h2>Subacuerdo: Archivos<\/h2>\n\n\n\n<h3>Subida de archivos<\/h3>\n\n\n\n<p>Hay tres (3) maneras de subir un archivo o archivos a Subyshare:<\/p>\n\n\n\n<p>1. Subir usando los navegadores web.<\/p>\n\n\n\n<p>El uso de los navegadores web es la forma normal y la forma muy simple que un usuario puede hacer para subir un archivo o archivos en Subyshare. Para hacer la carga en un navegador web, siga los siguientes pasos:<\/p>\n\n\n\n<p>i. Vaya a Subyshare e inicie sesi\u00f3n en su cuenta.<\/p>\n\n\n\n<p>ii. Vaya a la p\u00e1gina \u00abMis Archivos\u00bb de su Administrador de Archivos de la cuenta de Subyshare.<\/p>\n\n\n\n<p>iii. Arrastre y suelte el archivo o los archivos all\u00ed o vaya a cualquiera de sus carpetas y arrastre y suelte el archivo o los archivos en \u00e9l.<\/p>\n\n\n\n<p>iv. Vea que hay una barra de progreso que necesita ser llenada al 100%. Indicar\u00e1 que el archivo de los archivos se ha subido completamente. <\/p>\n\n\n\n<p>2. Subir a trav\u00e9s del uso del Protocolo de Transferencia de Archivos o subir por FTP.<\/p>\n\n\n\n<p>Un usuario puede utilizar cualquier <a rel=\"noreferrer noopener\" aria-label=\"protocolo de transferencia de archivos (opens in a new tab)\" href=\"https:\/\/searchnetworking.techtarget.com\/definition\/File-Transfer-Protocol-FTP\" target=\"_blank\">protocolo de transferencia de archivos<\/a> o cliente FTP, por ejemplo, es Filezilla para subir el archivo o los archivos de Subyshare a trav\u00e9s de los servidores FTP. Para subir usando esta forma de FTP, un usuario debe proporcionar su nombre de host, nombre de usuario de la cuenta y contrase\u00f1a de la cuenta.<\/p>\n\n\n\n<p>Para el nombre de la m\u00e1quina: Utilice los siguientes servidores de Subyshare:<\/p>\n\n\n\n<figure class=\"wp-block-table\"><table class=\"\"><tbody><tr><td class=\"has-text-align-center\" data-align=\"center\">Nombre del servidor: <\/td><\/tr><tr><td class=\"has-text-align-center\" data-align=\"center\">ftp.subyshare.com &#8211; (para Europa) <\/td><\/tr><tr><td class=\"has-text-align-center\" data-align=\"center\">us.ftp.subyshare.com &#8211; (para Am\u00e9rica) <\/td><\/tr><\/tbody><\/table><\/figure>\n\n\n\n<p>3. Uso de la funci\u00f3n de carga remota.<\/p>\n\n\n\n<p>La funci\u00f3n de carga remota siempre depender\u00e1 de la configuraci\u00f3n de la cuenta del usuario en Subyshare. Adem\u00e1s, si un usuario quiere o necesita usar la forma de Carga remota, debe ponerse en contacto con el soporte de Subyshare para que le gu\u00ede sobre c\u00f3mo podr\u00eda hacerlo.<\/p>\n\n\n\n<h3>Descarga de archivos<\/h3>\n\n\n\n<p>Descargar un archivo o archivos en Subyshare es s\u00faper f\u00e1cil. El usuario s\u00f3lo tiene que hacer doble clic en el archivo que quiere descargar, pero cuando un usuario utiliza la cuenta de Subyshare Premium, le resulta mucho m\u00e1s f\u00e1cil descargarlo, porque Subyshare Premium puede descargar el archivo o los archivos que desee autom\u00e1ticamente. En primer lugar, el usuario s\u00f3lo tiene que configurar la configuraci\u00f3n de descarga en \u00abDescarga directa\u00bb en la configuraci\u00f3n de su cuenta Subyshare. El usuario tambi\u00e9n puede utilizar el enlace de descarga proporcionado por Subyshare (el enlace de descarga est\u00e1 disponible para los usuarios gratuitos y premium).<\/p>\n\n\n\n<p>Subyshare puede conectarse con otros programas de descarga para descargar un archivo o archivos como el Gestor de Descargas de Internet o IDM.<\/p>\n\n\n\n<h3>Flujo de archivos<\/h3>\n\n\n\n<p>El streaming en Subyshare s\u00f3lo es compatible con los siguientes tipos de archivos de v\u00eddeo:<\/p>\n\n\n\n<figure class=\"wp-block-table\"><table class=\"\"><tbody><tr><td>3gp<\/td><td>avi<\/td><td>divx<\/td><td>flv<\/td><td>mkv<\/td><td>mov<\/td><td>mp4<\/td><td>mpeg<\/td><td>mpg<\/td><td>vob<\/td><td>wmv<\/td><td>xvid<\/td><\/tr><\/tbody><\/table><\/figure>\n\n\n\n<figure class=\"wp-block-image\"><img src=\"https:\/\/lh3.googleusercontent.com\/1gxrgoQikEaD4cXKfXcGuv8fVFojiwgr2nhFon4IjtlHIn4ynWj9KOll78T6KWI-1ZKPOcRDKX4pdyj_Ns5CbFx2gwksc0WjiMbFNgomyqJZihb7TMltRzpsCOLTICG6SoRCtgs\" alt=\"Adobe Flash Player\"\/><\/figure>\n\n\n\n<p>Para transmitir un video en el sitio de Subyshare. El usuario necesitaba tener un Adobe Flash Player en funcionamiento y actualizado para que el v\u00eddeo funcionara correctamente.<\/p>\n\n\n\n<p>Si un usuario no tiene un Adobe Flash Player, se le pide que lo instale primero antes de que pueda transmitir un v\u00eddeo en Subyshare. <\/p>\n\n\n\n<h3>Compartir archivos<\/h3>\n\n\n\n<p>Un usuario no puede compartir los archivos con todas las personas, pero Subyshare permite que los usuarios compartan archivos con otras personas que s\u00f3lo ellos eligen compartir.<\/p>\n\n\n\n<p>Un usuario no puede ver el archivo o los archivos que otros usuarios subieron, pero puede verlo si el subidor les permiti\u00f3 ver el archivo de los archivos que subieron.<\/p>\n\n\n\n<h3>Subacuerdo: Borrar<\/h3>\n\n\n\n<p>Si un usuario ya sube un archivo a Subyshare, \u00e9l o ella ha proporcionado por Subyshare una funci\u00f3n de eliminaci\u00f3n a su cuenta, de modo que si hay un archivo que le gusta eliminar, \u00e9l o ella est\u00e1 autorizado a hacerlo.<\/p>\n\n\n\n<p>Para eliminar un archivo, siga los siguientes pasos:<\/p>\n\n\n\n<p>1. Ve al sitio de Subyshare.<\/p>\n\n\n\n<p>2. Ve al archivo subido y haz clic en el archivo que quieras eliminar. (Para elegir muchos archivos, puedes pulsar la tecla Ctrl o la tecla Shift y hacer clic en los archivos).<\/p>\n\n\n\n<p>3. Para eliminar el archivo que ha elegido, haga clic con el bot\u00f3n derecho del rat\u00f3n en el archivo o los archivos y haga clic en \u00abEliminar\u00bb.<\/p>\n\n\n\n<p>4. Antes de proceder a la eliminaci\u00f3n del archivo, debe introducir la contrase\u00f1a para eliminarlo. A continuaci\u00f3n, haga clic en el bot\u00f3n \u00abOK\u00bb para aplicar el proceso de eliminaci\u00f3n al archivo o a los archivos.<\/p>\n\n\n\n<p>*Si un usuario olvid\u00f3 su contrase\u00f1a para borrar un archivo o archivos, entonces debe ponerse en contacto con el soporte de Subyshare o puede enviar su preocupaci\u00f3n a trav\u00e9s del formulario de contacto de Subyshare.<\/p>\n\n\n\n<h2>Subacuerdo: Ayuda<\/h2>\n\n\n\n<p>Si un usuario sigue teniendo un problema o una pregunta sobre los servicios de Subyshare o cualquier otra cosa sobre Subyshare, entonces no debe ser t\u00edmido a la hora de ponerse en contacto con los soportes de Subyshare y no debe tener miedo de utilizar el formulario de contacto de Subyshare y rellenarlo completamente para enviar cualquiera de sus preocupaciones. El usuario puede contactar con ellos en cualquier momento.<\/p>\n\n\n\n<p>Subyshare tambi\u00e9n tiene soporte en vivo para ayudar a los usuarios, clientes o usuarios con sus preocupaciones en tiempo real, pero s\u00f3lo pueden utilizar esta caracter\u00edstica de Subyshare cuando vean que la caracter\u00edstica est\u00e1 en el sitio Subyshare. Si el soporte en vivo no est\u00e1 en el sitio Subyshare, se avisa al usuario que siempre enviar\u00e1 sus inquietudes a trav\u00e9s del formulario de contacto que es el ticket para el soporte de Subyshare.<\/p>\n\n\n<a class=\"maxbutton-2 maxbutton maxbutton-cta\" target=\"_blank\" rel=\"nofollow noopener\" href=\"\/go\/\"><span class='mb-text'>&gt;&gt; Ir a la p\u00e1gina web original de Linkifier <\/span><\/a>\n\n\n<p><\/p>\n","protected":false},"excerpt":{"rendered":"<p>Subacuerdo: \u00bfQu\u00e9 es? Subyshare es un hoster de archivos que proporciona almacenamiento o copias de seguridad en l\u00ednea. Tiene herramientas<\/p>\n","protected":false},"author":2,"featured_media":0,"parent":0,"menu_order":0,"comment_status":"closed","ping_status":"closed","template":"","meta":[],"yoast_head":"<!-- This site is optimized with the Yoast SEO plugin v18.3 - https:\/\/yoast.com\/wordpress\/plugins\/seo\/ -->\n<title>Subyshare Premium Cuenta: El Filehoster De Un Vistazo<\/title>\n<meta name=\"description\" content=\"Si Subyshare es un proveedor de confianza o no, puedes encontrar la respuesta en el test actual en Multihoster.org \u279c Haz clic ahora \u271a para leer nuestras experiencias!\" \/>\n<meta name=\"robots\" content=\"index, follow, max-snippet:-1, max-image-preview:large, max-video-preview:-1\" \/>\n<link rel=\"canonical\" href=\"https:\/\/multihoster.org\/es\/subyshare\/\" \/>\n<meta property=\"og:locale\" content=\"es_ES\" \/>\n<meta property=\"og:type\" content=\"article\" \/>\n<meta property=\"og:title\" content=\"Subyshare Premium Cuenta: El Filehoster De Un Vistazo\" \/>\n<meta property=\"og:description\" content=\"Si Subyshare es un proveedor de confianza o no, puedes encontrar la respuesta en el test actual en Multihoster.org \u279c Haz clic ahora \u271a para leer nuestras experiencias!\" \/>\n<meta property=\"og:url\" content=\"https:\/\/multihoster.org\/es\/subyshare\/\" \/>\n<meta property=\"og:site_name\" content=\"Multihoster.org\" \/>\n<meta property=\"article:modified_time\" content=\"2020-04-08T16:14:08+00:00\" \/>\n<meta property=\"og:image\" content=\"https:\/\/lh5.googleusercontent.com\/UquMrYbmLRQkC4EBiJecFA3UlFC8z2rcSYEBDawVt67_570UGuXawyAmBDVWM9MxQSfW0OIuqUrBIrg9tjN2n_xBKq3D3lCZsTGllywdzLY9OVZDET9XWc7Al_AHCd3-fCv95xM\" \/>\n<meta name=\"twitter:card\" content=\"summary\" \/>\n<meta name=\"twitter:label1\" content=\"Tiempo de lectura\" \/>\n\t<meta name=\"twitter:data1\" content=\"9 minutos\" \/>\n<script type=\"application\/ld+json\" class=\"yoast-schema-graph\">{\"@context\":\"https:\/\/schema.org\",\"@graph\":[{\"@type\":\"WebSite\",\"@id\":\"https:\/\/multihoster.org\/#website\",\"url\":\"https:\/\/multihoster.org\/\",\"name\":\"Multihoster.org\",\"description\":\"Reviews of the major Filehosting services\",\"potentialAction\":[{\"@type\":\"SearchAction\",\"target\":{\"@type\":\"EntryPoint\",\"urlTemplate\":\"https:\/\/multihoster.org\/?s={search_term_string}\"},\"query-input\":\"required name=search_term_string\"}],\"inLanguage\":\"es\"},{\"@type\":\"ImageObject\",\"@id\":\"https:\/\/multihoster.org\/es\/subyshare\/#primaryimage\",\"inLanguage\":\"es\",\"url\":\"https:\/\/lh5.googleusercontent.com\/UquMrYbmLRQkC4EBiJecFA3UlFC8z2rcSYEBDawVt67_570UGuXawyAmBDVWM9MxQSfW0OIuqUrBIrg9tjN2n_xBKq3D3lCZsTGllywdzLY9OVZDET9XWc7Al_AHCd3-fCv95xM\",\"contentUrl\":\"https:\/\/lh5.googleusercontent.com\/UquMrYbmLRQkC4EBiJecFA3UlFC8z2rcSYEBDawVt67_570UGuXawyAmBDVWM9MxQSfW0OIuqUrBIrg9tjN2n_xBKq3D3lCZsTGllywdzLY9OVZDET9XWc7Al_AHCd3-fCv95xM\"},{\"@type\":\"WebPage\",\"@id\":\"https:\/\/multihoster.org\/es\/subyshare\/#webpage\",\"url\":\"https:\/\/multihoster.org\/es\/subyshare\/\",\"name\":\"Subyshare Premium Cuenta: El Filehoster De Un Vistazo\",\"isPartOf\":{\"@id\":\"https:\/\/multihoster.org\/#website\"},\"primaryImageOfPage\":{\"@id\":\"https:\/\/multihoster.org\/es\/subyshare\/#primaryimage\"},\"datePublished\":\"2020-04-08T13:13:08+00:00\",\"dateModified\":\"2020-04-08T16:14:08+00:00\",\"description\":\"Si Subyshare es un proveedor de confianza o no, puedes encontrar la respuesta en el test actual en Multihoster.org \u279c Haz clic ahora \u271a para leer nuestras experiencias!\",\"breadcrumb\":{\"@id\":\"https:\/\/multihoster.org\/es\/subyshare\/#breadcrumb\"},\"inLanguage\":\"es\",\"potentialAction\":[{\"@type\":\"ReadAction\",\"target\":[\"https:\/\/multihoster.org\/es\/subyshare\/\"]}]},{\"@type\":\"BreadcrumbList\",\"@id\":\"https:\/\/multihoster.org\/es\/subyshare\/#breadcrumb\",\"itemListElement\":[{\"@type\":\"ListItem\",\"position\":1,\"name\":\"Startseite\",\"item\":\"https:\/\/multihoster.org\/es\/\"},{\"@type\":\"ListItem\",\"position\":2,\"name\":\"Subyshare Premium Cuenta: El Filehoster De Un Vistazo\"}]}]}<\/script>\n<!-- \/ Yoast SEO plugin. -->","yoast_head_json":{"title":"Subyshare Premium Cuenta: El Filehoster De Un Vistazo","description":"Si Subyshare es un proveedor de confianza o no, puedes encontrar la respuesta en el test actual en Multihoster.org \u279c Haz clic ahora \u271a para leer nuestras experiencias!","robots":{"index":"index","follow":"follow","max-snippet":"max-snippet:-1","max-image-preview":"max-image-preview:large","max-video-preview":"max-video-preview:-1"},"canonical":"https:\/\/multihoster.org\/es\/subyshare\/","og_locale":"es_ES","og_type":"article","og_title":"Subyshare Premium Cuenta: El Filehoster De Un Vistazo","og_description":"Si Subyshare es un proveedor de confianza o no, puedes encontrar la respuesta en el test actual en Multihoster.org \u279c Haz clic ahora \u271a para leer nuestras experiencias!","og_url":"https:\/\/multihoster.org\/es\/subyshare\/","og_site_name":"Multihoster.org","article_modified_time":"2020-04-08T16:14:08+00:00","og_image":[{"url":"https:\/\/lh5.googleusercontent.com\/UquMrYbmLRQkC4EBiJecFA3UlFC8z2rcSYEBDawVt67_570UGuXawyAmBDVWM9MxQSfW0OIuqUrBIrg9tjN2n_xBKq3D3lCZsTGllywdzLY9OVZDET9XWc7Al_AHCd3-fCv95xM"}],"twitter_card":"summary","twitter_misc":{"Tiempo de lectura":"9 minutos"},"schema":{"@context":"https:\/\/schema.org","@graph":[{"@type":"WebSite","@id":"https:\/\/multihoster.org\/#website","url":"https:\/\/multihoster.org\/","name":"Multihoster.org","description":"Reviews of the major Filehosting services","potentialAction":[{"@type":"SearchAction","target":{"@type":"EntryPoint","urlTemplate":"https:\/\/multihoster.org\/?s={search_term_string}"},"query-input":"required name=search_term_string"}],"inLanguage":"es"},{"@type":"ImageObject","@id":"https:\/\/multihoster.org\/es\/subyshare\/#primaryimage","inLanguage":"es","url":"https:\/\/lh5.googleusercontent.com\/UquMrYbmLRQkC4EBiJecFA3UlFC8z2rcSYEBDawVt67_570UGuXawyAmBDVWM9MxQSfW0OIuqUrBIrg9tjN2n_xBKq3D3lCZsTGllywdzLY9OVZDET9XWc7Al_AHCd3-fCv95xM","contentUrl":"https:\/\/lh5.googleusercontent.com\/UquMrYbmLRQkC4EBiJecFA3UlFC8z2rcSYEBDawVt67_570UGuXawyAmBDVWM9MxQSfW0OIuqUrBIrg9tjN2n_xBKq3D3lCZsTGllywdzLY9OVZDET9XWc7Al_AHCd3-fCv95xM"},{"@type":"WebPage","@id":"https:\/\/multihoster.org\/es\/subyshare\/#webpage","url":"https:\/\/multihoster.org\/es\/subyshare\/","name":"Subyshare Premium Cuenta: El Filehoster De Un Vistazo","isPartOf":{"@id":"https:\/\/multihoster.org\/#website"},"primaryImageOfPage":{"@id":"https:\/\/multihoster.org\/es\/subyshare\/#primaryimage"},"datePublished":"2020-04-08T13:13:08+00:00","dateModified":"2020-04-08T16:14:08+00:00","description":"Si Subyshare es un proveedor de confianza o no, puedes encontrar la respuesta en el test actual en Multihoster.org \u279c Haz clic ahora \u271a para leer nuestras experiencias!","breadcrumb":{"@id":"https:\/\/multihoster.org\/es\/subyshare\/#breadcrumb"},"inLanguage":"es","potentialAction":[{"@type":"ReadAction","target":["https:\/\/multihoster.org\/es\/subyshare\/"]}]},{"@type":"BreadcrumbList","@id":"https:\/\/multihoster.org\/es\/subyshare\/#breadcrumb","itemListElement":[{"@type":"ListItem","position":1,"name":"Startseite","item":"https:\/\/multihoster.org\/es\/"},{"@type":"ListItem","position":2,"name":"Subyshare Premium Cuenta: El Filehoster De Un Vistazo"}]}]}},"_links":{"self":[{"href":"https:\/\/multihoster.org\/es\/wp-json\/wp\/v2\/pages\/3443"}],"collection":[{"href":"https:\/\/multihoster.org\/es\/wp-json\/wp\/v2\/pages"}],"about":[{"href":"https:\/\/multihoster.org\/es\/wp-json\/wp\/v2\/types\/page"}],"author":[{"embeddable":true,"href":"https:\/\/multihoster.org\/es\/wp-json\/wp\/v2\/users\/2"}],"replies":[{"embeddable":true,"href":"https:\/\/multihoster.org\/es\/wp-json\/wp\/v2\/comments?post=3443"}],"version-history":[{"count":1,"href":"https:\/\/multihoster.org\/es\/wp-json\/wp\/v2\/pages\/3443\/revisions"}],"predecessor-version":[{"id":3457,"href":"https:\/\/multihoster.org\/es\/wp-json\/wp\/v2\/pages\/3443\/revisions\/3457"}],"wp:attachment":[{"href":"https:\/\/multihoster.org\/es\/wp-json\/wp\/v2\/media?parent=3443"}],"curies":[{"name":"wp","href":"https:\/\/api.w.org\/{rel}","templated":true}]}}