{"id":3557,"date":"2020-04-15T09:17:01","date_gmt":"2020-04-15T09:17:01","guid":{"rendered":"https:\/\/multihoster.org\/upstore-premium-account-the-filehoster-at-a-glance\/"},"modified":"2020-04-15T11:07:42","modified_gmt":"2020-04-15T11:07:42","slug":"upstore","status":"publish","type":"page","link":"https:\/\/multihoster.org\/es\/upstore\/","title":{"rendered":"Upstore Premium Cuenta: El Filehoster De Un Vistazo"},"content":{"rendered":"<a class=\"maxbutton-2 maxbutton maxbutton-cta\" target=\"_blank\" rel=\"nofollow noopener\" href=\"\/go\/\"><span class='mb-text'>&gt;&gt; Ir a la p\u00e1gina web original de Linkifier <\/span><\/a>\n\n\n<p><\/p>\n\n\n\n<h2>Acerca de Upstore<\/h2>\n\n\n\n<p>A trav\u00e9s de la modernizaci\u00f3n de esta generaci\u00f3n hoy en d\u00eda, la red de nubes es la mejor manera de gestionar los datos y archivos. Es una red en la que los dispositivos est\u00e1n <a rel=\"noreferrer noopener\" aria-label=\"conectados a los servicios (opens in a new tab)\" href=\"https:\/\/www.techopedia.com\/definition\/29017\/cloud-services\" target=\"_blank\">conectados a los servicios<\/a> y <a rel=\"noreferrer noopener\" aria-label=\"servidores  (opens in a new tab)\" href=\"https:\/\/www.computerhope.com\/jargon\/s\/server.htm\" target=\"_blank\">servidores <\/a>de la nube. Los inform\u00e1ticos desarrollaron este almacenamiento de archivos en la nube llamado Upstore y Maxiwebconsulting Ltd. es quien opera los servicios Upstore.<\/p>\n\n\n\n<p>Upstore puede ayudar a los usuarios a mantener sus archivos en su lugar y seguros en cualquier momento. Los archivos a\u00f1adidos por el usuario tambi\u00e9n pueden ser descargados por otros usuarios. Estos tambi\u00e9n pueden ser compartidos y administrados por los usuarios, ya sea que est\u00e9n registrados como una cuenta gratuita o como un usuario de una cuenta Premium.<\/p>\n\n\n\n<p>Con mucho gusto, Upstore puede guardar cualquier tipo de archivos como videos, canciones, documentos e im\u00e1genes, siempre y cuando los archivos subidos est\u00e9n de acuerdo con los t\u00e9rminos y condiciones de Upstore.<\/p>\n\n\n\n<p>Es muy \u00fatil y conveniente para la gente, especialmente para los estudiantes y los hombres de negocios, porque pueden guardar, descargar y llevar sus archivos sin necesidad de ninguna unidad flash, tarjeta de memoria o disco duro externo, pero por supuesto con la ayuda de las conexiones de Internet en cualquier lugar.<\/p>\n\n\n\n<h3>Interfaz de usuario de Upstore<\/h3>\n\n\n\n<p>Cuando hablamos de la interfaz de usuario de Upstore, podemos decir que su interfaz es muy b\u00e1sica o muy simple. Los usuarios pueden navegar f\u00e1cilmente por los botones, las funciones y las caracter\u00edsticas del sitio. Sin embargo, los usuarios pueden disfrutar de todas las caracter\u00edsticas y servicios de Upstore si se registran y obtienen un plan Upstore Premium.<\/p>\n\n\n\n<h2>Upstore Cuenta gratuita y Premium<\/h2>\n\n\n\n<h3>Cuenta gratuita<\/h3>\n\n\n\n<p>Upstore es generoso con las personas, especialmente con aquellas que no pueden permitirse comprar la cuenta Premium de Upstore, por lo que han creado la cuenta gratuita para que cualquiera pueda utilizar los servicios de Upstore, pero por supuesto, una cuenta gratuita tiene limitaciones como la velocidad de subida y bajada, el tama\u00f1o de almacenamiento, el tama\u00f1o del archivo y el ancho de banda. Las cuentas gratuitas de Upstore son utilizadas principalmente por personas que s\u00f3lo necesitan mantener sus archivos por un corto tiempo. S\u00ed, puede usar Upstore como su almacenamiento temporal.<\/p>\n\n\n\n<p>A continuaci\u00f3n se detallan los beneficios de usar la cuenta gratuita de Upstore:<\/p>\n\n\n\n<ul><li>Los usuarios no pueden subir muchos archivos simult\u00e1neamente.<\/li><li> La velocidad de descarga es lenta y las descargas no comienzan inmediatamente<\/li><li> Los usuarios no pueden subir o descargar muchos archivos., deben esperar a que el \u00fanico archivo termine de descargarse para volver a descargar otro archivo.<\/li><li> El ancho de banda que se da es de hasta 6 gigabytes (6 GB) por d\u00eda<\/li><li> El tama\u00f1o de los archivos a descargar es de s\u00f3lo dos gigabytes (2) GB.<\/li><li> El tama\u00f1o del archivo a subir es s\u00f3lo de hasta 2 GB.<\/li><li> El tiempo de almacenamiento de los archivos es limitado. Los archivos se almacenan por un corto tiempo s\u00f3lo en el servidor de nubes.<\/li><li> Siempre hay una necesidad de entrar en el captcha.<\/li><li> Los usuarios no tienen que pagar por la cuenta gratuita de la tienda para usarla.<\/li><li> Los usuarios pueden ver los anuncios en la p\u00e1gina<\/li><li> Los enlaces para la descarga son v\u00e1lidos s\u00f3lo por un corto tiempo.<\/li><\/ul>\n\n\n\n<h3>Cuenta Premium<\/h3>\n\n\n\n<p>Si un usuario quiere subir y bajar r\u00e1pidamente sin los anuncios que le distraen, deber\u00eda obtener el plan de cuenta Upstore Premium. Adem\u00e1s, un usuario puede actualizar su cuenta gratuita a una cuenta premium, pero deber\u00e1 pagar el importe del precio. <\/p>\n\n\n\n<p>La cuenta Upstore Premium es utilizada principalmente por personas que necesitan mantener sus archivos durante mucho tiempo. S\u00ed, puedes usar Upstore como tu almacenamiento permanente.<\/p>\n\n\n\n<p>A continuaci\u00f3n se detallan los beneficios cuando se utiliza la cuenta Premium de Upstore:<\/p>\n\n\n\n<ul><li>Los usuarios pueden subir y bajar muchos archivos simult\u00e1neamente<\/li><li> Los usuarios pueden descargar un archivo inmediatamente y sin lentitud en un solo clic del bot\u00f3n de descarga<\/li><li> La velocidad de descarga para los usuarios es de hasta 1000 Mbps<\/li><li> El ancho de banda que se da es de hasta veinte gigabytes (20 GB) por d\u00eda<\/li><li> El tama\u00f1o del archivo a subir es de hasta cinco gigabytes (5 GB)<\/li><li> No hay l\u00edmite de tiempo para almacenar los archivos. Los archivos se almacenan por un tiempo en el servidor de nubes.<\/li><li> No hay necesidad de entrar en el <a rel=\"noreferrer noopener\" aria-label=\"captcha (opens in a new tab)\" href=\"https:\/\/www.pandasecurity.com\/mediacenter\/panda-security\/what-is-captcha\/\" target=\"_blank\">captcha<\/a><\/li><li> No hay l\u00edmite de tiempo para la descarga de archivos<\/li><li> Los usuarios deben pagar el precio del plan de la Cuenta Premium Upstore.<\/li><li> La p\u00e1gina no contiene anuncios<\/li><li> El enlace de un archivo que se va a compartir puede ser establecido por un usuario con una contrase\u00f1a.<\/li><li> Los enlaces para la descarga son v\u00e1lidos durante mucho tiempo.<\/li><\/ul>\n\n\n\n<h2>\u00bfTiene Upstore alguna limitaci\u00f3n?<\/h2>\n\n\n\n<p>S\u00ed, lo tiene. Upstore da limitaciones a los usuarios gratuitos o no registrados: Las limitaciones son las siguientes:<\/p>\n\n\n\n<ul><li>Para los usuarios gratuitos y los no registrados, Upstore les da hasta 6000 MB por d\u00eda para las descargas, un m\u00e1ximo de dos gigabytes (2 GB) para el tama\u00f1o de las subidas de archivos, y un m\u00e1ximo de dos gigabytes (2 GB) para el tama\u00f1o de las descargas de archivos.<\/li><li> Para los usuarios Premium &#8211; Upstore les da hasta 20.000 MB por d\u00eda para las descargas, un m\u00e1ximo de cinco gigabytes (5 GB) para el tama\u00f1o de las subidas de archivos, y el tama\u00f1o de las descargas de archivos es ilimitado.<\/li><\/ul>\n\n\n\n<h2>\u00bfCu\u00e1nto cuesta la cuenta Premium de Upstore?<\/h2>\n\n\n\n<p>\u00a1Buenas noticias para todos! La cuenta Upstore Premium no es tan cara. S\u00ed, mucha gente puede permitirse el lujo de obtener esta cuenta Upstore. Los usuarios pueden elegir entre cuatro (4) tipos diferentes de planes Upstore premium. Estos incluyen los siguientes precios de los planes:<\/p>\n\n\n\n<figure class=\"wp-block-table\"><table class=\"\"><tbody><tr><td class=\"has-text-align-center\" data-align=\"center\"><strong>Planes Premium Upstore <\/strong><\/td><\/tr><\/tbody><\/table><\/figure>\n\n\n\n<figure class=\"wp-block-table\"><table class=\"\"><tbody><tr><td>La duraci\u00f3n del tiempo <\/td><td> Beneficios <\/td><td> Precios <\/td><td>Precios por d\u00eda <\/td><\/tr><tr><td>Por 1 mes y 3 d\u00edas solamente <\/td><td>Un m\u00e1ximo de 10 archivos pueden ser descargados simult\u00e1neamente <\/td><td> 11.95 \u20ac <\/td><td> 0.36 \u20ac <\/td><\/tr><tr><td>Durante 3 meses <\/td><td>El ancho de banda es de hasta 20 GB por d\u00eda <\/td><td> 25 \u20ac <\/td><td> 0.28 \u20ac <\/td><\/tr><tr><td>Durante 6 meses <\/td><td>La velocidad de descarga es de hasta 1000 Mbps <\/td><td> 45 \u20ac <\/td><td> 25 \u20ac <\/td><\/tr><tr><td>Durante 1 a\u00f1o o 12 meses <\/td><td>Completamente seguro con su r\u00e1pida velocidad <\/td><td> 75 \u20ac <\/td><td> 0.21 \u20ac <\/td><\/tr><\/tbody><\/table><\/figure>\n\n\n<a class=\"maxbutton-2 maxbutton maxbutton-cta\" target=\"_blank\" rel=\"nofollow noopener\" href=\"\/go\/\"><span class='mb-text'>&gt;&gt; Ir a la p\u00e1gina web original de Linkifier <\/span><\/a>\n\n\n<p><\/p>\n\n\n\n<h2>Pago de la cuenta Upstore Premium<\/h2>\n\n\n\n<p>Si los usuarios quieren obtener la Cuenta Premium de Upstore, entonces Upstore tiene diferentes m\u00e9todos para que paguen su suscripci\u00f3n. Consulte la siguiente tabla para conocer los diferentes m\u00e9todos de pago de Upstore.<\/p>\n\n\n\n<figure class=\"wp-block-table\"><table class=\"\"><tbody><tr><td class=\"has-text-align-center\" data-align=\"center\"><strong>LOS M\u00c9TODOS DE PAGO DEL UPSTORE <\/strong><\/td><\/tr><\/tbody><\/table><\/figure>\n\n\n\n<figure class=\"wp-block-table\"><table class=\"\"><tbody><tr><td class=\"has-text-align-center\" data-align=\"center\"><strong>Para tarjetas Visa o MasterCard (tarjetas de cr\u00e9dito) <\/strong><\/td><td class=\"has-text-align-center\" data-align=\"center\"><strong>Para los clientes que son europeos<\/strong><\/td><\/tr><tr><td class=\"has-text-align-center\" data-align=\"center\"><img loading=\"lazy\" width=\"408\" height=\"54\" class=\"wp-image-3541\" style=\"width: 150px;\" src=\"https:\/\/multihoster.org\/wp-content\/uploads\/2020\/04\/Visa-or-MasterCard-Cards-Credit-Cards.png\" alt=\"Visa or MasterCard Cards (Credit Cards)\" srcset=\"https:\/\/multihoster.org\/wp-content\/uploads\/2020\/04\/Visa-or-MasterCard-Cards-Credit-Cards.png 408w, https:\/\/multihoster.org\/wp-content\/uploads\/2020\/04\/Visa-or-MasterCard-Cards-Credit-Cards-300x40.png 300w\" sizes=\"(max-width: 408px) 100vw, 408px\" \/><br>Tarjeta Visa, tarjeta MasterCard, Maestro, tarjeta de regalo y tarjeta de pago. <\/td><td class=\"has-text-align-center\" data-align=\"center\"><img loading=\"lazy\" width=\"290\" height=\"46\" class=\"wp-image-3532\" style=\"width: 150px;\" src=\"https:\/\/multihoster.org\/wp-content\/uploads\/2020\/04\/Payment-method-of-customers-who-are-European.png\" alt=\"Payment method of customers who are European\"><br>Tarjeta Visa, MasterCard, Qiwi, WebMoney, y Moneta <\/td><\/tr><tr><td class=\"has-text-align-center\" data-align=\"center\"><strong>Para el pago electr\u00f3nico y las alternativas <\/strong><\/td><td class=\"has-text-align-center\" data-align=\"center\"><strong>Para Paysera o transferencia bancaria <\/strong><\/td><\/tr><tr><td class=\"has-text-align-center\" data-align=\"center\"><img loading=\"lazy\" width=\"401\" height=\"43\" class=\"wp-image-3523\" style=\"width: 150px;\" src=\"https:\/\/multihoster.org\/wp-content\/uploads\/2020\/04\/For-E-Payment-and-Alternatives.png\" alt=\"For E-Payment and Alternatives\" srcset=\"https:\/\/multihoster.org\/wp-content\/uploads\/2020\/04\/For-E-Payment-and-Alternatives.png 401w, https:\/\/multihoster.org\/wp-content\/uploads\/2020\/04\/For-E-Payment-and-Alternatives-300x32.png 300w, https:\/\/multihoster.org\/wp-content\/uploads\/2020\/04\/For-E-Payment-and-Alternatives-392x43.png 392w, https:\/\/multihoster.org\/wp-content\/uploads\/2020\/04\/For-E-Payment-and-Alternatives-390x43.png 390w\" sizes=\"(max-width: 401px) 100vw, 401px\" \/><img loading=\"lazy\" width=\"177\" height=\"45\" class=\"wp-image-3514\" style=\"width: 70px;\" src=\"https:\/\/multihoster.org\/wp-content\/uploads\/2020\/04\/For-E-Payment-and-Alternatives-1.png\" alt=\"For E-Payment and Alternatives\"> <br>Bitcoin, Alipay, PaySafe, WM, Paymer, Ideal, Przelewy 24, MyBank, y otras carteras digitales <\/td><td class=\"has-text-align-center\" data-align=\"center\"><img loading=\"lazy\" width=\"286\" height=\"48\" class=\"wp-image-3505\" style=\"width: 150px;\" src=\"https:\/\/multihoster.org\/wp-content\/uploads\/2020\/04\/For-Paysera-or-Wire-Transfer.png\" alt=\"For Paysera or Wire Transfer\"><img loading=\"lazy\" width=\"57\" height=\"41\" class=\"wp-image-3496\" style=\"width: 34px;\" src=\"https:\/\/multihoster.org\/wp-content\/uploads\/2020\/04\/For-Paysera-or-Wire-Transfer-1.png\" alt=\"For Paysera or Wire Transfer\"><br>cashU, Safety Pay, Wire Transfer o Transferencia Bancaria, dinero en euros, Paysera <\/td><\/tr><\/tbody><\/table><\/figure>\n\n\n\n<p>El usuario puede ponerse en contacto con Upstore a trav\u00e9s del correo electr\u00f3nico o del servicio de asistencia si tiene alg\u00fan problema con el pago o si necesita ayuda para pagar la cuenta premium de Upstore.<\/p>\n\n\n\n<h2>Subir en Upstore<\/h2>\n\n\n\n<p>Los servidores de Upstore se encuentran en la ubicaci\u00f3n europea, por lo que si un usuario del otro pa\u00eds sube un archivo, puede que sea un poco m\u00e1s lento, pero Upstore tiene actualmente como objetivo desarrollar un servidor adicional en otros pa\u00edses fuera de Europa.<\/p>\n\n\n\n<p>Un usuario puede subir diferentes tipos de un archivo, pero Upstore proh\u00edbe los otros tipos de archivo. Vea a continuaci\u00f3n para conocer los tipos de archivo prohibidos.<\/p>\n\n\n\n<p>Prohibidos los tipos de archivos que se suben a Upstore:<\/p>\n\n\n\n<ul><li>Archivos con violencia<\/li><li> Archivos con cualquier tipo de porno<\/li><li> Otros archivos que no concuerdan con las leyes americanas o europeas.<\/li><\/ul>\n\n\n\n<p>Adem\u00e1s, Upstore tiene un servicio en el que los usuarios tambi\u00e9n pueden subir un archivo usando cualquier torrente.<\/p>\n\n\n\n<p>La carga de archivos est\u00e1 limitada para los usuarios no registrados y para los usuarios gratuitos, por lo que se recomienda que el usuario tenga una cuenta Upstore Premium (cualquier plan Upstore premium).<\/p>\n\n\n\n<p>Al subir un archivo, a veces puede llevar mucho tiempo, por lo que los usuarios deben comprobar la estabilidad y la velocidad de su conexi\u00f3n a Internet que est\u00e1n utilizando actualmente.<\/p>\n\n\n\n<h2>Reg\u00edstrese para obtener una cuenta Upstore<\/h2>\n\n\n\n<p>Si quieres conservar o compartir tus archivos, puedes confiar en Upstore. Upstore es para cualquier usuario y es gratis. Cualquiera puede registrarse aqu\u00ed cuando quiera tener una cuenta en Upstore.<\/p>\n\n\n\n<p>Tener una cuenta aqu\u00ed en Upstore es f\u00e1cil y sencillo. Un usuario s\u00f3lo tiene que poner sus datos en el formulario y enviarlo. El formulario s\u00f3lo necesita que los usuarios pongan su direcci\u00f3n de correo electr\u00f3nico y luego lo env\u00eden. Despu\u00e9s de eso, los usuarios pueden comenzar a administrar, subir y descargar archivos en sus cuentas.<\/p>\n\n\n\n<h2>Suscripciones en Upstore<\/h2>\n\n\n\n<p>Si la suscripci\u00f3n de un usuario se paga por un (1) mes o tres (3) meses del plan de primas del Upstore, puede tener el control de su suscripci\u00f3n, ya sea para establecer las suscripciones de forma manual o para establecerla en forma autom\u00e1tica en el tablero de mandos del usuario. <\/p>\n\n\n\n<h2>Ayuda de Upstore<\/h2>\n\n\n\n<p>Lamentablemente, Upstore no tiene soporte para chats o llamadas, pero los usuarios registrados o no registrados de Upstore pueden comunicarse con ellos a trav\u00e9s de su personal del servicio de asistencia o, por lo general, los usuarios se ponen en contacto con ellos a trav\u00e9s del correo electr\u00f3nico y luego preguntan cualquier duda que puedan tener.<\/p>\n\n\n\n<h2>Cualquier sugerencia para Upstore<\/h2>\n\n\n\n<p>La ayuda del soporte es muy necesaria para todos los usuarios de Upstore. Para cualquier tipo de usuario, se sugiere que el Upstore tenga soporte para chats y llamadas, de manera que la gente pueda contactar con ellos en tiempo real y el equipo de soporte del Upstore pueda responder a las preguntas de los usuarios de inmediato y pueda instruir las soluciones para el problema de los usuarios en tiempo real.<\/p>\n\n\n<a class=\"maxbutton-2 maxbutton maxbutton-cta\" target=\"_blank\" rel=\"nofollow noopener\" href=\"\/go\/\"><span class='mb-text'>&gt;&gt; Ir a la p\u00e1gina web original de Linkifier <\/span><\/a>\n\n\n<p><\/p>\n","protected":false},"excerpt":{"rendered":"<p>Acerca de Upstore A trav\u00e9s de la modernizaci\u00f3n de esta generaci\u00f3n hoy en d\u00eda, la red de nubes es la<\/p>\n","protected":false},"author":2,"featured_media":0,"parent":0,"menu_order":0,"comment_status":"closed","ping_status":"closed","template":"","meta":[],"yoast_head":"<!-- This site is optimized with the Yoast SEO plugin v18.3 - https:\/\/yoast.com\/wordpress\/plugins\/seo\/ -->\n<title>Upstore Premium Cuenta: El Filehoster De Un Vistazo<\/title>\n<meta name=\"description\" content=\"Es Upstore un proveedor de confianza o no, puedes encontrar la respuesta en el test actual en Multihoster.org \u279c Haz clic ahora \u271a para leer nuestras experiencias!\" \/>\n<meta name=\"robots\" content=\"index, follow, max-snippet:-1, max-image-preview:large, max-video-preview:-1\" \/>\n<link rel=\"canonical\" href=\"https:\/\/multihoster.org\/es\/upstore\/\" \/>\n<meta property=\"og:locale\" content=\"es_ES\" \/>\n<meta property=\"og:type\" content=\"article\" \/>\n<meta property=\"og:title\" content=\"Upstore Premium Cuenta: El Filehoster De Un Vistazo\" \/>\n<meta property=\"og:description\" content=\"Es Upstore un proveedor de confianza o no, puedes encontrar la respuesta en el test actual en Multihoster.org \u279c Haz clic ahora \u271a para leer nuestras experiencias!\" \/>\n<meta property=\"og:url\" content=\"https:\/\/multihoster.org\/es\/upstore\/\" \/>\n<meta property=\"og:site_name\" content=\"Multihoster.org\" \/>\n<meta property=\"article:modified_time\" content=\"2020-04-15T11:07:42+00:00\" \/>\n<meta property=\"og:image\" content=\"https:\/\/multihoster.org\/wp-content\/uploads\/2020\/04\/Visa-or-MasterCard-Cards-Credit-Cards.png\" \/>\n<meta name=\"twitter:card\" content=\"summary\" \/>\n<meta name=\"twitter:label1\" content=\"Tiempo de lectura\" \/>\n\t<meta name=\"twitter:data1\" content=\"8 minutos\" \/>\n<script type=\"application\/ld+json\" class=\"yoast-schema-graph\">{\"@context\":\"https:\/\/schema.org\",\"@graph\":[{\"@type\":\"WebSite\",\"@id\":\"https:\/\/multihoster.org\/#website\",\"url\":\"https:\/\/multihoster.org\/\",\"name\":\"Multihoster.org\",\"description\":\"Reviews of the major Filehosting services\",\"potentialAction\":[{\"@type\":\"SearchAction\",\"target\":{\"@type\":\"EntryPoint\",\"urlTemplate\":\"https:\/\/multihoster.org\/?s={search_term_string}\"},\"query-input\":\"required name=search_term_string\"}],\"inLanguage\":\"es\"},{\"@type\":\"ImageObject\",\"@id\":\"https:\/\/multihoster.org\/es\/upstore\/#primaryimage\",\"inLanguage\":\"es\",\"url\":\"https:\/\/multihoster.org\/wp-content\/uploads\/2020\/04\/Visa-or-MasterCard-Cards-Credit-Cards.png\",\"contentUrl\":\"https:\/\/multihoster.org\/wp-content\/uploads\/2020\/04\/Visa-or-MasterCard-Cards-Credit-Cards.png\",\"width\":408,\"height\":54,\"caption\":\"Visa or MasterCard Cards (Credit Cards)\"},{\"@type\":\"WebPage\",\"@id\":\"https:\/\/multihoster.org\/es\/upstore\/#webpage\",\"url\":\"https:\/\/multihoster.org\/es\/upstore\/\",\"name\":\"Upstore Premium Cuenta: El Filehoster De Un Vistazo\",\"isPartOf\":{\"@id\":\"https:\/\/multihoster.org\/#website\"},\"primaryImageOfPage\":{\"@id\":\"https:\/\/multihoster.org\/es\/upstore\/#primaryimage\"},\"datePublished\":\"2020-04-15T09:17:01+00:00\",\"dateModified\":\"2020-04-15T11:07:42+00:00\",\"description\":\"Es Upstore un proveedor de confianza o no, puedes encontrar la respuesta en el test actual en Multihoster.org \u279c Haz clic ahora \u271a para leer nuestras experiencias!\",\"breadcrumb\":{\"@id\":\"https:\/\/multihoster.org\/es\/upstore\/#breadcrumb\"},\"inLanguage\":\"es\",\"potentialAction\":[{\"@type\":\"ReadAction\",\"target\":[\"https:\/\/multihoster.org\/es\/upstore\/\"]}]},{\"@type\":\"BreadcrumbList\",\"@id\":\"https:\/\/multihoster.org\/es\/upstore\/#breadcrumb\",\"itemListElement\":[{\"@type\":\"ListItem\",\"position\":1,\"name\":\"Startseite\",\"item\":\"https:\/\/multihoster.org\/es\/\"},{\"@type\":\"ListItem\",\"position\":2,\"name\":\"Upstore Premium Cuenta: El Filehoster De Un Vistazo\"}]}]}<\/script>\n<!-- \/ Yoast SEO plugin. -->","yoast_head_json":{"title":"Upstore Premium Cuenta: El Filehoster De Un Vistazo","description":"Es Upstore un proveedor de confianza o no, puedes encontrar la respuesta en el test actual en Multihoster.org \u279c Haz clic ahora \u271a para leer nuestras experiencias!","robots":{"index":"index","follow":"follow","max-snippet":"max-snippet:-1","max-image-preview":"max-image-preview:large","max-video-preview":"max-video-preview:-1"},"canonical":"https:\/\/multihoster.org\/es\/upstore\/","og_locale":"es_ES","og_type":"article","og_title":"Upstore Premium Cuenta: El Filehoster De Un Vistazo","og_description":"Es Upstore un proveedor de confianza o no, puedes encontrar la respuesta en el test actual en Multihoster.org \u279c Haz clic ahora \u271a para leer nuestras experiencias!","og_url":"https:\/\/multihoster.org\/es\/upstore\/","og_site_name":"Multihoster.org","article_modified_time":"2020-04-15T11:07:42+00:00","og_image":[{"url":"https:\/\/multihoster.org\/wp-content\/uploads\/2020\/04\/Visa-or-MasterCard-Cards-Credit-Cards.png"}],"twitter_card":"summary","twitter_misc":{"Tiempo de lectura":"8 minutos"},"schema":{"@context":"https:\/\/schema.org","@graph":[{"@type":"WebSite","@id":"https:\/\/multihoster.org\/#website","url":"https:\/\/multihoster.org\/","name":"Multihoster.org","description":"Reviews of the major Filehosting services","potentialAction":[{"@type":"SearchAction","target":{"@type":"EntryPoint","urlTemplate":"https:\/\/multihoster.org\/?s={search_term_string}"},"query-input":"required name=search_term_string"}],"inLanguage":"es"},{"@type":"ImageObject","@id":"https:\/\/multihoster.org\/es\/upstore\/#primaryimage","inLanguage":"es","url":"https:\/\/multihoster.org\/wp-content\/uploads\/2020\/04\/Visa-or-MasterCard-Cards-Credit-Cards.png","contentUrl":"https:\/\/multihoster.org\/wp-content\/uploads\/2020\/04\/Visa-or-MasterCard-Cards-Credit-Cards.png","width":408,"height":54,"caption":"Visa or MasterCard Cards (Credit Cards)"},{"@type":"WebPage","@id":"https:\/\/multihoster.org\/es\/upstore\/#webpage","url":"https:\/\/multihoster.org\/es\/upstore\/","name":"Upstore Premium Cuenta: El Filehoster De Un Vistazo","isPartOf":{"@id":"https:\/\/multihoster.org\/#website"},"primaryImageOfPage":{"@id":"https:\/\/multihoster.org\/es\/upstore\/#primaryimage"},"datePublished":"2020-04-15T09:17:01+00:00","dateModified":"2020-04-15T11:07:42+00:00","description":"Es Upstore un proveedor de confianza o no, puedes encontrar la respuesta en el test actual en Multihoster.org \u279c Haz clic ahora \u271a para leer nuestras experiencias!","breadcrumb":{"@id":"https:\/\/multihoster.org\/es\/upstore\/#breadcrumb"},"inLanguage":"es","potentialAction":[{"@type":"ReadAction","target":["https:\/\/multihoster.org\/es\/upstore\/"]}]},{"@type":"BreadcrumbList","@id":"https:\/\/multihoster.org\/es\/upstore\/#breadcrumb","itemListElement":[{"@type":"ListItem","position":1,"name":"Startseite","item":"https:\/\/multihoster.org\/es\/"},{"@type":"ListItem","position":2,"name":"Upstore Premium Cuenta: El Filehoster De Un Vistazo"}]}]}},"_links":{"self":[{"href":"https:\/\/multihoster.org\/es\/wp-json\/wp\/v2\/pages\/3557"}],"collection":[{"href":"https:\/\/multihoster.org\/es\/wp-json\/wp\/v2\/pages"}],"about":[{"href":"https:\/\/multihoster.org\/es\/wp-json\/wp\/v2\/types\/page"}],"author":[{"embeddable":true,"href":"https:\/\/multihoster.org\/es\/wp-json\/wp\/v2\/users\/2"}],"replies":[{"embeddable":true,"href":"https:\/\/multihoster.org\/es\/wp-json\/wp\/v2\/comments?post=3557"}],"version-history":[{"count":1,"href":"https:\/\/multihoster.org\/es\/wp-json\/wp\/v2\/pages\/3557\/revisions"}],"predecessor-version":[{"id":3614,"href":"https:\/\/multihoster.org\/es\/wp-json\/wp\/v2\/pages\/3557\/revisions\/3614"}],"wp:attachment":[{"href":"https:\/\/multihoster.org\/es\/wp-json\/wp\/v2\/media?parent=3557"}],"curies":[{"name":"wp","href":"https:\/\/api.w.org\/{rel}","templated":true}]}}