{"id":3602,"date":"2020-04-15T10:37:30","date_gmt":"2020-04-15T10:37:30","guid":{"rendered":"https:\/\/multihoster.org\/bigfile\/"},"modified":"2020-04-15T14:31:43","modified_gmt":"2020-04-15T14:31:43","slug":"bigfile","status":"publish","type":"page","link":"https:\/\/multihoster.org\/es\/bigfile\/","title":{"rendered":"BigFile Premium Cuenta: El Filehoster De Un Vistazo"},"content":{"rendered":"\n<div class=\"wp-block-image\"><figure class=\"alignleft size-large\"><img loading=\"lazy\" width=\"250\" height=\"114\" src=\"https:\/\/multihoster.org\/wp-content\/uploads\/2020\/04\/pasted-image-0-1-e1586947238554.png\" alt=\"BigFile logo\" class=\"wp-image-3584\"\/><\/figure><\/div>\n\n\n\n<p>Diga \u00abadi\u00f3s\u00bb a todo el almacenamiento externo como las memorias flash o los discos duros externos, porque en este tiempo ha llegado el almacenamiento en l\u00ednea de los archivos de los usuarios que se desarrolla con la ayuda de los desarrolladores profesionales y que se puede utilizar con la ayuda de la conexi\u00f3n a Internet en un dispositivo. Este almacenamiento en l\u00ednea se llama el <strong>BigFile<\/strong>.<\/p>\n\n\n<a class=\"maxbutton-2 maxbutton maxbutton-cta\" target=\"_blank\" rel=\"nofollow noopener\" href=\"\/go\/\"><span class='mb-text'>&gt;&gt; Ir a la p\u00e1gina web original de Linkifier <\/span><\/a>\n\n\n<h2>Repaso de BigFile<\/h2>\n\n\n\n<p>El archivo grande se conoce anteriormente como \u00abUploadable.ch\u00bb. Es uno de los sitios web m\u00e1s famosos para acceder, almacenar, subir y bajar uno o varios archivos. Bigfile proporciona un alojamiento de archivos seguro y fiable y garantiza a sus usuarios una experiencia segura y protegida con su sitio, as\u00ed como las transacciones de pago.<\/p>\n\n\n\n<p>Adem\u00e1s, el BigFile puede guardar todos los archivos del usuario, ya sean documentos, v\u00eddeos, m\u00fasica u otro tipo de archivos, y puede ponerlos a disposici\u00f3n del usuario cuando quiera acceder a ellos o cuando los necesite en cualquier dispositivo con conexi\u00f3n a Internet que est\u00e9 utilizando. Un usuario puede ver y compartir sus archivos (documentos, videos, m\u00fasica u otros tipos de archivos) en el sitio de BigFile utilizando cualquier navegador de Internet de cualquier dispositivo.<\/p>\n\n\n\n<p>Si un usuario se ha encontrado con alg\u00fan problema o problema o simplemente quiere preguntar algo sobre el sitio o las caracter\u00edsticas o servicios o pagos de BigFile, entonces puede contactar con el equipo de soporte de BigFile rellenando el formulario de contacto de su sitio.<\/p>\n\n\n\n<p>Para utilizar las diferentes caracter\u00edsticas y servicios del sitio de BigFile, debe crear una cuenta para registrarse en el sitio. Adem\u00e1s, cada usuario debe confirmar y verificar sus cuentas para la seguridad de todas las transacciones que se har\u00e1n con el sistema del sitio de BigFile. Se requiere una cuenta confirmada y verificada para evitar cualquier fraude o cualquier transacci\u00f3n falsa. El usuario debe recordar que no debe compartir su cuenta, especialmente la informaci\u00f3n sobre sus pagos a ning\u00fan usuario o a nadie por su seguridad.<\/p>\n\n\n\n<p>BigFile tiene dos tipos de cuentas diferentes, estas son la Cuenta Gratuita de BigFile y la Cuenta Premium de BigFile. Los usuarios pueden disfrutar de todas las caracter\u00edsticas y servicios con la cuenta premium. BigFile permite a los usuarios que tienen cuentas premium descargar varios archivos al mismo tiempo a diferencia de los usuarios que tienen una cuenta gratuita, s\u00f3lo tienen un n\u00famero limitado de descargas de archivos que s\u00f3lo un (1) archivo a la vez, s\u00f3lo pueden iniciar la descarga de nuevo para el siguiente archivo despu\u00e9s de que el archivo anterior se ha terminado de descargar. La cuenta Premium de BigFile soporta la descarga de uno o varios archivos con los aceleradores de descarga que pueden dar una mayor velocidad de descarga incluso cuando la conexi\u00f3n a Internet del usuario no tiene una velocidad mayor. Adem\u00e1s, la cuenta premium de BigFile tiene una mayor velocidad que la cuenta gratuita porque el <a href=\"https:\/\/en.wikipedia.org\/wiki\/Internet_Protocol\" target=\"_blank\" rel=\"noreferrer noopener\" aria-label=\"protocolo de Internet (opens in a new tab)\">protocolo de Internet<\/a> o la direcci\u00f3n IP del usuario se dirige a los servidores del sitio de BigFile, que no est\u00e1n m\u00e1s llenos para un tr\u00e1fico menor que el de las cuentas gratuitas. <\/p>\n\n\n\n<p>Al descargar uno o varios archivos del sitio de Bigfile, el usuario puede utilizar una o varias herramientas de descarga como el Gestor de Descargas de Internet o IDM, Jdownloader, Download Accelerator Plus o DAP, Mipon o cualquiera que el usuario est\u00e9 acostumbrado a utilizar.<\/p>\n\n\n\n<ul><li>F\u00e1cil y accesible \u2043 Un usuario puede acceder f\u00e1cilmente al sitio de BigFile en cualquier lugar que desee y en cualquier momento sin preocuparse de c\u00f3mo llevar sus archivos. Adem\u00e1s, \u00e9l o ella puede entender y ajustar f\u00e1cilmente con las caracter\u00edsticas, funciones y servicios del sitio de BigFile, porque hicieron el simple y b\u00e1sico.<\/li><li>Sociable \u2043 Cualquier usuario puede usar el sitio de BigFile con sus compa\u00f1eros de grupo o de equipo o de clase, amigos, familiares u otros compartiendo un archivo o archivos con ellos. \u00c9l o ella puede enviar su archivo o archivos a trav\u00e9s de Internet a trav\u00e9s de medios sociales o correo electr\u00f3nico.<\/li><li>Tama\u00f1o de archivo m\u00e1s grande \u2043 Si un usuario va por la cuenta gratuita de BigFile solamente, entonces espere que s\u00f3lo tenga un tama\u00f1o limitado del espacio de almacenamiento que obtendr\u00e1 dos gigabytes (2 GB) o dos mil megabytes (2000 MB), mientras que si un usuario va por la cuenta premium de BigFile, obtendr\u00e1 diez gigabytes (10 GB) diez mil megabytes (10.000 MB) de tama\u00f1o de espacio de almacenamiento.<\/li><li>Entrega r\u00e1pida \u2043 La entrega de la cuenta y los c\u00f3digos de producto de BigFile se env\u00edan al correo electr\u00f3nico del usuario m\u00e1s r\u00e1pidamente.<\/li><li>Diferentes m\u00e9todos de pago \u2043 BigFile admite diferentes m\u00e9todos de pago, de manera que diferentes usuarios de todo el mundo pueden pagar o comprar sus productos y servicios.<\/li><li>Sitio muy seguro \u2043 Los archivos de los usuarios est\u00e1n todos protegidos porque BigFile utiliza la mejor tecnolog\u00eda de <a href=\"https:\/\/en.wikipedia.org\/wiki\/Encryption\" target=\"_blank\" rel=\"noreferrer noopener\" aria-label=\"encriptaci\u00f3n  (opens in a new tab)\">encriptaci\u00f3n <\/a>para las caracter\u00edsticas de seguridad del sitio. <\/li><li>Equipo de soporte 24\/7 \u2043 El sitio de BigFile tiene un equipo de soporte para chats en vivo y correos electr\u00f3nicos. El equipo de apoyo est\u00e1 operando y disponible siempre para las 24 horas del d\u00eda, los 7 d\u00edas de la semana, todas las semanas.<\/li><\/ul>\n\n\n<a class=\"maxbutton-2 maxbutton maxbutton-cta\" target=\"_blank\" rel=\"nofollow noopener\" href=\"\/go\/\"><span class='mb-text'>&gt;&gt; Ir a la p\u00e1gina web original de Linkifier <\/span><\/a>\n\n\n<h2>Los beneficios y las caracter\u00edsticas de Bigfile Premium Cuenta<\/h2>\n\n\n\n<ul><li>Tiene la m\u00e1xima velocidad para descargar un archivo o archivos. No tiene l\u00edmite de velocidad.<\/li><li>Tiene un tama\u00f1o ilimitado de almacenamiento personal para todos los usuarios premium.<\/li><li>Tiene diez gigabytes (10 GB) o diez mil megabytes (10.000 MB) para subir un archivo o archivos.<\/li><li>El archivo de archivos es ilimitado.<\/li><li>Tiene un mayor tama\u00f1o de <a href=\"https:\/\/dictionary.cambridge.org\/us\/dictionary\/english\/bandwidth\" target=\"_blank\" rel=\"noreferrer noopener\" aria-label=\"ancho de banda (opens in a new tab)\">ancho de banda<\/a><\/li><li>No tiene tiempo de espera para descargar un archivo o archivos y no hay anuncios cuando se utiliza el sitio de BigFile.<\/li><li>Es un sitio y una cuenta 100% seguros.<\/li><li>Soporta la administraci\u00f3n de archivos.<\/li><li>Soporta m\u00faltiples descargas de archivos simult\u00e1neamente.<\/li><li>Tiene un resumen y una pausa para las descargas.<\/li><li>Tiene un acelerador de descarga para descargar archivos m\u00e1s r\u00e1pido<\/li><li>Soporta diferentes administradores o herramientas para descargar un archivo o archivos.<\/li><\/ul>\n\n\n\n<p>Por favor, vea los siguientes precios de la Cuenta Gratuita de BigFile y la Bigfile Premium Cuenta<\/p>\n\n\n\n<figure class=\"wp-block-table\"><table class=\"\"><tbody><tr><td class=\"has-text-align-center\" data-align=\"center\">Precios de las cuentas de BigFile<\/td><\/tr><\/tbody><\/table><\/figure>\n\n\n\n<figure class=\"wp-block-table\"><table class=\"\"><tbody><tr><td>Tipos de cuentas de BigFile<\/td><td>D\u00edas o meses<\/td><td>Precios<\/td><td>El tama\u00f1o de la capacidad de almacenamiento<\/td><td>\u00bfEs seguro?<\/td><td>Clasificaci\u00f3n de la seguridad<\/td><\/tr><tr><td>Cuenta gratuita<\/td><td>Cero (0) d\u00edas o cero (0) meses<\/td><td>00.00 USD<\/td><td>peque\u00f1o <\/td><td>\u2611 S\u00cd<\/td><td>100%<\/td><\/tr><tr><td>\u22c6 Premium Cuenta<\/td><td>Treinta (30) d\u00edas o un (1) mes<\/td><td>15.99 USD<\/td><td>m\u00e1s grande<\/td><td>\u2611 S\u00cd<\/td><td>100%<\/td><\/tr><tr><td>\u22c6Premium Cuenta<\/td><td>Noventa (90) d\u00edas o un (3) meses<\/td><td>36.99 USD<\/td><td>m\u00e1s grande<\/td><td>\u2611 S\u00cd<\/td><td>100%<\/td><\/tr><tr><td>\u22c6Premium Cuenta<\/td><td>Ciento ochenta d\u00edas (180) d\u00edas o seis (6) meses<\/td><td>61.90 USD<\/td><td>m\u00e1s grande<\/td><td>\u2611 S\u00cd<\/td><td>100%<\/td><\/tr><tr><td>\u22c6Premium Cuenta<\/td><td>Trescientos sesenta y cinco (365) d\u00edas o doce (12) meses<\/td><td>86.99 USD<\/td><td>m\u00e1s grande<\/td><td>\u2611 S\u00cd<\/td><td>100%<\/td><\/tr><\/tbody><\/table><\/figure>\n\n\n\n<h2>C\u00f3digo del vale para la activaci\u00f3n de BigFile Premium Cuenta<\/h2>\n\n\n\n<p>S\u00ed, el sitio de Bigfile soporta el pago a trav\u00e9s de PayPal, VISA o MasterCard para los productos de primera calidad y c\u00f3digos de cupones. Despu\u00e9s de que el usuario haya pagado la cuenta premium o el c\u00f3digo del vale, recibir\u00e1 un c\u00f3digo que consiste en letras y n\u00fameros que debe utilizar para activar la cuenta premium de BigFile. Sin el c\u00f3digo del vale, la cuenta de un usuario no se actualizar\u00e1 a la cuenta premium y no podr\u00e1 utilizar las caracter\u00edsticas y servicios de la misma.<\/p>\n\n\n\n<p><strong>\u00bfC\u00f3mo introducir el c\u00f3digo del vale si es un nuevo usuario?<\/strong><\/p>\n\n\n\n<ol><li>Ve al sitio de BigFile y encuentra el bot\u00f3n para inscribirte.<\/li><li>Un usuario debe registrarse para crear una cuenta en el sitio de BigFile.<\/li><li>Un usuario debe rellenar todos los campos del formulario de registro de BigFile. Debe introducir su nombre de usuario, direcci\u00f3n de correo electr\u00f3nico y contrase\u00f1a.<\/li><li>Introducir el c\u00f3digo del vale de la cuenta Premium de BigFile en el campo \u00abC\u00f3digo del vale Premium\u00bb.<\/li><li>A continuaci\u00f3n, haga clic en el bot\u00f3n \u00abCrear cuenta\u00bb para enviar toda la informaci\u00f3n de un usuario en el formulario de registro del sitio de BigFile.<\/li><\/ol>\n\n\n\n<figure class=\"wp-block-image\"><img src=\"https:\/\/lh3.googleusercontent.com\/I8_mopX3mrPEEN7JGhuyPdzqO1jj6OrOFL0aF2bXkaQPVaETo4xVYVFGWxV-AR87AX0ydjO2BtvzQJaETNqSxoo1nAeSD6OtWGDOBTpoHd5t9MD_iP4vC7yPtYG5Td6GNSXMCWg7\" alt=\"Enter Voucher Code on the yellow highlighted field\"\/><\/figure>\n\n\n\n<p><strong>\u00bfC\u00f3mo introducir el c\u00f3digo del vale si es un usuario existente?<\/strong><\/p>\n\n\n\n<ol><li>Ve al sitio de BigFile y encuentra el bot\u00f3n para iniciar sesi\u00f3n.<\/li><li>Ve a la p\u00e1gina de inicio de sesi\u00f3n del sitio de BigFile.<\/li><li>Un usuario debe ingresar a su cuenta con el nombre de usuario y la contrase\u00f1a de su cuenta en BigFile.<\/li><li>Ir a la pesta\u00f1a de canje del sitio de BigFile.<\/li><li>Copia el c\u00f3digo del vale y p\u00e9galo en el campo del \u00abC\u00f3digo del Vale Premium\u00bb en la p\u00e1gina de canje.<\/li><li>A continuaci\u00f3n, haga clic en el bot\u00f3n \u00abEnviar\u00bb para aplicar el c\u00f3digo del vale y activar la cuenta Premium de su cuenta de BigFile. El usuario puede ahora disfrutar de todas las caracter\u00edsticas y servicios de la Cuenta Premium de BigFile.<\/li><\/ol>\n\n\n\n<figure class=\"wp-block-image\"><img src=\"https:\/\/lh5.googleusercontent.com\/Iu478QCvtTkoWyU6zrlZjC1KFVKkaTtq5MCNzq436AgZ5qP-MbuAktwuSDhTjTvvtVbCK7tR0T_bKu3-Z96e_r34TPaBE0pv0-A-Y2bwvoZxUEbX_lQ-21YikzWPKVlFQgycH-ML\" alt=\"Enter Voucher Code on the yellow highlighted field\"\/><\/figure>\n\n\n\n<p>El tiempo promedio de entrega del producto de BigFile es de veinticuatro (24) horas a tres (3) d\u00edas. Por lo tanto, si un usuario hace un pago por la cuenta premium o el c\u00f3digo del vale de BigFile, necesita esperar dentro de ese rango de tiempo para recibirlo.<\/p>\n\n\n<a class=\"maxbutton-2 maxbutton maxbutton-cta\" target=\"_blank\" rel=\"nofollow noopener\" href=\"\/go\/\"><span class='mb-text'>&gt;&gt; Ir a la p\u00e1gina web original de Linkifier <\/span><\/a>","protected":false},"excerpt":{"rendered":"<p>Diga \u00abadi\u00f3s\u00bb a todo el almacenamiento externo como las memorias flash o los discos duros externos, porque en este tiempo<\/p>\n","protected":false},"author":2,"featured_media":0,"parent":0,"menu_order":0,"comment_status":"closed","ping_status":"closed","template":"","meta":[],"yoast_head":"<!-- This site is optimized with the Yoast SEO plugin v18.3 - https:\/\/yoast.com\/wordpress\/plugins\/seo\/ -->\n<title>BigFile Premium Cuenta: El Filehoster De Un Vistazo<\/title>\n<meta name=\"description\" content=\"\u00bfEs BigFile un proveedor de buena reputaci\u00f3n o no, puedes encontrar la respuesta en el test actual en Multihoster.org \u279c Haz clic ahora \u271a para leer nuestras experiencias!\" \/>\n<meta name=\"robots\" content=\"index, follow, max-snippet:-1, max-image-preview:large, max-video-preview:-1\" \/>\n<link rel=\"canonical\" href=\"https:\/\/multihoster.org\/es\/bigfile\/\" \/>\n<meta property=\"og:locale\" content=\"es_ES\" \/>\n<meta property=\"og:type\" content=\"article\" \/>\n<meta property=\"og:title\" content=\"BigFile Premium Cuenta: El Filehoster De Un Vistazo\" \/>\n<meta property=\"og:description\" content=\"\u00bfEs BigFile un proveedor de buena reputaci\u00f3n o no, puedes encontrar la respuesta en el test actual en Multihoster.org \u279c Haz clic ahora \u271a para leer nuestras experiencias!\" \/>\n<meta property=\"og:url\" content=\"https:\/\/multihoster.org\/es\/bigfile\/\" \/>\n<meta property=\"og:site_name\" content=\"Multihoster.org\" \/>\n<meta property=\"article:modified_time\" content=\"2020-04-15T14:31:43+00:00\" \/>\n<meta property=\"og:image\" content=\"https:\/\/multihoster.org\/wp-content\/uploads\/2020\/04\/pasted-image-0-1-e1586947238554.png\" \/>\n<meta name=\"twitter:card\" content=\"summary\" \/>\n<meta name=\"twitter:label1\" content=\"Tiempo de lectura\" \/>\n\t<meta name=\"twitter:data1\" content=\"8 minutos\" \/>\n<script type=\"application\/ld+json\" class=\"yoast-schema-graph\">{\"@context\":\"https:\/\/schema.org\",\"@graph\":[{\"@type\":\"WebSite\",\"@id\":\"https:\/\/multihoster.org\/#website\",\"url\":\"https:\/\/multihoster.org\/\",\"name\":\"Multihoster.org\",\"description\":\"Reviews of the major Filehosting services\",\"potentialAction\":[{\"@type\":\"SearchAction\",\"target\":{\"@type\":\"EntryPoint\",\"urlTemplate\":\"https:\/\/multihoster.org\/?s={search_term_string}\"},\"query-input\":\"required name=search_term_string\"}],\"inLanguage\":\"es\"},{\"@type\":\"ImageObject\",\"@id\":\"https:\/\/multihoster.org\/es\/bigfile\/#primaryimage\",\"inLanguage\":\"es\",\"url\":\"https:\/\/multihoster.org\/wp-content\/uploads\/2020\/04\/pasted-image-0-1-e1586947238554.png\",\"contentUrl\":\"https:\/\/multihoster.org\/wp-content\/uploads\/2020\/04\/pasted-image-0-1-e1586947238554.png\",\"width\":250,\"height\":114,\"caption\":\"BigFile logo\"},{\"@type\":\"WebPage\",\"@id\":\"https:\/\/multihoster.org\/es\/bigfile\/#webpage\",\"url\":\"https:\/\/multihoster.org\/es\/bigfile\/\",\"name\":\"BigFile Premium Cuenta: El Filehoster De Un Vistazo\",\"isPartOf\":{\"@id\":\"https:\/\/multihoster.org\/#website\"},\"primaryImageOfPage\":{\"@id\":\"https:\/\/multihoster.org\/es\/bigfile\/#primaryimage\"},\"datePublished\":\"2020-04-15T10:37:30+00:00\",\"dateModified\":\"2020-04-15T14:31:43+00:00\",\"description\":\"\u00bfEs BigFile un proveedor de buena reputaci\u00f3n o no, puedes encontrar la respuesta en el test actual en Multihoster.org \u279c Haz clic ahora \u271a para leer nuestras experiencias!\",\"breadcrumb\":{\"@id\":\"https:\/\/multihoster.org\/es\/bigfile\/#breadcrumb\"},\"inLanguage\":\"es\",\"potentialAction\":[{\"@type\":\"ReadAction\",\"target\":[\"https:\/\/multihoster.org\/es\/bigfile\/\"]}]},{\"@type\":\"BreadcrumbList\",\"@id\":\"https:\/\/multihoster.org\/es\/bigfile\/#breadcrumb\",\"itemListElement\":[{\"@type\":\"ListItem\",\"position\":1,\"name\":\"Startseite\",\"item\":\"https:\/\/multihoster.org\/es\/\"},{\"@type\":\"ListItem\",\"position\":2,\"name\":\"BigFile Premium Cuenta: El Filehoster De Un Vistazo\"}]}]}<\/script>\n<!-- \/ Yoast SEO plugin. -->","yoast_head_json":{"title":"BigFile Premium Cuenta: El Filehoster De Un Vistazo","description":"\u00bfEs BigFile un proveedor de buena reputaci\u00f3n o no, puedes encontrar la respuesta en el test actual en Multihoster.org \u279c Haz clic ahora \u271a para leer nuestras experiencias!","robots":{"index":"index","follow":"follow","max-snippet":"max-snippet:-1","max-image-preview":"max-image-preview:large","max-video-preview":"max-video-preview:-1"},"canonical":"https:\/\/multihoster.org\/es\/bigfile\/","og_locale":"es_ES","og_type":"article","og_title":"BigFile Premium Cuenta: El Filehoster De Un Vistazo","og_description":"\u00bfEs BigFile un proveedor de buena reputaci\u00f3n o no, puedes encontrar la respuesta en el test actual en Multihoster.org \u279c Haz clic ahora \u271a para leer nuestras experiencias!","og_url":"https:\/\/multihoster.org\/es\/bigfile\/","og_site_name":"Multihoster.org","article_modified_time":"2020-04-15T14:31:43+00:00","og_image":[{"url":"https:\/\/multihoster.org\/wp-content\/uploads\/2020\/04\/pasted-image-0-1-e1586947238554.png"}],"twitter_card":"summary","twitter_misc":{"Tiempo de lectura":"8 minutos"},"schema":{"@context":"https:\/\/schema.org","@graph":[{"@type":"WebSite","@id":"https:\/\/multihoster.org\/#website","url":"https:\/\/multihoster.org\/","name":"Multihoster.org","description":"Reviews of the major Filehosting services","potentialAction":[{"@type":"SearchAction","target":{"@type":"EntryPoint","urlTemplate":"https:\/\/multihoster.org\/?s={search_term_string}"},"query-input":"required name=search_term_string"}],"inLanguage":"es"},{"@type":"ImageObject","@id":"https:\/\/multihoster.org\/es\/bigfile\/#primaryimage","inLanguage":"es","url":"https:\/\/multihoster.org\/wp-content\/uploads\/2020\/04\/pasted-image-0-1-e1586947238554.png","contentUrl":"https:\/\/multihoster.org\/wp-content\/uploads\/2020\/04\/pasted-image-0-1-e1586947238554.png","width":250,"height":114,"caption":"BigFile logo"},{"@type":"WebPage","@id":"https:\/\/multihoster.org\/es\/bigfile\/#webpage","url":"https:\/\/multihoster.org\/es\/bigfile\/","name":"BigFile Premium Cuenta: El Filehoster De Un Vistazo","isPartOf":{"@id":"https:\/\/multihoster.org\/#website"},"primaryImageOfPage":{"@id":"https:\/\/multihoster.org\/es\/bigfile\/#primaryimage"},"datePublished":"2020-04-15T10:37:30+00:00","dateModified":"2020-04-15T14:31:43+00:00","description":"\u00bfEs BigFile un proveedor de buena reputaci\u00f3n o no, puedes encontrar la respuesta en el test actual en Multihoster.org \u279c Haz clic ahora \u271a para leer nuestras experiencias!","breadcrumb":{"@id":"https:\/\/multihoster.org\/es\/bigfile\/#breadcrumb"},"inLanguage":"es","potentialAction":[{"@type":"ReadAction","target":["https:\/\/multihoster.org\/es\/bigfile\/"]}]},{"@type":"BreadcrumbList","@id":"https:\/\/multihoster.org\/es\/bigfile\/#breadcrumb","itemListElement":[{"@type":"ListItem","position":1,"name":"Startseite","item":"https:\/\/multihoster.org\/es\/"},{"@type":"ListItem","position":2,"name":"BigFile Premium Cuenta: El Filehoster De Un Vistazo"}]}]}},"_links":{"self":[{"href":"https:\/\/multihoster.org\/es\/wp-json\/wp\/v2\/pages\/3602"}],"collection":[{"href":"https:\/\/multihoster.org\/es\/wp-json\/wp\/v2\/pages"}],"about":[{"href":"https:\/\/multihoster.org\/es\/wp-json\/wp\/v2\/types\/page"}],"author":[{"embeddable":true,"href":"https:\/\/multihoster.org\/es\/wp-json\/wp\/v2\/users\/2"}],"replies":[{"embeddable":true,"href":"https:\/\/multihoster.org\/es\/wp-json\/wp\/v2\/comments?post=3602"}],"version-history":[{"count":1,"href":"https:\/\/multihoster.org\/es\/wp-json\/wp\/v2\/pages\/3602\/revisions"}],"predecessor-version":[{"id":3663,"href":"https:\/\/multihoster.org\/es\/wp-json\/wp\/v2\/pages\/3602\/revisions\/3663"}],"wp:attachment":[{"href":"https:\/\/multihoster.org\/es\/wp-json\/wp\/v2\/media?parent=3602"}],"curies":[{"name":"wp","href":"https:\/\/api.w.org\/{rel}","templated":true}]}}