{"id":3677,"date":"2020-04-15T15:38:06","date_gmt":"2020-04-15T15:38:06","guid":{"rendered":"https:\/\/multihoster.org\/?page_id=3677"},"modified":"2020-06-01T11:16:29","modified_gmt":"2020-06-01T11:16:29","slug":"extmatrix","status":"publish","type":"page","link":"https:\/\/multihoster.org\/es\/extmatrix\/","title":{"rendered":"ExtMatrix Premium Cuenta: El Filehoster De Un Vistazo"},"content":{"rendered":"\n<div class=\"wp-block-image\"><figure class=\"aligncenter\"><img src=\"https:\/\/lh6.googleusercontent.com\/ajXxtb78K0qOd80BT2Q0PmNLZ9CoZlNY06w5CnxkVhNTnHG9z_D201mJ-ybLmNBhDo72X1tR4N2dV7HBQXJH5eBBn0pSUXFfou4Jme-DHtzgqVWP2YK2erUAvolG8u27ou0oqD7a\" alt=\"ExtMatrix logo\"\/><\/figure><\/div>\n\n\n<a class=\"maxbutton-2 maxbutton maxbutton-cta\" target=\"_blank\" rel=\"nofollow noopener\" href=\"\/go\/\"><span class='mb-text'>&gt;&gt; Ir a la p\u00e1gina web original de Linkifier<\/span><\/a>\n\n\n<h2>\u00bfQu\u00e9 es ExtMatrix?<\/h2>\n\n\n\n<p>ExtMatrix es una plataforma de almacenamiento en l\u00ednea en la nube que puede utilizarse para guardar diferentes tipos de datos, incluyendo im\u00e1genes, m\u00fasica, pel\u00edculas, documentos, archivos comprimidos y m\u00e1s. Todos los datos que est\u00e1s guardando y almacenando ser\u00e1n accesibles para ti dondequiera que vayas, en todo el mundo. Por lo tanto, si necesita un almacenamiento de archivos que sea muy asequible y fiable, ExtMatrix es la plataforma adecuada para usted. No tiene amenazas activas reportadas recientemente por los usuarios, ExtMatrix es seguro y protegido para navegar.<\/p>\n\n\n\n<ul><li><strong>Alojamiento de archivos<br><\/strong>El alojamiento de archivos es un servicio que te permite subir y administrar tus archivos en el servidor de otra persona. Podr\u00eda ser alojado en un servidor real o emplear almacenamiento en la nube &#8211; el mismo resultado suceder\u00eda. Subes tus documentos al servidor. Y se mantendr\u00e1 hasta que los quites (excepto que tus archivos sean eliminados por la compa\u00f1\u00eda por alguna raz\u00f3n que pueda haber violado sus t\u00e9rminos y condiciones).<br><\/li><li><strong>Compartir archivos<br><\/strong>Un servicio de distribuci\u00f3n de archivos puede ser visto como una especie de alojamiento de archivos. Con la distribuci\u00f3n de archivos, s\u00f3lo se obtiene el derecho de subir y mantener los archivos en los servidores de la empresa, pero tambi\u00e9n se da a los dem\u00e1s un enlace de descarga. Al tener ese enlace de descarga, esos otros usuarios pueden obtener y descargar tu archivo para su uso.<br><\/li><li><strong>Navegadores web compatibles<br><\/strong>1. Google chrome (muy recomendado)<br>2. Mozilla Firefox (recomendado)<br>3. Microsoft Edge<br>4. Safari<\/li><\/ul>\n\n\n\n<h3>\u00bfPor qu\u00e9 elegir ExtMatrix?<\/h3>\n\n\n\n<p>ExtMatrix es el revendedor de alojamiento de archivos m\u00e1s popular, que ofrece un servicio fant\u00e1stico y buenos precios para las cuentas Premium de ExtMatrix, su principal responsabilidad es mantenerlo a la altura. Para mejorar la relaci\u00f3n con nuestros clientes con una respuesta m\u00e1s r\u00e1pida y soluciones a tiempo, hemos optado por los mejores equipos profesionales de soporte t\u00e9cnico a trav\u00e9s de Live Support. Los clientes pueden tener una charla sobre su producto y obtener soluciones instant\u00e1neas seg\u00fan sus necesidades, ayuda a los usuarios de todo el mundo a supervisar sus registros en cualquier d\u00eda que deseen. Es muy \u00fatil y conveniente para las personas, especialmente para los estudiantes y para los hombres de negocios, porque pueden guardar, descargar y llevar sus archivos sin necesidad de ninguna unidad flash, tarjetas de memoria o discos duros externos, pero por supuesto con la ayuda de las conexiones de Internet en cualquier lugar. El grupo puede enviar los servicios incluidos a los usuarios que buscan servicios ejecutivos de archivos r\u00e1pidos, protegidos y seguros.<\/p>\n\n\n\n<h3>M\u00e1s informaci\u00f3n sobre las caracter\u00edsticas de ExtMatrix<\/h3>\n\n\n\n<ol><li>Mantenemos varios formatos de video, audio, im\u00e1genes o documentos.<\/li><li>Contiene un gran organizador de archivos que puede manejar documentos sin esfuerzo.<\/li><li>La membres\u00eda Premium tendr\u00e1 las mejores velocidades de descarga, sin l\u00edmites y sin almacenamiento final de sus registros, sin que ning\u00fan anuncio le moleste, etc.<\/li><\/ol>\n\n\n\n<h2>Caracter\u00edsticas de ExtMatrix<\/h2>\n\n\n\n<h3>Panel de usuario<\/h3>\n\n\n\n<p>El panel de usuario se compone de lo siguiente:<\/p>\n\n\n\n<ul><li>Tablero de control &#8211; Muestra el estado actual del usuario, el n\u00famero de descargas totales, archivos y almacenamiento.<\/li><li>Administrador de archivos &#8211; Esta es la p\u00e1gina donde un usuario administra sus carpetas y archivos en el sitio de ExtMatrix, esto contiene las carpetas creadas y los archivos agregados (archivos activos e inactivos ) de un usuario, la carpeta o el tama\u00f1o del archivo, el tipo de contenido, los enlaces de esas carpetas y archivos, la fecha y hora de la carga, y el n\u00famero de descargas de una carpeta o archivo.<\/li><li>Carga m\u00faltiple: un usuario puede cargar varios archivos de cualquier tipo. S\u00f3lo tiene que hacer clic en \u00abagregar archivos\u00bb y hacer clic en el bot\u00f3n \u00abIniciar la carga\u00bb para subir los archivos que acaba de agregar al sitio de Openload.<\/li><li>Configuraci\u00f3n del usuario: aqu\u00ed es donde los usuarios administran sus cuentas e informaci\u00f3n.<\/li><li>Configuraci\u00f3n de conversi\u00f3n: aqu\u00ed es donde se establece la conversi\u00f3n de un v\u00eddeo, convirtiendo autom\u00e1ticamente la calidad de un v\u00eddeo cuando lo transmite un usuario en la resoluci\u00f3n que \u00e9ste ya ha establecido y guardado en la configuraci\u00f3n de conversi\u00f3n.<\/li><\/ul>\n\n\n\n<h3>Cargas<\/h3>\n\n\n\n<p>\u00a1Ahora la subida de archivos es sin problemas!<\/p>\n\n\n\n<p>ExtMatrix est\u00e1 aqu\u00ed para ayudarte a mantener y organizar tus archivos para hacer tu vida m\u00e1s f\u00e1cil. ExtMatrix tiene una simple caracter\u00edstica de arrastrar y soltar que har\u00e1 que la carga sea m\u00e1s r\u00e1pida. Tambi\u00e9n soporta la carga de numerosos archivos especiales con diferentes tipos de archivos.<\/p>\n\n\n\n<p>Los usuarios pueden simplemente arrastrar su carpeta o archivo desde su dispositivo y soltarlo en sus archivos ExtMatrix. Despu\u00e9s de eso, ExtMatrix subir\u00e1 todo el contenido de la carpeta o el archivo por ti.<\/p>\n\n\n\n<p>Subir archivos o carpetas usando dispositivos m\u00f3viles puede usar la opci\u00f3n \u00abCompartir a\u00bb y seleccionar ExtMatrix para subirlos directamente a la cuenta de ExtMatrix del usuario, despu\u00e9s, vaya al sitio de ExtMatrix e intente subir su archivo<\/p>\n\n\n\n<p><strong>A continuaci\u00f3n se muestran los tipos de archivos que se pueden subir a ExtMatrix:<\/strong><\/p>\n\n\n\n<ul><li>M\u00fasica o Audio<\/li><li>Videos<\/li><li>Aplicaciones y juegos<\/li><li>Libros o E-libros<\/li><li>Archivar o comprimir<\/li><\/ul>\n\n\n<a class=\"maxbutton-2 maxbutton maxbutton-cta\" target=\"_blank\" rel=\"nofollow noopener\" href=\"\/go\/\"><span class='mb-text'>&gt;&gt; Ir a la p\u00e1gina web original de Linkifier<\/span><\/a>\n\n\n<h3>Descargas<\/h3>\n\n\n\n<p>Los usuarios pueden descargar f\u00e1cilmente el archivo desde el sitio de ExtMatrix, el correo electr\u00f3nico y los medios sociales, o en cualquier lugar utilizando el enlace de ExtMatrix para los archivos. Los usuarios s\u00f3lo tendr\u00e1n que hacer clic en el enlace y ser\u00e1n dirigidos al archivo para su descarga. <\/p>\n\n\n\n<h3>Compartir<\/h3>\n\n\n\n<p>El enlace s\u00f3lo es accesible para el propietario y para el usuario compartido del mismo. Normalmente se utiliza para archivos de trabajo privados o personales.<\/p>\n\n\n\n<h3>Acceso<\/h3>\n\n\n\n<p>Los usuarios son los \u00fanicos responsables del acceso y uso de los siguientes servicios. Los usuarios tambi\u00e9n pueden acceder a los archivos utilizando tel\u00e9fonos androides, ios, de escritorio o port\u00e1tiles.<\/p>\n\n\n\n<h3>Datos <\/h3>\n\n\n\n<p> Users have sole responsibility and liability for the data that is stored on servers. The user controls its data through its generated link. <\/p>\n\n\n\n<h3>Notificaciones<\/h3>\n\n\n\n<p>Los usuarios notificar\u00e1n inmediatamente si observan alguna actividad que indique que la cuenta o los datos del usuario se est\u00e1n utilizando sin autorizaci\u00f3n.<\/p>\n\n\n\n<h2>Ventajas de ExtMatrix <\/h2>\n\n\n\n<figure class=\"wp-block-table\"><table><tbody><tr><td>Art\u00edculo de fondo<\/td><td>Premium<\/td><td>Libre<\/td><\/tr><tr><td>Velocidad de descarga<\/td><td>Ilimitado<\/td><td>100kb\/s<\/td><\/tr><tr><td>Subir el tama\u00f1o del archivo<\/td><td>10.00 GB<\/td><td>250.00 MB<\/td><\/tr><tr><td>Tama\u00f1o de archivo disponible<\/td><td>Ilimitado<\/td><td>100.00 GB<\/td><\/tr><tr><td>Los archivos inactivos ser\u00e1n eliminados<\/td><td>Nunca<\/td><td>30 d\u00eda(s)<\/td><\/tr><\/tbody><\/table><\/figure>\n\n\n\n<h2>\u00bfC\u00f3mo se compra una cuenta Premium de ExtMatrix?<\/h2>\n\n\n\n<ol><li>Elija cualquier d\u00eda que sea v\u00e1lido.<\/li><li>Elija la selecci\u00f3n de PayPal o de comprar ahora<\/li><li>Despu\u00e9s, se le remitir\u00e1 a los pagos.<\/li><li>Utilice su direcci\u00f3n de correo electr\u00f3nico v\u00e1lida que est\u00e1 vinculada a su cuenta de Paypal para el pago<\/li><li>Hay algunos m\u00e9todos de pago que puedes usar como tarjetas de cr\u00e9dito\/d\u00e9bito como Visa, MasterCard, AMEX, y JCB a trav\u00e9s de PayPal.<\/li><li>Cuando la cuota tenga \u00e9xito, te enviar\u00e1n un correo electr\u00f3nico de confirmaci\u00f3n que est\u00e1 en tu bandeja de entrada o mensajes de spam.<\/li><\/ol>\n\n\n\n<figure class=\"wp-block-table\"><table><tbody><tr><td>Plan de paquete<\/td><td>ExtMatrix Premium Pack 30 d\u00edas<\/td><td>ExtMatrix Premium Pack 90 d\u00edas<\/td><td>ExtMatrix Premium Pack 180 d\u00edas<\/td><td>ExtMatrix Premium Pack 365 d\u00edas<\/td><\/tr><tr><td>No. de d\u00edas<\/td><td>30 d\u00edas<\/td><td>90 d\u00edas<br><strong>MEJOR VENDEDOR<\/strong><\/td><td>180 d\u00edas<\/td><td>365 d\u00edas<br><strong>MEJOR VENDEDOR<\/strong><\/td><\/tr><tr><td>Costo por paquete<\/td><td>15 dollars<\/td><td>35 dollars<\/td><td>56 dollars<\/td><td>90 dollars<\/td><\/tr><tr><td>M\u00e9todos de pago<\/td><td>Paypal, MasterCard, Visa, Amex<\/td><td>Paypal, MasterCard, Visa, Amex<\/td><td>Paypal, MasterCard, Visa, Amex<\/td><td>Paypal, MasterCard, Visa, Amex<\/td><\/tr><\/tbody><\/table><\/figure>\n\n\n\n<p>*Nota: Puede contactar con el soporte para obtener m\u00e1s detalles de otros m\u00e9todos de pago de ExtMatrix.<\/p>\n\n\n\n<p>El tama\u00f1o de la suma de la p\u00e1gina principal de ExtMatrix es de 275,9 kb. Este efecto va m\u00e1s all\u00e1 del primer mill\u00f3n de p\u00e1ginas web e identifica una enorme p\u00e1gina web no optimizada que puede tardar a\u00f1os en cargarse. El 25% de las p\u00e1ginas web necesitan menos recursos para cargarse. El JavaScript toma 244.1 kb lo que constituye la corriente principal del volumen del sitio.<\/p>\n\n\n\n<h2>Optimizaci\u00f3n de ExtMatrix<\/h2>\n\n\n\n<p><strong>Optimizaci\u00f3n de HTML <\/strong>&#8211; El contenido HTML puede ser acortado y comprimido por el servidor de un sitio web. La manera m\u00e1s capaz es exprimir el contenido usando GZIP que disminuye la cantidad de informaci\u00f3n que viaja a trav\u00e9s de la red entre el servidor y el navegador. El sistema en esta hoja est\u00e1 bien simplificado. Es extremadamente sugerido que el contenido de este sitio no debe ser comprimido, le permite ahorrar hasta 3.9 kb o el 65% del tama\u00f1o original<\/p>\n\n\n\n<ul><li>Original &#8211; 6.0 kb<\/li><li>Despu\u00e9s de la minificaci\u00f3n &#8211; 5.6 kb<\/li><li>Despu\u00e9s de la compresi\u00f3n &#8211; 2.1 kb<\/li><\/ul>\n\n\n\n<p><strong>Optimizaci\u00f3n de la imagen <\/strong>&#8211; La optimizaci\u00f3n de la imagen puede ayudar a impulsar un sitio web. La tabla muestra la variaci\u00f3n entre los tama\u00f1os antes de la optimizaci\u00f3n. Obviamente, ExtMatrix solicita la optimizaci\u00f3n de la imagen por lo que mantendr\u00e1 hasta 7,7 kb o el 51% del volumen original, las herramientas m\u00e1s admiradas y bien organizadas para la optimizaci\u00f3n de los iconos JPEG y PNG son Jpegoptim y PNG Crush.<\/p>\n\n\n\n<ul><li>Original &#8211; 15.0 kb<\/li><li>Despu\u00e9s de la optimizaci\u00f3n &#8211; 7.3 kb<\/li><\/ul>\n\n\n\n<p><strong>Optimizaci\u00f3n de JavaScript <\/strong>&#8211; Es mejor simplificar JavaScript con el objetivo de mejorar la ejecuci\u00f3n del sitio web, la figura muestra la cantidad total actual de todo JavaScript. Una vez que se hace su revisi\u00f3n y compresi\u00f3n, se sugiere que todos los registros de JavaScript deben ser empaquetados y simplificados ya que puede mantener hasta 177,4 kb o el 73% del tama\u00f1o original. El navegador ha enviado 16 requisitos de CSS, JavaScript, AJAX y cifras para poder renderizar totalmente la p\u00e1gina m\u00e1s significativa de ExtMatrix. Sugerimos que algunos archivos de JavaScript y CSS deben ser unidos en uno por cada categor\u00eda. Puede disminuir las necesidades de activos de 7 justo antes de 1 para los Java Scripts, y puede afectar la velocidad del tiempo de carga de la p\u00e1gina.<\/p>\n\n\n\n<ul><li>Original &#8211; 244.1 kb<\/li><li>Despu\u00e9s de la modificaci\u00f3n &#8211; 222.1 kb<\/li><li>Despu\u00e9s de la compresi\u00f3n &#8211; 66.7 kb<\/li><\/ul>\n\n\n\n<p><strong>Optimizaci\u00f3n de CSS<\/strong> &#8211; La modificaci\u00f3n de archivos CSS es muy importante para disminuir el tiempo de renderizaci\u00f3n de una p\u00e1gina web. Cuanto m\u00e1s r\u00e1pido se cargan los archivos CSS, m\u00e1s previa es la p\u00e1gina que se puede renderizar. ExtMatrix necesita que todos los archivos CSS sean minados y comprimidos, ya que puede ahorrar hasta 8,4 kb o el 78% del tama\u00f1o original.<\/p>\n\n\n\n<ul><li>Original &#8211; 10.7 kb<\/li><li>Despu\u00e9s de la minificaci\u00f3n &#8211; 8.2 kb<\/li><li>Despu\u00e9s de la compresi\u00f3n &#8211; 2.3 kb<\/li><\/ul>\n\n\n\n<h2>Preguntas frecuentes (FAQ)<\/h2>\n\n\n\n<h3><strong>\u00bfQu\u00e9 es una cuenta premium de ExtMatrix?<\/strong><\/h3>\n\n\n\n<p>Con una cuenta Premium, puedes almacenar y acceder a tus archivos sin tiempos de espera ni l\u00edmites. S\u00f3lo tienes que abrir un enlace de ExtMatrix y la descarga se iniciar\u00e1 autom\u00e1ticamente!<\/p>\n\n\n\n<h3><strong>\u00bfBorrar\u00e1s los archivos inactivos?<\/strong><\/h3>\n\n\n\n<p>S\u00ed, despu\u00e9s de 30 d\u00edas de inactividad. Los archivos subidos como usuario premium no ser\u00e1n eliminados, as\u00ed que empieza a obtener tu ExtMatrix premium ahora!<\/p>\n\n\n\n<h3><strong>\u00bfPuedo buscar en los servidores de ExtMatrix los archivos que me gustar\u00eda descargar?<\/strong><\/h3>\n\n\n\n<p>No! Protegemos la privacidad de todos los usuarios. S\u00f3lo la persona que almacena un archivo en ExtMatrix puede acceder a su archivo.<\/p>\n\n\n<a class=\"maxbutton-2 maxbutton maxbutton-cta\" target=\"_blank\" rel=\"nofollow noopener\" href=\"\/go\/\"><span class='mb-text'>&gt;&gt; Ir a la p\u00e1gina web original de Linkifier<\/span><\/a>","protected":false},"excerpt":{"rendered":"<p>\u00bfQu\u00e9 es ExtMatrix? ExtMatrix es una plataforma de almacenamiento en l\u00ednea en la nube que puede utilizarse para guardar diferentes<\/p>\n","protected":false},"author":2,"featured_media":0,"parent":0,"menu_order":0,"comment_status":"closed","ping_status":"closed","template":"","meta":[],"yoast_head":"<!-- This site is optimized with the Yoast SEO plugin v18.3 - https:\/\/yoast.com\/wordpress\/plugins\/seo\/ -->\n<title>ExtMatrix Premium Cuenta \u2013 El Filehoster De Un Vistazo<\/title>\n<meta name=\"description\" content=\"Si ExtMatrix es un proveedor de confianza o no, puedes encontrar la respuesta en el test actual en Multihoster.org \u279c Haz clic ahora \u271a para leer nuestras experiencias!\" \/>\n<meta name=\"robots\" content=\"index, follow, max-snippet:-1, max-image-preview:large, max-video-preview:-1\" \/>\n<link rel=\"canonical\" href=\"https:\/\/multihoster.org\/es\/extmatrix\/\" \/>\n<meta property=\"og:locale\" content=\"es_ES\" \/>\n<meta property=\"og:type\" content=\"article\" \/>\n<meta property=\"og:title\" content=\"ExtMatrix Premium Cuenta \u2013 El Filehoster De Un Vistazo\" \/>\n<meta property=\"og:description\" content=\"Si ExtMatrix es un proveedor de confianza o no, puedes encontrar la respuesta en el test actual en Multihoster.org \u279c Haz clic ahora \u271a para leer nuestras experiencias!\" \/>\n<meta property=\"og:url\" content=\"https:\/\/multihoster.org\/es\/extmatrix\/\" \/>\n<meta property=\"og:site_name\" content=\"Multihoster.org\" \/>\n<meta property=\"article:modified_time\" content=\"2020-06-01T11:16:29+00:00\" \/>\n<meta property=\"og:image\" content=\"https:\/\/lh6.googleusercontent.com\/ajXxtb78K0qOd80BT2Q0PmNLZ9CoZlNY06w5CnxkVhNTnHG9z_D201mJ-ybLmNBhDo72X1tR4N2dV7HBQXJH5eBBn0pSUXFfou4Jme-DHtzgqVWP2YK2erUAvolG8u27ou0oqD7a\" \/>\n<meta name=\"twitter:card\" content=\"summary\" \/>\n<meta name=\"twitter:label1\" content=\"Tiempo de lectura\" \/>\n\t<meta name=\"twitter:data1\" content=\"9 minutos\" \/>\n<script type=\"application\/ld+json\" class=\"yoast-schema-graph\">{\"@context\":\"https:\/\/schema.org\",\"@graph\":[{\"@type\":\"WebSite\",\"@id\":\"https:\/\/multihoster.org\/#website\",\"url\":\"https:\/\/multihoster.org\/\",\"name\":\"Multihoster.org\",\"description\":\"Reviews of the major Filehosting services\",\"potentialAction\":[{\"@type\":\"SearchAction\",\"target\":{\"@type\":\"EntryPoint\",\"urlTemplate\":\"https:\/\/multihoster.org\/?s={search_term_string}\"},\"query-input\":\"required name=search_term_string\"}],\"inLanguage\":\"es\"},{\"@type\":\"ImageObject\",\"@id\":\"https:\/\/multihoster.org\/es\/extmatrix\/#primaryimage\",\"inLanguage\":\"es\",\"url\":\"https:\/\/lh6.googleusercontent.com\/ajXxtb78K0qOd80BT2Q0PmNLZ9CoZlNY06w5CnxkVhNTnHG9z_D201mJ-ybLmNBhDo72X1tR4N2dV7HBQXJH5eBBn0pSUXFfou4Jme-DHtzgqVWP2YK2erUAvolG8u27ou0oqD7a\",\"contentUrl\":\"https:\/\/lh6.googleusercontent.com\/ajXxtb78K0qOd80BT2Q0PmNLZ9CoZlNY06w5CnxkVhNTnHG9z_D201mJ-ybLmNBhDo72X1tR4N2dV7HBQXJH5eBBn0pSUXFfou4Jme-DHtzgqVWP2YK2erUAvolG8u27ou0oqD7a\"},{\"@type\":\"WebPage\",\"@id\":\"https:\/\/multihoster.org\/es\/extmatrix\/#webpage\",\"url\":\"https:\/\/multihoster.org\/es\/extmatrix\/\",\"name\":\"ExtMatrix Premium Cuenta \u2013 El Filehoster De Un Vistazo\",\"isPartOf\":{\"@id\":\"https:\/\/multihoster.org\/#website\"},\"primaryImageOfPage\":{\"@id\":\"https:\/\/multihoster.org\/es\/extmatrix\/#primaryimage\"},\"datePublished\":\"2020-04-15T15:38:06+00:00\",\"dateModified\":\"2020-06-01T11:16:29+00:00\",\"description\":\"Si ExtMatrix es un proveedor de confianza o no, puedes encontrar la respuesta en el test actual en Multihoster.org \u279c Haz clic ahora \u271a para leer nuestras experiencias!\",\"breadcrumb\":{\"@id\":\"https:\/\/multihoster.org\/es\/extmatrix\/#breadcrumb\"},\"inLanguage\":\"es\",\"potentialAction\":[{\"@type\":\"ReadAction\",\"target\":[\"https:\/\/multihoster.org\/es\/extmatrix\/\"]}]},{\"@type\":\"BreadcrumbList\",\"@id\":\"https:\/\/multihoster.org\/es\/extmatrix\/#breadcrumb\",\"itemListElement\":[{\"@type\":\"ListItem\",\"position\":1,\"name\":\"Startseite\",\"item\":\"https:\/\/multihoster.org\/es\/\"},{\"@type\":\"ListItem\",\"position\":2,\"name\":\"ExtMatrix Premium Cuenta: El Filehoster De Un Vistazo\"}]}]}<\/script>\n<!-- \/ Yoast SEO plugin. -->","yoast_head_json":{"title":"ExtMatrix Premium Cuenta \u2013 El Filehoster De Un Vistazo","description":"Si ExtMatrix es un proveedor de confianza o no, puedes encontrar la respuesta en el test actual en Multihoster.org \u279c Haz clic ahora \u271a para leer nuestras experiencias!","robots":{"index":"index","follow":"follow","max-snippet":"max-snippet:-1","max-image-preview":"max-image-preview:large","max-video-preview":"max-video-preview:-1"},"canonical":"https:\/\/multihoster.org\/es\/extmatrix\/","og_locale":"es_ES","og_type":"article","og_title":"ExtMatrix Premium Cuenta \u2013 El Filehoster De Un Vistazo","og_description":"Si ExtMatrix es un proveedor de confianza o no, puedes encontrar la respuesta en el test actual en Multihoster.org \u279c Haz clic ahora \u271a para leer nuestras experiencias!","og_url":"https:\/\/multihoster.org\/es\/extmatrix\/","og_site_name":"Multihoster.org","article_modified_time":"2020-06-01T11:16:29+00:00","og_image":[{"url":"https:\/\/lh6.googleusercontent.com\/ajXxtb78K0qOd80BT2Q0PmNLZ9CoZlNY06w5CnxkVhNTnHG9z_D201mJ-ybLmNBhDo72X1tR4N2dV7HBQXJH5eBBn0pSUXFfou4Jme-DHtzgqVWP2YK2erUAvolG8u27ou0oqD7a"}],"twitter_card":"summary","twitter_misc":{"Tiempo de lectura":"9 minutos"},"schema":{"@context":"https:\/\/schema.org","@graph":[{"@type":"WebSite","@id":"https:\/\/multihoster.org\/#website","url":"https:\/\/multihoster.org\/","name":"Multihoster.org","description":"Reviews of the major Filehosting services","potentialAction":[{"@type":"SearchAction","target":{"@type":"EntryPoint","urlTemplate":"https:\/\/multihoster.org\/?s={search_term_string}"},"query-input":"required name=search_term_string"}],"inLanguage":"es"},{"@type":"ImageObject","@id":"https:\/\/multihoster.org\/es\/extmatrix\/#primaryimage","inLanguage":"es","url":"https:\/\/lh6.googleusercontent.com\/ajXxtb78K0qOd80BT2Q0PmNLZ9CoZlNY06w5CnxkVhNTnHG9z_D201mJ-ybLmNBhDo72X1tR4N2dV7HBQXJH5eBBn0pSUXFfou4Jme-DHtzgqVWP2YK2erUAvolG8u27ou0oqD7a","contentUrl":"https:\/\/lh6.googleusercontent.com\/ajXxtb78K0qOd80BT2Q0PmNLZ9CoZlNY06w5CnxkVhNTnHG9z_D201mJ-ybLmNBhDo72X1tR4N2dV7HBQXJH5eBBn0pSUXFfou4Jme-DHtzgqVWP2YK2erUAvolG8u27ou0oqD7a"},{"@type":"WebPage","@id":"https:\/\/multihoster.org\/es\/extmatrix\/#webpage","url":"https:\/\/multihoster.org\/es\/extmatrix\/","name":"ExtMatrix Premium Cuenta \u2013 El Filehoster De Un Vistazo","isPartOf":{"@id":"https:\/\/multihoster.org\/#website"},"primaryImageOfPage":{"@id":"https:\/\/multihoster.org\/es\/extmatrix\/#primaryimage"},"datePublished":"2020-04-15T15:38:06+00:00","dateModified":"2020-06-01T11:16:29+00:00","description":"Si ExtMatrix es un proveedor de confianza o no, puedes encontrar la respuesta en el test actual en Multihoster.org \u279c Haz clic ahora \u271a para leer nuestras experiencias!","breadcrumb":{"@id":"https:\/\/multihoster.org\/es\/extmatrix\/#breadcrumb"},"inLanguage":"es","potentialAction":[{"@type":"ReadAction","target":["https:\/\/multihoster.org\/es\/extmatrix\/"]}]},{"@type":"BreadcrumbList","@id":"https:\/\/multihoster.org\/es\/extmatrix\/#breadcrumb","itemListElement":[{"@type":"ListItem","position":1,"name":"Startseite","item":"https:\/\/multihoster.org\/es\/"},{"@type":"ListItem","position":2,"name":"ExtMatrix Premium Cuenta: El Filehoster De Un Vistazo"}]}]}},"_links":{"self":[{"href":"https:\/\/multihoster.org\/es\/wp-json\/wp\/v2\/pages\/3677"}],"collection":[{"href":"https:\/\/multihoster.org\/es\/wp-json\/wp\/v2\/pages"}],"about":[{"href":"https:\/\/multihoster.org\/es\/wp-json\/wp\/v2\/types\/page"}],"author":[{"embeddable":true,"href":"https:\/\/multihoster.org\/es\/wp-json\/wp\/v2\/users\/2"}],"replies":[{"embeddable":true,"href":"https:\/\/multihoster.org\/es\/wp-json\/wp\/v2\/comments?post=3677"}],"version-history":[{"count":5,"href":"https:\/\/multihoster.org\/es\/wp-json\/wp\/v2\/pages\/3677\/revisions"}],"predecessor-version":[{"id":4630,"href":"https:\/\/multihoster.org\/es\/wp-json\/wp\/v2\/pages\/3677\/revisions\/4630"}],"wp:attachment":[{"href":"https:\/\/multihoster.org\/es\/wp-json\/wp\/v2\/media?parent=3677"}],"curies":[{"name":"wp","href":"https:\/\/api.w.org\/{rel}","templated":true}]}}