{"id":3726,"date":"2020-04-16T09:00:53","date_gmt":"2020-04-16T09:00:53","guid":{"rendered":"https:\/\/multihoster.org\/tusfiles\/"},"modified":"2020-04-16T11:12:18","modified_gmt":"2020-04-16T11:12:18","slug":"tusfiles","status":"publish","type":"page","link":"https:\/\/multihoster.org\/es\/tusfiles\/","title":{"rendered":"TusFiles Premium Cuenta: El Filehoster De Un Vistazo"},"content":{"rendered":"\n<figure class=\"wp-block-image is-resized\"><img loading=\"lazy\" src=\"https:\/\/lh5.googleusercontent.com\/VhTENL6he9zdRkCtqxyngyJXAG-GUaCUa8ROTiJUAAon7ohctlpp5uCnm4DAJW_yRxhz0Thc2ByUcVr3_gEC7bCDlnPBxDcTWS4EHLx-6pXRxF1bm8XmzhKiPPkmoaUpaxbRwOg\" alt=\"TusFiles logo\" width=\"571\" height=\"191\"\/><\/figure>\n\n\n<a class=\"maxbutton-2 maxbutton maxbutton-cta\" target=\"_blank\" rel=\"nofollow noopener\" href=\"\/go\/\"><span class='mb-text'>&gt;&gt; Ir a la p\u00e1gina web original de Linkifier <\/span><\/a>\n\n\n<p><\/p>\n\n\n\n<h2>Resumen de TusFiles<\/h2>\n\n\n\n<p>TusFiles es uno de los servicios de alojamiento seguro y gratuito de archivos. Es accesible en todo el mundo y para cualquier navegador. Los usuarios de este sitio pueden acceder, compartir, cargar y descargar un archivo.<\/p>\n\n\n\n<p>TusFiles tiene tres (3) tipos de cuentas diferentes:<\/p>\n\n\n\n<ol><li>Cuenta de invitado de TusFiles &#8211; Esta es una cuenta para un usuario que no est\u00e1 registrado o que no es miembro de la se le permite acceder al sitio de Tusfiles, pero los usuarios invitados s\u00f3lo pueden obtener beneficios limitados y s\u00f3lo pueden utilizar caracter\u00edsticas y servicios limitados de TusFiles. Tiene retrasos o largos tiempos de espera para las descargas, anuncios y CAPTCHAs.<\/li><li> Cuenta gratuita de TusFiles &#8211; Esta es una cuenta para un usuario que est\u00e1 registrado o que es miembro de TusFiles se le permite acceder al sitio Tusfiles, pero los usuarios gratuitos s\u00f3lo pueden obtener beneficios limitados y s\u00f3lo pueden utilizar la mayor\u00eda de las caracter\u00edsticas y servicios de TusFiles, pero con mayor capacidad de almacenamiento y con mayor velocidad que el usuario invitado. Tambi\u00e9n tiene un peque\u00f1o retraso o un corto tiempo de espera para las descargas, anuncios y CAPTCHAs.<\/li><li> Cuenta TusFiles Premium &#8211; Esta es una cuenta para un usuario que compr\u00f3 y activ\u00f3 uno de los planes TusFiles Premium para su cuenta en TusFiles. Un usuario de la cuenta premium de TusFiles puede acceder al sitio de TusFiles sin tener l\u00edmites en el uso de todas las caracter\u00edsticas y servicios de TusFiles. No tiene retrasos o tiempo de espera para las descargas, anuncios y CAPTCHAs.<\/li><\/ol>\n\n\n\n<h2>Caracter\u00edsticas de las diferentes cuentas de TusFiles<\/h2>\n\n\n\n<figure class=\"wp-block-table\"><table class=\"\"><tbody><tr><td><br>Caracter\u00edsticas de los TusFiles<\/td><td>Tipos de TusFiles<br> Cuenta de invitados<\/td><td>Tipos de TusFiles<br> Cuenta gratuita<\/td><td>Tipos de TusFiles<br> Cuenta Premium<\/td><\/tr><tr><td>El tama\u00f1o del almacenamiento<\/td><td>1000 GB o 1 TB<\/td><td>1000 GB o 1 TB<\/td><td>1000 GB o 1 TB<\/td><\/tr><tr><td>La tasa de la velocidad <\/td><td>limitado<\/td><td>limitado<\/td><td>ilimitado<\/td><\/tr><tr><td>La velocidad del ancho de banda<\/td><td>limitado<\/td><td>limitado<\/td><td>ilimitado<\/td><\/tr><tr><td>N\u00famero de subidas<\/td><td>limitado<\/td><td>limitado<\/td><td>ilimitado<\/td><\/tr><tr><td>Expiraci\u00f3n del expediente<\/td><td>Un archivo expirar\u00e1 despu\u00e9s de siete (7) d\u00edas<\/td><td>Un archivo expirar\u00e1 despu\u00e9s de siete (30) d\u00edas<\/td><td>Un archivo no tiene caducidad<\/td><\/tr><tr><td>\u00bfSe limita el tama\u00f1o del archivo al subirlo?<\/td><td>S\u00ed<\/td><td>S\u00ed<\/td><td>No<\/td><\/tr><tr><td>Tiene anuncios<\/td><td>S\u00ed<\/td><td>S\u00ed<\/td><td>No<\/td><\/tr><tr><td>Tiene tiempo de espera<\/td><td>S\u00ed<\/td><td>S\u00ed<\/td><td>No<\/td><\/tr><tr><td>Tiene CAPTCHAs<\/td><td>S\u00ed<\/td><td>S\u00ed<\/td><td>No<\/td><\/tr><tr><td>Tiene retrasos en las descargas<\/td><td>S\u00ed<\/td><td>S\u00ed<\/td><td>No<\/td><\/tr><tr><td>Tiene una descarga directa<\/td><td>No<\/td><td>No<\/td><td>S\u00ed<\/td><\/tr><tr><td>Los usuarios pueden descargar un archivo simult\u00e1neamente\u2026<\/td><td>No<\/td><td>No<\/td><td>S\u00ed<\/td><\/tr><tr><td>Uso del acelerador para las descargas<\/td><td>No<\/td><td>No<\/td><td>S\u00ed<\/td><\/tr><tr><td>Puede subir remotamente usando URLs<\/td><td>No<\/td><td>No<\/td><td>Yes<\/td><\/tr><tr><td>Puede pausar las descargas<\/td><td>S\u00ed<\/td><td>S\u00ed<\/td><td>S\u00ed<\/td><\/tr><tr><td>Puede reanudar las descargas fallidas<\/td><td>S\u00ed<\/td><td>S\u00ed<\/td><td>S\u00ed<\/td><\/tr><tr><td>Tiene acceso a utilizar el Protocolo de Transferencia de Archivos (FTP)<\/td><td>S\u00ed<\/td><td>S\u00ed<\/td><td>S\u00ed<\/td><\/tr><tr><td>Tiene seguridad de Secure Sockets Layer (SSL)<\/td><td>S\u00ed<\/td><td>S\u00ed<\/td><td>S\u00ed<\/td><\/tr><tr><td>Tiene un sistema de afiliados<\/td><td>S\u00ed<\/td><td>S\u00ed<\/td><td>S\u00ed<\/td><\/tr><tr><td>Tiene el apoyo de TusFiles<\/td><td>S\u00ed<\/td><td>S\u00ed<\/td><td>S\u00ed<\/td><\/tr><tr><td>\u00bfEs seguro?<\/td><td>S\u00ed<\/td><td>S\u00ed<\/td><td>S\u00ed<\/td><\/tr><\/tbody><\/table><\/figure>\n\n\n\n<h2>El costo de la cuenta de TusFiles<\/h2>\n\n\n\n<figure class=\"wp-block-table\"><table class=\"\"><tbody><tr><td>Precios de la cuenta de TusFiles<\/td><td>Los tipos de TusFiles Cuenta de Invitados<\/td><td>Tipos de TusFiles<br> Cuenta gratuita<\/td><td>Tipos de TusFiles<br> Cuenta Premium<\/td><\/tr><tr><td>Precio por mes:<\/td><td>00.00 USD<\/td><td>00.00 USD<\/td><td>Depende del Plan de Cuentas Premium de TusFile<\/td><\/tr><\/tbody><\/table><\/figure>\n\n\n\n<h2>TusFiles Premium Account Packages<\/h2>\n\n\n\n<figure class=\"wp-block-table\"><table class=\"\"><tbody><tr><td>D\u00edas<\/td><td>Precio<\/td><td>\u00bfEs seguro?<\/td><\/tr><tr><td>7<\/td><td>6.50 USD<\/td><td>S\u00ed<\/td><\/tr><tr><td>30<\/td><td>13.99 USD<\/td><td>S\u00ed<\/td><\/tr><tr><td>60<\/td><td>15.99 USD<\/td><td>S\u00ed<\/td><\/tr><tr><td>90<\/td><td>21.99 USD (Venta!)<\/td><td>S\u00ed<\/td><\/tr><tr><td>180<\/td><td>32.99 USD (El precio original es 34.99)<\/td><td>S\u00ed<\/td><\/tr><tr><td>365<\/td><td>53.99 USD<\/td><td>S\u00ed<\/td><\/tr><\/tbody><\/table><\/figure>\n\n\n\n<p>Pagar el plan de la Cuenta Premium de TusFiles es r\u00e1pido y f\u00e1cil. Un usuario s\u00f3lo necesita pagar el precio de los planes de la Cuenta Premium de TusFiles a trav\u00e9s de la siguiente lista de m\u00e9todos de pago.<\/p>\n\n\n\n<ul><li>A trav\u00e9s de PayPal<\/li><li> A trav\u00e9s de las tarjetas de cr\u00e9dito<\/li><li> A trav\u00e9s de Rupiah<\/li><li> A trav\u00e9s de la transferencia de WebMoney o WMZ<\/li><li> A trav\u00e9s de bitcoin y otras <a rel=\"noreferrer noopener\" aria-label=\"criptocurrencias (opens in a new tab)\" href=\"https:\/\/www.investopedia.com\/terms\/c\/cryptocurrency.asp\" target=\"_blank\">criptocurrencias<\/a><\/li><\/ul>\n\n\n\n<h3>Activaci\u00f3n de la cuenta Premium de TusFiles<\/h3>\n\n\n\n<p>Para activar la cuenta de TusFiles Premium, el usuario debe tener una clave de activaci\u00f3n de TusFiles Premium. <\/p>\n\n\n\n<ol><li>Un usuario debe ir al sitio de TusFiles e ingresar a su cuenta. (Si un usuario no tiene una cuenta, s\u00f3lo tiene que crear una en la p\u00e1gina de registro de TusFiles). Ve al sitio de TusFiles ahora.<\/li><li> Una vez que un usuario se conecta, vaya a la p\u00e1gina \u00abMi cuenta\u00bb de TusFiles.<\/li><li> Ponga la clave de la cuenta Premium de TusFiles en el campo de \u00abActivar la clave Premium\u00bb.<\/li><li> El usuario debe hacer clic en el bot\u00f3n \u00abAplicar\u00bb para aplicar la clave de activaci\u00f3n de TusFiles Premium en la cuenta del usuario, as\u00ed podr\u00e1 utilizar todas las funciones y servicios de la cuenta de TusFiles Premium.<\/li><\/ol>\n\n\n\n<h2>Crea una cuenta en TusFiles: Una gu\u00eda paso a paso<\/h2>\n\n\n\n<p>Un usuario debe tener primero una cuenta en TusFiles para utilizar las diferentes caracter\u00edsticas y servicios del sitio de TusFiles, tales como compartir archivos, descargar archivos, subir archivos y ver los archivos.<\/p>\n\n\n<a class=\"maxbutton-2 maxbutton maxbutton-cta\" target=\"_blank\" rel=\"nofollow noopener\" href=\"\/go\/\"><span class='mb-text'>&gt;&gt; Ir a la p\u00e1gina web original de Linkifier <\/span><\/a>\n\n\n<p><\/p>\n\n\n\n<p>Para que un usuario cree una cuenta en TusFiles, siga todos los pasos que se indican a continuaci\u00f3n.<\/p>\n\n\n\n<ol><li>Ve al sitio de TusFiles.<\/li><li> En la p\u00e1gina principal de TusFiles, ve a la esquina superior a la derecha del sitio TusFiles, haz clic en el bot\u00f3n \u00abReg\u00edstrate\u00bb para ver el formulario de registro.<\/li><li> El usuario debe llenar todos los detalles necesarios del formulario de registro de TusFiles. (Nombre de usuario, direcci\u00f3n de correo electr\u00f3nico y contrase\u00f1a). Recuerde que todos los datos deben ser v\u00e1lidos.<\/li><li> Para la contrase\u00f1a, el usuario debe volver a escribirla para asegurarse de que la contrase\u00f1a se introduce correctamente.<\/li><li> Introduzca el c\u00f3digo CAPTCHA que aparece en el formulario de inscripci\u00f3n. El c\u00f3digo CAPTCHA debe ser correcto para que la cuenta sea aceptada.<\/li><li> Marque la casilla de verificaci\u00f3n de los T\u00e9rminos y Pol\u00edtica de TusFiles para saber que un usuario est\u00e1 de acuerdo con todo. (Un usuario debe leer primero los T\u00e9rminos y Pol\u00edtica del sitio TusFiles).<\/li><li> Marque el bot\u00f3n \u00abEnviar\u00bb para enviar todos los detalles del formulario de inscripci\u00f3n.<ul><li>*Si un usuario introdujo todos los detalles para el proceso de registro son v\u00e1lidos, entonces Tusfiles guardar\u00e1 autom\u00e1ticamente todos los detalles y crear\u00e1 una cuenta TusFiles para \u00e9l o ella.<\/li><\/ul><\/li><li> Despu\u00e9s de eso, un usuario necesita confirmar su cuenta en el sitio de TusFiles por correo electr\u00f3nico con s\u00f3lo hacer clic en el enlace que los TusFiles enviaron. (TusFiles enviar\u00e1 un enlace a la direcci\u00f3n de correo electr\u00f3nico del usuario para la activaci\u00f3n de una cuenta de usuario).<\/li><\/ol>\n\n\n\n<p>Ahora, un usuario puede iniciar sesi\u00f3n cuando y donde quiera.<\/p>\n\n\n\n<h3>Accede a una cuenta en TusFiles<\/h3>\n\n\n\n<p>Para que un usuario se registre, siga los cuatro (4) sencillos pasos que se indican a continuaci\u00f3n.<\/p>\n\n\n\n<ol><li>Ve al sitio de TusFiles.<\/li><li> Ve a la p\u00e1gina de inicio de sesi\u00f3n.<\/li><li> Ingresa el nombre de usuario y la contrase\u00f1a de TusFiles.<\/li><li> Haz clic en \u00abIniciar sesi\u00f3n\u00bb.<\/li><\/ol>\n\n\n\n<p>Despu\u00e9s de que un usuario se registre, la p\u00e1gina ir\u00e1 directamente a la p\u00e1gina de Mi Cuenta del sitio TusFiles.<\/p>\n\n\n\n<h2>Subir, descargar y compartir<\/h2>\n\n\n\n<p>Un usuario puede ver, subir, descargar y compartir cualquier archivo. Un archivo puede ser:<\/p>\n\n\n\n<ul><li>un documento, <\/li><li> una imagen, <\/li><li> un video o una pel\u00edcula, <\/li><li> una grabaci\u00f3n o una pieza musical, <\/li><li> un juego,<\/li><li> un software,<\/li><li> u otro tipo de archivos que no da\u00f1en a los espectadores o lectores y que no incluyan violencia o ning\u00fan contenido malo. <\/li><\/ul>\n\n\n\n<h3><strong>Subir un archivo a una cuenta de TusFiles<\/strong><\/h3>\n\n\n\n<p>Para subir un archivo, siga todos los pasos que se indican a continuaci\u00f3n:<\/p>\n\n\n\n<ol><li>Ve a la p\u00e1gina principal del sitio TusFiles y entra en la cuenta de TusFiles.<\/li><li> Encuentra el bot\u00f3n \u00abSubir\u00bb y haz clic en \u00e9l. <\/li><li> El Explorador de Archivos aparecer\u00e1 en la p\u00e1gina. Ve a la ubicaci\u00f3n del archivo en el dispositivo.<\/li><li> Selecciona el archivo o los archivos a subir y haz clic en ok. El archivo se cargar\u00e1 autom\u00e1ticamente <\/li><li> Mientras se espera a que se suba el o los archivos, el usuario puede poner la descripci\u00f3n del archivo en el cuadro de descripci\u00f3n.<\/li><li> Cuando las subidas est\u00e1n terminadas. El archivo o archivos ser\u00e1n almacenados en el servidor de TusFiles.<\/li><\/ol>\n\n\n\n<p>Si un usuario invitado de Tusfiles o una cuenta no registrada subi\u00f3 un archivo, ese archivo caducar\u00e1 o se eliminar\u00e1 despu\u00e9s de quince (15) d\u00edas, pero los archivos que un usuario libre de Tusfiles o una cuenta registrada de TusFiles subi\u00f3 no caducar\u00e1n o no se eliminar\u00e1n si esos archivos tienen menos de veinticinco megabytes (25 MB).<\/p>\n\n\n\n<h3><strong>Abrir y descargar un archivo en Tusfiles<\/strong><\/h3>\n\n\n\n<p>Cualquiera puede buscar un archivo en el sitio de Tusfiles para descargarlo. Los archivos ser\u00e1n recuperados de la base de datos de TusFiles y se descargar\u00e1n de los <a rel=\"noreferrer noopener\" aria-label=\"servidores  (opens in a new tab)\" href=\"https:\/\/www.webopedia.com\/TERM\/S\/server.html\" target=\"_blank\">servidores <\/a>o unidades de TusFiles.<\/p>\n\n\n\n<p>Para descargar un archivo, siga los cuatro (4) sencillos pasos que se indican a continuaci\u00f3n:<\/p>\n\n\n\n<ol><li>Ve al enlace del archivo que \u00e9l o ella quiere descargar.<\/li><li> La p\u00e1gina de descarga del archivo aparecer\u00e1 con el nombre, la descripci\u00f3n y el tama\u00f1o del archivo.<\/li><li> Haga clic en el bot\u00f3n \u00abIniciar descarga\u00bb o en el bot\u00f3n \u00abDescargar\u00bb.<\/li><li> El archivo ser\u00e1 descargado autom\u00e1ticamente por TusFiles.<\/li><\/ol>\n\n\n\n<p>El usuario tambi\u00e9n puede utilizar cualquier herramienta para descargar un archivo, como el Gestor de Descargas de Internet o el IDM Jdownloader, u otras.<\/p>\n\n\n\n<h3><strong>Comparte un archivo sobre Tusfiles<\/strong><\/h3>\n\n\n\n<p>Un usuario de TusFiles puede compartir los archivos a trav\u00e9s del enlace del <a rel=\"noreferrer noopener\" aria-label=\"Localizador Uniforme de Recursos (URL) (opens in a new tab)\" href=\"https:\/\/en.wikipedia.org\/wiki\/URL\" target=\"_blank\">Localizador Uniforme de Recursos (URL)<\/a> de un archivo espec\u00edfico y compartirlo con correos electr\u00f3nicos o diferentes plataformas de medios sociales como:<\/p>\n\n\n\n<ul><li>Facebook<\/li><li> Twitter<\/li><li> Youtube, y otros<\/li><\/ul>\n\n\n\n<h2>Gana usando Tusfiles<\/h2>\n\n\n\n<p>TusFiles es muy generoso en ayudar a la gente. Tienen una forma de que la gente gane dinero. Pero antes de eso, una persona necesita tener una cuenta Premium de TusFiles primero. Mucha gente est\u00e1 usando TusFiles porque pueden ganar con s\u00f3lo compartir sus archivos subidos con todos para aumentar el n\u00famero de descargas de los archivos.<\/p>\n\n\n\n<p>Un usuario puede subir un archivo tantas veces como quiera porque TusFiles pagar\u00e1 por la cantidad de gente que descargue un archivo o archivos del usuario. Estimando los ingresos, por cada mil (1000) descargas, un usuario recibir\u00e1 0.50 USD hasta 10 USD. <\/p>\n\n\n\n<figure class=\"wp-block-table\"><table class=\"\"><tbody><tr><td class=\"has-text-align-center\" data-align=\"center\"><strong>Contactos de TusFiles<\/strong><\/td><\/tr><\/tbody><\/table><\/figure>\n\n\n\n<figure class=\"wp-block-table\"><table class=\"\"><tbody><tr><td>Sitio web:<\/td><td>http:\/\/www.tusfiles.net<\/td><\/tr><tr><td>Direcci\u00f3n de correo electr\u00f3nico:<\/td><td>contact@tusfiles.net<\/td><\/tr><tr><td>N\u00famero de tel\u00e9fono:<\/td><td>(432)-999-000<\/td><\/tr><tr><td>Direcci\u00f3n:<\/td><td>Burgveldweg 21, 5864AJ Meerlo, Netherland<\/td><\/tr><tr><td>Para el apoyo:<\/td><td>support@tusfiles<\/td><\/tr><tr><td>Por abuso:<\/td><td>abuse@tusfiles<\/td><\/tr><tr><td>Para los errores del sistema e ideas:<\/td><td>support@tusfiles<\/td><\/tr><tr><td>Por los derechos de autor:<\/td><td>dmca@tusfiles<\/td><\/tr><tr><td>Para la facturaci\u00f3n:<\/td><td>billing@tusfiles<\/td><\/tr><\/tbody><\/table><\/figure>\n\n\n\n<figure class=\"wp-block-table\"><table class=\"\"><tbody><tr><td>Si un usuario tiene un problema o una pregunta sobre el sitio, las caracter\u00edsticas y los servicios de TusFiles, entonces debe comunicarse con cualquiera de los contactos de TusFiles arriba mencionados. Todos los contactos de TusFiles est\u00e1n siempre en l\u00ednea. Siempre est\u00e1n disponibles 24\/7 y siete (7) d\u00edas a la semana.<\/td><\/tr><\/tbody><\/table><\/figure>\n\n\n<a class=\"maxbutton-2 maxbutton maxbutton-cta\" target=\"_blank\" rel=\"nofollow noopener\" href=\"\/go\/\"><span class='mb-text'>&gt;&gt; Ir a la p\u00e1gina web original de Linkifier <\/span><\/a>\n\n\n<p><\/p>\n","protected":false},"excerpt":{"rendered":"<p>Resumen de TusFiles TusFiles es uno de los servicios de alojamiento seguro y gratuito de archivos. Es accesible en todo<\/p>\n","protected":false},"author":2,"featured_media":0,"parent":0,"menu_order":0,"comment_status":"closed","ping_status":"closed","template":"","meta":[],"yoast_head":"<!-- This site is optimized with the Yoast SEO plugin v18.3 - https:\/\/yoast.com\/wordpress\/plugins\/seo\/ -->\n<title>TusFiles Premium Cuenta: El Filehoster De Un Vistazo<\/title>\n<meta name=\"description\" content=\"\u00bfEs TusFiles un proveedor de buena reputaci\u00f3n o no, puedes encontrar la respuesta en el test actual en Multihoster.org \u279c Haz clic ahora \u271a para leer nuestras experiencias!\" \/>\n<meta name=\"robots\" content=\"index, follow, max-snippet:-1, max-image-preview:large, max-video-preview:-1\" \/>\n<link rel=\"canonical\" href=\"https:\/\/multihoster.org\/es\/tusfiles\/\" \/>\n<meta property=\"og:locale\" content=\"es_ES\" \/>\n<meta property=\"og:type\" content=\"article\" \/>\n<meta property=\"og:title\" content=\"TusFiles Premium Cuenta: El Filehoster De Un Vistazo\" \/>\n<meta property=\"og:description\" content=\"\u00bfEs TusFiles un proveedor de buena reputaci\u00f3n o no, puedes encontrar la respuesta en el test actual en Multihoster.org \u279c Haz clic ahora \u271a para leer nuestras experiencias!\" \/>\n<meta property=\"og:url\" content=\"https:\/\/multihoster.org\/es\/tusfiles\/\" \/>\n<meta property=\"og:site_name\" content=\"Multihoster.org\" \/>\n<meta property=\"article:modified_time\" content=\"2020-04-16T11:12:18+00:00\" \/>\n<meta property=\"og:image\" content=\"https:\/\/lh5.googleusercontent.com\/VhTENL6he9zdRkCtqxyngyJXAG-GUaCUa8ROTiJUAAon7ohctlpp5uCnm4DAJW_yRxhz0Thc2ByUcVr3_gEC7bCDlnPBxDcTWS4EHLx-6pXRxF1bm8XmzhKiPPkmoaUpaxbRwOg\" \/>\n<meta name=\"twitter:card\" content=\"summary\" \/>\n<meta name=\"twitter:label1\" content=\"Tiempo de lectura\" \/>\n\t<meta name=\"twitter:data1\" content=\"9 minutos\" \/>\n<script type=\"application\/ld+json\" class=\"yoast-schema-graph\">{\"@context\":\"https:\/\/schema.org\",\"@graph\":[{\"@type\":\"WebSite\",\"@id\":\"https:\/\/multihoster.org\/#website\",\"url\":\"https:\/\/multihoster.org\/\",\"name\":\"Multihoster.org\",\"description\":\"Reviews of the major Filehosting services\",\"potentialAction\":[{\"@type\":\"SearchAction\",\"target\":{\"@type\":\"EntryPoint\",\"urlTemplate\":\"https:\/\/multihoster.org\/?s={search_term_string}\"},\"query-input\":\"required name=search_term_string\"}],\"inLanguage\":\"es\"},{\"@type\":\"ImageObject\",\"@id\":\"https:\/\/multihoster.org\/es\/tusfiles\/#primaryimage\",\"inLanguage\":\"es\",\"url\":\"https:\/\/lh5.googleusercontent.com\/VhTENL6he9zdRkCtqxyngyJXAG-GUaCUa8ROTiJUAAon7ohctlpp5uCnm4DAJW_yRxhz0Thc2ByUcVr3_gEC7bCDlnPBxDcTWS4EHLx-6pXRxF1bm8XmzhKiPPkmoaUpaxbRwOg\",\"contentUrl\":\"https:\/\/lh5.googleusercontent.com\/VhTENL6he9zdRkCtqxyngyJXAG-GUaCUa8ROTiJUAAon7ohctlpp5uCnm4DAJW_yRxhz0Thc2ByUcVr3_gEC7bCDlnPBxDcTWS4EHLx-6pXRxF1bm8XmzhKiPPkmoaUpaxbRwOg\"},{\"@type\":\"WebPage\",\"@id\":\"https:\/\/multihoster.org\/es\/tusfiles\/#webpage\",\"url\":\"https:\/\/multihoster.org\/es\/tusfiles\/\",\"name\":\"TusFiles Premium Cuenta: El Filehoster De Un Vistazo\",\"isPartOf\":{\"@id\":\"https:\/\/multihoster.org\/#website\"},\"primaryImageOfPage\":{\"@id\":\"https:\/\/multihoster.org\/es\/tusfiles\/#primaryimage\"},\"datePublished\":\"2020-04-16T09:00:53+00:00\",\"dateModified\":\"2020-04-16T11:12:18+00:00\",\"description\":\"\u00bfEs TusFiles un proveedor de buena reputaci\u00f3n o no, puedes encontrar la respuesta en el test actual en Multihoster.org \u279c Haz clic ahora \u271a para leer nuestras experiencias!\",\"breadcrumb\":{\"@id\":\"https:\/\/multihoster.org\/es\/tusfiles\/#breadcrumb\"},\"inLanguage\":\"es\",\"potentialAction\":[{\"@type\":\"ReadAction\",\"target\":[\"https:\/\/multihoster.org\/es\/tusfiles\/\"]}]},{\"@type\":\"BreadcrumbList\",\"@id\":\"https:\/\/multihoster.org\/es\/tusfiles\/#breadcrumb\",\"itemListElement\":[{\"@type\":\"ListItem\",\"position\":1,\"name\":\"Startseite\",\"item\":\"https:\/\/multihoster.org\/es\/\"},{\"@type\":\"ListItem\",\"position\":2,\"name\":\"TusFiles Premium Cuenta: El Filehoster De Un Vistazo\"}]}]}<\/script>\n<!-- \/ Yoast SEO plugin. -->","yoast_head_json":{"title":"TusFiles Premium Cuenta: El Filehoster De Un Vistazo","description":"\u00bfEs TusFiles un proveedor de buena reputaci\u00f3n o no, puedes encontrar la respuesta en el test actual en Multihoster.org \u279c Haz clic ahora \u271a para leer nuestras experiencias!","robots":{"index":"index","follow":"follow","max-snippet":"max-snippet:-1","max-image-preview":"max-image-preview:large","max-video-preview":"max-video-preview:-1"},"canonical":"https:\/\/multihoster.org\/es\/tusfiles\/","og_locale":"es_ES","og_type":"article","og_title":"TusFiles Premium Cuenta: El Filehoster De Un Vistazo","og_description":"\u00bfEs TusFiles un proveedor de buena reputaci\u00f3n o no, puedes encontrar la respuesta en el test actual en Multihoster.org \u279c Haz clic ahora \u271a para leer nuestras experiencias!","og_url":"https:\/\/multihoster.org\/es\/tusfiles\/","og_site_name":"Multihoster.org","article_modified_time":"2020-04-16T11:12:18+00:00","og_image":[{"url":"https:\/\/lh5.googleusercontent.com\/VhTENL6he9zdRkCtqxyngyJXAG-GUaCUa8ROTiJUAAon7ohctlpp5uCnm4DAJW_yRxhz0Thc2ByUcVr3_gEC7bCDlnPBxDcTWS4EHLx-6pXRxF1bm8XmzhKiPPkmoaUpaxbRwOg"}],"twitter_card":"summary","twitter_misc":{"Tiempo de lectura":"9 minutos"},"schema":{"@context":"https:\/\/schema.org","@graph":[{"@type":"WebSite","@id":"https:\/\/multihoster.org\/#website","url":"https:\/\/multihoster.org\/","name":"Multihoster.org","description":"Reviews of the major Filehosting services","potentialAction":[{"@type":"SearchAction","target":{"@type":"EntryPoint","urlTemplate":"https:\/\/multihoster.org\/?s={search_term_string}"},"query-input":"required name=search_term_string"}],"inLanguage":"es"},{"@type":"ImageObject","@id":"https:\/\/multihoster.org\/es\/tusfiles\/#primaryimage","inLanguage":"es","url":"https:\/\/lh5.googleusercontent.com\/VhTENL6he9zdRkCtqxyngyJXAG-GUaCUa8ROTiJUAAon7ohctlpp5uCnm4DAJW_yRxhz0Thc2ByUcVr3_gEC7bCDlnPBxDcTWS4EHLx-6pXRxF1bm8XmzhKiPPkmoaUpaxbRwOg","contentUrl":"https:\/\/lh5.googleusercontent.com\/VhTENL6he9zdRkCtqxyngyJXAG-GUaCUa8ROTiJUAAon7ohctlpp5uCnm4DAJW_yRxhz0Thc2ByUcVr3_gEC7bCDlnPBxDcTWS4EHLx-6pXRxF1bm8XmzhKiPPkmoaUpaxbRwOg"},{"@type":"WebPage","@id":"https:\/\/multihoster.org\/es\/tusfiles\/#webpage","url":"https:\/\/multihoster.org\/es\/tusfiles\/","name":"TusFiles Premium Cuenta: El Filehoster De Un Vistazo","isPartOf":{"@id":"https:\/\/multihoster.org\/#website"},"primaryImageOfPage":{"@id":"https:\/\/multihoster.org\/es\/tusfiles\/#primaryimage"},"datePublished":"2020-04-16T09:00:53+00:00","dateModified":"2020-04-16T11:12:18+00:00","description":"\u00bfEs TusFiles un proveedor de buena reputaci\u00f3n o no, puedes encontrar la respuesta en el test actual en Multihoster.org \u279c Haz clic ahora \u271a para leer nuestras experiencias!","breadcrumb":{"@id":"https:\/\/multihoster.org\/es\/tusfiles\/#breadcrumb"},"inLanguage":"es","potentialAction":[{"@type":"ReadAction","target":["https:\/\/multihoster.org\/es\/tusfiles\/"]}]},{"@type":"BreadcrumbList","@id":"https:\/\/multihoster.org\/es\/tusfiles\/#breadcrumb","itemListElement":[{"@type":"ListItem","position":1,"name":"Startseite","item":"https:\/\/multihoster.org\/es\/"},{"@type":"ListItem","position":2,"name":"TusFiles Premium Cuenta: El Filehoster De Un Vistazo"}]}]}},"_links":{"self":[{"href":"https:\/\/multihoster.org\/es\/wp-json\/wp\/v2\/pages\/3726"}],"collection":[{"href":"https:\/\/multihoster.org\/es\/wp-json\/wp\/v2\/pages"}],"about":[{"href":"https:\/\/multihoster.org\/es\/wp-json\/wp\/v2\/types\/page"}],"author":[{"embeddable":true,"href":"https:\/\/multihoster.org\/es\/wp-json\/wp\/v2\/users\/2"}],"replies":[{"embeddable":true,"href":"https:\/\/multihoster.org\/es\/wp-json\/wp\/v2\/comments?post=3726"}],"version-history":[{"count":2,"href":"https:\/\/multihoster.org\/es\/wp-json\/wp\/v2\/pages\/3726\/revisions"}],"predecessor-version":[{"id":3753,"href":"https:\/\/multihoster.org\/es\/wp-json\/wp\/v2\/pages\/3726\/revisions\/3753"}],"wp:attachment":[{"href":"https:\/\/multihoster.org\/es\/wp-json\/wp\/v2\/media?parent=3726"}],"curies":[{"name":"wp","href":"https:\/\/api.w.org\/{rel}","templated":true}]}}