{"id":3768,"date":"2020-04-16T11:39:11","date_gmt":"2020-04-16T11:39:11","guid":{"rendered":"https:\/\/multihoster.org\/yunfile-premium-account-the-filehoster-at-a-glance\/"},"modified":"2020-04-16T15:09:09","modified_gmt":"2020-04-16T15:09:09","slug":"yunfile","status":"publish","type":"page","link":"https:\/\/multihoster.org\/es\/yunfile\/","title":{"rendered":"YunFile Premium Cuenta: El Filehoster De Un Vistazo"},"content":{"rendered":"\n<figure class=\"wp-block-image\"><img src=\"https:\/\/lh4.googleusercontent.com\/fj3S8nsdOLj7HIxsYANKIVnqFTQIpLjmUFGUFsciGOiKAhGMWk0eqW1AEh3Dhm2ld8wO2OHAKpUXdwTHzUvJfH9aRSaRlP8Lnipg7FTuKKm_ALOHzUTIvBOFzSynNUZkEyJiHLI\" alt=\"YunFile logo\"\/><\/figure>\n\n\n<a class=\"maxbutton-2 maxbutton maxbutton-cta\" target=\"_blank\" rel=\"nofollow noopener\" href=\"\/go\/\"><span class='mb-text'>&gt;&gt; Ir a la p\u00e1gina web original de Linkifier <\/span><\/a>\n\n\n<p><\/p>\n\n\n\n<h2>YunFile: Acerca de <\/h2>\n\n\n\n<p>Si los usuarios quieren subir, descargar y compartir sus archivos f\u00e1cilmente cuando y donde quiera que est\u00e9n y si quieren ganar dinero, entonces pueden usar el sitio de YunFile. <\/p>\n\n\n\n<p>YunFile fue fundada en el a\u00f1o 2011. Es un hoster de archivos que da servicio a los usuarios para usar su sitio para subir, descargar y compartir archivos. A trav\u00e9s de esto, los usuarios no tienen que preocuparse de c\u00f3mo pueden traer sus archivos porque pueden simplemente navegar por el sitio de YunFile con un navegador de su dispositivo con una conexi\u00f3n a Internet y acceder c\u00f3modamente a sus archivos como videos, m\u00fasica, documentos y software donde quiera que est\u00e9n.<\/p>\n\n\n\n<ul><li>Sitio web sencillo y f\u00e1cil \u2043 Los usuarios pueden entender y navegar f\u00e1cilmente las diferentes caracter\u00edsticas de las p\u00e1ginas web de YunFIle.<\/li><li> Varios m\u00e9todos de pago \u2043 YunFile soporta diferentes modos de pago para que sus usuarios compren las cuentas premium. Tambi\u00e9n permite a los revendedores utilizar sus modos de pago preferidos.<\/li><li> Soporte al cliente \u2043 YunFile tiene un grupo para apoyar a sus clientes o usuarios si tienen inquietudes o problemas. El apoyo se realiza a trav\u00e9s de llamadas y correos electr\u00f3nicos. Siempre est\u00e1n en l\u00ednea durante 24 horas todos los d\u00edas, incluyendo s\u00e1bados y domingos.<\/li><li> F\u00e1cil de subir \u2043 YunFile recomienda el uso del navegador Google Chrome para acceder y cargar las p\u00e1ginas de su sitio de manera adecuada. Soportan el HTTP multi-hilo para una subida m\u00e1s r\u00e1pida de los archivos. Los m\u00e9todos soportados para subir son Subir con el navegador o Subir con la selecci\u00f3n y \u00abArrastrar y soltar\u00bb.<\/li><li> Descarga f\u00e1cil \u2043 Los usuarios pueden usar un administrador de descargas o simplemente un descargador como el Internet Download Manager o IDM y el Jdownloader para descargar un archivo o archivos del sitio de YunFile y guardarlo en sus dispositivos.<\/li><li> Compartir archivos f\u00e1cilmente \u2043 Los usuarios pueden compartir sus archivos con otras personas a trav\u00e9s de las redes sociales o correo electr\u00f3nico o blogs o vlogs usando el sitio de YunFile. S\u00f3lo necesitan asegurarse de que siempre est\u00e1n conectados a Internet.<\/li><li> Planes de cuenta premium muy baratos \u2043 Los usuarios pueden ahorrar dinero porque YunFile ofrece un precio muy barato para que sus usuarios compren los planes de cuenta premium.<\/li><li> Ganar dinero \u2043 Los usuarios pueden usar el sitio de YunFile para ganar dinero por su Programa de Referidos el cual usa m\u00e9todos de Pago por Venta o PPS, y Pago por Descarga o PPD. Para PPS, YunFile da a los usuarios hasta un setenta por ciento (70%) por cada cuenta premium vendida y para PPD, dan a los usuarios hasta cincuenta d\u00f3lares ($50) por cada mil descargas de archivos<\/li><\/ul>\n\n\n\n<h2>YunFile: Cuentas<\/h2>\n\n\n\n<p>Para que los usuarios puedan acceder y utilizar las caracter\u00edsticas y servicios del sitio de YunFile, deben registrarse y hacer que se verifiquen sus cuentas. Tengan en cuenta que deben ser responsables de la seguridad y la privacidad de sus propias cuentas.<\/p>\n\n\n\n<p>El YunFile tiene dos tipos de cuentas para todos los usuarios, estas son la Cuenta Gratuita del YunFile y la Cuenta Premium del YunFile. Si los usuarios no quieren un uso limitado de todas las caracter\u00edsticas y servicios de YunFIle, si no quieren una descarga a baja velocidad de un archivo o archivos, si no quieren ning\u00fan anuncio molesto en cada p\u00e1gina del sitio de YunFile, y si quieren un tama\u00f1o de espacio de almacenamiento m\u00e1s grande, entonces deben tratar de obtener la cuenta premium.<\/p>\n\n\n\n<h3>Las ventajas de obtener una cuenta premium de YunFile<\/h3>\n\n\n\n<p>\u2713 Los usuarios pueden descargar sus archivos desde el sitio de YunFile sin tiempo de espera y sin captchas.<br> \u2713 Los usuarios experimentar\u00e1n una alta y no limitada velocidad en la descarga de un archivo o archivos.<br> \u2713 El sitio de YunFile no tiene ning\u00fan tipo de publicidad cuando los usuarios navegan por sus p\u00e1ginas y cuando descargan un archivo o archivos.<br> \u2713 Los usuarios no est\u00e1n restringidos a descargar m\u00faltiples archivos al mismo tiempo.<br> \u2713 Los usuarios tendr\u00e1n acceso a utilizar el espacio de almacenamiento personal.<br> \u2713 Los usuarios pueden ahorrar dinero.<br> \u2713 Los usuarios pueden unirse al Programa de Referencias de YunFIle y ganar dinero.<\/p>\n\n\n\n<p>Por favor, compruebe las siguientes diferencias de la cuenta gratuita y la cuenta premium de YunFile en cuanto a sus caracter\u00edsticas y servicios.<\/p>\n\n\n\n<h3>Cuenta premium de YunFile<\/h3>\n\n\n\n<figure class=\"wp-block-table\"><table class=\"\"><tbody><tr><td>Las caracter\u00edsticas y servicios<\/td><td>Tipos de cuenta gratuita de YunFile<\/td><td>Tipos de YunFile \u22c6 Cuenta Premium \u22c6<\/td><\/tr><tr><td>\u00bfEs gratis?<\/td><td>\u2611 S\u00ed<\/td><td>\u2612 No<\/td><\/tr><tr><td>\u00bfEl proceso de descarga comienza inmediatamente?<\/td><td>\u2612 No<\/td><td>\u2611 S\u00ed<\/td><\/tr><tr><td>\u00bfTiene un tiempo de espera? <\/td><td>\u2611 S\u00ed<\/td><td>\u2612 No<\/td><\/tr><tr><td>\u00bfCu\u00e1nto tiempo es el tiempo de espera para descargar un archivo? <\/td><td>Toma alrededor de treinta segundos (30 seg.) para iniciar la descarga<\/td><td>No tiene tiempo de espera<\/td><\/tr><tr><td>La velocidad de descarga de un archivo<\/td><td>Lento y limitado<\/td><td>Alto en velocidad y no limitado<\/td><\/tr><tr><td>Descargando varios n\u00fameros de archivos al mismo tiempo<\/td><td>\u2612 No se apoya<\/td><td>\u2611 Apoyado<\/td><\/tr><tr><td>Restricci\u00f3n para la descarga de un archivo<\/td><td>S\u00f3lo se permite descargar un archivo cada diez minutos (1 archivo \/10 min).<\/td><td>No hay restricciones para los usuarios premium<\/td><\/tr><tr><td>Descarga r\u00e1pida de archivos cuando el servidor de YunFile est\u00e1 ocupado<\/td><td>\u2612 No<\/td><td>\u2611 S\u00ed<\/td><\/tr><tr><td>Descargas multil\u00ednea<\/td><td>\u2612 No<\/td><td>\u2611 S\u00ed<\/td><\/tr><tr><td>Reanudar y detener la descarga de un archivo<\/td><td>\u2612 No se apoya<\/td><td>\u2611 Apoyado<\/td><\/tr><tr><td>\u00bfTiene un acelerador para descargar un archivo?<\/td><td>\u2612 No se apoya<\/td><td>\u2611 Apoyado<\/td><\/tr><tr><td>\u00bfPueden los usuarios utilizar una herramienta para descargar uno o varios archivos?<\/td><td>\u2611 S\u00ed<\/td><td>\u2611 S\u00ed<\/td><\/tr><tr><td>El tama\u00f1o del almacenamiento<\/td><td>Limitado<\/td><td>Tiene un almacenamiento m\u00e1s grande<\/td><\/tr><tr><td>Espacio de almacenamiento para guardar el archivo o los archivos descargados de los usuarios (para almacenamiento personal)<\/td><td>\u2612 No se apoya<\/td><td>\u2611 Soportado &#8211; Tiene su propio espacio de almacenamiento para usuarios premium El tama\u00f1o del espacio de almacenamiento es de dos mil cuarenta y ocho gigabytes (2048 GB)<\/td><\/tr><tr><td>\u00bfContiene anuncios?<\/td><td>\u2611 S\u00ed<\/td><td>\u2612 No<\/td><\/tr><tr><td>\u00bfSe requiere el CAPTCHA?<\/td><td>\u2611 S\u00ed<\/td><td>\u2612 No<\/td><\/tr><tr><td>Los pagos est\u00e1n asegurados<\/td><td>\u2611 S\u00ed<\/td><td>\u2611 S\u00ed<\/td><\/tr><\/tbody><\/table><\/figure>\n\n\n<a class=\"maxbutton-2 maxbutton maxbutton-cta\" target=\"_blank\" rel=\"nofollow noopener\" href=\"\/go\/\"><span class='mb-text'>&gt;&gt; Ir a la p\u00e1gina web original de Linkifier <\/span><\/a>\n\n\n<p><\/p>\n\n\n\n<p>Por favor, vea a continuaci\u00f3n los precios de la Cuenta Gratuita y los Paquetes de Cuenta Premium de YunFile.<\/p>\n\n\n\n<h3>Paquetes de cuentas premium de YunFile<\/h3>\n\n\n\n<figure class=\"wp-block-table\"><table class=\"\"><tbody><tr><td>Tipos de cuentas de YunFile<\/td><td>N\u00famero de d\u00edas o meses<\/td><td>Los precios de las cuentas en d\u00f3lares<\/td><td>Precios de la cuenta en nuevos d\u00f3lares de Taiw\u00e1n<\/td><td>Precios de la cuenta por d\u00eda<\/td><td>La capacidad del tama\u00f1o de almacenamiento<\/td><td>\u00bfTiene anuncios?<\/td><td>\u00bfEs 100% seguro?<\/td><td>\u00bfEs 100% seguro?<\/td><\/tr><tr><td>Cuenta gratuita<\/td><td>Cero (0) d\u00edas o cero (0) meses<\/td><td>00.00 USD<\/td><td>00.00 NT$<\/td><td>00.00 USD por d\u00eda<\/td><td>peque\u00f1o<\/td><td>\u2611 S\u00cd<\/td><td>\u2611 S\u00cd<\/td><td>100%<\/td><\/tr><tr><td>\u22c6Premium Cuenta<\/td><td>Un (1) d\u00eda<\/td><td>03.31 USD<\/td><td>100.00 NT$<\/td><td>03.31 USD por d\u00eda <\/td><td>gran<\/td><td>\u2612 NO<\/td><td>\u2611 S\u00cd<\/td><td>100%<\/td><\/tr><tr><td>\u22c6Premium Cuenta<\/td><td>Siete (7) d\u00edas<\/td><td>08.27 USD<\/td><td>250.00 NT$<\/td><td>00.36 USD por d\u00eda <\/td><td>gran<\/td><td>\u2612 NO<\/td><td>\u2611 S\u00cd<\/td><td>100%<\/td><\/tr><tr><td>\u22c6Premium Cuenta<\/td><td>Treinta (30) d\u00edas o un (1) mes<\/td><td>10.92 USD<\/td><td>330.00 NT$<\/td><td>00.36 USD por d\u00eda <\/td><td>gran<\/td><td>\u2612 NO<\/td><td>\u2611 S\u00cd<\/td><td>100%<\/td><\/tr><tr><td>\u22c6Premium Cuenta<\/td><td>Noventa (90) d\u00edas o un (3) meses<\/td><td>23.82 USD<\/td><td>720.00 NT$<\/td><td>00.26 USD por d\u00eda <\/td><td>gran<\/td><td>\u2612 NO<\/td><td>\u2611 S\u00cd<\/td><td>100%<\/td><\/tr><tr><td>\u22c6Premium Cuenta<\/td><td>Ciento ochenta d\u00edas (180) d\u00edas o seis (6) meses<\/td><td>33.74 USD<\/td><td>1020.00 NT$<\/td><td>00.19 USD por d\u00eda <\/td><td>gran<\/td><td>\u2612 NO<\/td><td>\u2611 S\u00cd<\/td><td>100%<\/td><\/tr><tr><td>\u22c6Premium Cuenta<\/td><td>Trescientos sesenta y cinco (365) d\u00edas o doce (12) meses<\/td><td>48.63 USD<\/td><td>1470.00 NT$<\/td><td>00.13 USD por d\u00eda <\/td><td>gran<\/td><td>\u2612 NO<\/td><td>\u2611 S\u00cd<\/td><td>100%<\/td><\/tr><tr><td>\u22c6Premium Cuenta<\/td><td>De por vida<\/td><td>397.00 USD<\/td><td>12,000.00 NT$<\/td><td>00.01 USD por d\u00eda <\/td><td>gran<\/td><td>\u2612 NO<\/td><td>\u2611 S\u00cd<\/td><td>100%<\/td><\/tr><\/tbody><\/table><\/figure>\n\n\n\n<figure class=\"wp-block-table\"><table class=\"\"><tbody><tr><td>Modos de pago de YunFile: Los usuarios pueden pagar la cuenta premium de YunFile a trav\u00e9s de Visa, MasterCard, PayPal, JCB, American Express, Tarjeta de Regalo de Amazon, Perfect Money, WebMoney, o los revendedores aprobados de YunFile.<\/td><\/tr><\/tbody><\/table><\/figure>\n\n\n\n<p>Si los usuarios han encontrado alg\u00fan problema o problemas u otras preocupaciones sobre el sitio web, caracter\u00edsticas, servicios, paquetes, pagos, o suscripci\u00f3n de YunFile, entonces pueden tratar de contactar al servicio de atenci\u00f3n al cliente de YunFile en su p\u00e1gina de contacto en su sitio oficial o si compran la cuenta premium de YunFile en los sitios web de los revendedores, entonces pueden tratar de encontrar la informaci\u00f3n de contacto del revendedor para contactarlos.<\/p>\n\n\n<a class=\"maxbutton-2 maxbutton maxbutton-cta\" target=\"_blank\" rel=\"nofollow noopener\" href=\"\/go\/\"><span class='mb-text'>&gt;&gt; Ir a la p\u00e1gina web original de Linkifier <\/span><\/a>\n\n\n<p><\/p>\n","protected":false},"excerpt":{"rendered":"<p>YunFile: Acerca de Si los usuarios quieren subir, descargar y compartir sus archivos f\u00e1cilmente cuando y donde quiera que est\u00e9n<\/p>\n","protected":false},"author":2,"featured_media":0,"parent":0,"menu_order":0,"comment_status":"closed","ping_status":"closed","template":"","meta":[],"yoast_head":"<!-- This site is optimized with the Yoast SEO plugin v18.3 - https:\/\/yoast.com\/wordpress\/plugins\/seo\/ -->\n<title>YunFile Premium Cuenta: El Filehoster De Un Vistazo<\/title>\n<meta name=\"description\" content=\"\u00bfEs YunFile un proveedor de confianza o no, puedes encontrar la respuesta en el test actual en Multihoster.org \u279c Haz clic ahora \u271a para leer nuestras experiencias!\" \/>\n<meta name=\"robots\" content=\"index, follow, max-snippet:-1, max-image-preview:large, max-video-preview:-1\" \/>\n<link rel=\"canonical\" href=\"https:\/\/multihoster.org\/es\/yunfile\/\" \/>\n<meta property=\"og:locale\" content=\"es_ES\" \/>\n<meta property=\"og:type\" content=\"article\" \/>\n<meta property=\"og:title\" content=\"YunFile Premium Cuenta: El Filehoster De Un Vistazo\" \/>\n<meta property=\"og:description\" content=\"\u00bfEs YunFile un proveedor de confianza o no, puedes encontrar la respuesta en el test actual en Multihoster.org \u279c Haz clic ahora \u271a para leer nuestras experiencias!\" \/>\n<meta property=\"og:url\" content=\"https:\/\/multihoster.org\/es\/yunfile\/\" \/>\n<meta property=\"og:site_name\" content=\"Multihoster.org\" \/>\n<meta property=\"article:modified_time\" content=\"2020-04-16T15:09:09+00:00\" \/>\n<meta property=\"og:image\" content=\"https:\/\/lh4.googleusercontent.com\/fj3S8nsdOLj7HIxsYANKIVnqFTQIpLjmUFGUFsciGOiKAhGMWk0eqW1AEh3Dhm2ld8wO2OHAKpUXdwTHzUvJfH9aRSaRlP8Lnipg7FTuKKm_ALOHzUTIvBOFzSynNUZkEyJiHLI\" \/>\n<meta name=\"twitter:card\" content=\"summary\" \/>\n<meta name=\"twitter:label1\" content=\"Tiempo de lectura\" \/>\n\t<meta name=\"twitter:data1\" content=\"6 minutos\" \/>\n<script type=\"application\/ld+json\" class=\"yoast-schema-graph\">{\"@context\":\"https:\/\/schema.org\",\"@graph\":[{\"@type\":\"WebSite\",\"@id\":\"https:\/\/multihoster.org\/#website\",\"url\":\"https:\/\/multihoster.org\/\",\"name\":\"Multihoster.org\",\"description\":\"Reviews of the major Filehosting services\",\"potentialAction\":[{\"@type\":\"SearchAction\",\"target\":{\"@type\":\"EntryPoint\",\"urlTemplate\":\"https:\/\/multihoster.org\/?s={search_term_string}\"},\"query-input\":\"required name=search_term_string\"}],\"inLanguage\":\"es\"},{\"@type\":\"ImageObject\",\"@id\":\"https:\/\/multihoster.org\/es\/yunfile\/#primaryimage\",\"inLanguage\":\"es\",\"url\":\"https:\/\/lh4.googleusercontent.com\/fj3S8nsdOLj7HIxsYANKIVnqFTQIpLjmUFGUFsciGOiKAhGMWk0eqW1AEh3Dhm2ld8wO2OHAKpUXdwTHzUvJfH9aRSaRlP8Lnipg7FTuKKm_ALOHzUTIvBOFzSynNUZkEyJiHLI\",\"contentUrl\":\"https:\/\/lh4.googleusercontent.com\/fj3S8nsdOLj7HIxsYANKIVnqFTQIpLjmUFGUFsciGOiKAhGMWk0eqW1AEh3Dhm2ld8wO2OHAKpUXdwTHzUvJfH9aRSaRlP8Lnipg7FTuKKm_ALOHzUTIvBOFzSynNUZkEyJiHLI\"},{\"@type\":\"WebPage\",\"@id\":\"https:\/\/multihoster.org\/es\/yunfile\/#webpage\",\"url\":\"https:\/\/multihoster.org\/es\/yunfile\/\",\"name\":\"YunFile Premium Cuenta: El Filehoster De Un Vistazo\",\"isPartOf\":{\"@id\":\"https:\/\/multihoster.org\/#website\"},\"primaryImageOfPage\":{\"@id\":\"https:\/\/multihoster.org\/es\/yunfile\/#primaryimage\"},\"datePublished\":\"2020-04-16T11:39:11+00:00\",\"dateModified\":\"2020-04-16T15:09:09+00:00\",\"description\":\"\u00bfEs YunFile un proveedor de confianza o no, puedes encontrar la respuesta en el test actual en Multihoster.org \u279c Haz clic ahora \u271a para leer nuestras experiencias!\",\"breadcrumb\":{\"@id\":\"https:\/\/multihoster.org\/es\/yunfile\/#breadcrumb\"},\"inLanguage\":\"es\",\"potentialAction\":[{\"@type\":\"ReadAction\",\"target\":[\"https:\/\/multihoster.org\/es\/yunfile\/\"]}]},{\"@type\":\"BreadcrumbList\",\"@id\":\"https:\/\/multihoster.org\/es\/yunfile\/#breadcrumb\",\"itemListElement\":[{\"@type\":\"ListItem\",\"position\":1,\"name\":\"Startseite\",\"item\":\"https:\/\/multihoster.org\/es\/\"},{\"@type\":\"ListItem\",\"position\":2,\"name\":\"YunFile Premium Cuenta: El Filehoster De Un Vistazo\"}]}]}<\/script>\n<!-- \/ Yoast SEO plugin. -->","yoast_head_json":{"title":"YunFile Premium Cuenta: El Filehoster De Un Vistazo","description":"\u00bfEs YunFile un proveedor de confianza o no, puedes encontrar la respuesta en el test actual en Multihoster.org \u279c Haz clic ahora \u271a para leer nuestras experiencias!","robots":{"index":"index","follow":"follow","max-snippet":"max-snippet:-1","max-image-preview":"max-image-preview:large","max-video-preview":"max-video-preview:-1"},"canonical":"https:\/\/multihoster.org\/es\/yunfile\/","og_locale":"es_ES","og_type":"article","og_title":"YunFile Premium Cuenta: El Filehoster De Un Vistazo","og_description":"\u00bfEs YunFile un proveedor de confianza o no, puedes encontrar la respuesta en el test actual en Multihoster.org \u279c Haz clic ahora \u271a para leer nuestras experiencias!","og_url":"https:\/\/multihoster.org\/es\/yunfile\/","og_site_name":"Multihoster.org","article_modified_time":"2020-04-16T15:09:09+00:00","og_image":[{"url":"https:\/\/lh4.googleusercontent.com\/fj3S8nsdOLj7HIxsYANKIVnqFTQIpLjmUFGUFsciGOiKAhGMWk0eqW1AEh3Dhm2ld8wO2OHAKpUXdwTHzUvJfH9aRSaRlP8Lnipg7FTuKKm_ALOHzUTIvBOFzSynNUZkEyJiHLI"}],"twitter_card":"summary","twitter_misc":{"Tiempo de lectura":"6 minutos"},"schema":{"@context":"https:\/\/schema.org","@graph":[{"@type":"WebSite","@id":"https:\/\/multihoster.org\/#website","url":"https:\/\/multihoster.org\/","name":"Multihoster.org","description":"Reviews of the major Filehosting services","potentialAction":[{"@type":"SearchAction","target":{"@type":"EntryPoint","urlTemplate":"https:\/\/multihoster.org\/?s={search_term_string}"},"query-input":"required name=search_term_string"}],"inLanguage":"es"},{"@type":"ImageObject","@id":"https:\/\/multihoster.org\/es\/yunfile\/#primaryimage","inLanguage":"es","url":"https:\/\/lh4.googleusercontent.com\/fj3S8nsdOLj7HIxsYANKIVnqFTQIpLjmUFGUFsciGOiKAhGMWk0eqW1AEh3Dhm2ld8wO2OHAKpUXdwTHzUvJfH9aRSaRlP8Lnipg7FTuKKm_ALOHzUTIvBOFzSynNUZkEyJiHLI","contentUrl":"https:\/\/lh4.googleusercontent.com\/fj3S8nsdOLj7HIxsYANKIVnqFTQIpLjmUFGUFsciGOiKAhGMWk0eqW1AEh3Dhm2ld8wO2OHAKpUXdwTHzUvJfH9aRSaRlP8Lnipg7FTuKKm_ALOHzUTIvBOFzSynNUZkEyJiHLI"},{"@type":"WebPage","@id":"https:\/\/multihoster.org\/es\/yunfile\/#webpage","url":"https:\/\/multihoster.org\/es\/yunfile\/","name":"YunFile Premium Cuenta: El Filehoster De Un Vistazo","isPartOf":{"@id":"https:\/\/multihoster.org\/#website"},"primaryImageOfPage":{"@id":"https:\/\/multihoster.org\/es\/yunfile\/#primaryimage"},"datePublished":"2020-04-16T11:39:11+00:00","dateModified":"2020-04-16T15:09:09+00:00","description":"\u00bfEs YunFile un proveedor de confianza o no, puedes encontrar la respuesta en el test actual en Multihoster.org \u279c Haz clic ahora \u271a para leer nuestras experiencias!","breadcrumb":{"@id":"https:\/\/multihoster.org\/es\/yunfile\/#breadcrumb"},"inLanguage":"es","potentialAction":[{"@type":"ReadAction","target":["https:\/\/multihoster.org\/es\/yunfile\/"]}]},{"@type":"BreadcrumbList","@id":"https:\/\/multihoster.org\/es\/yunfile\/#breadcrumb","itemListElement":[{"@type":"ListItem","position":1,"name":"Startseite","item":"https:\/\/multihoster.org\/es\/"},{"@type":"ListItem","position":2,"name":"YunFile Premium Cuenta: El Filehoster De Un Vistazo"}]}]}},"_links":{"self":[{"href":"https:\/\/multihoster.org\/es\/wp-json\/wp\/v2\/pages\/3768"}],"collection":[{"href":"https:\/\/multihoster.org\/es\/wp-json\/wp\/v2\/pages"}],"about":[{"href":"https:\/\/multihoster.org\/es\/wp-json\/wp\/v2\/types\/page"}],"author":[{"embeddable":true,"href":"https:\/\/multihoster.org\/es\/wp-json\/wp\/v2\/users\/2"}],"replies":[{"embeddable":true,"href":"https:\/\/multihoster.org\/es\/wp-json\/wp\/v2\/comments?post=3768"}],"version-history":[{"count":3,"href":"https:\/\/multihoster.org\/es\/wp-json\/wp\/v2\/pages\/3768\/revisions"}],"predecessor-version":[{"id":3812,"href":"https:\/\/multihoster.org\/es\/wp-json\/wp\/v2\/pages\/3768\/revisions\/3812"}],"wp:attachment":[{"href":"https:\/\/multihoster.org\/es\/wp-json\/wp\/v2\/media?parent=3768"}],"curies":[{"name":"wp","href":"https:\/\/api.w.org\/{rel}","templated":true}]}}