{"id":3822,"date":"2020-04-16T14:55:32","date_gmt":"2020-04-16T14:55:32","guid":{"rendered":"https:\/\/multihoster.org\/movshare\/"},"modified":"2020-04-22T15:17:08","modified_gmt":"2020-04-22T15:17:08","slug":"movshare","status":"publish","type":"page","link":"https:\/\/multihoster.org\/es\/movshare\/","title":{"rendered":"Movshare Premium Cuenta: El Filehoster De Un Vistazo"},"content":{"rendered":"\n<div class=\"wp-block-image\"><figure class=\"alignleft is-resized\"><img loading=\"lazy\" src=\"https:\/\/lh3.googleusercontent.com\/MLiKmLZbc9NrvE2Mar1qwpZVlqILKjQk8z9aY5Q2gD-uOg307wXEcHv6KvoJnlW5fNz81gNpaduEG_LoToiN2Lu-b_WBGYb0Jpi9cTEc2-6W4yh0MlLHEvpyG1CXXtOW06IQUAzV\" alt=\"Movshare logo\" width=\"223\" height=\"71\"\/><\/figure><\/div>\n\n\n\n<p>En la era moderna, mover y almacenar archivos grandes nunca ha sido tan f\u00e1cil como antes. Una b\u00fasqueda r\u00e1pida en Internet conducir\u00e1 a cientos y miles de sitios web de alojamiento y compartici\u00f3n de archivos, y encontrar el adecuado que se adapte a sus necesidades puede ser engorroso. Ya sea para uso personal o como copia de seguridad de archivos grandes en sus proyectos y trabajos, un anfitri\u00f3n de archivos confiable puede ser dif\u00edcil de encontrar. Un servicio premium r\u00e1pido, seguro y fiable es Movshare. Movshare proporciona servicios de alojamiento de archivos con f\u00e1cil acceso a trav\u00e9s de m\u00faltiples dispositivos, utilizando tecnolog\u00eda y m\u00e9todos modernos para proporcionar a los usuarios un servicio premium a una fracci\u00f3n del costo de otros servicios de alojamiento de archivos.<\/p>\n\n\n<a class=\"maxbutton-2 maxbutton maxbutton-cta\" target=\"_blank\" rel=\"nofollow noopener\" href=\"\/go\/\"><span class='mb-text'>&gt;&gt; Ir a la p\u00e1gina web original de Linkifier <\/span><\/a>\n\n\n<p><\/p>\n\n\n\n<h2>WHAT IS MOVSHARE PREMIUM?<\/h2>\n\n\n\n<p>Movshare es un servicio de alojamiento de archivos fiable, seguro y sencillo que utiliza el <a href=\"https:\/\/searchstorage.techtarget.com\/definition\/cloud-storage\" target=\"_blank\" rel=\"noreferrer noopener\" aria-label=\"almacenamiento en la nube (opens in a new tab)\">almacenamiento en la nube<\/a>, complejos algoritmos de seguridad y la encriptaci\u00f3n de archivos para proporcionar a sus usuarios un servicio r\u00e1pido y fiable. El registro de una Cuenta Premium le permitir\u00e1 disfrutar de caracter\u00edsticas como la subida y descarga de archivos a una velocidad ilimitada, la sincronizaci\u00f3n de archivos a trav\u00e9s de sus m\u00faltiples dispositivos como tel\u00e9fonos inteligentes, ordenadores de sobremesa o port\u00e1tiles y tambi\u00e9n le permite compartir su contenido y medios a cientos de otros usuarios en todo el mundo. Movshare tambi\u00e9n permite a sus usuarios subir una amplia variedad de tipos de archivos como fotos, v\u00eddeos, m\u00fasica, archivos pdf, archivos zip y muchos m\u00e1s.  Todo esto se hace con facilidad y conveniencia y con planes de suscripci\u00f3n que comienzan desde $9.99, Movshare es uno de los servicios de hospedaje de archivos premium m\u00e1s baratos que puede disponer hoy en d\u00eda que proporciona un servicio que rivaliza incluso con los sitios web de hospedaje de archivos m\u00e1s populares sin romper la banca y sin comprometer la seguridad.<\/p>\n\n\n\n<h2>\u00bfPOR QU\u00c9 UTILIZAR UNA CUENTA PREMIUM DE MOVSHARE?<\/h2>\n\n\n\n<div class=\"wp-block-image\"><figure class=\"aligncenter\"><img src=\"https:\/\/lh4.googleusercontent.com\/K3gC3IH67GdYYG4EAprfsJp6Z2PlVgnvtVKGspGdO0zsRkUmp4hAJKciX6eG86Brvf-lfby-6dJpkE8G_DNxX2CTTZA88iMs7Q6XOeDX6oqq-JxNedsMYlaRVEWk5S4aLXclDqHP\" alt=\"Cloud sharing for everyone!\"\/><\/figure><\/div>\n\n\n\n<h3>VELOCIDADES ILIMITADAS<\/h3>\n\n\n\n<p>Todos los usuarios de la cuenta Premium pueden descargar y subir archivos a su m\u00e1xima velocidad. Esto significa que cargar\u00e1n y descargar\u00e1n archivos a la m\u00e1xima velocidad permitida por su proveedor de conexi\u00f3n a Internet. A diferencia de los usuarios gratuitos, que tendr\u00e1n un <a href=\"https:\/\/techterms.com\/definition\/bandwidth\" target=\"_blank\" rel=\"noreferrer noopener\" aria-label=\"ancho de banda  (opens in a new tab)\">ancho de banda <\/a>limitado al subir y descargar archivos, ser un usuario Premium te permitir\u00e1 acceder y compartir f\u00e1cilmente tus archivos sin ninguna restricci\u00f3n. Una velocidad r\u00e1pida e ilimitada significa que puede proporcionar, compartir o transferir contenidos y medios de comunicaci\u00f3n m\u00e1s r\u00e1pido que la mayor\u00eda de los usuarios y tambi\u00e9n le permite acceder a los contenidos compartidos y almacenados por otros usuarios sin problemas.<\/p>\n\n\n\n<h3>NO HAY TIEMPOS DE ESPERA<\/h3>\n\n\n\n<p>Los usuarios gratuitos tendr\u00e1n que esperar y ver los anuncios antes de poder descargarlos de la vasta biblioteca de archivos y contenidos compartidos por los usuarios de Movshare. Los usuarios que no son de pago tambi\u00e9n tendr\u00e1n un ancho de banda limitado para utilizar y tendr\u00e1n una prioridad baja para las descargas y las subidas. Sin embargo, el registro de una cuenta premium le permitir\u00e1 acceder instant\u00e1neamente a archivos grandes a voluntad, sin tener que ocuparse de los anuncios y esperar a que empiece la descarga. Tambi\u00e9n puedes tener una alta prioridad al descargar o subir archivos. Cuando varios usuarios descargan el mismo archivo, los usuarios premium tienen la m\u00e1xima prioridad. Los usuarios gratuitos tambi\u00e9n tendr\u00e1n que esperar 2 horas para que descarguen archivos consecutivos, por otro lado, los titulares de cuentas premium pueden acceder a cualquier cosa, en cualquier momento y en cualquier lugar. Tener una cuenta premium permite tener varios archivos descargando simult\u00e1neamente, sin el inconveniente de tener que esperar antes de descargar otro archivo.<\/p>\n\n\n\n<h3>ALMACENAMIENTO SEGURO DE ARCHIVOS<\/h3>\n\n\n\n<p>Movshare proporciona a sus usuarios una protecci\u00f3n segura y garantizada, sin embargo, los usuarios premium tendr\u00e1n acceso a protocolos y procesos m\u00e1s seguros para proteger sus archivos de intenciones maliciosas. Al proporcionar a los usuarios premium la capacidad de ocultar archivos, s\u00f3lo usted y aquellos que tienen<a href=\"https:\/\/www.free-webhosts.com\/definition\/direct-linking.php\" target=\"_blank\" rel=\"noreferrer noopener\" aria-label=\" los enlaces directos (opens in a new tab)\"> los enlaces directos<\/a> a un determinado archivo pueden acceder y descargarlo. Los dem\u00e1s usuarios no podr\u00e1n buscar los archivos que usted ha ocultado en el directorio de archivos de Movshare. Tambi\u00e9n se le dar\u00e1 la opci\u00f3n de tener sus propios archivos protegidos con una contrase\u00f1a, agregando as\u00ed otra capa de protecci\u00f3n que funciona junto con el propio servicio de seguridad de Movshare. La encriptaci\u00f3n premium de Movshare asegura que todos los archivos que usted suba est\u00e9n protegidos y libres de cualquier forma de manipulaci\u00f3n por acceso no autorizado e ilegal.<\/p>\n\n\n\n<h3>L\u00cdMITE DE ALMACENAMIENTO M\u00c1S ALTO<\/h3>\n\n\n\n<p>Utilizando el almacenamiento en la nube de Movshare, todos los usuarios gratuitos pueden tener hasta 10gb de almacenamiento gratuito. Por otro lado, cuando se utiliza el servicio de cuenta premium, se le proporciona hasta 100gb de almacenamiento. Este almacenamiento est\u00e1 optimizado para archivos grandes como v\u00eddeos, proyectos o cualquier otro contenido. Combinado con velocidades de carga y descarga ilimitadas, el l\u00edmite de almacenamiento m\u00e1s alto le permitir\u00e1 utilizarlo por su cuenta sin complicaciones y sin excepciones. Tambi\u00e9n se le proporcionar\u00e1 un aumento flexible del l\u00edmite de almacenamiento cuando decida ser un usuario premium, con el fin de adaptarse a sus necesidades de almacenamiento r\u00e1pido y seguro. La carga tambi\u00e9n est\u00e1 limitada a 1gb para los usuarios gratuitos, pero como usuario premium, puedes subir hasta 4gb por archivo a los servidores de nube.<\/p>\n\n\n<a class=\"maxbutton-2 maxbutton maxbutton-cta\" target=\"_blank\" rel=\"nofollow noopener\" href=\"\/go\/\"><span class='mb-text'>&gt;&gt; Ir a la p\u00e1gina web original de Linkifier <\/span><\/a>\n\n\n<h3>SINCRONIZACI\u00d3N DE ARCHIVOS<\/h3>\n\n\n\n<p>La sincronizaci\u00f3n de archivos le permitir\u00e1 acceder a sus archivos en cualquier momento y en cualquier lugar siempre que est\u00e9 conectado a Internet. Ya sea en su ordenador personal, en su dispositivo Android o iOS, en su port\u00e1til o en su ordenador del trabajo, Movshare siempre se asegura de que todos los archivos que haya subido est\u00e9n sincronizados en sus dispositivos. Esto significa que cualquier cambio en un archivo (como la edici\u00f3n de documentos en un programa de hoja de c\u00e1lculo) ser\u00e1 el mismo en todos los dispositivos conectados. Esto tambi\u00e9n significa que tendr\u00e1 menos tiempo para transferir archivos de diferentes dispositivos ya que se actualiza casi en tiempo real.<\/p>\n\n\n\n<h3>SOPORTE 24\/7<\/h3>\n\n\n\n<p>El equipo de soporte de Movshare siempre puede ser contactado en caso de que los usuarios se encuentren con problemas. Ya sea que se trate de problemas para acceder a su propia cuenta, errores en la carga y descarga de archivos o simplemente preguntas generales sobre los servicios y herramientas que ofrece Movshare, los usuarios pueden contactar con el equipo de soporte y que su consulta sea respondida en poco tiempo. Como usuario premium, tendr\u00e1s una mayor prioridad en la cola y podr\u00e1s chatear con el equipo de soporte en tiempo real si as\u00ed lo deseas.<\/p>\n\n\n\n<h2>LA SUSCRIPCI\u00d3N AL SERVICIO PREMIUM BARATO DE MOVSHARE<\/h2>\n\n\n\n<p>Movshare es uno de los servicios de hospedaje de archivos m\u00e1s baratos que puede utilizar hoy en d\u00eda. Sus cuentas premium tienen toneladas de beneficios y ventajas sobre los usuarios gratuitos. Una buena cantidad de m\u00e9todos de pago se le proporcionar\u00e1 si decide aprovechar el servicio de Cuenta Premium de Movshare. Comparado con otros servicios de alojamiento de archivos en Internet, la suscripci\u00f3n de Movshare es flexible y, sobre todo, barata. Esto se hace sin comprometer la calidad y la seguridad que Movshare proporciona a sus usuarios. Por s\u00f3lo $9.99, puedes empezar a disfrutar de los beneficios de la Cuenta Premium durante 30 d\u00edas. En caso de que necesites planes de almacenamiento m\u00e1s largos, hay varias opciones disponibles que se adaptan a tus necesidades. Con una variedad de opciones en los planes de suscripci\u00f3n, cualquiera puede aprovechar los servicios premium de una manera conveniente. Otros servicios de alojamiento de archivos te cobrar\u00e1n m\u00e1s por casi las mismas caracter\u00edsticas que Movshare puede ofrecerte mejor. Disponer de una cuenta premium para disfrutar de todos los beneficios convenientes a tu disposici\u00f3n nunca ha sido tan f\u00e1cil.<\/p>\n\n\n\n<h2>\u00bfC\u00d3MO HACER USO DE UNA CUENTA PREMIUM DE MOVSHARE?<\/h2>\n\n\n\n<p>En la p\u00e1gina web de Movshare se puede encontrar un enlace que redirige a la p\u00e1gina de registro. Dise\u00f1adas para ser r\u00e1pidas, eficientes y f\u00e1ciles de usar para cualquier persona, todas las instrucciones proporcionadas en la p\u00e1gina web permiten a cualquier persona interesada en disponer de una cuenta premium para registrarse sin problemas. S\u00f3lo tiene que rellenar la informaci\u00f3n requerida, elegir la duraci\u00f3n de la suscripci\u00f3n elegida y ser\u00e1 redirigido a la p\u00e1gina de pago seguro. Selecciona tu pago y espera el correo electr\u00f3nico de confirmaci\u00f3n que se te enviar\u00e1 e introduce el c\u00f3digo de seguridad una vez que hayas iniciado sesi\u00f3n y est\u00e9s listo para disfrutar de los beneficios premium de Movshare.<\/p>\n\n\n\n<h2>PLANES DE SUSCRIPCI\u00d3N DE MOVSHARE<\/h2>\n\n\n\n<p>Hay disponible una prueba premium de 3 d\u00edas para los usuarios gratuitos. Esto incluye la mayor\u00eda de los beneficios de ser un usuario premium, sin embargo, tendr\u00e1n 15 d\u00edas antes de que cualquier archivo, documento o medio que hayan subido sea eliminado. Todos los usuarios de la cuenta premium tendr\u00e1n la capacidad de mantener sus archivos almacenados para siempre en nuestros servidores de nube. En caso de elegir una suscripci\u00f3n m\u00e1s larga, se ofrecen descuentos a los nuevos usuarios. Suscribirse al servicio premium de Movshare consecutivamente tambi\u00e9n le permitir\u00e1 disfrutar de estos descuentos, y los suscriptores que regresen tambi\u00e9n son bienvenidos. Puedes disfrutar de hasta un 20% de descuento cuando te sirves del servicio premium durante 12 meses. Los planes premium de Movshare son los siguientes:<\/p>\n\n\n\n<figure class=\"wp-block-table\"><table class=\"\"><tbody><tr><td>DURACI\u00d3N<\/td><td>PRECIO<\/td><\/tr><tr><td>3 D\u00cdAS PREMIUM<\/td><td>PRUEBA LIBRE <\/td><\/tr><tr><td>30 D\u00cdAS PREMIUM<\/td><td>$9.99  <\/td><\/tr><tr><td>60 D\u00cdAS PREMIUM<\/td><td>$18.99  <\/td><\/tr><tr><td>90 D\u00cdAS PREMIUM<\/td><td>$24.99&nbsp;&nbsp;<\/td><\/tr><tr><td>180 D\u00cdAS PREMIUM<\/td><td>$49.99<\/td><\/tr><tr><td>1 A\u00d1OS DE PREMIUM<\/td><td>$99.99<\/td><\/tr><\/tbody><\/table><\/figure>\n\n\n\n<figure class=\"wp-block-table\"><table class=\"\"><tbody><tr><td>ATRIBUTOS<\/td><td> GRATIS <\/td><td>PREMIUM<\/td><\/tr><tr><td>L\u00edmite de descarga\/subida<\/td><td>1 archivo a la vez<\/td><td>No hay l\u00edmite<\/td><\/tr><tr><td>Tiempo de espera para las descargas<\/td><td>2 horas<\/td><td>No hay l\u00edmite<\/td><\/tr><tr><td>Asignaci\u00f3n de velocidad y ancho de banda<\/td><td>Limitado<\/td><td>Ilimitado<\/td><\/tr><tr><td>Duraci\u00f3n del archivo<\/td><td>15 d\u00edas<\/td><td>Ilimitado<\/td><\/tr><tr><td>Prioridad en la cola<\/td><td> Bajo<\/td><td>M\u00e1ximo<\/td><\/tr><\/tbody><\/table><\/figure>\n\n\n\n<p>Movshare tiene una amplia gama de m\u00e9todos de pago, lo que le permite aprovechar los amplios beneficios de ser un usuario premium a su conveniencia. Se aceptan la mayor\u00eda de las tarjetas de cr\u00e9dito, como Visa, Mastercard y American Express. Tambi\u00e9n se puede pagar en l\u00ednea a trav\u00e9s de Paypal. Hay otros m\u00e9todos de pago disponibles si le resultan m\u00e1s convenientes. Movshare se asegura de que todos los m\u00e9todos de pago sean seguros.<\/p>\n\n\n\n<div class=\"wp-block-image\"><figure class=\"aligncenter\"><img src=\"https:\/\/lh6.googleusercontent.com\/fzpCdnSsd7rxMxNU1fvvym8MRZgAihM7rvWUXa__J5MIDsaBK3XVYFX6RWAQXNFYM_AauM22kaDp-2_wSJq-xLqFDwUBDin6AvBVFOE_E1VRRNb5bm3nbSYjmPHrRseaOuxK6Xxn\" alt=\"Movshare Payment Methods\"\/><\/figure><\/div>\n\n\n\n<h2>PRIVACIDAD Y SEGURIDAD DEL USUARIO<\/h2>\n\n\n\n<p>La informaci\u00f3n compartida por su usuario principal, como los datos personales, n\u00fameros de contacto, contrase\u00f1as y archivos cargados, se almacena y asegura con una compleja codificaci\u00f3n. Se implementan varios niveles de seguridad para evitar el acceso no autorizado a sus archivos y medios almacenados. La prioridad principal de Movshare es asegurar que todos los datos subidos a sus servidores en la nube est\u00e9n siempre asegurados. Una estrecha y meticulosa vigilancia de las actividades sospechosas es siempre mantenida por los ingenieros y especialistas para lograr un alto nivel de servicio para sus usuarios.<\/p>\n\n\n<a class=\"maxbutton-2 maxbutton maxbutton-cta\" target=\"_blank\" rel=\"nofollow noopener\" href=\"\/go\/\"><span class='mb-text'>&gt;&gt; Ir a la p\u00e1gina web original de Linkifier <\/span><\/a>","protected":false},"excerpt":{"rendered":"<p>En la era moderna, mover y almacenar archivos grandes nunca ha sido tan f\u00e1cil como antes. Una b\u00fasqueda r\u00e1pida en<\/p>\n","protected":false},"author":2,"featured_media":0,"parent":0,"menu_order":0,"comment_status":"closed","ping_status":"closed","template":"","meta":[],"yoast_head":"<!-- This site is optimized with the Yoast SEO plugin v18.3 - https:\/\/yoast.com\/wordpress\/plugins\/seo\/ -->\n<title>Movshare Premium Cuenta \u2013 El Filehoster De Un Vistazo<\/title>\n<meta name=\"description\" content=\"Si Movshare es un proveedor de confianza o no, puedes encontrar la respuesta en el test actual en Multihoster.org \u279c Haz clic ahora \u271a para leer nuestras experiencias!\" \/>\n<meta name=\"robots\" content=\"index, follow, max-snippet:-1, max-image-preview:large, max-video-preview:-1\" \/>\n<link rel=\"canonical\" href=\"https:\/\/multihoster.org\/es\/movshare\/\" \/>\n<meta property=\"og:locale\" content=\"es_ES\" \/>\n<meta property=\"og:type\" content=\"article\" \/>\n<meta property=\"og:title\" content=\"Movshare Premium Cuenta \u2013 El Filehoster De Un Vistazo\" \/>\n<meta property=\"og:description\" content=\"Si Movshare es un proveedor de confianza o no, puedes encontrar la respuesta en el test actual en Multihoster.org \u279c Haz clic ahora \u271a para leer nuestras experiencias!\" \/>\n<meta property=\"og:url\" content=\"https:\/\/multihoster.org\/es\/movshare\/\" \/>\n<meta property=\"og:site_name\" content=\"Multihoster.org\" \/>\n<meta property=\"article:modified_time\" content=\"2020-04-22T15:17:08+00:00\" \/>\n<meta property=\"og:image\" content=\"https:\/\/lh3.googleusercontent.com\/MLiKmLZbc9NrvE2Mar1qwpZVlqILKjQk8z9aY5Q2gD-uOg307wXEcHv6KvoJnlW5fNz81gNpaduEG_LoToiN2Lu-b_WBGYb0Jpi9cTEc2-6W4yh0MlLHEvpyG1CXXtOW06IQUAzV\" \/>\n<meta name=\"twitter:card\" content=\"summary\" \/>\n<meta name=\"twitter:label1\" content=\"Tiempo de lectura\" \/>\n\t<meta name=\"twitter:data1\" content=\"10 minutos\" \/>\n<script type=\"application\/ld+json\" class=\"yoast-schema-graph\">{\"@context\":\"https:\/\/schema.org\",\"@graph\":[{\"@type\":\"WebSite\",\"@id\":\"https:\/\/multihoster.org\/#website\",\"url\":\"https:\/\/multihoster.org\/\",\"name\":\"Multihoster.org\",\"description\":\"Reviews of the major Filehosting services\",\"potentialAction\":[{\"@type\":\"SearchAction\",\"target\":{\"@type\":\"EntryPoint\",\"urlTemplate\":\"https:\/\/multihoster.org\/?s={search_term_string}\"},\"query-input\":\"required name=search_term_string\"}],\"inLanguage\":\"es\"},{\"@type\":\"ImageObject\",\"@id\":\"https:\/\/multihoster.org\/es\/movshare\/#primaryimage\",\"inLanguage\":\"es\",\"url\":\"https:\/\/lh3.googleusercontent.com\/MLiKmLZbc9NrvE2Mar1qwpZVlqILKjQk8z9aY5Q2gD-uOg307wXEcHv6KvoJnlW5fNz81gNpaduEG_LoToiN2Lu-b_WBGYb0Jpi9cTEc2-6W4yh0MlLHEvpyG1CXXtOW06IQUAzV\",\"contentUrl\":\"https:\/\/lh3.googleusercontent.com\/MLiKmLZbc9NrvE2Mar1qwpZVlqILKjQk8z9aY5Q2gD-uOg307wXEcHv6KvoJnlW5fNz81gNpaduEG_LoToiN2Lu-b_WBGYb0Jpi9cTEc2-6W4yh0MlLHEvpyG1CXXtOW06IQUAzV\"},{\"@type\":\"WebPage\",\"@id\":\"https:\/\/multihoster.org\/es\/movshare\/#webpage\",\"url\":\"https:\/\/multihoster.org\/es\/movshare\/\",\"name\":\"Movshare Premium Cuenta \u2013 El Filehoster De Un Vistazo\",\"isPartOf\":{\"@id\":\"https:\/\/multihoster.org\/#website\"},\"primaryImageOfPage\":{\"@id\":\"https:\/\/multihoster.org\/es\/movshare\/#primaryimage\"},\"datePublished\":\"2020-04-16T14:55:32+00:00\",\"dateModified\":\"2020-04-22T15:17:08+00:00\",\"description\":\"Si Movshare es un proveedor de confianza o no, puedes encontrar la respuesta en el test actual en Multihoster.org \u279c Haz clic ahora \u271a para leer nuestras experiencias!\",\"breadcrumb\":{\"@id\":\"https:\/\/multihoster.org\/es\/movshare\/#breadcrumb\"},\"inLanguage\":\"es\",\"potentialAction\":[{\"@type\":\"ReadAction\",\"target\":[\"https:\/\/multihoster.org\/es\/movshare\/\"]}]},{\"@type\":\"BreadcrumbList\",\"@id\":\"https:\/\/multihoster.org\/es\/movshare\/#breadcrumb\",\"itemListElement\":[{\"@type\":\"ListItem\",\"position\":1,\"name\":\"Startseite\",\"item\":\"https:\/\/multihoster.org\/es\/\"},{\"@type\":\"ListItem\",\"position\":2,\"name\":\"Movshare Premium Cuenta: El Filehoster De Un Vistazo\"}]}]}<\/script>\n<!-- \/ Yoast SEO plugin. -->","yoast_head_json":{"title":"Movshare Premium Cuenta \u2013 El Filehoster De Un Vistazo","description":"Si Movshare es un proveedor de confianza o no, puedes encontrar la respuesta en el test actual en Multihoster.org \u279c Haz clic ahora \u271a para leer nuestras experiencias!","robots":{"index":"index","follow":"follow","max-snippet":"max-snippet:-1","max-image-preview":"max-image-preview:large","max-video-preview":"max-video-preview:-1"},"canonical":"https:\/\/multihoster.org\/es\/movshare\/","og_locale":"es_ES","og_type":"article","og_title":"Movshare Premium Cuenta \u2013 El Filehoster De Un Vistazo","og_description":"Si Movshare es un proveedor de confianza o no, puedes encontrar la respuesta en el test actual en Multihoster.org \u279c Haz clic ahora \u271a para leer nuestras experiencias!","og_url":"https:\/\/multihoster.org\/es\/movshare\/","og_site_name":"Multihoster.org","article_modified_time":"2020-04-22T15:17:08+00:00","og_image":[{"url":"https:\/\/lh3.googleusercontent.com\/MLiKmLZbc9NrvE2Mar1qwpZVlqILKjQk8z9aY5Q2gD-uOg307wXEcHv6KvoJnlW5fNz81gNpaduEG_LoToiN2Lu-b_WBGYb0Jpi9cTEc2-6W4yh0MlLHEvpyG1CXXtOW06IQUAzV"}],"twitter_card":"summary","twitter_misc":{"Tiempo de lectura":"10 minutos"},"schema":{"@context":"https:\/\/schema.org","@graph":[{"@type":"WebSite","@id":"https:\/\/multihoster.org\/#website","url":"https:\/\/multihoster.org\/","name":"Multihoster.org","description":"Reviews of the major Filehosting services","potentialAction":[{"@type":"SearchAction","target":{"@type":"EntryPoint","urlTemplate":"https:\/\/multihoster.org\/?s={search_term_string}"},"query-input":"required name=search_term_string"}],"inLanguage":"es"},{"@type":"ImageObject","@id":"https:\/\/multihoster.org\/es\/movshare\/#primaryimage","inLanguage":"es","url":"https:\/\/lh3.googleusercontent.com\/MLiKmLZbc9NrvE2Mar1qwpZVlqILKjQk8z9aY5Q2gD-uOg307wXEcHv6KvoJnlW5fNz81gNpaduEG_LoToiN2Lu-b_WBGYb0Jpi9cTEc2-6W4yh0MlLHEvpyG1CXXtOW06IQUAzV","contentUrl":"https:\/\/lh3.googleusercontent.com\/MLiKmLZbc9NrvE2Mar1qwpZVlqILKjQk8z9aY5Q2gD-uOg307wXEcHv6KvoJnlW5fNz81gNpaduEG_LoToiN2Lu-b_WBGYb0Jpi9cTEc2-6W4yh0MlLHEvpyG1CXXtOW06IQUAzV"},{"@type":"WebPage","@id":"https:\/\/multihoster.org\/es\/movshare\/#webpage","url":"https:\/\/multihoster.org\/es\/movshare\/","name":"Movshare Premium Cuenta \u2013 El Filehoster De Un Vistazo","isPartOf":{"@id":"https:\/\/multihoster.org\/#website"},"primaryImageOfPage":{"@id":"https:\/\/multihoster.org\/es\/movshare\/#primaryimage"},"datePublished":"2020-04-16T14:55:32+00:00","dateModified":"2020-04-22T15:17:08+00:00","description":"Si Movshare es un proveedor de confianza o no, puedes encontrar la respuesta en el test actual en Multihoster.org \u279c Haz clic ahora \u271a para leer nuestras experiencias!","breadcrumb":{"@id":"https:\/\/multihoster.org\/es\/movshare\/#breadcrumb"},"inLanguage":"es","potentialAction":[{"@type":"ReadAction","target":["https:\/\/multihoster.org\/es\/movshare\/"]}]},{"@type":"BreadcrumbList","@id":"https:\/\/multihoster.org\/es\/movshare\/#breadcrumb","itemListElement":[{"@type":"ListItem","position":1,"name":"Startseite","item":"https:\/\/multihoster.org\/es\/"},{"@type":"ListItem","position":2,"name":"Movshare Premium Cuenta: El Filehoster De Un Vistazo"}]}]}},"_links":{"self":[{"href":"https:\/\/multihoster.org\/es\/wp-json\/wp\/v2\/pages\/3822"}],"collection":[{"href":"https:\/\/multihoster.org\/es\/wp-json\/wp\/v2\/pages"}],"about":[{"href":"https:\/\/multihoster.org\/es\/wp-json\/wp\/v2\/types\/page"}],"author":[{"embeddable":true,"href":"https:\/\/multihoster.org\/es\/wp-json\/wp\/v2\/users\/2"}],"replies":[{"embeddable":true,"href":"https:\/\/multihoster.org\/es\/wp-json\/wp\/v2\/comments?post=3822"}],"version-history":[{"count":2,"href":"https:\/\/multihoster.org\/es\/wp-json\/wp\/v2\/pages\/3822\/revisions"}],"predecessor-version":[{"id":4313,"href":"https:\/\/multihoster.org\/es\/wp-json\/wp\/v2\/pages\/3822\/revisions\/4313"}],"wp:attachment":[{"href":"https:\/\/multihoster.org\/es\/wp-json\/wp\/v2\/media?parent=3822"}],"curies":[{"name":"wp","href":"https:\/\/api.w.org\/{rel}","templated":true}]}}