{"id":3859,"date":"2020-04-16T15:50:54","date_gmt":"2020-04-16T15:50:54","guid":{"rendered":"https:\/\/multihoster.org\/filesmonster\/"},"modified":"2020-12-14T18:56:44","modified_gmt":"2020-12-14T18:56:44","slug":"filesmonster","status":"publish","type":"page","link":"https:\/\/multihoster.org\/es\/filesmonster\/","title":{"rendered":"FilesMonster Premium Cuenta: El Filehoster De Un Vistazo"},"content":{"rendered":"\n<figure class=\"wp-block-image\"><img src=\"https:\/\/lh4.googleusercontent.com\/mVWw15q9QtKDEJl6FY8p7PpoGD8y25cfV1zvM8rwNmbdQ1_g3JR0-LND1TBArjU2VehVrsqaTU1WmepskQnN-N6W0DPIr9lqtZkmPkWw7-dRzoPOCHRGXwpTURs7h7is9TTHoi4\" alt=\"Filesmonster Logo, Filesmonster Premium\"\/><\/figure>\n\n\n<a class=\"maxbutton-2 maxbutton maxbutton-cta\" target=\"_blank\" rel=\"nofollow noopener\" href=\"\/filesmonster\/goto\/\"><span class='mb-text'>&gt;&gt; Ir a la p\u00e1gina web original de Filesmonster<\/span><\/a>\n\n\n<p><\/p>\n\n\n\n<p>Guardar archivos es una obligaci\u00f3n, especialmente si tu negocio es m\u00e1s de multimedia. Llevar un almacenamiento externo f\u00edsico es una molestia y tienes que conectar tu dispositivo a un ordenador para acceder a tus archivos cuando quieras. Una soluci\u00f3n viable es almacenar sus archivos en l\u00ednea. Existen muchos servicios de almacenamiento en l\u00ednea, pero nunca se puede estar seguro de la seguridad de los medios. Sin mencionar que es realmente caro y puede costarte varios cientos de d\u00f3lares al mes.<\/p>\n\n\n\n<p>Sin embargo, Filesmonster puede ofrecer b\u00e1sicamente cualquier soluci\u00f3n de almacenamiento en l\u00ednea de primera calidad, pero con una nube sin problemas y con tarifas m\u00e1s baratas que el servicio de almacenamiento en l\u00ednea convencional. Los servicios que se ofrecen son de primera categor\u00eda y tambi\u00e9n se pueden mejorar los servicios mediante una cuenta Filesmonster Premium. La cuenta premium tambi\u00e9n ofrece servicios adicionales que pueden ayudarle a organizar todos sus archivos y documentos de medios relacionados con el trabajo.  Filesmonster Premium tambi\u00e9n ofrece una forma de disfrutar de su amplia biblioteca de contenidos y medios en l\u00ednea a trav\u00e9s de una asociaci\u00f3n con diferentes servicios de streaming de alta calidad.<\/p>\n\n\n\n<h2>\u00bfQu\u00e9 es Filesmonster?<\/h2>\n\n\n\n<p>Filesmonster es un servicio de alojamiento de archivos en l\u00ednea que ofrece a sus clientes un servicio de almacenamiento m\u00e1s barato y un f\u00e1cil acceso a cualquiera de sus cosas y medios de comunicaci\u00f3n, siempre y cuando est\u00e9 conectado a Internet. Filesmonster tambi\u00e9n hace hincapi\u00e9 en la seguridad de los archivos y siempre se aseguran de que sus <a rel=\"noreferrer noopener\" aria-label=\"nubes  (opens in a new tab)\" href=\"https:\/\/searchstorage.techtarget.com\/definition\/cloud-storage\" target=\"_blank\">nubes <\/a>est\u00e9n libres de virus y no expuestas a robos y plagios. Tambi\u00e9n tienen otras ventajas disponibles si utilizas su barata cuenta Premium de Filesmonster. A trav\u00e9s de este servicio, podr\u00e1s disfrutar de otras caracter\u00edsticas como descargas m\u00e1s r\u00e1pidas, mayor almacenamiento y l\u00edmite de descarga ilimitado. La cuenta Premium de Flesmonster es una de las suscripciones de alojamiento de archivos premium m\u00e1s baratas disponibles, ya que s\u00f3lo le costar\u00e1 unos 15 d\u00f3lares al mes. Otros servicios premium pueden costarle hasta unos pocos cientos de d\u00f3lares, mientras que otros pueden costar casi mil dependiendo de si el servicio de alojamiento de archivos es un sitio web popular. Aunque Filesmonster Premium tambi\u00e9n ofrece la misma calidad de servicio que los otros servicios m\u00e1s conocidos, Filesmonster Premium cuesta mucho m\u00e1s barato. Esto es perfecto si acaba de iniciar un peque\u00f1o negocio que requiere que sus archivos digitales sean administrados y accedidos en cualquier momento que los necesite. Tambi\u00e9n ofrece protecci\u00f3n contra <a rel=\"noreferrer noopener\" aria-label=\"malware (opens in a new tab)\" href=\"https:\/\/www.malwarebytes.com\/malware\/\" target=\"_blank\">malware<\/a>, pop-ups y otros anuncios molestos. Filesmonster Premium tambi\u00e9n asegura que todas sus descargas son de sitios web asociados, por lo que la legalidad no es un problema. Descargue, almacene y guarde sus archivos sin preocupaciones cuando utilice una cuenta Filesmonster Premium.<\/p>\n\n\n\n<h2>Caracter\u00edsticas y servicios de Filesmonster Premium<\/h2>\n\n\n\n<p>Disponer de una cuenta Premium de FIlesmonster le permite disfrutar de servicios adicionales y de una notable mejora del servicio gratuito.<\/p>\n\n\n\n<figure class=\"wp-block-image\"><img src=\"https:\/\/lh5.googleusercontent.com\/cf15g2mKcENrXzNWavHcm_QtZ6dSGqKvIBATm1dBE0Q8-cVW-iGBE7VIn4WcE1dOxUWkwrzlZ-xwCz60bBWDouXvXNSp2fuodEuXMeTkEaLS65V2TdWKMoz56oyz2nIj0CxVT0Y\" alt=\"Filesmonster Premium features\"\/><\/figure>\n\n\n\n<h3>Descargas m\u00e1s r\u00e1pidas<\/h3>\n\n\n\n<p>Filesmonster Premium a\u00f1ade m\u00e1s ancho de banda a tus descargas. La velocidad media de descarga para los servicios de alojamiento de archivos s\u00f3lo var\u00eda entre 8 y 15 Mbps. Esto es decente si s\u00f3lo vas a almacenar archivos peque\u00f1os como im\u00e1genes, documentos y archivos de audio, pero cuando se trata de archivos m\u00e1s grandes como v\u00eddeos o pel\u00edculas, aplicaciones grandes y una copia de seguridad de toda una base de datos, esta velocidad de descarga ser\u00e1 insuficiente. El FIlesmonster Premium tiene una velocidad de descarga ilimitada para que la disfrutes. Esta velocidad es perfecta para archivos muy grandes como videos que est\u00e1s editando o aplicaciones grandes. O puede usar esta velocidad para descargar medios como pel\u00edculas de alta calidad y archivos de audio disponibles en sus sitios web asociados y servicios de streaming.<\/p>\n\n\n\n<h3>Transmisi\u00f3n de medios de comunicaci\u00f3n<\/h3>\n\n\n\n<p>Filesmonster Premium no es s\u00f3lo un servicio de almacenamiento en l\u00ednea, sino tambi\u00e9n un sitio web de streaming de primera clase. Con una cuenta de FIlesmonster Premium, puedes disfrutar de miles de archivos multimedia gratuitos de alta calidad. Sus sitios web de streaming asociados proporcionan acceso a pel\u00edculas y otros tipos de medios para que usted los disfrute. Tambi\u00e9n tiene la opci\u00f3n de descargar estos medios y es 100% legal. Disfrute de una vasta biblioteca de medios de primera calidad con una cuenta Filesmonster Premium.<\/p>\n\n\n\n<h3>Descargas reanudables<\/h3>\n\n\n\n<p>\u00bfNo es una molestia si est\u00e1s descargando un archivo y de repente tienes que salir a hacer un recado? No puedes dejar tu ordenador de trabajo abierto, y otros servicios no permiten reanudar las descargas. Tienes que repetir la descarga de nuevo desde el principio. Sin mencionar que algunos archivos grandes tienen el potencial de ser corrompidos cuando se pausa por un largo tiempo. Filesmonster Premium resolvi\u00f3 este problema permitiendo la reanudaci\u00f3n de las descargas de sus archivos. Pausar una descarga de archivos y continuarla m\u00e1s tarde, Filesmonster Premium permite un acceso sin problemas a las descargas de sus archivos cuando y donde quiera.<\/p>\n\n\n<a class=\"maxbutton-2 maxbutton maxbutton-cta\" target=\"_blank\" rel=\"nofollow noopener\" href=\"\/filesmonster\/goto\/\"><span class='mb-text'>&gt;&gt; Ir a la p\u00e1gina web original de Filesmonster<\/span><\/a>\n\n\n<p><\/p>\n\n\n\n<h3>Descarga instant\u00e1nea<\/h3>\n\n\n\n<p>Una cuenta gratuita tiene que esperar varios segundos para que se inicie su descarga. Esto se debe a que los usuarios gratuitos tienen menos prioridad en el tr\u00e1fico de la red en comparaci\u00f3n con una cuenta Filesmonster Premium. Si tienes prisa, este tiempo de espera puede ser causa de un retraso y consume mucho tiempo. Disponer de una cuenta Premium de Flesmonster elimina esta restricci\u00f3n. Puede iniciar la descarga instant\u00e1neamente en el momento en que haga clic en el bot\u00f3n. El servicio perfecto para los creadores de contenido que siempre est\u00e1 en movimiento.<\/p>\n\n\n\n<h3>Gestor de descargas<\/h3>\n\n\n\n<p>No poder controlar las descargas de archivos es muy molesto. No tienes forma de saber el estado de tu descarga a menos que haya terminado. Sin embargo, con una cuenta Filesmonster Premium, usted es elegible para usar su innovadora herramienta que es el Gestor de Descargas de FIlesmonster. Con el Gestor de Descargas, puede ordenar todas sus descargas existentes. Puede ver el estado de sus archivos en tiempo real y tambi\u00e9n permite una forma m\u00e1s f\u00e1cil de gestionar sus archivos. El Gestor de Descargas le muestra cu\u00e1nto ha descargado ya. Incluso muestra el tiempo estimado antes de que termines de descargar tus archivos. El Gestor de Descargas de Filesmonster tambi\u00e9n le permite establecer qu\u00e9 archivo va a priorizar para terminar de descargar. Es la herramienta perfecta para administrar las descargas de sus archivos, incluso si est\u00e1 de viaje.<\/p>\n\n\n\n<h3>Descarga de m\u00faltiples archivos<\/h3>\n\n\n\n<p>Cuando tienes prisa, ser capaz de descargar un solo archivo es muy frustrante. Otros servicios de alojamiento de archivos limitan a sus usuarios a una sola descarga de archivos para reducir el tr\u00e1fico de la red. Por otro lado, una cuenta Filesmonster Premium le permite acceder a varios archivos al mismo tiempo. Puede descargar libremente archivos y documentos multimedia siempre que su conexi\u00f3n a Internet pueda manejar el tr\u00e1fico de datos. Los creadores de sitios web que tienen que acceder constantemente a sus activos y archivos digitales pueden descargar f\u00e1cilmente todos los archivos que necesitan.<\/p>\n\n\n\n<h3>Descargas de archivos no archivados<\/h3>\n\n\n\n<p>El <a rel=\"noreferrer noopener\" aria-label=\"archivado  (opens in a new tab)\" href=\"https:\/\/searchdatabackup.techtarget.com\/definition\/data-archiving\" target=\"_blank\">archivado <\/a>se realiza com\u00fanmente por los servicios de alojamiento de archivos para reducir el tr\u00e1fico en la red. Sin embargo, Filesmonster Premium s\u00f3lo permite la descarga de archivos completos. Dado que el archivado tiene la posibilidad de corromper sus archivos, Filesmonster Premium se asegura de que todas las descargas de archivos sigan intactas en el momento en que termine la descarga.<\/p>\n\n\n\n<h2>Cuenta Filesmonster Premium: \u00bfC\u00f3mo aprovechar la suya?<\/h2>\n\n\n\n<p>Para hacer uso de todos estos incre\u00edbles servicios, tendr\u00e1s que hacer uso de una cuenta Filesmonster Premium. Los pasos son muy f\u00e1ciles y r\u00e1pidos. S\u00f3lo tienes que ir a su sitio web y seguir la p\u00e1gina Premium. Rellena toda la informaci\u00f3n requerida y ser\u00e1s redirigido a la ventana de pago. Puedes elegir cu\u00e1nto tiempo vas a hacer uso del servicio Premium de Flesmonster. Tambi\u00e9n ofrecen una versi\u00f3n de prueba durante 2 d\u00edas para que puedas decidir si vas a seguir usando el servicio Premium. Los paquetes son los siguientes:<\/p>\n\n\n\n<figure class=\"wp-block-table\"><table><tbody><tr><td>DURACI\u00d3N<\/td><td>PRECIO<\/td><\/tr><tr><td>2 d\u00edas<\/td><td>Juicio<\/td><\/tr><tr><td>15 d\u00edas<\/td><td>$12.00<\/td><\/tr><tr><td>1 mes<\/td><td>$17.00<\/td><\/tr><tr><td>3 meses<\/td><td>$37.00<\/td><\/tr><tr><td>6 meses<\/td><td>$66.00<\/td><\/tr><tr><td>1 a\u00f1o<\/td><td>$116.00<\/td><\/tr><\/tbody><\/table><\/figure>\n\n\n\n<p>Como puede ver, la prima de Filesmonster ofrece un descuento por el periodo que elija. El paquete de 1 a\u00f1o literalmente puede ahorrarle hasta un 50%. Pero si a\u00fan no est\u00e1s listo para aprovechar un per\u00edodo tan largo, entonces puedes elegir el paquete que quieras. El paquete de 1 mes es aconsejable para proyectos individuales y el de 6 meses es bueno para prop\u00f3sitos de negocios.<\/p>\n\n\n\n<figure class=\"wp-block-image\"><img src=\"https:\/\/lh3.googleusercontent.com\/_-N1WSd2sWsJUFiEMan-2e9yX0uRDUCET1Vis37Oavn7Ot3p6NMDHlQcBrYxi5Y6uUn8-4-oGyUOeOuBiCkFCyHyiBTr8iJECLDGHbHKsdrFePIffG4mok16YlMEZAErY0kaIs4\" alt=\"Filesmonster Premium payment methods\"\/><\/figure>\n\n\n\n<p>La prima de Filesmonster tiene m\u00e9todos de pago flexibles. Puede elegir pagar con VISA, MasterCard o Maestro. Tambi\u00e9n aceptan pagos a trav\u00e9s de Bitcoins. Tenga en cuenta que ofrecen un descuento adicional del 10% a los usuarios de Bitcoin, por lo que si ya tiene un fondo en Bitcoin, es muy aconsejable. Tambi\u00e9n hay otros sitios de venta al por menor de claves premium que ofrecen otras formas de adquirir el servicio premium de FIlesmonster y algunos otros tambi\u00e9n ofrecen descuentos. Usted tiene la libertad de elegir el m\u00e9todo de pago m\u00e1s deseable para usted.<\/p>\n\n\n\n<h2>\u00bfEs Filesmonster Premium legal?<\/h2>\n\n\n\n<p>El Filesmonster Premium es definitivamente LEGAL. Todos los medios y servicios de streaming que ofrece el sitio web son de sus sitios web asociados y proveedores de streaming. Puedes descargar cualquier contenido que quieras sin preocuparte porque todo est\u00e1 licenciado y tiene permiso de sus leg\u00edtimos propietarios.<\/p>\n\n\n\n<h2>\u00bfEs seguro Filesmonster Premium?<\/h2>\n\n\n\n<p>El Filesmonster Premium es 100% seguro. El proveedor de servicios de alojamiento de archivos supervisa y se asegura de que el sitio web est\u00e9 siempre libre de molestos anuncios, malwares y spywares. Su almacenamiento en la nube tambi\u00e9n se refuerza con varios protocolos de seguridad para evitar el acceso no deseado a los archivos de los usuarios y a su informaci\u00f3n personal. El nivel de seguridad de Filesmonster Premium siempre lo mantienen los administradores del servicio de almacenamiento en l\u00ednea. Los contenidos y medios accesibles a los usuarios tambi\u00e9n se filtran para que el sitio web siempre sea seguro para los ni\u00f1os. Puede estar seguro de la seguridad de sus archivos con Filesmonster Premium.<\/p>\n\n\n<a class=\"maxbutton-2 maxbutton maxbutton-cta\" target=\"_blank\" rel=\"nofollow noopener\" href=\"\/filesmonster\/goto\/\"><span class='mb-text'>&gt;&gt; Ir a la p\u00e1gina web original de Filesmonster<\/span><\/a>\n\n\n<p><\/p>\n","protected":false},"excerpt":{"rendered":"<p>Guardar archivos es una obligaci\u00f3n, especialmente si tu negocio es m\u00e1s de multimedia. Llevar un almacenamiento externo f\u00edsico es una<\/p>\n","protected":false},"author":2,"featured_media":0,"parent":0,"menu_order":0,"comment_status":"closed","ping_status":"closed","template":"","meta":[],"yoast_head":"<!-- This site is optimized with the Yoast SEO plugin v18.3 - https:\/\/yoast.com\/wordpress\/plugins\/seo\/ -->\n<title>FilesMonster Premium Cuenta: El Filehoster De Un Vistazo<\/title>\n<meta name=\"description\" content=\"Si FilesMonster es un proveedor de confianza o no, puedes encontrar la respuesta en el test actual en Multihoster.org \u279c Haz clic ahora \u271a para leer nuestras experiencias!\" \/>\n<meta name=\"robots\" content=\"index, follow, max-snippet:-1, max-image-preview:large, max-video-preview:-1\" \/>\n<link rel=\"canonical\" href=\"https:\/\/multihoster.org\/es\/filesmonster\/\" \/>\n<meta property=\"og:locale\" content=\"es_ES\" \/>\n<meta property=\"og:type\" content=\"article\" \/>\n<meta property=\"og:title\" content=\"FilesMonster Premium Cuenta: El Filehoster De Un Vistazo\" \/>\n<meta property=\"og:description\" content=\"Si FilesMonster es un proveedor de confianza o no, puedes encontrar la respuesta en el test actual en Multihoster.org \u279c Haz clic ahora \u271a para leer nuestras experiencias!\" \/>\n<meta property=\"og:url\" content=\"https:\/\/multihoster.org\/es\/filesmonster\/\" \/>\n<meta property=\"og:site_name\" content=\"Multihoster.org\" \/>\n<meta property=\"article:modified_time\" content=\"2020-12-14T18:56:44+00:00\" \/>\n<meta property=\"og:image\" content=\"https:\/\/lh4.googleusercontent.com\/mVWw15q9QtKDEJl6FY8p7PpoGD8y25cfV1zvM8rwNmbdQ1_g3JR0-LND1TBArjU2VehVrsqaTU1WmepskQnN-N6W0DPIr9lqtZkmPkWw7-dRzoPOCHRGXwpTURs7h7is9TTHoi4\" \/>\n<meta name=\"twitter:card\" content=\"summary\" \/>\n<meta name=\"twitter:label1\" content=\"Tiempo de lectura\" \/>\n\t<meta name=\"twitter:data1\" content=\"9 minutos\" \/>\n<script type=\"application\/ld+json\" class=\"yoast-schema-graph\">{\"@context\":\"https:\/\/schema.org\",\"@graph\":[{\"@type\":\"WebSite\",\"@id\":\"https:\/\/multihoster.org\/#website\",\"url\":\"https:\/\/multihoster.org\/\",\"name\":\"Multihoster.org\",\"description\":\"Reviews of the major Filehosting services\",\"potentialAction\":[{\"@type\":\"SearchAction\",\"target\":{\"@type\":\"EntryPoint\",\"urlTemplate\":\"https:\/\/multihoster.org\/?s={search_term_string}\"},\"query-input\":\"required name=search_term_string\"}],\"inLanguage\":\"es\"},{\"@type\":\"ImageObject\",\"@id\":\"https:\/\/multihoster.org\/es\/filesmonster\/#primaryimage\",\"inLanguage\":\"es\",\"url\":\"https:\/\/lh4.googleusercontent.com\/mVWw15q9QtKDEJl6FY8p7PpoGD8y25cfV1zvM8rwNmbdQ1_g3JR0-LND1TBArjU2VehVrsqaTU1WmepskQnN-N6W0DPIr9lqtZkmPkWw7-dRzoPOCHRGXwpTURs7h7is9TTHoi4\",\"contentUrl\":\"https:\/\/lh4.googleusercontent.com\/mVWw15q9QtKDEJl6FY8p7PpoGD8y25cfV1zvM8rwNmbdQ1_g3JR0-LND1TBArjU2VehVrsqaTU1WmepskQnN-N6W0DPIr9lqtZkmPkWw7-dRzoPOCHRGXwpTURs7h7is9TTHoi4\"},{\"@type\":\"WebPage\",\"@id\":\"https:\/\/multihoster.org\/es\/filesmonster\/#webpage\",\"url\":\"https:\/\/multihoster.org\/es\/filesmonster\/\",\"name\":\"FilesMonster Premium Cuenta: El Filehoster De Un Vistazo\",\"isPartOf\":{\"@id\":\"https:\/\/multihoster.org\/#website\"},\"primaryImageOfPage\":{\"@id\":\"https:\/\/multihoster.org\/es\/filesmonster\/#primaryimage\"},\"datePublished\":\"2020-04-16T15:50:54+00:00\",\"dateModified\":\"2020-12-14T18:56:44+00:00\",\"description\":\"Si FilesMonster es un proveedor de confianza o no, puedes encontrar la respuesta en el test actual en Multihoster.org \u279c Haz clic ahora \u271a para leer nuestras experiencias!\",\"breadcrumb\":{\"@id\":\"https:\/\/multihoster.org\/es\/filesmonster\/#breadcrumb\"},\"inLanguage\":\"es\",\"potentialAction\":[{\"@type\":\"ReadAction\",\"target\":[\"https:\/\/multihoster.org\/es\/filesmonster\/\"]}]},{\"@type\":\"BreadcrumbList\",\"@id\":\"https:\/\/multihoster.org\/es\/filesmonster\/#breadcrumb\",\"itemListElement\":[{\"@type\":\"ListItem\",\"position\":1,\"name\":\"Startseite\",\"item\":\"https:\/\/multihoster.org\/es\/\"},{\"@type\":\"ListItem\",\"position\":2,\"name\":\"FilesMonster Premium Cuenta: El Filehoster De Un Vistazo\"}]}]}<\/script>\n<!-- \/ Yoast SEO plugin. -->","yoast_head_json":{"title":"FilesMonster Premium Cuenta: El Filehoster De Un Vistazo","description":"Si FilesMonster es un proveedor de confianza o no, puedes encontrar la respuesta en el test actual en Multihoster.org \u279c Haz clic ahora \u271a para leer nuestras experiencias!","robots":{"index":"index","follow":"follow","max-snippet":"max-snippet:-1","max-image-preview":"max-image-preview:large","max-video-preview":"max-video-preview:-1"},"canonical":"https:\/\/multihoster.org\/es\/filesmonster\/","og_locale":"es_ES","og_type":"article","og_title":"FilesMonster Premium Cuenta: El Filehoster De Un Vistazo","og_description":"Si FilesMonster es un proveedor de confianza o no, puedes encontrar la respuesta en el test actual en Multihoster.org \u279c Haz clic ahora \u271a para leer nuestras experiencias!","og_url":"https:\/\/multihoster.org\/es\/filesmonster\/","og_site_name":"Multihoster.org","article_modified_time":"2020-12-14T18:56:44+00:00","og_image":[{"url":"https:\/\/lh4.googleusercontent.com\/mVWw15q9QtKDEJl6FY8p7PpoGD8y25cfV1zvM8rwNmbdQ1_g3JR0-LND1TBArjU2VehVrsqaTU1WmepskQnN-N6W0DPIr9lqtZkmPkWw7-dRzoPOCHRGXwpTURs7h7is9TTHoi4"}],"twitter_card":"summary","twitter_misc":{"Tiempo de lectura":"9 minutos"},"schema":{"@context":"https:\/\/schema.org","@graph":[{"@type":"WebSite","@id":"https:\/\/multihoster.org\/#website","url":"https:\/\/multihoster.org\/","name":"Multihoster.org","description":"Reviews of the major Filehosting services","potentialAction":[{"@type":"SearchAction","target":{"@type":"EntryPoint","urlTemplate":"https:\/\/multihoster.org\/?s={search_term_string}"},"query-input":"required name=search_term_string"}],"inLanguage":"es"},{"@type":"ImageObject","@id":"https:\/\/multihoster.org\/es\/filesmonster\/#primaryimage","inLanguage":"es","url":"https:\/\/lh4.googleusercontent.com\/mVWw15q9QtKDEJl6FY8p7PpoGD8y25cfV1zvM8rwNmbdQ1_g3JR0-LND1TBArjU2VehVrsqaTU1WmepskQnN-N6W0DPIr9lqtZkmPkWw7-dRzoPOCHRGXwpTURs7h7is9TTHoi4","contentUrl":"https:\/\/lh4.googleusercontent.com\/mVWw15q9QtKDEJl6FY8p7PpoGD8y25cfV1zvM8rwNmbdQ1_g3JR0-LND1TBArjU2VehVrsqaTU1WmepskQnN-N6W0DPIr9lqtZkmPkWw7-dRzoPOCHRGXwpTURs7h7is9TTHoi4"},{"@type":"WebPage","@id":"https:\/\/multihoster.org\/es\/filesmonster\/#webpage","url":"https:\/\/multihoster.org\/es\/filesmonster\/","name":"FilesMonster Premium Cuenta: El Filehoster De Un Vistazo","isPartOf":{"@id":"https:\/\/multihoster.org\/#website"},"primaryImageOfPage":{"@id":"https:\/\/multihoster.org\/es\/filesmonster\/#primaryimage"},"datePublished":"2020-04-16T15:50:54+00:00","dateModified":"2020-12-14T18:56:44+00:00","description":"Si FilesMonster es un proveedor de confianza o no, puedes encontrar la respuesta en el test actual en Multihoster.org \u279c Haz clic ahora \u271a para leer nuestras experiencias!","breadcrumb":{"@id":"https:\/\/multihoster.org\/es\/filesmonster\/#breadcrumb"},"inLanguage":"es","potentialAction":[{"@type":"ReadAction","target":["https:\/\/multihoster.org\/es\/filesmonster\/"]}]},{"@type":"BreadcrumbList","@id":"https:\/\/multihoster.org\/es\/filesmonster\/#breadcrumb","itemListElement":[{"@type":"ListItem","position":1,"name":"Startseite","item":"https:\/\/multihoster.org\/es\/"},{"@type":"ListItem","position":2,"name":"FilesMonster Premium Cuenta: El Filehoster De Un Vistazo"}]}]}},"_links":{"self":[{"href":"https:\/\/multihoster.org\/es\/wp-json\/wp\/v2\/pages\/3859"}],"collection":[{"href":"https:\/\/multihoster.org\/es\/wp-json\/wp\/v2\/pages"}],"about":[{"href":"https:\/\/multihoster.org\/es\/wp-json\/wp\/v2\/types\/page"}],"author":[{"embeddable":true,"href":"https:\/\/multihoster.org\/es\/wp-json\/wp\/v2\/users\/2"}],"replies":[{"embeddable":true,"href":"https:\/\/multihoster.org\/es\/wp-json\/wp\/v2\/comments?post=3859"}],"version-history":[{"count":4,"href":"https:\/\/multihoster.org\/es\/wp-json\/wp\/v2\/pages\/3859\/revisions"}],"predecessor-version":[{"id":5482,"href":"https:\/\/multihoster.org\/es\/wp-json\/wp\/v2\/pages\/3859\/revisions\/5482"}],"wp:attachment":[{"href":"https:\/\/multihoster.org\/es\/wp-json\/wp\/v2\/media?parent=3859"}],"curies":[{"name":"wp","href":"https:\/\/api.w.org\/{rel}","templated":true}]}}