{"id":3892,"date":"2020-04-17T09:59:54","date_gmt":"2020-04-17T09:59:54","guid":{"rendered":"https:\/\/multihoster.org\/clicknupload\/"},"modified":"2020-06-01T12:17:27","modified_gmt":"2020-06-01T12:17:27","slug":"clicknupload","status":"publish","type":"page","link":"https:\/\/multihoster.org\/es\/clicknupload\/","title":{"rendered":"Clicknupload Premium Cuenta: El Filehoster De Un Vistazo"},"content":{"rendered":"<a class=\"maxbutton-2 maxbutton maxbutton-cta\" target=\"_blank\" rel=\"nofollow noopener\" href=\"\/go\/\"><span class='mb-text'>&gt;&gt; Ir a la p\u00e1gina web original de Linkifier<\/span><\/a>\n\n\n<p><\/p>\n\n\n\n<h2>\u00bfQu\u00e9 es Clicknupload?<\/h2>\n\n\n\n<p>Clicknupload es una plataforma de alojamiento de archivos que proporciona almacenamiento en nube sin fin, capacidad de reserva remota, carga avanzada y accesorios de descarga. A trav\u00e9s de la utilizaci\u00f3n de Clicknupload, los usuarios est\u00e1n habilitados para alojar archivos en la misma posici\u00f3n, desde audios, videos, im\u00e1genes, e incluso flash.<\/p>\n\n\n\n<h2>\u00bfPor qu\u00e9 deber\u00edas utilizar Clicknupload?<\/h2>\n\n\n\n<figure class=\"wp-block-table\"><table><tbody><tr><td>Si alguna vez necesitas transferir datos que son demasiado grandes para la capacidad de un correo electr\u00f3nico, Clicknupload puede acomodarte con eso.<br> Si alguna vez quieres un espacio de almacenamiento remoto confiable para reservas fuera de sitio, Clicknupload puede mostrarte varias soluciones para eso.<br> Si desea que sus datos personales sean accesibles en sus diversos dispositivos y no le gusta la molestia de tener siempre una unidad flash, Clicknupload es la plataforma m\u00e1s precisa y fiable para guardar sus datos.<\/td><\/tr><\/tbody><\/table><\/figure>\n\n\n\n<p>Clicknupload ha estado sirviendo a los usuarios con muchas soluciones para sus datos esenciales e importantes. Los usuarios pueden guardar sus datos en l\u00ednea con confianza y acceder f\u00e1cilmente a diversos archivos dondequiera y cuando quiera. La utilizaci\u00f3n de Clicknupload tambi\u00e9n puede evitar que sus archivos se corrompan en su escritorio o que no puedan acceder a ellos debido a da\u00f1os en el dispositivo.<\/p>\n\n\n\n<figure class=\"wp-block-image\"><img src=\"https:\/\/lh6.googleusercontent.com\/UhJNUugnwMNpbPDoJ1eOguFF5vUSWFi3bUrpmpwKyASh39nNxGlg2c7APfswk_wW2zT9M72P_U3MwUh5V4HfjLqOZ-kup7iQ-1V79YY8354J2_X72oT0aMQYPlBMTJGOhOXwYws\" alt=\"Clicknupload Link Checker\"\/><\/figure>\n\n\n\n<h2>Cuenta Premium Clicknupload<\/h2>\n\n\n\n<p>Los generadores de enlaces ClicknUpload Premium utilizan las cuentas ClicknUpload premium para transformar sus enlaces ClicknUpload en enlaces ininterrumpidos HTTP. La plataforma es accesible para todos, disponible para todas las cuentas. Un individuo puede utilizarla sin costo alguno. Sin embargo, el hecho de tener una cuenta premium ClicknUpload le permite experimentar y recibir varios beneficios importantes.<\/p>\n\n\n\n<figure class=\"wp-block-table\"><table><tbody><tr><td><br><\/td><td><br><\/td><td>Tama\u00f1o m\u00e1ximo del archivo<\/td><td>Ancho de banda<\/td><td>N\u00famero m\u00e1ximo de archivos<\/td><\/tr><tr><td>01<\/td><td>CBoxEra<\/td><td>5 Gigabytes<\/td><td>25 Gigabyte<\/td><td>1 enlace\/5 minutos<\/td><\/tr><tr><td>02<\/td><td>CBoxPremiumLeech<\/td><td>2 Gigabytes<\/td><td>20 Gigabytes<\/td><td>1 enlace\/3 minutos<\/td><\/tr><tr><td>03<\/td><td>Leech360<\/td><td>5 Gigabyte<\/td><td>10 Gigabytes<\/td><td>1 enlace\/2 min, 50GB\/d\u00eda<\/td><\/tr><tr><td>04<\/td><td>LeechPremium<\/td><td>Ilimitado<\/td><td>Ilimitado<\/td><td>Ilimitado (no hagas spam)<\/td><\/tr><tr><td>05<\/td><td>OnLeech<\/td><td>10 Gigabytes<\/td><td>25 Gigabytes<\/td><td>2 enlaces\/5 minutos<\/td><\/tr><\/tbody><\/table><\/figure>\n\n\n\n<h2>Gana dinero con el programa Pay Per Download de Clicknupload<\/h2>\n\n\n\n<figure class=\"wp-block-table\"><table><tbody><tr><td>NIVELES<\/td><td>PRECIO<\/td><td>PA\u00cdSES<\/td><\/tr><tr><td>Nivel 1<\/td><td>50 d\u00f3lares<\/td><td>Estados Unidos, Reino Unido, Canad\u00e1, Australia<\/td><\/tr><tr><td>Nivel 2<\/td><td>30 d\u00f3lares<\/td><td>Suecia, Dinamarca, Francia, Alemania, Suiza, Finlandia, Austria, Arabia Saudita<\/td><\/tr><tr><td>Nivel 3<\/td><td>30 d\u00f3lares<\/td><td>Pa\u00edses Bajos, Espa\u00f1a, B\u00e9lgica, Argentina, Emiratos \u00c1rabes Unidos, Irlanda, Italia, Noruega, Turqu\u00eda, Jap\u00f3n<\/td><\/tr><tr><td>Nivel 4<\/td><td>7 d\u00f3lares<\/td><td>India, Pakist\u00e1n, Indonesia, Bangladesh y todos los dem\u00e1s pa\u00edses<\/td><\/tr><\/tbody><\/table><\/figure>\n\n\n\n<p>Aunque ganar dinero es realmente algo bueno, hay reglas y requisitos para que puedas obtener beneficios dentro del programa. A continuaci\u00f3n se indica lo siguiente:<\/p>\n\n\n\n<ul><li>Cada grado de Tiers est\u00e1 registrado para 10.000 descargas.<\/li><li> Las descargas se registran hasta tres veces cada 24 horas por direcci\u00f3n IP.<\/li><li> La medida del archivo debe ser de 5 Megabytes o m\u00e1s para ser compensado.<\/li><li> La cantidad m\u00ednima de retiro de ganancias es de 10 USD.<\/li><li> Los pagos de las ganancias s\u00f3lo pueden ser procesados dos veces al mes. <\/li><li> Clicknupload paga a trav\u00e9s de WebMoney y PayPal. En algunas condiciones especiales, los pagos pueden ser enviados en Bitcoin o Ethereum.<\/li><li> Aseg\u00farate de tener los registros en tu cuenta cuando transfieras tu solicitud de pago a Clicknupload para establecer el tr\u00e1fico si es necesario.<\/li><li> Aventurarse a obtener ingresos empleando pr\u00e1cticas poco \u00e9ticas o enga\u00f1osas ocurrir\u00e1 en una suspensi\u00f3n instant\u00e1nea de la cuenta.<\/li><li> La manipulaci\u00f3n del tr\u00e1fico o el tr\u00e1fico que se genera a trav\u00e9s de las puntuaciones programadas no est\u00e1 fuertemente permitido.<\/li><li> Todos los asociados deben cumplir y seguir los t\u00e9rminos y condiciones de Clicknupload.<\/li><li> Si no se siguen los t\u00e9rminos y condiciones, puede resultar en una suspensi\u00f3n moment\u00e1nea o en la terminaci\u00f3n perpetua de una cuenta.<\/li><li> Clicknupload se reserva el poder de revisar el programa de dinero y la fecha de pago en cualquier momento sin previo aviso.<\/li><\/ul>\n\n\n\n<h2>Protocolo de Clicknupload<\/h2>\n\n\n\n<p>Si bien Clicknupload ofrece servicios a sus usuarios, por otra parte, el usuario se deja regular por los cursos y disposiciones posteriores:<\/p>\n\n\n\n<ol><li>Tienen el poder de perjudicar la vinculaci\u00f3n directa en las cuentas de usuarios que utilizan un ancho de banda innecesario o que explotan el sistema de manera diferente.<\/li><li> Im\u00e1genes sexuales, pornograf\u00eda, desnudos, y todo tipo de im\u00e1genes o videos obscenos est\u00e1n prohibidos. Los archivos con derechos de autor tambi\u00e9n est\u00e1n estrictamente prohibidos. <\/li><li> Clicknupload tiene el poder de determinar el contenido apropiado, y pueden eliminar im\u00e1genes o videos todo el tiempo, incluso si no hay consentimiento y notificaci\u00f3n al usuario.<\/li><li> Los titulares de las cuentas deben cumplir con todas las reglas que se refieren a su \u00e1rea, tambi\u00e9n con las leyes de marcas y derechos de autor. No se permiten las im\u00e1genes, archivos y v\u00eddeos que infrinjan las marcas comerciales o los derechos de autor. Si alguien tiene una acusaci\u00f3n de violaci\u00f3n hacia usted, se le pedir\u00e1 que transfiera los datos con derechos de autor hasta que el asunto se resuelva. Si hay un desacuerdo entre los miembros de esta plataforma, Clicknupload no tiene la responsabilidad de comprometerse.<\/li><li> Clicknupload no se hace responsable de sus fotos, archivos o videos o cualquier mercado destruido debido a la falta de disponibilidad o fallo del sitio web. No ejecutan ning\u00fan derecho de probable autenticidad en el alojamiento, servicio o almacenamiento de sus im\u00e1genes, archivos o videos. <\/li><li> Clicknupload se dedica a apoyar a quien sea y a todos los funcionarios legales si se produce un examen.<\/li><\/ol>\n\n\n\n<figure class=\"wp-block-image\"><img src=\"https:\/\/lh5.googleusercontent.com\/hptaBgjR67jcytcbYjsQUrp38iUUKzPFBemJMkuuQ1r7HnRwesJYV0bVLNzEOprkdlAR4cC_G0pnKCvdngSXyCGmgAHybT_YHRCCCB5luxH6KbAnPPS1HhQ3YO0rzlRF-AVgnWw\" alt=\"Clicknupload FAQs\"\/><\/figure>\n\n\n\n<h2>Preguntas frecuentes de Clicknupload<\/h2>\n\n\n<a class=\"maxbutton-2 maxbutton maxbutton-cta\" target=\"_blank\" rel=\"nofollow noopener\" href=\"\/go\/\"><span class='mb-text'>&gt;&gt; Ir a la p\u00e1gina web original de Linkifier<\/span><\/a>\n\n\n<p><\/p>\n\n\n\n<h3><strong>\u00bfQu\u00e9 variedad de datos se pueden almacenar en la plataforma?<\/strong><\/h3>\n\n\n\n<p>Todo tipo de archivos o datos pueden ser subidos y almacenados en Clicknupload. Desde las im\u00e1genes de los eventos hasta los documentos esenciales y significativos, todo puede ser subido en la plataforma de alojamiento de hile. Sin embargo, las \u00fanicas excepciones son los archivos o datos que contengan o muestren im\u00e1genes sexuales, desnudos, pornograf\u00eda, y cualquier forma que sea un elemento ofensivo, y por \u00faltimo pero no menos importante, tampoco se aceptan materiales con derechos de autor.<\/p>\n\n\n\n<h3><strong>\u00bfC\u00f3mo puedo eliminar el archivo que he subido?<\/strong><\/h3>\n\n\n\n<p>La primera cosa que debe tener para eliminar un archivo es el \u00abEnlace de Eliminaci\u00f3n\u00bb que se proporciona despu\u00e9s de que se completa un proceso de carga. Debes tomar nota de ello si existe la posibilidad de que necesites subir el archivo temporalmente, o si sientes la necesidad de eliminarlo en tu propio tiempo. Pero no se preocupe si no pudo guardar el enlace para su eliminaci\u00f3n, los archivos tienen una fecha de caducidad por lo que se programar\u00e1 para ser eliminado de la plataforma en el futuro. Los usuarios pueden gestionar sus datos c\u00f3modamente en cualquier momento del d\u00eda a trav\u00e9s de la secci\u00f3n \u00abMis Archivos\u00bb.<\/p>\n\n\n\n<h3><strong>\u00bfHay alguna posibilidad de que pueda hacer un hotlink de los diferentes archivos que he subido?<\/strong><\/h3>\n\n\n\n<p>El \u00abhotlinking\u00bb se produce cuando diferentes plataformas se conectan instant\u00e1neamente a los archivos de su red, principalmente v\u00eddeos y\/o im\u00e1genes. Cuando un usuario establece un enlace directo con uno de sus archivos, est\u00e1 utilizando el enlace directo para ese archivo, y al hacerlo, agota los recursos del servidor o el com\u00fanmente llamado ancho de banda para mostrar ese archivo cada vez que se llega a \u00e9l en su sitio web.<\/p>\n\n\n\n<p>Por lo tanto, Clicknupload no permite esta pr\u00e1ctica de hotlinking en cualquier tipo de archivos que un usuario suba a sus servidores.<\/p>\n\n\n\n<h3><strong>Cierre de seguridad: \u00bfQu\u00e9 es y qu\u00e9 hace cuando est\u00e1 activado?<\/strong><\/h3>\n\n\n\n<p>Tener un bloqueo de seguridad permite a los usuarios proteger su cuenta de los hackers y los intrusos de la cuenta a la vez. Se trata de una configuraci\u00f3n mejorada en la que nadie puede alterar los detalles y la informaci\u00f3n de su cuenta siempre que est\u00e9 activada. Si alguna vez desea desactivar la configuraci\u00f3n de seguridad, primero enviar\u00e1 un mensaje de confirmaci\u00f3n a su correo electr\u00f3nico para una verificaci\u00f3n avanzada.<\/p>\n\n\n\n<h3><strong>Capacidad y limitaci\u00f3n de almacenamiento libre de clics<\/strong><\/h3>\n\n\n\n<p>La parte fant\u00e1stica es que tienes almacenamiento ilimitado para tus archivos. La \u00fanica excepci\u00f3n es que el almacenamiento ilimitado s\u00f3lo se aplica a aquellos archivos que han sido descargados y utilizados activamente. Hacer copias de seguridad de archivos enormes que est\u00e1n inactivos o usar Clicknupload como almacenamiento en fr\u00edo est\u00e1 prohibido y no est\u00e1 permitido en absoluto.<\/p>\n\n\n\n<h3><strong>\u00bfCu\u00e1nta capacidad de descarga y subida para los usuarios gratuitos?<\/strong><\/h3>\n\n\n\n<p>Los usuarios pueden disfrutar de un ancho de banda ilimitado.<\/p>\n\n\n\n<h3><strong>\u00bfCu\u00e1l es el tama\u00f1o m\u00e1ximo de archivo que se puede subir a la plataforma?<\/strong><\/h3>\n\n\n\n<p>Hay dos tipos que pueden determinar el tama\u00f1o m\u00e1ximo del archivo que se puede subir. Primero, si eres un usuario invitado o individuos que no tienen una cuenta registrada en la plataforma, puedes subir libremente un archivo con un tama\u00f1o de 2 Gigabytes, no m\u00e1s. Segundo, para los usuarios registrados, tienen la capacidad de subir archivos de 3 Gigabytes de tama\u00f1o. Por \u00faltimo, si eres un usuario premium, puedes subir archivos con un tama\u00f1o de 15 Gigabytes.<\/p>\n\n\n\n<h3><strong>\u00bfClicknupload permite subir varios archivos? Si es as\u00ed, \u00bfcu\u00e1ntos archivos puedo subir de una vez?<\/strong><\/h3>\n\n\n\n<p>Los usuarios invitados y los usuarios registrados pueden subir tantos archivos como puedan, aunque, en el caso de los usuarios invitados, la descarga de m\u00faltiples archivos se establece en 10 archivos por carga, y los usuarios registrados pueden subir 20 archivos al mismo tiempo. En el caso de las cuentas Clicknupload Premium, tienen la capacidad de subir 30 archivos a la vez.<\/p>\n\n\n\n<h3><strong>\u00bfQu\u00e9 hay de las limitaciones de velocidad de carga o descarga?<\/strong><\/h3>\n\n\n\n<p>Por el momento, Clicknupload no tiene ninguna limitaci\u00f3n; puede ser para invitados o usuarios registrados. Ambos usuarios se encuentran con la misma velocidad para las descargas o subidas.<\/p>\n\n\n\n<h3><strong>\u00bfCu\u00e1nto tiempo dura el alojamiento de un archivo en la plataforma?<\/strong><\/h3>\n\n\n\n<p>Por suerte, los archivos est\u00e1n siempre alojados en la plataforma. S\u00ed, as\u00ed es. Pero hay una excepci\u00f3n como siempre. Los archivos pueden ser removidos por la administraci\u00f3n una vez que verifiquen que es un \u00abarchivo inactivo\u00bb. Los archivos inactivos subidos por los usuarios registrados ser\u00e1n eliminados despu\u00e9s de 20 o 30 d\u00edas de inactividad. Los archivos inactivos de los hu\u00e9spedes se eliminan despu\u00e9s de una semana.<\/p>\n\n\n\n<h3><strong>\u00bfTiene Clicknupload una pol\u00edtica de privacidad?<\/strong><\/h3>\n\n\n\n<p>S\u00ed, tiene una fuerte pol\u00edtica de privacidad. Con un gran respeto hacia cada usuario, cada privacidad es importante para ellos. Nunca enviar\u00e1n o transferir\u00e1n ning\u00fan dato proporcionado por los usuarios a servicios de terceros.<\/p>\n\n\n\n<h3><strong>Necesito m\u00e1s ayuda. \u00bfQu\u00e9 debo hacer?<\/strong><\/h3>\n\n\n\n<p>La plataforma se esfuerza por ofrecer un servicio de atenci\u00f3n al cliente excepcional. As\u00ed, tienen su p\u00e1gina de contacto donde los usuarios pueden rellenar el formulario de contacto y discutir m\u00e1s a fondo los asuntos que quieren dirigir al equipo de soporte t\u00e9cnico. El contacto r\u00e1pido y puntual se observa estrictamente.<\/p>\n\n\n\n<figure class=\"wp-block-image\"><img src=\"https:\/\/lh5.googleusercontent.com\/i9vFX3xsoZZydjUkpescbTXfR-C-tHF1RJUB3wS4oeEAXKkrLp8JMGf1l-Bwn26ddxgncxf30Y-kH_-S9knBsSPpUrNHUrqSrzln8YUXASjJUcOwANJ1jyJuveierDOqJg0qSRw\" alt=\"ClicknUpload Upload Page\"\/><\/figure>\n\n\n\n<h2>Clicknupload: Resumen<\/h2>\n\n\n\n<p>En general, Clicknupload es simplemente un proveedor de alojamiento de archivos \u00fanico. Este sitio o sistema permite a un usuario hacer dinero con sus archivos, as\u00ed que qui\u00e9n no estar\u00eda feliz de utilizar tal sistema. Tienen reglas y regulaciones estrictas que genuinamente buscan la seguridad de cada usuario, y eso por s\u00ed solo es un factor y un avance que uno deber\u00eda usar, y especialmente, es gratis. Para un uso m\u00e1s avanzado, la cuenta Premium de Clicknupload deber\u00eda estar disponible.<\/p>\n\n\n\n<p>Clicknupload no se detiene ah\u00ed, y siempre se aseguran de que la experiencia del usuario sea \u00fanica. Ellos creen que los clientes deben ser la cima de todo. La plataforma se esfuerza por ofrecer m\u00e1s innovaci\u00f3n y avance a todos sus usuarios para simplemente hacerles la vida m\u00e1s f\u00e1cil que antes. Sin necesidad de llevar una unidad flash o preocuparse por si su escritorio se bloquea, Clicknupload se asegura de tener una copia de seguridad de sus archivos importantes a la que se puede acceder en cualquier dispositivo en cualquier momento.<\/p>\n\n\n\n<h2>Referencias:<\/h2>\n\n\n\n<ul><li> <a href=\"https:\/\/www.techopedia.com\/definition\/25310\/file-hosting-service\">https:\/\/www.techopedia.com\/definition\/25310\/file-hosting-service<\/a><\/li><li> <a href=\"https:\/\/ppcmode.com\/direct-linking\">https:\/\/ppcmode.com\/direct-linking<\/a><\/li><li> <a href=\"http:\/\/leechvip.net\/?ClicknUpload\">http:\/\/leechvip.net\/?ClicknUpload<\/a><\/li><li> <a href=\"http:\/\/www.networksolutions.com\/support\/what-is-hotlinking\/\">http:\/\/www.networksolutions.com\/support\/what-is-hotlinking\/<\/a><\/li><li> <a href=\"https:\/\/searchstorage.techtarget.com\/definition\/cold-storage\">https:\/\/searchstorage.techtarget.com\/definition\/cold-storage<\/a><\/li><\/ul>\n\n\n<a class=\"maxbutton-2 maxbutton maxbutton-cta\" target=\"_blank\" rel=\"nofollow noopener\" href=\"\/go\/\"><span class='mb-text'>&gt;&gt; Ir a la p\u00e1gina web original de Linkifier<\/span><\/a>\n\n\n<p><\/p>\n","protected":false},"excerpt":{"rendered":"<p>\u00bfQu\u00e9 es Clicknupload? Clicknupload es una plataforma de alojamiento de archivos que proporciona almacenamiento en nube sin fin, capacidad de<\/p>\n","protected":false},"author":2,"featured_media":0,"parent":0,"menu_order":0,"comment_status":"closed","ping_status":"closed","template":"","meta":[],"yoast_head":"<!-- This site is optimized with the Yoast SEO plugin v18.3 - https:\/\/yoast.com\/wordpress\/plugins\/seo\/ -->\n<title>Clicknupload Premium Cuenta: El Filehoster De Un Vistazo<\/title>\n<meta name=\"description\" content=\"\u00bfEs Clicknupload un proveedor de confianza o no, puedes encontrar la respuesta en el test actual en Multihoster.org \u279c Haz clic ahora \u271a para leer nuestras experiencias!\" \/>\n<meta name=\"robots\" content=\"index, follow, max-snippet:-1, max-image-preview:large, max-video-preview:-1\" \/>\n<link rel=\"canonical\" href=\"https:\/\/multihoster.org\/es\/clicknupload\/\" \/>\n<meta property=\"og:locale\" content=\"es_ES\" \/>\n<meta property=\"og:type\" content=\"article\" \/>\n<meta property=\"og:title\" content=\"Clicknupload Premium Cuenta: El Filehoster De Un Vistazo\" \/>\n<meta property=\"og:description\" content=\"\u00bfEs Clicknupload un proveedor de confianza o no, puedes encontrar la respuesta en el test actual en Multihoster.org \u279c Haz clic ahora \u271a para leer nuestras experiencias!\" \/>\n<meta property=\"og:url\" content=\"https:\/\/multihoster.org\/es\/clicknupload\/\" \/>\n<meta property=\"og:site_name\" content=\"Multihoster.org\" \/>\n<meta property=\"article:modified_time\" content=\"2020-06-01T12:17:27+00:00\" \/>\n<meta property=\"og:image\" content=\"https:\/\/lh6.googleusercontent.com\/UhJNUugnwMNpbPDoJ1eOguFF5vUSWFi3bUrpmpwKyASh39nNxGlg2c7APfswk_wW2zT9M72P_U3MwUh5V4HfjLqOZ-kup7iQ-1V79YY8354J2_X72oT0aMQYPlBMTJGOhOXwYws\" \/>\n<meta name=\"twitter:card\" content=\"summary\" \/>\n<meta name=\"twitter:label1\" content=\"Tiempo de lectura\" \/>\n\t<meta name=\"twitter:data1\" content=\"10 minutos\" \/>\n<script type=\"application\/ld+json\" class=\"yoast-schema-graph\">{\"@context\":\"https:\/\/schema.org\",\"@graph\":[{\"@type\":\"WebSite\",\"@id\":\"https:\/\/multihoster.org\/#website\",\"url\":\"https:\/\/multihoster.org\/\",\"name\":\"Multihoster.org\",\"description\":\"Reviews of the major Filehosting services\",\"potentialAction\":[{\"@type\":\"SearchAction\",\"target\":{\"@type\":\"EntryPoint\",\"urlTemplate\":\"https:\/\/multihoster.org\/?s={search_term_string}\"},\"query-input\":\"required name=search_term_string\"}],\"inLanguage\":\"es\"},{\"@type\":\"ImageObject\",\"@id\":\"https:\/\/multihoster.org\/es\/clicknupload\/#primaryimage\",\"inLanguage\":\"es\",\"url\":\"https:\/\/lh6.googleusercontent.com\/UhJNUugnwMNpbPDoJ1eOguFF5vUSWFi3bUrpmpwKyASh39nNxGlg2c7APfswk_wW2zT9M72P_U3MwUh5V4HfjLqOZ-kup7iQ-1V79YY8354J2_X72oT0aMQYPlBMTJGOhOXwYws\",\"contentUrl\":\"https:\/\/lh6.googleusercontent.com\/UhJNUugnwMNpbPDoJ1eOguFF5vUSWFi3bUrpmpwKyASh39nNxGlg2c7APfswk_wW2zT9M72P_U3MwUh5V4HfjLqOZ-kup7iQ-1V79YY8354J2_X72oT0aMQYPlBMTJGOhOXwYws\"},{\"@type\":\"WebPage\",\"@id\":\"https:\/\/multihoster.org\/es\/clicknupload\/#webpage\",\"url\":\"https:\/\/multihoster.org\/es\/clicknupload\/\",\"name\":\"Clicknupload Premium Cuenta: El Filehoster De Un Vistazo\",\"isPartOf\":{\"@id\":\"https:\/\/multihoster.org\/#website\"},\"primaryImageOfPage\":{\"@id\":\"https:\/\/multihoster.org\/es\/clicknupload\/#primaryimage\"},\"datePublished\":\"2020-04-17T09:59:54+00:00\",\"dateModified\":\"2020-06-01T12:17:27+00:00\",\"description\":\"\u00bfEs Clicknupload un proveedor de confianza o no, puedes encontrar la respuesta en el test actual en Multihoster.org \u279c Haz clic ahora \u271a para leer nuestras experiencias!\",\"breadcrumb\":{\"@id\":\"https:\/\/multihoster.org\/es\/clicknupload\/#breadcrumb\"},\"inLanguage\":\"es\",\"potentialAction\":[{\"@type\":\"ReadAction\",\"target\":[\"https:\/\/multihoster.org\/es\/clicknupload\/\"]}]},{\"@type\":\"BreadcrumbList\",\"@id\":\"https:\/\/multihoster.org\/es\/clicknupload\/#breadcrumb\",\"itemListElement\":[{\"@type\":\"ListItem\",\"position\":1,\"name\":\"Startseite\",\"item\":\"https:\/\/multihoster.org\/es\/\"},{\"@type\":\"ListItem\",\"position\":2,\"name\":\"Clicknupload Premium Cuenta: El Filehoster De Un Vistazo\"}]}]}<\/script>\n<!-- \/ Yoast SEO plugin. -->","yoast_head_json":{"title":"Clicknupload Premium Cuenta: El Filehoster De Un Vistazo","description":"\u00bfEs Clicknupload un proveedor de confianza o no, puedes encontrar la respuesta en el test actual en Multihoster.org \u279c Haz clic ahora \u271a para leer nuestras experiencias!","robots":{"index":"index","follow":"follow","max-snippet":"max-snippet:-1","max-image-preview":"max-image-preview:large","max-video-preview":"max-video-preview:-1"},"canonical":"https:\/\/multihoster.org\/es\/clicknupload\/","og_locale":"es_ES","og_type":"article","og_title":"Clicknupload Premium Cuenta: El Filehoster De Un Vistazo","og_description":"\u00bfEs Clicknupload un proveedor de confianza o no, puedes encontrar la respuesta en el test actual en Multihoster.org \u279c Haz clic ahora \u271a para leer nuestras experiencias!","og_url":"https:\/\/multihoster.org\/es\/clicknupload\/","og_site_name":"Multihoster.org","article_modified_time":"2020-06-01T12:17:27+00:00","og_image":[{"url":"https:\/\/lh6.googleusercontent.com\/UhJNUugnwMNpbPDoJ1eOguFF5vUSWFi3bUrpmpwKyASh39nNxGlg2c7APfswk_wW2zT9M72P_U3MwUh5V4HfjLqOZ-kup7iQ-1V79YY8354J2_X72oT0aMQYPlBMTJGOhOXwYws"}],"twitter_card":"summary","twitter_misc":{"Tiempo de lectura":"10 minutos"},"schema":{"@context":"https:\/\/schema.org","@graph":[{"@type":"WebSite","@id":"https:\/\/multihoster.org\/#website","url":"https:\/\/multihoster.org\/","name":"Multihoster.org","description":"Reviews of the major Filehosting services","potentialAction":[{"@type":"SearchAction","target":{"@type":"EntryPoint","urlTemplate":"https:\/\/multihoster.org\/?s={search_term_string}"},"query-input":"required name=search_term_string"}],"inLanguage":"es"},{"@type":"ImageObject","@id":"https:\/\/multihoster.org\/es\/clicknupload\/#primaryimage","inLanguage":"es","url":"https:\/\/lh6.googleusercontent.com\/UhJNUugnwMNpbPDoJ1eOguFF5vUSWFi3bUrpmpwKyASh39nNxGlg2c7APfswk_wW2zT9M72P_U3MwUh5V4HfjLqOZ-kup7iQ-1V79YY8354J2_X72oT0aMQYPlBMTJGOhOXwYws","contentUrl":"https:\/\/lh6.googleusercontent.com\/UhJNUugnwMNpbPDoJ1eOguFF5vUSWFi3bUrpmpwKyASh39nNxGlg2c7APfswk_wW2zT9M72P_U3MwUh5V4HfjLqOZ-kup7iQ-1V79YY8354J2_X72oT0aMQYPlBMTJGOhOXwYws"},{"@type":"WebPage","@id":"https:\/\/multihoster.org\/es\/clicknupload\/#webpage","url":"https:\/\/multihoster.org\/es\/clicknupload\/","name":"Clicknupload Premium Cuenta: El Filehoster De Un Vistazo","isPartOf":{"@id":"https:\/\/multihoster.org\/#website"},"primaryImageOfPage":{"@id":"https:\/\/multihoster.org\/es\/clicknupload\/#primaryimage"},"datePublished":"2020-04-17T09:59:54+00:00","dateModified":"2020-06-01T12:17:27+00:00","description":"\u00bfEs Clicknupload un proveedor de confianza o no, puedes encontrar la respuesta en el test actual en Multihoster.org \u279c Haz clic ahora \u271a para leer nuestras experiencias!","breadcrumb":{"@id":"https:\/\/multihoster.org\/es\/clicknupload\/#breadcrumb"},"inLanguage":"es","potentialAction":[{"@type":"ReadAction","target":["https:\/\/multihoster.org\/es\/clicknupload\/"]}]},{"@type":"BreadcrumbList","@id":"https:\/\/multihoster.org\/es\/clicknupload\/#breadcrumb","itemListElement":[{"@type":"ListItem","position":1,"name":"Startseite","item":"https:\/\/multihoster.org\/es\/"},{"@type":"ListItem","position":2,"name":"Clicknupload Premium Cuenta: El Filehoster De Un Vistazo"}]}]}},"_links":{"self":[{"href":"https:\/\/multihoster.org\/es\/wp-json\/wp\/v2\/pages\/3892"}],"collection":[{"href":"https:\/\/multihoster.org\/es\/wp-json\/wp\/v2\/pages"}],"about":[{"href":"https:\/\/multihoster.org\/es\/wp-json\/wp\/v2\/types\/page"}],"author":[{"embeddable":true,"href":"https:\/\/multihoster.org\/es\/wp-json\/wp\/v2\/users\/2"}],"replies":[{"embeddable":true,"href":"https:\/\/multihoster.org\/es\/wp-json\/wp\/v2\/comments?post=3892"}],"version-history":[{"count":2,"href":"https:\/\/multihoster.org\/es\/wp-json\/wp\/v2\/pages\/3892\/revisions"}],"predecessor-version":[{"id":4649,"href":"https:\/\/multihoster.org\/es\/wp-json\/wp\/v2\/pages\/3892\/revisions\/4649"}],"wp:attachment":[{"href":"https:\/\/multihoster.org\/es\/wp-json\/wp\/v2\/media?parent=3892"}],"curies":[{"name":"wp","href":"https:\/\/api.w.org\/{rel}","templated":true}]}}