{"id":3938,"date":"2020-04-17T12:53:08","date_gmt":"2020-04-17T12:53:08","guid":{"rendered":"https:\/\/multihoster.org\/novamov\/"},"modified":"2020-04-22T15:18:44","modified_gmt":"2020-04-22T15:18:44","slug":"novamov","status":"publish","type":"page","link":"https:\/\/multihoster.org\/es\/novamov\/","title":{"rendered":"Novamov Premium Cuenta: El Filehoster De Un Vistazo"},"content":{"rendered":"\n<div class=\"wp-block-image\"><figure class=\"alignleft is-resized\"><img loading=\"lazy\" src=\"https:\/\/lh5.googleusercontent.com\/GEGPeWo_cWM4l1VHOyZGKI8iqjxPtmhqBonZwk9iL61NE2uaxrHmbfIXV7K51gYNic8K3vLA-auV1P1LvBH8gTHRgP6iYFCXEbf2phO325P-wCCXA7FH9fWrFrXH08HyES-oYE0g\" alt=\"Novamov official website\" width=\"297\" height=\"188\"\/><\/figure><\/div>\n\n\n\n<p>Novamov es uno de los sitios que los usuarios van a los videos de streaming o a buscar un archivo. Los usuarios pueden encontrar archivos de v\u00eddeo para transmitir o verlos en l\u00ednea de forma gratuita, como por ejemplo, transmisiones sobre software, m\u00fasica, documentales, juegos o cualquier g\u00e9nero de pel\u00edculas o v\u00eddeos. <\/p>\n\n\n\n<p>El sitio de Novamov es f\u00e1cil de navegar y se puede acceder a \u00e9l desde los navegadores de los dispositivos de los usuarios que tengan una conexi\u00f3n a Internet.<\/p>\n\n\n\n<p>Adem\u00e1s, Novamov tiene una funci\u00f3n para el directorio de archivos que se divide en seis (6) categor\u00edas, que son el software, la m\u00fasica, los documentos, los v\u00eddeos, los v\u00eddeos en streaming y los juegos. Los usuarios pueden buscar all\u00ed un archivo introduciendo palabras o palabras en el campo de b\u00fasqueda y pulsar la tecla \u00abIntro\u00bb o hacer clic en el bot\u00f3n \u00abIr\u00bb para buscar.<\/p>\n\n\n\n<p>Los archivos del sitio de Novamov en la p\u00e1gina de directorio est\u00e1n ordenados por lo siguiente:<\/p>\n\n\n\n<ul><li>Clasificado por la recencia de los archivos.<\/li><li>Ordenar por los archivos seg\u00fan su nombre de archivo alfab\u00e9ticamente de la A a la Z o de la Z a la A en orden inverso.<\/li><li>Ordenar por el tama\u00f1o de los archivos. (para archivos grandes y peque\u00f1os)<\/li><\/ul>\n\n\n<a class=\"maxbutton-2 maxbutton maxbutton-cta\" target=\"_blank\" rel=\"nofollow noopener\" href=\"\/go\/\"><span class='mb-text'>&gt;&gt; Ir a la p\u00e1gina web original de Linkifier <\/span><\/a>\n\n\n<p><\/p>\n\n\n\n<h2>Novamov Premium Cuenta<\/h2>\n\n\n\n<p>Novamov tiene dos cuentas que son la Cuenta Gratuita o la Cuenta Premium. Los usuarios que utilizan la cuenta gratuita s\u00f3lo pueden acceder a funciones y servicios limitados para el streaming en el sitio de Novamov, mientras que los usuarios que se registraron para la cuenta premium tienen acceso ilimitado para todo ello. Por favor, vea a continuaci\u00f3n la ventaja de ser un usuario premium.<\/p>\n\n\n\n<h3>Los beneficios de la cuenta Premium de Novamov<\/h3>\n\n\n\n<ul><li>No hay anuncios y no hay captchas en las p\u00e1ginas web de su sitio.<\/li><li>Los videos se transmiten a una velocidad muy alta.<\/li><li>Los usuarios pueden descargar cualquier archivo de video del sitio de Novamov usando el administrador de descargas que quieran.<\/li><li>Los videos que los usuarios pueden transmitir o ver est\u00e1n en alta definici\u00f3n o calidad HD.<\/li><li>Los usuarios pueden ver o transmitir cualquier video sin l\u00edmites.<\/li><li>Los usuarios pueden tener acceso al directorio de la funci\u00f3n de archivos de Novamov.<\/li><\/ul>\n\n\n\n<h2>Descargador de video Novamov<\/h2>\n\n\n\n<p>Si los usuarios quieren descargar un video del sitio de Novamov, pueden usar el Novamov Video Downloader. Para saber c\u00f3mo descargarlo, s\u00f3lo hay que seguir los cinco (5) pasos siguientes.<\/p>\n\n\n\n<p>1. Los usuarios deben descargar e instalar primero el \u00abNovamov Video Downloader\u00bb. Pueden buscar este software a trav\u00e9s de los navegadores web.<\/p>\n\n\n\n<p>2. Despu\u00e9s de que los usuarios hayan descargado e instalado el descargador, ahora pueden ir al enlace del video que los usuarios quieren descargar.<\/p>\n\n\n\n<p>3. Abre el descargador de video de Novamov.<\/p>\n\n\n\n<p>4. La ventana de acceso aparecer\u00e1 en las pantallas de los usuarios. Necesitan introducir la contrase\u00f1a correcta para acceder al descargador.<\/p>\n\n\n\n<p>5. Introduzca el \u00abadmin\/usuario\u00bb para la contrase\u00f1a. <\/p>\n\n\n\n<p>6. Luego, pedir\u00e1 un c\u00f3digo que los usuarios pueden obtener de las \u00faltimas cadenas del enlace del video. Por favor, consulte la imagen de abajo para ver la muestra. C\u00f3pialo.<\/p>\n\n\n\n<figure class=\"wp-block-image\"><img src=\"https:\/\/lh4.googleusercontent.com\/_KDf_hoqc-1nGkhwvfXEE_sF9487xOwiOlqP3Qr_PK9mM13V9dVNmxam6C5OZgK6tmVwILC7ln2qRWOn9XpQtLFp_nBujGZTAswLP3VRtnD2m5ayfzUaF5dzYwIzhZ0Y7xHGGKLW\" alt=\"code link of the video file\"\/><\/figure>\n\n\n\n<p>7. C\u00f3pialo y p\u00e9galo en el campo de \u00abPega el c\u00f3digo aqu\u00ed\u00bb como en la imagen de abajo.<\/p>\n\n\n\n<p>8. Haga clic en el \u00abGet Download Link\u00bb para obtener el archivo de v\u00eddeo a trav\u00e9s del c\u00f3digo.<\/p>\n\n\n\n<figure class=\"wp-block-image is-resized\"><img loading=\"lazy\" src=\"https:\/\/lh4.googleusercontent.com\/RvpR8C_uQY3pR0sRocdQYPzBROkiLXUfiRlfzfsgg4du7skfY_7X6EHSbH18JB7NRIjjX78yXSX_ct1qjjguyrWp_1l8xVgLHDb_mgiq8OjF2YlQMiJ5vC2kXOh6WYjiWwFg3CQY\" alt=\"Get the download link\" width=\"204\" height=\"113\"\/><\/figure>\n\n\n\n<p>9. Haga clic en el enlace \u00abHaga clic aqu\u00ed para descargar el video\u00bb. Entonces, el video comenzar\u00e1 a descargarse. Por favor, vea la imagen de abajo.<\/p>\n\n\n\n<figure class=\"wp-block-image is-resized\"><img loading=\"lazy\" src=\"https:\/\/lh6.googleusercontent.com\/5NOwK2jSWWgV5hVqk9p3RAjblqCX5mfImzd0d4uCCmce1nXjpPT3iBAJ57n9zxIcwasRhxkdXHx2yl9_Vmiqku2wDS-iVyINibd7Bc6sHBuyiDgZIXSvpZFzPGwJ8cLQGTHjErHO\" alt=\"Download the video file\" width=\"206\" height=\"115\"\/><\/figure>\n\n\n\n<p>10. Aparecer\u00e1 la ventana de descarga de archivos. Haga clic en el bot\u00f3n \u00abGuardar\u00bb para continuar la descarga.<\/p>\n\n\n\n<figure class=\"wp-block-image is-resized\"><img loading=\"lazy\" src=\"https:\/\/lh4.googleusercontent.com\/0hzF1tMyFK8VYx5sKPrF2bW3lVh7IOsfsqN7R_1JtRABtDXovPIde8ZTBf7FQcyQUnP14l-vTnhB6lz1thGZ4yC6QRe2sxX5nq3dOgdw8JfPWbGWJArKaq-GoMw8sVfewWR-hfUo\" alt=\"save the video\" width=\"208\" height=\"149\"\/><\/figure>\n\n\n\n<p>11. Por \u00faltimo, espera a que el archivo de v\u00eddeo se descargue completamente.<\/p>\n\n\n\n<figure class=\"wp-block-image is-resized\"><img loading=\"lazy\" src=\"https:\/\/lh5.googleusercontent.com\/V0XJqir-GvdpSkBWIQZpwY6XxP8N1400lRn0ClNXS3DLMDZeynh-RUCV4Ix15JWp2h2PygWUwO-IK7iD72YKvk6j85jax5jNmwVYKm-NdGSaROL8oQU0-c11RBdBS0EIo2Yo7R_i\" alt=\"video is downloading\" width=\"203\" height=\"135\"\/><\/figure>\n\n\n\n<p>Los usuarios pueden ahora disfrutar de la descarga de cualquier archivo de v\u00eddeo que quieran en cualquier momento a trav\u00e9s del software de descarga de v\u00eddeo de la Novamov.<\/p>\n\n\n<a class=\"maxbutton-2 maxbutton maxbutton-cta\" target=\"_blank\" rel=\"nofollow noopener\" href=\"\/go\/\"><span class='mb-text'>&gt;&gt; Ir a la p\u00e1gina web original de Linkifier <\/span><\/a>\n\n\n<h2>Novamov: Sube un video<\/h2>\n\n\n\n<p>Si los usuarios quieren subir un archivo como un video, imagen, audio y flash, pueden subirlos gratis en el sitio de Novamov. <\/p>\n\n\n\n<p>Para subirlo, s\u00f3lo tienes que seguir los seis (6) sencillos pasos que aparecen a continuaci\u00f3n:<\/p>\n\n\n\n<ol><li>Los usuarios deben ingresar primero al sitio de Novamov para subir sus archivos. Deben registrarse si no tienen una cuenta todav\u00eda.<\/li><li>Ve a la p\u00e1gina de Subir del sitio y rellena el formulario all\u00ed (Ver la imagen de abajo)<\/li><li>Los usuarios deben seleccionar su archivo haciendo clic en el bot\u00f3n \u00abElegir archivo\u00bb. El directorio de su dispositivo se mostrar\u00e1 para que puedan localizar el archivo. Luego, haga clic en \u00abOK\u00bb.<\/li><li>Establezca el nombre y el t\u00edtulo del archivo rellenando los campos de t\u00edtulo y descripci\u00f3n.<\/li><li>Elija la categor\u00eda del archivo (software, m\u00fasica, v\u00eddeos en streaming, documentales y juegos).<\/li><li>Haz clic en el bot\u00f3n \u00abCargar\u00bb para iniciar el proceso de carga. Deben esperar hasta que su archivo termine de ser subido.<\/li><\/ol>\n\n\n\n<p>Despu\u00e9s de subir el archivo, se guardar\u00e1 en la base de datos y el servidor de Novamov y se mostrar\u00e1 en el sitio.<\/p>\n\n\n\n<div class=\"wp-block-image\"><figure class=\"alignleft is-resized\"><img loading=\"lazy\" src=\"https:\/\/lh5.googleusercontent.com\/H9yYqkTQDUyuUqt6FnEiav9q6Ifz17QqOi1bX5ghL1Puur1MqNmv21ta68b3ZZkxaoQt3Dri9mVH5ujnVPX7DOtluJ3wJ7UcKJZg_ubufnzHzkLKNv6cbRrjLKWCEPqhlz4UTdjp\" alt=\"Novanov Upload\" width=\"185\" height=\"106\"\/><\/figure><\/div>\n\n\n\n<p>Recuerde: Los usuarios de Novamov est\u00e1n restringidos a subir cualquier archivo que tenga derechos de autor o que tenga relaci\u00f3n con la pornograf\u00eda, la violencia, los asuntos sexuales y ofensivos. Adem\u00e1s, no se les permite utilizar el m\u00e9todo de enlace caliente en la subida. Pueden leer los T\u00e9rminos de Servicio (TOS) de Novamov para saber m\u00e1s sobre esto.<\/p>\n\n\n\n<h2>Novamov: Comparte un video<\/h2>\n\n\n\n<p>Si los usuarios quieren compartir un video del sitio de Novamov, pueden hacer clic en el bot\u00f3n \u00abCompartir en Facebook\u00bb o en el propio icono de compartir para compartirlo en cualquier sitio de medios sociales o correo electr\u00f3nico o blogs o vlogs o sitios de foros.<\/p>\n\n\n\n<h2>Novamov: Gana dinero<\/h2>\n\n\n\n<p>Novamov le da a sus usuarios una forma de ganar dinero. Los usuarios pueden recibir hasta un veinticinco por ciento (25%) por cada mil descargas de archivos y hasta un treinta por ciento (30%) por sus ganancias por referencia.<\/p>\n\n\n\n<h2>Novamov: Accediendo al sitio<\/h2>\n\n\n\n<p>Si los usuarios intentan visitar el sitio de Novamov ahora y no pueden acceder a \u00e9l, es porque el Novamov est\u00e1 ca\u00eddo o se detect\u00f3 que su sitio tiene contenidos con derechos de autor o su dominio ha sido suspendido por el EuroDNS. Por favor, vea la imagen de abajo como referencia.<\/p>\n\n\n\n<p>Si los usuarios son dirigidos al sitio EuroDNS con el mensaje \u00abEste nombre de dominio ha sido suspendido\u00bb, es por lo siguiente:<\/p>\n\n\n\n<ol><li>El due\u00f1o del sitio hizo algunos cambios con sus datos de contacto como su direcci\u00f3n de correo electr\u00f3nico pero se olvid\u00f3 de validarla.<\/li><li>No se ha recibido ning\u00fan pago por el alojamiento del sitio web.<\/li><li>Si el sitio web en el alojamiento web compartido pero su rendimiento es lento o muy bajo.<\/li><li>Si el sitio web viola cualquier derecho de autor o pol\u00edticos.<\/li><\/ol>\n\n\n<a class=\"maxbutton-2 maxbutton maxbutton-cta\" target=\"_blank\" rel=\"nofollow noopener\" href=\"\/go\/\"><span class='mb-text'>&gt;&gt; Ir a la p\u00e1gina web original de Linkifier <\/span><\/a>","protected":false},"excerpt":{"rendered":"<p>Novamov es uno de los sitios que los usuarios van a los videos de streaming o a buscar un archivo.<\/p>\n","protected":false},"author":2,"featured_media":0,"parent":0,"menu_order":0,"comment_status":"closed","ping_status":"closed","template":"","meta":[],"yoast_head":"<!-- This site is optimized with the Yoast SEO plugin v18.3 - https:\/\/yoast.com\/wordpress\/plugins\/seo\/ -->\n<title>Novamov Premium Cuenta \u2013 El Filehoster De Un Vistazo<\/title>\n<meta name=\"description\" content=\"Si Novamov es un proveedor de confianza o no, puedes encontrar la respuesta en el test actual en Multihoster.org \u279c Haz clic ahora \u271a para leer nuestras experiencias!\" \/>\n<meta name=\"robots\" content=\"index, follow, max-snippet:-1, max-image-preview:large, max-video-preview:-1\" \/>\n<link rel=\"canonical\" href=\"https:\/\/multihoster.org\/es\/novamov\/\" \/>\n<meta property=\"og:locale\" content=\"es_ES\" \/>\n<meta property=\"og:type\" content=\"article\" \/>\n<meta property=\"og:title\" content=\"Novamov Premium Cuenta \u2013 El Filehoster De Un Vistazo\" \/>\n<meta property=\"og:description\" content=\"Si Novamov es un proveedor de confianza o no, puedes encontrar la respuesta en el test actual en Multihoster.org \u279c Haz clic ahora \u271a para leer nuestras experiencias!\" \/>\n<meta property=\"og:url\" content=\"https:\/\/multihoster.org\/es\/novamov\/\" \/>\n<meta property=\"og:site_name\" content=\"Multihoster.org\" \/>\n<meta property=\"article:modified_time\" content=\"2020-04-22T15:18:44+00:00\" \/>\n<meta property=\"og:image\" content=\"https:\/\/lh5.googleusercontent.com\/GEGPeWo_cWM4l1VHOyZGKI8iqjxPtmhqBonZwk9iL61NE2uaxrHmbfIXV7K51gYNic8K3vLA-auV1P1LvBH8gTHRgP6iYFCXEbf2phO325P-wCCXA7FH9fWrFrXH08HyES-oYE0g\" \/>\n<meta name=\"twitter:card\" content=\"summary\" \/>\n<meta name=\"twitter:label1\" content=\"Tiempo de lectura\" \/>\n\t<meta name=\"twitter:data1\" content=\"6 minutos\" \/>\n<script type=\"application\/ld+json\" class=\"yoast-schema-graph\">{\"@context\":\"https:\/\/schema.org\",\"@graph\":[{\"@type\":\"WebSite\",\"@id\":\"https:\/\/multihoster.org\/#website\",\"url\":\"https:\/\/multihoster.org\/\",\"name\":\"Multihoster.org\",\"description\":\"Reviews of the major Filehosting services\",\"potentialAction\":[{\"@type\":\"SearchAction\",\"target\":{\"@type\":\"EntryPoint\",\"urlTemplate\":\"https:\/\/multihoster.org\/?s={search_term_string}\"},\"query-input\":\"required name=search_term_string\"}],\"inLanguage\":\"es\"},{\"@type\":\"ImageObject\",\"@id\":\"https:\/\/multihoster.org\/es\/novamov\/#primaryimage\",\"inLanguage\":\"es\",\"url\":\"https:\/\/lh5.googleusercontent.com\/GEGPeWo_cWM4l1VHOyZGKI8iqjxPtmhqBonZwk9iL61NE2uaxrHmbfIXV7K51gYNic8K3vLA-auV1P1LvBH8gTHRgP6iYFCXEbf2phO325P-wCCXA7FH9fWrFrXH08HyES-oYE0g\",\"contentUrl\":\"https:\/\/lh5.googleusercontent.com\/GEGPeWo_cWM4l1VHOyZGKI8iqjxPtmhqBonZwk9iL61NE2uaxrHmbfIXV7K51gYNic8K3vLA-auV1P1LvBH8gTHRgP6iYFCXEbf2phO325P-wCCXA7FH9fWrFrXH08HyES-oYE0g\"},{\"@type\":\"WebPage\",\"@id\":\"https:\/\/multihoster.org\/es\/novamov\/#webpage\",\"url\":\"https:\/\/multihoster.org\/es\/novamov\/\",\"name\":\"Novamov Premium Cuenta \u2013 El Filehoster De Un Vistazo\",\"isPartOf\":{\"@id\":\"https:\/\/multihoster.org\/#website\"},\"primaryImageOfPage\":{\"@id\":\"https:\/\/multihoster.org\/es\/novamov\/#primaryimage\"},\"datePublished\":\"2020-04-17T12:53:08+00:00\",\"dateModified\":\"2020-04-22T15:18:44+00:00\",\"description\":\"Si Novamov es un proveedor de confianza o no, puedes encontrar la respuesta en el test actual en Multihoster.org \u279c Haz clic ahora \u271a para leer nuestras experiencias!\",\"breadcrumb\":{\"@id\":\"https:\/\/multihoster.org\/es\/novamov\/#breadcrumb\"},\"inLanguage\":\"es\",\"potentialAction\":[{\"@type\":\"ReadAction\",\"target\":[\"https:\/\/multihoster.org\/es\/novamov\/\"]}]},{\"@type\":\"BreadcrumbList\",\"@id\":\"https:\/\/multihoster.org\/es\/novamov\/#breadcrumb\",\"itemListElement\":[{\"@type\":\"ListItem\",\"position\":1,\"name\":\"Startseite\",\"item\":\"https:\/\/multihoster.org\/es\/\"},{\"@type\":\"ListItem\",\"position\":2,\"name\":\"Novamov Premium Cuenta: El Filehoster De Un Vistazo\"}]}]}<\/script>\n<!-- \/ Yoast SEO plugin. -->","yoast_head_json":{"title":"Novamov Premium Cuenta \u2013 El Filehoster De Un Vistazo","description":"Si Novamov es un proveedor de confianza o no, puedes encontrar la respuesta en el test actual en Multihoster.org \u279c Haz clic ahora \u271a para leer nuestras experiencias!","robots":{"index":"index","follow":"follow","max-snippet":"max-snippet:-1","max-image-preview":"max-image-preview:large","max-video-preview":"max-video-preview:-1"},"canonical":"https:\/\/multihoster.org\/es\/novamov\/","og_locale":"es_ES","og_type":"article","og_title":"Novamov Premium Cuenta \u2013 El Filehoster De Un Vistazo","og_description":"Si Novamov es un proveedor de confianza o no, puedes encontrar la respuesta en el test actual en Multihoster.org \u279c Haz clic ahora \u271a para leer nuestras experiencias!","og_url":"https:\/\/multihoster.org\/es\/novamov\/","og_site_name":"Multihoster.org","article_modified_time":"2020-04-22T15:18:44+00:00","og_image":[{"url":"https:\/\/lh5.googleusercontent.com\/GEGPeWo_cWM4l1VHOyZGKI8iqjxPtmhqBonZwk9iL61NE2uaxrHmbfIXV7K51gYNic8K3vLA-auV1P1LvBH8gTHRgP6iYFCXEbf2phO325P-wCCXA7FH9fWrFrXH08HyES-oYE0g"}],"twitter_card":"summary","twitter_misc":{"Tiempo de lectura":"6 minutos"},"schema":{"@context":"https:\/\/schema.org","@graph":[{"@type":"WebSite","@id":"https:\/\/multihoster.org\/#website","url":"https:\/\/multihoster.org\/","name":"Multihoster.org","description":"Reviews of the major Filehosting services","potentialAction":[{"@type":"SearchAction","target":{"@type":"EntryPoint","urlTemplate":"https:\/\/multihoster.org\/?s={search_term_string}"},"query-input":"required name=search_term_string"}],"inLanguage":"es"},{"@type":"ImageObject","@id":"https:\/\/multihoster.org\/es\/novamov\/#primaryimage","inLanguage":"es","url":"https:\/\/lh5.googleusercontent.com\/GEGPeWo_cWM4l1VHOyZGKI8iqjxPtmhqBonZwk9iL61NE2uaxrHmbfIXV7K51gYNic8K3vLA-auV1P1LvBH8gTHRgP6iYFCXEbf2phO325P-wCCXA7FH9fWrFrXH08HyES-oYE0g","contentUrl":"https:\/\/lh5.googleusercontent.com\/GEGPeWo_cWM4l1VHOyZGKI8iqjxPtmhqBonZwk9iL61NE2uaxrHmbfIXV7K51gYNic8K3vLA-auV1P1LvBH8gTHRgP6iYFCXEbf2phO325P-wCCXA7FH9fWrFrXH08HyES-oYE0g"},{"@type":"WebPage","@id":"https:\/\/multihoster.org\/es\/novamov\/#webpage","url":"https:\/\/multihoster.org\/es\/novamov\/","name":"Novamov Premium Cuenta \u2013 El Filehoster De Un Vistazo","isPartOf":{"@id":"https:\/\/multihoster.org\/#website"},"primaryImageOfPage":{"@id":"https:\/\/multihoster.org\/es\/novamov\/#primaryimage"},"datePublished":"2020-04-17T12:53:08+00:00","dateModified":"2020-04-22T15:18:44+00:00","description":"Si Novamov es un proveedor de confianza o no, puedes encontrar la respuesta en el test actual en Multihoster.org \u279c Haz clic ahora \u271a para leer nuestras experiencias!","breadcrumb":{"@id":"https:\/\/multihoster.org\/es\/novamov\/#breadcrumb"},"inLanguage":"es","potentialAction":[{"@type":"ReadAction","target":["https:\/\/multihoster.org\/es\/novamov\/"]}]},{"@type":"BreadcrumbList","@id":"https:\/\/multihoster.org\/es\/novamov\/#breadcrumb","itemListElement":[{"@type":"ListItem","position":1,"name":"Startseite","item":"https:\/\/multihoster.org\/es\/"},{"@type":"ListItem","position":2,"name":"Novamov Premium Cuenta: El Filehoster De Un Vistazo"}]}]}},"_links":{"self":[{"href":"https:\/\/multihoster.org\/es\/wp-json\/wp\/v2\/pages\/3938"}],"collection":[{"href":"https:\/\/multihoster.org\/es\/wp-json\/wp\/v2\/pages"}],"about":[{"href":"https:\/\/multihoster.org\/es\/wp-json\/wp\/v2\/types\/page"}],"author":[{"embeddable":true,"href":"https:\/\/multihoster.org\/es\/wp-json\/wp\/v2\/users\/2"}],"replies":[{"embeddable":true,"href":"https:\/\/multihoster.org\/es\/wp-json\/wp\/v2\/comments?post=3938"}],"version-history":[{"count":3,"href":"https:\/\/multihoster.org\/es\/wp-json\/wp\/v2\/pages\/3938\/revisions"}],"predecessor-version":[{"id":4323,"href":"https:\/\/multihoster.org\/es\/wp-json\/wp\/v2\/pages\/3938\/revisions\/4323"}],"wp:attachment":[{"href":"https:\/\/multihoster.org\/es\/wp-json\/wp\/v2\/media?parent=3938"}],"curies":[{"name":"wp","href":"https:\/\/api.w.org\/{rel}","templated":true}]}}