{"id":395,"date":"2018-05-22T16:54:16","date_gmt":"2018-05-22T16:54:16","guid":{"rendered":"https:\/\/multihoster.org\/?page_id=395"},"modified":"2019-03-18T22:11:08","modified_gmt":"2019-03-18T22:11:08","slug":"filefactory","status":"publish","type":"page","link":"https:\/\/multihoster.org\/es\/filefactory\/","title":{"rendered":"Filefactory Premium Account &#8211; El Filehoster de un vistazo"},"content":{"rendered":"<p style=\"text-align: center;\"><span lang=\"de\"><img loading=\"lazy\" class=\"alignleft wp-image-240 size-medium\" src=\"https:\/\/multihoster.org\/wp-content\/uploads\/2018\/05\/filefactory_logo-300x86.jpg\" alt=\"logo\" width=\"300\" height=\"86\" srcset=\"https:\/\/multihoster.org\/wp-content\/uploads\/2018\/05\/filefactory_logo-300x86.jpg 300w, https:\/\/multihoster.org\/wp-content\/uploads\/2018\/05\/filefactory_logo.jpg 365w\" sizes=\"(max-width: 300px) 100vw, 300px\" \/><\/span><\/p>\n<p>En el sitio web de Filefactory, los usuarios pueden cargar archivos y descargar datos de otros usuarios. Adem\u00e1s de la versi\u00f3n premium, que ofrece una velocidad de descarga ilimitada, Filefactory tambi\u00e9n ofrece una gama limitada de servicios gratuitos y ha sido uno de los principales hosters de archivos desde 2005.<\/p>\n\n<p><a class=\"fasc-button fasc-size-xlarge fasc-type-glossy fasc-rounded-medium ico-fa fasc-ico-after fa-share\" style=\"background-color: #3f5f69; color: #ffffff;\" target=\"_blank\" rel=\"nofollow noopener noreferrer\" href=\"https:\/\/multihoster.org\/filefactory\/goto\/\">Ir a FileFactory.com<\/a><\/p>\n<h2 class=\"normal\"><span lang=\"de\">Caracter\u00edsticas positivas del proveedor<br \/>\n<\/span><\/h2>\n<ul>\n<li>Uso gratuito y Cuenta Premium<\/li>\n<li>Compartir datos a trav\u00e9s de una cuenta de medios sociales<\/li>\n<li>Hasta 5 GB por carga<\/li>\n<li>Velocidad m\u00e1xima con la Cuenta Premium<\/li>\n<li>Suscripci\u00f3n anual econ\u00f3mica disponible<\/li>\n<\/ul>\n<h2><span lang=\"de\">La oferta completa de Filefactory de un vistazo<br \/>\n<\/span><\/h2>\n<p class=\"normal\"><span lang=\"de\">Si desea probar primero el servicio de Filefactory, puede crear una cuenta gratuita o conectarse a trav\u00e9s de Facebook, Twitter y Google. Tanto la velocidad de descarga como el n\u00famero de descargas disponibles por hora o d\u00eda pueden ser limitados.<\/span><\/p>\n<p><span lang=\"de\">Si desea descargar o cargar archivos de Filefactory con una velocidad ilimitada durante todo el d\u00eda, puede utilizar el econ\u00f3mico servicio premium.<\/span> Cuatro tarifas est\u00e1n disponibles aqu\u00ed, cada una con una duraci\u00f3n de 30 d\u00edas, 90 d\u00edas y 180 o 365 d\u00edas. Adem\u00e1s de una velocidad y un volumen de datos ilimitados, el Servicio Premium tambi\u00e9n le ofrece ventajas adicionales.<\/p>\n<h2><span lang=\"de\">Ofertas de bonos<br \/>\n<\/span><\/h2>\n<p>Una oferta de bonificaci\u00f3n interesante es la bonificaci\u00f3n que recibe por recomendar Filefactory. Si te gusta el servicio premium del proveedor, puedes recomendarlo f\u00e1cilmente a familiares, amigos y conocidos, lo que te da una comisi\u00f3n atractiva.<\/p>\n<h2><span lang=\"de\">Costos y opciones de pago<br \/>\n<\/span><\/h2>\n<p><img loading=\"lazy\" class=\"aligncenter wp-image-243 size-full\" src=\"https:\/\/multihoster.org\/wp-content\/uploads\/2018\/05\/prices.jpg\" alt=\"precios\" width=\"1442\" height=\"738\" srcset=\"https:\/\/multihoster.org\/wp-content\/uploads\/2018\/05\/prices.jpg 1442w, https:\/\/multihoster.org\/wp-content\/uploads\/2018\/05\/prices-300x154.jpg 300w, https:\/\/multihoster.org\/wp-content\/uploads\/2018\/05\/prices-768x393.jpg 768w, https:\/\/multihoster.org\/wp-content\/uploads\/2018\/05\/prices-1024x524.jpg 1024w\" sizes=\"(max-width: 1442px) 100vw, 1442px\" \/><\/p>\n<p class=\"normal\"><span lang=\"de\">&nbsp;<\/span><\/p>\n<p>La suscripci\u00f3n de 30 d\u00edas est\u00e1 disponible por $13, si elige la versi\u00f3n de 90 d\u00edas, el costo mensual es de $12. Con las suscripciones de 180 d\u00edas se obtiene el precio de ahorro de 10 euros y con la suscripci\u00f3n anual el precio baja a s\u00f3lo 8 euros al mes. Adem\u00e1s de una suscripci\u00f3n, tambi\u00e9n es posible adquirir un paquete de datos \u00fanico para aumentar el volumen disponible de datos de tr\u00e1fico compartido. Son posibles paquetes de datos de 2, 5, 10 \u00f3 20 terabytes<\/p>\n\n<table id=\"tablepress-20\" class=\"tablepress tablepress-id-20\">\n<thead>\n<tr class=\"row-1 odd\">\n\t<th class=\"column-1\">$13<\/th><th class=\"column-2\">$35<\/th><th class=\"column-3\">$59<\/th><th class=\"column-4\">$94<\/th>\n<\/tr>\n<\/thead>\n<tbody class=\"row-hover\">\n<tr class=\"row-2 even\">\n\t<td class=\"column-1\">30 d\u00edas<\/td><td class=\"column-2\">390 d\u00edas<\/td><td class=\"column-3\">180 d\u00edas<\/td><td class=\"column-4\">365 d\u00edas<\/td>\n<\/tr>\n<tr class=\"row-3 odd\">\n\t<td class=\"column-1\">Ilimitado<\/td><td class=\"column-2\">Ilimitado<\/td><td class=\"column-3\">Ilimitado<\/td><td class=\"column-4\">Ilimitado<\/td>\n<\/tr>\n<tr class=\"row-4 even\">\n\t<td class=\"column-1\">Descargas ilimitadas<\/td><td class=\"column-2\">Descargas ilimitadas<\/td><td class=\"column-3\">Descargas ilimitadas<\/td><td class=\"column-4\">Descargas ilimitadas<\/td>\n<\/tr>\n<tr class=\"row-5 odd\">\n\t<td class=\"column-1\">Sin ventanas emergentes<\/td><td class=\"column-2\">Sin ventanas emergentes<\/td><td class=\"column-3\">Sin ventanas emergentes<\/td><td class=\"column-4\">Sin ventanas emergentes<\/td>\n<\/tr>\n<tr class=\"row-6 even\">\n\t<td class=\"column-1\">13 d\u00f3lares mensuales<\/td><td class=\"column-2\">12 d\u00f3lares mensuales<\/td><td class=\"column-3\">$10 d\u00f3lares mensuales<\/td><td class=\"column-4\">8 d\u00f3lares mensuales<\/td>\n<\/tr>\n<\/tbody>\n<\/table>\n<!-- #tablepress-20 from cache -->\n<p>En cuanto a las opciones de pago, necesita una tarjeta de cr\u00e9dito v\u00e1lida para comprar un producto de Filefactory. Puede ser una tarjeta VISA, Mastercard o American Express Card. La tarjeta de cr\u00e9dito se deposita en su cuenta y el proveedor la utiliza para realizar otros pagos, y el pago mediante tarjeta de cr\u00e9dito garantiza que el proceso de pago en Filefactory sea seguro, r\u00e1pido y sencillo.<\/p>\n<p class=\"normal\"><span lang=\"de\">Si no fuera posible pagar con la forma de pago deseada la tarifa con Filefactory, puede recurrir a la posibilidad, el producto con un <a href=\"https:\/\/filesharingshop.com\/filefactory-premium-key-reseller.html\">Revendedor de Filefactory<\/a>&nbsp; a la venta.<br \/>\n<\/span><\/p>\n<p><a class=\"fasc-button fasc-size-xlarge fasc-type-glossy fasc-rounded-medium ico-fa fasc-ico-after fa-share\" style=\"background-color: #3f5f69; color: #ffffff;\" target=\"_blank\" rel=\"nofollow noopener noreferrer\" href=\"https:\/\/multihoster.org\/filefactory\/goto\/\">Ir a FileFactory.com<\/a><\/p>\n<h2><span lang=\"de\">Aviso de privacidad y protecci\u00f3n de datos<br \/>\n<\/span><\/h2>\n<p>Cuando se busca un hoster de archivos adecuado, los usuarios buscan naturalmente el m\u00e1s alto nivel de seguridad. Por lo tanto, muchas partes interesadas se preguntan: \u00bfes segura la descarga y carga de datos en Filefactory? Hemos examinado detenidamente al proveedor por usted y hemos llegado a la conclusi\u00f3n de que sus datos est\u00e1n seguros y ser\u00e1n tratados de forma confidencial en Filefactory.<\/p>\n<p>Filefactory garantiza un tratamiento fiable de los datos personales. Se utilizan para informar a los clientes sobre la empresa, la oferta y las acciones de los socios. Filefactory utiliza sus datos financieros exclusivamente con fines de verificaci\u00f3n al comprar productos y servicios y con fines de facturaci\u00f3n. Los datos demogr\u00e1ficos se recogen para adaptar el sitio y la usabilidad al usuario.<\/p>\n<p>En principio, los datos personales s\u00f3lo se transmiten a terceros si pertenecen a los socios de Filefactory y cumplen las mismas directrices de protecci\u00f3n de datos. Por lo tanto, sus datos est\u00e1n en buenas manos no s\u00f3lo con Filefactory, sino tambi\u00e9n con los socios comerciales de la empresa.<\/p>\n<p>Si desea impedir completamente la transferencia de sus datos, puede realizar una solicitud individual al proveedor, pero esto puede resultar en una selecci\u00f3n m\u00e1s peque\u00f1a de caracter\u00edsticas.<\/p>\n<h2><span lang=\"de\">servicio postventa<br \/>\n<\/span><\/h2>\n<p class=\"normal\"><span lang=\"de\">Para ponerse en contacto con el servicio de atenci\u00f3n al cliente de Filefactory, puede acceder al foro de soporte en el \u00e1rea de miembros o escribir un correo electr\u00f3nico a soporte.<\/span><\/p>\n<h2><span lang=\"de\">Facilidad de uso<br \/>\n<\/span><\/h2>\n<p><img loading=\"lazy\" class=\"aligncenter wp-image-242 size-full\" src=\"https:\/\/multihoster.org\/wp-content\/uploads\/2018\/05\/filefactory-options.jpg\" alt=\"ventajas\" width=\"1519\" height=\"678\" srcset=\"https:\/\/multihoster.org\/wp-content\/uploads\/2018\/05\/filefactory-options.jpg 1519w, https:\/\/multihoster.org\/wp-content\/uploads\/2018\/05\/filefactory-options-300x134.jpg 300w, https:\/\/multihoster.org\/wp-content\/uploads\/2018\/05\/filefactory-options-768x343.jpg 768w, https:\/\/multihoster.org\/wp-content\/uploads\/2018\/05\/filefactory-options-1024x457.jpg 1024w\" sizes=\"(max-width: 1519px) 100vw, 1519px\" \/><\/p>\n<p>El sitio web est\u00e1 organizado de forma muy clara, por lo que toda la informaci\u00f3n necesaria ya est\u00e1 visible en la p\u00e1gina de inicio. En la parte superior de la p\u00e1gina de inicio puede crear una cuenta gratuita y registrarse a trav\u00e9s de los medios de comunicaci\u00f3n social, de modo que el proceso de registro s\u00f3lo tarda unos segundos.<\/p>\n<p>Inmediatamente despu\u00e9s de iniciar sesi\u00f3n, se le llevar\u00e1 al resumen de la cuenta, donde podr\u00e1 ver toda la informaci\u00f3n relevante. Aqu\u00ed puede activar la caja de archivos, canjear un vale o conectar la cuenta a una de sus cuentas de medios sociales.<\/p>\n<p>Adem\u00e1s, la opci\u00f3n Compartir tr\u00e1fico est\u00e1 disponible, y las posibles notificaciones tambi\u00e9n se muestran en el resumen de la cuenta.<\/p>\n<p>La activaci\u00f3n del Filebox permite a otros usuarios subir archivos a su cuenta. Si lo desea, puede utilizar una marca de verificaci\u00f3n para decidir si cada usuario puede subir archivos o s\u00f3lo los usuarios que tienen la contrase\u00f1a necesaria. Puede dise\u00f1ar la URL individualmente en este contexto.<\/p>\n<p>La opci\u00f3n de tr\u00e1fico compartido le permite poner sus datos a disposici\u00f3n de otros usuarios para que los descarguen, y de nuevo le permite configurar la protecci\u00f3n con contrase\u00f1a para que s\u00f3lo ciertos usuarios tengan acceso a sus archivos.<\/p>\n<p>Si desea cargar los archivos usted mismo, hay tres maneras diferentes de hacerlo: Puede realizar una carga local desde su ordenador. El tama\u00f1o m\u00e1ximo por archivo y carga es de 5 GB, lo que facilita la carga de archivos grandes a la vez.<\/p>\n<p>Para todos aquellos que buscan ciertos datos en Filefactory, se recomienda la funci\u00f3n de b\u00fasqueda. Aqu\u00ed puede especificar lo que busca y obtener, siempre y cuando otros usuarios tengan los archivos deseados y los hayan compartido por usted, acceso a un gran n\u00famero de paquetes de datos. La funci\u00f3n de b\u00fasqueda le permite buscar en todos los archivos o buscar s\u00f3lo archivos espec\u00edficos en seis categor\u00edas: archivos de audio, archivos de v\u00eddeo, im\u00e1genes, programas, documentos y archivos.<\/p>\n<h2><span lang=\"de\">Las ventajas de una cuenta premium con Filefactory<br \/>\n<\/span><\/h2>\n<p>Una cuenta Premium en Filefactory le ofrece una multitud de funciones que no est\u00e1n disponibles con la cuenta gratuita o s\u00f3lo lo est\u00e1n de forma limitada. Mientras que la velocidad de descarga est\u00e1 limitada para los usuarios an\u00f3nimos y los miembros normales, como miembro Premium tienes velocidad ilimitada. Adem\u00e1s, a diferencia de la membres\u00eda gratuita con la Cuenta Premium, puedes hacer un n\u00famero infinito de descargas al mismo tiempo.<\/p>\n<p>Mientras que los archivos s\u00f3lo se almacenan durante 90 d\u00edas con la cuenta gratuita, los miembros Premium pueden tener sus archivos almacenados durante un per\u00edodo ilimitado de tiempo. Adem\u00e1s, hay una limitaci\u00f3n por hora, as\u00ed como posibles per\u00edodos de espera con el no obligado a pagar los costos de membres\u00eda, mientras que ni un per\u00edodo de espera ni una limitaci\u00f3n de descarga son de esperar con la cuenta Premium.<\/p>\n<p>Si elige una Cuenta Premium, tambi\u00e9n se beneficiar\u00e1 de la continuaci\u00f3n de la descarga autom\u00e1tica. La mayor\u00eda de los gestores de descargas s\u00f3lo se pueden utilizar con la Cuenta Premium.<\/p>\n<p>La cuenta premium es libre de publicidad y permite que usted caliente los archivos de enlace y subirlos a trav\u00e9s de FTP.<\/p>\n<h2><span lang=\"de\">Nuestra conclusi\u00f3n sobre el proveedor Filefactory<br \/>\n<\/span><\/h2>\n<p>Por \u00faltimo, puede decirse que el proveedor Filefactory cumple plenamente nuestros requisitos en materia de privacidad y protecci\u00f3n de datos, tanto usted como usuario como sus datos est\u00e1n seguros con Filefactory.<\/p>\n<p>Adem\u00e1s, los miembros sin una Cuenta Premium tienen acceso a una gran cantidad de datos. Los miembros Premium pueden utilizar el servicio Filefactory sin restricciones y, de este modo, poner a disposici\u00f3n del p\u00fablico en general un gran n\u00famero de archivos, as\u00ed como descargar valiosos paquetes de datos de otros usuarios. El sitio est\u00e1 dise\u00f1ado para facilitarle la navegaci\u00f3n hacia el destino deseado, y los principios de uso justo y las directrices contra la explotaci\u00f3n infantil son encomiables.<\/p>\n<p>As\u00ed que simplemente utilice la oferta de suscripci\u00f3n gratuita de Filefactory para convencerse de la variedad de posibilidades. Si lo desea, puede actualizar su suscripci\u00f3n gratuita de forma sencilla y segura con Filefactory a una valiosa cuenta premium en pocos minutos mediante el dep\u00f3sito de una tarjeta de cr\u00e9dito.<\/p>\n<p><a class=\"fasc-button fasc-size-xlarge fasc-type-glossy fasc-rounded-medium ico-fa fasc-ico-after fa-share\" style=\"background-color: #3f5f69; color: #ffffff;\" target=\"_blank\" rel=\"nofollow noopener noreferrer\" href=\"https:\/\/multihoster.org\/filefactory\/goto\/\">Ir a FileFactory.com<\/a><\/p>\n","protected":false},"excerpt":{"rendered":"<p>En el sitio web de Filefactory, los usuarios pueden cargar archivos y descargar datos de otros usuarios. Adem\u00e1s de la<\/p>\n","protected":false},"author":2,"featured_media":0,"parent":0,"menu_order":0,"comment_status":"closed","ping_status":"closed","template":"","meta":[],"yoast_head":"<!-- This site is optimized with the Yoast SEO plugin v18.3 - https:\/\/yoast.com\/wordpress\/plugins\/seo\/ -->\n<title>lll\u25b7 Filefactory Premium Account seria o no +++ Test en Multihoster.org<\/title>\n<meta name=\"description\" content=\"Si Filefactory es un proveedor de buena reputaci\u00f3n o no, puede encontrar la respuesta en la prueba actual en Multihoster.org \u279c Ahora haga clic en \u271a para leer nuestras experiencias!\" \/>\n<meta name=\"robots\" content=\"index, follow, max-snippet:-1, max-image-preview:large, max-video-preview:-1\" \/>\n<link rel=\"canonical\" href=\"https:\/\/multihoster.org\/es\/filefactory\/\" \/>\n<meta property=\"og:locale\" content=\"es_ES\" \/>\n<meta property=\"og:type\" content=\"article\" \/>\n<meta property=\"og:title\" content=\"lll\u25b7 Filefactory Premium Account seria o no +++ Test en Multihoster.org\" \/>\n<meta property=\"og:description\" content=\"Si Filefactory es un proveedor de buena reputaci\u00f3n o no, puede encontrar la respuesta en la prueba actual en Multihoster.org \u279c Ahora haga clic en \u271a para leer nuestras experiencias!\" \/>\n<meta property=\"og:url\" content=\"https:\/\/multihoster.org\/es\/filefactory\/\" \/>\n<meta property=\"og:site_name\" content=\"Multihoster.org\" \/>\n<meta property=\"article:modified_time\" content=\"2019-03-18T22:11:08+00:00\" \/>\n<meta property=\"og:image\" content=\"https:\/\/multihoster.org\/wp-content\/uploads\/2018\/05\/filefactory_logo-300x86.jpg\" \/>\n<meta name=\"twitter:card\" content=\"summary\" \/>\n<meta name=\"twitter:label1\" content=\"Tiempo de lectura\" \/>\n\t<meta name=\"twitter:data1\" content=\"7 minutos\" \/>\n<script type=\"application\/ld+json\" class=\"yoast-schema-graph\">{\"@context\":\"https:\/\/schema.org\",\"@graph\":[{\"@type\":\"WebSite\",\"@id\":\"https:\/\/multihoster.org\/#website\",\"url\":\"https:\/\/multihoster.org\/\",\"name\":\"Multihoster.org\",\"description\":\"Reviews of the major Filehosting services\",\"potentialAction\":[{\"@type\":\"SearchAction\",\"target\":{\"@type\":\"EntryPoint\",\"urlTemplate\":\"https:\/\/multihoster.org\/?s={search_term_string}\"},\"query-input\":\"required name=search_term_string\"}],\"inLanguage\":\"es\"},{\"@type\":\"ImageObject\",\"@id\":\"https:\/\/multihoster.org\/es\/filefactory\/#primaryimage\",\"inLanguage\":\"es\",\"url\":\"https:\/\/multihoster.org\/wp-content\/uploads\/2018\/05\/filefactory_logo.jpg\",\"contentUrl\":\"https:\/\/multihoster.org\/wp-content\/uploads\/2018\/05\/filefactory_logo.jpg\",\"width\":365,\"height\":105},{\"@type\":\"WebPage\",\"@id\":\"https:\/\/multihoster.org\/es\/filefactory\/#webpage\",\"url\":\"https:\/\/multihoster.org\/es\/filefactory\/\",\"name\":\"lll\u25b7 Filefactory Premium Account seria o no +++ Test en Multihoster.org\",\"isPartOf\":{\"@id\":\"https:\/\/multihoster.org\/#website\"},\"primaryImageOfPage\":{\"@id\":\"https:\/\/multihoster.org\/es\/filefactory\/#primaryimage\"},\"datePublished\":\"2018-05-22T16:54:16+00:00\",\"dateModified\":\"2019-03-18T22:11:08+00:00\",\"description\":\"Si Filefactory es un proveedor de buena reputaci\u00f3n o no, puede encontrar la respuesta en la prueba actual en Multihoster.org \u279c Ahora haga clic en \u271a para leer nuestras experiencias!\",\"breadcrumb\":{\"@id\":\"https:\/\/multihoster.org\/es\/filefactory\/#breadcrumb\"},\"inLanguage\":\"es\",\"potentialAction\":[{\"@type\":\"ReadAction\",\"target\":[\"https:\/\/multihoster.org\/es\/filefactory\/\"]}]},{\"@type\":\"BreadcrumbList\",\"@id\":\"https:\/\/multihoster.org\/es\/filefactory\/#breadcrumb\",\"itemListElement\":[{\"@type\":\"ListItem\",\"position\":1,\"name\":\"Startseite\",\"item\":\"https:\/\/multihoster.org\/es\/\"},{\"@type\":\"ListItem\",\"position\":2,\"name\":\"Filefactory Premium Account &#8211; El Filehoster de un vistazo\"}]}]}<\/script>\n<!-- \/ Yoast SEO plugin. -->","yoast_head_json":{"title":"lll\u25b7 Filefactory Premium Account seria o no +++ Test en Multihoster.org","description":"Si Filefactory es un proveedor de buena reputaci\u00f3n o no, puede encontrar la respuesta en la prueba actual en Multihoster.org \u279c Ahora haga clic en \u271a para leer nuestras experiencias!","robots":{"index":"index","follow":"follow","max-snippet":"max-snippet:-1","max-image-preview":"max-image-preview:large","max-video-preview":"max-video-preview:-1"},"canonical":"https:\/\/multihoster.org\/es\/filefactory\/","og_locale":"es_ES","og_type":"article","og_title":"lll\u25b7 Filefactory Premium Account seria o no +++ Test en Multihoster.org","og_description":"Si Filefactory es un proveedor de buena reputaci\u00f3n o no, puede encontrar la respuesta en la prueba actual en Multihoster.org \u279c Ahora haga clic en \u271a para leer nuestras experiencias!","og_url":"https:\/\/multihoster.org\/es\/filefactory\/","og_site_name":"Multihoster.org","article_modified_time":"2019-03-18T22:11:08+00:00","og_image":[{"url":"https:\/\/multihoster.org\/wp-content\/uploads\/2018\/05\/filefactory_logo-300x86.jpg"}],"twitter_card":"summary","twitter_misc":{"Tiempo de lectura":"7 minutos"},"schema":{"@context":"https:\/\/schema.org","@graph":[{"@type":"WebSite","@id":"https:\/\/multihoster.org\/#website","url":"https:\/\/multihoster.org\/","name":"Multihoster.org","description":"Reviews of the major Filehosting services","potentialAction":[{"@type":"SearchAction","target":{"@type":"EntryPoint","urlTemplate":"https:\/\/multihoster.org\/?s={search_term_string}"},"query-input":"required name=search_term_string"}],"inLanguage":"es"},{"@type":"ImageObject","@id":"https:\/\/multihoster.org\/es\/filefactory\/#primaryimage","inLanguage":"es","url":"https:\/\/multihoster.org\/wp-content\/uploads\/2018\/05\/filefactory_logo.jpg","contentUrl":"https:\/\/multihoster.org\/wp-content\/uploads\/2018\/05\/filefactory_logo.jpg","width":365,"height":105},{"@type":"WebPage","@id":"https:\/\/multihoster.org\/es\/filefactory\/#webpage","url":"https:\/\/multihoster.org\/es\/filefactory\/","name":"lll\u25b7 Filefactory Premium Account seria o no +++ Test en Multihoster.org","isPartOf":{"@id":"https:\/\/multihoster.org\/#website"},"primaryImageOfPage":{"@id":"https:\/\/multihoster.org\/es\/filefactory\/#primaryimage"},"datePublished":"2018-05-22T16:54:16+00:00","dateModified":"2019-03-18T22:11:08+00:00","description":"Si Filefactory es un proveedor de buena reputaci\u00f3n o no, puede encontrar la respuesta en la prueba actual en Multihoster.org \u279c Ahora haga clic en \u271a para leer nuestras experiencias!","breadcrumb":{"@id":"https:\/\/multihoster.org\/es\/filefactory\/#breadcrumb"},"inLanguage":"es","potentialAction":[{"@type":"ReadAction","target":["https:\/\/multihoster.org\/es\/filefactory\/"]}]},{"@type":"BreadcrumbList","@id":"https:\/\/multihoster.org\/es\/filefactory\/#breadcrumb","itemListElement":[{"@type":"ListItem","position":1,"name":"Startseite","item":"https:\/\/multihoster.org\/es\/"},{"@type":"ListItem","position":2,"name":"Filefactory Premium Account &#8211; El Filehoster de un vistazo"}]}]}},"_links":{"self":[{"href":"https:\/\/multihoster.org\/es\/wp-json\/wp\/v2\/pages\/395"}],"collection":[{"href":"https:\/\/multihoster.org\/es\/wp-json\/wp\/v2\/pages"}],"about":[{"href":"https:\/\/multihoster.org\/es\/wp-json\/wp\/v2\/types\/page"}],"author":[{"embeddable":true,"href":"https:\/\/multihoster.org\/es\/wp-json\/wp\/v2\/users\/2"}],"replies":[{"embeddable":true,"href":"https:\/\/multihoster.org\/es\/wp-json\/wp\/v2\/comments?post=395"}],"version-history":[{"count":8,"href":"https:\/\/multihoster.org\/es\/wp-json\/wp\/v2\/pages\/395\/revisions"}],"predecessor-version":[{"id":2193,"href":"https:\/\/multihoster.org\/es\/wp-json\/wp\/v2\/pages\/395\/revisions\/2193"}],"wp:attachment":[{"href":"https:\/\/multihoster.org\/es\/wp-json\/wp\/v2\/media?parent=395"}],"curies":[{"name":"wp","href":"https:\/\/api.w.org\/{rel}","templated":true}]}}