{"id":3976,"date":"2020-04-17T14:05:21","date_gmt":"2020-04-17T14:05:21","guid":{"rendered":"https:\/\/multihoster.org\/euroshare\/"},"modified":"2020-06-01T13:00:28","modified_gmt":"2020-06-01T13:00:28","slug":"euroshare","status":"publish","type":"page","link":"https:\/\/multihoster.org\/es\/euroshare\/","title":{"rendered":"Euroshare Premium Cuenta: El Filehoster De Un Vistazo"},"content":{"rendered":"\n<p>Hay tantos <a rel=\"noreferrer noopener\" aria-label=\"proveedores de almacenamiento (opens in a new tab)\" href=\"https:\/\/cloud.google.com\/storage\" target=\"_blank\">proveedores de almacenamiento<\/a> en la nube en l\u00ednea. Alineados con nuestra actual era digital, los espacios digitales tambi\u00e9n fueron envidiados en la World Wide Web (WWW). Aprenda sobre Euroshare y experimente c\u00f3mo Euroshare es diferente de su proveedor de almacenamiento en la nube promedio.<\/p>\n\n\n\n<p>La plataforma Euroshare a trav\u00e9s de la cuenta Premium de Euroshare es el proveedor de almacenamiento en la nube m\u00e1s conocido y utilizado en los pa\u00edses de Europa y, lentamente, en todo el mundo. Mant\u00e9ngase informado mientras mostramos los detalles relativos a la plataforma Euroshare en el art\u00edculo a continuaci\u00f3n que contiene, la informaci\u00f3n de fondo sobre Euroshare, la suscripci\u00f3n a una cuenta de almacenamiento en la nube de Euroshare, las suscripciones a la cuenta de almacenamiento en la nube de Euroshare y algunas preguntas frecuentes sobre la plataforma Euroshare.<\/p>\n\n\n\n<figure class=\"wp-block-image\"><img src=\"https:\/\/lh3.googleusercontent.com\/VTnQu4OZ5FfXOlm95g35ntT2Gy6rVpChgvrLZpofPjotisXKCmjPxuOhFnzYLbxvWldiEqYE1H9_4zeRXqacKhgLrV_b7VfwHvfOODlsjx9ZA43TuT7O1b_Km1VX8LKzEVBnARo\" alt=\"\"\/><figcaption> Euroshare Website Interface <\/figcaption><\/figure>\n\n\n<a class=\"maxbutton-2 maxbutton maxbutton-cta\" target=\"_blank\" rel=\"nofollow noopener\" href=\"\/go\/\"><span class='mb-text'>&gt;&gt; Ir a la p\u00e1gina web original de Linkifier<\/span><\/a>\n\n\n<p><\/p>\n\n\n\n<h2>Ventaja de usar la plataforma de almacenamiento en nube Euroshare<\/h2>\n\n\n\n<p>1. Sube y organiza f\u00e1cilmente tus archivos &#8211; puedes subir y organizar f\u00e1cilmente tus archivos en el sistema de nuestra plataforma. La plataforma tiene una funci\u00f3n de arrastrar y soltar para ayudarte a gestionar tus archivos personales y privados. La plataforma adapta din\u00e1micamente su sitio web a trav\u00e9s de diferentes navegadores de Internet como Internet Explorer, Microsoft Edge, Google Chrome. Tor Browser, Safari, Opera, UC Browser, UC Web y todos los dem\u00e1s tipos de navegadores que se utilizan para navegar por la World Wide Web (WWW).<\/p>\n\n\n\n<p>2. Comparta f\u00e1cilmente sus archivos en diferentes plataformas &#8211; el almacenamiento en nube de Euroshare almacena sus archivos y est\u00e1 integrado con varias funciones de compatibilidad. Esto permite que el sitio web genere autom\u00e1ticamente c\u00f3digos HTML para sus archivos que pueden ser compartidos y vistos en diferentes plataformas de medios sociales como Facebook, Instagram, Google Plus, Twitter, YouTube, Myspace y todas las dem\u00e1s plataformas de intercambio en la World Wide Web.<\/p>\n\n\n\n<figure class=\"wp-block-image\"><img src=\"https:\/\/lh5.googleusercontent.com\/EB3eHSNoIzMT6-dcDIfuLWrZrXQ3wIC4zmcrgacsqX5-viUdY92CB-EcDLmZSX2io-1vSfZLcZcv_aphVjbx0jG6uYFLKQj20jztFG5FAGERBiIkOOytDIOjabeg2v_zizZxDHI\" alt=\"\"\/><\/figure>\n\n\n\n<p>La plataforma Euroshare se adapta din\u00e1micamente a varios sitios web<\/p>\n\n\n\n<p>3. Subir y descargar r\u00e1pida e instant\u00e1neamente &#8211; Ofrecemos la caracter\u00edstica de descarga y subida m\u00e1s accesible y eficiente en comparaci\u00f3n con su proveedor habitual de almacenamiento en la nube. Nuestra cuenta gratuita de Euroshare y la cuenta Premium de Euroshare ofrece la opci\u00f3n de carga y descarga m\u00e1s estable para todos sus archivos.<\/p>\n\n\n\n<p>4. Ofrecemos la m\u00e1s alta seguridad de encriptaci\u00f3n para los archivos de su cuenta &#8211; Ya sea para la copia de seguridad del propio almacenamiento, la plataforma Euroshare mantendr\u00e1 todos sus archivos seguros, ya sea una imagen, audio, v\u00eddeo, documento, presentaci\u00f3n, archivos comprimidos o cualquier otro tipo de archivo presente en nuestro actual mundo digital a trav\u00e9s de nuestra avanzada <a rel=\"noreferrer noopener\" aria-label=\"programaci\u00f3n  (opens in a new tab)\" href=\"https:\/\/www.khanacademy.org\/computing\/computer-programming\/programming\/intro-to-programming\/v\/programming-intro\" target=\"_blank\">programaci\u00f3n <\/a>y encriptaci\u00f3n integrada en su sitio web para que no tenga que preocuparse por ninguna forma de pirater\u00eda o robo de datos.<\/p>\n\n\n\n<p>Ahora que sabe c\u00f3mo Euroshare a trav\u00e9s de su cuenta gratuita Euroshare y la cuenta Premium Euroshare se encuentra por encima de sus competidores, es un placer para nosotros indicarles c\u00f3mo registrar una cuenta Euroshare de almacenamiento en la nube. Lea el art\u00edculo a continuaci\u00f3n y empiece a subir y bajar usando nuestra plataforma.<\/p>\n\n\n\n<h2>Registrar una cuenta de almacenamiento en la nube de Euroshare<\/h2>\n\n\n\n<p>Registrar una cuenta es tan f\u00e1cil como el ABC. Te guiaremos a trav\u00e9s de los pasos para que puedas empezar a disfrutar de la accesibilidad y eficiencia de nuestra plataforma de almacenamiento en la nube.<\/p>\n\n\n\n<p>1. Escriba su nombre completo con su nombre, apellido y segundo nombre correctos. Tambi\u00e9n le pediremos su t\u00edtulo (Dr., Ing., Arquitecto, Sr., Sra. o Srta.) para poder dirigirnos a usted y darle un saludo correcto.<\/p>\n\n\n\n<p>2. Proporcione una direcci\u00f3n de correo electr\u00f3nico que funcione. Aqu\u00ed es donde enviaremos un correo electr\u00f3nico para confirmar su cuenta de Euroshare. Tambi\u00e9n solicitaremos un nombre de usuario \u00fanico para su cuenta para proporcionar autenticidad a cada usuario de la plataforma de almacenamiento en nube de Euroshare.<\/p>\n\n\n\n<p>3. Lea y marque la casilla \u00abAceptar nuestros t\u00e9rminos y condiciones\u00bb. Marque tambi\u00e9n nuestros t\u00e9rminos de privacidad \u00abreCaptcha\u00bb. Incluimos estas caracter\u00edsticas para asegurar los derechos digitales y de privacidad de cada uno de nuestros usuarios a trav\u00e9s de la Ley de Derechos de Autor del Milenio Digital (<a rel=\"noreferrer noopener\" aria-label=\"DMCA (opens in a new tab)\" href=\"https:\/\/www.dmca.com\/\" target=\"_blank\">DMCA<\/a>).<\/p>\n\n\n\n<p>4. Por \u00faltimo, haga clic en el bot\u00f3n de Registro y le enviaremos inmediatamente un enlace de confirmaci\u00f3n a su correo electr\u00f3nico para confirmar su cuenta. Por favor, compruebe sus filtros de spam y las carpetas de correo electr\u00f3nico de spam en caso de que no haya recibido nada. Despu\u00e9s de confirmar su cuenta, ya tiene su propia cuenta personal de Euroshare Free Account.<\/p>\n\n\n\n<p>Es posible que desee funciones adicionales de Euroshare, la cuenta premium de Euroshare desarrollada por TLD Registrar Solutions Ltd. Lea a continuaci\u00f3n e insp\u00edrese en sus flexibles suscripciones y funciones.<\/p>\n\n\n\n<h2>Introduciendo la cuenta Premium de Euroshare<\/h2>\n\n\n\n<p>La cuenta Premium de Euroshare est\u00e1 llena de funciones y caracter\u00edsticas. A continuaci\u00f3n se enumeran las razones por las que Euroshare es amado por muchos usuarios en todo el mundo.<\/p>\n\n\n\n<ol><li>Descarga instant\u00e1nea de archivos sin tiempo de espera.<\/li><li> Libre de cualquier publicidad molesta.<\/li><li> Soporta descargas simult\u00e1neas ilimitadas.<\/li><li> Ofrece velocidades de descarga ilimitadas.<\/li><li> Admite administradores de descarga de terceros.<\/li><li> Ofrece almacenamiento de nubes ilimitado.<\/li><li> Los archivos se mantendr\u00e1n a salvo y seguros para siempre.<\/li><li> No hay cuota de descarga por d\u00eda.<\/li><li> Muy asequible y accesible.<\/li><li> La informaci\u00f3n del usuario est\u00e1 asegurada y encriptada al m\u00e1ximo nivel.<\/li><\/ol>\n\n\n\n<p>Puede elegir entre nuestras diversas opciones de pago asequibles y flexibles a continuaci\u00f3n.<\/p>\n\n\n\n<p>Tabla 1. Cuenta Premium de Euroshare Opciones de pago asequibles y flexibles<\/p>\n\n\n<a class=\"maxbutton-2 maxbutton maxbutton-cta\" target=\"_blank\" rel=\"nofollow noopener\" href=\"\/go\/\"><span class='mb-text'>&gt;&gt; Ir a la p\u00e1gina web original de Linkifier<\/span><\/a>\n\n\n<p><\/p>\n\n\n\n<p><strong>Tipos de cuenta Euroshare Premium<\/strong><\/p>\n\n\n\n<figure class=\"wp-block-table\"><table><tbody><tr><td>Caracter\u00edsticas espec\u00edficas<\/td><td>Cuenta Premium de Euroshare por 7 d\u00edas<\/td><td>Cuenta Euroshare Premium por 1 mes<\/td><td>Cuenta Euroshare Premium por 3 meses<\/td><td>Cuenta Euroshare Premium por 6 meses<\/td><td>Cuenta Euroshare Premium por 1 a\u00f1o<\/td><\/tr><tr><td>Monto total del pago<\/td><td>1.00 EUR<\/td><td>3.50 EUR<\/td><td>8.00 EUR<\/td><td>16.00 EUR<\/td><td>31.00 EUR<\/td><\/tr><tr><td>Pago total por d\u00eda<\/td><td>0,14 euros por d\u00eda<\/td><td>0,11 euros por d\u00eda<\/td><td>0,09 euros por d\u00eda<\/td><td>0,09 euros por d\u00eda<\/td><td>0,08 euros por d\u00eda<\/td><\/tr><tr><td>Seguridad y privacidad de los pagos<\/td><td>Procesamiento de pagos codificado (conforme a la DMCA)<\/td><td>Procesamiento de pagos codificado (conforme a la DMCA)<\/td><td>Procesamiento de pagos codificado (conforme a la DMCA)<\/td><td>Procesamiento de pagos codificado (conforme a la DMCA)<\/td><td>Procesamiento de pagos codificado (conforme a la DMCA)<\/td><\/tr><tr><td>Medio de pago<\/td><td>MasterCard, Visa, Amex y Discover<\/td><td>MasterCard, Visa, Amex y Discover<\/td><td>MasterCard, Visa, Amex y Discover<\/td><td>MasterCard, Visa, Amex y Discover<\/td><td>MasterCard, Visa, Amex y Discover<\/td><\/tr><\/tbody><\/table><\/figure>\n\n\n\n<p>Como ves, la cuenta Euroshare Premium tiene tipos de cuenta flexibles y asequibles:<\/p>\n\n\n\n<ul><li>Puede optar por pagar 1,00 EUR para tener una cuenta premium de 7 d\u00edas que es s\u00f3lo 0,14 EUR por d\u00eda; o el<\/li><li> 3,50 euros para tener una cuenta premium por 1 mes que s\u00f3lo es de 0,11 euros por d\u00eda; o el<\/li><li> 8,00 EUR para tener una cuenta premium por 3 meses que s\u00f3lo es de 0,09 EUR por d\u00eda; o el<\/li><li> 16,00 EUR para tener una cuenta premium por 6 meses que es tambi\u00e9n s\u00f3lo 0,09 EUR por d\u00eda; o finalmente,<\/li><li> elige nuestra opci\u00f3n m\u00e1s flexible y asequible, con el importe total de pago de 31,00 EUR puedes usar nuestra cuenta Premium de Euroshare durante 1 a\u00f1o esa cantidad por s\u00f3lo 0,08 EUR al d\u00eda.<\/li><\/ul>\n\n\n\n<figure class=\"wp-block-image\"><img src=\"https:\/\/lh6.googleusercontent.com\/-eGmRLsaVSpY0sp0uKekyQmuK5N50RBKx9r4stFdK_IoXfkEElkVdBq1R7pEW4fXaK3QZt3WCd1fXbEz9QXN4jbO_krYpIzXgzSNol4RnFvAb9ALbOf-KkdeWLTsaor-Wlo94KM\" alt=\"Transmit Your Payments Through our Partners\"\/><\/figure>\n\n\n\n<p>Transmita sus pagos a trav\u00e9s de nuestros socios<\/p>\n\n\n\n<p>Puede transmitir f\u00e1cilmente sus cuotas de inscripci\u00f3n a trav\u00e9s de nuestros <a rel=\"noreferrer noopener\" aria-label=\"socios (opens in a new tab)\" href=\"http:\/\/www.wisegeek.net\/what-is-a-financial-services-corporation.htm\" target=\"_blank\">socios<\/a>: MasterCard, Visa, Amex y Discover. Lo que es m\u00e1s, es que todas las cuentas premium tienen <a rel=\"noreferrer noopener\" aria-label=\"seguridad  (opens in a new tab)\" href=\"https:\/\/computersciencewiki.org\/index.php\/Client-side_scripting_and_server-side_scripting\" target=\"_blank\">seguridad <\/a>y protecci\u00f3n de la privacidad que tiene el procesamiento de pago encriptado que cumple con la DMCA. Estas son las constituciones que hacen que los proveedores de almacenamiento en la nube de la competencia envidien la plataforma Euroshare.<\/p>\n\n\n\n<h2>Reflexiones finales sobre el almacenamiento en la nube de Euroshare<\/h2>\n\n\n\n<p>El ofrece una amplia variedad de caracter\u00edsticas y funcionalidades, as\u00ed como tipos de cuentas de pago asequibles y accesibles. La TLD Registrar Solutions Ltd. a trav\u00e9s de sus l\u00edderes, ingenieros inform\u00e1ticos y expertos en programaci\u00f3n de software continuar\u00e1 encontrando formas de desarrollar continuamente nuestra plataforma para proporcionar el mejor espacio para sus pertenencias digitales para siempre.<\/p>\n\n\n\n<h2>Preguntas frecuentes sobre Euroshare (FAQs)<\/h2>\n\n\n\n<h3>\u00bfHay alg\u00fan servicio de atenci\u00f3n al cliente de Euroshare Cloud Storage al que pueda llamar?<\/h3>\n\n\n\n<p>La direcci\u00f3n de Euroshare tiene un representante de atenci\u00f3n al cliente (CSR) que puede contactar a trav\u00e9s de contact@euroshare.eu<\/p>\n\n\n\n<h3>\u00bfQui\u00e9n desarroll\u00f3 la Plataforma Euroshare?<\/h3>\n\n\n\n<p>El almacenamiento en nube de Euroshare es desarrollado por los ingenieros de software y los expertos en programaci\u00f3n inform\u00e1tica bajo el TLD Registrar Solutions Ltd. el 27 de marzo de 2015.<\/p>\n\n\n\n<h3>\u00bfPuedo utilizar el almacenamiento en nube de Euroshare para siempre?<\/h3>\n\n\n\n<p>Garantizamos la seguridad de todos sus archivos en la base de datos Euroshare para siempre, ya que reforzamos nuestra plataforma con las \u00faltimas tecnolog\u00edas en programaci\u00f3n e ingenier\u00eda de software.<\/p>\n\n\n\n<h3>\u00bfD\u00f3nde puedo pagar para actualizar a la cuenta Premium de Euroshare?<\/h3>\n\n\n\n<p>Puede pagar a distancia a trav\u00e9s de nuestros socios en todo el mundo a trav\u00e9s de MasterCard, Visa, Amex y Discover<\/p>\n\n\n\n<h3>\u00bfEuroshare ofrece una cuenta gratuita?<\/h3>\n\n\n\n<p>S\u00ed, tan pronto como confirme su cuenta, ya es titular de una cuenta gratuita de Euroshare que tiene una variedad de funciones y mejores caracter\u00edsticas, especialmente el almacenamiento ilimitado en la nube para que usted pueda disfrutar.<\/p>\n\n\n<a class=\"maxbutton-2 maxbutton maxbutton-cta\" target=\"_blank\" rel=\"nofollow noopener\" href=\"\/go\/\"><span class='mb-text'>&gt;&gt; Ir a la p\u00e1gina web original de Linkifier<\/span><\/a>\n\n\n<p><\/p>\n","protected":false},"excerpt":{"rendered":"<p>Hay tantos proveedores de almacenamiento en la nube en l\u00ednea. Alineados con nuestra actual era digital, los espacios digitales tambi\u00e9n<\/p>\n","protected":false},"author":2,"featured_media":0,"parent":0,"menu_order":0,"comment_status":"closed","ping_status":"closed","template":"","meta":[],"yoast_head":"<!-- This site is optimized with the Yoast SEO plugin v18.3 - https:\/\/yoast.com\/wordpress\/plugins\/seo\/ -->\n<title>Euroshare Premium Cuenta: El Filehoster De Un Vistazo<\/title>\n<meta name=\"description\" content=\"Si Euroshare es un proveedor de confianza o no, puedes encontrar la respuesta en el test actual en Multihoster.org \u279c Haz clic ahora \u271a para leer nuestras experiencias!\" \/>\n<meta name=\"robots\" content=\"index, follow, max-snippet:-1, max-image-preview:large, max-video-preview:-1\" \/>\n<link rel=\"canonical\" href=\"https:\/\/multihoster.org\/es\/euroshare\/\" \/>\n<meta property=\"og:locale\" content=\"es_ES\" \/>\n<meta property=\"og:type\" content=\"article\" \/>\n<meta property=\"og:title\" content=\"Euroshare Premium Cuenta: El Filehoster De Un Vistazo\" \/>\n<meta property=\"og:description\" content=\"Si Euroshare es un proveedor de confianza o no, puedes encontrar la respuesta en el test actual en Multihoster.org \u279c Haz clic ahora \u271a para leer nuestras experiencias!\" \/>\n<meta property=\"og:url\" content=\"https:\/\/multihoster.org\/es\/euroshare\/\" \/>\n<meta property=\"og:site_name\" content=\"Multihoster.org\" \/>\n<meta property=\"article:modified_time\" content=\"2020-06-01T13:00:28+00:00\" \/>\n<meta property=\"og:image\" content=\"https:\/\/lh3.googleusercontent.com\/VTnQu4OZ5FfXOlm95g35ntT2Gy6rVpChgvrLZpofPjotisXKCmjPxuOhFnzYLbxvWldiEqYE1H9_4zeRXqacKhgLrV_b7VfwHvfOODlsjx9ZA43TuT7O1b_Km1VX8LKzEVBnARo\" \/>\n<meta name=\"twitter:card\" content=\"summary\" \/>\n<meta name=\"twitter:label1\" content=\"Tiempo de lectura\" \/>\n\t<meta name=\"twitter:data1\" content=\"8 minutos\" \/>\n<script type=\"application\/ld+json\" class=\"yoast-schema-graph\">{\"@context\":\"https:\/\/schema.org\",\"@graph\":[{\"@type\":\"WebSite\",\"@id\":\"https:\/\/multihoster.org\/#website\",\"url\":\"https:\/\/multihoster.org\/\",\"name\":\"Multihoster.org\",\"description\":\"Reviews of the major Filehosting services\",\"potentialAction\":[{\"@type\":\"SearchAction\",\"target\":{\"@type\":\"EntryPoint\",\"urlTemplate\":\"https:\/\/multihoster.org\/?s={search_term_string}\"},\"query-input\":\"required name=search_term_string\"}],\"inLanguage\":\"es\"},{\"@type\":\"ImageObject\",\"@id\":\"https:\/\/multihoster.org\/es\/euroshare\/#primaryimage\",\"inLanguage\":\"es\",\"url\":\"https:\/\/lh3.googleusercontent.com\/VTnQu4OZ5FfXOlm95g35ntT2Gy6rVpChgvrLZpofPjotisXKCmjPxuOhFnzYLbxvWldiEqYE1H9_4zeRXqacKhgLrV_b7VfwHvfOODlsjx9ZA43TuT7O1b_Km1VX8LKzEVBnARo\",\"contentUrl\":\"https:\/\/lh3.googleusercontent.com\/VTnQu4OZ5FfXOlm95g35ntT2Gy6rVpChgvrLZpofPjotisXKCmjPxuOhFnzYLbxvWldiEqYE1H9_4zeRXqacKhgLrV_b7VfwHvfOODlsjx9ZA43TuT7O1b_Km1VX8LKzEVBnARo\"},{\"@type\":\"WebPage\",\"@id\":\"https:\/\/multihoster.org\/es\/euroshare\/#webpage\",\"url\":\"https:\/\/multihoster.org\/es\/euroshare\/\",\"name\":\"Euroshare Premium Cuenta: El Filehoster De Un Vistazo\",\"isPartOf\":{\"@id\":\"https:\/\/multihoster.org\/#website\"},\"primaryImageOfPage\":{\"@id\":\"https:\/\/multihoster.org\/es\/euroshare\/#primaryimage\"},\"datePublished\":\"2020-04-17T14:05:21+00:00\",\"dateModified\":\"2020-06-01T13:00:28+00:00\",\"description\":\"Si Euroshare es un proveedor de confianza o no, puedes encontrar la respuesta en el test actual en Multihoster.org \u279c Haz clic ahora \u271a para leer nuestras experiencias!\",\"breadcrumb\":{\"@id\":\"https:\/\/multihoster.org\/es\/euroshare\/#breadcrumb\"},\"inLanguage\":\"es\",\"potentialAction\":[{\"@type\":\"ReadAction\",\"target\":[\"https:\/\/multihoster.org\/es\/euroshare\/\"]}]},{\"@type\":\"BreadcrumbList\",\"@id\":\"https:\/\/multihoster.org\/es\/euroshare\/#breadcrumb\",\"itemListElement\":[{\"@type\":\"ListItem\",\"position\":1,\"name\":\"Startseite\",\"item\":\"https:\/\/multihoster.org\/es\/\"},{\"@type\":\"ListItem\",\"position\":2,\"name\":\"Euroshare Premium Cuenta: El Filehoster De Un Vistazo\"}]}]}<\/script>\n<!-- \/ Yoast SEO plugin. -->","yoast_head_json":{"title":"Euroshare Premium Cuenta: El Filehoster De Un Vistazo","description":"Si Euroshare es un proveedor de confianza o no, puedes encontrar la respuesta en el test actual en Multihoster.org \u279c Haz clic ahora \u271a para leer nuestras experiencias!","robots":{"index":"index","follow":"follow","max-snippet":"max-snippet:-1","max-image-preview":"max-image-preview:large","max-video-preview":"max-video-preview:-1"},"canonical":"https:\/\/multihoster.org\/es\/euroshare\/","og_locale":"es_ES","og_type":"article","og_title":"Euroshare Premium Cuenta: El Filehoster De Un Vistazo","og_description":"Si Euroshare es un proveedor de confianza o no, puedes encontrar la respuesta en el test actual en Multihoster.org \u279c Haz clic ahora \u271a para leer nuestras experiencias!","og_url":"https:\/\/multihoster.org\/es\/euroshare\/","og_site_name":"Multihoster.org","article_modified_time":"2020-06-01T13:00:28+00:00","og_image":[{"url":"https:\/\/lh3.googleusercontent.com\/VTnQu4OZ5FfXOlm95g35ntT2Gy6rVpChgvrLZpofPjotisXKCmjPxuOhFnzYLbxvWldiEqYE1H9_4zeRXqacKhgLrV_b7VfwHvfOODlsjx9ZA43TuT7O1b_Km1VX8LKzEVBnARo"}],"twitter_card":"summary","twitter_misc":{"Tiempo de lectura":"8 minutos"},"schema":{"@context":"https:\/\/schema.org","@graph":[{"@type":"WebSite","@id":"https:\/\/multihoster.org\/#website","url":"https:\/\/multihoster.org\/","name":"Multihoster.org","description":"Reviews of the major Filehosting services","potentialAction":[{"@type":"SearchAction","target":{"@type":"EntryPoint","urlTemplate":"https:\/\/multihoster.org\/?s={search_term_string}"},"query-input":"required name=search_term_string"}],"inLanguage":"es"},{"@type":"ImageObject","@id":"https:\/\/multihoster.org\/es\/euroshare\/#primaryimage","inLanguage":"es","url":"https:\/\/lh3.googleusercontent.com\/VTnQu4OZ5FfXOlm95g35ntT2Gy6rVpChgvrLZpofPjotisXKCmjPxuOhFnzYLbxvWldiEqYE1H9_4zeRXqacKhgLrV_b7VfwHvfOODlsjx9ZA43TuT7O1b_Km1VX8LKzEVBnARo","contentUrl":"https:\/\/lh3.googleusercontent.com\/VTnQu4OZ5FfXOlm95g35ntT2Gy6rVpChgvrLZpofPjotisXKCmjPxuOhFnzYLbxvWldiEqYE1H9_4zeRXqacKhgLrV_b7VfwHvfOODlsjx9ZA43TuT7O1b_Km1VX8LKzEVBnARo"},{"@type":"WebPage","@id":"https:\/\/multihoster.org\/es\/euroshare\/#webpage","url":"https:\/\/multihoster.org\/es\/euroshare\/","name":"Euroshare Premium Cuenta: El Filehoster De Un Vistazo","isPartOf":{"@id":"https:\/\/multihoster.org\/#website"},"primaryImageOfPage":{"@id":"https:\/\/multihoster.org\/es\/euroshare\/#primaryimage"},"datePublished":"2020-04-17T14:05:21+00:00","dateModified":"2020-06-01T13:00:28+00:00","description":"Si Euroshare es un proveedor de confianza o no, puedes encontrar la respuesta en el test actual en Multihoster.org \u279c Haz clic ahora \u271a para leer nuestras experiencias!","breadcrumb":{"@id":"https:\/\/multihoster.org\/es\/euroshare\/#breadcrumb"},"inLanguage":"es","potentialAction":[{"@type":"ReadAction","target":["https:\/\/multihoster.org\/es\/euroshare\/"]}]},{"@type":"BreadcrumbList","@id":"https:\/\/multihoster.org\/es\/euroshare\/#breadcrumb","itemListElement":[{"@type":"ListItem","position":1,"name":"Startseite","item":"https:\/\/multihoster.org\/es\/"},{"@type":"ListItem","position":2,"name":"Euroshare Premium Cuenta: El Filehoster De Un Vistazo"}]}]}},"_links":{"self":[{"href":"https:\/\/multihoster.org\/es\/wp-json\/wp\/v2\/pages\/3976"}],"collection":[{"href":"https:\/\/multihoster.org\/es\/wp-json\/wp\/v2\/pages"}],"about":[{"href":"https:\/\/multihoster.org\/es\/wp-json\/wp\/v2\/types\/page"}],"author":[{"embeddable":true,"href":"https:\/\/multihoster.org\/es\/wp-json\/wp\/v2\/users\/2"}],"replies":[{"embeddable":true,"href":"https:\/\/multihoster.org\/es\/wp-json\/wp\/v2\/comments?post=3976"}],"version-history":[{"count":3,"href":"https:\/\/multihoster.org\/es\/wp-json\/wp\/v2\/pages\/3976\/revisions"}],"predecessor-version":[{"id":4667,"href":"https:\/\/multihoster.org\/es\/wp-json\/wp\/v2\/pages\/3976\/revisions\/4667"}],"wp:attachment":[{"href":"https:\/\/multihoster.org\/es\/wp-json\/wp\/v2\/media?parent=3976"}],"curies":[{"name":"wp","href":"https:\/\/api.w.org\/{rel}","templated":true}]}}