{"id":4017,"date":"2020-04-20T09:20:34","date_gmt":"2020-04-20T09:20:34","guid":{"rendered":"https:\/\/multihoster.org\/worldbytez\/"},"modified":"2020-04-20T12:01:59","modified_gmt":"2020-04-20T12:01:59","slug":"worldbytez","status":"publish","type":"page","link":"https:\/\/multihoster.org\/es\/worldbytez\/","title":{"rendered":"Worldbytez Premium Cuenta: El Filehoster De Un Vistazo"},"content":{"rendered":"\n<figure class=\"wp-block-image\"><img src=\"https:\/\/lh3.googleusercontent.com\/ZwKTn0qxlK9t2UpSPpApEe5RhukrV4XOwXWiMt7O2uS0uv62mqTWd7VBNkqdXw4yWEDJzMqcFq0fT2OOMQqR42ZbpbcLCdrawC7hLUuslDrahfg4QkcU5hu6ewz3tARyzoY346g\" alt=\"Worldbytez logo\"\/><\/figure>\n\n\n\n<p>Worldbytez es uno de esos proveedores de alojamiento de archivos que ofrece almacenamiento o una copia de seguridad a distancia o en l\u00ednea. Soporta la carga, el intercambio y la descarga de archivos de un usuario o de su cliente. Tiene un sitio web accesible en los navegadores web de cualquier dispositivo y tiene una versi\u00f3n de software accesible en los sistemas operativos Windows, Mac OS X y Linux.<\/p>\n\n\n\n<p>El 17 de octubre de 2019, Worldbytez public\u00f3 y anunci\u00f3 las noticias sobre los usuarios invitados o no registrados de su sitio web. Worldbytez les ha dado un muy buen servicio en el que ahora pueden disfrutar de la descarga de un archivo o archivos con una velocidad mucho m\u00e1s r\u00e1pida que la cuenta gratuita de Worldbytez y pueden descargar cualquier archivo que quieran sin limitaciones de velocidad.<\/p>\n\n\n<a class=\"maxbutton-2 maxbutton maxbutton-cta\" target=\"_blank\" rel=\"nofollow noopener\" href=\"\/go\/\"><span class='mb-text'>&gt;&gt; Ir a la p\u00e1gina web original de Linkifier <\/span><\/a>\n\n\n<p><\/p>\n\n\n\n<h2>La unidad de nubes de Worldbytez<\/h2>\n\n\n\n<p>Worldbytez tiene una unidad de nube en la que un usuario puede almacenar con seguridad sus datos o archivos en el servidor de la nube.<\/p>\n\n\n\n<p>Se puede acceder a \u00e9l a trav\u00e9s de los diferentes <a href=\"https:\/\/www.webopedia.com\/TERM\/O\/operating_system.html\" target=\"_blank\" rel=\"noreferrer noopener\" aria-label=\"sistemas operativos (opens in a new tab)\">sistemas operativos<\/a> o sistemas operativos de un dispositivo como:<\/p>\n\n\n\n<ul><li>Microsoft Windows<\/li><li> Mac OS X<\/li><li> Linux o Ubuntu<\/li><\/ul>\n\n\n\n<h3>Para los usuarios que utilizan Microsoft Windows<\/h3>\n\n\n\n<ol><li>Un usuario debe abrir la ubicaci\u00f3n de \u00abMi Computadora\u00bb de su dispositivo.<\/li><li> Encuentra el icono de la \u00abRed\u00bb situado en el lado izquierdo de \u00abMi PC\u00bb. Luego, haga clic con el bot\u00f3n derecho del rat\u00f3n en \u00e9l. <\/li><li> Aparecer\u00e1n las opciones de la Red. A continuaci\u00f3n, elija y haga clic en la \u00abUnidad de red del mapa\u00bb<\/li><li> Introduzca el enlace URL de Worldbytez \u00abhttps:\/\/worldbytez.com\/webdav\/\u00bb.<\/li><li> Aparecer\u00e1 la unidad de nube de Worldbytez. Ahora, un usuario debe introducir su cuenta de usuario y su contrase\u00f1a en Worldbytez para iniciar sesi\u00f3n.<\/li><\/ol>\n\n\n\n<h3>Para los usuarios de Mac OS X<\/h3>\n\n\n\n<ol><li>El usuario debe ir al \u00abFinder\u00bb de su dispositivo Mac OS X.<\/li><li> Elija y haga clic en \u00abConectar con el servidor\u00bb.<\/li><li> Introduzca el enlace URL de Worldbytez \u00abhttps:\/\/worldbytez.com\/webdav\/\u00bb.<\/li><li> Aparecer\u00e1 la unidad de nube de Worldbytez. Ahora, un usuario debe introducir su cuenta de usuario y su contrase\u00f1a en Worldbytez para iniciar sesi\u00f3n. <\/li><\/ol>\n\n\n\n<h3>Para los usuarios que usan Linux o Ubuntu<\/h3>\n\n\n\n<ol><li>Un usuario debe ir al administrador de archivos de su dispositivo Linux. <\/li><li> Vaya a la barra de men\u00fa y haga clic en \u00abFicheros\u00bb.<\/li><li> Elija y haga clic en \u00abConectar con el servidor\u00bb.<\/li><li> Introduzca el enlace <a rel=\"noreferrer noopener\" aria-label=\"URL  (opens in a new tab)\" href=\"https:\/\/www.webopedia.com\/TERM\/U\/URL.html\" target=\"_blank\">URL <\/a>de Worldbytez \u00abhttps:\/\/worldbytez.com\/webdav\/\u00bb.<\/li><li> Aparecer\u00e1 la unidad de nube de Worldbytez. Ahora, un usuario debe introducir su cuenta de usuario y su contrase\u00f1a en Worldbytez para iniciar sesi\u00f3n.<\/li><\/ol>\n\n\n\n<h2>Las herramientas de Worldbytez<\/h2>\n\n\n\n<p>Worldbytez es compatible con dispositivos de escritorio y m\u00f3viles con los sistemas operativos Windows, Mac OS X y Android. Ellos desarrollaron el software de Worldbytez, para que un usuario pueda descargarlo y acceder a \u00e9l f\u00e1cilmente en sus dispositivos.<\/p>\n\n\n\n<p>Para dispositivos de escritorio (Para Windows y Mac OS X):<\/p>\n\n\n\n<p>\u2713 Apoya la subida para el FTP y el Multi-hilo.<br> \u2713 Soporta el Proxy HTTP.<br> \u2713 Tiene una funci\u00f3n para administrar los archivos como para subir, renombrar y borrar archivos.<br> \u2713 Puede copiar el contenido de la carpeta.<\/p>\n\n\n\n<p>Para los dispositivos Android:<\/p>\n\n\n\n<p>\u2713 Apoya la subida para el Multi-hilo.<br> \u2713 Tiene administradores de archivos.<br> \u2713 Tiene una funci\u00f3n para administrar los archivos como para subir, navegar, copiar, borrar y mover archivos.<\/p>\n\n\n\n<h2>Gestores de descarga para Worldbytez<\/h2>\n\n\n\n<p>Worldbytez siempre recomienda que un usuario debe utilizar un gestor de descargas como el Gestor de Descargas de Internet o IDM y el JDownloader porque los servidores del sitio web de Worldbytez funcionan perfectamente para descargar un archivo utilizando esos gestores de descargas, pero un usuario tambi\u00e9n puede utilizar otros gestores de descargas a los que est\u00e9 acostumbrado.<\/p>\n\n\n\n<p>Eliminar el enlace de Worldbytez<\/p>\n\n\n\n<p>Un usuario puede borrar un archivo o archivos que haya subido al sitio web de Worldbytez. Worldbytez siempre proporcionar\u00e1 un \u00abenlace de eliminaci\u00f3n\u00bb despu\u00e9s de que un usuario haya terminado de subir un archivo para que lo elimine con un solo clic. Si un usuario ha perdido el enlace de eliminaci\u00f3n de un archivo, puede esperar hasta la fecha de caducidad del mismo. El sistema de Worldbytez ser\u00e1 el encargado de eliminar el archivo o los archivos del usuario autom\u00e1ticamente de su sitio, sus bases de datos y sus servidores.<\/p>\n\n\n\n<h2>Planes de cuenta Premium de Worldbytez<\/h2>\n\n\n\n<figure class=\"wp-block-table\"><table class=\"\"><tbody><tr><td>El n\u00famero de D\u00edas Premium:<\/td><td>60<\/td><td>100<\/td><td>180<\/td><td>365<\/td><td>750<\/td><\/tr><tr><td>Los precios:<\/td><td>18.00 Euros<\/td><td>22.00 Euros<\/td><td>36.00 Euros<\/td><td>60.00 Euros<\/td><td>90.00 Euros<\/td><\/tr><tr><td>No hay tiempo de espera:<\/td><td>\u2713<\/td><td>\u2713<\/td><td>\u2713<\/td><td>\u2713<\/td><td>\u2713<\/td><\/tr><tr><td>No hay CAPTCHAs:<\/td><td>\u2713<\/td><td>\u2713<\/td><td>\u2713<\/td><td>\u2713<\/td><td>\u2713<\/td><\/tr><\/tbody><\/table><\/figure>\n\n\n\n<figure class=\"wp-block-table\"><table class=\"\"><tbody><tr><td>Un usuario puede pagar a trav\u00e9s de los siguientes m\u00e9todos de pago: Revendedores de Worldbytez, PayPal, Visa, MasterCard, American Express, Discover, Paysafecard, VivaPayments, Bitcoin o Altcoin cryptocurrency, Economy y Emedia.<\/td><\/tr><\/tbody><\/table><\/figure>\n\n\n\n<p><strong>Planes de tr\u00e1fico Premium de Worldbytez<\/strong><\/p>\n\n\n\n<figure class=\"wp-block-table\"><table class=\"\"><tbody><tr><td>Tama\u00f1o de almacenamiento:<\/td><td>4048 gigabytes<\/td><td>8200 gigabytes<\/td><td>30500 gigabytes<\/td><td>50500 gigabytes<\/td><td>No hay l\u00edmites<\/td><\/tr><tr><td>Los precios:<\/td><td>\u20ac 4.99<\/td><td>\u20ac&nbsp; 7.99<\/td><td>\u20ac&nbsp; 19.99<\/td><td>\u20ac&nbsp; 39.99<\/td><td>\u20ac&nbsp; 79.99<\/td><\/tr><\/tbody><\/table><\/figure>\n\n\n\n<figure class=\"wp-block-table\"><table class=\"\"><tbody><tr><td>Un usuario puede pagar a trav\u00e9s de los siguientes m\u00e9todos de pago: Visa, MasterCard, American Express, Discover, Bitcoin o Altcoin.<\/td><\/tr><\/tbody><\/table><\/figure>\n\n\n<a class=\"maxbutton-2 maxbutton maxbutton-cta\" target=\"_blank\" rel=\"nofollow noopener\" href=\"\/go\/\"><span class='mb-text'>&gt;&gt; Ir a la p\u00e1gina web original de Linkifier <\/span><\/a>\n\n\n<p><\/p>\n\n\n\n<h3>El proceso de activaci\u00f3n de la cuenta Premium de WorldBytez<\/h3>\n\n\n\n<p>Despu\u00e9s de que un usuario haya comprado el Plan de Cuenta Premium de Worldbytez, entonces debe proceder a la activaci\u00f3n del servicio de la misma. Para activar el servicio de la cuenta premium, \u00e9l o ella debe tener una clave o c\u00f3digo de activaci\u00f3n para la Cuenta Premium de Worldbytez.  La clave o c\u00f3digo de activaci\u00f3n se puede adquirir en los distribuidores oficiales de Worldbytez. <\/p>\n\n\n\n<p>Si un usuario ya tiene un c\u00f3digo de clave de activaci\u00f3n para la Cuenta Premium de Worldbytez, entonces debe seguir las siguientes instrucciones:<\/p>\n\n\n\n<ol><li>El usuario debe ingresar primero en su cuenta en la p\u00e1gina de ingreso de WorldBytez (https:\/\/worldbytez.com\/login.html) o, si a\u00fan no tiene una cuenta, puede pasar a la p\u00e1gina de registro del sitio web de Worldbytez (https:\/\/worldbytez.com\/register.html) para crear una cuenta. <\/li><li> Despu\u00e9s de que un usuario haya ingresado su cuenta en el sitio web de Worldbytez. Proceda a la p\u00e1gina \u00abMi cuenta\u00bb de Worldbytez (https:\/\/worldbytez.com\/?op=my_account)<\/li><li> Busque el campo de la \u00abAplicar la Clave Premium\u00bb para introducir la clave o c\u00f3digo de activaci\u00f3n de la Cuenta Premium de Worldbytez. <\/li><li> Siempre se debe hacer clic en el bot\u00f3n \u00abAplicar\u00bb para aplicar la clave o c\u00f3digo de activaci\u00f3n a la cuenta del usuario que se va a activar. Una vez activada la cuenta, el usuario puede disfrutar de las funciones y servicios de la cuenta Premium de theWorldbytez.<\/li><\/ol>\n\n\n\n<p><strong>\u00bfC\u00f3mo puede un usuario tener un c\u00f3digo de activaci\u00f3n o un c\u00f3digo de cup\u00f3n para la Cuenta Premium de Worldbytez?<\/strong><\/p>\n\n\n\n<p>Un usuario puede comprar un c\u00f3digo de activaci\u00f3n o un c\u00f3digo de <a rel=\"noreferrer noopener\" aria-label=\"vale (opens in a new tab)\" href=\"https:\/\/dictionary.cambridge.org\/us\/dictionary\/english\/voucher\" target=\"_blank\">vale<\/a> para la Cuenta Premium de Worldbytez en cualquiera de los distribuidores oficiales de theWorldbytez. Para comprar, s\u00f3lo tiene que seguir las siguientes instrucciones:<\/p>\n\n\n\n<p>1. El usuario debe ir a los sitios web donde hay revendedores oficiales de Worldbytez.<\/p>\n\n\n\n<p>2. Un usuario puede buscar un c\u00f3digo de bono como en la imagen de muestra de abajo. Encuentra un c\u00f3digo como ese en las p\u00e1ginas web oficiales de los distribuidores de Worldbytez.<\/p>\n\n\n\n<figure class=\"wp-block-image\"><img src=\"https:\/\/lh4.googleusercontent.com\/x9dESrr048atR0TPpugQH3ZgMa-Ja5VQXFe9gbPC3MwNcsle4Vhx4hFofb1OxRqIS-b5D2JoIww8RI5LRaLBA7uRfwEGXEExiqlgnJUwQBda78wmt2mUJx8nSlE8eBFYEo54qvE\" alt=\"sample voucher code\"\/><\/figure>\n\n\n\n<p>3. Obtener el c\u00f3digo del vale de los revendedores o un usuario puede llegar a ellos a trav\u00e9s del contacto proporcionado por los revendedores en el sitio web.<\/p>\n\n\n\n<p>Si un usuario encuentra alg\u00fan problema en la compra de un c\u00f3digo de activaci\u00f3n o un c\u00f3digo de vale, debe ponerse en contacto con el revendedor de Worldbytez o a trav\u00e9s de la p\u00e1gina de contacto de su sitio web (https:\/\/worldbytez.com\/contact.html) o a trav\u00e9s de su correo electr\u00f3nico en info.worldbytez@gmail.com.<\/p>\n\n\n\n<h2>Los revendedores de Worldbytez<\/h2>\n\n\n\n<p>\u00bfDesea convertirse en uno de los revendedores de la Cuenta Premium de Worldbytez y de los c\u00f3digos de activaci\u00f3n o de los vales de la Cuenta Premium de Worldbytez?<\/p>\n\n\n\n<p>Los revendedores de Worldbytez pueden vender las Cuentas Premium de Worldbytez y los c\u00f3digos de activaci\u00f3n de las Cuentas Premium de Worldbytez o los c\u00f3digos de los vales. La empresa Worldbytez ofrece a sus revendedores oficiales un descuento por los productos Worldbytez que vender\u00e1n en el mercado en l\u00ednea. El importe inicial del descuento que Worldbytez ofrece a todos sus revendedores es de un veinte por ciento (20%) de descuento.<\/p>\n\n\n\n<p>A veces, un revendedor decide poner un descuento en los precios de los productos que vende, para que un usuario o un cliente pueda ahorrar dinero cuando compre a un revendedor. <\/p>\n\n\n\n<p>Si un usuario desea ser uno de los revendedores oficiales de Worldbytez, deber\u00e1 enviar un correo electr\u00f3nico a Worldbytez a la direcci\u00f3n info@worldbytez.com, incluyendo la siguiente informaci\u00f3n requerida a continuaci\u00f3n:<\/p>\n\n\n\n<p>\u2713 Nombre completo del usuario<br> \u2713 Ubicaci\u00f3n del pa\u00eds del usuario<br> \u2713 \u00bfEn qu\u00e9 lugar quiere vender los productos de Worldbytez?<br> \u2713 El m\u00e9todo de pago que \u00e9l o ella prefiere.<br> \u2713 \u00bfCu\u00e1nto puede vender un usuario cada semana?<br> \u2713 El nombre de usuario que \u00e9l o ella quiere para su cuenta de revendedor.<br> \u2713 El enlace del sitio web donde un usuario planea vender los productos de Worldbytez.<\/p>\n\n\n\n<p>Luego, si un usuario es aprobado por Worldbytez para ser un revendedor, recibir\u00e1 un mensaje de confirmaci\u00f3n a su direcci\u00f3n de correo electr\u00f3nico con informaci\u00f3n adicional de Worldbytez.<\/p>\n\n\n\n<figure class=\"wp-block-table\"><table class=\"\"><tbody><tr><td>Nombre de la p\u00e1gina web<\/td><td>M\u00e9todos de pago<\/td><\/tr><tr><td>D-keys<\/td><td>A trav\u00e9s de MasterCard, Banco Electr\u00f3nico o Transferencia Bancaria, VivaWallet, Tarjetas de Cr\u00e9dito Mundiales, Tarjetas Prepagadas, Tarjetas de D\u00e9bito, Visa y Visa Electr\u00f3n, Maestro, y otros<\/td><\/tr><tr><td>Lobi<\/td><td>A trav\u00e9s de Banco Electr\u00f3nico o Transferencia Bancaria, Tarjetas Prepagadas, Tarjetas de D\u00e9bito, MasterCard, Maestro, Tarjetas de Cr\u00e9dito Mundiales, Visa y Visa Electr\u00f3n, y otros.<\/td><\/tr><tr><td>Digitadiko<\/td><td>A trav\u00e9s de Paypal, Banco Electr\u00f3nico o Transferencia Bancaria, Bitcoin o Altcoin, Dep\u00f3sito Bancario, Tarjetas de Cr\u00e9dito, MasterCard, Visa, Visa Electr\u00f3n, Maestro, American Express, Paysafecard, Payza, Skrill, CashU, Ukash, OKpay, Webmoney, SMS, y otros<\/td><\/tr><tr><td>Economy-Shop<\/td><td>A trav\u00e9s de Paypal, Banco Electr\u00f3nico o Transferencia Bancaria, Visa y Visa Electr\u00f3n, Tarjetas Prepagadas, Tarjetas de D\u00e9bito, Tarjetas de Cr\u00e9dito Mundiales, Maestro, MasterCard, y otros<\/td><\/tr><tr><td>EMediaShop<\/td><td>A trav\u00e9s de Paypal, Banco Electr\u00f3nico o Transferencia Bancaria, MasterCard, Tarjetas Prepagadas, Tarjetas de D\u00e9bito, Visa y Visa Electr\u00f3n, Tarjetas de Cr\u00e9dito Mundiales, Maestro, y otros.<\/td><\/tr><\/tbody><\/table><\/figure>\n\n\n\n<p>El usuario tambi\u00e9n puede ofrecer a Worldbytez el m\u00e9todo de pago que utiliza. \u00c9l o ella es libre de enviar un mensaje al respecto a trav\u00e9s del correo electr\u00f3nico de Worldbytez (info.worldbytez@gmail.com) o de la p\u00e1gina de contacto.<\/p>\n\n\n\n<p>El usuario debe asegurarse siempre de que introduce su informaci\u00f3n de forma correcta y v\u00e1lida, para que no haya problemas cuando pague a Worldbytez o cuando Worldbytez le pague.<\/p>\n\n\n\n<p>Si un usuario desea cancelar su suscripci\u00f3n a la cuenta del servicio de Cuenta Premium de Worldbytez en cualquier momento, pero Worldbytez no apoya el servicio de reembolso para sus usuarios o clientes por ahora.<\/p>\n\n\n\n<h3>Informaci\u00f3n sobre la empresa Worldbytez<\/h3>\n\n\n\n<figure class=\"wp-block-table\"><table class=\"\"><tbody><tr><td>Nombre de la compa\u00f1\u00eda (oficial):<\/td><td>Worldbytez LTD<\/td><\/tr><tr><td>Direcci\u00f3n del lugar:<\/td><td>Calle Toma Mitov No. 18, 1er piso<\/td><\/tr><tr><td>Ubicaci\u00f3n del pa\u00eds:<\/td><td>Bulgaria<\/td><\/tr><tr><td>C\u00f3digo postal (ciudad):<\/td><td>Distrito de Blagoevgrad, Municipalidad de Petrich, 2850<\/td><\/tr><tr><td>Impuesto sobre el Valor A\u00f1adido (IVA)<\/td><td>204850418<\/td><\/tr><tr><td>Tel. N\u00famero:<\/td><td>+359-877-005-642 (Contactar con ellos de 12:00 a 22:00)<\/td><\/tr><tr><td>Agregar correo electr\u00f3nico:<\/td><td>info.worldbytez@gmail.com<\/td><\/tr><\/tbody><\/table><\/figure>\n\n\n<a class=\"maxbutton-2 maxbutton maxbutton-cta\" target=\"_blank\" rel=\"nofollow noopener\" href=\"\/go\/\"><span class='mb-text'>&gt;&gt; Ir a la p\u00e1gina web original de Linkifier <\/span><\/a>\n\n\n<p><\/p>\n","protected":false},"excerpt":{"rendered":"<p>Worldbytez es uno de esos proveedores de alojamiento de archivos que ofrece almacenamiento o una copia de seguridad a distancia<\/p>\n","protected":false},"author":2,"featured_media":0,"parent":0,"menu_order":0,"comment_status":"closed","ping_status":"closed","template":"","meta":[],"yoast_head":"<!-- This site is optimized with the Yoast SEO plugin v18.3 - https:\/\/yoast.com\/wordpress\/plugins\/seo\/ -->\n<title>Worldbytez Premium Cuenta: El Filehoster De Un Vistazo<\/title>\n<meta name=\"description\" content=\"Si Worldbytez es un proveedor de confianza o no, puede encontrar la respuesta en el test actual en Multihoster.org \u279c Haga clic ahora \u271a para leer nuestras experiencias!\" \/>\n<meta name=\"robots\" content=\"index, follow, max-snippet:-1, max-image-preview:large, max-video-preview:-1\" \/>\n<link rel=\"canonical\" href=\"https:\/\/multihoster.org\/es\/worldbytez\/\" \/>\n<meta property=\"og:locale\" content=\"es_ES\" \/>\n<meta property=\"og:type\" content=\"article\" \/>\n<meta property=\"og:title\" content=\"Worldbytez Premium Cuenta: El Filehoster De Un Vistazo\" \/>\n<meta property=\"og:description\" content=\"Si Worldbytez es un proveedor de confianza o no, puede encontrar la respuesta en el test actual en Multihoster.org \u279c Haga clic ahora \u271a para leer nuestras experiencias!\" \/>\n<meta property=\"og:url\" content=\"https:\/\/multihoster.org\/es\/worldbytez\/\" \/>\n<meta property=\"og:site_name\" content=\"Multihoster.org\" \/>\n<meta property=\"article:modified_time\" content=\"2020-04-20T12:01:59+00:00\" \/>\n<meta property=\"og:image\" content=\"https:\/\/lh3.googleusercontent.com\/ZwKTn0qxlK9t2UpSPpApEe5RhukrV4XOwXWiMt7O2uS0uv62mqTWd7VBNkqdXw4yWEDJzMqcFq0fT2OOMQqR42ZbpbcLCdrawC7hLUuslDrahfg4QkcU5hu6ewz3tARyzoY346g\" \/>\n<meta name=\"twitter:card\" content=\"summary\" \/>\n<meta name=\"twitter:label1\" content=\"Tiempo de lectura\" \/>\n\t<meta name=\"twitter:data1\" content=\"10 minutos\" \/>\n<script type=\"application\/ld+json\" class=\"yoast-schema-graph\">{\"@context\":\"https:\/\/schema.org\",\"@graph\":[{\"@type\":\"WebSite\",\"@id\":\"https:\/\/multihoster.org\/#website\",\"url\":\"https:\/\/multihoster.org\/\",\"name\":\"Multihoster.org\",\"description\":\"Reviews of the major Filehosting services\",\"potentialAction\":[{\"@type\":\"SearchAction\",\"target\":{\"@type\":\"EntryPoint\",\"urlTemplate\":\"https:\/\/multihoster.org\/?s={search_term_string}\"},\"query-input\":\"required name=search_term_string\"}],\"inLanguage\":\"es\"},{\"@type\":\"ImageObject\",\"@id\":\"https:\/\/multihoster.org\/es\/worldbytez\/#primaryimage\",\"inLanguage\":\"es\",\"url\":\"https:\/\/lh3.googleusercontent.com\/ZwKTn0qxlK9t2UpSPpApEe5RhukrV4XOwXWiMt7O2uS0uv62mqTWd7VBNkqdXw4yWEDJzMqcFq0fT2OOMQqR42ZbpbcLCdrawC7hLUuslDrahfg4QkcU5hu6ewz3tARyzoY346g\",\"contentUrl\":\"https:\/\/lh3.googleusercontent.com\/ZwKTn0qxlK9t2UpSPpApEe5RhukrV4XOwXWiMt7O2uS0uv62mqTWd7VBNkqdXw4yWEDJzMqcFq0fT2OOMQqR42ZbpbcLCdrawC7hLUuslDrahfg4QkcU5hu6ewz3tARyzoY346g\"},{\"@type\":\"WebPage\",\"@id\":\"https:\/\/multihoster.org\/es\/worldbytez\/#webpage\",\"url\":\"https:\/\/multihoster.org\/es\/worldbytez\/\",\"name\":\"Worldbytez Premium Cuenta: El Filehoster De Un Vistazo\",\"isPartOf\":{\"@id\":\"https:\/\/multihoster.org\/#website\"},\"primaryImageOfPage\":{\"@id\":\"https:\/\/multihoster.org\/es\/worldbytez\/#primaryimage\"},\"datePublished\":\"2020-04-20T09:20:34+00:00\",\"dateModified\":\"2020-04-20T12:01:59+00:00\",\"description\":\"Si Worldbytez es un proveedor de confianza o no, puede encontrar la respuesta en el test actual en Multihoster.org \u279c Haga clic ahora \u271a para leer nuestras experiencias!\",\"breadcrumb\":{\"@id\":\"https:\/\/multihoster.org\/es\/worldbytez\/#breadcrumb\"},\"inLanguage\":\"es\",\"potentialAction\":[{\"@type\":\"ReadAction\",\"target\":[\"https:\/\/multihoster.org\/es\/worldbytez\/\"]}]},{\"@type\":\"BreadcrumbList\",\"@id\":\"https:\/\/multihoster.org\/es\/worldbytez\/#breadcrumb\",\"itemListElement\":[{\"@type\":\"ListItem\",\"position\":1,\"name\":\"Startseite\",\"item\":\"https:\/\/multihoster.org\/es\/\"},{\"@type\":\"ListItem\",\"position\":2,\"name\":\"Worldbytez Premium Cuenta: El Filehoster De Un Vistazo\"}]}]}<\/script>\n<!-- \/ Yoast SEO plugin. -->","yoast_head_json":{"title":"Worldbytez Premium Cuenta: El Filehoster De Un Vistazo","description":"Si Worldbytez es un proveedor de confianza o no, puede encontrar la respuesta en el test actual en Multihoster.org \u279c Haga clic ahora \u271a para leer nuestras experiencias!","robots":{"index":"index","follow":"follow","max-snippet":"max-snippet:-1","max-image-preview":"max-image-preview:large","max-video-preview":"max-video-preview:-1"},"canonical":"https:\/\/multihoster.org\/es\/worldbytez\/","og_locale":"es_ES","og_type":"article","og_title":"Worldbytez Premium Cuenta: El Filehoster De Un Vistazo","og_description":"Si Worldbytez es un proveedor de confianza o no, puede encontrar la respuesta en el test actual en Multihoster.org \u279c Haga clic ahora \u271a para leer nuestras experiencias!","og_url":"https:\/\/multihoster.org\/es\/worldbytez\/","og_site_name":"Multihoster.org","article_modified_time":"2020-04-20T12:01:59+00:00","og_image":[{"url":"https:\/\/lh3.googleusercontent.com\/ZwKTn0qxlK9t2UpSPpApEe5RhukrV4XOwXWiMt7O2uS0uv62mqTWd7VBNkqdXw4yWEDJzMqcFq0fT2OOMQqR42ZbpbcLCdrawC7hLUuslDrahfg4QkcU5hu6ewz3tARyzoY346g"}],"twitter_card":"summary","twitter_misc":{"Tiempo de lectura":"10 minutos"},"schema":{"@context":"https:\/\/schema.org","@graph":[{"@type":"WebSite","@id":"https:\/\/multihoster.org\/#website","url":"https:\/\/multihoster.org\/","name":"Multihoster.org","description":"Reviews of the major Filehosting services","potentialAction":[{"@type":"SearchAction","target":{"@type":"EntryPoint","urlTemplate":"https:\/\/multihoster.org\/?s={search_term_string}"},"query-input":"required name=search_term_string"}],"inLanguage":"es"},{"@type":"ImageObject","@id":"https:\/\/multihoster.org\/es\/worldbytez\/#primaryimage","inLanguage":"es","url":"https:\/\/lh3.googleusercontent.com\/ZwKTn0qxlK9t2UpSPpApEe5RhukrV4XOwXWiMt7O2uS0uv62mqTWd7VBNkqdXw4yWEDJzMqcFq0fT2OOMQqR42ZbpbcLCdrawC7hLUuslDrahfg4QkcU5hu6ewz3tARyzoY346g","contentUrl":"https:\/\/lh3.googleusercontent.com\/ZwKTn0qxlK9t2UpSPpApEe5RhukrV4XOwXWiMt7O2uS0uv62mqTWd7VBNkqdXw4yWEDJzMqcFq0fT2OOMQqR42ZbpbcLCdrawC7hLUuslDrahfg4QkcU5hu6ewz3tARyzoY346g"},{"@type":"WebPage","@id":"https:\/\/multihoster.org\/es\/worldbytez\/#webpage","url":"https:\/\/multihoster.org\/es\/worldbytez\/","name":"Worldbytez Premium Cuenta: El Filehoster De Un Vistazo","isPartOf":{"@id":"https:\/\/multihoster.org\/#website"},"primaryImageOfPage":{"@id":"https:\/\/multihoster.org\/es\/worldbytez\/#primaryimage"},"datePublished":"2020-04-20T09:20:34+00:00","dateModified":"2020-04-20T12:01:59+00:00","description":"Si Worldbytez es un proveedor de confianza o no, puede encontrar la respuesta en el test actual en Multihoster.org \u279c Haga clic ahora \u271a para leer nuestras experiencias!","breadcrumb":{"@id":"https:\/\/multihoster.org\/es\/worldbytez\/#breadcrumb"},"inLanguage":"es","potentialAction":[{"@type":"ReadAction","target":["https:\/\/multihoster.org\/es\/worldbytez\/"]}]},{"@type":"BreadcrumbList","@id":"https:\/\/multihoster.org\/es\/worldbytez\/#breadcrumb","itemListElement":[{"@type":"ListItem","position":1,"name":"Startseite","item":"https:\/\/multihoster.org\/es\/"},{"@type":"ListItem","position":2,"name":"Worldbytez Premium Cuenta: El Filehoster De Un Vistazo"}]}]}},"_links":{"self":[{"href":"https:\/\/multihoster.org\/es\/wp-json\/wp\/v2\/pages\/4017"}],"collection":[{"href":"https:\/\/multihoster.org\/es\/wp-json\/wp\/v2\/pages"}],"about":[{"href":"https:\/\/multihoster.org\/es\/wp-json\/wp\/v2\/types\/page"}],"author":[{"embeddable":true,"href":"https:\/\/multihoster.org\/es\/wp-json\/wp\/v2\/users\/2"}],"replies":[{"embeddable":true,"href":"https:\/\/multihoster.org\/es\/wp-json\/wp\/v2\/comments?post=4017"}],"version-history":[{"count":3,"href":"https:\/\/multihoster.org\/es\/wp-json\/wp\/v2\/pages\/4017\/revisions"}],"predecessor-version":[{"id":4041,"href":"https:\/\/multihoster.org\/es\/wp-json\/wp\/v2\/pages\/4017\/revisions\/4041"}],"wp:attachment":[{"href":"https:\/\/multihoster.org\/es\/wp-json\/wp\/v2\/media?parent=4017"}],"curies":[{"name":"wp","href":"https:\/\/api.w.org\/{rel}","templated":true}]}}