{"id":4056,"date":"2020-04-20T12:20:17","date_gmt":"2020-04-20T12:20:17","guid":{"rendered":"https:\/\/multihoster.org\/icerbox\/"},"modified":"2020-04-20T15:24:26","modified_gmt":"2020-04-20T15:24:26","slug":"icerbox","status":"publish","type":"page","link":"https:\/\/multihoster.org\/es\/icerbox\/","title":{"rendered":"Icerbox Premium Cuenta: El Filehoster De Un Vistazo"},"content":{"rendered":"<a class=\"maxbutton-2 maxbutton maxbutton-cta\" target=\"_blank\" rel=\"nofollow noopener\" href=\"\/go\/\"><span class='mb-text'>&gt;&gt; Ir a la p\u00e1gina web original de Linkifier<\/span><\/a>\n\n\n<p><\/p>\n\n\n\n<h2>\u00bfQu\u00e9 es Icerbox?<\/h2>\n\n\n\n<figure class=\"wp-block-image\"><img src=\"https:\/\/lh3.googleusercontent.com\/493jzcDX3PFt-Lt4SzyCUiMVL0kxnjE6P0HOZhCqmVcMoXTpG1Y-ZLhg51E6BcSVBUnWtZKDSkPAV93vpvaRYBqO7t0CUSYNX_YvYEzLePQxXWa2jTTsfKVAKx5fduxWmtxehI4\" alt=\"Icerbox Logo\"\/><\/figure>\n\n\n\n<p>Icerbox es un servicio de almacenamiento en la nube que tiene una forma muy sencilla de ofrecer a sus usuarios un servicio satisfactorio y caracter\u00edsticas innovadoras. Icerbox Premium tiene un sistema de gesti\u00f3n muy c\u00f3modo que ofrece una mayor velocidad de conexi\u00f3n, mayor capacidad de almacenamiento y un servicio de almacenamiento en la nube seguro. Tambi\u00e9n tiene una funci\u00f3n multitarea que permite a los usuarios descargar y subir m\u00faltiples archivos para facilitar la transferencia y el acceso. Esta caracter\u00edstica tambi\u00e9n est\u00e1 disponible en otros servicios de alojamiento de archivos en l\u00ednea, pero Icerbox Premium le permite disfrutar de estos servicios premium a un precio m\u00e1s barato.<\/p>\n\n\n\n<h2>\u00bfPor qu\u00e9 utilizar una cuenta Premium de Icerbox?<\/h2>\n\n\n\n<p>Icerbox es bueno por s\u00ed mismo, pero los usuarios pueden mejorar mucho su servicio teniendo una Cuenta Premium de Icerbox. La cuenta Icerbox Premium abre una amplia lista de grandes e innovadoras caracter\u00edsticas. Con una cuenta de Icerbox Premium, los usuarios tienen derecho a una mayor capacidad de almacenamiento y conexiones m\u00e1s r\u00e1pidas al servidor. Los usuarios Premium disfrutan de un mayor ancho de banda para asegurar un acceso m\u00e1s r\u00e1pido a su propio almacenamiento, sin mencionar la alta prioridad en el tr\u00e1fico de la red. Los usuarios de Icerbox Premium tambi\u00e9n se liberan de los molestos pop-ups y anuncios. Todos estos servicios cuestan menos de cien d\u00f3lares al mes.<\/p>\n\n\n\n<h3>Respaldo de datos<\/h3>\n\n\n\n<p>Icerbox Premium tiene una funci\u00f3n de copia de seguridad que se puede utilizar para asegurar los archivos importantes para su uso futuro. La seguridad de los archivos es muy importante para los propietarios de negocios que tienen demasiados documentos que guardar. Es de sentido com\u00fan que las empresas tienen un gran n\u00famero de documentos que no pueden permitirse perder, como n\u00f3minas, registros de asistencia y archivos de datos de los empleados. Los estudiantes tambi\u00e9n tienen una gran demanda de seguridad de datos. Los proyectos y las presentaciones se pueden guardar en la nube y se puede acceder a ellos m\u00e1s tarde si es necesario. Icerbox Premium puede ser de gran ayuda para hacer copias de seguridad de los archivos. Con una conexi\u00f3n muy segura y r\u00e1pida, Icerbox Premium es un gran servicio de almacenamiento en la nube para aquellos que tienen una alta prioridad en la seguridad de los archivos importantes.<\/p>\n\n\n\n<h3>Acceso Multiplataforma <\/h3>\n\n\n\n<p>Es innegable que la era actual es muy r\u00e1pida, que algunas personas no pueden seguir el ritmo de c\u00f3mo tienen que manejar sus archivos y medios de comunicaci\u00f3n. Pero desde el desarrollo de las aplicaciones m\u00f3viles, estos asuntos triviales han sido resueltos. La gente ahora puede controlar la gesti\u00f3n de sus datos utilizando aplicaciones m\u00f3viles. Afortunadamente, Icerbox Premium ofrece conectividad multi-plataforma. Los usuarios pueden acceder a sus archivos a trav\u00e9s de sus dispositivos m\u00f3viles. Ya sea Windows, Android o IOS, el servicio de almacenamiento en la nube de Icerbox Premium te cubre las espaldas. Esta amplia capacidad multiplataforma ofrece formas m\u00e1s flexibles y f\u00e1ciles de manejar completamente sus necesidades de almacenamiento de archivos y documentos. Esta caracter\u00edstica multiplataforma tambi\u00e9n es perfecta para artistas digitales y fot\u00f3grafos que necesitan que sus obras se carguen de forma segura en su propio almacenamiento en l\u00ednea.<\/p>\n\n\n\n<h3>Almacenamiento seguro en la nube<\/h3>\n\n\n\n<p>Una de las principales razones por las que la gente se suscribe a los servicios de almacenamiento en la nube es por la seguridad de sus archivos importantes. Pero hay otros servicios de alojamiento de archivos que tienen un almacenamiento y una base de datos f\u00e1cil de violar. Esto puede ser muy malo, especialmente si usted est\u00e1 manteniendo documentos o medios importantes en su almacenamiento en la nube. El Icerbox Premium, por otro lado, tiene un almacenamiento en la nube muy seguro. Icerbox utiliza centros de datos para asegurarse de que todos los archivos que suben sus usuarios se almacenan de forma segura en su nube. Internet tiene muchas entidades maliciosas esperando para robar archivos y medios importantes de las v\u00edctimas potenciales, pero las caracter\u00edsticas de seguridad de Icerbox Premium eliminan los riesgos de una posible pirater\u00eda y robo de medios y documentos.<\/p>\n\n\n\n<h3>Mayor capacidad de almacenamiento <\/h3>\n\n\n\n<p>Con una cuenta Icerbox Premium, se le da una capacidad de almacenamiento mejorada. Normalmente, los usuarios gratuitos s\u00f3lo disponen de un almacenamiento limitado, pero disponer de una cuenta Icerbox Premium le permite disfrutar de un total de 1 TB de almacenamiento en la nube. Almacena todos los archivos que quieras sin preocuparte de que se te acabe la capacidad de almacenamiento disponible. Ya sean archivos multimedia o de v\u00eddeo de gran tama\u00f1o, Icerbox Premium te cubre con una capacidad de almacenamiento que puede acomodar archivos de gran tama\u00f1o. Los creadores de contenido pueden aprovechar este gran tama\u00f1o de almacenamiento subiendo sus contenidos en l\u00ednea y manteniendo sus obras seguras en el almacenamiento en la nube.<\/p>\n\n\n\n<h3>No hay anuncios<\/h3>\n\n\n\n<p>A diferencia de la cuenta gratuita que obtiene sus ingresos de los anuncios, la cuenta Icerbox Premium est\u00e1 libre de esos molestos pop-ups. Disfruta del servicio de Icerbox Premium sin que te molesten los anuncios que pueden llevarte a otros sitios web.<\/p>\n\n\n<a class=\"maxbutton-2 maxbutton maxbutton-cta\" target=\"_blank\" rel=\"nofollow noopener\" href=\"\/go\/\"><span class='mb-text'>&gt;&gt; Ir a la p\u00e1gina web original de Linkifier<\/span><\/a>\n\n\n<p><\/p>\n\n\n\n<h3>Enlaces directos<\/h3>\n\n\n\n<p>Descargar tus archivos y otros contenidos del almacenamiento en la nube de Icerbox Premium es muy f\u00e1cil con una cuenta de Icerbox Premium. Los usuarios de la cuenta Premium pueden utilizar URL y enlaces directos para un acceso m\u00e1s r\u00e1pido a sus archivos y contenidos. Estas URLs tambi\u00e9n pueden ser usadas para compartir sus archivos con quien quieran. Esta caracter\u00edstica de la cuenta de Icerbox Premium permite una gesti\u00f3n sin problemas de sus archivos. Es aconsejable para su uso en el lugar de trabajo. Las personas que trabajan en un proyecto pueden compartir f\u00e1cilmente sus archivos importantes con s\u00f3lo un enlace. Las dem\u00e1s personas del grupo pueden descargar los archivos por s\u00ed mismas. Esta funci\u00f3n de enlace directo de Icerbox Premium ofrece una forma muy sencilla y segura de compartir archivos importantes entre amigos y compa\u00f1eros. Todo lo que tienes que hacer es copiar y pegar la URL y tu archivo estar\u00e1 listo para ser descargado.<\/p>\n\n\n\n<figure class=\"wp-block-image\"><img src=\"https:\/\/lh3.googleusercontent.com\/HQNhdcagPamIueLOxgMqcKHczdiPnzCTHziaGCU8fl5jGCfi34JrXESuIjWn0wckTDMEg2hYRWAlCrPd-qL0EjhOMWbgBcBfa0rrMKEaq-Q14OSdRbdSa0AYVaM81sHcnq4BFbw\" alt=\"Icerbox Premium features\"\/><\/figure>\n\n\n\n<h2>\u00bfC\u00f3mo se obtiene una cuenta propia de Icerbox Premium?<\/h2>\n\n\n\n<p>Icerbox Premium tiene un mont\u00f3n de paquetes flexibles para que puedas elegir. Puedes elegir un plan de suscripci\u00f3n que se adapte totalmente a tus necesidades y a tu negocio. Los usuarios pueden elegir libremente entre tres tipos de cuentas, la b\u00e1sica, la mediana y la grande. Todas tienen diferentes paquetes dependiendo de las necesidades de sus usuarios.<\/p>\n\n\n\n<p>Aqu\u00ed hay una comparaci\u00f3n de los tipos de cuentas Premium:<\/p>\n\n\n\n<figure class=\"wp-block-table\"><table class=\"\"><tbody><tr><td>Tipo de cuenta<\/td><td>B\u00e1sico<\/td><td>Medio<\/td><td>Gran<\/td><\/tr><tr><td>Duraci\u00f3n<\/td><td>1 mes<\/td><td>3 meses<\/td><td>6 meses<\/td><\/tr><tr><td>Tama\u00f1o de almacenamiento<\/td><td>500 GB<\/td><td>750 GB<\/td><td>1 TB<\/td><\/tr><tr><td>Velocidad<\/td><td>Ilimitado<\/td><td>Ilimitado<\/td><td>Ilimitado<\/td><\/tr><tr><td>Costo<\/td><td>$17<\/td><td>$40<\/td><td>$70<\/td><\/tr><tr><td>Promedio por d\u00eda<\/td><td> $0.57 per day <\/td><td>$0.44 por d\u00eda<\/td><td>$0.39 por d\u00eda<\/td><\/tr><\/tbody><\/table><\/figure>\n\n\n\n<p>Puede que veas que cuanto m\u00e1s grande sea la cuenta, mayor es la cantidad que puedes ahorrar ya que el coste medio por d\u00eda tambi\u00e9n disminuye. Sin embargo, la cuenta que usted elegir\u00e1 todav\u00eda depende de sus necesidades y capacidades financieras.<\/p>\n\n\n\n<p>El Icerbox Premium tambi\u00e9n ofrece diferentes formas flexibles de recibir el pago. Incluyen MasterCard, VISA y PayPal. Tambi\u00e9n hay revendedores disponibles en l\u00ednea para que usted elija.<\/p>\n\n\n\n<figure class=\"wp-block-image\"><img src=\"https:\/\/lh5.googleusercontent.com\/Fs4nM-oeJK_bUhXeZfMF4JLqTpAPCBk3ZkK53lVTJ_LJGBKCJBMJXhtX--nKfr7GuNutQ3mEAoCn-7hiAd0NqrZ2Jh-8J86HHfExiefjzlFo36keZAoJrqcQjsxrUIE1B3SJDXE\" alt=\"Icerbox Premium packages\"\/><\/figure>\n\n\n\n<h2>Cuenta Premium de Icerbox: El mejor servicio completo de alojamiento de archivos<\/h2>\n\n\n\n<p>La necesidad de una mejor y m\u00e1s r\u00e1pida gesti\u00f3n de archivos y medios es relativamente creciente debido a la forma en que la gente conf\u00eda m\u00e1s en la digitalizaci\u00f3n de todo. Desde los trabajos escolares hasta los documentos importantes de la empresa, todo hoy en d\u00eda se est\u00e1 convirtiendo en archivos digitales. Con esta tendencia, as\u00ed como la necesidad de servicios de almacenamiento f\u00e1ciles y r\u00e1pidos. Icerbox Premium tiene todas las caracter\u00edsticas necesarias y el servicio que puede acomodar completamente la necesidad de un acceso tan r\u00e1pido a los archivos y medios de comunicaci\u00f3n. Con un almacenamiento seguro en la nube, los usuarios pueden estar seguros de la seguridad de sus archivos. La velocidad y la mejora del ancho de banda es otra cosa que hace que Icerbox Premium sea una mejor opci\u00f3n que la mayor\u00eda de los servicios de alojamiento de archivos con el mismo precio. El Icerbox Premium a pesar de ser una tarifa de suscripci\u00f3n barata, no carece de ning\u00fan servicio mejor. Si eres un estudiante o un creador de contenidos digitales, en particular, Icerbox Premium es el mejor servicio de almacenamiento en la nube online que puedes encontrar.<\/p>\n\n\n<a class=\"maxbutton-2 maxbutton maxbutton-cta\" target=\"_blank\" rel=\"nofollow noopener\" href=\"\/go\/\"><span class='mb-text'>&gt;&gt; Ir a la p\u00e1gina web original de Linkifier<\/span><\/a>\n\n\n<p><\/p>\n","protected":false},"excerpt":{"rendered":"<p>\u00bfQu\u00e9 es Icerbox? Icerbox es un servicio de almacenamiento en la nube que tiene una forma muy sencilla de ofrecer<\/p>\n","protected":false},"author":2,"featured_media":0,"parent":0,"menu_order":0,"comment_status":"closed","ping_status":"closed","template":"","meta":[],"yoast_head":"<!-- This site is optimized with the Yoast SEO plugin v18.3 - https:\/\/yoast.com\/wordpress\/plugins\/seo\/ -->\n<title>Icerbox Premium Cuenta: El Filehoster De Un Vistazo<\/title>\n<meta name=\"description\" content=\"Si Icerbox es un proveedor de confianza o no, puedes encontrar la respuesta en el test actual en Multihoster.org \u279c Haz clic ahora \u271a para leer nuestras experiencias!\" \/>\n<meta name=\"robots\" content=\"index, follow, max-snippet:-1, max-image-preview:large, max-video-preview:-1\" \/>\n<link rel=\"canonical\" href=\"https:\/\/multihoster.org\/es\/icerbox\/\" \/>\n<meta property=\"og:locale\" content=\"es_ES\" \/>\n<meta property=\"og:type\" content=\"article\" \/>\n<meta property=\"og:title\" content=\"Icerbox Premium Cuenta: El Filehoster De Un Vistazo\" \/>\n<meta property=\"og:description\" content=\"Si Icerbox es un proveedor de confianza o no, puedes encontrar la respuesta en el test actual en Multihoster.org \u279c Haz clic ahora \u271a para leer nuestras experiencias!\" \/>\n<meta property=\"og:url\" content=\"https:\/\/multihoster.org\/es\/icerbox\/\" \/>\n<meta property=\"og:site_name\" content=\"Multihoster.org\" \/>\n<meta property=\"article:modified_time\" content=\"2020-04-20T15:24:26+00:00\" \/>\n<meta property=\"og:image\" content=\"https:\/\/lh3.googleusercontent.com\/493jzcDX3PFt-Lt4SzyCUiMVL0kxnjE6P0HOZhCqmVcMoXTpG1Y-ZLhg51E6BcSVBUnWtZKDSkPAV93vpvaRYBqO7t0CUSYNX_YvYEzLePQxXWa2jTTsfKVAKx5fduxWmtxehI4\" \/>\n<meta name=\"twitter:card\" content=\"summary\" \/>\n<meta name=\"twitter:label1\" content=\"Tiempo de lectura\" \/>\n\t<meta name=\"twitter:data1\" content=\"7 minutos\" \/>\n<script type=\"application\/ld+json\" class=\"yoast-schema-graph\">{\"@context\":\"https:\/\/schema.org\",\"@graph\":[{\"@type\":\"WebSite\",\"@id\":\"https:\/\/multihoster.org\/#website\",\"url\":\"https:\/\/multihoster.org\/\",\"name\":\"Multihoster.org\",\"description\":\"Reviews of the major Filehosting services\",\"potentialAction\":[{\"@type\":\"SearchAction\",\"target\":{\"@type\":\"EntryPoint\",\"urlTemplate\":\"https:\/\/multihoster.org\/?s={search_term_string}\"},\"query-input\":\"required name=search_term_string\"}],\"inLanguage\":\"es\"},{\"@type\":\"ImageObject\",\"@id\":\"https:\/\/multihoster.org\/es\/icerbox\/#primaryimage\",\"inLanguage\":\"es\",\"url\":\"https:\/\/lh3.googleusercontent.com\/493jzcDX3PFt-Lt4SzyCUiMVL0kxnjE6P0HOZhCqmVcMoXTpG1Y-ZLhg51E6BcSVBUnWtZKDSkPAV93vpvaRYBqO7t0CUSYNX_YvYEzLePQxXWa2jTTsfKVAKx5fduxWmtxehI4\",\"contentUrl\":\"https:\/\/lh3.googleusercontent.com\/493jzcDX3PFt-Lt4SzyCUiMVL0kxnjE6P0HOZhCqmVcMoXTpG1Y-ZLhg51E6BcSVBUnWtZKDSkPAV93vpvaRYBqO7t0CUSYNX_YvYEzLePQxXWa2jTTsfKVAKx5fduxWmtxehI4\"},{\"@type\":\"WebPage\",\"@id\":\"https:\/\/multihoster.org\/es\/icerbox\/#webpage\",\"url\":\"https:\/\/multihoster.org\/es\/icerbox\/\",\"name\":\"Icerbox Premium Cuenta: El Filehoster De Un Vistazo\",\"isPartOf\":{\"@id\":\"https:\/\/multihoster.org\/#website\"},\"primaryImageOfPage\":{\"@id\":\"https:\/\/multihoster.org\/es\/icerbox\/#primaryimage\"},\"datePublished\":\"2020-04-20T12:20:17+00:00\",\"dateModified\":\"2020-04-20T15:24:26+00:00\",\"description\":\"Si Icerbox es un proveedor de confianza o no, puedes encontrar la respuesta en el test actual en Multihoster.org \u279c Haz clic ahora \u271a para leer nuestras experiencias!\",\"breadcrumb\":{\"@id\":\"https:\/\/multihoster.org\/es\/icerbox\/#breadcrumb\"},\"inLanguage\":\"es\",\"potentialAction\":[{\"@type\":\"ReadAction\",\"target\":[\"https:\/\/multihoster.org\/es\/icerbox\/\"]}]},{\"@type\":\"BreadcrumbList\",\"@id\":\"https:\/\/multihoster.org\/es\/icerbox\/#breadcrumb\",\"itemListElement\":[{\"@type\":\"ListItem\",\"position\":1,\"name\":\"Startseite\",\"item\":\"https:\/\/multihoster.org\/es\/\"},{\"@type\":\"ListItem\",\"position\":2,\"name\":\"Icerbox Premium Cuenta: El Filehoster De Un Vistazo\"}]}]}<\/script>\n<!-- \/ Yoast SEO plugin. -->","yoast_head_json":{"title":"Icerbox Premium Cuenta: El Filehoster De Un Vistazo","description":"Si Icerbox es un proveedor de confianza o no, puedes encontrar la respuesta en el test actual en Multihoster.org \u279c Haz clic ahora \u271a para leer nuestras experiencias!","robots":{"index":"index","follow":"follow","max-snippet":"max-snippet:-1","max-image-preview":"max-image-preview:large","max-video-preview":"max-video-preview:-1"},"canonical":"https:\/\/multihoster.org\/es\/icerbox\/","og_locale":"es_ES","og_type":"article","og_title":"Icerbox Premium Cuenta: El Filehoster De Un Vistazo","og_description":"Si Icerbox es un proveedor de confianza o no, puedes encontrar la respuesta en el test actual en Multihoster.org \u279c Haz clic ahora \u271a para leer nuestras experiencias!","og_url":"https:\/\/multihoster.org\/es\/icerbox\/","og_site_name":"Multihoster.org","article_modified_time":"2020-04-20T15:24:26+00:00","og_image":[{"url":"https:\/\/lh3.googleusercontent.com\/493jzcDX3PFt-Lt4SzyCUiMVL0kxnjE6P0HOZhCqmVcMoXTpG1Y-ZLhg51E6BcSVBUnWtZKDSkPAV93vpvaRYBqO7t0CUSYNX_YvYEzLePQxXWa2jTTsfKVAKx5fduxWmtxehI4"}],"twitter_card":"summary","twitter_misc":{"Tiempo de lectura":"7 minutos"},"schema":{"@context":"https:\/\/schema.org","@graph":[{"@type":"WebSite","@id":"https:\/\/multihoster.org\/#website","url":"https:\/\/multihoster.org\/","name":"Multihoster.org","description":"Reviews of the major Filehosting services","potentialAction":[{"@type":"SearchAction","target":{"@type":"EntryPoint","urlTemplate":"https:\/\/multihoster.org\/?s={search_term_string}"},"query-input":"required name=search_term_string"}],"inLanguage":"es"},{"@type":"ImageObject","@id":"https:\/\/multihoster.org\/es\/icerbox\/#primaryimage","inLanguage":"es","url":"https:\/\/lh3.googleusercontent.com\/493jzcDX3PFt-Lt4SzyCUiMVL0kxnjE6P0HOZhCqmVcMoXTpG1Y-ZLhg51E6BcSVBUnWtZKDSkPAV93vpvaRYBqO7t0CUSYNX_YvYEzLePQxXWa2jTTsfKVAKx5fduxWmtxehI4","contentUrl":"https:\/\/lh3.googleusercontent.com\/493jzcDX3PFt-Lt4SzyCUiMVL0kxnjE6P0HOZhCqmVcMoXTpG1Y-ZLhg51E6BcSVBUnWtZKDSkPAV93vpvaRYBqO7t0CUSYNX_YvYEzLePQxXWa2jTTsfKVAKx5fduxWmtxehI4"},{"@type":"WebPage","@id":"https:\/\/multihoster.org\/es\/icerbox\/#webpage","url":"https:\/\/multihoster.org\/es\/icerbox\/","name":"Icerbox Premium Cuenta: El Filehoster De Un Vistazo","isPartOf":{"@id":"https:\/\/multihoster.org\/#website"},"primaryImageOfPage":{"@id":"https:\/\/multihoster.org\/es\/icerbox\/#primaryimage"},"datePublished":"2020-04-20T12:20:17+00:00","dateModified":"2020-04-20T15:24:26+00:00","description":"Si Icerbox es un proveedor de confianza o no, puedes encontrar la respuesta en el test actual en Multihoster.org \u279c Haz clic ahora \u271a para leer nuestras experiencias!","breadcrumb":{"@id":"https:\/\/multihoster.org\/es\/icerbox\/#breadcrumb"},"inLanguage":"es","potentialAction":[{"@type":"ReadAction","target":["https:\/\/multihoster.org\/es\/icerbox\/"]}]},{"@type":"BreadcrumbList","@id":"https:\/\/multihoster.org\/es\/icerbox\/#breadcrumb","itemListElement":[{"@type":"ListItem","position":1,"name":"Startseite","item":"https:\/\/multihoster.org\/es\/"},{"@type":"ListItem","position":2,"name":"Icerbox Premium Cuenta: El Filehoster De Un Vistazo"}]}]}},"_links":{"self":[{"href":"https:\/\/multihoster.org\/es\/wp-json\/wp\/v2\/pages\/4056"}],"collection":[{"href":"https:\/\/multihoster.org\/es\/wp-json\/wp\/v2\/pages"}],"about":[{"href":"https:\/\/multihoster.org\/es\/wp-json\/wp\/v2\/types\/page"}],"author":[{"embeddable":true,"href":"https:\/\/multihoster.org\/es\/wp-json\/wp\/v2\/users\/2"}],"replies":[{"embeddable":true,"href":"https:\/\/multihoster.org\/es\/wp-json\/wp\/v2\/comments?post=4056"}],"version-history":[{"count":1,"href":"https:\/\/multihoster.org\/es\/wp-json\/wp\/v2\/pages\/4056\/revisions"}],"predecessor-version":[{"id":4067,"href":"https:\/\/multihoster.org\/es\/wp-json\/wp\/v2\/pages\/4056\/revisions\/4067"}],"wp:attachment":[{"href":"https:\/\/multihoster.org\/es\/wp-json\/wp\/v2\/media?parent=4056"}],"curies":[{"name":"wp","href":"https:\/\/api.w.org\/{rel}","templated":true}]}}