{"id":4105,"date":"2020-04-21T11:37:48","date_gmt":"2020-04-21T11:37:48","guid":{"rendered":"https:\/\/multihoster.org\/?page_id=4105"},"modified":"2020-04-21T13:19:07","modified_gmt":"2020-04-21T13:19:07","slug":"wipfiles","status":"publish","type":"page","link":"https:\/\/multihoster.org\/es\/wipfiles\/","title":{"rendered":"WipFiles Premium Cuenta: El Filehoster De Un Vistazo"},"content":{"rendered":"\n<figure class=\"wp-block-image\"><img src=\"https:\/\/lh5.googleusercontent.com\/bTpIFx537dT-rest-gAP3KZZQkErDmcV1CfuQEo4e0CqhVqUiWRKJNFvA_m0cN-o6cAS9cgFIdx33rQ16G9W5XHjJx52FBjTPKn7geqWRoSYrqyb3wRpKQ1plPi2_YMDZda5atg\" alt=\"WipFiles logo\"\/><\/figure>\n\n\n\n<p>WipFiles es uno de los proveedores de alojamiento de archivos y tiene tres tipos de cuentas diferentes para sus usuarios: La cuenta gratuita de WipFiles, la cuenta registrada de WipFiles y la cuenta Premium de WipFiles.<\/p>\n\n\n\n<p>Si un usuario tiene un problema con la forma en que mantendr\u00e1 sus archivos en su lugar sin necesidad de preocuparse por ello siempre, entonces aqu\u00ed est\u00e1 la soluci\u00f3n que necesita para su vida diaria. Aqu\u00ed est\u00e1 WipFiles que est\u00e1 listo para ayudar a todos con sus caracter\u00edsticas y servicios de gesti\u00f3n de archivos. Un usuario puede utilizar WipFiles para mantener sus archivos en su sitio, dondequiera que est\u00e9, y puede acceder a ellos o abrirlos en cualquier momento que desee sin problemas, especialmente si se trata de un prop\u00f3sito urgente como la presentaci\u00f3n de proyectos o informes o la redacci\u00f3n de investigaciones o tesis y otras cosas importantes. <\/p>\n\n\n\n<p>Adem\u00e1s, un usuario puede almacenar, descargar, acceder, cargar y compartir sus datos o archivos sin necesidad de utilizar ning\u00fan tipo de almacenamiento externo ni controladores externos, ya que WipFiles <a rel=\"noreferrer noopener\" aria-label=\"ofrece capacidad de almacenamiento (opens in a new tab)\" href=\"https:\/\/techterms.com\/definition\/storagecapacity\" target=\"_blank\">ofrece capacidad de almacenamiento<\/a> para que un usuario pueda <a rel=\"noreferrer noopener\" aria-label=\"hacer copias de seguridad (opens in a new tab)\" href=\"https:\/\/www.yourdictionary.com\/back-up\" target=\"_blank\">hacer copias de seguridad<\/a> o recuperar sus datos o archivos en cualquier momento y lugar con la ayuda, por supuesto, de la conexi\u00f3n a Internet. WipFiles act\u00faa como almacenamiento en un mundo online o virtual.<\/p>\n\n\n\n<p>El sitio de WipFiles es muy sencillo y b\u00e1sico, y puede ser f\u00e1cilmente comprendido y utilizado por diferentes tipos de usuarios. El sitio de WipFiles tambi\u00e9n es compatible con algunos idiomas, de modo que los usuarios pueden cambiar a un idioma que puedan entender f\u00e1cilmente. Los idiomas soportados por el sitio de WipFiles son el ingl\u00e9s, el ruso, el franc\u00e9s, el alem\u00e1n, el turco, el \u00e1rabe, el polaco, el tailand\u00e9s, el japon\u00e9s, el espa\u00f1ol, el h\u00fangaro y el indonesio.<\/p>\n\n\n\n<p>Un usuario tambi\u00e9n puede obtener beneficios utilizando el sitio de WipFiles con s\u00f3lo compartir sus archivos subidos en cualquier lugar como sitios de medios sociales o blogs o correos electr\u00f3nicos.<\/p>\n\n\n\n<p>\u00bfPor qu\u00e9 un usuario debe ir por la cuenta Premium de WipFiles?<\/p>\n\n\n\n<p>\u2714 No hay l\u00edmite en la carga de un archivo o archivos.<br> \u2714 No hay l\u00edmite en cuanto al tama\u00f1o de un archivo o archivos a subir.<br> \u2714 No hay l\u00edmite en el tama\u00f1o del espacio de almacenamiento.<br> \u2714 Hay un volumen de veinticuatro gigabytes (24 GB) para descargas todos los d\u00edas.<br> \u2714 Soporta la carga remota de un archivo o archivos.<br> \u2714 Tiene aceleradores para la descarga de uno o varios archivos.<br> \u2714 Puede reanudar o pausar la descarga de uno o varios archivos.<br> \u2714 No tiene retrasos en las descargas.<br> \u2714 No tiene un captcha.<br> \u2714 No tiene un <a href=\"https:\/\/www.merriam-webster.com\/dictionary\/advertisement\" target=\"_blank\" rel=\"noreferrer noopener\" aria-label=\"anuncio (opens in a new tab)\">anuncio<\/a>.<br> \u2714 No borra los archivos subidos, pero lo har\u00e1 si el propietario o el subidor lo solicita.<\/p>\n\n\n<a class=\"maxbutton-2 maxbutton maxbutton-cta\" target=\"_blank\" rel=\"nofollow noopener\" href=\"\/go\/\"><span class='mb-text'>&gt;&gt; Ir a la p\u00e1gina web original de Linkifier <\/span><\/a>\n\n\n<p><\/p>\n\n\n\n<h2>WipFiles Premium Cuenta <\/h2>\n\n\n\n<h3>Las diferentes caracter\u00edsticas de los tipos de cuentas de WipFiles<\/h3>\n\n\n\n<figure class=\"wp-block-table\"><table class=\"\"><tbody><tr><td><br>Caracter\u00edsticas de los WipFiles <\/td><td>Libre<\/td><td>Registrado<\/td><td>Premium<\/td><\/tr><tr><td>Tama\u00f1o de un archivo para cargar (Max)<\/td><td>Cien megabytes (100 MB)<\/td><td>Mil quinientos megabytes (1500 MB)<\/td><td>Mil quinientos megabytes (1500 MB)<\/td><\/tr><tr><td>Tama\u00f1o de la capacidad del espacio de almacenamiento<\/td><td>Muy limitado<\/td><td>Limitado<\/td><td>Gran capacidad de almacenamiento<\/td><\/tr><tr><td>El tama\u00f1o del volumen de la descarga<\/td><td>Tiene cuatro gigabytes (4 GB) en tres (3) d\u00edas<\/td><td>Tiene siete gigabytes (7 GB) en tres (3) d\u00edas<\/td><td>Tiene siete gigabytes (7 GB) en tres (3) d\u00edas<\/td><\/tr><tr><td>Subir un archivo o archivos usando la subida remota de URL<\/td><td>\u2612 No se apoya<\/td><td>\u2612 No se apoya<\/td><td>\u2611 Apoyado<\/td><\/tr><tr><td>Uso de aceleradores para descargar un archivo o archivos<\/td><td>\u2611 Apoyado<\/td><td>\u2611 Apoyado<\/td><td>\u2611 Apoyado<\/td><\/tr><tr><td>Reanudar la descarga de un archivo o archivos<\/td><td>\u2611 Apoyado<\/td><td>\u2611 Apoyado<\/td><td>\u2611 Apoyado<\/td><\/tr><tr><td>Descarga de un archivo o archivos sin demora o tiempo de espera<\/td><td>\u2612 No se apoya<\/td><td>\u2612 No se apoya<\/td><td>\u2611 Apoyado<\/td><\/tr><tr><td>Descarga de un archivo o archivos sin un captcha<\/td><td>\u2612 No se apoya<\/td><td>\u2611 Apoyado<\/td><td>\u2611 Apoyado<\/td><\/tr><tr><td>P\u00e1ginas sin anuncios<\/td><td>\u2612 No se apoya<\/td><td>\u2612 No se apoya<\/td><td>\u2611 Apoyado<\/td><\/tr><tr><td>Eliminaci\u00f3n del archivo o archivos del usuario<\/td><td>Los archivos nunca ser\u00e1n borrados<\/td><td>Los archivos nunca ser\u00e1n borrados<\/td><td>Los archivos nunca ser\u00e1n borrados<\/td><\/tr><\/tbody><\/table><\/figure>\n\n\n\n<p>El usuario debe pagar el precio de un Plan de Cuenta Premium de WipFiles seleccionado para poder utilizar todas las caracter\u00edsticas y servicios premium de WipFiles. Por favor, vea a continuaci\u00f3n los diferentes m\u00e9todos de pago para pagar la cuenta premium de WipFiles.<\/p>\n\n\n\n<h3>Los precios del plan de cuentas Premium de WipFiles<\/h3>\n\n\n\n<figure class=\"wp-block-table\"><table class=\"\"><tbody><tr><td>D\u00edas #:<\/td><td>30<\/td><td>90<\/td><td>180<\/td><td>365<\/td><\/tr><tr><td>Precio:<\/td><td>12.95 USD<\/td><td>32.50 USD<\/td><td>58.45 USD<\/td><td>99.95 USD<\/td><\/tr><tr><td>M\u00e9todos de pago:<\/td><td>Un usuario puede pagar el Plan de Cuenta Premium de WipFiles a trav\u00e9s de Visa, MasterCard y PayPal<\/td><\/tr><\/tbody><\/table><\/figure>\n\n\n\n<p>El usuario tambi\u00e9n puede comprar o pagar el Plan de Cuenta Premium de WipFiles y el c\u00f3digo de activaci\u00f3n o el c\u00f3digo del vale de la Cuenta Premium de WipFiles de o a los revendedores oficiales de WipFiles. A continuaci\u00f3n se indican los diferentes distribuidores autorizados de WipFiles y los m\u00e9todos de pago admitidos.<\/p>\n\n\n<a class=\"maxbutton-2 maxbutton maxbutton-cta\" target=\"_blank\" rel=\"nofollow noopener\" href=\"\/go\/\"><span class='mb-text'>&gt;&gt; Ir a la p\u00e1gina web original de Linkifier <\/span><\/a>\n\n\n<p><\/p>\n\n\n\n<h2>Revendedores de WipFiles y su m\u00e9todo de pago<\/h2>\n\n\n\n<figure class=\"wp-block-table\"><table class=\"\"><tbody><tr><td>Nombre de la p\u00e1gina web<\/td><td>M\u00e9todos de pago<\/td><td>Contacto del equipo de apoyo <\/td><\/tr><tr><td>KeyInstant<\/td><td>Tarjeta de cr\u00e9dito o d\u00e9bito, PayPal, VISA, MasterCard, American Express, JCB, Discover, CashU, Diners Club, Bitcoin o Altcoin, UnionPay, Paysera, Amazon Payments, Paysafecard, Skrill, WebMoney Transfer, Neteller, Payza, LavaPay, Perfect Money, OKPay, Payssion, Payeer, Neosurf.<\/td><td>support@keyinstant.com<\/td><\/tr><tr><td>PremiumAccountz.com<\/td><td>PayPal, VISA, MasterCard, American Express, JCB, Discover, Diners Club, UnionPay, AliPay, Amazon Payments, Paysafecard, Skrill, Bitcoin o Altcoin, WebMoney Transfer, OKPay, Payssion, CashU, Neosurf.<\/td><td>support@premiumaccountz.com<\/td><\/tr><tr><td>uTop.us<\/td><td>PayPal, Payza, Skrill, Automated Clearing House o ACH, Transferencia bancaria o telegr\u00e1fica, Alipay, Alfa-Click, BitCoin o Altcoin o LiteCoin y otras criptodivisas, B-Pay, Cash4wm, CashU, OneCard, Visa, Mastercard, Amex, JCB, EasyPayWay, Transferencia bancaria local (para China), UnionPay (ABC, BOC, CCB, ICBC, CMB, PSBC), India (SBI, Axis, o Kotak), National Electronic Funds Transfer (NEFT), Liqpay, Online Banking (Para los pa\u00edses del Reino Unido (UK), Austria, Australia, B\u00e9lgica, Bielorrusia, Brasil, Estonia, Alemania, India, Lithunia, Letonia, Holanda, Nueva Zelanda, Polonia, Rusia, Eslovaquia y Ucrania), Money Gram, Neteller, Okpay, Payeer, PerfectMoney, PaySera, Paxum, POLI, Qiwi, SafetyPay, pagos por SMS o mensajes de texto, Ukash, Unistream, Wallet One, WebMoney Transfer (WebMoney Japan, WME o WMR o WMZ), Wester Union, Yandex Money, Z-Payments, OOOpay, SWIFT, PaySafeCard, Banamex, Banco do Brasil, Bancomer, Bradesco, Caixa, Banco Ita\u00fa, Oxxo, Santander M\u00e9xico, y Openbucks (Pagos con tarjeta de regalo).<\/td><td>uTop@uTop.us<\/td><\/tr><tr><td>Digitadiko<\/td><td>Paypal, Tarjetas de cr\u00e9dito, Paysafecard, Dep\u00f3sito bancario, CashU, ClickandBuy, Tarjeta de cr\u00e9dito\/d\u00e9bito, Maestro, MasterCard, Visa o Visa Electron, Ukash, OKpay, Bitcoin o Altcoin, Transferencia de Webmoney, Pago por Sms o mensajes de texto, Payza, Skrill, Ideal, Sofort, Giropay, Banca electr\u00f3nica (Para pa\u00edses de Austria, B\u00e9lgica, Rep\u00fablica Checa, Holanda, Lituania y Eslovaquia), Western Union y otros.<\/td><td>sales@digitadiko.com<\/td><\/tr><tr><td>OneClickReseller<\/td><td>Tarjetas de cr\u00e9dito (Visa, Mastercard, JCB, Diners, American Express, Discover WORLDWIDE), Paysafecard (USA o EUROPA), Tarjetas de d\u00e9bito, D\u00e9bito Directo, Moneybookers, Skrill, BitCoins o Altcoins, Inpay (Transferencia bancaria local para los Estados Unidos de Am\u00e9rica (EE.UU.) o el Reino Unido (RU) o Europa o Australia o China, y otros), Alipay, pago por SMS o mensaje de texto, CashU, Perfect Money, Transferencia bancaria local para Am\u00e9rica del Sur y Europa (SafetyPay), Paysera, Transferencia Webmoney, Western Union<\/td><td>Sales@OneClickReseller.com<\/td><\/tr><tr><td>FilePlanet Premium<\/td><td>VISA, MasterCard, Paysafecard, Sofort, Moneybookers, cashU, Przelewy24, SafetyPay, OKPAY, Bitcoin o Altcoin o Litecoin o Dogecoin, WebMoney Transfer, Perfect Money, SMS o pago por mensaje de texto, Banca electr\u00f3nica, Transferencia bancaria o telegr\u00e1fica, Privat24, QIWI, Yandex.Money<\/td><td>dnlreseller@gmail.com<\/td><\/tr><tr><td>Hotfile Premium Store<\/td><td>Tarjetas de cr\u00e9dito (Visa y Mastercard), Tarjeta de d\u00e9bito (India 52 Bancos), Banca neta, Tarjetas de efectivo, Dep\u00f3sito en efectivo (ICICI y SBI Bank), Transferencia electr\u00f3nica de fondos nacional (NEFT), Western Union, Giro a la vista, Dep\u00f3sito de cheques, Transferencia de Webmoney, Bitcoins o Altcoins, Money Gram<\/td><td>hotfilepremiumstore@gmail.com<\/td><\/tr><tr><td>BigShareShop<\/td><td>Bitcoins o Altcoins, PayPal, WebMoney Transfer, CashU, Perfect Money, Sofort, Skrill, Payza, OKPay (billetera digital)<\/td><td>info@bigshareshop.com<\/td><\/tr><\/tbody><\/table><\/figure>\n\n\n\n<p>For specific countries:<\/p>\n\n\n\n<figure class=\"wp-block-table\"><table class=\"\"><tbody><tr><td>PayNow.taobao.com (Asia y China)<\/td><td>Taobao, Alipay, UnionPay, tarjetas de cr\u00e9dito y todos los dem\u00e1s bancos chinos<\/td><td>spider@live.in<\/td><\/tr><tr><td>Premium in Rupees (India)<\/td><td>Tarjeta de cr\u00e9dito s\u00f3lo en la India, Visa y Mastercard s\u00f3lo en la India, Tarjeta de d\u00e9bito (India 52 Bancos ), Banca neta, Tarjetas de efectivo, Dep\u00f3sito en efectivo (ICICI y SBI Bank), Transferencia electr\u00f3nica de fondos nacional (NEFT), Western Union, Cheque a la vista, Dep\u00f3sito de cheques, Transferencia de Webmoney, Bitcoins o Altcoin, Money Gram<\/td><td>premiuminrupees@gmail.com<\/td><\/tr><\/tbody><\/table><\/figure>\n\n\n\n<p><\/p>\n\n\n\n<h2>Aprende a activar la Cuenta Premium de WipFiles<\/h2>\n\n\n\n<p>La activaci\u00f3n de la Cuenta Premium de WipFiles es muy importante para que el usuario pueda utilizar y disfrutar de todas sus caracter\u00edsticas y servicios. Para activar la cuenta premium de WipFiles, el usuario debe comprar el c\u00f3digo o la clave de activaci\u00f3n en el sitio de WipFiles o en el sitio donde hay revendedores aprobados de WipFiles. Por favor, siga las siguientes instrucciones para activarla.<\/p>\n\n\n\n<ol><li>El usuario debe registrarse en la p\u00e1gina de registro de WipFiles (http:\/\/wipfiles.net\/?op=registration) para crear su cuenta primero para WipFiles. Una vez creada y confirmada su cuenta, podr\u00e1 acceder a ella en la p\u00e1gina de registro de WipFiles (http:\/\/wipfiles.net\/login.html) para ir a esta su p\u00e1gina \u00abMi cuenta\u00bb (http:\/\/wipfiles.net\/?op=my_account).<\/li><li> Cuando un usuario est\u00e1 en la p\u00e1gina \u00abMi cuenta\u00bb de WipFiles, busque el campo \u00abAplicar Clave Premium\u00bb.<\/li><li> En el campo de \u00abAplicar Clave Premium\u00bb, por favor pegue el c\u00f3digo o clave de activaci\u00f3n de la Cuenta Premium de WipFiles (Consulte la imagen de muestra que aparece a continuaci\u00f3n.)<\/li><li> Haga clic en el bot\u00f3n \u00abAplicar\u00bb para que el c\u00f3digo se refleje en su cuenta Premium (Refi\u00e9rase a la imagen de muestra abajo.)<\/li><\/ol>\n\n\n\n<figure class=\"wp-block-image\"><img src=\"https:\/\/lh5.googleusercontent.com\/7WJRfpCm7A2oCIuAOLw7hQrc1eQBl_Xa0AbKbg9DGrm_q6MZ2QMHBgm9bD3GFdI5xicbq-QZ1WyRme8MKIYhFgUi98uMjo-YESsIU7BqQAvVqI7ZLEcFkMGzFvLjY6iNtsGOGus\" alt=\"WipFiles Premium Account Activation\"\/><\/figure>\n\n\n\n<h2>Contacte con el soporte de WipFiles<\/h2>\n\n\n\n<p>El usuario puede ponerse en contacto con WipFiles si tiene alguna pregunta sobre los pagos, revendedores, archivos, caracter\u00edsticas y servicios y productos del sitio WipFiles o a trav\u00e9s de su correo electr\u00f3nico en info.worldbytez@gmail.com o a trav\u00e9s de su p\u00e1gina de contacto en su sitio web en http:\/\/wipfiles.net\/contact.html, pero antes de ponerse en contacto con el equipo de apoyo de WipFiles debe leer las Preguntas m\u00e1s frecuentes o FAQ (http:\/\/wipfiles.net\/faq.html) y las Condiciones de servicio de WipFiles (http:\/\/wipfiles.net\/tos.html).<\/p>\n\n\n<a class=\"maxbutton-2 maxbutton maxbutton-cta\" target=\"_blank\" rel=\"nofollow noopener\" href=\"\/go\/\"><span class='mb-text'>&gt;&gt; Ir a la p\u00e1gina web original de Linkifier <\/span><\/a>\n\n\n<p><\/p>\n","protected":false},"excerpt":{"rendered":"<p>WipFiles es uno de los proveedores de alojamiento de archivos y tiene tres tipos de cuentas diferentes para sus usuarios:<\/p>\n","protected":false},"author":2,"featured_media":0,"parent":0,"menu_order":0,"comment_status":"closed","ping_status":"closed","template":"","meta":[],"yoast_head":"<!-- This site is optimized with the Yoast SEO plugin v18.3 - https:\/\/yoast.com\/wordpress\/plugins\/seo\/ -->\n<title>WipFiles Premium Cuenta: El Filehoster De Un Vistazo<\/title>\n<meta name=\"description\" content=\"Si WipFiles es un proveedor de confianza o no, puedes encontrar la respuesta en el test actual en Multihoster.org \u279c Haz clic ahora \u271a para leer nuestras experiencias!\" \/>\n<meta name=\"robots\" content=\"index, follow, max-snippet:-1, max-image-preview:large, max-video-preview:-1\" \/>\n<link rel=\"canonical\" href=\"https:\/\/multihoster.org\/es\/wipfiles\/\" \/>\n<meta property=\"og:locale\" content=\"es_ES\" \/>\n<meta property=\"og:type\" content=\"article\" \/>\n<meta property=\"og:title\" content=\"WipFiles Premium Cuenta: El Filehoster De Un Vistazo\" \/>\n<meta property=\"og:description\" content=\"Si WipFiles es un proveedor de confianza o no, puedes encontrar la respuesta en el test actual en Multihoster.org \u279c Haz clic ahora \u271a para leer nuestras experiencias!\" \/>\n<meta property=\"og:url\" content=\"https:\/\/multihoster.org\/es\/wipfiles\/\" \/>\n<meta property=\"og:site_name\" content=\"Multihoster.org\" \/>\n<meta property=\"article:modified_time\" content=\"2020-04-21T13:19:07+00:00\" \/>\n<meta property=\"og:image\" content=\"https:\/\/lh5.googleusercontent.com\/bTpIFx537dT-rest-gAP3KZZQkErDmcV1CfuQEo4e0CqhVqUiWRKJNFvA_m0cN-o6cAS9cgFIdx33rQ16G9W5XHjJx52FBjTPKn7geqWRoSYrqyb3wRpKQ1plPi2_YMDZda5atg\" \/>\n<meta name=\"twitter:card\" content=\"summary\" \/>\n<meta name=\"twitter:label1\" content=\"Tiempo de lectura\" \/>\n\t<meta name=\"twitter:data1\" content=\"9 minutos\" \/>\n<script type=\"application\/ld+json\" class=\"yoast-schema-graph\">{\"@context\":\"https:\/\/schema.org\",\"@graph\":[{\"@type\":\"WebSite\",\"@id\":\"https:\/\/multihoster.org\/#website\",\"url\":\"https:\/\/multihoster.org\/\",\"name\":\"Multihoster.org\",\"description\":\"Reviews of the major Filehosting services\",\"potentialAction\":[{\"@type\":\"SearchAction\",\"target\":{\"@type\":\"EntryPoint\",\"urlTemplate\":\"https:\/\/multihoster.org\/?s={search_term_string}\"},\"query-input\":\"required name=search_term_string\"}],\"inLanguage\":\"es\"},{\"@type\":\"ImageObject\",\"@id\":\"https:\/\/multihoster.org\/es\/wipfiles\/#primaryimage\",\"inLanguage\":\"es\",\"url\":\"https:\/\/lh5.googleusercontent.com\/bTpIFx537dT-rest-gAP3KZZQkErDmcV1CfuQEo4e0CqhVqUiWRKJNFvA_m0cN-o6cAS9cgFIdx33rQ16G9W5XHjJx52FBjTPKn7geqWRoSYrqyb3wRpKQ1plPi2_YMDZda5atg\",\"contentUrl\":\"https:\/\/lh5.googleusercontent.com\/bTpIFx537dT-rest-gAP3KZZQkErDmcV1CfuQEo4e0CqhVqUiWRKJNFvA_m0cN-o6cAS9cgFIdx33rQ16G9W5XHjJx52FBjTPKn7geqWRoSYrqyb3wRpKQ1plPi2_YMDZda5atg\"},{\"@type\":\"WebPage\",\"@id\":\"https:\/\/multihoster.org\/es\/wipfiles\/#webpage\",\"url\":\"https:\/\/multihoster.org\/es\/wipfiles\/\",\"name\":\"WipFiles Premium Cuenta: El Filehoster De Un Vistazo\",\"isPartOf\":{\"@id\":\"https:\/\/multihoster.org\/#website\"},\"primaryImageOfPage\":{\"@id\":\"https:\/\/multihoster.org\/es\/wipfiles\/#primaryimage\"},\"datePublished\":\"2020-04-21T11:37:48+00:00\",\"dateModified\":\"2020-04-21T13:19:07+00:00\",\"description\":\"Si WipFiles es un proveedor de confianza o no, puedes encontrar la respuesta en el test actual en Multihoster.org \u279c Haz clic ahora \u271a para leer nuestras experiencias!\",\"breadcrumb\":{\"@id\":\"https:\/\/multihoster.org\/es\/wipfiles\/#breadcrumb\"},\"inLanguage\":\"es\",\"potentialAction\":[{\"@type\":\"ReadAction\",\"target\":[\"https:\/\/multihoster.org\/es\/wipfiles\/\"]}]},{\"@type\":\"BreadcrumbList\",\"@id\":\"https:\/\/multihoster.org\/es\/wipfiles\/#breadcrumb\",\"itemListElement\":[{\"@type\":\"ListItem\",\"position\":1,\"name\":\"Startseite\",\"item\":\"https:\/\/multihoster.org\/es\/\"},{\"@type\":\"ListItem\",\"position\":2,\"name\":\"WipFiles Premium Cuenta: El Filehoster De Un Vistazo\"}]}]}<\/script>\n<!-- \/ Yoast SEO plugin. -->","yoast_head_json":{"title":"WipFiles Premium Cuenta: El Filehoster De Un Vistazo","description":"Si WipFiles es un proveedor de confianza o no, puedes encontrar la respuesta en el test actual en Multihoster.org \u279c Haz clic ahora \u271a para leer nuestras experiencias!","robots":{"index":"index","follow":"follow","max-snippet":"max-snippet:-1","max-image-preview":"max-image-preview:large","max-video-preview":"max-video-preview:-1"},"canonical":"https:\/\/multihoster.org\/es\/wipfiles\/","og_locale":"es_ES","og_type":"article","og_title":"WipFiles Premium Cuenta: El Filehoster De Un Vistazo","og_description":"Si WipFiles es un proveedor de confianza o no, puedes encontrar la respuesta en el test actual en Multihoster.org \u279c Haz clic ahora \u271a para leer nuestras experiencias!","og_url":"https:\/\/multihoster.org\/es\/wipfiles\/","og_site_name":"Multihoster.org","article_modified_time":"2020-04-21T13:19:07+00:00","og_image":[{"url":"https:\/\/lh5.googleusercontent.com\/bTpIFx537dT-rest-gAP3KZZQkErDmcV1CfuQEo4e0CqhVqUiWRKJNFvA_m0cN-o6cAS9cgFIdx33rQ16G9W5XHjJx52FBjTPKn7geqWRoSYrqyb3wRpKQ1plPi2_YMDZda5atg"}],"twitter_card":"summary","twitter_misc":{"Tiempo de lectura":"9 minutos"},"schema":{"@context":"https:\/\/schema.org","@graph":[{"@type":"WebSite","@id":"https:\/\/multihoster.org\/#website","url":"https:\/\/multihoster.org\/","name":"Multihoster.org","description":"Reviews of the major Filehosting services","potentialAction":[{"@type":"SearchAction","target":{"@type":"EntryPoint","urlTemplate":"https:\/\/multihoster.org\/?s={search_term_string}"},"query-input":"required name=search_term_string"}],"inLanguage":"es"},{"@type":"ImageObject","@id":"https:\/\/multihoster.org\/es\/wipfiles\/#primaryimage","inLanguage":"es","url":"https:\/\/lh5.googleusercontent.com\/bTpIFx537dT-rest-gAP3KZZQkErDmcV1CfuQEo4e0CqhVqUiWRKJNFvA_m0cN-o6cAS9cgFIdx33rQ16G9W5XHjJx52FBjTPKn7geqWRoSYrqyb3wRpKQ1plPi2_YMDZda5atg","contentUrl":"https:\/\/lh5.googleusercontent.com\/bTpIFx537dT-rest-gAP3KZZQkErDmcV1CfuQEo4e0CqhVqUiWRKJNFvA_m0cN-o6cAS9cgFIdx33rQ16G9W5XHjJx52FBjTPKn7geqWRoSYrqyb3wRpKQ1plPi2_YMDZda5atg"},{"@type":"WebPage","@id":"https:\/\/multihoster.org\/es\/wipfiles\/#webpage","url":"https:\/\/multihoster.org\/es\/wipfiles\/","name":"WipFiles Premium Cuenta: El Filehoster De Un Vistazo","isPartOf":{"@id":"https:\/\/multihoster.org\/#website"},"primaryImageOfPage":{"@id":"https:\/\/multihoster.org\/es\/wipfiles\/#primaryimage"},"datePublished":"2020-04-21T11:37:48+00:00","dateModified":"2020-04-21T13:19:07+00:00","description":"Si WipFiles es un proveedor de confianza o no, puedes encontrar la respuesta en el test actual en Multihoster.org \u279c Haz clic ahora \u271a para leer nuestras experiencias!","breadcrumb":{"@id":"https:\/\/multihoster.org\/es\/wipfiles\/#breadcrumb"},"inLanguage":"es","potentialAction":[{"@type":"ReadAction","target":["https:\/\/multihoster.org\/es\/wipfiles\/"]}]},{"@type":"BreadcrumbList","@id":"https:\/\/multihoster.org\/es\/wipfiles\/#breadcrumb","itemListElement":[{"@type":"ListItem","position":1,"name":"Startseite","item":"https:\/\/multihoster.org\/es\/"},{"@type":"ListItem","position":2,"name":"WipFiles Premium Cuenta: El Filehoster De Un Vistazo"}]}]}},"_links":{"self":[{"href":"https:\/\/multihoster.org\/es\/wp-json\/wp\/v2\/pages\/4105"}],"collection":[{"href":"https:\/\/multihoster.org\/es\/wp-json\/wp\/v2\/pages"}],"about":[{"href":"https:\/\/multihoster.org\/es\/wp-json\/wp\/v2\/types\/page"}],"author":[{"embeddable":true,"href":"https:\/\/multihoster.org\/es\/wp-json\/wp\/v2\/users\/2"}],"replies":[{"embeddable":true,"href":"https:\/\/multihoster.org\/es\/wp-json\/wp\/v2\/comments?post=4105"}],"version-history":[{"count":3,"href":"https:\/\/multihoster.org\/es\/wp-json\/wp\/v2\/pages\/4105\/revisions"}],"predecessor-version":[{"id":4137,"href":"https:\/\/multihoster.org\/es\/wp-json\/wp\/v2\/pages\/4105\/revisions\/4137"}],"wp:attachment":[{"href":"https:\/\/multihoster.org\/es\/wp-json\/wp\/v2\/media?parent=4105"}],"curies":[{"name":"wp","href":"https:\/\/api.w.org\/{rel}","templated":true}]}}