{"id":4153,"date":"2020-04-21T13:38:55","date_gmt":"2020-04-21T13:38:55","guid":{"rendered":"https:\/\/multihoster.org\/hitfile\/"},"modified":"2020-04-21T16:02:59","modified_gmt":"2020-04-21T16:02:59","slug":"hitfile","status":"publish","type":"page","link":"https:\/\/multihoster.org\/es\/hitfile\/","title":{"rendered":"HitFile Premium Cuenta: El Filehoster De Un Vistazo"},"content":{"rendered":"\n<figure class=\"wp-block-image\"><img src=\"https:\/\/lh5.googleusercontent.com\/psmArbJyOPQToAelAKReR6w8u_TN38n6-JFWYyeR1bVafnTkFlUTCWWFlurqKCkVG33WWByZVLtepWod6-ShScUoA11NeZzvEeRpH7vEPv4eaIjOFudHCCRg7SlfX6GUpFPDHKE\" alt=\"HitFile logo\"\/><\/figure>\n\n\n\n<p>HitFile es un hoster de archivos que puede utilizarse para subir, descargar, compartir y almacenar archivos de los usuarios.<\/p>\n\n\n<a class=\"maxbutton-2 maxbutton maxbutton-cta\" target=\"_blank\" rel=\"nofollow noopener\" href=\"\/go\/\"><span class='mb-text'>&gt;&gt; Ir a la p\u00e1gina web original de Linkifier<\/span><\/a>\n\n\n<p><\/p>\n\n\n\n<h2>C\u00f3mo subir archivos<\/h2>\n\n\n\n<p>HitFile tiene tres (3) m\u00e9todos para subir un archivo o archivos. Los usuarios de la cuenta gratuita y de la cuenta premium de HitFile pueden acceder a estos tres m\u00e9todos. Los usuarios registrados pueden usar cualquiera de estos m\u00e9todos para subir un archivo, pero los usuarios que no est\u00e1n registrados en el sitio de HitFile tienen un l\u00edmite en el uso o acceso a estos m\u00e9todos.<\/p>\n\n\n\n<p>Los tres (3) m\u00e9todos para subir un archivo en HitFile:<\/p>\n\n\n\n<p>1. <strong>Navegador Subir<\/strong><\/p>\n\n\n\n<p>Los usuarios pueden utilizar cualquier navegador para acceder a esto. Los usuarios no registrados y los registrados pueden acceder a este m\u00e9todo.  Para subir un archivo mediante este m\u00e9todo, los usuarios deben ir al sitio de HitFile y encontrar la pesta\u00f1a \u00abBrowser Upload\u00bb (consulte la foto de abajo). Luego, los usuarios pueden hacer clic en el bot\u00f3n \u00abSeleccionar archivo\u00bb para seleccionar el archivo o los archivos o, de manera sencilla, pueden simplemente \u00abarrastrar y soltar\u00bb el archivo o los archivos que desean cargar en el sitio.<\/p>\n\n\n\n<p><strong>2. Subida por FTP<\/strong><\/p>\n\n\n\n<p>El <a rel=\"noreferrer noopener\" aria-label=\"FTP  (opens in a new tab)\" href=\"https:\/\/searchnetworking.techtarget.com\/definition\/File-Transfer-Protocol-FTP\" target=\"_blank\">FTP <\/a>es el t\u00e9rmino corto para el Protocolo de Transferencia de Archivos. Este m\u00e9todo es accesible para los usuarios no registrados y registrados. Para cargar un archivo mediante este m\u00e9todo, los usuarios deben ir al sitio de HitFile y encontrar el enlace \u00abCarga FTP\u00bb (v\u00e9ase la foto que figura a continuaci\u00f3n). Haga clic en \u00e9l, pero antes de que los usuarios puedan acceder a esta funci\u00f3n de carga FTP, deben iniciar sesi\u00f3n primero en el sitio de HitFile.<\/p>\n\n\n\n<p><strong>3. Subida de URL<\/strong><\/p>\n\n\n\n<p>El <a rel=\"noreferrer noopener\" aria-label=\"URL  (opens in a new tab)\" href=\"https:\/\/www.computerhope.com\/jargon\/u\/url.htm\" target=\"_blank\">URL <\/a>es el corto plazo para el Localizador Uniforme de Recursos. Este m\u00e9todo s\u00f3lo es accesible y est\u00e1 disponible para los usuarios registrados. Para subir un archivo a trav\u00e9s de este m\u00e9todo, los usuarios deben ir al sitio de HitFile y encontrar el enlace \u00abURL Upload\u00bb (consulte la foto de abajo). Haga clic en \u00e9l, pero antes de que los usuarios puedan acceder a esta funci\u00f3n de carga de URL, deben iniciar sesi\u00f3n primero en el sitio de HitFile.<\/p>\n\n\n\n<figure class=\"wp-block-image\"><img src=\"https:\/\/lh4.googleusercontent.com\/gVA_41CU0EDl621L4XjsBkHV5OdAaVh2jbKJHoRMxrl-R9k8ed02sHNYN7Kj_lmX78JnPNLj0NdsZ78cr31hzldmyTOBRyXfGwcBgT2uqmVbqAJdeoKiqWJRiujL6jNbWjIblrM\" alt=\"Upload Methods of HitFile\"\/><\/figure>\n\n\n\n<h2>Descargando un archivo<\/h2>\n\n\n\n<p>Para descargar un archivo, los usuarios pueden utilizar un gestor de descargas como el que se muestra en la siguiente lista:<\/p>\n\n\n\n<ul><li>FlashGet,<\/li><li> Descarga Accelerator Plus,<\/li><li> GetRight,<\/li><li> FlashGet,<\/li><li> GoZilla,<\/li><li> El Administrador de Descarga de Archivos de Google, y<\/li><li> Otros<\/li><\/ul>\n\n\n\n<h2>El Comprobador de Archivos<\/h2>\n\n\n\n<p>HitFile tiene un comprobador de archivos que es una de sus buenas caracter\u00edsticas. Es necesario para comprobar un archivo o archivos si est\u00e1n disponibles en la base de datos o el servidor de HitFile.<\/p>\n\n\n\n<h3>\u00bfC\u00f3mo se comprueba un archivo con el Comprobador de Archivos?<\/h3>\n\n\n\n<ol><li>Ve al sitio de HitFile.<\/li><li> Ve a la parte inferior de la p\u00e1gina principal del sitio.<\/li><li> Encuentra el enlace de \u00abFile Checker\u00bb.<\/li><li> Haz clic en \u00e9l y dirigir\u00e1 a los usuarios a la p\u00e1gina del \u00abFile Checker\u00bb.<\/li><li> Copie el enlace de un archivo y p\u00e9guelo en la caja de archivos del \u00abFile Checker\u00bb.<\/li><li> Haga clic en el bot\u00f3n \u00abComprobar\u00bb para comprobar los enlaces introducidos del archivo o archivos. Los usuarios tambi\u00e9n pueden borrar el contenido de la casilla del File Checker haciendo clic en el bot\u00f3n \u00abClear\u00bb.<\/li><\/ol>\n\n\n\n<h3>Reglas en el Comprobador de Archivos:<\/h3>\n\n\n\n<ul><li>Los usuarios no pueden entrar en los enlaces m\u00e1s de doscientos (200) a la vez.<\/li><li> Los usuarios deben introducir los enlaces por l\u00ednea. Un (1) enlace es igual a una (1) l\u00ednea.<\/li><\/ul>\n\n\n\n<h3>El Comprobador de Enlaces de la Interfaz de Programaci\u00f3n de Aplicaciones (API)<\/h3>\n\n\n\n<p>Adem\u00e1s, para los desarrolladores, HitFile ha creado y preparado scripts para que utilicen la Interfaz de Programaci\u00f3n de Aplicaciones o el comprobador de enlaces de la <a rel=\"noreferrer noopener\" aria-label=\"API  (opens in a new tab)\" href=\"https:\/\/en.wikipedia.org\/wiki\/Application_programming_interface\" target=\"_blank\">API <\/a>para buscar un archivo o archivos.<\/p>\n\n\n\n<p>Estos son algunos ejemplos para comprobar el estado de un archivo o archivos.<\/p>\n\n\n\n<p>1. Si eres un desarrollador que quiere comprobar el estado de un (1) archivo solamente. Entonces, \u00e9l o ella puede referirse al ejemplo de la foto de abajo.<\/p>\n\n\n\n<figure class=\"wp-block-image\"><img src=\"https:\/\/lh4.googleusercontent.com\/vIh0D0ak1psOMOGDcNGwP31uZ-iQqe483iMJtVWpxfcbIj5LxQlwAS8dw9C4m5JBJEJsKSlZAbLZrG25qGfeZb5x03Z_SvSlU03kQkSTAenKoP8-i2l2xdsqAnL6e7rgUE1BNLg\" alt=\"API link checker for 1 file\"\/><\/figure>\n\n\n\n<p>2.. Pero, si eres un desarrollador que quiere comprobar el estado de m\u00e1s de un (1) archivo solamente. Entonces, la foto de muestra de abajo es para ti.<\/p>\n\n\n\n<figure class=\"wp-block-image\"><img src=\"https:\/\/lh3.googleusercontent.com\/pLWF2_WGdHXroQPMU1iemWrpxpLMg35sE5GpVHDHr2fyfg1YjXpwePMBZauSDTO62j2JNciJB14lfgDYUo3XrEwzcq3EkFWbRqYhxuFsf-_EQd1ScflP1En51xu_ETlroa8M0mk\" alt=\"API link checker for files\"\/><\/figure>\n\n\n\n<h2>Cuenta Premium de HitFile<\/h2>\n\n\n\n<p>Tipo de membres\u00eda de HitFile para la cuenta Premium<\/p>\n\n\n\n<figure class=\"wp-block-table\"><table class=\"\"><tbody><tr><td>N\u00famero de d\u00edas<\/td><td>Precios (por completo)<\/td><td>Precios (por d\u00eda)<\/td><td>\u00bfCu\u00e1nto dinero puede ahorrar un usuario?<\/td><\/tr><tr><td>25<\/td><td>9.95 USD<\/td><td>0.40 USD \/ d\u00eda<\/td><td>B\u00e1sico (0 %)<\/td><\/tr><tr><td>70<\/td><td>24.95 USD<\/td><td>0.36 USD \/ d\u00eda<\/td><td>Diez por ciento (10%)<\/td><\/tr><tr><td>150<\/td><td>49.95 USD<\/td><td>0.33 USD \/ d\u00eda<\/td><td>Quince por ciento (15%)<\/td><\/tr><tr><td>350<\/td><td>89.95 USD<\/td><td>0.26 USD \/ d\u00eda<\/td><td>Treinta y cinco por ciento (35%)<\/td><\/tr><\/tbody><\/table><\/figure>\n\n\n\n<h3>Actualizaci\u00f3n de la cuenta de HitFile<\/h3>\n\n\n\n<p>Los usuarios deben seguir los pasos que se indican a continuaci\u00f3n para actualizar la cuenta de los usuarios a la cuenta premium.<\/p>\n\n\n<a class=\"maxbutton-2 maxbutton maxbutton-cta\" target=\"_blank\" rel=\"nofollow noopener\" href=\"\/go\/\"><span class='mb-text'>&gt;&gt; Ir a la p\u00e1gina web original de Linkifier<\/span><\/a>\n\n\n<p><\/p>\n\n\n\n<ol><li>Los usuarios deben elegir primero qu\u00e9 tipo de membres\u00eda quieren o necesitan.<\/li><li> Luego, los usuarios deben elegir uno de los m\u00e9todos de pago para pagar la Cuenta Premium.<\/li><li> Los usuarios siempre deber\u00edan necesitar comprobar la \u00abprotecci\u00f3n https\u00bb para habilitar la seguridad al descargar un archivo o archivos.<\/li><li> Los usuarios pueden marcar la casilla de verificaci\u00f3n para la suscripci\u00f3n a HitFile, pero son libres de no elegir la suscripci\u00f3n.<\/li><li> Introduzca una direcci\u00f3n de correo electr\u00f3nico. Esto es necesario para recibir la cuenta premium, los c\u00f3digos premium y las actualizaciones sobre las caracter\u00edsticas, servicios y cuentas (si est\u00e1n suscritas).<\/li><li> Luego, haga clic en el bot\u00f3n \u00abPagar ahora\u00bb para enviar los detalles ingresados y pagar por la cuenta premium elegida.<\/li><li> Si los usuarios ya tienen el c\u00f3digo de la cuenta premium, entonces deben introducirlo en el campo donde se debe introducir el c\u00f3digo de la cuenta premium para activar todas las caracter\u00edsticas y servicios premium.<\/li><\/ol>\n\n\n\n<figure class=\"wp-block-table\"><table class=\"\"><tbody><tr><td>\u2714 \u2714 \u2714 Recuerde que los usuarios deben leer primero los T\u00e9rminos de Uso de HitFile para saber c\u00f3mo usar las caracter\u00edsticas y los servicios del sitio correctamente y tambi\u00e9n para evitar cualquier tipo de abuso sobre HitFile.<\/td><\/tr><\/tbody><\/table><\/figure>\n\n\n\n<h3>Pagar la cuenta Premium de HitFile<\/h3>\n\n\n\n<p>Los usuarios pueden pagar el tipo de membres\u00eda que elijan para la cuenta premium de HitFile a trav\u00e9s de varios m\u00e9todos de pago. <\/p>\n\n\n\n<p>M\u00e9todos de pago apoyados de HitFile:<\/p>\n\n\n\n<ul><li>Visa,<\/li><li> MasterCard,<\/li><li> PayPal,<\/li><li> PaysafeCard,<\/li><li> Bitcoins, Litecoins, u otras criptodivisas<\/li><li> Sofort bancario,<\/li><li> iDeal,<\/li><li> Bancontact, y<\/li><li> Los distribuidores autorizados<\/li><\/ul>\n\n\n\n<p>Los usuarios no tienen que preocuparse por su pago y los detalles del mismo porque los datos del sitio est\u00e1n todos encriptados y 100% seguros.<\/p>\n\n\n\n<h3>Cuenta Premium de HitFile: Activarla!<\/h3>\n\n\n\n<p>Los usuarios necesitan un c\u00f3digo de bono para activar su cuenta premium para usar y acceder a todas las caracter\u00edsticas y servicios del producto. Pueden comprar el c\u00f3digo del vale a los revendedores de HitFile. Para activarlo, los usuarios deben realizar los siguientes procedimientos.<\/p>\n\n\n\n<ol><li>Los usuarios tienen que comprar primero un c\u00f3digo de bono de los revendedores. El c\u00f3digo del vale que los usuarios han comprado para la cuenta premium de HitFile ser\u00e1 entregado r\u00e1pidamente a su direcci\u00f3n de correo electr\u00f3nico.<\/li><li> Luego, deben ir al sitio de HitFile para ingresar a su cuenta (direcci\u00f3n de correo electr\u00f3nico y contrase\u00f1a) en la p\u00e1gina de ingreso. Si a\u00fan no est\u00e1n registrados, deben ir primero a la p\u00e1gina de registro ubicada en el sitio de HitFile. Los usuarios siempre deben asegurarse de que est\u00e1n registrados en el sitio.<\/li><li> Luego, los usuarios deben ir a la p\u00e1gina Premium del sitio de HitFile y encontrar el campo para el c\u00f3digo premium para introducir el c\u00f3digo del vale all\u00ed.<\/li><li> Ingrese el c\u00f3digo del vale, luego haga clic en el bot\u00f3n \u00abActivar un c\u00f3digo premium\u00bb para activar la cuenta premium comprada.<\/li><\/ol>\n\n\n\n<figure class=\"wp-block-table\"><table class=\"\"><tbody><tr><td>ERROR: \u00abDemasiados intentos para este c\u00f3digo de acceso\u00bb<\/td><\/tr><tr><td>Los usuarios premium s\u00f3lo pueden acceder al sitio hasta cuarenta (40) veces al d\u00eda, pero una vez que han activado con \u00e9xito su cuenta premium, el sitio web recuerda a los usuarios y no vuelve a pedirles un c\u00f3digo de acceso.<\/td><\/tr><\/tbody><\/table><\/figure>\n\n\n\n<h2>El programa de revendedores de HitFile<\/h2>\n\n\n\n<p>Los usuarios pueden participar en el Programa de Revendedores de HitFile. HitFile permite revendedores para lugares locales e internacionales. Los usuarios que quieran participar deben tener sus sitios web que tengan un sistema de pagos porque es uno de los primeros requisitos para este programa.<\/p>\n\n\n\n<p>Por ahora, no apoyan el dep\u00f3sito inicial para la compra de los c\u00f3digos de primas.<\/p>\n\n\n\n<p>Para que los usuarios soliciten el programa de revendedores, deben llenar el formulario de referencia. Luego, la solicitud de los usuarios ser\u00e1 revisada y revisada dentro de cinco (5) d\u00edas h\u00e1biles a partir del d\u00eda en que presentaron su solicitud. HitFile enviar\u00e1 un mensaje a las direcciones de correo electr\u00f3nico de los usuarios para notificarles que su solicitud o su solicitud para ser un revendedor autorizado de HitFile ha sido aprobada.<\/p>\n\n\n\n<p>Revendedores HitFile &#8211; Tabla de comisiones<\/p>\n\n\n\n<figure class=\"wp-block-table\"><table class=\"\"><tbody><tr><td>Volumen de ventas<\/td><td>Tasa de descuento para el producto<\/td><\/tr><tr><td>mayor o igual a 100.00 USD<\/td><td>20%<\/td><\/tr><tr><td>mayor o igual a 500.00 USD<\/td><td>22.5%<\/td><\/tr><tr><td>mayor o igual a 1.000,00 USD<\/td><td>25%<\/td><\/tr><tr><td>mayor o igual a 2.500,00 USD<\/td><td>27.5%<\/td><\/tr><tr><td>mayor o igual a 5.000,00 USD<\/td><td>30%<\/td><\/tr><tr><td>mayor o igual a 12.000,00 USD<\/td><td>32.5%<\/td><\/tr><tr><td>mayor o igual a 25.000,00 USD<\/td><td>35%<\/td><\/tr><tr><td>mayor o igual a 50.000,00 USD<\/td><td>37.5%<\/td><\/tr><tr><td>mayor o igual a 100.000,00 USD<\/td><td>40%<\/td><\/tr><\/tbody><\/table><\/figure>\n\n\n\n<h2>Abrir un billete<\/h2>\n\n\n\n<p>Un ticket se utiliza para plantear las preguntas y preocupaciones de un usuario. Los usuarios pueden abrir un ticket en la p\u00e1gina de \u00abMi conversaci\u00f3n\u00bb. En esa p\u00e1gina, tambi\u00e9n pueden encontrar sus tickets existentes. Tambi\u00e9n pueden llegar a HitFile a trav\u00e9s de skype, correo electr\u00f3nico o a trav\u00e9s del ticket.<\/p>\n\n\n<a class=\"maxbutton-2 maxbutton maxbutton-cta\" target=\"_blank\" rel=\"nofollow noopener\" href=\"\/go\/\"><span class='mb-text'>&gt;&gt; Ir a la p\u00e1gina web original de Linkifier<\/span><\/a>\n\n\n<p><\/p>\n","protected":false},"excerpt":{"rendered":"<p>HitFile es un hoster de archivos que puede utilizarse para subir, descargar, compartir y almacenar archivos de los usuarios. C\u00f3mo<\/p>\n","protected":false},"author":2,"featured_media":0,"parent":0,"menu_order":0,"comment_status":"closed","ping_status":"closed","template":"","meta":[],"yoast_head":"<!-- This site is optimized with the Yoast SEO plugin v18.3 - https:\/\/yoast.com\/wordpress\/plugins\/seo\/ -->\n<title>HitFile Premium Cuenta: El Filehoster De Un Vistazo<\/title>\n<meta name=\"description\" content=\"\u00bfEs HitFile un proveedor de buena reputaci\u00f3n o no, puede encontrar la respuesta en la prueba actual en Multihoster.org \u279c Haga clic ahora \u271a para leer nuestras experiencias!\" \/>\n<meta name=\"robots\" content=\"index, follow, max-snippet:-1, max-image-preview:large, max-video-preview:-1\" \/>\n<link rel=\"canonical\" href=\"https:\/\/multihoster.org\/es\/hitfile\/\" \/>\n<meta property=\"og:locale\" content=\"es_ES\" \/>\n<meta property=\"og:type\" content=\"article\" \/>\n<meta property=\"og:title\" content=\"HitFile Premium Cuenta: El Filehoster De Un Vistazo\" \/>\n<meta property=\"og:description\" content=\"\u00bfEs HitFile un proveedor de buena reputaci\u00f3n o no, puede encontrar la respuesta en la prueba actual en Multihoster.org \u279c Haga clic ahora \u271a para leer nuestras experiencias!\" \/>\n<meta property=\"og:url\" content=\"https:\/\/multihoster.org\/es\/hitfile\/\" \/>\n<meta property=\"og:site_name\" content=\"Multihoster.org\" \/>\n<meta property=\"article:modified_time\" content=\"2020-04-21T16:02:59+00:00\" \/>\n<meta property=\"og:image\" content=\"https:\/\/lh5.googleusercontent.com\/psmArbJyOPQToAelAKReR6w8u_TN38n6-JFWYyeR1bVafnTkFlUTCWWFlurqKCkVG33WWByZVLtepWod6-ShScUoA11NeZzvEeRpH7vEPv4eaIjOFudHCCRg7SlfX6GUpFPDHKE\" \/>\n<meta name=\"twitter:card\" content=\"summary\" \/>\n<meta name=\"twitter:label1\" content=\"Tiempo de lectura\" \/>\n\t<meta name=\"twitter:data1\" content=\"8 minutos\" \/>\n<script type=\"application\/ld+json\" class=\"yoast-schema-graph\">{\"@context\":\"https:\/\/schema.org\",\"@graph\":[{\"@type\":\"WebSite\",\"@id\":\"https:\/\/multihoster.org\/#website\",\"url\":\"https:\/\/multihoster.org\/\",\"name\":\"Multihoster.org\",\"description\":\"Reviews of the major Filehosting services\",\"potentialAction\":[{\"@type\":\"SearchAction\",\"target\":{\"@type\":\"EntryPoint\",\"urlTemplate\":\"https:\/\/multihoster.org\/?s={search_term_string}\"},\"query-input\":\"required name=search_term_string\"}],\"inLanguage\":\"es\"},{\"@type\":\"ImageObject\",\"@id\":\"https:\/\/multihoster.org\/es\/hitfile\/#primaryimage\",\"inLanguage\":\"es\",\"url\":\"https:\/\/lh5.googleusercontent.com\/psmArbJyOPQToAelAKReR6w8u_TN38n6-JFWYyeR1bVafnTkFlUTCWWFlurqKCkVG33WWByZVLtepWod6-ShScUoA11NeZzvEeRpH7vEPv4eaIjOFudHCCRg7SlfX6GUpFPDHKE\",\"contentUrl\":\"https:\/\/lh5.googleusercontent.com\/psmArbJyOPQToAelAKReR6w8u_TN38n6-JFWYyeR1bVafnTkFlUTCWWFlurqKCkVG33WWByZVLtepWod6-ShScUoA11NeZzvEeRpH7vEPv4eaIjOFudHCCRg7SlfX6GUpFPDHKE\"},{\"@type\":\"WebPage\",\"@id\":\"https:\/\/multihoster.org\/es\/hitfile\/#webpage\",\"url\":\"https:\/\/multihoster.org\/es\/hitfile\/\",\"name\":\"HitFile Premium Cuenta: El Filehoster De Un Vistazo\",\"isPartOf\":{\"@id\":\"https:\/\/multihoster.org\/#website\"},\"primaryImageOfPage\":{\"@id\":\"https:\/\/multihoster.org\/es\/hitfile\/#primaryimage\"},\"datePublished\":\"2020-04-21T13:38:55+00:00\",\"dateModified\":\"2020-04-21T16:02:59+00:00\",\"description\":\"\u00bfEs HitFile un proveedor de buena reputaci\u00f3n o no, puede encontrar la respuesta en la prueba actual en Multihoster.org \u279c Haga clic ahora \u271a para leer nuestras experiencias!\",\"breadcrumb\":{\"@id\":\"https:\/\/multihoster.org\/es\/hitfile\/#breadcrumb\"},\"inLanguage\":\"es\",\"potentialAction\":[{\"@type\":\"ReadAction\",\"target\":[\"https:\/\/multihoster.org\/es\/hitfile\/\"]}]},{\"@type\":\"BreadcrumbList\",\"@id\":\"https:\/\/multihoster.org\/es\/hitfile\/#breadcrumb\",\"itemListElement\":[{\"@type\":\"ListItem\",\"position\":1,\"name\":\"Startseite\",\"item\":\"https:\/\/multihoster.org\/es\/\"},{\"@type\":\"ListItem\",\"position\":2,\"name\":\"HitFile Premium Cuenta: El Filehoster De Un Vistazo\"}]}]}<\/script>\n<!-- \/ Yoast SEO plugin. -->","yoast_head_json":{"title":"HitFile Premium Cuenta: El Filehoster De Un Vistazo","description":"\u00bfEs HitFile un proveedor de buena reputaci\u00f3n o no, puede encontrar la respuesta en la prueba actual en Multihoster.org \u279c Haga clic ahora \u271a para leer nuestras experiencias!","robots":{"index":"index","follow":"follow","max-snippet":"max-snippet:-1","max-image-preview":"max-image-preview:large","max-video-preview":"max-video-preview:-1"},"canonical":"https:\/\/multihoster.org\/es\/hitfile\/","og_locale":"es_ES","og_type":"article","og_title":"HitFile Premium Cuenta: El Filehoster De Un Vistazo","og_description":"\u00bfEs HitFile un proveedor de buena reputaci\u00f3n o no, puede encontrar la respuesta en la prueba actual en Multihoster.org \u279c Haga clic ahora \u271a para leer nuestras experiencias!","og_url":"https:\/\/multihoster.org\/es\/hitfile\/","og_site_name":"Multihoster.org","article_modified_time":"2020-04-21T16:02:59+00:00","og_image":[{"url":"https:\/\/lh5.googleusercontent.com\/psmArbJyOPQToAelAKReR6w8u_TN38n6-JFWYyeR1bVafnTkFlUTCWWFlurqKCkVG33WWByZVLtepWod6-ShScUoA11NeZzvEeRpH7vEPv4eaIjOFudHCCRg7SlfX6GUpFPDHKE"}],"twitter_card":"summary","twitter_misc":{"Tiempo de lectura":"8 minutos"},"schema":{"@context":"https:\/\/schema.org","@graph":[{"@type":"WebSite","@id":"https:\/\/multihoster.org\/#website","url":"https:\/\/multihoster.org\/","name":"Multihoster.org","description":"Reviews of the major Filehosting services","potentialAction":[{"@type":"SearchAction","target":{"@type":"EntryPoint","urlTemplate":"https:\/\/multihoster.org\/?s={search_term_string}"},"query-input":"required name=search_term_string"}],"inLanguage":"es"},{"@type":"ImageObject","@id":"https:\/\/multihoster.org\/es\/hitfile\/#primaryimage","inLanguage":"es","url":"https:\/\/lh5.googleusercontent.com\/psmArbJyOPQToAelAKReR6w8u_TN38n6-JFWYyeR1bVafnTkFlUTCWWFlurqKCkVG33WWByZVLtepWod6-ShScUoA11NeZzvEeRpH7vEPv4eaIjOFudHCCRg7SlfX6GUpFPDHKE","contentUrl":"https:\/\/lh5.googleusercontent.com\/psmArbJyOPQToAelAKReR6w8u_TN38n6-JFWYyeR1bVafnTkFlUTCWWFlurqKCkVG33WWByZVLtepWod6-ShScUoA11NeZzvEeRpH7vEPv4eaIjOFudHCCRg7SlfX6GUpFPDHKE"},{"@type":"WebPage","@id":"https:\/\/multihoster.org\/es\/hitfile\/#webpage","url":"https:\/\/multihoster.org\/es\/hitfile\/","name":"HitFile Premium Cuenta: El Filehoster De Un Vistazo","isPartOf":{"@id":"https:\/\/multihoster.org\/#website"},"primaryImageOfPage":{"@id":"https:\/\/multihoster.org\/es\/hitfile\/#primaryimage"},"datePublished":"2020-04-21T13:38:55+00:00","dateModified":"2020-04-21T16:02:59+00:00","description":"\u00bfEs HitFile un proveedor de buena reputaci\u00f3n o no, puede encontrar la respuesta en la prueba actual en Multihoster.org \u279c Haga clic ahora \u271a para leer nuestras experiencias!","breadcrumb":{"@id":"https:\/\/multihoster.org\/es\/hitfile\/#breadcrumb"},"inLanguage":"es","potentialAction":[{"@type":"ReadAction","target":["https:\/\/multihoster.org\/es\/hitfile\/"]}]},{"@type":"BreadcrumbList","@id":"https:\/\/multihoster.org\/es\/hitfile\/#breadcrumb","itemListElement":[{"@type":"ListItem","position":1,"name":"Startseite","item":"https:\/\/multihoster.org\/es\/"},{"@type":"ListItem","position":2,"name":"HitFile Premium Cuenta: El Filehoster De Un Vistazo"}]}]}},"_links":{"self":[{"href":"https:\/\/multihoster.org\/es\/wp-json\/wp\/v2\/pages\/4153"}],"collection":[{"href":"https:\/\/multihoster.org\/es\/wp-json\/wp\/v2\/pages"}],"about":[{"href":"https:\/\/multihoster.org\/es\/wp-json\/wp\/v2\/types\/page"}],"author":[{"embeddable":true,"href":"https:\/\/multihoster.org\/es\/wp-json\/wp\/v2\/users\/2"}],"replies":[{"embeddable":true,"href":"https:\/\/multihoster.org\/es\/wp-json\/wp\/v2\/comments?post=4153"}],"version-history":[{"count":1,"href":"https:\/\/multihoster.org\/es\/wp-json\/wp\/v2\/pages\/4153\/revisions"}],"predecessor-version":[{"id":4178,"href":"https:\/\/multihoster.org\/es\/wp-json\/wp\/v2\/pages\/4153\/revisions\/4178"}],"wp:attachment":[{"href":"https:\/\/multihoster.org\/es\/wp-json\/wp\/v2\/media?parent=4153"}],"curies":[{"name":"wp","href":"https:\/\/api.w.org\/{rel}","templated":true}]}}